{"id":80593,"date":"2022-11-22T07:33:08","date_gmt":"2022-11-22T06:33:08","guid":{"rendered":"https:\/\/onlinelotto365.com\/?page_id=80593"},"modified":"2022-11-22T07:33:08","modified_gmt":"2022-11-22T06:33:08","slug":"mon-wed-lotto","status":"publish","type":"page","link":"https:\/\/onlinelotto365.com\/et\/pileteid-ostma\/mon-wed-lotto\/","title":{"rendered":"Kuidas osta Mon &#038; Wed Lotto Austraalia pileteid internetis"},"content":{"rendered":"<p>Oleme kirjutanud v\u00e4lja erinevad sammud, mida peate j\u00e4rgima, kui soovite osta Mon &amp; Wed Lotto Austraalia pileteid meie veebisaidilt. See on lihtne ja kerge ning kui te need sammud l\u00e4bi teete, on teie piletid kiiresti valmis.<br \/>\n<a href=\"https:\/\/redfoxlotto.com\/play\/monday-wednesday-lotto-au\/?ref=a8564250a2&amp;medium=ol365\" target=\"_blank\" rel=\"noopener noreferrer\"><img decoding=\"async\" class=\"aligncenter\" src=\"https:\/\/redfoxlotto.com\/image?size=8&amp;lottery=monday-wednesday-lotto-au\" alt=\" Mon &amp; Wed Lotto Austraalia\" \/><\/a><\/p>\n<ul>\n<li>Minge selle loterii lehele, mida soovite m\u00e4ngida, ja valige v\u00e4lja numbrid, mida kavatsete igal piletil m\u00e4ngida.<\/li>\n<li>Lisa nii palju pileteid selle v\u00f5i m\u00f5ne muu m\u00e4ngu jaoks, kui soovid luua oma tellimuse<\/li>\n<li>Vali v\u00f5imalus maksta kohe<\/li>\n<li>Logige sisse oma praegusesse kontosse v\u00f5i tehke uue konto loomine ja registreerimine.<\/li>\n<li>Mine oma e-kirjale, et saada kinnituslink konto registreerimiseks ja ostu sooritamiseks<\/li>\n<li>Kontrollige oma r\u00e4mpsposti kausta, et n\u00e4ha, kas e-kiri on kogemata sinna saadetud, kui te seda oma postkastis ei n\u00e4e<\/li>\n<li>Minge l\u00e4bi ostukorvi kassaprotsessi<\/li>\n<li>Valige makseviis, mida soovite kasutada, ja j\u00e4rgige juhiseid makse sooritamiseks.<\/li>\n<\/ul>\n<h2>Kuidas maksta oma Mon &amp; Wed Lotto Australia pileti eest internetis<\/h2>\n<p>Makse tegemiseks on teil mitu erinevat t\u00e4iesti turvalist v\u00f5imalust. K\u00f5ik, mida peate tegema, on vaadata siia ja n\u00e4ha, millised neist v\u00f5imalustest on.<br \/>\nHankige oma piletid, valides \u00fche kahest v\u00f5imalusest:<\/p>\n<p>Makske otse valitud makseviisiga<br \/>\nLisa raha m\u00e4ngukontole ja kasuta seda kontot piletite ostmiseks<\/p>\n<p>\u00c4ra tee seda viga, et paned piletite eest tasumiseks liiga v\u00e4he raha oma kontole. Sul on vaja veidi rohkem kui sinu ostukorvis olev summa.<\/p>\n<h2>Rohkem infot Mon &amp; Wed Lotto Austraalia kohta<\/h2>\n<ul>\n<li>Riik: Austraalia<\/li>\n<li>Peamised numbrid vahemikus: 45<\/li>\n<li>Teie valik: 6<\/li>\n<li>Loosimise p\u00e4evad, tunnid: Esmasp\u00e4ev, kolmap\u00e4ev, 21:30 GMT+11, 10:30 CET<\/li>\n<li>Minimaalne jackpot: AU$ 2,5 miljonit<\/li>\n<li>Maksimaalne jackpot: fikseeritud jackpot<\/li>\n<li>T\u00f5en\u00e4osus v\u00f5ita jackpot: 1:8145060<\/li>\n<li>T\u00f5en\u00e4osus 2: 1:678755<\/li>\n<li>T\u00f5en\u00e4osus v\u00f5ita \u00fcksk\u00f5ik millisel tasemel: 1:85,44<\/li>\n<li>Auhinnaklasside arv: 6<\/li>\n<\/ul>\n<h2>Mon &amp; Wed Lotto Austraalia piletite ostmise eelised internetis<\/h2>\n<ul>\n<li>Hankige lotopiletid kodust, ilma et peaksite muretsema v\u00e4ljas k\u00e4imise p\u00e4rast<\/li>\n<li>Valige k\u00f5igi oma lemmikpiletite hulgast ja veel m\u00f5nda muudki<\/li>\n<li>Saate paremad koefitsiendid, valides k\u00f5rgeima jackpoti summaga m\u00e4nge<\/li>\n<li>Kasutage oma kontoj\u00e4\u00e4ki piletite ostmiseks raha sissemakseid tehes<\/li>\n<li>J\u00e4lgige oma pileteid online-konto kaudu<\/li>\n<li>Saate teateid, kui teil on v\u00f5itnud pilet<\/li>\n<li>Kasutage juhusliku numbri generaatorit, et valida pileteid enda jaoks v\u00e4lja<\/li>\n<\/ul>\n<h2>Kas Mon &amp; Wed Lotto Austraalia piletite ostmine internetis on seaduslik?<\/h2>\n<p><img loading=\"lazy\" decoding=\"async\" class=\"alignright wp-image-3685\" src=\"https:\/\/onlinelotto365.com\/wp-content\/uploads\/2020\/11\/online_lottery-4-300x192.jpeg\" alt=\"mon wed loto austraalia online\" width=\"255\" height=\"163\" srcset=\"https:\/\/onlinelotto365.com\/wp-content\/uploads\/2020\/11\/online_lottery-4-300x192.jpeg 300w, https:\/\/onlinelotto365.com\/wp-content\/uploads\/2020\/11\/online_lottery-4-600x383.jpeg 600w, https:\/\/onlinelotto365.com\/wp-content\/uploads\/2020\/11\/online_lottery-4.jpeg 751w\" sizes=\"auto, (max-width: 255px) 100vw, 255px\" \/><br \/>\nPaljud inimesed muretsevad, et piletite ostmine internetist on ebaseaduslik v\u00f5i et nende kodumaal v\u00f5ib piletite ostmine traditsioonilisel viisil olla ebaseaduslik. Noh, me hoolitseme selle eest, et j\u00e4rgitaks k\u00f5iki selle riigi eeskirju, kust loterii ise p\u00e4rineb. Me hoolitseme selle eest, et sa saaksid ka oma lotov\u00f5idud k\u00e4tte. Olenemata sellest, kas v\u00f5idate v\u00e4ikese v\u00f5i suure auhinna, aitame teil saada seda, mida otsite ja millele teil on \u00f5igus.<br \/>\nK\u00f5ik meie veebilehe kasutajad peavad olema v\u00e4hemalt 18-aastased.<\/p>\n<h2>Kuidas ma saan raha, kui ma v\u00f5in Mon &amp; Wed Lotto Australia v\u00f5rgus v\u00f5ita?<\/h2>\n<p>V\u00f5itude j\u00f5udmine meie klientideni on k\u00f5ige olulisem osa protsessist ja me teeme seda, tagades, et komisjonitasud puuduvad. Te ei pea muretsema, et me v\u00f5tame teie v\u00f5idust midagi maha, kui te ei soovi teha panga\u00fclekannet.<br \/>\nSee makseviis, eriti kui seda tehakse rahvusvahelise tehinguna, v\u00f5ib meile maksma minna, kui pank v\u00f5tab tasu. Kui see juhtub, siis v\u00f5ib see kulu kanduda sinu peale ja v\u00f5etakse sinu v\u00f5idust maha.<br \/>\nMaksete tegemiseks on kaks erinevat v\u00f5imalust.<\/p>\n<ul>\n<li>Maksed, mis j\u00e4\u00e4vad alla 2500 euro, tehakse ilma sinu panuseta. Meie meeskond hoolitseb selle eest, et raha kantakse otse teie kontole.<\/li>\n<li>V\u00f5idusummasid, mis on suuremad kui 2500 eurot, t\u00f6\u00f6deldakse teistmoodi. Neid summasid tuleb t\u00f6\u00f6delda loteriikomisjoniga ja see t\u00e4hendab, et me vajame t\u00e4idetud taotlusvormi. Me saadame selle vormi sulle ja k\u00f5ik, mida sa pead tegema, on selle t\u00e4itmine ja meile teatamine, kas soovid raha \u00fclekandega v\u00f5i t\u0161ekiga.<\/li>\n<\/ul>\n","protected":false},"excerpt":{"rendered":"<p>Oleme kirjutanud v\u00e4lja erinevad sammud, mida peate j\u00e4rgima, kui soovite osta Mon &amp; Wed Lotto Austraalia pileteid meie veebisaidilt. See on lihtne ja kerge ning kui te need sammud l\u00e4bi teete, on teie piletid kiiresti valmis. Minge selle loterii lehele, mida soovite m\u00e4ngida, ja valige v\u00e4lja numbrid, mida kavatsete igal piletil m\u00e4ngida. Lisa nii palju [&hellip;]<\/p>\n","protected":false},"author":1,"featured_media":0,"parent":5573,"menu_order":16,"comment_status":"closed","ping_status":"closed","template":"template-rightsidebar.php","meta":{"_et_pb_use_builder":"","_et_pb_old_content":"","_et_gb_content_width":"","exclude_from_search":false,"footnotes":""},"class_list":["post-80593","page","type-page","status-publish","hentry"],"yoast_head":"<!-- This site is optimized with the Yoast SEO plugin v23.4 - https:\/\/yoast.com\/wordpress\/plugins\/seo\/ -->\n<title>Mon &amp; Wed Lotto Austraalia pileti ostmine internetis<\/title>\n<meta name=\"description\" content=\"\u00dcksk\u00f5ik, kus sa elad ja n\u00fc\u00fcd ei ole t\u00e4htis, mida sa otsid, saad Mon &amp; Wed Lotto Austraalia pileteid osta siit!\" \/>\n<meta name=\"robots\" content=\"index, follow, max-snippet:-1, max-image-preview:large, max-video-preview:-1\" \/>\n<link rel=\"canonical\" href=\"https:\/\/onlinelotto365.com\/et\/pileteid-ostma\/mon-wed-lotto\/\" \/>\n<meta property=\"og:locale\" content=\"et_EE\" \/>\n<meta property=\"og:type\" content=\"article\" \/>\n<meta property=\"og:title\" content=\"Mon &amp; Wed Lotto Austraalia pileti ostmine internetis\" \/>\n<meta property=\"og:description\" content=\"\u00dcksk\u00f5ik, kus sa elad ja n\u00fc\u00fcd ei ole t\u00e4htis, mida sa otsid, saad Mon &amp; Wed Lotto Austraalia pileteid osta siit!\" \/>\n<meta property=\"og:url\" content=\"https:\/\/onlinelotto365.com\/et\/pileteid-ostma\/mon-wed-lotto\/\" \/>\n<meta property=\"og:site_name\" content=\"OnlineLotto365\" \/>\n<meta property=\"og:image\" content=\"https:\/\/redfoxlotto.com\/image?size=8&amp;lottery=monday-wednesday-lotto-au\" \/>\n<meta name=\"twitter:card\" content=\"summary_large_image\" \/>\n<meta name=\"twitter:label1\" content=\"Est. reading time\" \/>\n\t<meta name=\"twitter:data1\" content=\"3 minutit\" \/>\n<script type=\"application\/ld+json\" class=\"yoast-schema-graph\">{\"@context\":\"https:\/\/schema.org\",\"@graph\":[{\"@type\":\"WebPage\",\"@id\":\"https:\/\/onlinelotto365.com\/et\/pileteid-ostma\/mon-wed-lotto\/\",\"url\":\"https:\/\/onlinelotto365.com\/et\/pileteid-ostma\/mon-wed-lotto\/\",\"name\":\"Mon & Wed Lotto Austraalia pileti ostmine internetis\",\"isPartOf\":{\"@id\":\"https:\/\/onlinelotto365.com\/et\/#website\"},\"primaryImageOfPage\":{\"@id\":\"https:\/\/onlinelotto365.com\/et\/pileteid-ostma\/mon-wed-lotto\/#primaryimage\"},\"image\":{\"@id\":\"https:\/\/onlinelotto365.com\/et\/pileteid-ostma\/mon-wed-lotto\/#primaryimage\"},\"thumbnailUrl\":\"https:\/\/redfoxlotto.com\/image?size=8&amp;lottery=monday-wednesday-lotto-au\",\"datePublished\":\"2022-11-22T06:33:08+00:00\",\"dateModified\":\"2022-11-22T06:33:08+00:00\",\"description\":\"\u00dcksk\u00f5ik, kus sa elad ja n\u00fc\u00fcd ei ole t\u00e4htis, mida sa otsid, saad Mon & Wed Lotto Austraalia pileteid osta siit!\",\"breadcrumb\":{\"@id\":\"https:\/\/onlinelotto365.com\/et\/pileteid-ostma\/mon-wed-lotto\/#breadcrumb\"},\"inLanguage\":\"et\",\"potentialAction\":[{\"@type\":\"ReadAction\",\"target\":[\"https:\/\/onlinelotto365.com\/et\/pileteid-ostma\/mon-wed-lotto\/\"]}]},{\"@type\":\"ImageObject\",\"inLanguage\":\"et\",\"@id\":\"https:\/\/onlinelotto365.com\/et\/pileteid-ostma\/mon-wed-lotto\/#primaryimage\",\"url\":\"https:\/\/redfoxlotto.com\/image?size=8&amp;lottery=monday-wednesday-lotto-au\",\"contentUrl\":\"https:\/\/redfoxlotto.com\/image?size=8&amp;lottery=monday-wednesday-lotto-au\"},{\"@type\":\"BreadcrumbList\",\"@id\":\"https:\/\/onlinelotto365.com\/et\/pileteid-ostma\/mon-wed-lotto\/#breadcrumb\",\"itemListElement\":[{\"@type\":\"ListItem\",\"position\":1,\"name\":\"Home\",\"item\":\"https:\/\/onlinelotto365.com\/et\/\"},{\"@type\":\"ListItem\",\"position\":2,\"name\":\"Osta Loto Pileteid Internetis\",\"item\":\"https:\/\/onlinelotto365.com\/et\/pileteid-ostma\/\"},{\"@type\":\"ListItem\",\"position\":3,\"name\":\"Kuidas osta Mon &#038; Wed Lotto Austraalia pileteid internetis\"}]},{\"@type\":\"WebSite\",\"@id\":\"https:\/\/onlinelotto365.com\/et\/#website\",\"url\":\"https:\/\/onlinelotto365.com\/et\/\",\"name\":\"OnlineLotto365\",\"description\":\"\",\"potentialAction\":[{\"@type\":\"SearchAction\",\"target\":{\"@type\":\"EntryPoint\",\"urlTemplate\":\"https:\/\/onlinelotto365.com\/et\/?s={search_term_string}\"},\"query-input\":{\"@type\":\"PropertyValueSpecification\",\"valueRequired\":true,\"valueName\":\"search_term_string\"}}],\"inLanguage\":\"et\"}]}<\/script>\n<!-- \/ Yoast SEO plugin. -->","yoast_head_json":{"title":"Mon & Wed Lotto Austraalia pileti ostmine internetis","description":"\u00dcksk\u00f5ik, kus sa elad ja n\u00fc\u00fcd ei ole t\u00e4htis, mida sa otsid, saad Mon & Wed Lotto Austraalia pileteid osta siit!","robots":{"index":"index","follow":"follow","max-snippet":"max-snippet:-1","max-image-preview":"max-image-preview:large","max-video-preview":"max-video-preview:-1"},"canonical":"https:\/\/onlinelotto365.com\/et\/pileteid-ostma\/mon-wed-lotto\/","og_locale":"et_EE","og_type":"article","og_title":"Mon & Wed Lotto Austraalia pileti ostmine internetis","og_description":"\u00dcksk\u00f5ik, kus sa elad ja n\u00fc\u00fcd ei ole t\u00e4htis, mida sa otsid, saad Mon & Wed Lotto Austraalia pileteid osta siit!","og_url":"https:\/\/onlinelotto365.com\/et\/pileteid-ostma\/mon-wed-lotto\/","og_site_name":"OnlineLotto365","og_image":[{"url":"https:\/\/redfoxlotto.com\/image?size=8&amp;lottery=monday-wednesday-lotto-au"}],"twitter_card":"summary_large_image","twitter_misc":{"Est. reading time":"3 minutit"},"schema":{"@context":"https:\/\/schema.org","@graph":[{"@type":"WebPage","@id":"https:\/\/onlinelotto365.com\/et\/pileteid-ostma\/mon-wed-lotto\/","url":"https:\/\/onlinelotto365.com\/et\/pileteid-ostma\/mon-wed-lotto\/","name":"Mon & Wed Lotto Austraalia pileti ostmine internetis","isPartOf":{"@id":"https:\/\/onlinelotto365.com\/et\/#website"},"primaryImageOfPage":{"@id":"https:\/\/onlinelotto365.com\/et\/pileteid-ostma\/mon-wed-lotto\/#primaryimage"},"image":{"@id":"https:\/\/onlinelotto365.com\/et\/pileteid-ostma\/mon-wed-lotto\/#primaryimage"},"thumbnailUrl":"https:\/\/redfoxlotto.com\/image?size=8&amp;lottery=monday-wednesday-lotto-au","datePublished":"2022-11-22T06:33:08+00:00","dateModified":"2022-11-22T06:33:08+00:00","description":"\u00dcksk\u00f5ik, kus sa elad ja n\u00fc\u00fcd ei ole t\u00e4htis, mida sa otsid, saad Mon & Wed Lotto Austraalia pileteid osta siit!","breadcrumb":{"@id":"https:\/\/onlinelotto365.com\/et\/pileteid-ostma\/mon-wed-lotto\/#breadcrumb"},"inLanguage":"et","potentialAction":[{"@type":"ReadAction","target":["https:\/\/onlinelotto365.com\/et\/pileteid-ostma\/mon-wed-lotto\/"]}]},{"@type":"ImageObject","inLanguage":"et","@id":"https:\/\/onlinelotto365.com\/et\/pileteid-ostma\/mon-wed-lotto\/#primaryimage","url":"https:\/\/redfoxlotto.com\/image?size=8&amp;lottery=monday-wednesday-lotto-au","contentUrl":"https:\/\/redfoxlotto.com\/image?size=8&amp;lottery=monday-wednesday-lotto-au"},{"@type":"BreadcrumbList","@id":"https:\/\/onlinelotto365.com\/et\/pileteid-ostma\/mon-wed-lotto\/#breadcrumb","itemListElement":[{"@type":"ListItem","position":1,"name":"Home","item":"https:\/\/onlinelotto365.com\/et\/"},{"@type":"ListItem","position":2,"name":"Osta Loto Pileteid Internetis","item":"https:\/\/onlinelotto365.com\/et\/pileteid-ostma\/"},{"@type":"ListItem","position":3,"name":"Kuidas osta Mon &#038; Wed Lotto Austraalia pileteid internetis"}]},{"@type":"WebSite","@id":"https:\/\/onlinelotto365.com\/et\/#website","url":"https:\/\/onlinelotto365.com\/et\/","name":"OnlineLotto365","description":"","potentialAction":[{"@type":"SearchAction","target":{"@type":"EntryPoint","urlTemplate":"https:\/\/onlinelotto365.com\/et\/?s={search_term_string}"},"query-input":{"@type":"PropertyValueSpecification","valueRequired":true,"valueName":"search_term_string"}}],"inLanguage":"et"}]}},"_links":{"self":[{"href":"https:\/\/onlinelotto365.com\/et\/wp-json\/wp\/v2\/pages\/80593","targetHints":{"allow":["GET"]}}],"collection":[{"href":"https:\/\/onlinelotto365.com\/et\/wp-json\/wp\/v2\/pages"}],"about":[{"href":"https:\/\/onlinelotto365.com\/et\/wp-json\/wp\/v2\/types\/page"}],"author":[{"embeddable":true,"href":"https:\/\/onlinelotto365.com\/et\/wp-json\/wp\/v2\/users\/1"}],"replies":[{"embeddable":true,"href":"https:\/\/onlinelotto365.com\/et\/wp-json\/wp\/v2\/comments?post=80593"}],"version-history":[{"count":0,"href":"https:\/\/onlinelotto365.com\/et\/wp-json\/wp\/v2\/pages\/80593\/revisions"}],"up":[{"embeddable":true,"href":"https:\/\/onlinelotto365.com\/et\/wp-json\/wp\/v2\/pages\/5573"}],"wp:attachment":[{"href":"https:\/\/onlinelotto365.com\/et\/wp-json\/wp\/v2\/media?parent=80593"}],"curies":[{"name":"wp","href":"https:\/\/api.w.org\/{rel}","templated":true}]}}