{"id":80639,"date":"2022-11-22T10:07:03","date_gmt":"2022-11-22T09:07:03","guid":{"rendered":"https:\/\/onlinelotto365.com\/?page_id=80639"},"modified":"2022-11-22T10:07:03","modified_gmt":"2022-11-22T09:07:03","slug":"euromillions","status":"publish","type":"page","link":"https:\/\/onlinelotto365.com\/et\/pileteid-ostma\/euromillions\/","title":{"rendered":"Kuidas osta Euromillions pileteid internetis"},"content":{"rendered":"<p>Kas soovite osta EuroMillions pileteid j\u00e4rgmiseks loosimiseks? Kas soovite oma pileteid t\u00e4ielikult internetis k\u00e4tte saada? Kas soovite m\u00e4ngida loteriid, mis ei ole Austraalias saadaval? No siis tahate l\u00e4hemalt tutvuda just siin, kus me vaatame l\u00e4bi k\u00f5ik sellega seotud sammud. Ja sinu \u00f5nneks on alustamine v\u00e4ga lihtne.<br \/>\n<a href=\"https:\/\/redfoxlotto.com\/play\/euromillions\/?ref=a8564250a2&amp;medium=ol365\" target=\"_blank\" rel=\"noopener noreferrer\"><img decoding=\"async\" class=\"aligncenter\" src=\"https:\/\/redfoxlotto.com\/image?size=8&amp;lottery=euromillions\" alt=\"euromillions\" \/><\/a><\/p>\n<ul>\n<li>Valige loterii, mida soovite m\u00e4ngida, ja valige numbrid, mida soovite m\u00e4ngida, v\u00f5i valige kiire valik, nii et arvuti valib need teie eest.<\/li>\n<li>Lisage veelgi rohkem loteriim\u00e4nge ja rohkem pileteid mis tahes m\u00e4ngude jaoks isegi v\u00e4ljaspool Austraaliat, nii et teie tellimus kajastab k\u00f5iki pileteid, mida soovite<\/li>\n<li>Valige valik &#8220;maksa kohe&#8221;.<\/li>\n<li>Looge ja registreerige oma konto v\u00f5i logige piletite ostmiseks sisse oma olemasolevasse liikmekontole.<\/li>\n<li>Nende jaoks, kes peavad end registreerima, kontrollige, kas teie e-kirjas on kontrolllink, et saaksite protsessi l\u00f5pule viia<\/li>\n<li>J\u00e4lgige oma r\u00e4mpsposti kausta, juhul kui e-kiri on kogemata sinna saadetud.<\/li>\n<li>Kontrollige oma e-posti aadressi ja kl\u00f5psake veebisaidil ostukorvile<\/li>\n<li>Valige soovitud makseviis ja j\u00e4rgige piletite eest tasumiseks juhiseid.<\/li>\n<\/ul>\n<h2>Kuidas maksta EuroMillions pileti eest internetis<\/h2>\n<p>EuroMillions&#8217;i piletite eest internetis tasumine on lihtne, sest saadaval on palju erinevaid turvalisi makseviise. Lihtsalt valige see, mida te eelistate.<br \/>\nOsta ja maksa oma piletite eest, tehes \u00fchte j\u00e4rgmistest viisidest:<\/p>\n<p>Makske tellimuse eest maksekontoga<br \/>\nLisage raha oma m\u00e4ngijakontole ja ostke piletid m\u00e4ngijakontolt<\/p>\n<p>Need, kes otsustavad raha lisada otse oma m\u00e4ngijakontole, peavad lihtsalt veenduma, et teil on tellimuse jaoks rohkem kui piisavalt raha olemas.<\/p>\n<h2>Rohkem infot EuroMillions&#8217;i kohta<\/h2>\n<ul>\n<li>Riik: muu Euroopa<\/li>\n<li>Peamised numbrid vahemikus: 50<\/li>\n<li>Teie valik: 5<\/li>\n<li>Lisanumbrite vahemik: 12<\/li>\n<li>Teie valite: 2<\/li>\n<li>Loosimise p\u00e4evad, tunnid: Teisip\u00e4ev, reede, 19:30 GMT, 20:30 CET<\/li>\n<li>Minimaalne jackpot: 17 miljonit eurot<\/li>\n<li>Maksimaalne jackpot: 190 miljonit eurot<\/li>\n<li>T\u00f5en\u00e4osus v\u00f5ita jackpot: 1:186450880<\/li>\n<li>T\u00f5en\u00e4osus 2: 1:2118760<\/li>\n<li>T\u00f5en\u00e4osus v\u00f5ita \u00fcksk\u00f5ik millisel tasemel: 1:12,98<\/li>\n<li>Auhinnatasandite arv: 13<\/li>\n<\/ul>\n<h2>EuroMillions&#8217;i piletite ostmise eelised internetis<\/h2>\n<ul>\n<li>Soovitud piletite hankimiseks ei ole vaja kodust lahkuda<\/li>\n<li>Valida mitme erineva loterii vahel<\/li>\n<li>Saate parema v\u00f5iduv\u00f5imaluse, valides k\u00f5rgema jackpotiga m\u00e4nge<\/li>\n<li>Lisage raha otse oma kontole ja kasutage seda piletite ostmiseks<\/li>\n<li>Ei ole v\u00f5imalust piletit kaotada<\/li>\n<li>Kohene teade auhinnav\u00f5itude kohta<\/li>\n<li>Lihtsad valikuv\u00f5imalused juhuslike numbrite genereerimiseks<\/li>\n<\/ul>\n<h2>Kas EuroMillions&#8217;i piletite ostmine veebist on seaduslik?<\/h2>\n<p>V\u00f5ib-olla olete m\u00f5elnud, kas loto piletite ostmine internetis on \u00fcldse seaduslik, eriti kui teie elukohariigis kehtivad ranged eeskirjad. Kuid suurep\u00e4rane on see, et meie teenuse puhul ei pea te millegi p\u00e4rast muretsema. Me korraldame k\u00f5ike vastavalt eeskirjadele ja tagame, et olenemata sellest, mida v\u00f5i kus te v\u00f5idate, saate oma auhinna k\u00e4tte ja isegi jackpot&#8217;i v\u00f5ita.<br \/>\nAinus asi, mida sa pead tegema, on veenduda, et oled v\u00e4hemalt 18-aastane.<\/p>\n<h2>Kuidas ma saan raha, kui ma v\u00f5in EuroMillions&#8217;i internetis v\u00f5ita?<\/h2>\n<p><img loading=\"lazy\" decoding=\"async\" class=\"alignright size-medium wp-image-3672\" src=\"https:\/\/onlinelotto365.com\/wp-content\/uploads\/2020\/11\/online_lottery-161-300x207.jpg\" alt=\"osta Euromillions Austraalia\" width=\"300\" height=\"207\" srcset=\"https:\/\/onlinelotto365.com\/wp-content\/uploads\/2020\/11\/online_lottery-161-300x207.jpg 300w, https:\/\/onlinelotto365.com\/wp-content\/uploads\/2020\/11\/online_lottery-161.jpg 320w\" sizes=\"auto, (max-width: 300px) 100vw, 300px\" \/><br \/>\nKui sa v\u00f5idad raha, hoolitseme selle eest, et sa saaksid selle v\u00f5imalikult lihtsalt k\u00e4tte. K\u00f5ik, mida sa pead tegema, on osta oma pilet meie juures ja meie hoolitseme sinu v\u00f5idu k\u00e4ttesaamise ja sulle k\u00e4tte toimetamise eest. Me ei v\u00f5ta teie v\u00f5itudest mingit komisjonitasu, v\u00e4lja arvatud juhul, kui otsustate, et teile makstakse raha panga\u00fclekandega Austraalias asuvale pangakontole.<\/p>\n<p>Kui see juhtub, v\u00f5tab pank meilt tasu ja me palume, et te maksaksite ka selle tasu. See s\u00f5ltub sellest, kuhu raha saadetakse. Muidu on k\u00f5ik, mida peate maksete kohta teadma:<\/p>\n<ul>\n<li>Kui v\u00f5idad kuni 2500 eurot, kantakse raha automaatselt ja kohe otse sinu m\u00e4ngukontole.<\/li>\n<li>Kui v\u00f5idad rohkem kui 2500 eurot, saadetakse sulle e-kiri koos taotlusvormiga, mis tuleb saata loteriikomisjonile. Selles on \u00fcksikasjalikult kirjas, kuidas soovite, et teile makstaks, sealhulgas panga\u00fclekanne v\u00f5i t\u0161ekk. Teie taotlust t\u00f6\u00f6deldakse ja v\u00f5ib kuluda paar p\u00e4eva, enne kui teie raha on teile k\u00e4ttesaadav.<\/li>\n<\/ul>\n","protected":false},"excerpt":{"rendered":"<p>Kas soovite osta EuroMillions pileteid j\u00e4rgmiseks loosimiseks? Kas soovite oma pileteid t\u00e4ielikult internetis k\u00e4tte saada? Kas soovite m\u00e4ngida loteriid, mis ei ole Austraalias saadaval? No siis tahate l\u00e4hemalt tutvuda just siin, kus me vaatame l\u00e4bi k\u00f5ik sellega seotud sammud. Ja sinu \u00f5nneks on alustamine v\u00e4ga lihtne. Valige loterii, mida soovite m\u00e4ngida, ja valige numbrid, mida [&hellip;]<\/p>\n","protected":false},"author":1,"featured_media":0,"parent":5573,"menu_order":3,"comment_status":"closed","ping_status":"closed","template":"euromillions-info.php","meta":{"_et_pb_use_builder":"","_et_pb_old_content":"","_et_gb_content_width":"","exclude_from_search":false,"footnotes":""},"class_list":["post-80639","page","type-page","status-publish","hentry"],"yoast_head":"<!-- This site is optimized with the Yoast SEO plugin v23.4 - https:\/\/yoast.com\/wordpress\/plugins\/seo\/ -->\n<title>Osta Euromillions pileteid internetis Austraaliast | Euromillions info, kuidas osta pileteid<\/title>\n<meta name=\"description\" content=\"Lotof\u00e4nnid mis tahes riigist, sealhulgas Austraaliast, saavad n\u00fc\u00fcd osta Euromillions pileteid siit\" \/>\n<meta name=\"robots\" content=\"index, follow, max-snippet:-1, max-image-preview:large, max-video-preview:-1\" \/>\n<link rel=\"canonical\" href=\"https:\/\/onlinelotto365.com\/et\/pileteid-ostma\/euromillions\/\" \/>\n<meta property=\"og:locale\" content=\"et_EE\" \/>\n<meta property=\"og:type\" content=\"article\" \/>\n<meta property=\"og:title\" content=\"Osta Euromillions pileteid internetis Austraaliast | Euromillions info, kuidas osta pileteid\" \/>\n<meta property=\"og:description\" content=\"Lotof\u00e4nnid mis tahes riigist, sealhulgas Austraaliast, saavad n\u00fc\u00fcd osta Euromillions pileteid siit\" \/>\n<meta property=\"og:url\" content=\"https:\/\/onlinelotto365.com\/et\/pileteid-ostma\/euromillions\/\" \/>\n<meta property=\"og:site_name\" content=\"OnlineLotto365\" \/>\n<meta property=\"og:image\" content=\"https:\/\/redfoxlotto.com\/image?size=8&amp;lottery=euromillions\" \/>\n<meta name=\"twitter:card\" content=\"summary_large_image\" \/>\n<meta name=\"twitter:label1\" content=\"Est. reading time\" \/>\n\t<meta name=\"twitter:data1\" content=\"3 minutit\" \/>\n<script type=\"application\/ld+json\" class=\"yoast-schema-graph\">{\"@context\":\"https:\/\/schema.org\",\"@graph\":[{\"@type\":\"WebPage\",\"@id\":\"https:\/\/onlinelotto365.com\/et\/pileteid-ostma\/euromillions\/\",\"url\":\"https:\/\/onlinelotto365.com\/et\/pileteid-ostma\/euromillions\/\",\"name\":\"Osta Euromillions pileteid internetis Austraaliast | Euromillions info, kuidas osta pileteid\",\"isPartOf\":{\"@id\":\"https:\/\/onlinelotto365.com\/et\/#website\"},\"primaryImageOfPage\":{\"@id\":\"https:\/\/onlinelotto365.com\/et\/pileteid-ostma\/euromillions\/#primaryimage\"},\"image\":{\"@id\":\"https:\/\/onlinelotto365.com\/et\/pileteid-ostma\/euromillions\/#primaryimage\"},\"thumbnailUrl\":\"https:\/\/redfoxlotto.com\/image?size=8&amp;lottery=euromillions\",\"datePublished\":\"2022-11-22T09:07:03+00:00\",\"dateModified\":\"2022-11-22T09:07:03+00:00\",\"description\":\"Lotof\u00e4nnid mis tahes riigist, sealhulgas Austraaliast, saavad n\u00fc\u00fcd osta Euromillions pileteid siit\",\"breadcrumb\":{\"@id\":\"https:\/\/onlinelotto365.com\/et\/pileteid-ostma\/euromillions\/#breadcrumb\"},\"inLanguage\":\"et\",\"potentialAction\":[{\"@type\":\"ReadAction\",\"target\":[\"https:\/\/onlinelotto365.com\/et\/pileteid-ostma\/euromillions\/\"]}]},{\"@type\":\"ImageObject\",\"inLanguage\":\"et\",\"@id\":\"https:\/\/onlinelotto365.com\/et\/pileteid-ostma\/euromillions\/#primaryimage\",\"url\":\"https:\/\/redfoxlotto.com\/image?size=8&amp;lottery=euromillions\",\"contentUrl\":\"https:\/\/redfoxlotto.com\/image?size=8&amp;lottery=euromillions\"},{\"@type\":\"BreadcrumbList\",\"@id\":\"https:\/\/onlinelotto365.com\/et\/pileteid-ostma\/euromillions\/#breadcrumb\",\"itemListElement\":[{\"@type\":\"ListItem\",\"position\":1,\"name\":\"Home\",\"item\":\"https:\/\/onlinelotto365.com\/et\/\"},{\"@type\":\"ListItem\",\"position\":2,\"name\":\"Osta Loto Pileteid Internetis\",\"item\":\"https:\/\/onlinelotto365.com\/et\/pileteid-ostma\/\"},{\"@type\":\"ListItem\",\"position\":3,\"name\":\"Kuidas osta Euromillions pileteid internetis\"}]},{\"@type\":\"WebSite\",\"@id\":\"https:\/\/onlinelotto365.com\/et\/#website\",\"url\":\"https:\/\/onlinelotto365.com\/et\/\",\"name\":\"OnlineLotto365\",\"description\":\"\",\"potentialAction\":[{\"@type\":\"SearchAction\",\"target\":{\"@type\":\"EntryPoint\",\"urlTemplate\":\"https:\/\/onlinelotto365.com\/et\/?s={search_term_string}\"},\"query-input\":{\"@type\":\"PropertyValueSpecification\",\"valueRequired\":true,\"valueName\":\"search_term_string\"}}],\"inLanguage\":\"et\"}]}<\/script>\n<!-- \/ Yoast SEO plugin. -->","yoast_head_json":{"title":"Osta Euromillions pileteid internetis Austraaliast | Euromillions info, kuidas osta pileteid","description":"Lotof\u00e4nnid mis tahes riigist, sealhulgas Austraaliast, saavad n\u00fc\u00fcd osta Euromillions pileteid siit","robots":{"index":"index","follow":"follow","max-snippet":"max-snippet:-1","max-image-preview":"max-image-preview:large","max-video-preview":"max-video-preview:-1"},"canonical":"https:\/\/onlinelotto365.com\/et\/pileteid-ostma\/euromillions\/","og_locale":"et_EE","og_type":"article","og_title":"Osta Euromillions pileteid internetis Austraaliast | Euromillions info, kuidas osta pileteid","og_description":"Lotof\u00e4nnid mis tahes riigist, sealhulgas Austraaliast, saavad n\u00fc\u00fcd osta Euromillions pileteid siit","og_url":"https:\/\/onlinelotto365.com\/et\/pileteid-ostma\/euromillions\/","og_site_name":"OnlineLotto365","og_image":[{"url":"https:\/\/redfoxlotto.com\/image?size=8&amp;lottery=euromillions"}],"twitter_card":"summary_large_image","twitter_misc":{"Est. reading time":"3 minutit"},"schema":{"@context":"https:\/\/schema.org","@graph":[{"@type":"WebPage","@id":"https:\/\/onlinelotto365.com\/et\/pileteid-ostma\/euromillions\/","url":"https:\/\/onlinelotto365.com\/et\/pileteid-ostma\/euromillions\/","name":"Osta Euromillions pileteid internetis Austraaliast | Euromillions info, kuidas osta pileteid","isPartOf":{"@id":"https:\/\/onlinelotto365.com\/et\/#website"},"primaryImageOfPage":{"@id":"https:\/\/onlinelotto365.com\/et\/pileteid-ostma\/euromillions\/#primaryimage"},"image":{"@id":"https:\/\/onlinelotto365.com\/et\/pileteid-ostma\/euromillions\/#primaryimage"},"thumbnailUrl":"https:\/\/redfoxlotto.com\/image?size=8&amp;lottery=euromillions","datePublished":"2022-11-22T09:07:03+00:00","dateModified":"2022-11-22T09:07:03+00:00","description":"Lotof\u00e4nnid mis tahes riigist, sealhulgas Austraaliast, saavad n\u00fc\u00fcd osta Euromillions pileteid siit","breadcrumb":{"@id":"https:\/\/onlinelotto365.com\/et\/pileteid-ostma\/euromillions\/#breadcrumb"},"inLanguage":"et","potentialAction":[{"@type":"ReadAction","target":["https:\/\/onlinelotto365.com\/et\/pileteid-ostma\/euromillions\/"]}]},{"@type":"ImageObject","inLanguage":"et","@id":"https:\/\/onlinelotto365.com\/et\/pileteid-ostma\/euromillions\/#primaryimage","url":"https:\/\/redfoxlotto.com\/image?size=8&amp;lottery=euromillions","contentUrl":"https:\/\/redfoxlotto.com\/image?size=8&amp;lottery=euromillions"},{"@type":"BreadcrumbList","@id":"https:\/\/onlinelotto365.com\/et\/pileteid-ostma\/euromillions\/#breadcrumb","itemListElement":[{"@type":"ListItem","position":1,"name":"Home","item":"https:\/\/onlinelotto365.com\/et\/"},{"@type":"ListItem","position":2,"name":"Osta Loto Pileteid Internetis","item":"https:\/\/onlinelotto365.com\/et\/pileteid-ostma\/"},{"@type":"ListItem","position":3,"name":"Kuidas osta Euromillions pileteid internetis"}]},{"@type":"WebSite","@id":"https:\/\/onlinelotto365.com\/et\/#website","url":"https:\/\/onlinelotto365.com\/et\/","name":"OnlineLotto365","description":"","potentialAction":[{"@type":"SearchAction","target":{"@type":"EntryPoint","urlTemplate":"https:\/\/onlinelotto365.com\/et\/?s={search_term_string}"},"query-input":{"@type":"PropertyValueSpecification","valueRequired":true,"valueName":"search_term_string"}}],"inLanguage":"et"}]}},"_links":{"self":[{"href":"https:\/\/onlinelotto365.com\/et\/wp-json\/wp\/v2\/pages\/80639","targetHints":{"allow":["GET"]}}],"collection":[{"href":"https:\/\/onlinelotto365.com\/et\/wp-json\/wp\/v2\/pages"}],"about":[{"href":"https:\/\/onlinelotto365.com\/et\/wp-json\/wp\/v2\/types\/page"}],"author":[{"embeddable":true,"href":"https:\/\/onlinelotto365.com\/et\/wp-json\/wp\/v2\/users\/1"}],"replies":[{"embeddable":true,"href":"https:\/\/onlinelotto365.com\/et\/wp-json\/wp\/v2\/comments?post=80639"}],"version-history":[{"count":0,"href":"https:\/\/onlinelotto365.com\/et\/wp-json\/wp\/v2\/pages\/80639\/revisions"}],"up":[{"embeddable":true,"href":"https:\/\/onlinelotto365.com\/et\/wp-json\/wp\/v2\/pages\/5573"}],"wp:attachment":[{"href":"https:\/\/onlinelotto365.com\/et\/wp-json\/wp\/v2\/media?parent=80639"}],"curies":[{"name":"wp","href":"https:\/\/api.w.org\/{rel}","templated":true}]}}