{"id":80663,"date":"2022-11-22T11:12:21","date_gmt":"2022-11-22T10:12:21","guid":{"rendered":"https:\/\/onlinelotto365.com\/?page_id=80663"},"modified":"2022-11-22T11:12:21","modified_gmt":"2022-11-22T10:12:21","slug":"el-gordo","status":"publish","type":"page","link":"https:\/\/onlinelotto365.com\/et\/voitnud-loosinumbrid\/el-gordo\/","title":{"rendered":"Vaata El Gordo tulemusi ja v\u00f5ite siit"},"content":{"rendered":"<p>Me teame, et me pakume terve hulga erinevaid rahvusvahelisi loteriisid ja v\u00f5idunumbrite v\u00e4ljaselgitamine v\u00f5ib veidi segadust tekitada. Paljud inimesed otsivad oma lemmikm\u00e4ngude v\u00f5idunumbreid ajalehtedest, kuid kui sa ei ela selles piirkonnas, v\u00f5ib El Gordo numbrite leidmine olla keeruline. Sama kehtib ka siis, kui p\u00fc\u00fcad vaadata loosimist v\u00f5i n\u00e4ha v\u00f5idunumbreid telerist.<br \/>\n<a href=\"https:\/\/redfoxlotto.com\/play\/el-gordo-primitiva\/?ref=a8564250a2&amp;medium=ol365\" target=\"_blank\" rel=\"noopener noreferrer\"><img decoding=\"async\" class=\"aligncenter\" src=\"https:\/\/redfoxlotto.com\/image?size=8&amp;lottery=el-gordo-primitiva\" alt=\"el gordo\" \/><\/a><\/p>\n<p>Teine v\u00f5imalus on vaadata El Gordo ametlikku veebisaiti ja vaadata, kas nad pakuvad otse\u00fclekannet loosimise protsessist. Nende m\u00e4ngude puhul, mis seda teevad, v\u00f5ib see olla l\u00f5bus ja huvitav v\u00f5imalus iga\u00fchele.<\/p>\n<p>Kuid on palju m\u00e4nge, mis seda tegelikult ei paku. Selle asemel peate ootama, kuni loosimine on l\u00f5ppenud ja k\u00f5ik on teatatud, et n\u00e4ha tulemusi.<br \/>\nL\u00f5puks, kui loosimine on juba l\u00f5ppenud, v\u00f5id minna YouTube&#8217;i ja leida sealt El Gordo loosimise. Kuid see on veel \u00fcks valdkond, kus te ei pruugi olla edukas. Seal ei pruugi olla midagi saadaval teie loosimise kohta.<\/p>\n<p>\u00dcks parimaid ja lihtsamaid viise v\u00f5idunumbrite leidmiseks on aga meie veebisait. Vaadake meie v\u00f5idunumbrite ja tulemuste lehek\u00fclgi, et leida El Gordo ja mis tahes muu loteriim\u00e4ngu tulemused, mis meil on saadaval.<\/p>\n<h2>Kuidas teada saada, kas teie veebipilet on v\u00f5itnud<\/h2>\n<p>Veelgi parem on see, et sa ei pea isegi minema loterii tulemuste lehele. Saate minna otse oma kontole, kui olete ostnud pileteid. Sealt saad n\u00e4ha mitte ainult v\u00f5idunumbreid, vaid ka seda, kuidas sinu numbrid on reastatud. Saate n\u00e4ha, kuidas numbreid v\u00f5rreldakse, ja seej\u00e4rel saate n\u00e4ha, millised neist vastavad ja kui palju te tegelikult v\u00f5itsite. Kui oled v\u00f5itnud v\u00e4hem kui 2500 eurot, ei pea sa isegi midagi tegema, sest v\u00f5idud on otse sinu kontol.<\/p>\n<h2>El Gordo tulemuste arhiiv<\/h2>\n<p>Kui soovid vaadata vanu numbreid ja n\u00e4ha, millised need olid, saad ka seda h\u00f5lpsasti teha. Tegelikult saad meie veebisaidi igal lehek\u00fcljel, kus saad vaadata viimaseid El Gordo tulemusi, vaadata ka m\u00f5ningaid vanemaid numbreid. Nii on sul lihtsam v\u00e4lja m\u00f5elda, milliseid numbreid sa tahad j\u00e4rgmisel korral m\u00e4ngida.<\/p>\n<h2>Minu pilet on v\u00f5itnud, mis saab edasi?<\/h2>\n<p><img loading=\"lazy\" decoding=\"async\" class=\"alignright wp-image-3573\" src=\"https:\/\/onlinelotto365.com\/wp-content\/uploads\/2020\/11\/online_lottery-96-300x212.jpg\" alt=\"El Gordo tulemused\" width=\"166\" height=\"117\" srcset=\"https:\/\/onlinelotto365.com\/wp-content\/uploads\/2020\/11\/online_lottery-96-300x212.jpg 300w, https:\/\/onlinelotto365.com\/wp-content\/uploads\/2020\/11\/online_lottery-96.jpg 320w\" sizes=\"auto, (max-width: 166px) 100vw, 166px\" \/><br \/>\nKui sa v\u00f5idad, on sul lihtne oma raha k\u00e4tte saada, sest me kanname selle otse sinu kontole niipea, kui tulemused on kinnitatud. Kui see on v\u00e4iksem kui 2500 eurot, saad raha nii kiiresti k\u00e4tte. Seej\u00e4rel, kui see on \u00fcle 10 euro, saad raha oma kontole v\u00e4lja v\u00f5tta.<br \/>\nV\u00f5i v\u00f5id j\u00e4tta raha oma m\u00e4ngukontole ja kasutada seda, et osta veel rohkem pileteid lisam\u00e4ngudeks. Pea lihtsalt meeles, et raha v\u00e4ljav\u00f5tmiseks on vaja m\u00f5ningaid dokumente, et t\u00e4ita f\u00f6deraalseid eeskirju. Samuti peate kasutama meetodit, mida olete juba kasutanud sissemakse tegemiseks.<\/p>\n","protected":false},"excerpt":{"rendered":"<p>Me teame, et me pakume terve hulga erinevaid rahvusvahelisi loteriisid ja v\u00f5idunumbrite v\u00e4ljaselgitamine v\u00f5ib veidi segadust tekitada. Paljud inimesed otsivad oma lemmikm\u00e4ngude v\u00f5idunumbreid ajalehtedest, kuid kui sa ei ela selles piirkonnas, v\u00f5ib El Gordo numbrite leidmine olla keeruline. Sama kehtib ka siis, kui p\u00fc\u00fcad vaadata loosimist v\u00f5i n\u00e4ha v\u00f5idunumbreid telerist. Teine v\u00f5imalus on vaadata El [&hellip;]<\/p>\n","protected":false},"author":1,"featured_media":0,"parent":5828,"menu_order":6,"comment_status":"closed","ping_status":"closed","template":"el-gordo-results.php","meta":{"_et_pb_use_builder":"","_et_pb_old_content":"","_et_gb_content_width":"","exclude_from_search":false,"footnotes":""},"class_list":["post-80663","page","type-page","status-publish","hentry"],"yoast_head":"<!-- This site is optimized with the Yoast SEO plugin v23.4 - https:\/\/yoast.com\/wordpress\/plugins\/seo\/ -->\n<title>El Gordo v\u00f5idunumbrid | El Gordo loosimise tulemused ja auhinnad<\/title>\n<meta name=\"description\" content=\"El Gordo ja paljude teiste loteriide v\u00f5idunumbrid, tulemused ja auhinnad, mis on alati uuendatud meie kodulehel.\" \/>\n<meta name=\"robots\" content=\"index, follow, max-snippet:-1, max-image-preview:large, max-video-preview:-1\" \/>\n<link rel=\"canonical\" href=\"https:\/\/onlinelotto365.com\/et\/voitnud-loosinumbrid\/el-gordo\/\" \/>\n<meta property=\"og:locale\" content=\"et_EE\" \/>\n<meta property=\"og:type\" content=\"article\" \/>\n<meta property=\"og:title\" content=\"El Gordo v\u00f5idunumbrid | El Gordo loosimise tulemused ja auhinnad\" \/>\n<meta property=\"og:description\" content=\"El Gordo ja paljude teiste loteriide v\u00f5idunumbrid, tulemused ja auhinnad, mis on alati uuendatud meie kodulehel.\" \/>\n<meta property=\"og:url\" content=\"https:\/\/onlinelotto365.com\/et\/voitnud-loosinumbrid\/el-gordo\/\" \/>\n<meta property=\"og:site_name\" content=\"OnlineLotto365\" \/>\n<meta property=\"og:image\" content=\"https:\/\/redfoxlotto.com\/image?size=8&amp;lottery=el-gordo-primitiva\" \/>\n<meta name=\"twitter:card\" content=\"summary_large_image\" \/>\n<meta name=\"twitter:label1\" content=\"Est. reading time\" \/>\n\t<meta name=\"twitter:data1\" content=\"3 minutit\" \/>\n<script type=\"application\/ld+json\" class=\"yoast-schema-graph\">{\"@context\":\"https:\/\/schema.org\",\"@graph\":[{\"@type\":\"WebPage\",\"@id\":\"https:\/\/onlinelotto365.com\/et\/voitnud-loosinumbrid\/el-gordo\/\",\"url\":\"https:\/\/onlinelotto365.com\/et\/voitnud-loosinumbrid\/el-gordo\/\",\"name\":\"El Gordo v\u00f5idunumbrid | El Gordo loosimise tulemused ja auhinnad\",\"isPartOf\":{\"@id\":\"https:\/\/onlinelotto365.com\/et\/#website\"},\"primaryImageOfPage\":{\"@id\":\"https:\/\/onlinelotto365.com\/et\/voitnud-loosinumbrid\/el-gordo\/#primaryimage\"},\"image\":{\"@id\":\"https:\/\/onlinelotto365.com\/et\/voitnud-loosinumbrid\/el-gordo\/#primaryimage\"},\"thumbnailUrl\":\"https:\/\/redfoxlotto.com\/image?size=8&amp;lottery=el-gordo-primitiva\",\"datePublished\":\"2022-11-22T10:12:21+00:00\",\"dateModified\":\"2022-11-22T10:12:21+00:00\",\"description\":\"El Gordo ja paljude teiste loteriide v\u00f5idunumbrid, tulemused ja auhinnad, mis on alati uuendatud meie kodulehel.\",\"breadcrumb\":{\"@id\":\"https:\/\/onlinelotto365.com\/et\/voitnud-loosinumbrid\/el-gordo\/#breadcrumb\"},\"inLanguage\":\"et\",\"potentialAction\":[{\"@type\":\"ReadAction\",\"target\":[\"https:\/\/onlinelotto365.com\/et\/voitnud-loosinumbrid\/el-gordo\/\"]}]},{\"@type\":\"ImageObject\",\"inLanguage\":\"et\",\"@id\":\"https:\/\/onlinelotto365.com\/et\/voitnud-loosinumbrid\/el-gordo\/#primaryimage\",\"url\":\"https:\/\/redfoxlotto.com\/image?size=8&amp;lottery=el-gordo-primitiva\",\"contentUrl\":\"https:\/\/redfoxlotto.com\/image?size=8&amp;lottery=el-gordo-primitiva\"},{\"@type\":\"BreadcrumbList\",\"@id\":\"https:\/\/onlinelotto365.com\/et\/voitnud-loosinumbrid\/el-gordo\/#breadcrumb\",\"itemListElement\":[{\"@type\":\"ListItem\",\"position\":1,\"name\":\"Home\",\"item\":\"https:\/\/onlinelotto365.com\/et\/\"},{\"@type\":\"ListItem\",\"position\":2,\"name\":\"Tulemused ja v\u00f5idunumbrid\",\"item\":\"https:\/\/onlinelotto365.com\/et\/voitnud-loosinumbrid\/\"},{\"@type\":\"ListItem\",\"position\":3,\"name\":\"Vaata El Gordo tulemusi ja v\u00f5ite siit\"}]},{\"@type\":\"WebSite\",\"@id\":\"https:\/\/onlinelotto365.com\/et\/#website\",\"url\":\"https:\/\/onlinelotto365.com\/et\/\",\"name\":\"OnlineLotto365\",\"description\":\"\",\"potentialAction\":[{\"@type\":\"SearchAction\",\"target\":{\"@type\":\"EntryPoint\",\"urlTemplate\":\"https:\/\/onlinelotto365.com\/et\/?s={search_term_string}\"},\"query-input\":{\"@type\":\"PropertyValueSpecification\",\"valueRequired\":true,\"valueName\":\"search_term_string\"}}],\"inLanguage\":\"et\"}]}<\/script>\n<!-- \/ Yoast SEO plugin. -->","yoast_head_json":{"title":"El Gordo v\u00f5idunumbrid | El Gordo loosimise tulemused ja auhinnad","description":"El Gordo ja paljude teiste loteriide v\u00f5idunumbrid, tulemused ja auhinnad, mis on alati uuendatud meie kodulehel.","robots":{"index":"index","follow":"follow","max-snippet":"max-snippet:-1","max-image-preview":"max-image-preview:large","max-video-preview":"max-video-preview:-1"},"canonical":"https:\/\/onlinelotto365.com\/et\/voitnud-loosinumbrid\/el-gordo\/","og_locale":"et_EE","og_type":"article","og_title":"El Gordo v\u00f5idunumbrid | El Gordo loosimise tulemused ja auhinnad","og_description":"El Gordo ja paljude teiste loteriide v\u00f5idunumbrid, tulemused ja auhinnad, mis on alati uuendatud meie kodulehel.","og_url":"https:\/\/onlinelotto365.com\/et\/voitnud-loosinumbrid\/el-gordo\/","og_site_name":"OnlineLotto365","og_image":[{"url":"https:\/\/redfoxlotto.com\/image?size=8&amp;lottery=el-gordo-primitiva"}],"twitter_card":"summary_large_image","twitter_misc":{"Est. reading time":"3 minutit"},"schema":{"@context":"https:\/\/schema.org","@graph":[{"@type":"WebPage","@id":"https:\/\/onlinelotto365.com\/et\/voitnud-loosinumbrid\/el-gordo\/","url":"https:\/\/onlinelotto365.com\/et\/voitnud-loosinumbrid\/el-gordo\/","name":"El Gordo v\u00f5idunumbrid | El Gordo loosimise tulemused ja auhinnad","isPartOf":{"@id":"https:\/\/onlinelotto365.com\/et\/#website"},"primaryImageOfPage":{"@id":"https:\/\/onlinelotto365.com\/et\/voitnud-loosinumbrid\/el-gordo\/#primaryimage"},"image":{"@id":"https:\/\/onlinelotto365.com\/et\/voitnud-loosinumbrid\/el-gordo\/#primaryimage"},"thumbnailUrl":"https:\/\/redfoxlotto.com\/image?size=8&amp;lottery=el-gordo-primitiva","datePublished":"2022-11-22T10:12:21+00:00","dateModified":"2022-11-22T10:12:21+00:00","description":"El Gordo ja paljude teiste loteriide v\u00f5idunumbrid, tulemused ja auhinnad, mis on alati uuendatud meie kodulehel.","breadcrumb":{"@id":"https:\/\/onlinelotto365.com\/et\/voitnud-loosinumbrid\/el-gordo\/#breadcrumb"},"inLanguage":"et","potentialAction":[{"@type":"ReadAction","target":["https:\/\/onlinelotto365.com\/et\/voitnud-loosinumbrid\/el-gordo\/"]}]},{"@type":"ImageObject","inLanguage":"et","@id":"https:\/\/onlinelotto365.com\/et\/voitnud-loosinumbrid\/el-gordo\/#primaryimage","url":"https:\/\/redfoxlotto.com\/image?size=8&amp;lottery=el-gordo-primitiva","contentUrl":"https:\/\/redfoxlotto.com\/image?size=8&amp;lottery=el-gordo-primitiva"},{"@type":"BreadcrumbList","@id":"https:\/\/onlinelotto365.com\/et\/voitnud-loosinumbrid\/el-gordo\/#breadcrumb","itemListElement":[{"@type":"ListItem","position":1,"name":"Home","item":"https:\/\/onlinelotto365.com\/et\/"},{"@type":"ListItem","position":2,"name":"Tulemused ja v\u00f5idunumbrid","item":"https:\/\/onlinelotto365.com\/et\/voitnud-loosinumbrid\/"},{"@type":"ListItem","position":3,"name":"Vaata El Gordo tulemusi ja v\u00f5ite siit"}]},{"@type":"WebSite","@id":"https:\/\/onlinelotto365.com\/et\/#website","url":"https:\/\/onlinelotto365.com\/et\/","name":"OnlineLotto365","description":"","potentialAction":[{"@type":"SearchAction","target":{"@type":"EntryPoint","urlTemplate":"https:\/\/onlinelotto365.com\/et\/?s={search_term_string}"},"query-input":{"@type":"PropertyValueSpecification","valueRequired":true,"valueName":"search_term_string"}}],"inLanguage":"et"}]}},"_links":{"self":[{"href":"https:\/\/onlinelotto365.com\/et\/wp-json\/wp\/v2\/pages\/80663","targetHints":{"allow":["GET"]}}],"collection":[{"href":"https:\/\/onlinelotto365.com\/et\/wp-json\/wp\/v2\/pages"}],"about":[{"href":"https:\/\/onlinelotto365.com\/et\/wp-json\/wp\/v2\/types\/page"}],"author":[{"embeddable":true,"href":"https:\/\/onlinelotto365.com\/et\/wp-json\/wp\/v2\/users\/1"}],"replies":[{"embeddable":true,"href":"https:\/\/onlinelotto365.com\/et\/wp-json\/wp\/v2\/comments?post=80663"}],"version-history":[{"count":0,"href":"https:\/\/onlinelotto365.com\/et\/wp-json\/wp\/v2\/pages\/80663\/revisions"}],"up":[{"embeddable":true,"href":"https:\/\/onlinelotto365.com\/et\/wp-json\/wp\/v2\/pages\/5828"}],"wp:attachment":[{"href":"https:\/\/onlinelotto365.com\/et\/wp-json\/wp\/v2\/media?parent=80663"}],"curies":[{"name":"wp","href":"https:\/\/api.w.org\/{rel}","templated":true}]}}