{"id":80695,"date":"2022-11-22T12:23:18","date_gmt":"2022-11-22T11:23:18","guid":{"rendered":"https:\/\/onlinelotto365.com\/?page_id=80695"},"modified":"2022-11-22T12:23:18","modified_gmt":"2022-11-22T11:23:18","slug":"la-primitiva","status":"publish","type":"page","link":"https:\/\/onlinelotto365.com\/et\/voitnud-loosinumbrid\/la-primitiva\/","title":{"rendered":"La Primitiva loterii tulemused"},"content":{"rendered":"<p>Pakume palju erinevaid rahvusvahelisi loteriim\u00e4nge ja me teame, et sa tahad kiiresti leida v\u00f5idunumbrid. Sellep\u00e4rast otsustavadki m\u00f5ned inimesed otsida numbreid ajalehtedest. Kuid La Primitiva v\u00f5idunumbrite leidmine ajalehes v\u00f5ib olla keeruline. Samuti v\u00f5ib nende numbrite leidmine telerist, sest sa pead tegema oma uurimist\u00f6\u00f6d, et leida \u00f5ige kanal.<br \/>\n<a href=\"https:\/\/redfoxlotto.com\/play\/la-primitiva\/?ref=a8564250a2&amp;medium=ol365\" target=\"_blank\" rel=\"noopener noreferrer\"><img decoding=\"async\" class=\"aligncenter\" src=\"https:\/\/redfoxlotto.com\/image?size=8&amp;lottery=la-primitiva\" alt=\" la primitiva\" \/><\/a><\/p>\n<p>Teine v\u00f5imalus on minna La Primitiva veebisaidile ja vaadata, kas seal n\u00e4idatakse nende m\u00e4ngu live-loosimist. Kui nad seda teevad, v\u00f5ib seda olla p\u00f5nev vaadata. Kui nad seda aga ei tee, mida paljud loteriim\u00e4ngud aga ei tee, siis j\u00e4\u00e4d sa veel natuke ootama.<\/p>\n<p>P\u00e4rast loosimist v\u00f5id m\u00f5nikord leida viimast La Primitiva loosimist YouTube&#8217;ist. Kuid selleks peaksite p\u00e4rast loosimist veidi aega ootama.<\/p>\n<p>K\u00f5ige mugavam meetod numbrite leidmiseks on aga meie veebisait. Me pakume La Primitiva v\u00f5idunumbreid ja tulemusi ning isegi auhinnasummasid otse oma veebisaidil ning lisame sinna ka teised meie pakutavad loteriid.<\/p>\n<h2>Kuidas teada saada, kas teie veebipilet on v\u00f5itnud<\/h2>\n<p>Kui ostsite La Primitiva piletid, siis ei pea te isegi tulemuste lehele minema. Saate minna otse oma kontole ja vaadata oma pileteid. Kohe samal ekraanil n\u00e4ed iga m\u00e4ngitud m\u00e4ngu v\u00f5idunumbreid. Ja sa n\u00e4ed esile t\u00f5stetud numbreid, kui sinu pilet ja v\u00f5idunumbrid kattuvad.<br \/>\nKui sul on \u00f5ige number, oled sa v\u00f5itja ja n\u00e4ed t\u00e4pselt, kui palju sa v\u00f5itsid. Samuti leiad, et v\u00f5idud (mis tahes summa puhul, mis j\u00e4\u00e4b alla 2500 euro) on juba sinu kontol saadaval kohe, kui tulemused on kontrollitud.<\/p>\n<h2>La Primitiva tulemuste arhiiv<\/h2>\n<p>Neile, kes soovivad valida oma numbrid j\u00e4rgmiseks loosimiseks, teame, et v\u00f5ib olla oluline vaadata vanemaid pileteid ja vanemaid numbreid. Seega hoolitseme selle eest, et igal lehel, kus on viimased La Primitiva tulemused, oleks juurdep\u00e4\u00e4s ka vanematele numbritele. Saate neid igal ajal ja mis tahes p\u00f5hjusel kontrollida.<\/p>\n<h2>Minu pilet on v\u00f5itnud, mis saab edasi?<\/h2>\n<p><img loading=\"lazy\" decoding=\"async\" class=\"alignright wp-image-3572\" src=\"https:\/\/onlinelotto365.com\/wp-content\/uploads\/2020\/11\/online_lottery-25-300x212.jpg\" alt=\"La Primitiva v\u00f5idunumbrid\" width=\"232\" height=\"165\" srcset=\"https:\/\/onlinelotto365.com\/wp-content\/uploads\/2020\/11\/online_lottery-25-300x212.jpg 300w, https:\/\/onlinelotto365.com\/wp-content\/uploads\/2020\/11\/online_lottery-25.jpg 320w\" sizes=\"auto, (max-width: 232px) 100vw, 232px\" \/><br \/>\nKui sinu pilet on v\u00f5itnud, siis pead sa vaid istuma ja l\u00f5\u00f5gastuma, sest meie hoolitseme sinu eest. Me krediteerime k\u00f5ik alla 2500 euro suurused summad otse sinu kontole, nii et sa ei pea seda taotlema ega l\u00e4bima mingeid lisatoiminguid. Seej\u00e4rel, kui sinu kontol on v\u00e4hemalt 10 eurot, saad raha v\u00e4lja v\u00f5tta oma pangakontole v\u00f5i krediitkaardile.<\/p>\n<p>Pead vaid veenduma, et oled seda kaarti v\u00f5i kontot meil varem kasutanud. Peate t\u00e4itma ka m\u00f5ned dokumendid, et veenduda, et meie makseprotsessor vastab eeskirjadele. Need dokumendid kaitsevad meid, kuid nad kaitsevad ka teid, tagades, et ainult teie saate oma raha kontolt v\u00e4lja v\u00f5tta.<\/p>\n","protected":false},"excerpt":{"rendered":"<p>Pakume palju erinevaid rahvusvahelisi loteriim\u00e4nge ja me teame, et sa tahad kiiresti leida v\u00f5idunumbrid. Sellep\u00e4rast otsustavadki m\u00f5ned inimesed otsida numbreid ajalehtedest. Kuid La Primitiva v\u00f5idunumbrite leidmine ajalehes v\u00f5ib olla keeruline. Samuti v\u00f5ib nende numbrite leidmine telerist, sest sa pead tegema oma uurimist\u00f6\u00f6d, et leida \u00f5ige kanal. Teine v\u00f5imalus on minna La Primitiva veebisaidile ja vaadata, [&hellip;]<\/p>\n","protected":false},"author":1,"featured_media":0,"parent":5828,"menu_order":7,"comment_status":"closed","ping_status":"closed","template":"la-primitiva-results.php","meta":{"_et_pb_use_builder":"","_et_pb_old_content":"","_et_gb_content_width":"","exclude_from_search":false,"footnotes":""},"class_list":["post-80695","page","type-page","status-publish","hentry"],"yoast_head":"<!-- This site is optimized with the Yoast SEO plugin v23.4 - https:\/\/yoast.com\/wordpress\/plugins\/seo\/ -->\n<title>Viimased loosimise tulemused, La Primitiva v\u00f5idunumbrid<\/title>\n<meta name=\"description\" content=\"Saa Hispaania La Primitiva viimased v\u00f5idunumbrid ja muud tulemused\" \/>\n<meta name=\"robots\" content=\"index, follow, max-snippet:-1, max-image-preview:large, max-video-preview:-1\" \/>\n<link rel=\"canonical\" href=\"https:\/\/onlinelotto365.com\/et\/voitnud-loosinumbrid\/la-primitiva\/\" \/>\n<meta property=\"og:locale\" content=\"et_EE\" \/>\n<meta property=\"og:type\" content=\"article\" \/>\n<meta property=\"og:title\" content=\"Viimased loosimise tulemused, La Primitiva v\u00f5idunumbrid\" \/>\n<meta property=\"og:description\" content=\"Saa Hispaania La Primitiva viimased v\u00f5idunumbrid ja muud tulemused\" \/>\n<meta property=\"og:url\" content=\"https:\/\/onlinelotto365.com\/et\/voitnud-loosinumbrid\/la-primitiva\/\" \/>\n<meta property=\"og:site_name\" content=\"OnlineLotto365\" \/>\n<meta property=\"og:image\" content=\"https:\/\/redfoxlotto.com\/image?size=8&amp;lottery=la-primitiva\" \/>\n<meta name=\"twitter:card\" content=\"summary_large_image\" \/>\n<meta name=\"twitter:label1\" content=\"Est. reading time\" \/>\n\t<meta name=\"twitter:data1\" content=\"3 minutit\" \/>\n<script type=\"application\/ld+json\" class=\"yoast-schema-graph\">{\"@context\":\"https:\/\/schema.org\",\"@graph\":[{\"@type\":\"WebPage\",\"@id\":\"https:\/\/onlinelotto365.com\/et\/voitnud-loosinumbrid\/la-primitiva\/\",\"url\":\"https:\/\/onlinelotto365.com\/et\/voitnud-loosinumbrid\/la-primitiva\/\",\"name\":\"Viimased loosimise tulemused, La Primitiva v\u00f5idunumbrid\",\"isPartOf\":{\"@id\":\"https:\/\/onlinelotto365.com\/et\/#website\"},\"primaryImageOfPage\":{\"@id\":\"https:\/\/onlinelotto365.com\/et\/voitnud-loosinumbrid\/la-primitiva\/#primaryimage\"},\"image\":{\"@id\":\"https:\/\/onlinelotto365.com\/et\/voitnud-loosinumbrid\/la-primitiva\/#primaryimage\"},\"thumbnailUrl\":\"https:\/\/redfoxlotto.com\/image?size=8&amp;lottery=la-primitiva\",\"datePublished\":\"2022-11-22T11:23:18+00:00\",\"dateModified\":\"2022-11-22T11:23:18+00:00\",\"description\":\"Saa Hispaania La Primitiva viimased v\u00f5idunumbrid ja muud tulemused\",\"breadcrumb\":{\"@id\":\"https:\/\/onlinelotto365.com\/et\/voitnud-loosinumbrid\/la-primitiva\/#breadcrumb\"},\"inLanguage\":\"et\",\"potentialAction\":[{\"@type\":\"ReadAction\",\"target\":[\"https:\/\/onlinelotto365.com\/et\/voitnud-loosinumbrid\/la-primitiva\/\"]}]},{\"@type\":\"ImageObject\",\"inLanguage\":\"et\",\"@id\":\"https:\/\/onlinelotto365.com\/et\/voitnud-loosinumbrid\/la-primitiva\/#primaryimage\",\"url\":\"https:\/\/redfoxlotto.com\/image?size=8&amp;lottery=la-primitiva\",\"contentUrl\":\"https:\/\/redfoxlotto.com\/image?size=8&amp;lottery=la-primitiva\"},{\"@type\":\"BreadcrumbList\",\"@id\":\"https:\/\/onlinelotto365.com\/et\/voitnud-loosinumbrid\/la-primitiva\/#breadcrumb\",\"itemListElement\":[{\"@type\":\"ListItem\",\"position\":1,\"name\":\"Home\",\"item\":\"https:\/\/onlinelotto365.com\/et\/\"},{\"@type\":\"ListItem\",\"position\":2,\"name\":\"Tulemused ja v\u00f5idunumbrid\",\"item\":\"https:\/\/onlinelotto365.com\/et\/voitnud-loosinumbrid\/\"},{\"@type\":\"ListItem\",\"position\":3,\"name\":\"La Primitiva loterii tulemused\"}]},{\"@type\":\"WebSite\",\"@id\":\"https:\/\/onlinelotto365.com\/et\/#website\",\"url\":\"https:\/\/onlinelotto365.com\/et\/\",\"name\":\"OnlineLotto365\",\"description\":\"\",\"potentialAction\":[{\"@type\":\"SearchAction\",\"target\":{\"@type\":\"EntryPoint\",\"urlTemplate\":\"https:\/\/onlinelotto365.com\/et\/?s={search_term_string}\"},\"query-input\":{\"@type\":\"PropertyValueSpecification\",\"valueRequired\":true,\"valueName\":\"search_term_string\"}}],\"inLanguage\":\"et\"}]}<\/script>\n<!-- \/ Yoast SEO plugin. -->","yoast_head_json":{"title":"Viimased loosimise tulemused, La Primitiva v\u00f5idunumbrid","description":"Saa Hispaania La Primitiva viimased v\u00f5idunumbrid ja muud tulemused","robots":{"index":"index","follow":"follow","max-snippet":"max-snippet:-1","max-image-preview":"max-image-preview:large","max-video-preview":"max-video-preview:-1"},"canonical":"https:\/\/onlinelotto365.com\/et\/voitnud-loosinumbrid\/la-primitiva\/","og_locale":"et_EE","og_type":"article","og_title":"Viimased loosimise tulemused, La Primitiva v\u00f5idunumbrid","og_description":"Saa Hispaania La Primitiva viimased v\u00f5idunumbrid ja muud tulemused","og_url":"https:\/\/onlinelotto365.com\/et\/voitnud-loosinumbrid\/la-primitiva\/","og_site_name":"OnlineLotto365","og_image":[{"url":"https:\/\/redfoxlotto.com\/image?size=8&amp;lottery=la-primitiva"}],"twitter_card":"summary_large_image","twitter_misc":{"Est. reading time":"3 minutit"},"schema":{"@context":"https:\/\/schema.org","@graph":[{"@type":"WebPage","@id":"https:\/\/onlinelotto365.com\/et\/voitnud-loosinumbrid\/la-primitiva\/","url":"https:\/\/onlinelotto365.com\/et\/voitnud-loosinumbrid\/la-primitiva\/","name":"Viimased loosimise tulemused, La Primitiva v\u00f5idunumbrid","isPartOf":{"@id":"https:\/\/onlinelotto365.com\/et\/#website"},"primaryImageOfPage":{"@id":"https:\/\/onlinelotto365.com\/et\/voitnud-loosinumbrid\/la-primitiva\/#primaryimage"},"image":{"@id":"https:\/\/onlinelotto365.com\/et\/voitnud-loosinumbrid\/la-primitiva\/#primaryimage"},"thumbnailUrl":"https:\/\/redfoxlotto.com\/image?size=8&amp;lottery=la-primitiva","datePublished":"2022-11-22T11:23:18+00:00","dateModified":"2022-11-22T11:23:18+00:00","description":"Saa Hispaania La Primitiva viimased v\u00f5idunumbrid ja muud tulemused","breadcrumb":{"@id":"https:\/\/onlinelotto365.com\/et\/voitnud-loosinumbrid\/la-primitiva\/#breadcrumb"},"inLanguage":"et","potentialAction":[{"@type":"ReadAction","target":["https:\/\/onlinelotto365.com\/et\/voitnud-loosinumbrid\/la-primitiva\/"]}]},{"@type":"ImageObject","inLanguage":"et","@id":"https:\/\/onlinelotto365.com\/et\/voitnud-loosinumbrid\/la-primitiva\/#primaryimage","url":"https:\/\/redfoxlotto.com\/image?size=8&amp;lottery=la-primitiva","contentUrl":"https:\/\/redfoxlotto.com\/image?size=8&amp;lottery=la-primitiva"},{"@type":"BreadcrumbList","@id":"https:\/\/onlinelotto365.com\/et\/voitnud-loosinumbrid\/la-primitiva\/#breadcrumb","itemListElement":[{"@type":"ListItem","position":1,"name":"Home","item":"https:\/\/onlinelotto365.com\/et\/"},{"@type":"ListItem","position":2,"name":"Tulemused ja v\u00f5idunumbrid","item":"https:\/\/onlinelotto365.com\/et\/voitnud-loosinumbrid\/"},{"@type":"ListItem","position":3,"name":"La Primitiva loterii tulemused"}]},{"@type":"WebSite","@id":"https:\/\/onlinelotto365.com\/et\/#website","url":"https:\/\/onlinelotto365.com\/et\/","name":"OnlineLotto365","description":"","potentialAction":[{"@type":"SearchAction","target":{"@type":"EntryPoint","urlTemplate":"https:\/\/onlinelotto365.com\/et\/?s={search_term_string}"},"query-input":{"@type":"PropertyValueSpecification","valueRequired":true,"valueName":"search_term_string"}}],"inLanguage":"et"}]}},"_links":{"self":[{"href":"https:\/\/onlinelotto365.com\/et\/wp-json\/wp\/v2\/pages\/80695","targetHints":{"allow":["GET"]}}],"collection":[{"href":"https:\/\/onlinelotto365.com\/et\/wp-json\/wp\/v2\/pages"}],"about":[{"href":"https:\/\/onlinelotto365.com\/et\/wp-json\/wp\/v2\/types\/page"}],"author":[{"embeddable":true,"href":"https:\/\/onlinelotto365.com\/et\/wp-json\/wp\/v2\/users\/1"}],"replies":[{"embeddable":true,"href":"https:\/\/onlinelotto365.com\/et\/wp-json\/wp\/v2\/comments?post=80695"}],"version-history":[{"count":0,"href":"https:\/\/onlinelotto365.com\/et\/wp-json\/wp\/v2\/pages\/80695\/revisions"}],"up":[{"embeddable":true,"href":"https:\/\/onlinelotto365.com\/et\/wp-json\/wp\/v2\/pages\/5828"}],"wp:attachment":[{"href":"https:\/\/onlinelotto365.com\/et\/wp-json\/wp\/v2\/media?parent=80695"}],"curies":[{"name":"wp","href":"https:\/\/api.w.org\/{rel}","templated":true}]}}