{"id":80728,"date":"2022-11-22T13:18:41","date_gmt":"2022-11-22T12:18:41","guid":{"rendered":"https:\/\/onlinelotto365.com\/?page_id=80728"},"modified":"2022-11-22T13:18:41","modified_gmt":"2022-11-22T12:18:41","slug":"bonoloto","status":"publish","type":"page","link":"https:\/\/onlinelotto365.com\/et\/voitnud-loosinumbrid\/bonoloto\/","title":{"rendered":"Hispaania Bonoloto tulemused"},"content":{"rendered":"<p>Rahvusvahelised loteriim\u00e4ngud v\u00f5ivad olla v\u00e4ga l\u00f5busad, kuid sa pead teadma, kuidas kontrollida v\u00f5idunumbreid. \u00dcks v\u00f5imalus BonoLoto v\u00f5idunumbrite vaatamiseks on minna ajalehte. Kuid ainult kohalikud ajalehed sisaldavad \u00fcldjuhul tulemusi, mida te otsite.<br \/>\n<a href=\"https:\/\/redfoxlotto.com\/play\/bonoloto\/?ref=a8564250a2&amp;medium=ol365\" target=\"_blank\" rel=\"noopener noreferrer\"><img decoding=\"async\" class=\"aligncenter\" src=\"https:\/\/redfoxlotto.com\/image?size=8&amp;lottery=bonoloto\" alt=\"BonoLoto\" \/><\/a><br \/>\nTeine v\u00f5imalus on vaadata telekanalitest, kuid ka sealt ei pruugi leida otsitud teavet. Sa pead elama just \u00f5iges piirkonnas ja teadma, millal numbreid kontrollida.<\/p>\n<p>J\u00e4rgmisena v\u00f5ite vaadata BonoLoto ametlikul veebisaidil, et n\u00e4ha, kas nad pakuvad live-loosimist internetis. Selliste m\u00e4ngude puhul, mis seda teevad, v\u00f5ib see olla p\u00f5nev iga\u00fchele, sest v\u00f5ite sattuda hetkele, kui vaatate kohe tulevaid numbreid. Kuid pidage meeles, et mitte k\u00f5ik loteriim\u00e4ngud ei paku tegelikult seda v\u00f5imalust.<\/p>\n<p>L\u00f5puks v\u00f5id vaadata YouTube&#8217;i, et n\u00e4ha, kas keegi on postitanud loosimisest live-video v\u00f5i kas ta on BonoLoto loosimise jagamiseks v\u00f5idu numbreid muul moel salvestanud.<\/p>\n<p>K\u00f5ige mugavam viis, kuidas v\u00f5idunumbreid saada, on aga kindlasti meie veebilehe kaudu. Me anname teile k\u00f5ik BonoLoto ja ka k\u00f5igi teiste m\u00e4ngude v\u00f5idunumbrid, mis on meie veebisaidil saadaval, nii et saate j\u00e4lgida neid \u00fches kohas.<\/p>\n<h2>Kuidas teada saada, kas teie online-pilet on v\u00f5itnud<\/h2>\n<p>Need, kes on juba ostnud BonoLoto pileti, saavad minna otse oma kontole. Logige sisse ja minge lehele, kus on teie piletid. Kui olete seal, saate n\u00e4ha k\u00f5igi nende m\u00e4ngude tulemusi, mille jaoks olete piletid ostnud. See muudab teie jaoks palju lihtsamaks, et n\u00e4ha, millised numbrid on teil sobinud ja millised mitte. Samuti saad oma raha kohe k\u00e4tte, kui oled v\u00f5itnud v\u00e4hem kui 2500 eurot. Seda seet\u00f5ttu, et need summad kantakse otse sinu kontole, ilma et sa peaksid midagi tegema.<\/p>\n<h2>BonoLoto tulemuste arhiiv<\/h2>\n<p><img loading=\"lazy\" decoding=\"async\" class=\"alignright wp-image-3651\" src=\"https:\/\/onlinelotto365.com\/wp-content\/uploads\/2020\/11\/online_lottery-79-300x292.jpg\" alt=\"bonoloto v\u00f5idunumbrid\" width=\"148\" height=\"145\" srcset=\"https:\/\/onlinelotto365.com\/wp-content\/uploads\/2020\/11\/online_lottery-79-300x292.jpg 300w, https:\/\/onlinelotto365.com\/wp-content\/uploads\/2020\/11\/online_lottery-79.jpg 320w\" sizes=\"auto, (max-width: 148px) 100vw, 148px\" \/><br \/>\nKui otsid BonoLoto vanu numbreid, ei pea sa kaugelt otsima. Seda seet\u00f5ttu, et me oleme teie eest k\u00f5ik \u00e4ra teinud. Me oleme isegi pannud k\u00f5ik vanad numbrid otse samasse kohta kui viimased numbrid, nii et sa ei pea muretsema nende \u00fclesleidmise p\u00e4rast. Seda seet\u00f5ttu, et me teame, kui oluline on sinu jaoks, et sa leiaksid need numbrid, kui sa neid soovid.<\/p>\n<h2>Minu pilet on v\u00f5itnud, mis saab edasi?<\/h2>\n<p>Me r\u00e4\u00e4kisime juba sellest, et kui sa v\u00f5idad m\u00f5ne v\u00e4ikese auhinna mis tahes lotom\u00e4ngu puhul, ei pea sa muretsema oma raha k\u00e4ttesaamise p\u00e4rast. Seda seet\u00f5ttu, et me hoolitseme selle eest, et see kantakse teie eest otse teie kontole. Iga summa alla 2500 euro lisatakse automaatselt sinu kontole, nii et see on valmis, kui sa seda soovid.<br \/>\nSee on sulle kindlasti mugav ja aitab sul selle raha kasutamisega alustada. Seda seet\u00f5ttu, et saad seda kasutada, et osta rohkem pileteid, millal iganes sa seda soovid. Kui see on \u00fcle 10 euro, saad raha isegi v\u00e4lja v\u00f5tta mis tahes kontole, mida oled meie saidil varem kasutanud.<\/p>\n","protected":false},"excerpt":{"rendered":"<p>Rahvusvahelised loteriim\u00e4ngud v\u00f5ivad olla v\u00e4ga l\u00f5busad, kuid sa pead teadma, kuidas kontrollida v\u00f5idunumbreid. \u00dcks v\u00f5imalus BonoLoto v\u00f5idunumbrite vaatamiseks on minna ajalehte. Kuid ainult kohalikud ajalehed sisaldavad \u00fcldjuhul tulemusi, mida te otsite. Teine v\u00f5imalus on vaadata telekanalitest, kuid ka sealt ei pruugi leida otsitud teavet. Sa pead elama just \u00f5iges piirkonnas ja teadma, millal numbreid kontrollida. [&hellip;]<\/p>\n","protected":false},"author":1,"featured_media":0,"parent":5828,"menu_order":8,"comment_status":"closed","ping_status":"closed","template":"template-rightsidebar.php","meta":{"_et_pb_use_builder":"","_et_pb_old_content":"","_et_gb_content_width":"","exclude_from_search":false,"footnotes":""},"class_list":["post-80728","page","type-page","status-publish","hentry"],"yoast_head":"<!-- This site is optimized with the Yoast SEO plugin v23.4 - https:\/\/yoast.com\/wordpress\/plugins\/seo\/ -->\n<title>Hispaania BonoLoto tulemused ja auhinnad<\/title>\n<meta name=\"description\" content=\"Vaata siit, et teada saada, kas sinu Bonoloto piletid on v\u00f5itnud\" \/>\n<meta name=\"robots\" content=\"index, follow, max-snippet:-1, max-image-preview:large, max-video-preview:-1\" \/>\n<link rel=\"canonical\" href=\"https:\/\/onlinelotto365.com\/et\/voitnud-loosinumbrid\/bonoloto\/\" \/>\n<meta property=\"og:locale\" content=\"et_EE\" \/>\n<meta property=\"og:type\" content=\"article\" \/>\n<meta property=\"og:title\" content=\"Hispaania BonoLoto tulemused ja auhinnad\" \/>\n<meta property=\"og:description\" content=\"Vaata siit, et teada saada, kas sinu Bonoloto piletid on v\u00f5itnud\" \/>\n<meta property=\"og:url\" content=\"https:\/\/onlinelotto365.com\/et\/voitnud-loosinumbrid\/bonoloto\/\" \/>\n<meta property=\"og:site_name\" content=\"OnlineLotto365\" \/>\n<meta property=\"og:image\" content=\"https:\/\/redfoxlotto.com\/image?size=8&amp;lottery=bonoloto\" \/>\n<meta name=\"twitter:card\" content=\"summary_large_image\" \/>\n<meta name=\"twitter:label1\" content=\"Est. reading time\" \/>\n\t<meta name=\"twitter:data1\" content=\"2 minutit\" \/>\n<script type=\"application\/ld+json\" class=\"yoast-schema-graph\">{\"@context\":\"https:\/\/schema.org\",\"@graph\":[{\"@type\":\"WebPage\",\"@id\":\"https:\/\/onlinelotto365.com\/et\/voitnud-loosinumbrid\/bonoloto\/\",\"url\":\"https:\/\/onlinelotto365.com\/et\/voitnud-loosinumbrid\/bonoloto\/\",\"name\":\"Hispaania BonoLoto tulemused ja auhinnad\",\"isPartOf\":{\"@id\":\"https:\/\/onlinelotto365.com\/et\/#website\"},\"primaryImageOfPage\":{\"@id\":\"https:\/\/onlinelotto365.com\/et\/voitnud-loosinumbrid\/bonoloto\/#primaryimage\"},\"image\":{\"@id\":\"https:\/\/onlinelotto365.com\/et\/voitnud-loosinumbrid\/bonoloto\/#primaryimage\"},\"thumbnailUrl\":\"https:\/\/redfoxlotto.com\/image?size=8&amp;lottery=bonoloto\",\"datePublished\":\"2022-11-22T12:18:41+00:00\",\"dateModified\":\"2022-11-22T12:18:41+00:00\",\"description\":\"Vaata siit, et teada saada, kas sinu Bonoloto piletid on v\u00f5itnud\",\"breadcrumb\":{\"@id\":\"https:\/\/onlinelotto365.com\/et\/voitnud-loosinumbrid\/bonoloto\/#breadcrumb\"},\"inLanguage\":\"et\",\"potentialAction\":[{\"@type\":\"ReadAction\",\"target\":[\"https:\/\/onlinelotto365.com\/et\/voitnud-loosinumbrid\/bonoloto\/\"]}]},{\"@type\":\"ImageObject\",\"inLanguage\":\"et\",\"@id\":\"https:\/\/onlinelotto365.com\/et\/voitnud-loosinumbrid\/bonoloto\/#primaryimage\",\"url\":\"https:\/\/redfoxlotto.com\/image?size=8&amp;lottery=bonoloto\",\"contentUrl\":\"https:\/\/redfoxlotto.com\/image?size=8&amp;lottery=bonoloto\"},{\"@type\":\"BreadcrumbList\",\"@id\":\"https:\/\/onlinelotto365.com\/et\/voitnud-loosinumbrid\/bonoloto\/#breadcrumb\",\"itemListElement\":[{\"@type\":\"ListItem\",\"position\":1,\"name\":\"Home\",\"item\":\"https:\/\/onlinelotto365.com\/et\/\"},{\"@type\":\"ListItem\",\"position\":2,\"name\":\"Tulemused ja v\u00f5idunumbrid\",\"item\":\"https:\/\/onlinelotto365.com\/et\/voitnud-loosinumbrid\/\"},{\"@type\":\"ListItem\",\"position\":3,\"name\":\"Hispaania Bonoloto tulemused\"}]},{\"@type\":\"WebSite\",\"@id\":\"https:\/\/onlinelotto365.com\/et\/#website\",\"url\":\"https:\/\/onlinelotto365.com\/et\/\",\"name\":\"OnlineLotto365\",\"description\":\"\",\"potentialAction\":[{\"@type\":\"SearchAction\",\"target\":{\"@type\":\"EntryPoint\",\"urlTemplate\":\"https:\/\/onlinelotto365.com\/et\/?s={search_term_string}\"},\"query-input\":{\"@type\":\"PropertyValueSpecification\",\"valueRequired\":true,\"valueName\":\"search_term_string\"}}],\"inLanguage\":\"et\"}]}<\/script>\n<!-- \/ Yoast SEO plugin. -->","yoast_head_json":{"title":"Hispaania BonoLoto tulemused ja auhinnad","description":"Vaata siit, et teada saada, kas sinu Bonoloto piletid on v\u00f5itnud","robots":{"index":"index","follow":"follow","max-snippet":"max-snippet:-1","max-image-preview":"max-image-preview:large","max-video-preview":"max-video-preview:-1"},"canonical":"https:\/\/onlinelotto365.com\/et\/voitnud-loosinumbrid\/bonoloto\/","og_locale":"et_EE","og_type":"article","og_title":"Hispaania BonoLoto tulemused ja auhinnad","og_description":"Vaata siit, et teada saada, kas sinu Bonoloto piletid on v\u00f5itnud","og_url":"https:\/\/onlinelotto365.com\/et\/voitnud-loosinumbrid\/bonoloto\/","og_site_name":"OnlineLotto365","og_image":[{"url":"https:\/\/redfoxlotto.com\/image?size=8&amp;lottery=bonoloto"}],"twitter_card":"summary_large_image","twitter_misc":{"Est. reading time":"2 minutit"},"schema":{"@context":"https:\/\/schema.org","@graph":[{"@type":"WebPage","@id":"https:\/\/onlinelotto365.com\/et\/voitnud-loosinumbrid\/bonoloto\/","url":"https:\/\/onlinelotto365.com\/et\/voitnud-loosinumbrid\/bonoloto\/","name":"Hispaania BonoLoto tulemused ja auhinnad","isPartOf":{"@id":"https:\/\/onlinelotto365.com\/et\/#website"},"primaryImageOfPage":{"@id":"https:\/\/onlinelotto365.com\/et\/voitnud-loosinumbrid\/bonoloto\/#primaryimage"},"image":{"@id":"https:\/\/onlinelotto365.com\/et\/voitnud-loosinumbrid\/bonoloto\/#primaryimage"},"thumbnailUrl":"https:\/\/redfoxlotto.com\/image?size=8&amp;lottery=bonoloto","datePublished":"2022-11-22T12:18:41+00:00","dateModified":"2022-11-22T12:18:41+00:00","description":"Vaata siit, et teada saada, kas sinu Bonoloto piletid on v\u00f5itnud","breadcrumb":{"@id":"https:\/\/onlinelotto365.com\/et\/voitnud-loosinumbrid\/bonoloto\/#breadcrumb"},"inLanguage":"et","potentialAction":[{"@type":"ReadAction","target":["https:\/\/onlinelotto365.com\/et\/voitnud-loosinumbrid\/bonoloto\/"]}]},{"@type":"ImageObject","inLanguage":"et","@id":"https:\/\/onlinelotto365.com\/et\/voitnud-loosinumbrid\/bonoloto\/#primaryimage","url":"https:\/\/redfoxlotto.com\/image?size=8&amp;lottery=bonoloto","contentUrl":"https:\/\/redfoxlotto.com\/image?size=8&amp;lottery=bonoloto"},{"@type":"BreadcrumbList","@id":"https:\/\/onlinelotto365.com\/et\/voitnud-loosinumbrid\/bonoloto\/#breadcrumb","itemListElement":[{"@type":"ListItem","position":1,"name":"Home","item":"https:\/\/onlinelotto365.com\/et\/"},{"@type":"ListItem","position":2,"name":"Tulemused ja v\u00f5idunumbrid","item":"https:\/\/onlinelotto365.com\/et\/voitnud-loosinumbrid\/"},{"@type":"ListItem","position":3,"name":"Hispaania Bonoloto tulemused"}]},{"@type":"WebSite","@id":"https:\/\/onlinelotto365.com\/et\/#website","url":"https:\/\/onlinelotto365.com\/et\/","name":"OnlineLotto365","description":"","potentialAction":[{"@type":"SearchAction","target":{"@type":"EntryPoint","urlTemplate":"https:\/\/onlinelotto365.com\/et\/?s={search_term_string}"},"query-input":{"@type":"PropertyValueSpecification","valueRequired":true,"valueName":"search_term_string"}}],"inLanguage":"et"}]}},"_links":{"self":[{"href":"https:\/\/onlinelotto365.com\/et\/wp-json\/wp\/v2\/pages\/80728","targetHints":{"allow":["GET"]}}],"collection":[{"href":"https:\/\/onlinelotto365.com\/et\/wp-json\/wp\/v2\/pages"}],"about":[{"href":"https:\/\/onlinelotto365.com\/et\/wp-json\/wp\/v2\/types\/page"}],"author":[{"embeddable":true,"href":"https:\/\/onlinelotto365.com\/et\/wp-json\/wp\/v2\/users\/1"}],"replies":[{"embeddable":true,"href":"https:\/\/onlinelotto365.com\/et\/wp-json\/wp\/v2\/comments?post=80728"}],"version-history":[{"count":0,"href":"https:\/\/onlinelotto365.com\/et\/wp-json\/wp\/v2\/pages\/80728\/revisions"}],"up":[{"embeddable":true,"href":"https:\/\/onlinelotto365.com\/et\/wp-json\/wp\/v2\/pages\/5828"}],"wp:attachment":[{"href":"https:\/\/onlinelotto365.com\/et\/wp-json\/wp\/v2\/media?parent=80728"}],"curies":[{"name":"wp","href":"https:\/\/api.w.org\/{rel}","templated":true}]}}