{"id":80760,"date":"2022-11-23T07:14:53","date_gmt":"2022-11-23T06:14:53","guid":{"rendered":"https:\/\/onlinelotto365.com\/?page_id=80760"},"modified":"2022-11-23T07:14:53","modified_gmt":"2022-11-23T06:14:53","slug":"uk-loterii","status":"publish","type":"page","link":"https:\/\/onlinelotto365.com\/et\/voitnud-loosinumbrid\/uk-loterii\/","title":{"rendered":"\u00dchendkuningriigi loterii tulemused"},"content":{"rendered":"<p>Seal on palju erinevaid rahvusvahelisi m\u00e4nge ja me pakume neid palju. See v\u00f5ib t\u00e4hendada, et teil v\u00f5ib olla raske leida tulemusi p\u00e4rast loosimist. M\u00f5ni tahab vaadata ajalehtedest, kuid teie kohalikus ajalehes ei pruugi olla \u00dchendkuningriigi loterii tulemusi. Teisest k\u00fcljest ei pruugi ka telekanalitel neid tulemusi olla v\u00f5i v\u00f5ib kuluda aega, et leida \u00f5ige kanal, kus neid on.<br \/>\n<a href=\"https:\/\/redfoxlotto.com\/play\/lotto-uk\/?ref=a8564250a2&amp;medium=ol365\" target=\"_blank\" rel=\"noopener noreferrer\"><img decoding=\"async\" class=\"aligncenter\" src=\"https:\/\/redfoxlotto.com\/image?size=8&amp;lottery=lotto-uk\" alt=\"uk loterii\" \/><\/a><br \/>\nTeine v\u00f5imalus on vaadata \u00dchendkuningriigi loterii ametlikku veebisaiti, kus v\u00f5ib olla otse\u00fclekanne loosimise protsessist. Kuid mitte k\u00f5ik loteriim\u00e4ngud ei paku sellist otse\u00fclekandes\u00fcsteemi ja isegi kui nad seda teevad, peate olema seal \u00f5igel ajal. Niisiis, millist viisi saate kasutada \u00dchendkuningriigi loterii tulemuste leidmiseks?<br \/>\nTeine v\u00f5imalus on vaadata YouTube&#8217;ist viimast UK Lottery loosimist, kui see on juba l\u00f5ppenud. M\u00f5nikord laadivad inimesed salvestuse \u00fcles v\u00f5i postitavad v\u00f5idunumbrid mingil viisil.<\/p>\n<p>K\u00f5ige lihtsam meetod v\u00f5itnud numbrite leidmiseks on aga meie veebisait. Meie loterii tulemuste lehek\u00fclg n\u00e4itab teile nii \u00dchendkuningriigi loteriide kui ka k\u00f5igi teiste loteriim\u00e4ngude tulemusi ja auhindu, mis meil on saadaval.<\/p>\n<h2>Kuidas teada saada, kas teie veebipilet on v\u00f5itnud<\/h2>\n<p>Veelgi parem on see, et saate kontrollida oma kontolehte, kui olete juba pileteid ostnud. Oma konto lehel n\u00e4itame sulle iga sinu pileti v\u00f5idunumbreid ja v\u00f5rdleme neid sinu enda piletiga. Me isegi t\u00f5stame esile numbrid, mis vastavad.<br \/>\nJa kui sa v\u00f5idad v\u00e4hem kui 2500 eurot, ei pea sa midagi tegema, sest raha kantakse juba otse sinu m\u00e4ngijakontole kohe, kui tulemused on kontrollitud. Nii on sul lihtsam j\u00e4rgmiseks loosimiseks rohkem pileteid osta.<\/p>\n<h2>\u00dchendkuningriigi loterii tulemuste arhiiv<\/h2>\n<p>K\u00f5ik meie veebisaidi lehek\u00fcljed, mis n\u00e4itavad teile praeguseid v\u00f5idunumbreid, n\u00e4itavad teile ka vanu UK Lottery tulemusi. Saate vaadata eelmisi loosimisi vanade piletite kohta v\u00f5i v\u00e4lja selgitada numbrid, mida soovite j\u00e4rgmisel korral m\u00e4ngida. L\u00f5ppude l\u00f5puks meeldib paljudele inimestele vanu numbreid kontrollida, et valida oma numbreid.<\/p>\n<h2>Minu pilet on v\u00f5itnud, mis saab edasi?<\/h2>\n<p><img loading=\"lazy\" decoding=\"async\" class=\"alignright wp-image-3550\" src=\"https:\/\/onlinelotto365.com\/wp-content\/uploads\/2020\/11\/online_lottery-108-300x232.jpg\" alt=\"uk loterii tulemused\" width=\"146\" height=\"113\" srcset=\"https:\/\/onlinelotto365.com\/wp-content\/uploads\/2020\/11\/online_lottery-108-300x232.jpg 300w, https:\/\/onlinelotto365.com\/wp-content\/uploads\/2020\/11\/online_lottery-108.jpg 320w\" sizes=\"auto, (max-width: 146px) 100vw, 146px\" \/><br \/>\nKui sul on v\u00f5idupilet ja sul on \u00f5igus saada v\u00e4hem kui 2500 eurot, ei pea sa \u00fcldse midagi tegema. Me hoolitseme sinu eest k\u00f5ige eest ja hoolitseme selle eest, et sa saaksid oma v\u00f5idud otse oma kontole. Kui soovid seda raha kasutada, v\u00f5id sellega osta veel rohkem pileteid. Kui sa seda ei soovi, v\u00f5id raha v\u00e4lja v\u00f5tta, kui sul on v\u00e4hemalt 10 eurot olemas. See raha tuleb v\u00e4lja v\u00f5tta meie saidil juba kasutatud makseviisiga ning f\u00f6deraalsete eeskirjade j\u00e4rgimiseks peate v\u00f5ib-olla oma isikusamasust t\u00f5endama.<\/p>\n","protected":false},"excerpt":{"rendered":"<p>Seal on palju erinevaid rahvusvahelisi m\u00e4nge ja me pakume neid palju. See v\u00f5ib t\u00e4hendada, et teil v\u00f5ib olla raske leida tulemusi p\u00e4rast loosimist. M\u00f5ni tahab vaadata ajalehtedest, kuid teie kohalikus ajalehes ei pruugi olla \u00dchendkuningriigi loterii tulemusi. Teisest k\u00fcljest ei pruugi ka telekanalitel neid tulemusi olla v\u00f5i v\u00f5ib kuluda aega, et leida \u00f5ige kanal, kus [&hellip;]<\/p>\n","protected":false},"author":1,"featured_media":0,"parent":5828,"menu_order":9,"comment_status":"closed","ping_status":"closed","template":"lotto-uk-results.php","meta":{"_et_pb_use_builder":"","_et_pb_old_content":"","_et_gb_content_width":"","exclude_from_search":false,"footnotes":""},"class_list":["post-80760","page","type-page","status-publish","hentry"],"yoast_head":"<!-- This site is optimized with the Yoast SEO plugin v23.4 - https:\/\/yoast.com\/wordpress\/plugins\/seo\/ -->\n<title>Tulemused, v\u00f5itnud numbrid UK Lottery<\/title>\n<meta name=\"description\" content=\"Kohe p\u00e4rast loosimist vaata \u00dchendkuningriigi loterii tulemusi ja numbreid siit\" \/>\n<meta name=\"robots\" content=\"index, follow, max-snippet:-1, max-image-preview:large, max-video-preview:-1\" \/>\n<link rel=\"canonical\" href=\"https:\/\/onlinelotto365.com\/et\/voitnud-loosinumbrid\/uk-loterii\/\" \/>\n<meta property=\"og:locale\" content=\"et_EE\" \/>\n<meta property=\"og:type\" content=\"article\" \/>\n<meta property=\"og:title\" content=\"Tulemused, v\u00f5itnud numbrid UK Lottery\" \/>\n<meta property=\"og:description\" content=\"Kohe p\u00e4rast loosimist vaata \u00dchendkuningriigi loterii tulemusi ja numbreid siit\" \/>\n<meta property=\"og:url\" content=\"https:\/\/onlinelotto365.com\/et\/voitnud-loosinumbrid\/uk-loterii\/\" \/>\n<meta property=\"og:site_name\" content=\"OnlineLotto365\" \/>\n<meta property=\"og:image\" content=\"https:\/\/redfoxlotto.com\/image?size=8&amp;lottery=lotto-uk\" \/>\n<meta name=\"twitter:card\" content=\"summary_large_image\" \/>\n<meta name=\"twitter:label1\" content=\"Est. reading time\" \/>\n\t<meta name=\"twitter:data1\" content=\"2 minutit\" \/>\n<script type=\"application\/ld+json\" class=\"yoast-schema-graph\">{\"@context\":\"https:\/\/schema.org\",\"@graph\":[{\"@type\":\"WebPage\",\"@id\":\"https:\/\/onlinelotto365.com\/et\/voitnud-loosinumbrid\/uk-loterii\/\",\"url\":\"https:\/\/onlinelotto365.com\/et\/voitnud-loosinumbrid\/uk-loterii\/\",\"name\":\"Tulemused, v\u00f5itnud numbrid UK Lottery\",\"isPartOf\":{\"@id\":\"https:\/\/onlinelotto365.com\/et\/#website\"},\"primaryImageOfPage\":{\"@id\":\"https:\/\/onlinelotto365.com\/et\/voitnud-loosinumbrid\/uk-loterii\/#primaryimage\"},\"image\":{\"@id\":\"https:\/\/onlinelotto365.com\/et\/voitnud-loosinumbrid\/uk-loterii\/#primaryimage\"},\"thumbnailUrl\":\"https:\/\/redfoxlotto.com\/image?size=8&amp;lottery=lotto-uk\",\"datePublished\":\"2022-11-23T06:14:53+00:00\",\"dateModified\":\"2022-11-23T06:14:53+00:00\",\"description\":\"Kohe p\u00e4rast loosimist vaata \u00dchendkuningriigi loterii tulemusi ja numbreid siit\",\"breadcrumb\":{\"@id\":\"https:\/\/onlinelotto365.com\/et\/voitnud-loosinumbrid\/uk-loterii\/#breadcrumb\"},\"inLanguage\":\"et\",\"potentialAction\":[{\"@type\":\"ReadAction\",\"target\":[\"https:\/\/onlinelotto365.com\/et\/voitnud-loosinumbrid\/uk-loterii\/\"]}]},{\"@type\":\"ImageObject\",\"inLanguage\":\"et\",\"@id\":\"https:\/\/onlinelotto365.com\/et\/voitnud-loosinumbrid\/uk-loterii\/#primaryimage\",\"url\":\"https:\/\/redfoxlotto.com\/image?size=8&amp;lottery=lotto-uk\",\"contentUrl\":\"https:\/\/redfoxlotto.com\/image?size=8&amp;lottery=lotto-uk\"},{\"@type\":\"BreadcrumbList\",\"@id\":\"https:\/\/onlinelotto365.com\/et\/voitnud-loosinumbrid\/uk-loterii\/#breadcrumb\",\"itemListElement\":[{\"@type\":\"ListItem\",\"position\":1,\"name\":\"Home\",\"item\":\"https:\/\/onlinelotto365.com\/et\/\"},{\"@type\":\"ListItem\",\"position\":2,\"name\":\"Tulemused ja v\u00f5idunumbrid\",\"item\":\"https:\/\/onlinelotto365.com\/et\/voitnud-loosinumbrid\/\"},{\"@type\":\"ListItem\",\"position\":3,\"name\":\"\u00dchendkuningriigi loterii tulemused\"}]},{\"@type\":\"WebSite\",\"@id\":\"https:\/\/onlinelotto365.com\/et\/#website\",\"url\":\"https:\/\/onlinelotto365.com\/et\/\",\"name\":\"OnlineLotto365\",\"description\":\"\",\"potentialAction\":[{\"@type\":\"SearchAction\",\"target\":{\"@type\":\"EntryPoint\",\"urlTemplate\":\"https:\/\/onlinelotto365.com\/et\/?s={search_term_string}\"},\"query-input\":{\"@type\":\"PropertyValueSpecification\",\"valueRequired\":true,\"valueName\":\"search_term_string\"}}],\"inLanguage\":\"et\"}]}<\/script>\n<!-- \/ Yoast SEO plugin. -->","yoast_head_json":{"title":"Tulemused, v\u00f5itnud numbrid UK Lottery","description":"Kohe p\u00e4rast loosimist vaata \u00dchendkuningriigi loterii tulemusi ja numbreid siit","robots":{"index":"index","follow":"follow","max-snippet":"max-snippet:-1","max-image-preview":"max-image-preview:large","max-video-preview":"max-video-preview:-1"},"canonical":"https:\/\/onlinelotto365.com\/et\/voitnud-loosinumbrid\/uk-loterii\/","og_locale":"et_EE","og_type":"article","og_title":"Tulemused, v\u00f5itnud numbrid UK Lottery","og_description":"Kohe p\u00e4rast loosimist vaata \u00dchendkuningriigi loterii tulemusi ja numbreid siit","og_url":"https:\/\/onlinelotto365.com\/et\/voitnud-loosinumbrid\/uk-loterii\/","og_site_name":"OnlineLotto365","og_image":[{"url":"https:\/\/redfoxlotto.com\/image?size=8&amp;lottery=lotto-uk"}],"twitter_card":"summary_large_image","twitter_misc":{"Est. reading time":"2 minutit"},"schema":{"@context":"https:\/\/schema.org","@graph":[{"@type":"WebPage","@id":"https:\/\/onlinelotto365.com\/et\/voitnud-loosinumbrid\/uk-loterii\/","url":"https:\/\/onlinelotto365.com\/et\/voitnud-loosinumbrid\/uk-loterii\/","name":"Tulemused, v\u00f5itnud numbrid UK Lottery","isPartOf":{"@id":"https:\/\/onlinelotto365.com\/et\/#website"},"primaryImageOfPage":{"@id":"https:\/\/onlinelotto365.com\/et\/voitnud-loosinumbrid\/uk-loterii\/#primaryimage"},"image":{"@id":"https:\/\/onlinelotto365.com\/et\/voitnud-loosinumbrid\/uk-loterii\/#primaryimage"},"thumbnailUrl":"https:\/\/redfoxlotto.com\/image?size=8&amp;lottery=lotto-uk","datePublished":"2022-11-23T06:14:53+00:00","dateModified":"2022-11-23T06:14:53+00:00","description":"Kohe p\u00e4rast loosimist vaata \u00dchendkuningriigi loterii tulemusi ja numbreid siit","breadcrumb":{"@id":"https:\/\/onlinelotto365.com\/et\/voitnud-loosinumbrid\/uk-loterii\/#breadcrumb"},"inLanguage":"et","potentialAction":[{"@type":"ReadAction","target":["https:\/\/onlinelotto365.com\/et\/voitnud-loosinumbrid\/uk-loterii\/"]}]},{"@type":"ImageObject","inLanguage":"et","@id":"https:\/\/onlinelotto365.com\/et\/voitnud-loosinumbrid\/uk-loterii\/#primaryimage","url":"https:\/\/redfoxlotto.com\/image?size=8&amp;lottery=lotto-uk","contentUrl":"https:\/\/redfoxlotto.com\/image?size=8&amp;lottery=lotto-uk"},{"@type":"BreadcrumbList","@id":"https:\/\/onlinelotto365.com\/et\/voitnud-loosinumbrid\/uk-loterii\/#breadcrumb","itemListElement":[{"@type":"ListItem","position":1,"name":"Home","item":"https:\/\/onlinelotto365.com\/et\/"},{"@type":"ListItem","position":2,"name":"Tulemused ja v\u00f5idunumbrid","item":"https:\/\/onlinelotto365.com\/et\/voitnud-loosinumbrid\/"},{"@type":"ListItem","position":3,"name":"\u00dchendkuningriigi loterii tulemused"}]},{"@type":"WebSite","@id":"https:\/\/onlinelotto365.com\/et\/#website","url":"https:\/\/onlinelotto365.com\/et\/","name":"OnlineLotto365","description":"","potentialAction":[{"@type":"SearchAction","target":{"@type":"EntryPoint","urlTemplate":"https:\/\/onlinelotto365.com\/et\/?s={search_term_string}"},"query-input":{"@type":"PropertyValueSpecification","valueRequired":true,"valueName":"search_term_string"}}],"inLanguage":"et"}]}},"_links":{"self":[{"href":"https:\/\/onlinelotto365.com\/et\/wp-json\/wp\/v2\/pages\/80760","targetHints":{"allow":["GET"]}}],"collection":[{"href":"https:\/\/onlinelotto365.com\/et\/wp-json\/wp\/v2\/pages"}],"about":[{"href":"https:\/\/onlinelotto365.com\/et\/wp-json\/wp\/v2\/types\/page"}],"author":[{"embeddable":true,"href":"https:\/\/onlinelotto365.com\/et\/wp-json\/wp\/v2\/users\/1"}],"replies":[{"embeddable":true,"href":"https:\/\/onlinelotto365.com\/et\/wp-json\/wp\/v2\/comments?post=80760"}],"version-history":[{"count":0,"href":"https:\/\/onlinelotto365.com\/et\/wp-json\/wp\/v2\/pages\/80760\/revisions"}],"up":[{"embeddable":true,"href":"https:\/\/onlinelotto365.com\/et\/wp-json\/wp\/v2\/pages\/5828"}],"wp:attachment":[{"href":"https:\/\/onlinelotto365.com\/et\/wp-json\/wp\/v2\/media?parent=80760"}],"curies":[{"name":"wp","href":"https:\/\/api.w.org\/{rel}","templated":true}]}}