{"id":80792,"date":"2022-11-23T07:57:40","date_gmt":"2022-11-23T06:57:40","guid":{"rendered":"https:\/\/onlinelotto365.com\/?page_id=80792"},"modified":"2022-11-23T07:57:40","modified_gmt":"2022-11-23T06:57:40","slug":"set-for-life","status":"publish","type":"page","link":"https:\/\/onlinelotto365.com\/et\/voitnud-loosinumbrid\/set-for-life\/","title":{"rendered":"Elukorraldus loosimise tulemused"},"content":{"rendered":"<p>Rahvusvahelised loteriim\u00e4ngud v\u00f5ivad olla v\u00e4ga l\u00f5busad, kuid v\u00f5idunumbrite leidmiseks on vaja veidi vaeva n\u00e4ha. Set for Life&#8217;i numbrid ei pruugi olla saadaval teie kohalikus ajalehes. Seda seet\u00f5ttu, et te ei pruugi olla \u00f5iges piirkonnas.<br \/>\n<a href=\"https:\/\/redfoxlotto.com\/play\/set-for-life-uk\/?ref=a8564250a2&amp;medium=ol365\" target=\"_blank\" rel=\"noopener noreferrer\"><img decoding=\"async\" class=\"aligncenter\" src=\"https:\/\/redfoxlotto.com\/image?size=8&amp;lottery=set-for-life-uk\" alt=\"set for life\" \/><\/a><br \/>\nSama kehtib ka tulemuste vaatamise kohta televisioonis. Kui sa ei asu \u00f5iges piirkonnas, pead sa tegema palju otsinguid, et leida kanal, mis n\u00e4itab tulemusi.<br \/>\nV\u00f5id vaadata ka ametlikul Set for Life&#8217;i veebisaidil, et n\u00e4ha, kas neil on v\u00f5idunumbrite otse\u00fclekanne. Kui on, siis v\u00f5iksite seda vaadata, sest loosimise vaatamine otse\u00fclekandes on \u00fcks p\u00f5nevamaid v\u00f5imalusi. Teisest k\u00fcljest ei paku k\u00f5ik loteriim\u00e4ngud seda v\u00f5imalust ja te ei pruugi seda leida.<\/p>\n<p>Teine koht, kust otsida, on YouTube. Sealt v\u00f5ib m\u00f5nikord leida loosimisvideod p\u00e4rast loosimise toimumist ja v\u00f5ite leida v\u00f5idunumbrid.<\/p>\n<p>K\u00f5ige mugavam viis Set for Life&#8217;i v\u00f5idunumbrite leidmiseks on minna meie veebisaidile. Meil on olemas k\u00f5ik v\u00f5idunumbrid k\u00f5ikide meie m\u00e4ngude jaoks. Nii leiad Set for Life&#8217;i ja palju muud.<\/p>\n<h2>Kuidas teada saada, kas teie online-pilet on v\u00f5itnud<\/h2>\n<p>See muutub veelgi paremaks, kui sa oled juba ostnud Set for Life&#8217;i piletid meilt. Sest me muudame juba omandatud piletite kontrollimise veelgi lihtsamaks. Saate vaadata lehte, kus k\u00f5ik oma piletid on salvestatud, ja sealt leiate mitte ainult oma piletite numbrid, vaid ka v\u00f5idupileti numbrid. Me isegi hoolitseme selle eest, et teaksite, millised numbrid sobivad, m\u00e4rgistades need v\u00e4rvikoodiga. Nii ei pea sa isegi mitte ise valikuid vaatama. Seej\u00e4rel, kui v\u00f5idusumma on v\u00e4iksem kui 2500 eurot, ei pea sa muretsema, sest me kanname raha kohe sinu kontole.<\/p>\n<h2>Seadistage eluks ajaks tulemuste arhiiv<\/h2>\n<p>Need, kes soovivad vaadata Set for Life&#8217;i vanu numbreid, saavad seda h\u00f5lpsasti teha. Meil on arhiivi numbrid saadaval k\u00f5ikjal, kus on viimased tulemused. Nii n\u00e4ed, milliseid numbreid loositakse k\u00f5ige rohkem ja millised numbrid v\u00f5ivad olla j\u00e4rjekordse loosimise ajaks.<\/p>\n<h2>Minu pilet on v\u00f5itnud, mis saab edasi?<\/h2>\n<p><img loading=\"lazy\" decoding=\"async\" class=\"alignright wp-image-3543\" src=\"https:\/\/onlinelotto365.com\/wp-content\/uploads\/2020\/11\/online_lottery-3-300x300.jpg\" alt=\"set for life v\u00f5idunumbrid\" width=\"187\" height=\"187\" srcset=\"https:\/\/onlinelotto365.com\/wp-content\/uploads\/2020\/11\/online_lottery-3-300x300.jpg 300w, https:\/\/onlinelotto365.com\/wp-content\/uploads\/2020\/11\/online_lottery-3-100x100.jpg 100w, https:\/\/onlinelotto365.com\/wp-content\/uploads\/2020\/11\/online_lottery-3-150x150.jpg 150w, https:\/\/onlinelotto365.com\/wp-content\/uploads\/2020\/11\/online_lottery-3.jpg 320w\" sizes=\"auto, (max-width: 187px) 100vw, 187px\" \/><br \/>\nKui sa v\u00f5idad oma Set for Life&#8217;i lotopiletiga, j\u00e4\u00e4b sul vaid oodata ja vaadata, mis juhtub. Sest me hoolitseme teie eest enamiku asjade eest. Sa v\u00f5id oodata mis tahes summat, mis on v\u00e4iksem kui 2500 eurot, sest me kanname selle kohe sinu kontole, niipea kui v\u00f5idunumbrid on kontrollitud.<\/p>\n<p>Seej\u00e4rel, kui sinu kontol on v\u00e4hemalt 10 eurot, on sul v\u00f5imalus raha oma pangakontole v\u00e4lja v\u00f5tta. Sa pead lihtsalt veenduma, et kasutad kontot, mida oled meie s\u00fcsteemis juba varem kasutanud. Ja sa pead kinnitama oma identiteedi ja andmed meie makseprotsessorile. See on lihtne protsess, mida saab teha vaid m\u00f5ne vormiga ja enne kui te teate, et teie raha on saadaval.<\/p>\n","protected":false},"excerpt":{"rendered":"<p>Rahvusvahelised loteriim\u00e4ngud v\u00f5ivad olla v\u00e4ga l\u00f5busad, kuid v\u00f5idunumbrite leidmiseks on vaja veidi vaeva n\u00e4ha. Set for Life&#8217;i numbrid ei pruugi olla saadaval teie kohalikus ajalehes. Seda seet\u00f5ttu, et te ei pruugi olla \u00f5iges piirkonnas. Sama kehtib ka tulemuste vaatamise kohta televisioonis. Kui sa ei asu \u00f5iges piirkonnas, pead sa tegema palju otsinguid, et leida kanal, [&hellip;]<\/p>\n","protected":false},"author":1,"featured_media":0,"parent":5828,"menu_order":10,"comment_status":"closed","ping_status":"closed","template":"set-for-life-results.php","meta":{"_et_pb_use_builder":"","_et_pb_old_content":"","_et_gb_content_width":"","exclude_from_search":false,"footnotes":""},"class_list":["post-80792","page","type-page","status-publish","hentry"],"yoast_head":"<!-- This site is optimized with the Yoast SEO plugin v23.4 - https:\/\/yoast.com\/wordpress\/plugins\/seo\/ -->\n<title>Set for life viimased v\u00f5idunumbrid ja v\u00e4ljamaksed<\/title>\n<meta name=\"description\" content=\"Kas sa m\u00e4ngisid Set for life loteriid? Meil on viimased ja varasemad v\u00f5idunumbrid\" \/>\n<meta name=\"robots\" content=\"index, follow, max-snippet:-1, max-image-preview:large, max-video-preview:-1\" \/>\n<link rel=\"canonical\" href=\"https:\/\/onlinelotto365.com\/et\/voitnud-loosinumbrid\/set-for-life\/\" \/>\n<meta property=\"og:locale\" content=\"et_EE\" \/>\n<meta property=\"og:type\" content=\"article\" \/>\n<meta property=\"og:title\" content=\"Set for life viimased v\u00f5idunumbrid ja v\u00e4ljamaksed\" \/>\n<meta property=\"og:description\" content=\"Kas sa m\u00e4ngisid Set for life loteriid? Meil on viimased ja varasemad v\u00f5idunumbrid\" \/>\n<meta property=\"og:url\" content=\"https:\/\/onlinelotto365.com\/et\/voitnud-loosinumbrid\/set-for-life\/\" \/>\n<meta property=\"og:site_name\" content=\"OnlineLotto365\" \/>\n<meta property=\"og:image\" content=\"https:\/\/redfoxlotto.com\/image?size=8&amp;lottery=set-for-life-uk\" \/>\n<meta name=\"twitter:card\" content=\"summary_large_image\" \/>\n<meta name=\"twitter:label1\" content=\"Est. reading time\" \/>\n\t<meta name=\"twitter:data1\" content=\"3 minutit\" \/>\n<script type=\"application\/ld+json\" class=\"yoast-schema-graph\">{\"@context\":\"https:\/\/schema.org\",\"@graph\":[{\"@type\":\"WebPage\",\"@id\":\"https:\/\/onlinelotto365.com\/et\/voitnud-loosinumbrid\/set-for-life\/\",\"url\":\"https:\/\/onlinelotto365.com\/et\/voitnud-loosinumbrid\/set-for-life\/\",\"name\":\"Set for life viimased v\u00f5idunumbrid ja v\u00e4ljamaksed\",\"isPartOf\":{\"@id\":\"https:\/\/onlinelotto365.com\/et\/#website\"},\"primaryImageOfPage\":{\"@id\":\"https:\/\/onlinelotto365.com\/et\/voitnud-loosinumbrid\/set-for-life\/#primaryimage\"},\"image\":{\"@id\":\"https:\/\/onlinelotto365.com\/et\/voitnud-loosinumbrid\/set-for-life\/#primaryimage\"},\"thumbnailUrl\":\"https:\/\/redfoxlotto.com\/image?size=8&amp;lottery=set-for-life-uk\",\"datePublished\":\"2022-11-23T06:57:40+00:00\",\"dateModified\":\"2022-11-23T06:57:40+00:00\",\"description\":\"Kas sa m\u00e4ngisid Set for life loteriid? Meil on viimased ja varasemad v\u00f5idunumbrid\",\"breadcrumb\":{\"@id\":\"https:\/\/onlinelotto365.com\/et\/voitnud-loosinumbrid\/set-for-life\/#breadcrumb\"},\"inLanguage\":\"et\",\"potentialAction\":[{\"@type\":\"ReadAction\",\"target\":[\"https:\/\/onlinelotto365.com\/et\/voitnud-loosinumbrid\/set-for-life\/\"]}]},{\"@type\":\"ImageObject\",\"inLanguage\":\"et\",\"@id\":\"https:\/\/onlinelotto365.com\/et\/voitnud-loosinumbrid\/set-for-life\/#primaryimage\",\"url\":\"https:\/\/redfoxlotto.com\/image?size=8&amp;lottery=set-for-life-uk\",\"contentUrl\":\"https:\/\/redfoxlotto.com\/image?size=8&amp;lottery=set-for-life-uk\"},{\"@type\":\"BreadcrumbList\",\"@id\":\"https:\/\/onlinelotto365.com\/et\/voitnud-loosinumbrid\/set-for-life\/#breadcrumb\",\"itemListElement\":[{\"@type\":\"ListItem\",\"position\":1,\"name\":\"Home\",\"item\":\"https:\/\/onlinelotto365.com\/et\/\"},{\"@type\":\"ListItem\",\"position\":2,\"name\":\"Tulemused ja v\u00f5idunumbrid\",\"item\":\"https:\/\/onlinelotto365.com\/et\/voitnud-loosinumbrid\/\"},{\"@type\":\"ListItem\",\"position\":3,\"name\":\"Elukorraldus loosimise tulemused\"}]},{\"@type\":\"WebSite\",\"@id\":\"https:\/\/onlinelotto365.com\/et\/#website\",\"url\":\"https:\/\/onlinelotto365.com\/et\/\",\"name\":\"OnlineLotto365\",\"description\":\"\",\"potentialAction\":[{\"@type\":\"SearchAction\",\"target\":{\"@type\":\"EntryPoint\",\"urlTemplate\":\"https:\/\/onlinelotto365.com\/et\/?s={search_term_string}\"},\"query-input\":{\"@type\":\"PropertyValueSpecification\",\"valueRequired\":true,\"valueName\":\"search_term_string\"}}],\"inLanguage\":\"et\"}]}<\/script>\n<!-- \/ Yoast SEO plugin. -->","yoast_head_json":{"title":"Set for life viimased v\u00f5idunumbrid ja v\u00e4ljamaksed","description":"Kas sa m\u00e4ngisid Set for life loteriid? Meil on viimased ja varasemad v\u00f5idunumbrid","robots":{"index":"index","follow":"follow","max-snippet":"max-snippet:-1","max-image-preview":"max-image-preview:large","max-video-preview":"max-video-preview:-1"},"canonical":"https:\/\/onlinelotto365.com\/et\/voitnud-loosinumbrid\/set-for-life\/","og_locale":"et_EE","og_type":"article","og_title":"Set for life viimased v\u00f5idunumbrid ja v\u00e4ljamaksed","og_description":"Kas sa m\u00e4ngisid Set for life loteriid? Meil on viimased ja varasemad v\u00f5idunumbrid","og_url":"https:\/\/onlinelotto365.com\/et\/voitnud-loosinumbrid\/set-for-life\/","og_site_name":"OnlineLotto365","og_image":[{"url":"https:\/\/redfoxlotto.com\/image?size=8&amp;lottery=set-for-life-uk"}],"twitter_card":"summary_large_image","twitter_misc":{"Est. reading time":"3 minutit"},"schema":{"@context":"https:\/\/schema.org","@graph":[{"@type":"WebPage","@id":"https:\/\/onlinelotto365.com\/et\/voitnud-loosinumbrid\/set-for-life\/","url":"https:\/\/onlinelotto365.com\/et\/voitnud-loosinumbrid\/set-for-life\/","name":"Set for life viimased v\u00f5idunumbrid ja v\u00e4ljamaksed","isPartOf":{"@id":"https:\/\/onlinelotto365.com\/et\/#website"},"primaryImageOfPage":{"@id":"https:\/\/onlinelotto365.com\/et\/voitnud-loosinumbrid\/set-for-life\/#primaryimage"},"image":{"@id":"https:\/\/onlinelotto365.com\/et\/voitnud-loosinumbrid\/set-for-life\/#primaryimage"},"thumbnailUrl":"https:\/\/redfoxlotto.com\/image?size=8&amp;lottery=set-for-life-uk","datePublished":"2022-11-23T06:57:40+00:00","dateModified":"2022-11-23T06:57:40+00:00","description":"Kas sa m\u00e4ngisid Set for life loteriid? Meil on viimased ja varasemad v\u00f5idunumbrid","breadcrumb":{"@id":"https:\/\/onlinelotto365.com\/et\/voitnud-loosinumbrid\/set-for-life\/#breadcrumb"},"inLanguage":"et","potentialAction":[{"@type":"ReadAction","target":["https:\/\/onlinelotto365.com\/et\/voitnud-loosinumbrid\/set-for-life\/"]}]},{"@type":"ImageObject","inLanguage":"et","@id":"https:\/\/onlinelotto365.com\/et\/voitnud-loosinumbrid\/set-for-life\/#primaryimage","url":"https:\/\/redfoxlotto.com\/image?size=8&amp;lottery=set-for-life-uk","contentUrl":"https:\/\/redfoxlotto.com\/image?size=8&amp;lottery=set-for-life-uk"},{"@type":"BreadcrumbList","@id":"https:\/\/onlinelotto365.com\/et\/voitnud-loosinumbrid\/set-for-life\/#breadcrumb","itemListElement":[{"@type":"ListItem","position":1,"name":"Home","item":"https:\/\/onlinelotto365.com\/et\/"},{"@type":"ListItem","position":2,"name":"Tulemused ja v\u00f5idunumbrid","item":"https:\/\/onlinelotto365.com\/et\/voitnud-loosinumbrid\/"},{"@type":"ListItem","position":3,"name":"Elukorraldus loosimise tulemused"}]},{"@type":"WebSite","@id":"https:\/\/onlinelotto365.com\/et\/#website","url":"https:\/\/onlinelotto365.com\/et\/","name":"OnlineLotto365","description":"","potentialAction":[{"@type":"SearchAction","target":{"@type":"EntryPoint","urlTemplate":"https:\/\/onlinelotto365.com\/et\/?s={search_term_string}"},"query-input":{"@type":"PropertyValueSpecification","valueRequired":true,"valueName":"search_term_string"}}],"inLanguage":"et"}]}},"_links":{"self":[{"href":"https:\/\/onlinelotto365.com\/et\/wp-json\/wp\/v2\/pages\/80792","targetHints":{"allow":["GET"]}}],"collection":[{"href":"https:\/\/onlinelotto365.com\/et\/wp-json\/wp\/v2\/pages"}],"about":[{"href":"https:\/\/onlinelotto365.com\/et\/wp-json\/wp\/v2\/types\/page"}],"author":[{"embeddable":true,"href":"https:\/\/onlinelotto365.com\/et\/wp-json\/wp\/v2\/users\/1"}],"replies":[{"embeddable":true,"href":"https:\/\/onlinelotto365.com\/et\/wp-json\/wp\/v2\/comments?post=80792"}],"version-history":[{"count":0,"href":"https:\/\/onlinelotto365.com\/et\/wp-json\/wp\/v2\/pages\/80792\/revisions"}],"up":[{"embeddable":true,"href":"https:\/\/onlinelotto365.com\/et\/wp-json\/wp\/v2\/pages\/5828"}],"wp:attachment":[{"href":"https:\/\/onlinelotto365.com\/et\/wp-json\/wp\/v2\/media?parent=80792"}],"curies":[{"name":"wp","href":"https:\/\/api.w.org\/{rel}","templated":true}]}}