{"id":80829,"date":"2022-11-23T11:26:08","date_gmt":"2022-11-23T10:26:08","guid":{"rendered":"https:\/\/onlinelotto365.com\/?page_id=80829"},"modified":"2022-11-23T11:26:08","modified_gmt":"2022-11-23T10:26:08","slug":"saksa-loto","status":"publish","type":"page","link":"https:\/\/onlinelotto365.com\/et\/voitnud-loosinumbrid\/saksa-loto\/","title":{"rendered":"Vaata Saksa Lotto v\u00f5idunumbreid siin"},"content":{"rendered":"<p>Rahvusvaheliste loteriim\u00e4ngude j\u00e4lgimine v\u00f5ib olla veidi keerulisem, sest te ei pruugi elada samas piirkonnas, kus neid loositakse. Teil ei pruugi olla v\u00f5imalik kontrollida Saksa Lotto tulemusi oma kohalikust ajalehes. Ja te ei pruugi neid Saksa Loto v\u00f5idunumbreid leida ka televisioonist. Kui sa leiad need kummaski kohas, pead sa tegema korraliku uurimist\u00f6\u00f6, et sinna j\u00f5uda.<br \/>\n<a href=\"https:\/\/redfoxlotto.com\/play\/lotto-6aus49\/?ref=a8564250a2&amp;medium=ol365\" target=\"_blank\" rel=\"noopener noreferrer\"><img decoding=\"async\" class=\"aligncenter\" src=\"https:\/\/redfoxlotto.com\/image?size=8&amp;lottery=lotto-6aus49\" alt=\"Saksa Lotto 6aus49\" \/><\/a><br \/>\nSamuti v\u00f5ite m\u00f5elda, kas minna Saksa Loto veebilehele. M\u00f5nikord pakuvad need ametlikud veebisaidid live-loosimisi, nii et saate n\u00e4ha tulemusi, kui need saabuvad. K\u00f5ikidel m\u00e4ngudel ei ole aga seda v\u00f5imalust ja v\u00f5ite leida end ilma v\u00f5imaluseta leida oma tulemusi isegi ametlikul veebisaidil.<\/p>\n<p>V\u00f5iksite vaadata ka YouTube&#8217;i, et n\u00e4ha, kas keegi on \u00fcles laadinud video otse\u00fclekandega loosimisest v\u00f5i isegi video koos tulemustega m\u00f5ni aeg p\u00e4rast loosimise toimumist.<\/p>\n<p>K\u00f5ige lihtsam viis tulemuste leidmiseks on aga vaadata meie veebilehte. Me aitame teil leida Saksamaa loto tulemused otse meie tulemuste lehel. Seal jagame k\u00f5igi meie veebisaidil k\u00e4ttesaadavate loteriim\u00e4ngude v\u00f5idunumbreid.<\/p>\n<h2>Kuidas teada saada, kas teie internetipilet on v\u00f5itnud<\/h2>\n<p>Neile, kes ostsid meilt Saksa Loto piletid, on tulemuste saamine veelgi lihtsam. Sest k\u00f5ik, mida te peate tegema, on vaadata oma konto lehek\u00fclge. Seal n\u00e4ete, milliseid pileteid olete ostnud mis tahes meie m\u00e4ngude jaoks. Seej\u00e4rel saad samas kohas vaadata ka v\u00f5idunumbreid.<br \/>\nMe isegi t\u00f5stame esile k\u00f5ik numbrid, millele sa sobisid, et anda sulle teada, mida sa v\u00f5itsid. Ja kui sa v\u00f5idad v\u00e4hem kui 2500 eurot, hoolitseme selle lisamise eest sinu kontole kohe, kui numbrid on m\u00e4ngu poolt ametlikult kinnitatud. Nii lihtne on see sinu jaoks.<\/p>\n<h2>Saksa Lotto tulemuste arhiiv<\/h2>\n<p>Meie veebisaidi lehek\u00fclgedel, kus on Saksamaa Loto viimased numbrid, n\u00e4ete ka k\u00f5iki vanu numbreid meie arhiivist. Seda seet\u00f5ttu, et me teame, et paljud inimesed tahavad teada vanemaid numbreid, et aidata neil valida numbreid, mida nad soovivad kasutada oma j\u00e4rgmiste piletite jaoks. Me paneme need igale lehele, mis n\u00e4itab uusi numbreid.<\/p>\n<h2>Minu pilet on v\u00f5itnud, mis saab edasi?<\/h2>\n<p><img loading=\"lazy\" decoding=\"async\" class=\"alignright size-medium wp-image-3593\" src=\"https:\/\/onlinelotto365.com\/wp-content\/uploads\/2020\/11\/online_lottery-39-300x150.jpg\" alt=\"saksa loto v\u00f5idunumbrid\" width=\"300\" height=\"150\" srcset=\"https:\/\/onlinelotto365.com\/wp-content\/uploads\/2020\/11\/online_lottery-39-300x150.jpg 300w, https:\/\/onlinelotto365.com\/wp-content\/uploads\/2020\/11\/online_lottery-39.jpg 490w\" sizes=\"auto, (max-width: 300px) 100vw, 300px\" \/><br \/>\nKui olete v\u00f5itnud Saksa lotos ja teie v\u00f5idupilet on v\u00e4\u00e4rtusega alla 2500 euro, hoolitseme selle eest, et raha kantakse teie kontole niipea, kui k\u00f5ik v\u00f5idunumbrid on kontrollitud. See t\u00e4hendab, et sa ei pea midagi tegema. Kui v\u00f5idupileti v\u00e4\u00e4rtus on suurem kui 2500 eurot, pead sa t\u00e4itma vormi, kuid me aitame sind siiski protsessi k\u00e4igus. Seej\u00e4rel, kui sinu kontol on v\u00e4hemalt 10 eurot, on sul v\u00f5imalus raha v\u00e4lja v\u00f5tta mis tahes pangakontole v\u00f5i krediitkaardikontole, mida oled juba meie saidil kasutanud. Kui sa ei ole veel meie kontot kasutanud, siis ei saa sa raha sinna v\u00e4lja v\u00f5tta.<\/p>\n","protected":false},"excerpt":{"rendered":"<p>Rahvusvaheliste loteriim\u00e4ngude j\u00e4lgimine v\u00f5ib olla veidi keerulisem, sest te ei pruugi elada samas piirkonnas, kus neid loositakse. Teil ei pruugi olla v\u00f5imalik kontrollida Saksa Lotto tulemusi oma kohalikust ajalehes. Ja te ei pruugi neid Saksa Loto v\u00f5idunumbreid leida ka televisioonist. Kui sa leiad need kummaski kohas, pead sa tegema korraliku uurimist\u00f6\u00f6, et sinna j\u00f5uda. Samuti [&hellip;]<\/p>\n","protected":false},"author":1,"featured_media":0,"parent":5828,"menu_order":11,"comment_status":"closed","ping_status":"closed","template":"lotto-german-results.php","meta":{"_et_pb_use_builder":"","_et_pb_old_content":"","_et_gb_content_width":"","exclude_from_search":false,"footnotes":""},"class_list":["post-80829","page","type-page","status-publish","hentry"],"yoast_head":"<!-- This site is optimized with the Yoast SEO plugin v23.4 - https:\/\/yoast.com\/wordpress\/plugins\/seo\/ -->\n<title>V\u00f5itnud numbrid Saksa Lotto | Loosimise tulemused ja v\u00f5idetud summad Saksa Lotto jaoks<\/title>\n<meta name=\"description\" content=\"Kui soovite leida v\u00f5idunumbrid Saksa Loterii 6aus49, vaadake siit!\" \/>\n<meta name=\"robots\" content=\"index, follow, max-snippet:-1, max-image-preview:large, max-video-preview:-1\" \/>\n<link rel=\"canonical\" href=\"https:\/\/onlinelotto365.com\/et\/voitnud-loosinumbrid\/saksa-loto\/\" \/>\n<meta property=\"og:locale\" content=\"et_EE\" \/>\n<meta property=\"og:type\" content=\"article\" \/>\n<meta property=\"og:title\" content=\"V\u00f5itnud numbrid Saksa Lotto | Loosimise tulemused ja v\u00f5idetud summad Saksa Lotto jaoks\" \/>\n<meta property=\"og:description\" content=\"Kui soovite leida v\u00f5idunumbrid Saksa Loterii 6aus49, vaadake siit!\" \/>\n<meta property=\"og:url\" content=\"https:\/\/onlinelotto365.com\/et\/voitnud-loosinumbrid\/saksa-loto\/\" \/>\n<meta property=\"og:site_name\" content=\"OnlineLotto365\" \/>\n<meta property=\"og:image\" content=\"https:\/\/redfoxlotto.com\/image?size=8&amp;lottery=lotto-6aus49\" \/>\n<meta name=\"twitter:card\" content=\"summary_large_image\" \/>\n<meta name=\"twitter:label1\" content=\"Est. reading time\" \/>\n\t<meta name=\"twitter:data1\" content=\"2 minutit\" \/>\n<script type=\"application\/ld+json\" class=\"yoast-schema-graph\">{\"@context\":\"https:\/\/schema.org\",\"@graph\":[{\"@type\":\"WebPage\",\"@id\":\"https:\/\/onlinelotto365.com\/et\/voitnud-loosinumbrid\/saksa-loto\/\",\"url\":\"https:\/\/onlinelotto365.com\/et\/voitnud-loosinumbrid\/saksa-loto\/\",\"name\":\"V\u00f5itnud numbrid Saksa Lotto | Loosimise tulemused ja v\u00f5idetud summad Saksa Lotto jaoks\",\"isPartOf\":{\"@id\":\"https:\/\/onlinelotto365.com\/et\/#website\"},\"primaryImageOfPage\":{\"@id\":\"https:\/\/onlinelotto365.com\/et\/voitnud-loosinumbrid\/saksa-loto\/#primaryimage\"},\"image\":{\"@id\":\"https:\/\/onlinelotto365.com\/et\/voitnud-loosinumbrid\/saksa-loto\/#primaryimage\"},\"thumbnailUrl\":\"https:\/\/redfoxlotto.com\/image?size=8&amp;lottery=lotto-6aus49\",\"datePublished\":\"2022-11-23T10:26:08+00:00\",\"dateModified\":\"2022-11-23T10:26:08+00:00\",\"description\":\"Kui soovite leida v\u00f5idunumbrid Saksa Loterii 6aus49, vaadake siit!\",\"breadcrumb\":{\"@id\":\"https:\/\/onlinelotto365.com\/et\/voitnud-loosinumbrid\/saksa-loto\/#breadcrumb\"},\"inLanguage\":\"et\",\"potentialAction\":[{\"@type\":\"ReadAction\",\"target\":[\"https:\/\/onlinelotto365.com\/et\/voitnud-loosinumbrid\/saksa-loto\/\"]}]},{\"@type\":\"ImageObject\",\"inLanguage\":\"et\",\"@id\":\"https:\/\/onlinelotto365.com\/et\/voitnud-loosinumbrid\/saksa-loto\/#primaryimage\",\"url\":\"https:\/\/redfoxlotto.com\/image?size=8&amp;lottery=lotto-6aus49\",\"contentUrl\":\"https:\/\/redfoxlotto.com\/image?size=8&amp;lottery=lotto-6aus49\"},{\"@type\":\"BreadcrumbList\",\"@id\":\"https:\/\/onlinelotto365.com\/et\/voitnud-loosinumbrid\/saksa-loto\/#breadcrumb\",\"itemListElement\":[{\"@type\":\"ListItem\",\"position\":1,\"name\":\"Home\",\"item\":\"https:\/\/onlinelotto365.com\/et\/\"},{\"@type\":\"ListItem\",\"position\":2,\"name\":\"Tulemused ja v\u00f5idunumbrid\",\"item\":\"https:\/\/onlinelotto365.com\/et\/voitnud-loosinumbrid\/\"},{\"@type\":\"ListItem\",\"position\":3,\"name\":\"Vaata Saksa Lotto v\u00f5idunumbreid siin\"}]},{\"@type\":\"WebSite\",\"@id\":\"https:\/\/onlinelotto365.com\/et\/#website\",\"url\":\"https:\/\/onlinelotto365.com\/et\/\",\"name\":\"OnlineLotto365\",\"description\":\"\",\"potentialAction\":[{\"@type\":\"SearchAction\",\"target\":{\"@type\":\"EntryPoint\",\"urlTemplate\":\"https:\/\/onlinelotto365.com\/et\/?s={search_term_string}\"},\"query-input\":{\"@type\":\"PropertyValueSpecification\",\"valueRequired\":true,\"valueName\":\"search_term_string\"}}],\"inLanguage\":\"et\"}]}<\/script>\n<!-- \/ Yoast SEO plugin. -->","yoast_head_json":{"title":"V\u00f5itnud numbrid Saksa Lotto | Loosimise tulemused ja v\u00f5idetud summad Saksa Lotto jaoks","description":"Kui soovite leida v\u00f5idunumbrid Saksa Loterii 6aus49, vaadake siit!","robots":{"index":"index","follow":"follow","max-snippet":"max-snippet:-1","max-image-preview":"max-image-preview:large","max-video-preview":"max-video-preview:-1"},"canonical":"https:\/\/onlinelotto365.com\/et\/voitnud-loosinumbrid\/saksa-loto\/","og_locale":"et_EE","og_type":"article","og_title":"V\u00f5itnud numbrid Saksa Lotto | Loosimise tulemused ja v\u00f5idetud summad Saksa Lotto jaoks","og_description":"Kui soovite leida v\u00f5idunumbrid Saksa Loterii 6aus49, vaadake siit!","og_url":"https:\/\/onlinelotto365.com\/et\/voitnud-loosinumbrid\/saksa-loto\/","og_site_name":"OnlineLotto365","og_image":[{"url":"https:\/\/redfoxlotto.com\/image?size=8&amp;lottery=lotto-6aus49"}],"twitter_card":"summary_large_image","twitter_misc":{"Est. reading time":"2 minutit"},"schema":{"@context":"https:\/\/schema.org","@graph":[{"@type":"WebPage","@id":"https:\/\/onlinelotto365.com\/et\/voitnud-loosinumbrid\/saksa-loto\/","url":"https:\/\/onlinelotto365.com\/et\/voitnud-loosinumbrid\/saksa-loto\/","name":"V\u00f5itnud numbrid Saksa Lotto | Loosimise tulemused ja v\u00f5idetud summad Saksa Lotto jaoks","isPartOf":{"@id":"https:\/\/onlinelotto365.com\/et\/#website"},"primaryImageOfPage":{"@id":"https:\/\/onlinelotto365.com\/et\/voitnud-loosinumbrid\/saksa-loto\/#primaryimage"},"image":{"@id":"https:\/\/onlinelotto365.com\/et\/voitnud-loosinumbrid\/saksa-loto\/#primaryimage"},"thumbnailUrl":"https:\/\/redfoxlotto.com\/image?size=8&amp;lottery=lotto-6aus49","datePublished":"2022-11-23T10:26:08+00:00","dateModified":"2022-11-23T10:26:08+00:00","description":"Kui soovite leida v\u00f5idunumbrid Saksa Loterii 6aus49, vaadake siit!","breadcrumb":{"@id":"https:\/\/onlinelotto365.com\/et\/voitnud-loosinumbrid\/saksa-loto\/#breadcrumb"},"inLanguage":"et","potentialAction":[{"@type":"ReadAction","target":["https:\/\/onlinelotto365.com\/et\/voitnud-loosinumbrid\/saksa-loto\/"]}]},{"@type":"ImageObject","inLanguage":"et","@id":"https:\/\/onlinelotto365.com\/et\/voitnud-loosinumbrid\/saksa-loto\/#primaryimage","url":"https:\/\/redfoxlotto.com\/image?size=8&amp;lottery=lotto-6aus49","contentUrl":"https:\/\/redfoxlotto.com\/image?size=8&amp;lottery=lotto-6aus49"},{"@type":"BreadcrumbList","@id":"https:\/\/onlinelotto365.com\/et\/voitnud-loosinumbrid\/saksa-loto\/#breadcrumb","itemListElement":[{"@type":"ListItem","position":1,"name":"Home","item":"https:\/\/onlinelotto365.com\/et\/"},{"@type":"ListItem","position":2,"name":"Tulemused ja v\u00f5idunumbrid","item":"https:\/\/onlinelotto365.com\/et\/voitnud-loosinumbrid\/"},{"@type":"ListItem","position":3,"name":"Vaata Saksa Lotto v\u00f5idunumbreid siin"}]},{"@type":"WebSite","@id":"https:\/\/onlinelotto365.com\/et\/#website","url":"https:\/\/onlinelotto365.com\/et\/","name":"OnlineLotto365","description":"","potentialAction":[{"@type":"SearchAction","target":{"@type":"EntryPoint","urlTemplate":"https:\/\/onlinelotto365.com\/et\/?s={search_term_string}"},"query-input":{"@type":"PropertyValueSpecification","valueRequired":true,"valueName":"search_term_string"}}],"inLanguage":"et"}]}},"_links":{"self":[{"href":"https:\/\/onlinelotto365.com\/et\/wp-json\/wp\/v2\/pages\/80829","targetHints":{"allow":["GET"]}}],"collection":[{"href":"https:\/\/onlinelotto365.com\/et\/wp-json\/wp\/v2\/pages"}],"about":[{"href":"https:\/\/onlinelotto365.com\/et\/wp-json\/wp\/v2\/types\/page"}],"author":[{"embeddable":true,"href":"https:\/\/onlinelotto365.com\/et\/wp-json\/wp\/v2\/users\/1"}],"replies":[{"embeddable":true,"href":"https:\/\/onlinelotto365.com\/et\/wp-json\/wp\/v2\/comments?post=80829"}],"version-history":[{"count":0,"href":"https:\/\/onlinelotto365.com\/et\/wp-json\/wp\/v2\/pages\/80829\/revisions"}],"up":[{"embeddable":true,"href":"https:\/\/onlinelotto365.com\/et\/wp-json\/wp\/v2\/pages\/5828"}],"wp:attachment":[{"href":"https:\/\/onlinelotto365.com\/et\/wp-json\/wp\/v2\/media?parent=80829"}],"curies":[{"name":"wp","href":"https:\/\/api.w.org\/{rel}","templated":true}]}}