{"id":80861,"date":"2022-11-23T12:21:04","date_gmt":"2022-11-23T11:21:04","guid":{"rendered":"https:\/\/onlinelotto365.com\/?page_id=80861"},"modified":"2022-11-23T12:21:04","modified_gmt":"2022-11-23T11:21:04","slug":"mega-sena","status":"publish","type":"page","link":"https:\/\/onlinelotto365.com\/et\/voitnud-loosinumbrid\/mega-sena\/","title":{"rendered":"Mega-Sena Brasiiliast &#8211; viimased v\u00f5idunumbrid"},"content":{"rendered":"<p>Seal on palju erinevaid m\u00e4nge ja sa tahad veenduda, et leiad v\u00f5idunumbrid v\u00f5imalikult kiiresti. Noh, see on v\u00f5imalik mitmel erineval viisil, kui tead, kust otsida. V\u00f5idunumbrid on m\u00f5nikord saadaval ajalehes, kui elad piirkonnas, kus see on kohalik m\u00e4ng. See v\u00f5ib t\u00e4hendada, et Mega-Sena tulemused ei ole sinu piirkonnas k\u00e4ttesaadavad. Samuti n\u00e4idatakse m\u00f5nes piirkonnas v\u00f5idunumbreid televisioonis, mis juhtub ainult siis, kui elad teatud piirkondades.<br \/>\n<a href=\"https:\/\/redfoxlotto.com\/play\/mega-sena\/?ref=a8564250a2&amp;medium=ol365\" target=\"_blank\" rel=\"noopener noreferrer\"><img decoding=\"async\" class=\"aligncenter\" src=\"https:\/\/redfoxlotto.com\/image?size=8&amp;lottery=mega-sena\" alt=\"mega-sena\" \/><\/a><\/p>\n<p>Teine v\u00f5imalus on vaadata Mega-Sena loterii veebisaidilt, et n\u00e4ha, kas neil on m\u00e4ngu loosimise ajal otse\u00fclekanne. K\u00f5ik m\u00e4ngud seda ei tee, kuid nende puhul, kes seda teevad, v\u00f5ib see olla p\u00f5nev kogemus k\u00f5igile, kes vaatavad. Eriti kui sa oled tegelikult v\u00f5itja ja vaatad oma numbrite loosimist.<\/p>\n<p>Samuti on v\u00f5imalus minna YouTube&#8217;i. M\u00f5nikord laadivad inimesed loosimisest \u00fcles live-videod internetti ja sa v\u00f5id n\u00e4ha viimast Mega Sena loosimist.<\/p>\n<p>K\u00f5ige lihtsam viis v\u00f5idunumbrite leidmiseks on aga meie veebisaidi vaatamine. Me saame anda teile juurdep\u00e4\u00e4su k\u00f5ikidele Mega Sena ja ka k\u00f5igi teiste m\u00e4ngude v\u00f5idunumbritele, mida soovite, mis meil on saadaval. See muudab soovitud tulemuste leidmise lihtsamaks.<\/p>\n<h2>Kuidas teada saada, kas teie v\u00f5rgupilet on v\u00f5itnud<\/h2>\n<p>Veelgi parem on see, et saate otse oma kontole sisse logida ja leida ka k\u00f5igi m\u00e4ngude tulemused, mille jaoks olete pileteid ostnud. Sa lihtsalt l\u00e4hed veebilehe sellesse ossa, kus on sinu piletid salvestatud, ja leiad nende piletite v\u00f5idunumbrid.<\/p>\n<p>Seej\u00e4rel saate isegi vaadata, millised on need v\u00f5idunumbrid, mis vastavad teie praegustele numbritele, nii et saate n\u00e4ha, kui palju olete juba v\u00f5itnud. Kui see on v\u00e4hem kui 2500 eurot, siis hoolitseme selle raha saamise eest otse sinu kontole, et saaksid hakata seda kulutama v\u00f5i oma kontole v\u00e4lja v\u00f5tta. K\u00f5ik, mida sa pead tegema, on veenduda, et sa v\u00f5tad raha v\u00e4lja kontole, mida sa juba kasutad meie juures.<\/p>\n<h2>Mega-Sena tulemuste arhiiv<\/h2>\n<p><img loading=\"lazy\" decoding=\"async\" class=\"alignright wp-image-3640\" src=\"https:\/\/onlinelotto365.com\/wp-content\/uploads\/2020\/11\/lottery_balls1-300x160.jpg\" alt=\"mega-sena tulemused\" width=\"249\" height=\"133\" srcset=\"https:\/\/onlinelotto365.com\/wp-content\/uploads\/2020\/11\/lottery_balls1-300x160.jpg 300w, https:\/\/onlinelotto365.com\/wp-content\/uploads\/2020\/11\/lottery_balls1.jpg 472w\" sizes=\"auto, (max-width: 249px) 100vw, 249px\" \/><br \/>\nNeile, kes soovivad saada juurdep\u00e4\u00e4su Mega-Sena vanematele numbritele, tasub l\u00e4hemalt uurida veebilehti, kus on juba saadaval viimased numbrid. Sealt leiate ka k\u00f5ik vanad numbrid, nii et te ei pea muretsema, et j\u00e4\u00e4te ilma parimast teabest, mida saate oma j\u00e4rgmiste numbrite valimiseks kasutada.<\/p>\n","protected":false},"excerpt":{"rendered":"<p>Seal on palju erinevaid m\u00e4nge ja sa tahad veenduda, et leiad v\u00f5idunumbrid v\u00f5imalikult kiiresti. Noh, see on v\u00f5imalik mitmel erineval viisil, kui tead, kust otsida. V\u00f5idunumbrid on m\u00f5nikord saadaval ajalehes, kui elad piirkonnas, kus see on kohalik m\u00e4ng. See v\u00f5ib t\u00e4hendada, et Mega-Sena tulemused ei ole sinu piirkonnas k\u00e4ttesaadavad. Samuti n\u00e4idatakse m\u00f5nes piirkonnas v\u00f5idunumbreid televisioonis, [&hellip;]<\/p>\n","protected":false},"author":1,"featured_media":0,"parent":5828,"menu_order":12,"comment_status":"closed","ping_status":"closed","template":"megasena-results.php","meta":{"_et_pb_use_builder":"","_et_pb_old_content":"","_et_gb_content_width":"","exclude_from_search":false,"footnotes":""},"class_list":["post-80861","page","type-page","status-publish","hentry"],"yoast_head":"<!-- This site is optimized with the Yoast SEO plugin v23.4 - https:\/\/yoast.com\/wordpress\/plugins\/seo\/ -->\n<title>Mega-Sena viimased loosimise tulemused ja auhinnad<\/title>\n<meta name=\"description\" content=\"Mega-Sena Brasiilia ja paljude teiste \u00fclemaailmsete loteriide tulemused leiad siit\" \/>\n<meta name=\"robots\" content=\"index, follow, max-snippet:-1, max-image-preview:large, max-video-preview:-1\" \/>\n<link rel=\"canonical\" href=\"https:\/\/onlinelotto365.com\/et\/voitnud-loosinumbrid\/mega-sena\/\" \/>\n<meta property=\"og:locale\" content=\"et_EE\" \/>\n<meta property=\"og:type\" content=\"article\" \/>\n<meta property=\"og:title\" content=\"Mega-Sena viimased loosimise tulemused ja auhinnad\" \/>\n<meta property=\"og:description\" content=\"Mega-Sena Brasiilia ja paljude teiste \u00fclemaailmsete loteriide tulemused leiad siit\" \/>\n<meta property=\"og:url\" content=\"https:\/\/onlinelotto365.com\/et\/voitnud-loosinumbrid\/mega-sena\/\" \/>\n<meta property=\"og:site_name\" content=\"OnlineLotto365\" \/>\n<meta property=\"og:image\" content=\"https:\/\/redfoxlotto.com\/image?size=8&amp;lottery=mega-sena\" \/>\n<meta name=\"twitter:card\" content=\"summary_large_image\" \/>\n<meta name=\"twitter:label1\" content=\"Est. reading time\" \/>\n\t<meta name=\"twitter:data1\" content=\"2 minutit\" \/>\n<script type=\"application\/ld+json\" class=\"yoast-schema-graph\">{\"@context\":\"https:\/\/schema.org\",\"@graph\":[{\"@type\":\"WebPage\",\"@id\":\"https:\/\/onlinelotto365.com\/et\/voitnud-loosinumbrid\/mega-sena\/\",\"url\":\"https:\/\/onlinelotto365.com\/et\/voitnud-loosinumbrid\/mega-sena\/\",\"name\":\"Mega-Sena viimased loosimise tulemused ja auhinnad\",\"isPartOf\":{\"@id\":\"https:\/\/onlinelotto365.com\/et\/#website\"},\"primaryImageOfPage\":{\"@id\":\"https:\/\/onlinelotto365.com\/et\/voitnud-loosinumbrid\/mega-sena\/#primaryimage\"},\"image\":{\"@id\":\"https:\/\/onlinelotto365.com\/et\/voitnud-loosinumbrid\/mega-sena\/#primaryimage\"},\"thumbnailUrl\":\"https:\/\/redfoxlotto.com\/image?size=8&amp;lottery=mega-sena\",\"datePublished\":\"2022-11-23T11:21:04+00:00\",\"dateModified\":\"2022-11-23T11:21:04+00:00\",\"description\":\"Mega-Sena Brasiilia ja paljude teiste \u00fclemaailmsete loteriide tulemused leiad siit\",\"breadcrumb\":{\"@id\":\"https:\/\/onlinelotto365.com\/et\/voitnud-loosinumbrid\/mega-sena\/#breadcrumb\"},\"inLanguage\":\"et\",\"potentialAction\":[{\"@type\":\"ReadAction\",\"target\":[\"https:\/\/onlinelotto365.com\/et\/voitnud-loosinumbrid\/mega-sena\/\"]}]},{\"@type\":\"ImageObject\",\"inLanguage\":\"et\",\"@id\":\"https:\/\/onlinelotto365.com\/et\/voitnud-loosinumbrid\/mega-sena\/#primaryimage\",\"url\":\"https:\/\/redfoxlotto.com\/image?size=8&amp;lottery=mega-sena\",\"contentUrl\":\"https:\/\/redfoxlotto.com\/image?size=8&amp;lottery=mega-sena\"},{\"@type\":\"BreadcrumbList\",\"@id\":\"https:\/\/onlinelotto365.com\/et\/voitnud-loosinumbrid\/mega-sena\/#breadcrumb\",\"itemListElement\":[{\"@type\":\"ListItem\",\"position\":1,\"name\":\"Home\",\"item\":\"https:\/\/onlinelotto365.com\/et\/\"},{\"@type\":\"ListItem\",\"position\":2,\"name\":\"Tulemused ja v\u00f5idunumbrid\",\"item\":\"https:\/\/onlinelotto365.com\/et\/voitnud-loosinumbrid\/\"},{\"@type\":\"ListItem\",\"position\":3,\"name\":\"Mega-Sena Brasiiliast &#8211; viimased v\u00f5idunumbrid\"}]},{\"@type\":\"WebSite\",\"@id\":\"https:\/\/onlinelotto365.com\/et\/#website\",\"url\":\"https:\/\/onlinelotto365.com\/et\/\",\"name\":\"OnlineLotto365\",\"description\":\"\",\"potentialAction\":[{\"@type\":\"SearchAction\",\"target\":{\"@type\":\"EntryPoint\",\"urlTemplate\":\"https:\/\/onlinelotto365.com\/et\/?s={search_term_string}\"},\"query-input\":{\"@type\":\"PropertyValueSpecification\",\"valueRequired\":true,\"valueName\":\"search_term_string\"}}],\"inLanguage\":\"et\"}]}<\/script>\n<!-- \/ Yoast SEO plugin. -->","yoast_head_json":{"title":"Mega-Sena viimased loosimise tulemused ja auhinnad","description":"Mega-Sena Brasiilia ja paljude teiste \u00fclemaailmsete loteriide tulemused leiad siit","robots":{"index":"index","follow":"follow","max-snippet":"max-snippet:-1","max-image-preview":"max-image-preview:large","max-video-preview":"max-video-preview:-1"},"canonical":"https:\/\/onlinelotto365.com\/et\/voitnud-loosinumbrid\/mega-sena\/","og_locale":"et_EE","og_type":"article","og_title":"Mega-Sena viimased loosimise tulemused ja auhinnad","og_description":"Mega-Sena Brasiilia ja paljude teiste \u00fclemaailmsete loteriide tulemused leiad siit","og_url":"https:\/\/onlinelotto365.com\/et\/voitnud-loosinumbrid\/mega-sena\/","og_site_name":"OnlineLotto365","og_image":[{"url":"https:\/\/redfoxlotto.com\/image?size=8&amp;lottery=mega-sena"}],"twitter_card":"summary_large_image","twitter_misc":{"Est. reading time":"2 minutit"},"schema":{"@context":"https:\/\/schema.org","@graph":[{"@type":"WebPage","@id":"https:\/\/onlinelotto365.com\/et\/voitnud-loosinumbrid\/mega-sena\/","url":"https:\/\/onlinelotto365.com\/et\/voitnud-loosinumbrid\/mega-sena\/","name":"Mega-Sena viimased loosimise tulemused ja auhinnad","isPartOf":{"@id":"https:\/\/onlinelotto365.com\/et\/#website"},"primaryImageOfPage":{"@id":"https:\/\/onlinelotto365.com\/et\/voitnud-loosinumbrid\/mega-sena\/#primaryimage"},"image":{"@id":"https:\/\/onlinelotto365.com\/et\/voitnud-loosinumbrid\/mega-sena\/#primaryimage"},"thumbnailUrl":"https:\/\/redfoxlotto.com\/image?size=8&amp;lottery=mega-sena","datePublished":"2022-11-23T11:21:04+00:00","dateModified":"2022-11-23T11:21:04+00:00","description":"Mega-Sena Brasiilia ja paljude teiste \u00fclemaailmsete loteriide tulemused leiad siit","breadcrumb":{"@id":"https:\/\/onlinelotto365.com\/et\/voitnud-loosinumbrid\/mega-sena\/#breadcrumb"},"inLanguage":"et","potentialAction":[{"@type":"ReadAction","target":["https:\/\/onlinelotto365.com\/et\/voitnud-loosinumbrid\/mega-sena\/"]}]},{"@type":"ImageObject","inLanguage":"et","@id":"https:\/\/onlinelotto365.com\/et\/voitnud-loosinumbrid\/mega-sena\/#primaryimage","url":"https:\/\/redfoxlotto.com\/image?size=8&amp;lottery=mega-sena","contentUrl":"https:\/\/redfoxlotto.com\/image?size=8&amp;lottery=mega-sena"},{"@type":"BreadcrumbList","@id":"https:\/\/onlinelotto365.com\/et\/voitnud-loosinumbrid\/mega-sena\/#breadcrumb","itemListElement":[{"@type":"ListItem","position":1,"name":"Home","item":"https:\/\/onlinelotto365.com\/et\/"},{"@type":"ListItem","position":2,"name":"Tulemused ja v\u00f5idunumbrid","item":"https:\/\/onlinelotto365.com\/et\/voitnud-loosinumbrid\/"},{"@type":"ListItem","position":3,"name":"Mega-Sena Brasiiliast &#8211; viimased v\u00f5idunumbrid"}]},{"@type":"WebSite","@id":"https:\/\/onlinelotto365.com\/et\/#website","url":"https:\/\/onlinelotto365.com\/et\/","name":"OnlineLotto365","description":"","potentialAction":[{"@type":"SearchAction","target":{"@type":"EntryPoint","urlTemplate":"https:\/\/onlinelotto365.com\/et\/?s={search_term_string}"},"query-input":{"@type":"PropertyValueSpecification","valueRequired":true,"valueName":"search_term_string"}}],"inLanguage":"et"}]}},"_links":{"self":[{"href":"https:\/\/onlinelotto365.com\/et\/wp-json\/wp\/v2\/pages\/80861","targetHints":{"allow":["GET"]}}],"collection":[{"href":"https:\/\/onlinelotto365.com\/et\/wp-json\/wp\/v2\/pages"}],"about":[{"href":"https:\/\/onlinelotto365.com\/et\/wp-json\/wp\/v2\/types\/page"}],"author":[{"embeddable":true,"href":"https:\/\/onlinelotto365.com\/et\/wp-json\/wp\/v2\/users\/1"}],"replies":[{"embeddable":true,"href":"https:\/\/onlinelotto365.com\/et\/wp-json\/wp\/v2\/comments?post=80861"}],"version-history":[{"count":0,"href":"https:\/\/onlinelotto365.com\/et\/wp-json\/wp\/v2\/pages\/80861\/revisions"}],"up":[{"embeddable":true,"href":"https:\/\/onlinelotto365.com\/et\/wp-json\/wp\/v2\/pages\/5828"}],"wp:attachment":[{"href":"https:\/\/onlinelotto365.com\/et\/wp-json\/wp\/v2\/media?parent=80861"}],"curies":[{"name":"wp","href":"https:\/\/api.w.org\/{rel}","templated":true}]}}