{"id":80893,"date":"2022-11-23T13:15:00","date_gmt":"2022-11-23T12:15:00","guid":{"rendered":"https:\/\/onlinelotto365.com\/?page_id=80893"},"modified":"2022-11-23T13:15:00","modified_gmt":"2022-11-23T12:15:00","slug":"powerball-australia","status":"publish","type":"page","link":"https:\/\/onlinelotto365.com\/et\/voitnud-loosinumbrid\/powerball-australia\/","title":{"rendered":"Powerball Austraalia &#8211; viimased ja eelmised v\u00f5idunumbrid, tulemused"},"content":{"rendered":"<p>Rahvusvaheliste loteriide puhul v\u00f5ite proovida kontrollida tulemusi ajalehtedest, kuid on ebat\u00f5en\u00e4oline, et leiate Austraalia Powerballi v\u00f5idunumbrid oma kohalikust ajalehes. Samuti ei pruugi te neid leida \u00fchestki kohalikust telekanalist. Kui leiate, siis v\u00f5tab see aega ja vaeva, et leida \u00f5ige kanal.<\/p>\n<p>Teine v\u00f5imalus on vaadata Powerball Australia veebisaidilt, kas nad pakuvad live-loosimise v\u00f5imalust. Kui nad seda teevad, siis on teil ehk v\u00f5imalik kaasa vaadata ja saada t\u00e4ielikku naudingut oma numbrite loosimise n\u00e4gemisest otse\u00fclekandes. Kuid mitte k\u00f5ik m\u00e4ngud ei paku seda v\u00f5imalust ja te v\u00f5ite sellest kogemusest t\u00e4iesti ilma j\u00e4\u00e4da.<br \/>\nV\u00f5ite vaadata ka YouTube&#8217;ist, kas Powerball Australia live-loosimise salvestus on olemas. See v\u00f5ib olla hea v\u00f5imalus tulemuste leidmiseks p\u00e4rast loosimist.<br \/>\n<a href=\"https:\/\/redfoxlotto.com\/play\/powerball-au\/?ref=a8564250a2&amp;medium=ol365\" target=\"_blank\" rel=\"noopener noreferrer\"><img decoding=\"async\" class=\"aligncenter\" src=\"https:\/\/redfoxlotto.com\/image?size=8&amp;lottery=powerball-au\" alt=\"Powerball Austraalia\" \/><\/a><br \/>\nParim viis Powerball Austraalia tulemuste leidmiseks on aga meie veebisait. Sealt leiad selle ja k\u00f5igi teiste meie m\u00e4ngude tulemused, nii et sa ei pea muretsema, et sa \u00fcldse millestki ilma j\u00e4\u00e4ksid.<\/p>\n<h2>Kuidas teada saada, kas teie v\u00f5rgupilet on v\u00f5itnud<\/h2>\n<p>Mis siis, kui olete juba ostnud oma piletid Powerball Australia jaoks? Noh, siis on teil veelgi lihtsam kontrollida v\u00f5idunumbreid. Selle asemel, et vaadata tavalise loterii tulemuste lehte, saad vaadata oma konto piletite lehte. See v\u00f5imaldab teil n\u00e4ha v\u00f5itnud numbreid v\u00f5rreldes enda omadega, mis on teie jaoks veelgi parem.<\/p>\n<p>Saate vaadata, kas teie piletil on esile t\u00f5stetud numbreid, mis t\u00e4hendab, et need vastavad v\u00f5idunumbritele. Seej\u00e4rel n\u00e4ete, kui palju te olete v\u00f5itnud. Ja kui see on v\u00e4iksem kui 2500 eurot, kantakse see sinu kontole lihtsalt nii.<\/p>\n<h2>Powerball Austraalia tulemuste arhiiv<\/h2>\n<p>Meie veebisaidil teeme teile lihtsaks mitte ainult Powerball Austraalia praeguste loterii numbrite ja muude numbrite, vaid ka vanade numbrite kontrollimise. \u00dcks populaarsemaid viise, kuidas inimesed oma numbreid valivad, on vaadata m\u00f5nda vanemat numbrit, seega hoolitseme selle eest, et leiad need numbrid igal lehek\u00fcljel, kus me pakume praeguseid v\u00f5idunumbreid.<\/p>\n<h2>Minu pilet on v\u00f5itnud, mis saab edasi?<\/h2>\n<p>Kui teie pilet on v\u00f5itnud, peate lihtsalt istuma ja laskma meil aidata teil saada raha, millele teil on \u00f5igus. Kui sa v\u00f5itsid v\u00e4hem kui 2500 eurot, kanname selle summa sinu m\u00e4ngijakontole niipea, kui tulemused on kontrollitud. Seej\u00e4rel saad raha v\u00e4lja v\u00f5tta, kui sinu kontol on 10 eurot.<\/p>\n","protected":false},"excerpt":{"rendered":"<p>Rahvusvaheliste loteriide puhul v\u00f5ite proovida kontrollida tulemusi ajalehtedest, kuid on ebat\u00f5en\u00e4oline, et leiate Austraalia Powerballi v\u00f5idunumbrid oma kohalikust ajalehes. Samuti ei pruugi te neid leida \u00fchestki kohalikust telekanalist. Kui leiate, siis v\u00f5tab see aega ja vaeva, et leida \u00f5ige kanal. Teine v\u00f5imalus on vaadata Powerball Australia veebisaidilt, kas nad pakuvad live-loosimise v\u00f5imalust. Kui nad seda [&hellip;]<\/p>\n","protected":false},"author":1,"featured_media":0,"parent":5828,"menu_order":13,"comment_status":"closed","ping_status":"closed","template":"powerball-au-results.php","meta":{"_et_pb_use_builder":"","_et_pb_old_content":"","_et_gb_content_width":"","exclude_from_search":false,"footnotes":""},"class_list":["post-80893","page","type-page","status-publish","hentry"],"yoast_head":"<!-- This site is optimized with the Yoast SEO plugin v23.4 - https:\/\/yoast.com\/wordpress\/plugins\/seo\/ -->\n<title>Powerball Austraalia viimased ja varasemad loosimise tulemused ja v\u00f5idunumbrid<\/title>\n<meta name=\"description\" content=\"Avaldame Powerball Austraalia v\u00f5idunumbrid kohe p\u00e4rast loosimist\" \/>\n<meta name=\"robots\" content=\"index, follow, max-snippet:-1, max-image-preview:large, max-video-preview:-1\" \/>\n<link rel=\"canonical\" href=\"https:\/\/onlinelotto365.com\/et\/voitnud-loosinumbrid\/powerball-australia\/\" \/>\n<meta property=\"og:locale\" content=\"et_EE\" \/>\n<meta property=\"og:type\" content=\"article\" \/>\n<meta property=\"og:title\" content=\"Powerball Austraalia viimased ja varasemad loosimise tulemused ja v\u00f5idunumbrid\" \/>\n<meta property=\"og:description\" content=\"Avaldame Powerball Austraalia v\u00f5idunumbrid kohe p\u00e4rast loosimist\" \/>\n<meta property=\"og:url\" content=\"https:\/\/onlinelotto365.com\/et\/voitnud-loosinumbrid\/powerball-australia\/\" \/>\n<meta property=\"og:site_name\" content=\"OnlineLotto365\" \/>\n<meta property=\"og:image\" content=\"https:\/\/redfoxlotto.com\/image?size=8&amp;lottery=powerball-au\" \/>\n<meta name=\"twitter:card\" content=\"summary_large_image\" \/>\n<meta name=\"twitter:label1\" content=\"Est. reading time\" \/>\n\t<meta name=\"twitter:data1\" content=\"2 minutit\" \/>\n<script type=\"application\/ld+json\" class=\"yoast-schema-graph\">{\"@context\":\"https:\/\/schema.org\",\"@graph\":[{\"@type\":\"WebPage\",\"@id\":\"https:\/\/onlinelotto365.com\/et\/voitnud-loosinumbrid\/powerball-australia\/\",\"url\":\"https:\/\/onlinelotto365.com\/et\/voitnud-loosinumbrid\/powerball-australia\/\",\"name\":\"Powerball Austraalia viimased ja varasemad loosimise tulemused ja v\u00f5idunumbrid\",\"isPartOf\":{\"@id\":\"https:\/\/onlinelotto365.com\/et\/#website\"},\"primaryImageOfPage\":{\"@id\":\"https:\/\/onlinelotto365.com\/et\/voitnud-loosinumbrid\/powerball-australia\/#primaryimage\"},\"image\":{\"@id\":\"https:\/\/onlinelotto365.com\/et\/voitnud-loosinumbrid\/powerball-australia\/#primaryimage\"},\"thumbnailUrl\":\"https:\/\/redfoxlotto.com\/image?size=8&amp;lottery=powerball-au\",\"datePublished\":\"2022-11-23T12:15:00+00:00\",\"dateModified\":\"2022-11-23T12:15:00+00:00\",\"description\":\"Avaldame Powerball Austraalia v\u00f5idunumbrid kohe p\u00e4rast loosimist\",\"breadcrumb\":{\"@id\":\"https:\/\/onlinelotto365.com\/et\/voitnud-loosinumbrid\/powerball-australia\/#breadcrumb\"},\"inLanguage\":\"et\",\"potentialAction\":[{\"@type\":\"ReadAction\",\"target\":[\"https:\/\/onlinelotto365.com\/et\/voitnud-loosinumbrid\/powerball-australia\/\"]}]},{\"@type\":\"ImageObject\",\"inLanguage\":\"et\",\"@id\":\"https:\/\/onlinelotto365.com\/et\/voitnud-loosinumbrid\/powerball-australia\/#primaryimage\",\"url\":\"https:\/\/redfoxlotto.com\/image?size=8&amp;lottery=powerball-au\",\"contentUrl\":\"https:\/\/redfoxlotto.com\/image?size=8&amp;lottery=powerball-au\"},{\"@type\":\"BreadcrumbList\",\"@id\":\"https:\/\/onlinelotto365.com\/et\/voitnud-loosinumbrid\/powerball-australia\/#breadcrumb\",\"itemListElement\":[{\"@type\":\"ListItem\",\"position\":1,\"name\":\"Home\",\"item\":\"https:\/\/onlinelotto365.com\/et\/\"},{\"@type\":\"ListItem\",\"position\":2,\"name\":\"Tulemused ja v\u00f5idunumbrid\",\"item\":\"https:\/\/onlinelotto365.com\/et\/voitnud-loosinumbrid\/\"},{\"@type\":\"ListItem\",\"position\":3,\"name\":\"Powerball Austraalia &#8211; viimased ja eelmised v\u00f5idunumbrid, tulemused\"}]},{\"@type\":\"WebSite\",\"@id\":\"https:\/\/onlinelotto365.com\/et\/#website\",\"url\":\"https:\/\/onlinelotto365.com\/et\/\",\"name\":\"OnlineLotto365\",\"description\":\"\",\"potentialAction\":[{\"@type\":\"SearchAction\",\"target\":{\"@type\":\"EntryPoint\",\"urlTemplate\":\"https:\/\/onlinelotto365.com\/et\/?s={search_term_string}\"},\"query-input\":{\"@type\":\"PropertyValueSpecification\",\"valueRequired\":true,\"valueName\":\"search_term_string\"}}],\"inLanguage\":\"et\"}]}<\/script>\n<!-- \/ Yoast SEO plugin. -->","yoast_head_json":{"title":"Powerball Austraalia viimased ja varasemad loosimise tulemused ja v\u00f5idunumbrid","description":"Avaldame Powerball Austraalia v\u00f5idunumbrid kohe p\u00e4rast loosimist","robots":{"index":"index","follow":"follow","max-snippet":"max-snippet:-1","max-image-preview":"max-image-preview:large","max-video-preview":"max-video-preview:-1"},"canonical":"https:\/\/onlinelotto365.com\/et\/voitnud-loosinumbrid\/powerball-australia\/","og_locale":"et_EE","og_type":"article","og_title":"Powerball Austraalia viimased ja varasemad loosimise tulemused ja v\u00f5idunumbrid","og_description":"Avaldame Powerball Austraalia v\u00f5idunumbrid kohe p\u00e4rast loosimist","og_url":"https:\/\/onlinelotto365.com\/et\/voitnud-loosinumbrid\/powerball-australia\/","og_site_name":"OnlineLotto365","og_image":[{"url":"https:\/\/redfoxlotto.com\/image?size=8&amp;lottery=powerball-au"}],"twitter_card":"summary_large_image","twitter_misc":{"Est. reading time":"2 minutit"},"schema":{"@context":"https:\/\/schema.org","@graph":[{"@type":"WebPage","@id":"https:\/\/onlinelotto365.com\/et\/voitnud-loosinumbrid\/powerball-australia\/","url":"https:\/\/onlinelotto365.com\/et\/voitnud-loosinumbrid\/powerball-australia\/","name":"Powerball Austraalia viimased ja varasemad loosimise tulemused ja v\u00f5idunumbrid","isPartOf":{"@id":"https:\/\/onlinelotto365.com\/et\/#website"},"primaryImageOfPage":{"@id":"https:\/\/onlinelotto365.com\/et\/voitnud-loosinumbrid\/powerball-australia\/#primaryimage"},"image":{"@id":"https:\/\/onlinelotto365.com\/et\/voitnud-loosinumbrid\/powerball-australia\/#primaryimage"},"thumbnailUrl":"https:\/\/redfoxlotto.com\/image?size=8&amp;lottery=powerball-au","datePublished":"2022-11-23T12:15:00+00:00","dateModified":"2022-11-23T12:15:00+00:00","description":"Avaldame Powerball Austraalia v\u00f5idunumbrid kohe p\u00e4rast loosimist","breadcrumb":{"@id":"https:\/\/onlinelotto365.com\/et\/voitnud-loosinumbrid\/powerball-australia\/#breadcrumb"},"inLanguage":"et","potentialAction":[{"@type":"ReadAction","target":["https:\/\/onlinelotto365.com\/et\/voitnud-loosinumbrid\/powerball-australia\/"]}]},{"@type":"ImageObject","inLanguage":"et","@id":"https:\/\/onlinelotto365.com\/et\/voitnud-loosinumbrid\/powerball-australia\/#primaryimage","url":"https:\/\/redfoxlotto.com\/image?size=8&amp;lottery=powerball-au","contentUrl":"https:\/\/redfoxlotto.com\/image?size=8&amp;lottery=powerball-au"},{"@type":"BreadcrumbList","@id":"https:\/\/onlinelotto365.com\/et\/voitnud-loosinumbrid\/powerball-australia\/#breadcrumb","itemListElement":[{"@type":"ListItem","position":1,"name":"Home","item":"https:\/\/onlinelotto365.com\/et\/"},{"@type":"ListItem","position":2,"name":"Tulemused ja v\u00f5idunumbrid","item":"https:\/\/onlinelotto365.com\/et\/voitnud-loosinumbrid\/"},{"@type":"ListItem","position":3,"name":"Powerball Austraalia &#8211; viimased ja eelmised v\u00f5idunumbrid, tulemused"}]},{"@type":"WebSite","@id":"https:\/\/onlinelotto365.com\/et\/#website","url":"https:\/\/onlinelotto365.com\/et\/","name":"OnlineLotto365","description":"","potentialAction":[{"@type":"SearchAction","target":{"@type":"EntryPoint","urlTemplate":"https:\/\/onlinelotto365.com\/et\/?s={search_term_string}"},"query-input":{"@type":"PropertyValueSpecification","valueRequired":true,"valueName":"search_term_string"}}],"inLanguage":"et"}]}},"_links":{"self":[{"href":"https:\/\/onlinelotto365.com\/et\/wp-json\/wp\/v2\/pages\/80893","targetHints":{"allow":["GET"]}}],"collection":[{"href":"https:\/\/onlinelotto365.com\/et\/wp-json\/wp\/v2\/pages"}],"about":[{"href":"https:\/\/onlinelotto365.com\/et\/wp-json\/wp\/v2\/types\/page"}],"author":[{"embeddable":true,"href":"https:\/\/onlinelotto365.com\/et\/wp-json\/wp\/v2\/users\/1"}],"replies":[{"embeddable":true,"href":"https:\/\/onlinelotto365.com\/et\/wp-json\/wp\/v2\/comments?post=80893"}],"version-history":[{"count":0,"href":"https:\/\/onlinelotto365.com\/et\/wp-json\/wp\/v2\/pages\/80893\/revisions"}],"up":[{"embeddable":true,"href":"https:\/\/onlinelotto365.com\/et\/wp-json\/wp\/v2\/pages\/5828"}],"wp:attachment":[{"href":"https:\/\/onlinelotto365.com\/et\/wp-json\/wp\/v2\/media?parent=80893"}],"curies":[{"name":"wp","href":"https:\/\/api.w.org\/{rel}","templated":true}]}}