{"id":80926,"date":"2022-11-23T21:32:32","date_gmt":"2022-11-23T20:32:32","guid":{"rendered":"https:\/\/onlinelotto365.com\/?page_id=80926"},"modified":"2022-11-23T21:32:32","modified_gmt":"2022-11-23T20:32:32","slug":"oz-loto","status":"publish","type":"page","link":"https:\/\/onlinelotto365.com\/et\/voitnud-loosinumbrid\/oz-loto\/","title":{"rendered":"V\u00f5itnud numbrid Oz Lotto"},"content":{"rendered":"<p>Meie veebisaidil on saadaval palju rahvusvahelisi loteriivariante ja kui sa m\u00e4ngid neid m\u00e4nge, siis tahad veenduda, et sul on v\u00f5imalik kontrollida v\u00f5itnud numbreid. \u00dcks v\u00f5imalus on ajalehe kaudu, kuid Oz Lotto tulemuste leidmine ajalehest v\u00f5ib olla keeruline. Teine v\u00f5imalus on televisioonis, kuid \u00f5ige kanali leidmine, et vaadata loosimist v\u00f5i n\u00e4ha tulemusi, v\u00f5ib samuti olla enamiku inimeste jaoks keeruline olukord.<br \/>\n<a href=\"https:\/\/redfoxlotto.com\/play\/oz-lotto\/?ref=a8564250a2&amp;medium=ol365\" target=\"_blank\" rel=\"noopener noreferrer\"><img decoding=\"async\" class=\"aligncenter\" src=\"https:\/\/redfoxlotto.com\/image?size=8&amp;lottery=oz-lotto\" alt=\"Oz Lotto\" \/><\/a><br \/>\nJ\u00e4rgmisena v\u00f5ite vaadata Oz Lotto ametlikku veebisaiti ja vaadata, kas saate tulemused sealt k\u00e4tte. M\u00f5ned m\u00e4ngud v\u00f5imaldavad teil loosimist otse\u00fclekandes oma veebisaidil j\u00e4lgida. Kuid pidage meeles, et see ei ole v\u00f5imalik k\u00f5igi lotom\u00e4ngude puhul ja v\u00f5ite j\u00e4\u00e4da ilma sellest v\u00f5imalusest.<\/p>\n<p>P\u00e4rast loosimise toimumist v\u00f5ite m\u00f5nikord teha YouTube&#8217;is otsingu, et n\u00e4ha viimase Oz Lotto loosimise tulemusi. Ka need ei ole alati k\u00e4ttesaadavad, kuid m\u00f5nikord postitab keegi video otse\u00fclekandes toimunud loosimisest v\u00f5i numbritest.<\/p>\n<p>Parim asi, mida saate aga teha, kui soovite saada viimaseid v\u00f5idunumbreid, on vaadata meie veebisaiti ja meie loto tulemuste lehek\u00fclge. Sinna paneme iga loteriim\u00e4ngu tulemused, mida saab osta meie veebisaidil, et te teaksite, kust otsida.<\/p>\n<h2>Kuidas teada saada, kas teie internetipilet on v\u00f5itnud<\/h2>\n<p>Need, kes on ostnud piletid m\u00f5nele meie pakutavale m\u00e4ngule, saavad sisse logida oma kontole ja minna lehele, kus teie piletid on salvestatud. Sellel lehel leiate kogu vajaliku teabe. Saate n\u00e4ha nii oma lotopileteid kui ka v\u00f5idunumbreid.<br \/>\nKui teil on piisavalt palju \u00f5nne, et m\u00f5ni number sobib, n\u00e4ete ekraanil ka vastavaid numbreid esile t\u00f5stetud kujul. Ja te saate kontrollida sobivate numbrite arvu ja just seda, millise auhinna te v\u00f5itsite. Kui see on v\u00e4iksem kui 2500 eurot, saad vaadata oma kontole ja leiad selle otse oma m\u00e4ngijakontolt kohe, kui tulemused on kontrollitud.<\/p>\n<h2>Oz Lotto tulemuste arhiiv<\/h2>\n<p>Neile, kes soovivad vaadata Oz Lotto v\u00f5i muude loteriim\u00e4ngude vanemaid numbreid, leiate h\u00f5lpsasti arhiivi, mis on seotud mis tahes lehek\u00fcljega, kus on n\u00e4idatud praegused numbrid. See lihtsustab teie jaoks nende numbrite leidmist, mida otsite, et aidata teid tulevaste valikute tegemisel.<\/p>\n<h2>Minu pilet on v\u00f5itnud, mis saab edasi?<\/h2>\n<p><img loading=\"lazy\" decoding=\"async\" class=\"alignright wp-image-3624\" src=\"https:\/\/onlinelotto365.com\/wp-content\/uploads\/2020\/11\/online_lottery-74-200x300.jpg\" alt=\"oz loto v\u00f5idunumbrid\" width=\"123\" height=\"185\" srcset=\"https:\/\/onlinelotto365.com\/wp-content\/uploads\/2020\/11\/online_lottery-74-200x300.jpg 200w, https:\/\/onlinelotto365.com\/wp-content\/uploads\/2020\/11\/online_lottery-74.jpg 320w\" sizes=\"auto, (max-width: 123px) 100vw, 123px\" \/> Me r\u00e4\u00e4kisime juba sellest, kuidas saad oma v\u00f5idu k\u00e4tte, kui sinu pilet vastab v\u00f5idunumbritele, kuid vaatame ka veidi l\u00e4hemalt. Kui sinu pilet on v\u00e4\u00e4rtusega alla 2500 euro, siis leiad, et raha lisatakse sinu kontole automaatselt kohe, kui v\u00f5idunumbrid on kontrollitud.<\/p>\n<p>Seej\u00e4rel, kui sinu kontol on v\u00e4hemalt 10 eurot, saad selle raha v\u00e4lja v\u00f5tta, kasutades mis tahes makseviisi, mida oled oma kontol juba kasutanud. Sa pead vaid t\u00e4itma paar vormi, et oma isikusamasust kontrollida, ning raha on sinu kontol hetkega. V\u00f5i v\u00f5id selle j\u00e4tta sinna, kus see on, ja kasutada seda hiljem veel rohkemate piletite ostmiseks.<\/p>\n","protected":false},"excerpt":{"rendered":"<p>Meie veebisaidil on saadaval palju rahvusvahelisi loteriivariante ja kui sa m\u00e4ngid neid m\u00e4nge, siis tahad veenduda, et sul on v\u00f5imalik kontrollida v\u00f5itnud numbreid. \u00dcks v\u00f5imalus on ajalehe kaudu, kuid Oz Lotto tulemuste leidmine ajalehest v\u00f5ib olla keeruline. Teine v\u00f5imalus on televisioonis, kuid \u00f5ige kanali leidmine, et vaadata loosimist v\u00f5i n\u00e4ha tulemusi, v\u00f5ib samuti olla enamiku [&hellip;]<\/p>\n","protected":false},"author":1,"featured_media":0,"parent":5828,"menu_order":14,"comment_status":"closed","ping_status":"closed","template":"template-rightsidebar.php","meta":{"_et_pb_use_builder":"","_et_pb_old_content":"","_et_gb_content_width":"","exclude_from_search":false,"footnotes":""},"class_list":["post-80926","page","type-page","status-publish","hentry"],"yoast_head":"<!-- This site is optimized with the Yoast SEO plugin v23.4 - https:\/\/yoast.com\/wordpress\/plugins\/seo\/ -->\n<title>Oz Lotto loosimise tulemused ja auhinnad<\/title>\n<meta name=\"description\" content=\"Otsid Oz Lotto loosimise tulemusi? Siin on v\u00f5idunumbrid\" \/>\n<meta name=\"robots\" content=\"index, follow, max-snippet:-1, max-image-preview:large, max-video-preview:-1\" \/>\n<link rel=\"canonical\" href=\"https:\/\/onlinelotto365.com\/et\/voitnud-loosinumbrid\/oz-loto\/\" \/>\n<meta property=\"og:locale\" content=\"et_EE\" \/>\n<meta property=\"og:type\" content=\"article\" \/>\n<meta property=\"og:title\" content=\"Oz Lotto loosimise tulemused ja auhinnad\" \/>\n<meta property=\"og:description\" content=\"Otsid Oz Lotto loosimise tulemusi? Siin on v\u00f5idunumbrid\" \/>\n<meta property=\"og:url\" content=\"https:\/\/onlinelotto365.com\/et\/voitnud-loosinumbrid\/oz-loto\/\" \/>\n<meta property=\"og:site_name\" content=\"OnlineLotto365\" \/>\n<meta property=\"og:image\" content=\"https:\/\/redfoxlotto.com\/image?size=8&amp;lottery=oz-lotto\" \/>\n<meta name=\"twitter:card\" content=\"summary_large_image\" \/>\n<meta name=\"twitter:label1\" content=\"Est. reading time\" \/>\n\t<meta name=\"twitter:data1\" content=\"3 minutit\" \/>\n<script type=\"application\/ld+json\" class=\"yoast-schema-graph\">{\"@context\":\"https:\/\/schema.org\",\"@graph\":[{\"@type\":\"WebPage\",\"@id\":\"https:\/\/onlinelotto365.com\/et\/voitnud-loosinumbrid\/oz-loto\/\",\"url\":\"https:\/\/onlinelotto365.com\/et\/voitnud-loosinumbrid\/oz-loto\/\",\"name\":\"Oz Lotto loosimise tulemused ja auhinnad\",\"isPartOf\":{\"@id\":\"https:\/\/onlinelotto365.com\/et\/#website\"},\"primaryImageOfPage\":{\"@id\":\"https:\/\/onlinelotto365.com\/et\/voitnud-loosinumbrid\/oz-loto\/#primaryimage\"},\"image\":{\"@id\":\"https:\/\/onlinelotto365.com\/et\/voitnud-loosinumbrid\/oz-loto\/#primaryimage\"},\"thumbnailUrl\":\"https:\/\/redfoxlotto.com\/image?size=8&amp;lottery=oz-lotto\",\"datePublished\":\"2022-11-23T20:32:32+00:00\",\"dateModified\":\"2022-11-23T20:32:32+00:00\",\"description\":\"Otsid Oz Lotto loosimise tulemusi? Siin on v\u00f5idunumbrid\",\"breadcrumb\":{\"@id\":\"https:\/\/onlinelotto365.com\/et\/voitnud-loosinumbrid\/oz-loto\/#breadcrumb\"},\"inLanguage\":\"et\",\"potentialAction\":[{\"@type\":\"ReadAction\",\"target\":[\"https:\/\/onlinelotto365.com\/et\/voitnud-loosinumbrid\/oz-loto\/\"]}]},{\"@type\":\"ImageObject\",\"inLanguage\":\"et\",\"@id\":\"https:\/\/onlinelotto365.com\/et\/voitnud-loosinumbrid\/oz-loto\/#primaryimage\",\"url\":\"https:\/\/redfoxlotto.com\/image?size=8&amp;lottery=oz-lotto\",\"contentUrl\":\"https:\/\/redfoxlotto.com\/image?size=8&amp;lottery=oz-lotto\"},{\"@type\":\"BreadcrumbList\",\"@id\":\"https:\/\/onlinelotto365.com\/et\/voitnud-loosinumbrid\/oz-loto\/#breadcrumb\",\"itemListElement\":[{\"@type\":\"ListItem\",\"position\":1,\"name\":\"Home\",\"item\":\"https:\/\/onlinelotto365.com\/et\/\"},{\"@type\":\"ListItem\",\"position\":2,\"name\":\"Tulemused ja v\u00f5idunumbrid\",\"item\":\"https:\/\/onlinelotto365.com\/et\/voitnud-loosinumbrid\/\"},{\"@type\":\"ListItem\",\"position\":3,\"name\":\"V\u00f5itnud numbrid Oz Lotto\"}]},{\"@type\":\"WebSite\",\"@id\":\"https:\/\/onlinelotto365.com\/et\/#website\",\"url\":\"https:\/\/onlinelotto365.com\/et\/\",\"name\":\"OnlineLotto365\",\"description\":\"\",\"potentialAction\":[{\"@type\":\"SearchAction\",\"target\":{\"@type\":\"EntryPoint\",\"urlTemplate\":\"https:\/\/onlinelotto365.com\/et\/?s={search_term_string}\"},\"query-input\":{\"@type\":\"PropertyValueSpecification\",\"valueRequired\":true,\"valueName\":\"search_term_string\"}}],\"inLanguage\":\"et\"}]}<\/script>\n<!-- \/ Yoast SEO plugin. -->","yoast_head_json":{"title":"Oz Lotto loosimise tulemused ja auhinnad","description":"Otsid Oz Lotto loosimise tulemusi? Siin on v\u00f5idunumbrid","robots":{"index":"index","follow":"follow","max-snippet":"max-snippet:-1","max-image-preview":"max-image-preview:large","max-video-preview":"max-video-preview:-1"},"canonical":"https:\/\/onlinelotto365.com\/et\/voitnud-loosinumbrid\/oz-loto\/","og_locale":"et_EE","og_type":"article","og_title":"Oz Lotto loosimise tulemused ja auhinnad","og_description":"Otsid Oz Lotto loosimise tulemusi? Siin on v\u00f5idunumbrid","og_url":"https:\/\/onlinelotto365.com\/et\/voitnud-loosinumbrid\/oz-loto\/","og_site_name":"OnlineLotto365","og_image":[{"url":"https:\/\/redfoxlotto.com\/image?size=8&amp;lottery=oz-lotto"}],"twitter_card":"summary_large_image","twitter_misc":{"Est. reading time":"3 minutit"},"schema":{"@context":"https:\/\/schema.org","@graph":[{"@type":"WebPage","@id":"https:\/\/onlinelotto365.com\/et\/voitnud-loosinumbrid\/oz-loto\/","url":"https:\/\/onlinelotto365.com\/et\/voitnud-loosinumbrid\/oz-loto\/","name":"Oz Lotto loosimise tulemused ja auhinnad","isPartOf":{"@id":"https:\/\/onlinelotto365.com\/et\/#website"},"primaryImageOfPage":{"@id":"https:\/\/onlinelotto365.com\/et\/voitnud-loosinumbrid\/oz-loto\/#primaryimage"},"image":{"@id":"https:\/\/onlinelotto365.com\/et\/voitnud-loosinumbrid\/oz-loto\/#primaryimage"},"thumbnailUrl":"https:\/\/redfoxlotto.com\/image?size=8&amp;lottery=oz-lotto","datePublished":"2022-11-23T20:32:32+00:00","dateModified":"2022-11-23T20:32:32+00:00","description":"Otsid Oz Lotto loosimise tulemusi? Siin on v\u00f5idunumbrid","breadcrumb":{"@id":"https:\/\/onlinelotto365.com\/et\/voitnud-loosinumbrid\/oz-loto\/#breadcrumb"},"inLanguage":"et","potentialAction":[{"@type":"ReadAction","target":["https:\/\/onlinelotto365.com\/et\/voitnud-loosinumbrid\/oz-loto\/"]}]},{"@type":"ImageObject","inLanguage":"et","@id":"https:\/\/onlinelotto365.com\/et\/voitnud-loosinumbrid\/oz-loto\/#primaryimage","url":"https:\/\/redfoxlotto.com\/image?size=8&amp;lottery=oz-lotto","contentUrl":"https:\/\/redfoxlotto.com\/image?size=8&amp;lottery=oz-lotto"},{"@type":"BreadcrumbList","@id":"https:\/\/onlinelotto365.com\/et\/voitnud-loosinumbrid\/oz-loto\/#breadcrumb","itemListElement":[{"@type":"ListItem","position":1,"name":"Home","item":"https:\/\/onlinelotto365.com\/et\/"},{"@type":"ListItem","position":2,"name":"Tulemused ja v\u00f5idunumbrid","item":"https:\/\/onlinelotto365.com\/et\/voitnud-loosinumbrid\/"},{"@type":"ListItem","position":3,"name":"V\u00f5itnud numbrid Oz Lotto"}]},{"@type":"WebSite","@id":"https:\/\/onlinelotto365.com\/et\/#website","url":"https:\/\/onlinelotto365.com\/et\/","name":"OnlineLotto365","description":"","potentialAction":[{"@type":"SearchAction","target":{"@type":"EntryPoint","urlTemplate":"https:\/\/onlinelotto365.com\/et\/?s={search_term_string}"},"query-input":{"@type":"PropertyValueSpecification","valueRequired":true,"valueName":"search_term_string"}}],"inLanguage":"et"}]}},"_links":{"self":[{"href":"https:\/\/onlinelotto365.com\/et\/wp-json\/wp\/v2\/pages\/80926","targetHints":{"allow":["GET"]}}],"collection":[{"href":"https:\/\/onlinelotto365.com\/et\/wp-json\/wp\/v2\/pages"}],"about":[{"href":"https:\/\/onlinelotto365.com\/et\/wp-json\/wp\/v2\/types\/page"}],"author":[{"embeddable":true,"href":"https:\/\/onlinelotto365.com\/et\/wp-json\/wp\/v2\/users\/1"}],"replies":[{"embeddable":true,"href":"https:\/\/onlinelotto365.com\/et\/wp-json\/wp\/v2\/comments?post=80926"}],"version-history":[{"count":0,"href":"https:\/\/onlinelotto365.com\/et\/wp-json\/wp\/v2\/pages\/80926\/revisions"}],"up":[{"embeddable":true,"href":"https:\/\/onlinelotto365.com\/et\/wp-json\/wp\/v2\/pages\/5828"}],"wp:attachment":[{"href":"https:\/\/onlinelotto365.com\/et\/wp-json\/wp\/v2\/media?parent=80926"}],"curies":[{"name":"wp","href":"https:\/\/api.w.org\/{rel}","templated":true}]}}