{"id":80958,"date":"2022-11-25T08:51:26","date_gmt":"2022-11-25T07:51:26","guid":{"rendered":"https:\/\/onlinelotto365.com\/?page_id=80958"},"modified":"2022-11-25T08:51:26","modified_gmt":"2022-11-25T07:51:26","slug":"laupaev-loto-austraalia","status":"publish","type":"page","link":"https:\/\/onlinelotto365.com\/et\/voitnud-loosinumbrid\/laupaev-loto-austraalia\/","title":{"rendered":"Kontrollige v\u00f5itnud numbrid ja summad laup\u00e4ev Lotto Austraalia"},"content":{"rendered":"<p>Meie veebisaidil on saadaval palju erinevaid rahvusvahelisi m\u00e4nge ja me teame, et sa tahad saada v\u00f5idunumbreid v\u00f5imalikult kiiresti. Ajaleht ei ole \u00fcldiselt hea koht laup\u00e4evase Austraalia Loto v\u00f5idunumbrite leidmiseks. Samuti ei ole v\u00e4ga hea vaadata telekanaleid ja loota, et leiad selle m\u00e4ngu jaoks \u00f5igeid numbreid. Kuhu siis minna, et saada tulemusi?<br \/>\n<a href=\"https:\/\/redfoxlotto.com\/play\/saturday-lotto-au\/?ref=a8564250a2&amp;medium=ol365\" target=\"_blank\" rel=\"noopener noreferrer\"><img decoding=\"async\" class=\"aligncenter\" src=\"https:\/\/redfoxlotto.com\/image?size=8&amp;lottery=saturday-lotto-au\" alt=\"Laup\u00e4ev Lotto Austraalia\" \/><\/a><\/p>\n<p>Loterii veebileht on \u00fcks koht, kust otsida. M\u00f5ned loteriim\u00e4ngud pakuvad oma loosimiste otse\u00fclekandeid, kuid laup\u00e4evane Lotto Austraalia ei pruugi olla \u00fcks neist. Sa pead vaatama veebilehte, et olla kindel, ja siis pead veenduma, et vaatad \u00f5igel ajal, kui nad pakuvad loosimist otse\u00fclekannet.<br \/>\nL\u00f5puks, kui loosimine on juba l\u00f5ppenud, v\u00f5ite teha YouTube&#8217;is otsingu, et leida tulemused, mille keegi on juba avaldanud. Neil v\u00f5ib olla video otse\u00fclekandes toimunud loosimisest, mille nad l\u00e4bi panevad.<\/p>\n<p>K\u00f5ige lihtsam viis saada otsitud tulemusi on siiski minna otse meie veebisaidile. Sealt leiad k\u00f5ik laup\u00e4evase Austraalia Loto numbrid, aga ka k\u00f5ik muud m\u00e4ngud, mida soovid m\u00e4ngida. Numbrid on saadaval meie loterii tulemuste lehel ja neid on lihtne leida.<\/p>\n<h2>Kuidas teada saada, kas teie v\u00f5rgupilet on v\u00f5itnud<\/h2>\n<p>K\u00f5igil, kes on juba ostnud meie veebilehelt laup\u00e4evase Lotto Austraalia piletid, on veelgi lihtsam, sest saate lihtsalt minna oma kontole. Logige sisse ja vaadake lehte, kus teie piletid on salvestatud. Sealt leiate mitte ainult oma piletite numbrid, vaid ka k\u00f5igi m\u00e4ngude v\u00f5idunumbrid, mida olete m\u00e4nginud.<\/p>\n<p>Sealt saad otsida kokkulangevusi, mida me m\u00e4rgistame sinu jaoks erinevate v\u00e4rvidega. Nii n\u00e4ed, kui palju sa oled v\u00f5itnud ja kus on raha sinu kontol. Kui see on v\u00e4iksem kui 2500 eurot, siis paneme selle juba otse sinu kontole, nii et sa ei pea midagi tegema.<\/p>\n<h2>Austraalia laup\u00e4evane loterii tulemuste arhiiv<\/h2>\n<p>Neile, kes soovivad vaadata laup\u00e4evase Lotto Austraalia vanemaid numbreid, ei pea te millegi p\u00e4rast muretsema. Me hoolitseme selle eest, et arhiivi oleks lihtne leida, lisades need igale lehele, kus me n\u00e4itame jooksvaid loto tulemusi. Nii saate vaadata mis tahes numbreid, mida soovite, isegi kaua aega tagasi.<\/p>\n<h2>Minu pilet on v\u00f5itnud, mis saab edasi?<\/h2>\n<p>Me r\u00e4\u00e4kisime juba loteriipiletite v\u00f5imalikust v\u00f5idust. Kui need v\u00f5idud on v\u00e4iksemad kui 2500 eurot, ei pea sa nende k\u00e4ttesaamiseks midagi tegema. Paneme raha kohe sinu m\u00e4ngijakontole. Kui v\u00f5idud on suuremad kui 2500 eurot, aitame sind nende k\u00e4ttesaamisel.<br \/>\n<img decoding=\"async\" class=\"alignright wp-image-3649\" src=\"https:\/\/onlinelotto365.com\/wp-content\/uploads\/2020\/11\/online_lottery-90-300x225.jpg\" alt=\"v\u00f5idunumbrid laup\u00e4ev loto Austraalia width=\" height=\"155\" srcset=\"https:\/\/onlinelotto365.com\/wp-content\/uploads\/2020\/11\/online_lottery-90-300x225.jpg 300w, https:\/\/onlinelotto365.com\/wp-content\/uploads\/2020\/11\/online_lottery-90.jpg 320w\" sizes=\"(max-width: 300px) 100vw, 300px\" \/><br \/>\nPea meeles ka seda, et saad oma kontol oleva raha v\u00e4lja v\u00f5tta, kui seal on v\u00e4hemalt 10 \u20ac. K\u00f5ik, mida pead tegema, on valida makseviis, mida oled kontol varem kasutanud, ja t\u00e4ita m\u00f5ned kinnitusvormid meie makseprotsessorile.<\/p>\n","protected":false},"excerpt":{"rendered":"<p>Meie veebisaidil on saadaval palju erinevaid rahvusvahelisi m\u00e4nge ja me teame, et sa tahad saada v\u00f5idunumbreid v\u00f5imalikult kiiresti. Ajaleht ei ole \u00fcldiselt hea koht laup\u00e4evase Austraalia Loto v\u00f5idunumbrite leidmiseks. Samuti ei ole v\u00e4ga hea vaadata telekanaleid ja loota, et leiad selle m\u00e4ngu jaoks \u00f5igeid numbreid. Kuhu siis minna, et saada tulemusi? Loterii veebileht on \u00fcks [&hellip;]<\/p>\n","protected":false},"author":1,"featured_media":0,"parent":5828,"menu_order":15,"comment_status":"closed","ping_status":"closed","template":"saturday-lotto-results.php","meta":{"_et_pb_use_builder":"","_et_pb_old_content":"","_et_gb_content_width":"","exclude_from_search":false,"footnotes":""},"class_list":["post-80958","page","type-page","status-publish","hentry"],"yoast_head":"<!-- This site is optimized with the Yoast SEO plugin v23.4 - https:\/\/yoast.com\/wordpress\/plugins\/seo\/ -->\n<title>Kontrollige v\u00f5itnud numbrid ja summad laup\u00e4ev Lotto Austraalia<\/title>\n<meta name=\"description\" content=\"Loosimise tulemused, v\u00f5idunumbrid laup\u00e4ev Lotto Austraalia, pluss tulemuste arhiiv\" \/>\n<meta name=\"robots\" content=\"index, follow, max-snippet:-1, max-image-preview:large, max-video-preview:-1\" \/>\n<link rel=\"canonical\" href=\"https:\/\/onlinelotto365.com\/et\/voitnud-loosinumbrid\/laupaev-loto-austraalia\/\" \/>\n<meta property=\"og:locale\" content=\"et_EE\" \/>\n<meta property=\"og:type\" content=\"article\" \/>\n<meta property=\"og:title\" content=\"Kontrollige v\u00f5itnud numbrid ja summad laup\u00e4ev Lotto Austraalia\" \/>\n<meta property=\"og:description\" content=\"Loosimise tulemused, v\u00f5idunumbrid laup\u00e4ev Lotto Austraalia, pluss tulemuste arhiiv\" \/>\n<meta property=\"og:url\" content=\"https:\/\/onlinelotto365.com\/et\/voitnud-loosinumbrid\/laupaev-loto-austraalia\/\" \/>\n<meta property=\"og:site_name\" content=\"OnlineLotto365\" \/>\n<meta property=\"og:image\" content=\"https:\/\/redfoxlotto.com\/image?size=8&amp;lottery=saturday-lotto-au\" \/>\n<meta name=\"twitter:card\" content=\"summary_large_image\" \/>\n<meta name=\"twitter:label1\" content=\"Est. reading time\" \/>\n\t<meta name=\"twitter:data1\" content=\"3 minutit\" \/>\n<script type=\"application\/ld+json\" class=\"yoast-schema-graph\">{\"@context\":\"https:\/\/schema.org\",\"@graph\":[{\"@type\":\"WebPage\",\"@id\":\"https:\/\/onlinelotto365.com\/et\/voitnud-loosinumbrid\/laupaev-loto-austraalia\/\",\"url\":\"https:\/\/onlinelotto365.com\/et\/voitnud-loosinumbrid\/laupaev-loto-austraalia\/\",\"name\":\"Kontrollige v\u00f5itnud numbrid ja summad laup\u00e4ev Lotto Austraalia\",\"isPartOf\":{\"@id\":\"https:\/\/onlinelotto365.com\/et\/#website\"},\"primaryImageOfPage\":{\"@id\":\"https:\/\/onlinelotto365.com\/et\/voitnud-loosinumbrid\/laupaev-loto-austraalia\/#primaryimage\"},\"image\":{\"@id\":\"https:\/\/onlinelotto365.com\/et\/voitnud-loosinumbrid\/laupaev-loto-austraalia\/#primaryimage\"},\"thumbnailUrl\":\"https:\/\/redfoxlotto.com\/image?size=8&amp;lottery=saturday-lotto-au\",\"datePublished\":\"2022-11-25T07:51:26+00:00\",\"dateModified\":\"2022-11-25T07:51:26+00:00\",\"description\":\"Loosimise tulemused, v\u00f5idunumbrid laup\u00e4ev Lotto Austraalia, pluss tulemuste arhiiv\",\"breadcrumb\":{\"@id\":\"https:\/\/onlinelotto365.com\/et\/voitnud-loosinumbrid\/laupaev-loto-austraalia\/#breadcrumb\"},\"inLanguage\":\"et\",\"potentialAction\":[{\"@type\":\"ReadAction\",\"target\":[\"https:\/\/onlinelotto365.com\/et\/voitnud-loosinumbrid\/laupaev-loto-austraalia\/\"]}]},{\"@type\":\"ImageObject\",\"inLanguage\":\"et\",\"@id\":\"https:\/\/onlinelotto365.com\/et\/voitnud-loosinumbrid\/laupaev-loto-austraalia\/#primaryimage\",\"url\":\"https:\/\/redfoxlotto.com\/image?size=8&amp;lottery=saturday-lotto-au\",\"contentUrl\":\"https:\/\/redfoxlotto.com\/image?size=8&amp;lottery=saturday-lotto-au\"},{\"@type\":\"BreadcrumbList\",\"@id\":\"https:\/\/onlinelotto365.com\/et\/voitnud-loosinumbrid\/laupaev-loto-austraalia\/#breadcrumb\",\"itemListElement\":[{\"@type\":\"ListItem\",\"position\":1,\"name\":\"Home\",\"item\":\"https:\/\/onlinelotto365.com\/et\/\"},{\"@type\":\"ListItem\",\"position\":2,\"name\":\"Tulemused ja v\u00f5idunumbrid\",\"item\":\"https:\/\/onlinelotto365.com\/et\/voitnud-loosinumbrid\/\"},{\"@type\":\"ListItem\",\"position\":3,\"name\":\"Kontrollige v\u00f5itnud numbrid ja summad laup\u00e4ev Lotto Austraalia\"}]},{\"@type\":\"WebSite\",\"@id\":\"https:\/\/onlinelotto365.com\/et\/#website\",\"url\":\"https:\/\/onlinelotto365.com\/et\/\",\"name\":\"OnlineLotto365\",\"description\":\"\",\"potentialAction\":[{\"@type\":\"SearchAction\",\"target\":{\"@type\":\"EntryPoint\",\"urlTemplate\":\"https:\/\/onlinelotto365.com\/et\/?s={search_term_string}\"},\"query-input\":{\"@type\":\"PropertyValueSpecification\",\"valueRequired\":true,\"valueName\":\"search_term_string\"}}],\"inLanguage\":\"et\"}]}<\/script>\n<!-- \/ Yoast SEO plugin. -->","yoast_head_json":{"title":"Kontrollige v\u00f5itnud numbrid ja summad laup\u00e4ev Lotto Austraalia","description":"Loosimise tulemused, v\u00f5idunumbrid laup\u00e4ev Lotto Austraalia, pluss tulemuste arhiiv","robots":{"index":"index","follow":"follow","max-snippet":"max-snippet:-1","max-image-preview":"max-image-preview:large","max-video-preview":"max-video-preview:-1"},"canonical":"https:\/\/onlinelotto365.com\/et\/voitnud-loosinumbrid\/laupaev-loto-austraalia\/","og_locale":"et_EE","og_type":"article","og_title":"Kontrollige v\u00f5itnud numbrid ja summad laup\u00e4ev Lotto Austraalia","og_description":"Loosimise tulemused, v\u00f5idunumbrid laup\u00e4ev Lotto Austraalia, pluss tulemuste arhiiv","og_url":"https:\/\/onlinelotto365.com\/et\/voitnud-loosinumbrid\/laupaev-loto-austraalia\/","og_site_name":"OnlineLotto365","og_image":[{"url":"https:\/\/redfoxlotto.com\/image?size=8&amp;lottery=saturday-lotto-au"}],"twitter_card":"summary_large_image","twitter_misc":{"Est. reading time":"3 minutit"},"schema":{"@context":"https:\/\/schema.org","@graph":[{"@type":"WebPage","@id":"https:\/\/onlinelotto365.com\/et\/voitnud-loosinumbrid\/laupaev-loto-austraalia\/","url":"https:\/\/onlinelotto365.com\/et\/voitnud-loosinumbrid\/laupaev-loto-austraalia\/","name":"Kontrollige v\u00f5itnud numbrid ja summad laup\u00e4ev Lotto Austraalia","isPartOf":{"@id":"https:\/\/onlinelotto365.com\/et\/#website"},"primaryImageOfPage":{"@id":"https:\/\/onlinelotto365.com\/et\/voitnud-loosinumbrid\/laupaev-loto-austraalia\/#primaryimage"},"image":{"@id":"https:\/\/onlinelotto365.com\/et\/voitnud-loosinumbrid\/laupaev-loto-austraalia\/#primaryimage"},"thumbnailUrl":"https:\/\/redfoxlotto.com\/image?size=8&amp;lottery=saturday-lotto-au","datePublished":"2022-11-25T07:51:26+00:00","dateModified":"2022-11-25T07:51:26+00:00","description":"Loosimise tulemused, v\u00f5idunumbrid laup\u00e4ev Lotto Austraalia, pluss tulemuste arhiiv","breadcrumb":{"@id":"https:\/\/onlinelotto365.com\/et\/voitnud-loosinumbrid\/laupaev-loto-austraalia\/#breadcrumb"},"inLanguage":"et","potentialAction":[{"@type":"ReadAction","target":["https:\/\/onlinelotto365.com\/et\/voitnud-loosinumbrid\/laupaev-loto-austraalia\/"]}]},{"@type":"ImageObject","inLanguage":"et","@id":"https:\/\/onlinelotto365.com\/et\/voitnud-loosinumbrid\/laupaev-loto-austraalia\/#primaryimage","url":"https:\/\/redfoxlotto.com\/image?size=8&amp;lottery=saturday-lotto-au","contentUrl":"https:\/\/redfoxlotto.com\/image?size=8&amp;lottery=saturday-lotto-au"},{"@type":"BreadcrumbList","@id":"https:\/\/onlinelotto365.com\/et\/voitnud-loosinumbrid\/laupaev-loto-austraalia\/#breadcrumb","itemListElement":[{"@type":"ListItem","position":1,"name":"Home","item":"https:\/\/onlinelotto365.com\/et\/"},{"@type":"ListItem","position":2,"name":"Tulemused ja v\u00f5idunumbrid","item":"https:\/\/onlinelotto365.com\/et\/voitnud-loosinumbrid\/"},{"@type":"ListItem","position":3,"name":"Kontrollige v\u00f5itnud numbrid ja summad laup\u00e4ev Lotto Austraalia"}]},{"@type":"WebSite","@id":"https:\/\/onlinelotto365.com\/et\/#website","url":"https:\/\/onlinelotto365.com\/et\/","name":"OnlineLotto365","description":"","potentialAction":[{"@type":"SearchAction","target":{"@type":"EntryPoint","urlTemplate":"https:\/\/onlinelotto365.com\/et\/?s={search_term_string}"},"query-input":{"@type":"PropertyValueSpecification","valueRequired":true,"valueName":"search_term_string"}}],"inLanguage":"et"}]}},"_links":{"self":[{"href":"https:\/\/onlinelotto365.com\/et\/wp-json\/wp\/v2\/pages\/80958","targetHints":{"allow":["GET"]}}],"collection":[{"href":"https:\/\/onlinelotto365.com\/et\/wp-json\/wp\/v2\/pages"}],"about":[{"href":"https:\/\/onlinelotto365.com\/et\/wp-json\/wp\/v2\/types\/page"}],"author":[{"embeddable":true,"href":"https:\/\/onlinelotto365.com\/et\/wp-json\/wp\/v2\/users\/1"}],"replies":[{"embeddable":true,"href":"https:\/\/onlinelotto365.com\/et\/wp-json\/wp\/v2\/comments?post=80958"}],"version-history":[{"count":0,"href":"https:\/\/onlinelotto365.com\/et\/wp-json\/wp\/v2\/pages\/80958\/revisions"}],"up":[{"embeddable":true,"href":"https:\/\/onlinelotto365.com\/et\/wp-json\/wp\/v2\/pages\/5828"}],"wp:attachment":[{"href":"https:\/\/onlinelotto365.com\/et\/wp-json\/wp\/v2\/media?parent=80958"}],"curies":[{"name":"wp","href":"https:\/\/api.w.org\/{rel}","templated":true}]}}