{"id":80990,"date":"2022-11-25T09:46:16","date_gmt":"2022-11-25T08:46:16","guid":{"rendered":"https:\/\/onlinelotto365.com\/?page_id=80990"},"modified":"2022-11-25T09:46:16","modified_gmt":"2022-11-25T08:46:16","slug":"mon-wed-loto","status":"publish","type":"page","link":"https:\/\/onlinelotto365.com\/et\/voitnud-loosinumbrid\/mon-wed-loto\/","title":{"rendered":"K\u00f5ik Mon &#038; Wed Lotto Austraalia tulemused"},"content":{"rendered":"<p>Seal on palju erinevaid rahvusvahelisi m\u00e4nge, mida saab m\u00e4ngida, kui tegemist on loteriiga. Ja sa tahad, et sa saaksid nende jaoks v\u00f5imalikult kiiresti tulemusi. \u00dcks v\u00f5imalus selleks on otsida ajaleht, mis pakub Mon &amp; Wed Lotto Australia v\u00f5idunumbreid. Aga neid v\u00f5ib olla raske leida. Teine v\u00f5imalus on teler, kuid ka need kanalid v\u00f5ivad olla keerulised. Mis siis, kui te ei taha palju uurimist\u00f6\u00f6d teha?<br \/>\n<a href=\"https:\/\/redfoxlotto.com\/play\/monday-wednesday-lotto-au\/?ref=a8564250a2&amp;medium=ol365\" target=\"_blank\" rel=\"noopener noreferrer\"><img decoding=\"async\" class=\"aligncenter\" src=\"https:\/\/redfoxlotto.com\/image?size=8&amp;lottery=monday-wednesday-lotto-au\" alt=\" Mon &amp; amp; Wed Lotto Austraalia\" \/><\/a><\/p>\n<p>Vaadake Mon &amp; Wed Lotto Austraalia veebisaiti, et n\u00e4ha, kas nad pakuvad live-loosimisi. Mis tahes m\u00e4ngu live-loosimised v\u00f5ivad olla v\u00e4ga l\u00f5busad, sest need annavad sulle vaatamise ajal terve hulga vahetut p\u00f5nevust. Kuid mitte iga m\u00e4ng ei paku selliseid loosimisi. Peaksite veenduma, et Mon &amp; Wed Lotto on \u00fcks neist, kus see on saadaval.<\/p>\n<p>J\u00e4rgmisena v\u00f5id valida, kas vaadata YouTube&#8217;i, et n\u00e4ha, kas tulemused on sealt leitavad. Te v\u00f5ite olla \u00fcllatunud, kuidas m\u00f5ned inimesed postitavad loosimiste tulemusi v\u00f5i isegi live-videoid loosimiste kohta peaaegu iga m\u00e4ngu puhul.<\/p>\n<p>K\u00f5ige lihtsam variant on aga teie jaoks kindlasti meie veebisaidi vaatamine. Pakume k\u00f5iki v\u00f5idunumbreid ja auhinnasummasid iga m\u00e4ngu kohta, mida saate meie veebisaidil osta. See teeb tulemuste saamise \u00fchest kohast ja nii kiiresti kui soovite palju lihtsamaks.<\/p>\n<h2>Kuidas teada saada, kas teie v\u00f5rgupilet on v\u00f5itnud<\/h2>\n<p>Veelgi parem uudis on see, et kui olete ostnud meie kaudu Mon &amp; Wed Lotto Australia pileti, saate tulemuste saamiseks minna otse oma m\u00e4ngijakontole. Sealt leiad nii ostetud piletid kui ka v\u00f5idunumbrid k\u00f5ikide m\u00e4ngude kohta, mida oled otsustanud m\u00e4ngida.<\/p>\n<p>Saate n\u00e4ha numbreid, mida valisite ja mis vastavad v\u00e4lja loositud numbritele, ning k\u00f5ik teie v\u00f5idetud summad, mis on alla 2500 euro, lisatakse automaatselt teie kontole. Mis v\u00f5iks olla lihtsam kui see?<\/p>\n<h2>Mon &amp; Wed Lotto Austraalia tulemuste arhiiv<\/h2>\n<p>Igal meie veebisaidi lehel, mis n\u00e4itab viimaseid Mon &amp; Wed Lotto Australia tulemusi, kuvatakse ka vanemaid numbreid, mida v\u00f5iksite vaadata. Need v\u00f5ivad aidata teil valida numbreid, mida soovite j\u00e4rgmisel korral pileti ostmisel m\u00e4ngida.<\/p>\n<h2>Minu pilet on v\u00f5itnud, mis saab edasi?<\/h2>\n<p><img loading=\"lazy\" decoding=\"async\" class=\"alignright wp-image-3542\" src=\"https:\/\/onlinelotto365.com\/wp-content\/uploads\/2020\/11\/online_lottery-154-300x200.jpg\" alt=\"Mon &amp;amp; Wed Lotto v\u00f5itnud numbrid\" width=\"197\" height=\"131\" srcset=\"https:\/\/onlinelotto365.com\/wp-content\/uploads\/2020\/11\/online_lottery-154-300x200.jpg 300w, https:\/\/onlinelotto365.com\/wp-content\/uploads\/2020\/11\/online_lottery-154.jpg 320w\" sizes=\"auto, (max-width: 197px) 100vw, 197px\" \/><br \/>\nKui olete oma piletiga v\u00f5itnud, peate lihtsalt vaatama, kui palju teil on \u00f5igus saada. Kui see on v\u00e4iksem kui 2500 eurot, hoolitseme selle eest, et see kinnitatakse ja kantakse sinu kontole niipea kui v\u00f5imalik. Seej\u00e4rel, kui sinu kontol on v\u00e4hemalt 10 eurot, saad selle v\u00e4lja v\u00f5tta mis tahes makseviisiga, mida oled varem oma kontoga kasutanud. Sul tuleb vaid hoolitseda m\u00f5ne dokumendi eest, mis annab meie makseprotsessorile teada, kes sa oled ja et sul on \u00f5igus raha saada. Kui sul on v\u00e4hem kui 10 eurot v\u00f5i kui otsustad raha oma kontole j\u00e4tta, saad seda kasutada, et osta rohkem pileteid.<\/p>\n","protected":false},"excerpt":{"rendered":"<p>Seal on palju erinevaid rahvusvahelisi m\u00e4nge, mida saab m\u00e4ngida, kui tegemist on loteriiga. Ja sa tahad, et sa saaksid nende jaoks v\u00f5imalikult kiiresti tulemusi. \u00dcks v\u00f5imalus selleks on otsida ajaleht, mis pakub Mon &amp; Wed Lotto Australia v\u00f5idunumbreid. Aga neid v\u00f5ib olla raske leida. Teine v\u00f5imalus on teler, kuid ka need kanalid v\u00f5ivad olla keerulised. [&hellip;]<\/p>\n","protected":false},"author":1,"featured_media":0,"parent":5828,"menu_order":16,"comment_status":"closed","ping_status":"closed","template":"template-rightsidebar.php","meta":{"_et_pb_use_builder":"","_et_pb_old_content":"","_et_gb_content_width":"","exclude_from_search":false,"footnotes":""},"class_list":["post-80990","page","type-page","status-publish","hentry"],"yoast_head":"<!-- This site is optimized with the Yoast SEO plugin v23.4 - https:\/\/yoast.com\/wordpress\/plugins\/seo\/ -->\n<title>Mon &amp; Wed Lotto Austraalia v\u00f5itnud numbrid<\/title>\n<meta name=\"description\" content=\"Meie sait toob teile viimased v\u00f5idunumbrid ja wo summad Mon &amp; Wed loto jaoks.\" \/>\n<meta name=\"robots\" content=\"index, follow, max-snippet:-1, max-image-preview:large, max-video-preview:-1\" \/>\n<link rel=\"canonical\" href=\"https:\/\/onlinelotto365.com\/et\/voitnud-loosinumbrid\/mon-wed-loto\/\" \/>\n<meta property=\"og:locale\" content=\"et_EE\" \/>\n<meta property=\"og:type\" content=\"article\" \/>\n<meta property=\"og:title\" content=\"Mon &amp; Wed Lotto Austraalia v\u00f5itnud numbrid\" \/>\n<meta property=\"og:description\" content=\"Meie sait toob teile viimased v\u00f5idunumbrid ja wo summad Mon &amp; Wed loto jaoks.\" \/>\n<meta property=\"og:url\" content=\"https:\/\/onlinelotto365.com\/et\/voitnud-loosinumbrid\/mon-wed-loto\/\" \/>\n<meta property=\"og:site_name\" content=\"OnlineLotto365\" \/>\n<meta property=\"og:image\" content=\"https:\/\/redfoxlotto.com\/image?size=8&amp;lottery=monday-wednesday-lotto-au\" \/>\n<meta name=\"twitter:card\" content=\"summary_large_image\" \/>\n<meta name=\"twitter:label1\" content=\"Est. reading time\" \/>\n\t<meta name=\"twitter:data1\" content=\"3 minutit\" \/>\n<script type=\"application\/ld+json\" class=\"yoast-schema-graph\">{\"@context\":\"https:\/\/schema.org\",\"@graph\":[{\"@type\":\"WebPage\",\"@id\":\"https:\/\/onlinelotto365.com\/et\/voitnud-loosinumbrid\/mon-wed-loto\/\",\"url\":\"https:\/\/onlinelotto365.com\/et\/voitnud-loosinumbrid\/mon-wed-loto\/\",\"name\":\"Mon & Wed Lotto Austraalia v\u00f5itnud numbrid\",\"isPartOf\":{\"@id\":\"https:\/\/onlinelotto365.com\/et\/#website\"},\"primaryImageOfPage\":{\"@id\":\"https:\/\/onlinelotto365.com\/et\/voitnud-loosinumbrid\/mon-wed-loto\/#primaryimage\"},\"image\":{\"@id\":\"https:\/\/onlinelotto365.com\/et\/voitnud-loosinumbrid\/mon-wed-loto\/#primaryimage\"},\"thumbnailUrl\":\"https:\/\/redfoxlotto.com\/image?size=8&amp;lottery=monday-wednesday-lotto-au\",\"datePublished\":\"2022-11-25T08:46:16+00:00\",\"dateModified\":\"2022-11-25T08:46:16+00:00\",\"description\":\"Meie sait toob teile viimased v\u00f5idunumbrid ja wo summad Mon & Wed loto jaoks.\",\"breadcrumb\":{\"@id\":\"https:\/\/onlinelotto365.com\/et\/voitnud-loosinumbrid\/mon-wed-loto\/#breadcrumb\"},\"inLanguage\":\"et\",\"potentialAction\":[{\"@type\":\"ReadAction\",\"target\":[\"https:\/\/onlinelotto365.com\/et\/voitnud-loosinumbrid\/mon-wed-loto\/\"]}]},{\"@type\":\"ImageObject\",\"inLanguage\":\"et\",\"@id\":\"https:\/\/onlinelotto365.com\/et\/voitnud-loosinumbrid\/mon-wed-loto\/#primaryimage\",\"url\":\"https:\/\/redfoxlotto.com\/image?size=8&amp;lottery=monday-wednesday-lotto-au\",\"contentUrl\":\"https:\/\/redfoxlotto.com\/image?size=8&amp;lottery=monday-wednesday-lotto-au\"},{\"@type\":\"BreadcrumbList\",\"@id\":\"https:\/\/onlinelotto365.com\/et\/voitnud-loosinumbrid\/mon-wed-loto\/#breadcrumb\",\"itemListElement\":[{\"@type\":\"ListItem\",\"position\":1,\"name\":\"Home\",\"item\":\"https:\/\/onlinelotto365.com\/et\/\"},{\"@type\":\"ListItem\",\"position\":2,\"name\":\"Tulemused ja v\u00f5idunumbrid\",\"item\":\"https:\/\/onlinelotto365.com\/et\/voitnud-loosinumbrid\/\"},{\"@type\":\"ListItem\",\"position\":3,\"name\":\"K\u00f5ik Mon &#038; Wed Lotto Austraalia tulemused\"}]},{\"@type\":\"WebSite\",\"@id\":\"https:\/\/onlinelotto365.com\/et\/#website\",\"url\":\"https:\/\/onlinelotto365.com\/et\/\",\"name\":\"OnlineLotto365\",\"description\":\"\",\"potentialAction\":[{\"@type\":\"SearchAction\",\"target\":{\"@type\":\"EntryPoint\",\"urlTemplate\":\"https:\/\/onlinelotto365.com\/et\/?s={search_term_string}\"},\"query-input\":{\"@type\":\"PropertyValueSpecification\",\"valueRequired\":true,\"valueName\":\"search_term_string\"}}],\"inLanguage\":\"et\"}]}<\/script>\n<!-- \/ Yoast SEO plugin. -->","yoast_head_json":{"title":"Mon & Wed Lotto Austraalia v\u00f5itnud numbrid","description":"Meie sait toob teile viimased v\u00f5idunumbrid ja wo summad Mon & Wed loto jaoks.","robots":{"index":"index","follow":"follow","max-snippet":"max-snippet:-1","max-image-preview":"max-image-preview:large","max-video-preview":"max-video-preview:-1"},"canonical":"https:\/\/onlinelotto365.com\/et\/voitnud-loosinumbrid\/mon-wed-loto\/","og_locale":"et_EE","og_type":"article","og_title":"Mon & Wed Lotto Austraalia v\u00f5itnud numbrid","og_description":"Meie sait toob teile viimased v\u00f5idunumbrid ja wo summad Mon & Wed loto jaoks.","og_url":"https:\/\/onlinelotto365.com\/et\/voitnud-loosinumbrid\/mon-wed-loto\/","og_site_name":"OnlineLotto365","og_image":[{"url":"https:\/\/redfoxlotto.com\/image?size=8&amp;lottery=monday-wednesday-lotto-au"}],"twitter_card":"summary_large_image","twitter_misc":{"Est. reading time":"3 minutit"},"schema":{"@context":"https:\/\/schema.org","@graph":[{"@type":"WebPage","@id":"https:\/\/onlinelotto365.com\/et\/voitnud-loosinumbrid\/mon-wed-loto\/","url":"https:\/\/onlinelotto365.com\/et\/voitnud-loosinumbrid\/mon-wed-loto\/","name":"Mon & Wed Lotto Austraalia v\u00f5itnud numbrid","isPartOf":{"@id":"https:\/\/onlinelotto365.com\/et\/#website"},"primaryImageOfPage":{"@id":"https:\/\/onlinelotto365.com\/et\/voitnud-loosinumbrid\/mon-wed-loto\/#primaryimage"},"image":{"@id":"https:\/\/onlinelotto365.com\/et\/voitnud-loosinumbrid\/mon-wed-loto\/#primaryimage"},"thumbnailUrl":"https:\/\/redfoxlotto.com\/image?size=8&amp;lottery=monday-wednesday-lotto-au","datePublished":"2022-11-25T08:46:16+00:00","dateModified":"2022-11-25T08:46:16+00:00","description":"Meie sait toob teile viimased v\u00f5idunumbrid ja wo summad Mon & Wed loto jaoks.","breadcrumb":{"@id":"https:\/\/onlinelotto365.com\/et\/voitnud-loosinumbrid\/mon-wed-loto\/#breadcrumb"},"inLanguage":"et","potentialAction":[{"@type":"ReadAction","target":["https:\/\/onlinelotto365.com\/et\/voitnud-loosinumbrid\/mon-wed-loto\/"]}]},{"@type":"ImageObject","inLanguage":"et","@id":"https:\/\/onlinelotto365.com\/et\/voitnud-loosinumbrid\/mon-wed-loto\/#primaryimage","url":"https:\/\/redfoxlotto.com\/image?size=8&amp;lottery=monday-wednesday-lotto-au","contentUrl":"https:\/\/redfoxlotto.com\/image?size=8&amp;lottery=monday-wednesday-lotto-au"},{"@type":"BreadcrumbList","@id":"https:\/\/onlinelotto365.com\/et\/voitnud-loosinumbrid\/mon-wed-loto\/#breadcrumb","itemListElement":[{"@type":"ListItem","position":1,"name":"Home","item":"https:\/\/onlinelotto365.com\/et\/"},{"@type":"ListItem","position":2,"name":"Tulemused ja v\u00f5idunumbrid","item":"https:\/\/onlinelotto365.com\/et\/voitnud-loosinumbrid\/"},{"@type":"ListItem","position":3,"name":"K\u00f5ik Mon &#038; Wed Lotto Austraalia tulemused"}]},{"@type":"WebSite","@id":"https:\/\/onlinelotto365.com\/et\/#website","url":"https:\/\/onlinelotto365.com\/et\/","name":"OnlineLotto365","description":"","potentialAction":[{"@type":"SearchAction","target":{"@type":"EntryPoint","urlTemplate":"https:\/\/onlinelotto365.com\/et\/?s={search_term_string}"},"query-input":{"@type":"PropertyValueSpecification","valueRequired":true,"valueName":"search_term_string"}}],"inLanguage":"et"}]}},"_links":{"self":[{"href":"https:\/\/onlinelotto365.com\/et\/wp-json\/wp\/v2\/pages\/80990","targetHints":{"allow":["GET"]}}],"collection":[{"href":"https:\/\/onlinelotto365.com\/et\/wp-json\/wp\/v2\/pages"}],"about":[{"href":"https:\/\/onlinelotto365.com\/et\/wp-json\/wp\/v2\/types\/page"}],"author":[{"embeddable":true,"href":"https:\/\/onlinelotto365.com\/et\/wp-json\/wp\/v2\/users\/1"}],"replies":[{"embeddable":true,"href":"https:\/\/onlinelotto365.com\/et\/wp-json\/wp\/v2\/comments?post=80990"}],"version-history":[{"count":0,"href":"https:\/\/onlinelotto365.com\/et\/wp-json\/wp\/v2\/pages\/80990\/revisions"}],"up":[{"embeddable":true,"href":"https:\/\/onlinelotto365.com\/et\/wp-json\/wp\/v2\/pages\/5828"}],"wp:attachment":[{"href":"https:\/\/onlinelotto365.com\/et\/wp-json\/wp\/v2\/media?parent=80990"}],"curies":[{"name":"wp","href":"https:\/\/api.w.org\/{rel}","templated":true}]}}