{"id":84212,"date":"2023-09-28T08:08:56","date_gmt":"2023-09-28T07:08:56","guid":{"rendered":"https:\/\/onlinelotto365.com\/voitnud-loosinumbrid\/vaata-eurojackpot-voidunumbreid-siit"},"modified":"2023-09-28T08:08:56","modified_gmt":"2023-09-28T07:08:56","slug":"vaata-eurojackpot-voidunumbreid-siit","status":"publish","type":"page","link":"https:\/\/onlinelotto365.com\/et\/voitnud-loosinumbrid\/vaata-eurojackpot-voidunumbreid-siit\/","title":{"rendered":"Vaata Eurojackpot v\u00f5idunumbreid siit"},"content":{"rendered":"<p>Meie veebisaidil on saadaval palju erinevaid rahvusvahelisi loteriisid, mis t\u00e4hendab, et numbrite ja tulemuste leidmine v\u00f5ib m\u00f5nele olla keeruline. Ja kui tegemist on numbrite leidmisega mujal, v\u00f5ib asi olla veelgi hullem. T\u00f5en\u00e4oliselt ei leia sa Eurojackpot&#8217;i tulemusi oma kohalikust ajalehes ja neid v\u00f5ib olla raske leida ka televisioonist. Eriti kuna neid ei edastata sageli otse\u00fclekandes.<\/p>\n<p>V\u00f5ite vaadata ka Eurojackpot&#8217;i loterii veebisaiti, mis annab teile juurdep\u00e4\u00e4su tulemuste ja loosimise otse\u00fclekandele. See v\u00f5ib olla v\u00e4ga l\u00f5bus ja annab teile palju kiiremini teada, kas olete v\u00f5itnud. Kuid see ei ole alati v\u00f5imalik ja teil peab olema \u00f5ige ajastus.<\/p>\n<p>Kui otsite numbreid p\u00e4rast loosimist, v\u00f5ite alati vaadata YouTube&#8217;ist, kas loosimine on saadaval v\u00f5i kas kellelgi on video v\u00f5idunumbritega.<\/p>\n<p>K\u00f5ige lihtsam viis v\u00f5idunumbrite leidmiseks ja isegi k\u00f5igi auhindade ja tulemuste vaatamiseks on k\u00fclastada meie veebisaiti loteriitulemuste lehel meie loterii tulemuste lehel. Sealt leiad k\u00f5ik Eurojackpot&#8217;i ja k\u00f5igi teiste meie pakutavate m\u00e4ngude v\u00f5idunumbrid.<\/p>\n<h2>Kuidas teada saada, kas olete v\u00f5itnud<\/h2>\n<p><img decoding=\"async\" class=\"aligncenter\" src=\"https:\/\/redfoxlotto.com\/image?size=8&amp;lottery=eurojackpot\" alt=\"eurojackpot\" \/><br \/>\nKas olete ostnud pileti Eurojackpotile? Kui olete, siis ei pea te isegi tulemuste lehele minema. Mine lihtsalt oma kontole ja n\u00e4ed v\u00f5idunumbreid otse oma pileti k\u00f5rval. Saate isegi n\u00e4ha, millised numbrid olid \u00f5iged ja millised mitte, ning n\u00e4ha, kui palju te selle tulemusena v\u00f5itsite. Kui oled v\u00f5itnud v\u00e4hem kui 2500 eurot, kantakse raha sinu kontole kohe, kui loterii numbrid on kinnitatud.<\/p>\n<p>Meie veebisait n\u00e4itab sulle viimaste Eurojackpotide tulemusi, kuid annab sulle ka palju v\u00f5imalusi vanemate loosimiste kontrollimiseks. Nii et saate kontrollida vanemaid pileteid v\u00f5i kui otsite parimaid numbreid, mida proovida j\u00e4rgmisel korral pileti ostmisel. Tegelikult on see \u00fcks populaarsemaid loteriistrateegiaid, mida inimesed kasutavad.<\/p>\n<h2>Minu pilet v\u00f5itis, mis saab edasi?<\/h2>\n<p><img loading=\"lazy\" decoding=\"async\" class=\"alignright wp-image-25127\" src=\"https:\/\/onlinelotto365.com\/wp-content\/uploads\/2021\/01\/lottery_balls1-300x160-1.jpg\" alt=\"Eurojackpot winning numbers\" width=\"265\" height=\"142\" \/><br \/>\nMe r\u00e4\u00e4kisime juba alla 2500 euro suurustest auhindadest. Need auhinnad kantakse kohe teie kontole ja seej\u00e4rel saate valida, kas osta veel pileteid v\u00f5i v\u00f5tta kogu raha v\u00f5i osa sellest v\u00e4lja. K\u00f5ik, mida pead tegema, on veenduda, et sinu kontol on v\u00e4hemalt 10 eurot, et saaksid need oma valitud meetodil v\u00e4lja v\u00f5tta.<\/p>\n<p>Saate valida, kas v\u00f5tta raha v\u00e4lja oma pangakontole v\u00f5i krediitkaardile, ja me teeme ka selle sinu jaoks lihtsaks. Me tahame, et sa saaksid oma raha k\u00e4tte, kuid me peame astuma m\u00f5ned sammud, et raha sinu kontole j\u00f5uaks. L\u00f5ppude l\u00f5puks kehtivad veebip\u00f5histe raha\u00fclekannete suhtes ranged eeskirjad.<\/p>\n","protected":false},"excerpt":{"rendered":"<p>Meie veebisaidil on saadaval palju erinevaid rahvusvahelisi loteriisid, mis t\u00e4hendab, et numbrite ja tulemuste leidmine v\u00f5ib m\u00f5nele olla keeruline. Ja kui tegemist on numbrite leidmisega mujal, v\u00f5ib asi olla veelgi hullem. T\u00f5en\u00e4oliselt ei leia sa Eurojackpot&#8217;i tulemusi oma kohalikust ajalehes ja neid v\u00f5ib olla raske leida ka televisioonist. Eriti kuna neid ei edastata sageli otse\u00fclekandes. [&hellip;]<\/p>\n","protected":false},"author":1,"featured_media":0,"parent":5828,"menu_order":4,"comment_status":"closed","ping_status":"closed","template":"eurojackpot-results.php","meta":{"_et_pb_use_builder":"","_et_pb_old_content":"","_et_gb_content_width":"","exclude_from_search":false,"footnotes":""},"class_list":["post-84212","page","type-page","status-publish","hentry"],"yoast_head":"<!-- This site is optimized with the Yoast SEO plugin v23.4 - https:\/\/yoast.com\/wordpress\/plugins\/seo\/ -->\n<title>V\u00f5idunumbrid Eurojackpot | Vaata Eurojackpot&#039;i loosimise tulemusi ja v\u00f5ite siit<\/title>\n<meta name=\"description\" content=\"Avaldame Eurojackpoti tulemused ja v\u00f5idunumbrid, lisaks eelmiste loosimiste arhiiv.\" \/>\n<meta name=\"robots\" content=\"index, follow, max-snippet:-1, max-image-preview:large, max-video-preview:-1\" \/>\n<link rel=\"canonical\" href=\"https:\/\/onlinelotto365.com\/et\/voitnud-loosinumbrid\/vaata-eurojackpot-voidunumbreid-siit\/\" \/>\n<meta property=\"og:locale\" content=\"et_EE\" \/>\n<meta property=\"og:type\" content=\"article\" \/>\n<meta property=\"og:title\" content=\"V\u00f5idunumbrid Eurojackpot | Vaata Eurojackpot&#039;i loosimise tulemusi ja v\u00f5ite siit\" \/>\n<meta property=\"og:description\" content=\"Avaldame Eurojackpoti tulemused ja v\u00f5idunumbrid, lisaks eelmiste loosimiste arhiiv.\" \/>\n<meta property=\"og:url\" content=\"https:\/\/onlinelotto365.com\/et\/voitnud-loosinumbrid\/vaata-eurojackpot-voidunumbreid-siit\/\" \/>\n<meta property=\"og:site_name\" content=\"OnlineLotto365\" \/>\n<meta property=\"og:image\" content=\"https:\/\/redfoxlotto.com\/image?size=8&amp;lottery=eurojackpot\" \/>\n<meta name=\"twitter:card\" content=\"summary_large_image\" \/>\n<meta name=\"twitter:label1\" content=\"Est. reading time\" \/>\n\t<meta name=\"twitter:data1\" content=\"2 minutit\" \/>\n<script type=\"application\/ld+json\" class=\"yoast-schema-graph\">{\"@context\":\"https:\/\/schema.org\",\"@graph\":[{\"@type\":\"WebPage\",\"@id\":\"https:\/\/onlinelotto365.com\/et\/voitnud-loosinumbrid\/vaata-eurojackpot-voidunumbreid-siit\/\",\"url\":\"https:\/\/onlinelotto365.com\/et\/voitnud-loosinumbrid\/vaata-eurojackpot-voidunumbreid-siit\/\",\"name\":\"V\u00f5idunumbrid Eurojackpot | Vaata Eurojackpot'i loosimise tulemusi ja v\u00f5ite siit\",\"isPartOf\":{\"@id\":\"https:\/\/onlinelotto365.com\/et\/#website\"},\"primaryImageOfPage\":{\"@id\":\"https:\/\/onlinelotto365.com\/et\/voitnud-loosinumbrid\/vaata-eurojackpot-voidunumbreid-siit\/#primaryimage\"},\"image\":{\"@id\":\"https:\/\/onlinelotto365.com\/et\/voitnud-loosinumbrid\/vaata-eurojackpot-voidunumbreid-siit\/#primaryimage\"},\"thumbnailUrl\":\"https:\/\/redfoxlotto.com\/image?size=8&amp;lottery=eurojackpot\",\"datePublished\":\"2023-09-28T07:08:56+00:00\",\"dateModified\":\"2023-09-28T07:08:56+00:00\",\"description\":\"Avaldame Eurojackpoti tulemused ja v\u00f5idunumbrid, lisaks eelmiste loosimiste arhiiv.\",\"breadcrumb\":{\"@id\":\"https:\/\/onlinelotto365.com\/et\/voitnud-loosinumbrid\/vaata-eurojackpot-voidunumbreid-siit\/#breadcrumb\"},\"inLanguage\":\"et\",\"potentialAction\":[{\"@type\":\"ReadAction\",\"target\":[\"https:\/\/onlinelotto365.com\/et\/voitnud-loosinumbrid\/vaata-eurojackpot-voidunumbreid-siit\/\"]}]},{\"@type\":\"ImageObject\",\"inLanguage\":\"et\",\"@id\":\"https:\/\/onlinelotto365.com\/et\/voitnud-loosinumbrid\/vaata-eurojackpot-voidunumbreid-siit\/#primaryimage\",\"url\":\"https:\/\/redfoxlotto.com\/image?size=8&amp;lottery=eurojackpot\",\"contentUrl\":\"https:\/\/redfoxlotto.com\/image?size=8&amp;lottery=eurojackpot\"},{\"@type\":\"BreadcrumbList\",\"@id\":\"https:\/\/onlinelotto365.com\/et\/voitnud-loosinumbrid\/vaata-eurojackpot-voidunumbreid-siit\/#breadcrumb\",\"itemListElement\":[{\"@type\":\"ListItem\",\"position\":1,\"name\":\"Home\",\"item\":\"https:\/\/onlinelotto365.com\/et\/\"},{\"@type\":\"ListItem\",\"position\":2,\"name\":\"Tulemused ja v\u00f5idunumbrid\",\"item\":\"https:\/\/onlinelotto365.com\/et\/voitnud-loosinumbrid\/\"},{\"@type\":\"ListItem\",\"position\":3,\"name\":\"Vaata Eurojackpot v\u00f5idunumbreid siit\"}]},{\"@type\":\"WebSite\",\"@id\":\"https:\/\/onlinelotto365.com\/et\/#website\",\"url\":\"https:\/\/onlinelotto365.com\/et\/\",\"name\":\"OnlineLotto365\",\"description\":\"\",\"potentialAction\":[{\"@type\":\"SearchAction\",\"target\":{\"@type\":\"EntryPoint\",\"urlTemplate\":\"https:\/\/onlinelotto365.com\/et\/?s={search_term_string}\"},\"query-input\":{\"@type\":\"PropertyValueSpecification\",\"valueRequired\":true,\"valueName\":\"search_term_string\"}}],\"inLanguage\":\"et\"}]}<\/script>\n<!-- \/ Yoast SEO plugin. -->","yoast_head_json":{"title":"V\u00f5idunumbrid Eurojackpot | Vaata Eurojackpot'i loosimise tulemusi ja v\u00f5ite siit","description":"Avaldame Eurojackpoti tulemused ja v\u00f5idunumbrid, lisaks eelmiste loosimiste arhiiv.","robots":{"index":"index","follow":"follow","max-snippet":"max-snippet:-1","max-image-preview":"max-image-preview:large","max-video-preview":"max-video-preview:-1"},"canonical":"https:\/\/onlinelotto365.com\/et\/voitnud-loosinumbrid\/vaata-eurojackpot-voidunumbreid-siit\/","og_locale":"et_EE","og_type":"article","og_title":"V\u00f5idunumbrid Eurojackpot | Vaata Eurojackpot'i loosimise tulemusi ja v\u00f5ite siit","og_description":"Avaldame Eurojackpoti tulemused ja v\u00f5idunumbrid, lisaks eelmiste loosimiste arhiiv.","og_url":"https:\/\/onlinelotto365.com\/et\/voitnud-loosinumbrid\/vaata-eurojackpot-voidunumbreid-siit\/","og_site_name":"OnlineLotto365","og_image":[{"url":"https:\/\/redfoxlotto.com\/image?size=8&amp;lottery=eurojackpot"}],"twitter_card":"summary_large_image","twitter_misc":{"Est. reading time":"2 minutit"},"schema":{"@context":"https:\/\/schema.org","@graph":[{"@type":"WebPage","@id":"https:\/\/onlinelotto365.com\/et\/voitnud-loosinumbrid\/vaata-eurojackpot-voidunumbreid-siit\/","url":"https:\/\/onlinelotto365.com\/et\/voitnud-loosinumbrid\/vaata-eurojackpot-voidunumbreid-siit\/","name":"V\u00f5idunumbrid Eurojackpot | Vaata Eurojackpot'i loosimise tulemusi ja v\u00f5ite siit","isPartOf":{"@id":"https:\/\/onlinelotto365.com\/et\/#website"},"primaryImageOfPage":{"@id":"https:\/\/onlinelotto365.com\/et\/voitnud-loosinumbrid\/vaata-eurojackpot-voidunumbreid-siit\/#primaryimage"},"image":{"@id":"https:\/\/onlinelotto365.com\/et\/voitnud-loosinumbrid\/vaata-eurojackpot-voidunumbreid-siit\/#primaryimage"},"thumbnailUrl":"https:\/\/redfoxlotto.com\/image?size=8&amp;lottery=eurojackpot","datePublished":"2023-09-28T07:08:56+00:00","dateModified":"2023-09-28T07:08:56+00:00","description":"Avaldame Eurojackpoti tulemused ja v\u00f5idunumbrid, lisaks eelmiste loosimiste arhiiv.","breadcrumb":{"@id":"https:\/\/onlinelotto365.com\/et\/voitnud-loosinumbrid\/vaata-eurojackpot-voidunumbreid-siit\/#breadcrumb"},"inLanguage":"et","potentialAction":[{"@type":"ReadAction","target":["https:\/\/onlinelotto365.com\/et\/voitnud-loosinumbrid\/vaata-eurojackpot-voidunumbreid-siit\/"]}]},{"@type":"ImageObject","inLanguage":"et","@id":"https:\/\/onlinelotto365.com\/et\/voitnud-loosinumbrid\/vaata-eurojackpot-voidunumbreid-siit\/#primaryimage","url":"https:\/\/redfoxlotto.com\/image?size=8&amp;lottery=eurojackpot","contentUrl":"https:\/\/redfoxlotto.com\/image?size=8&amp;lottery=eurojackpot"},{"@type":"BreadcrumbList","@id":"https:\/\/onlinelotto365.com\/et\/voitnud-loosinumbrid\/vaata-eurojackpot-voidunumbreid-siit\/#breadcrumb","itemListElement":[{"@type":"ListItem","position":1,"name":"Home","item":"https:\/\/onlinelotto365.com\/et\/"},{"@type":"ListItem","position":2,"name":"Tulemused ja v\u00f5idunumbrid","item":"https:\/\/onlinelotto365.com\/et\/voitnud-loosinumbrid\/"},{"@type":"ListItem","position":3,"name":"Vaata Eurojackpot v\u00f5idunumbreid siit"}]},{"@type":"WebSite","@id":"https:\/\/onlinelotto365.com\/et\/#website","url":"https:\/\/onlinelotto365.com\/et\/","name":"OnlineLotto365","description":"","potentialAction":[{"@type":"SearchAction","target":{"@type":"EntryPoint","urlTemplate":"https:\/\/onlinelotto365.com\/et\/?s={search_term_string}"},"query-input":{"@type":"PropertyValueSpecification","valueRequired":true,"valueName":"search_term_string"}}],"inLanguage":"et"}]}},"_links":{"self":[{"href":"https:\/\/onlinelotto365.com\/et\/wp-json\/wp\/v2\/pages\/84212","targetHints":{"allow":["GET"]}}],"collection":[{"href":"https:\/\/onlinelotto365.com\/et\/wp-json\/wp\/v2\/pages"}],"about":[{"href":"https:\/\/onlinelotto365.com\/et\/wp-json\/wp\/v2\/types\/page"}],"author":[{"embeddable":true,"href":"https:\/\/onlinelotto365.com\/et\/wp-json\/wp\/v2\/users\/1"}],"replies":[{"embeddable":true,"href":"https:\/\/onlinelotto365.com\/et\/wp-json\/wp\/v2\/comments?post=84212"}],"version-history":[{"count":0,"href":"https:\/\/onlinelotto365.com\/et\/wp-json\/wp\/v2\/pages\/84212\/revisions"}],"up":[{"embeddable":true,"href":"https:\/\/onlinelotto365.com\/et\/wp-json\/wp\/v2\/pages\/5828"}],"wp:attachment":[{"href":"https:\/\/onlinelotto365.com\/et\/wp-json\/wp\/v2\/media?parent=84212"}],"curies":[{"name":"wp","href":"https:\/\/api.w.org\/{rel}","templated":true}]}}