{"id":84435,"date":"2023-10-03T12:51:20","date_gmt":"2023-10-03T11:51:20","guid":{"rendered":"https:\/\/onlinelotto365.com\/kkk"},"modified":"2023-10-03T12:51:20","modified_gmt":"2023-10-03T11:51:20","slug":"kkk","status":"publish","type":"page","link":"https:\/\/onlinelotto365.com\/et\/kkk\/","title":{"rendered":"KKK"},"content":{"rendered":"<h1>Online loterii KKK<\/h1>\n<p>Siit leiad vastused k\u00f5ige sagedamini esitatavatele k\u00fcsimustele selle kohta, kuidas online loterii teenus toimib.<\/p>\n<p>Kuidas ma saan oma piletid?<\/p>\n<p>Seej\u00e4rel ostab \u00fcks meie kohapealsetest agentidest pileti teie nimel ja teie eest. Seej\u00e4rel skaneeritakse pilet ja laetakse \u00fcles teie kliendikontole. Me saadame sulle e-kirja, kui sa v\u00f5idad, ja meie teenus h\u00f5lmab ka sinu v\u00f5idu saatmist sulle (vt allpool \u00fcksikasju). sa v\u00f5idad ka.<\/p>\n<p>Millised on meie kaudu rahvusvaheliste loteriide online-m\u00e4ngimise eelised?<\/p>\n<ul>\n<li>saate valida paljude loteriide vahel ja alati ootab teid suur jackpot<\/li>\n<li>sa saad tegeliku pileti<\/li>\n<li>saate m\u00e4ngida, kus iganes te ka ei oleks, kus iganes te ka ei oleks<\/li>\n<li>saate mugavalt internetis maksta, meil on mitmeid v\u00f5imalusi, sealhulgas krediitkaardiga<\/li>\n<li>sinu v\u00e4iksemad v\u00f5idud kuni 2500 eurot kantakse kohe sinu m\u00e4ngijakontole<\/li>\n<li>suuremate kui 2500 euro suuruste v\u00f5itude puhul tegeleme teie v\u00e4ljamaksega otse loteriist, ilma et see oleks tasuta.<\/li>\n<\/ul>\n<p>Kes saavad loteriid m\u00e4ngida?<\/p>\n<p>M\u00e4ngida v\u00f5ivad k\u00f5ik &#8211; kuid loteriis osalemiseks peate olema vanem kui 18 aastat.<\/p>\n<p>Kas ma v\u00f5in loteriid m\u00e4ngida v\u00e4lisriigist?<\/p>\n<p>Jah. Olenemata sellest, millises riigis te elate, saate osaleda k\u00f5igis meie veebisaidil kuvatavates loteriides.<\/p>\n<p>Kas ma v\u00f5in ise otsustada oma loto numbrite \u00fcle?<\/p>\n<p>Jah. V\u00f5ite valida numbrid k\u00e4sitsi v\u00f5i kasutada funktsiooni &#8220;Quick Pick&#8221; ja genereerida numbrid juhuslikult.<\/p>\n<p>Kuidas ma saan oma loteriipileti?<\/p>\n<p>P\u00e4rast edukat maksmist saate e-kirja ostukinnitusega. Teie valitud numbrid on n\u00e4htavad teie kontol. Loomulikult v\u00f5tab ostmise ja skaneerimise protsess aega, kuid 2-3 tundi hiljem leiate skaneeritud pileti p\u00e4rast oma kontole sisselogimist.<\/p>\n<p>Kuidas ma saan oma lotopiletite eest maksta?<\/p>\n<p>Meil on teie jaoks erinevaid maksev\u00f5imalusi, sealhulgas maksmine krediitkaardiga, kohene panga\u00fclekanne, erinevad kr\u00fcptovaluutad ja muud.<br \/>\nV\u00f5ite ka k\u00f5igepealt raha oma m\u00e4ngijakontole sisse maksta ja seej\u00e4rel kasutada oma uut saldot piletite ostmiseks igal ajal, kui soovite. Saldo olemasolu muudab maksmise protsessi palju kiiremaks!<\/p>\n<p>Kas v\u00f5idu korral v\u00f5tate komisjonitasu?<\/p>\n<p>Ei, me ei v\u00f5ta. K\u00f5ik teie v\u00f5idud makstakse t\u00e4ielikult v\u00e4lja, ilma et v\u00f5taksite mingeid tasusid, v\u00e4lja arvatud m\u00f5nel juhul panga\u00fclekandetasud.<\/p>\n<p>Kuidas ma saan teada, kas ma olen v\u00f5itnud?<\/p>\n<p>K\u00f5igepealt saadame teile e-kirja, milles teavitame teid oma v\u00f5idust. Samuti saate alati oma kontole sisse logida ja vaadata jaotist &#8220;Minu piletid&#8221; ning kontrollida seal oma piletite staatust. Uuendused k\u00f5igi loteriide v\u00f5idunumbritega leiate meie veebisaidilt.<\/p>\n<p>Kuidas ma v\u00f5idu korral raha saan?<\/p>\n<p>Kui v\u00f5idad kuni 2500 eurot, kantakse see kohe sinu m\u00e4ngijakontole. Suuremate v\u00f5itude puhul saadame teile e-posti teel n\u00f5udeavalduse vormi. Sa pead end identifitseerima ja esitama m\u00f5ned p\u00f5hilised andmed, n\u00e4iteks selle, kuidas sa soovid raha saada. Seej\u00e4rel esitame teie n\u00f5ude loteriifirmale. Seej\u00e4rel maksab loteriifirma teile otse.<br \/>\nKui te seda eelistate, v\u00f5ite oma pileti ka \u00fchest meie agendi kontorist k\u00e4tte saada ja selle siis isiklikult loteriile esitada.<\/p>\n<p>Kas teie teenus on t\u00f5esti seaduslik?<\/p>\n<p>Jah, absoluutselt. See on nagu puhkus loteriiriigis ja te ostate pileti ise. Kui see pilet peaks v\u00f5itma, siis on teil sama \u00f5igus v\u00f5itudele kui k\u00f5igil teistelgi.<\/p>\n<p>Kuidas ma tean, et minu nimel ostetakse loteriipilet?<\/p>\n<p>Kui olete oma loteriipileti eest maksnud, saate k\u00f5igepealt maksekinnituse. Veidi hiljem n\u00e4ete oma pileti skaneerimist meie veebisaidi kliendialas.<\/p>\n","protected":false},"excerpt":{"rendered":"<p>Online loterii KKK Siit leiad vastused k\u00f5ige sagedamini esitatavatele k\u00fcsimustele selle kohta, kuidas online loterii teenus toimib. Kuidas ma saan oma piletid? Seej\u00e4rel ostab \u00fcks meie kohapealsetest agentidest pileti teie nimel ja teie eest. Seej\u00e4rel skaneeritakse pilet ja laetakse \u00fcles teie kliendikontole. Me saadame sulle e-kirja, kui sa v\u00f5idad, ja meie teenus h\u00f5lmab ka sinu [&hellip;]<\/p>\n","protected":false},"author":1,"featured_media":0,"parent":0,"menu_order":50,"comment_status":"closed","ping_status":"closed","template":"","meta":{"_et_pb_use_builder":"","_et_pb_old_content":"","_et_gb_content_width":"","exclude_from_search":false,"footnotes":""},"class_list":["post-84435","page","type-page","status-publish","hentry"],"yoast_head":"<!-- This site is optimized with the Yoast SEO plugin v23.4 - https:\/\/yoast.com\/wordpress\/plugins\/seo\/ -->\n<title>Vastused k\u00f5ige sagedasematele k\u00fcsimustele meie online loteriiteenuse kohta<\/title>\n<meta name=\"description\" content=\"Tahad rohkem teada, kuidas meie online loteriipileti saatja teenus toimib? Vastused k\u00f5ige sagedasematele k\u00fcsimustele leiad siit\" \/>\n<meta name=\"robots\" content=\"index, follow, max-snippet:-1, max-image-preview:large, max-video-preview:-1\" \/>\n<link rel=\"canonical\" href=\"https:\/\/onlinelotto365.com\/et\/kkk\/\" \/>\n<meta property=\"og:locale\" content=\"et_EE\" \/>\n<meta property=\"og:type\" content=\"article\" \/>\n<meta property=\"og:title\" content=\"Vastused k\u00f5ige sagedasematele k\u00fcsimustele meie online loteriiteenuse kohta\" \/>\n<meta property=\"og:description\" content=\"Tahad rohkem teada, kuidas meie online loteriipileti saatja teenus toimib? Vastused k\u00f5ige sagedasematele k\u00fcsimustele leiad siit\" \/>\n<meta property=\"og:url\" content=\"https:\/\/onlinelotto365.com\/et\/kkk\/\" \/>\n<meta property=\"og:site_name\" content=\"OnlineLotto365\" \/>\n<meta name=\"twitter:card\" content=\"summary_large_image\" \/>\n<meta name=\"twitter:label1\" content=\"Est. reading time\" \/>\n\t<meta name=\"twitter:data1\" content=\"3 minutit\" \/>\n<script type=\"application\/ld+json\" class=\"yoast-schema-graph\">{\"@context\":\"https:\/\/schema.org\",\"@graph\":[{\"@type\":\"WebPage\",\"@id\":\"https:\/\/onlinelotto365.com\/et\/kkk\/\",\"url\":\"https:\/\/onlinelotto365.com\/et\/kkk\/\",\"name\":\"Vastused k\u00f5ige sagedasematele k\u00fcsimustele meie online loteriiteenuse kohta\",\"isPartOf\":{\"@id\":\"https:\/\/onlinelotto365.com\/et\/#website\"},\"datePublished\":\"2023-10-03T11:51:20+00:00\",\"dateModified\":\"2023-10-03T11:51:20+00:00\",\"description\":\"Tahad rohkem teada, kuidas meie online loteriipileti saatja teenus toimib? Vastused k\u00f5ige sagedasematele k\u00fcsimustele leiad siit\",\"breadcrumb\":{\"@id\":\"https:\/\/onlinelotto365.com\/et\/kkk\/#breadcrumb\"},\"inLanguage\":\"et\",\"potentialAction\":[{\"@type\":\"ReadAction\",\"target\":[\"https:\/\/onlinelotto365.com\/et\/kkk\/\"]}]},{\"@type\":\"BreadcrumbList\",\"@id\":\"https:\/\/onlinelotto365.com\/et\/kkk\/#breadcrumb\",\"itemListElement\":[{\"@type\":\"ListItem\",\"position\":1,\"name\":\"Home\",\"item\":\"https:\/\/onlinelotto365.com\/et\/\"},{\"@type\":\"ListItem\",\"position\":2,\"name\":\"KKK\"}]},{\"@type\":\"WebSite\",\"@id\":\"https:\/\/onlinelotto365.com\/et\/#website\",\"url\":\"https:\/\/onlinelotto365.com\/et\/\",\"name\":\"OnlineLotto365\",\"description\":\"\",\"potentialAction\":[{\"@type\":\"SearchAction\",\"target\":{\"@type\":\"EntryPoint\",\"urlTemplate\":\"https:\/\/onlinelotto365.com\/et\/?s={search_term_string}\"},\"query-input\":{\"@type\":\"PropertyValueSpecification\",\"valueRequired\":true,\"valueName\":\"search_term_string\"}}],\"inLanguage\":\"et\"}]}<\/script>\n<!-- \/ Yoast SEO plugin. -->","yoast_head_json":{"title":"Vastused k\u00f5ige sagedasematele k\u00fcsimustele meie online loteriiteenuse kohta","description":"Tahad rohkem teada, kuidas meie online loteriipileti saatja teenus toimib? Vastused k\u00f5ige sagedasematele k\u00fcsimustele leiad siit","robots":{"index":"index","follow":"follow","max-snippet":"max-snippet:-1","max-image-preview":"max-image-preview:large","max-video-preview":"max-video-preview:-1"},"canonical":"https:\/\/onlinelotto365.com\/et\/kkk\/","og_locale":"et_EE","og_type":"article","og_title":"Vastused k\u00f5ige sagedasematele k\u00fcsimustele meie online loteriiteenuse kohta","og_description":"Tahad rohkem teada, kuidas meie online loteriipileti saatja teenus toimib? Vastused k\u00f5ige sagedasematele k\u00fcsimustele leiad siit","og_url":"https:\/\/onlinelotto365.com\/et\/kkk\/","og_site_name":"OnlineLotto365","twitter_card":"summary_large_image","twitter_misc":{"Est. reading time":"3 minutit"},"schema":{"@context":"https:\/\/schema.org","@graph":[{"@type":"WebPage","@id":"https:\/\/onlinelotto365.com\/et\/kkk\/","url":"https:\/\/onlinelotto365.com\/et\/kkk\/","name":"Vastused k\u00f5ige sagedasematele k\u00fcsimustele meie online loteriiteenuse kohta","isPartOf":{"@id":"https:\/\/onlinelotto365.com\/et\/#website"},"datePublished":"2023-10-03T11:51:20+00:00","dateModified":"2023-10-03T11:51:20+00:00","description":"Tahad rohkem teada, kuidas meie online loteriipileti saatja teenus toimib? Vastused k\u00f5ige sagedasematele k\u00fcsimustele leiad siit","breadcrumb":{"@id":"https:\/\/onlinelotto365.com\/et\/kkk\/#breadcrumb"},"inLanguage":"et","potentialAction":[{"@type":"ReadAction","target":["https:\/\/onlinelotto365.com\/et\/kkk\/"]}]},{"@type":"BreadcrumbList","@id":"https:\/\/onlinelotto365.com\/et\/kkk\/#breadcrumb","itemListElement":[{"@type":"ListItem","position":1,"name":"Home","item":"https:\/\/onlinelotto365.com\/et\/"},{"@type":"ListItem","position":2,"name":"KKK"}]},{"@type":"WebSite","@id":"https:\/\/onlinelotto365.com\/et\/#website","url":"https:\/\/onlinelotto365.com\/et\/","name":"OnlineLotto365","description":"","potentialAction":[{"@type":"SearchAction","target":{"@type":"EntryPoint","urlTemplate":"https:\/\/onlinelotto365.com\/et\/?s={search_term_string}"},"query-input":{"@type":"PropertyValueSpecification","valueRequired":true,"valueName":"search_term_string"}}],"inLanguage":"et"}]}},"_links":{"self":[{"href":"https:\/\/onlinelotto365.com\/et\/wp-json\/wp\/v2\/pages\/84435","targetHints":{"allow":["GET"]}}],"collection":[{"href":"https:\/\/onlinelotto365.com\/et\/wp-json\/wp\/v2\/pages"}],"about":[{"href":"https:\/\/onlinelotto365.com\/et\/wp-json\/wp\/v2\/types\/page"}],"author":[{"embeddable":true,"href":"https:\/\/onlinelotto365.com\/et\/wp-json\/wp\/v2\/users\/1"}],"replies":[{"embeddable":true,"href":"https:\/\/onlinelotto365.com\/et\/wp-json\/wp\/v2\/comments?post=84435"}],"version-history":[{"count":0,"href":"https:\/\/onlinelotto365.com\/et\/wp-json\/wp\/v2\/pages\/84435\/revisions"}],"wp:attachment":[{"href":"https:\/\/onlinelotto365.com\/et\/wp-json\/wp\/v2\/media?parent=84435"}],"curies":[{"name":"wp","href":"https:\/\/api.w.org\/{rel}","templated":true}]}}