{"id":9560,"date":"2020-12-13T12:44:19","date_gmt":"2020-12-13T11:44:19","guid":{"rendered":"http:\/\/onlinelotto365.net\/?page_id=9560"},"modified":"2022-11-08T09:08:45","modified_gmt":"2022-11-08T08:08:45","slug":"powerball","status":"publish","type":"page","link":"https:\/\/onlinelotto365.com\/et\/mangida\/powerball\/","title":{"rendered":"Kuidas saavad Eesti elanikud m\u00e4ngida Powerballi internetis?"},"content":{"rendered":"<p>Powerballi on tegelikult \u00fcsna lihtne m\u00e4ngida internetis, isegi kui olete Eestis. Ja see on ka \u00fcsna mugav.<\/p>\n<p>Veenduge, et valisite \u00f5ige loterii, nimelt Powerballi. Seej\u00e4rel valite oma numbrid. Kui proovite valida liiga palju numbreid v\u00f5i ei ole valinud piisavalt palju numbreid, palub s\u00fcsteem teil valida v\u00e4hem v\u00f5i rohkem numbreid.<\/p>\n<p>On ka meetod, mida paljud m\u00e4ngijad armastavad kasutada &#8211; kiirvaliku funktsioon. Sul tuleb vaid kl\u00f5psata kiirvaliku nuppu ja sait valib sinu jaoks juhuslikult m\u00f5ned numbrid. Kui need numbrid ei meeldi, saad neid siiski k\u00e4sitsi muuta. V\u00f5i v\u00f5id kasutada m\u00f5nda oma lemmiknumbrit k\u00e4sitsi ja lasta juhusliku numbrigeneraatoril \u00fclej\u00e4\u00e4nud numbrid sinu eest valida.<\/p>\n<p>Kui olete Powerballi numbrite valimise l\u00f5petanud, saate valida teise loterii, m\u00e4ngida rohkem lotopileteid ja lisada need oma tellimusesse. Kui olete l\u00f5petanud, kl\u00f5psake kassasse ja makske turvaliselt oma piletite eest. Sel ajal tuleb teil luua meie juures konto. Loomulikult v\u00f5ite ka k\u00f5igepealt konto luua ja seej\u00e4rel alustada piletite tellimist.<br \/>\n<a href=\"https:\/\/redfoxlotto.com\/play\/powerball\/?ref=a8564250a2&amp;medium=ol365\" target=\"_blank\" rel=\"noopener noreferrer\"><img loading=\"lazy\" decoding=\"async\" class=\"aligncenter\" src=\"https:\/\/redfoxlotto.com\/image?size=8&amp;lottery=powerball\" alt=\"powerball\" width=\"793\" height=\"98\" \/><\/a><\/p>\n<p>P\u00e4rast konto loomist tuleb teie registreerimine meie saidil kinnitada. Me saadame teile e-kirja koos lingiga, millele peate oma e-posti aadressi kinnitamiseks kl\u00f5psama. Palun kontrollige kindlasti oma r\u00e4mpsposti kausta. Ole m\u00f5istlik m\u00e4rkida meie e-posti aadress usaldusv\u00e4\u00e4rseks saatjaks. See tagab, et olulised s\u00f5numid, nagu v\u00f5iduteated, j\u00f5uavad ka tegelikult sinuni. See on \u00fcks Powerballi online-m\u00e4ngu eeliseid &#8211; te ei j\u00e4\u00e4 kunagi v\u00f5idust ilma, sest meie saadame teile alati teateid.<\/p>\n<p>Teie eest hoolitsetakse igal sammul, kus teil tuleb vaid luua tasuta konto, teha oma valikud, valida \u00fcks nende arvukatest mugavatest maksev\u00f5imalustest ja meie teeme k\u00f5ik \u00fclej\u00e4\u00e4nud.<br \/>\nSee on t\u00f5esti toonud loteriim\u00e4ngu 21. sajandisse ja see on suurim asi, mis on loteriidega juhtunud alates piletite m\u00fc\u00fcgile tulekust. Kui te ei kasuta seda teenust, siis j\u00e4\u00e4te t\u00f5esti ilma k\u00f5igist suurep\u00e4rase loterii tegevusest, mis teid seal ootab.<\/p>\n<h2>Powerballi kohta<\/h2>\n<p><img loading=\"lazy\" decoding=\"async\" class=\"size-medium wp-image-1521 alignright\" src=\"https:\/\/onlinelotto365.com\/wp-content\/uploads\/2020\/11\/online_lottery-133-300x212.jpg\" alt=\"powerball usa \u00dchendkuningriigist\" width=\"300\" height=\"212\" \/><\/p>\n<ul>\n<li>Riik: USA<\/li>\n<li>Peamised numbrid vahemikus: 69<\/li>\n<li>Teie valik: 5<\/li>\n<li>Lisanumbrid: 26<\/li>\n<li>Teie valite: 1<\/li>\n<li>Loosimise p\u00e4evad, tunnid: Kolmap\u00e4ev, laup\u00e4ev, 21:00 EST, +1 p\u00e4ev 3:00 CET<\/li>\n<li>Minimaalne jackpot: 40 miljonit dollarit<\/li>\n<li>Maksimaalne jackpot: ei ole<\/li>\n<li>T\u00f5en\u00e4osus v\u00f5ita jackpot: 1:175.223.510<\/li>\n<li>T\u00f5en\u00e4osus 2: 1:5.006.386<\/li>\n<li>T\u00f5en\u00e4osus v\u00f5ita \u00fcksk\u00f5ik millisel tasemel: 1:24,87<\/li>\n<li>Auhinnaklasside arv: 9<\/li>\n<\/ul>\n<p>Powerball Lotto pakuvad loteriide jaem\u00fc\u00fcjad 41 erinevas Ameerika \u00dchendriikide osariigis. Arvestades nii suurt elanikkonna baasi ja seda, kui populaarsed on loteriid USAs, pole ime, miks see loterii on nii suur ja nii suurte auhindadega. See loterii on tegelikult nii suur, et teine auhind on miljon dollarit, mille iga loosimise ajal, mis toimub kaks korda n\u00e4dalas, v\u00f5idab tavaliselt mitu inimest. Siiski ei m\u00e4ngi enamik inimesi seda ainult miljoni dollari v\u00f5itmise p\u00e4rast, sest nende unistused on palju suuremad.<\/p>\n<h2>Powerballi parimad omadused<\/h2>\n<p>\u00dcksk\u00f5ik kui suured on sinu unistused, Powerball Lotto suudab siiski k\u00f5ik need unistused rahuldada ja veel rohkemgi. Kuna jackpotid ulatuvad regulaarselt sadadesse miljonitesse dollaritesse, on see kindlasti see, mida v\u00f5iks nimetada hiiglaslikuks v\u00f5idetavaks summaks.<\/p>\n<p>Powerball Lotto alustas ajalooliselt 20 miljonist dollarist ja kuigi see on kindlasti v\u00e4ga kena summa, on nad hiljuti t\u00f5stnud miinimumi veelgi p\u00f5nevamale 40 miljonile dollarile. Nii et juba enne, kui asi j\u00f5uab hullumeelsete numbriteni, nagu selle megaloterii puhul sageli juhtub, on v\u00e4ikseim v\u00f5imalik jackpot juba selline, mille nimel tahaksime rivis seista.<\/p>\n<p>Iga kord, kui jackpoti v\u00f5itjat ei ole, kasvab jackpot, sageli sajale miljonile, kahesajale miljonile ja m\u00f5nikord isegi kolmesajale miljonile. Ma arvan, et enamik meist n\u00f5ustub, et isegi minimaalselt 40 miljonit dollarit oleks piisav, et me saaksime k\u00f5ik oma fantaasiad v\u00e4lja elada, kuid kui tegemist on loteriidega, siis mida suurem, seda parem. Nii et kui sa oled nagu enamik inimesi ja armastad suuremat, siis see on kindlasti sinu jaoks.<\/p>\n<h2>Mida veel pead teadma Powerballi online m\u00e4ngimise kohta<\/h2>\n<p>Powerball pakub jackpoti v\u00f5itjatele kahte v\u00f5imalust oma v\u00f5idu v\u00e4ljamaksmiseks. Sa v\u00f5id kas v\u00f5tta kohe \u00fchekordse v\u00e4ljamakse v\u00f5i saada palju rohkem raha, saades selle 30 aastase osamaksena. Iga osamakse on astmestatud, et kohandada seda inflatsiooniga, mis t\u00e4hendab, et teie 1. aastal tehtud suur makse s\u00e4ilitab oma v\u00e4\u00e4rtuse ka j\u00e4rgnevatel aastatel.<br \/>\n<img loading=\"lazy\" decoding=\"async\" class=\"size-medium wp-image-1356 alignright\" src=\"https:\/\/onlinelotto365.com\/wp-content\/uploads\/2020\/11\/online_lottery-117-300x217.jpg\" alt=\"m\u00e4ngida powerballi internetis\" width=\"300\" height=\"217\" \/><\/p>\n<p>Kui v\u00f5idate, peate otsustama, millist makseviisi soovite valida, kuid \u00fcks on kindel, et see on kaugelt k\u00f5ige meeldivam otsus, mille te kunagi oma elus teete. Valiku tegemiseks antakse 60 p\u00e4eva aega, mis annab teile piisavalt aega, et saada parimaid professionaalseid n\u00f5uandeid ning m\u00f5elda ja unistada, mida te kogu selle rahaga tegema hakkate.<\/p>\n<h2>Kuidas kontrollida Powerballi tulemusi<\/h2>\n<p>Powerballi v\u00f5idunumbreid ja tulemusi Eestist on v\u00f5imalik kontrollida mitmel viisil. Aga kui oled Powerballi m\u00e4nginud internetis, on k\u00f5ige lihtsam viis tulla tagasi sinna, kust sa oma pileti ostsid. Oma kontol saate v\u00f5rrelda oma numbreid viimase loosimise numbritega. Saate ka e-kirja, kui \u00fcks teie piletitest on midagi v\u00f5itnud.<\/p>\n<h2>Sa m\u00e4ngisid Powerballi internetis ja v\u00f5itsid &#8211; mis saab edasi?<\/h2>\n<p>Meie teenus h\u00f5lmab teie eest v\u00e4ljamaksetega tegelemist. Te ei pea muretsema, et teile makstakse raha. Ja me ei v\u00f5ta teie v\u00f5idu pealt mingit komisjonitasu.<\/p>\n<p>Menetlus s\u00f5ltub sellest, kui palju sa v\u00f5itsid. Kui sa v\u00f5itsid kuni 2500 eurot, siis saad selle summa oma kontole meie juures krediteeritud. Sa v\u00f5id selle v\u00e4lja v\u00f5tta v\u00f5i j\u00e4tta oma kontole ja kasutada seda, et m\u00e4ngida rohkem online loteriipileteid.<\/p>\n<p>Kui v\u00f5idate suurema summa, saadame teile e-posti teel n\u00f5udeavalduse vormi. Seej\u00e4rel peate t\u00e4itma m\u00f5ned isiklikud andmed, sealhulgas selle, kuidas soovite raha saada. On kaks v\u00f5imalust: panga\u00fclekanne v\u00f5i t\u0161ekk. Me edastame n\u00f5udeavalduse vormi loteriikomisjonile ja nad maksavad teile vastavalt teie juhistele.<\/p>\n","protected":false},"excerpt":{"rendered":"<p>Powerballi on tegelikult \u00fcsna lihtne m\u00e4ngida internetis, isegi kui olete Eestis. Ja see on ka \u00fcsna mugav. Veenduge, et valisite \u00f5ige loterii, nimelt Powerballi. Seej\u00e4rel valite oma numbrid. Kui proovite valida liiga palju numbreid v\u00f5i ei ole valinud piisavalt palju numbreid, palub s\u00fcsteem teil valida v\u00e4hem v\u00f5i rohkem numbreid. On ka meetod, mida paljud m\u00e4ngijad [&hellip;]<\/p>\n","protected":false},"author":1,"featured_media":0,"parent":5015,"menu_order":1,"comment_status":"closed","ping_status":"closed","template":"powerball-usa.php","meta":{"_et_pb_use_builder":"","_et_pb_old_content":"","_et_gb_content_width":"","exclude_from_search":false,"footnotes":""},"class_list":["post-9560","page","type-page","status-publish","hentry"],"yoast_head":"<!-- This site is optimized with the Yoast SEO plugin v23.4 - https:\/\/yoast.com\/wordpress\/plugins\/seo\/ -->\n<title>Play Powerball online Eestist | Kas ma v\u00f5in v\u00f5ita Powerballi Eestist?<\/title>\n<meta name=\"description\" content=\"Play Powerball Lotto siin - suurim USA loterii, saadaval internetis Eestist ja igast muust riigist\" \/>\n<meta name=\"robots\" content=\"index, follow, max-snippet:-1, max-image-preview:large, max-video-preview:-1\" \/>\n<link rel=\"canonical\" href=\"https:\/\/onlinelotto365.com\/et\/mangida\/powerball\/\" \/>\n<meta property=\"og:locale\" content=\"et_EE\" \/>\n<meta property=\"og:type\" content=\"article\" \/>\n<meta property=\"og:title\" content=\"Play Powerball online Eestist | Kas ma v\u00f5in v\u00f5ita Powerballi Eestist?\" \/>\n<meta property=\"og:description\" content=\"Play Powerball Lotto siin - suurim USA loterii, saadaval internetis Eestist ja igast muust riigist\" \/>\n<meta property=\"og:url\" content=\"https:\/\/onlinelotto365.com\/et\/mangida\/powerball\/\" \/>\n<meta property=\"og:site_name\" content=\"OnlineLotto365\" \/>\n<meta property=\"article:modified_time\" content=\"2022-11-08T08:08:45+00:00\" \/>\n<meta property=\"og:image\" content=\"https:\/\/redfoxlotto.com\/image?size=8&amp;lottery=powerball\" \/>\n<meta name=\"twitter:card\" content=\"summary_large_image\" \/>\n<meta name=\"twitter:label1\" content=\"Est. reading time\" \/>\n\t<meta name=\"twitter:data1\" content=\"5 minutit\" \/>\n<script type=\"application\/ld+json\" class=\"yoast-schema-graph\">{\"@context\":\"https:\/\/schema.org\",\"@graph\":[{\"@type\":\"WebPage\",\"@id\":\"https:\/\/onlinelotto365.com\/et\/mangida\/powerball\/\",\"url\":\"https:\/\/onlinelotto365.com\/et\/mangida\/powerball\/\",\"name\":\"Play Powerball online Eestist | Kas ma v\u00f5in v\u00f5ita Powerballi Eestist?\",\"isPartOf\":{\"@id\":\"https:\/\/onlinelotto365.com\/et\/#website\"},\"primaryImageOfPage\":{\"@id\":\"https:\/\/onlinelotto365.com\/et\/mangida\/powerball\/#primaryimage\"},\"image\":{\"@id\":\"https:\/\/onlinelotto365.com\/et\/mangida\/powerball\/#primaryimage\"},\"thumbnailUrl\":\"https:\/\/redfoxlotto.com\/image?size=8&amp;lottery=powerball\",\"datePublished\":\"2020-12-13T11:44:19+00:00\",\"dateModified\":\"2022-11-08T08:08:45+00:00\",\"description\":\"Play Powerball Lotto siin - suurim USA loterii, saadaval internetis Eestist ja igast muust riigist\",\"breadcrumb\":{\"@id\":\"https:\/\/onlinelotto365.com\/et\/mangida\/powerball\/#breadcrumb\"},\"inLanguage\":\"et\",\"potentialAction\":[{\"@type\":\"ReadAction\",\"target\":[\"https:\/\/onlinelotto365.com\/et\/mangida\/powerball\/\"]}]},{\"@type\":\"ImageObject\",\"inLanguage\":\"et\",\"@id\":\"https:\/\/onlinelotto365.com\/et\/mangida\/powerball\/#primaryimage\",\"url\":\"https:\/\/redfoxlotto.com\/image?size=8&amp;lottery=powerball\",\"contentUrl\":\"https:\/\/redfoxlotto.com\/image?size=8&amp;lottery=powerball\"},{\"@type\":\"BreadcrumbList\",\"@id\":\"https:\/\/onlinelotto365.com\/et\/mangida\/powerball\/#breadcrumb\",\"itemListElement\":[{\"@type\":\"ListItem\",\"position\":1,\"name\":\"Home\",\"item\":\"https:\/\/onlinelotto365.com\/et\/\"},{\"@type\":\"ListItem\",\"position\":2,\"name\":\"K\u00f5ik, mida sa pead teadma oma v\u00f5imaluste kohta, et m\u00e4ngida parimaid loteriisid internetis\",\"item\":\"https:\/\/onlinelotto365.com\/et\/mangida\/\"},{\"@type\":\"ListItem\",\"position\":3,\"name\":\"Kuidas saavad Eesti elanikud m\u00e4ngida Powerballi internetis?\"}]},{\"@type\":\"WebSite\",\"@id\":\"https:\/\/onlinelotto365.com\/et\/#website\",\"url\":\"https:\/\/onlinelotto365.com\/et\/\",\"name\":\"OnlineLotto365\",\"description\":\"\",\"potentialAction\":[{\"@type\":\"SearchAction\",\"target\":{\"@type\":\"EntryPoint\",\"urlTemplate\":\"https:\/\/onlinelotto365.com\/et\/?s={search_term_string}\"},\"query-input\":{\"@type\":\"PropertyValueSpecification\",\"valueRequired\":true,\"valueName\":\"search_term_string\"}}],\"inLanguage\":\"et\"}]}<\/script>\n<!-- \/ Yoast SEO plugin. -->","yoast_head_json":{"title":"Play Powerball online Eestist | Kas ma v\u00f5in v\u00f5ita Powerballi Eestist?","description":"Play Powerball Lotto siin - suurim USA loterii, saadaval internetis Eestist ja igast muust riigist","robots":{"index":"index","follow":"follow","max-snippet":"max-snippet:-1","max-image-preview":"max-image-preview:large","max-video-preview":"max-video-preview:-1"},"canonical":"https:\/\/onlinelotto365.com\/et\/mangida\/powerball\/","og_locale":"et_EE","og_type":"article","og_title":"Play Powerball online Eestist | Kas ma v\u00f5in v\u00f5ita Powerballi Eestist?","og_description":"Play Powerball Lotto siin - suurim USA loterii, saadaval internetis Eestist ja igast muust riigist","og_url":"https:\/\/onlinelotto365.com\/et\/mangida\/powerball\/","og_site_name":"OnlineLotto365","article_modified_time":"2022-11-08T08:08:45+00:00","og_image":[{"url":"https:\/\/redfoxlotto.com\/image?size=8&amp;lottery=powerball"}],"twitter_card":"summary_large_image","twitter_misc":{"Est. reading time":"5 minutit"},"schema":{"@context":"https:\/\/schema.org","@graph":[{"@type":"WebPage","@id":"https:\/\/onlinelotto365.com\/et\/mangida\/powerball\/","url":"https:\/\/onlinelotto365.com\/et\/mangida\/powerball\/","name":"Play Powerball online Eestist | Kas ma v\u00f5in v\u00f5ita Powerballi Eestist?","isPartOf":{"@id":"https:\/\/onlinelotto365.com\/et\/#website"},"primaryImageOfPage":{"@id":"https:\/\/onlinelotto365.com\/et\/mangida\/powerball\/#primaryimage"},"image":{"@id":"https:\/\/onlinelotto365.com\/et\/mangida\/powerball\/#primaryimage"},"thumbnailUrl":"https:\/\/redfoxlotto.com\/image?size=8&amp;lottery=powerball","datePublished":"2020-12-13T11:44:19+00:00","dateModified":"2022-11-08T08:08:45+00:00","description":"Play Powerball Lotto siin - suurim USA loterii, saadaval internetis Eestist ja igast muust riigist","breadcrumb":{"@id":"https:\/\/onlinelotto365.com\/et\/mangida\/powerball\/#breadcrumb"},"inLanguage":"et","potentialAction":[{"@type":"ReadAction","target":["https:\/\/onlinelotto365.com\/et\/mangida\/powerball\/"]}]},{"@type":"ImageObject","inLanguage":"et","@id":"https:\/\/onlinelotto365.com\/et\/mangida\/powerball\/#primaryimage","url":"https:\/\/redfoxlotto.com\/image?size=8&amp;lottery=powerball","contentUrl":"https:\/\/redfoxlotto.com\/image?size=8&amp;lottery=powerball"},{"@type":"BreadcrumbList","@id":"https:\/\/onlinelotto365.com\/et\/mangida\/powerball\/#breadcrumb","itemListElement":[{"@type":"ListItem","position":1,"name":"Home","item":"https:\/\/onlinelotto365.com\/et\/"},{"@type":"ListItem","position":2,"name":"K\u00f5ik, mida sa pead teadma oma v\u00f5imaluste kohta, et m\u00e4ngida parimaid loteriisid internetis","item":"https:\/\/onlinelotto365.com\/et\/mangida\/"},{"@type":"ListItem","position":3,"name":"Kuidas saavad Eesti elanikud m\u00e4ngida Powerballi internetis?"}]},{"@type":"WebSite","@id":"https:\/\/onlinelotto365.com\/et\/#website","url":"https:\/\/onlinelotto365.com\/et\/","name":"OnlineLotto365","description":"","potentialAction":[{"@type":"SearchAction","target":{"@type":"EntryPoint","urlTemplate":"https:\/\/onlinelotto365.com\/et\/?s={search_term_string}"},"query-input":{"@type":"PropertyValueSpecification","valueRequired":true,"valueName":"search_term_string"}}],"inLanguage":"et"}]}},"_links":{"self":[{"href":"https:\/\/onlinelotto365.com\/et\/wp-json\/wp\/v2\/pages\/9560","targetHints":{"allow":["GET"]}}],"collection":[{"href":"https:\/\/onlinelotto365.com\/et\/wp-json\/wp\/v2\/pages"}],"about":[{"href":"https:\/\/onlinelotto365.com\/et\/wp-json\/wp\/v2\/types\/page"}],"author":[{"embeddable":true,"href":"https:\/\/onlinelotto365.com\/et\/wp-json\/wp\/v2\/users\/1"}],"replies":[{"embeddable":true,"href":"https:\/\/onlinelotto365.com\/et\/wp-json\/wp\/v2\/comments?post=9560"}],"version-history":[{"count":0,"href":"https:\/\/onlinelotto365.com\/et\/wp-json\/wp\/v2\/pages\/9560\/revisions"}],"up":[{"embeddable":true,"href":"https:\/\/onlinelotto365.com\/et\/wp-json\/wp\/v2\/pages\/5015"}],"wp:attachment":[{"href":"https:\/\/onlinelotto365.com\/et\/wp-json\/wp\/v2\/media?parent=9560"}],"curies":[{"name":"wp","href":"https:\/\/api.w.org\/{rel}","templated":true}]}}