{"id":10245,"date":"2020-12-16T18:12:45","date_gmt":"2020-12-16T17:12:45","guid":{"rendered":"http:\/\/onlinelotto365.net\/?page_id=10245"},"modified":"2021-02-24T10:59:43","modified_gmt":"2021-02-24T09:59:43","slug":"euromillions","status":"publish","type":"page","link":"https:\/\/onlinelotto365.com\/fi\/pelata\/euromillions\/","title":{"rendered":"EuroMillions on Euroopan suurin arpajaiset"},"content":{"rendered":"<h2>EuroMillions On Yksi Maailman Suurimmista Lotoista<\/h2>\n<p>EuroMillions alkoi vuonna 2004 yhteisty\u00f6ss\u00e4 kansallisten lotto j\u00e4rjest\u00e4jien kesken Ransan, Espanjan ja Iso-Britannian toimesta. Kesti t\u00e4ydet kymmenen vuotta saada aikaan sopimus n\u00e4iden maiden kesken, joten heti alusta t\u00e4h\u00e4n p\u00e4iv\u00e4\u00e4n asti se on ollut eritt\u00e4in hyvin organisoitu lotto.<br \/>\n<a href=\"https:\/\/redfoxlotto.com\/play\/euromillions\/?ref=a8564250a2&amp;medium=ol365\" target=\"_blank\" rel=\"noopener noreferrer\"><img loading=\"lazy\" decoding=\"async\" class=\"aligncenter\" src=\"https:\/\/redfoxlotto.com\/image?size=8&amp;lottery=euromillions\" alt=\"Euromillions\" width=\"720\" height=\"90\" \/><\/a><\/p>\n<p>Suunnitelmana oli tarjota loton pelaajille n\u00e4iss\u00e4 maissa mahdollisuus voittaa paljon suurempia p\u00e4\u00e4voittoja kuin aiemmin. Koska j\u00e4ttim\u00e4iset p\u00e4\u00e4voitot tuovat paljon enemm\u00e4n j\u00e4nnityst\u00e4 peliin, oli odotettavissa, ett\u00e4 t\u00e4m\u00e4 uusi lotto olisi suuri menestys ja toisi j\u00e4nnitt\u00e4vi\u00e4 p\u00e4\u00e4voittoja viikosta toiseen. Ja juuri niin tapahtuikin.<\/p>\n<p>Kun loton menestys jatkui, lis\u00e4\u00e4 maita lis\u00e4ttiin yhteisty\u00f6h\u00f6n ja t\u00e4n\u00e4\u00e4n lotossa on jo yhdeks\u00e4n eri maata mukana. P\u00e4\u00e4voitot ovat aina suurimpia maailmassa, alkaen 15 miljoonasta eurosta ja siit\u00e4 yl\u00f6sp\u00e4in.<\/p>\n<p>Kun p\u00e4\u00e4voitto nousee 190 miljoonaan euroon, ei siihen en\u00e4\u00e4 lis\u00e4t\u00e4 rahaa, vaan sen j\u00e4lkeen rahat lis\u00e4t\u00e4\u00e4n pienempiin voittoihin ja kasvatetaan niit\u00e4. Loton j\u00e4rjest\u00e4j\u00e4 arvelee t\u00e4m\u00e4n kokoisen p\u00e4\u00e4voiton olevan tarpeeksi suuri ja se todellakin on varmasti aivan riitt\u00e4v\u00e4sti tyydytt\u00e4m\u00e4\u00e4n kenet tahansa meist\u00e4. Heid\u00e4n ajatuksenaan on, ett\u00e4 t\u00e4ss\u00e4 vaiheessa j\u00e4nnityst\u00e4 on kasvatettu jo riitt\u00e4v\u00e4n korkealle ja j\u00e4nnityst\u00e4 voidaan kasvattaa muiden voittojen osalta.<\/p>\n<h2>Lis\u00e4tietoja Euromillionsista<\/h2>\n<ul>\n<li>Arpajaiset j\u00e4rjestet\u00e4\u00e4n miss\u00e4: erilaiset Euroopan maat<\/li>\n<li>Kuinka monta p\u00e4\u00e4numeroa valitaan: 50<\/li>\n<li>Sinun on valittava: 5<\/li>\n<li>Kuinka monta ylim\u00e4\u00e4r\u00e4ist\u00e4 numeroa valita: 12<\/li>\n<li>Sinun on valittava: 2<\/li>\n<li>Piirr\u00e4 p\u00e4iv\u00e4t, ajat: tiistai, perjantai klo 19.30 GMT &#8211; 20.30 CET<\/li>\n<li>Minimi j\u00e4ttipotti: 17 miljoonaa euroa<\/li>\n<li>J\u00e4ttipotin enimm\u00e4ism\u00e4\u00e4r\u00e4: 190 miljoonaa euroa<\/li>\n<li>Mahdollinen numeroyhdistelm\u00e4 j\u00e4ttipotin voittoon: 1 186 450 880: ssa<\/li>\n<li>Mahdollinen numeroyhdistelm\u00e4 toisen tason voittoon: 1 2.118.760: ssa<\/li>\n<li>Todenn\u00e4k\u00f6isyys voittaa miss\u00e4 tahansa tasossa: 1 \/ 12,98<\/li>\n<li>Kuinka monta palkintotasoa: 13<\/li>\n<li>Euromiljongien erikoisnosto: kolme kertaa vuodessa j\u00e4ttipotti asetetaan 140 miljoonaksi euroksi<\/li>\n<\/ul>\n<h2>Sinun Ei Tarvitse Asua Yhdess\u00e4k\u00e4\u00e4n N\u00e4ist\u00e4 Maista Pelataksesi<\/h2>\n<p><img loading=\"lazy\" decoding=\"async\" class=\"alignright wp-image-1873\" style=\"font-size: 16px; font-weight: inherit;\" src=\"https:\/\/onlinelotto365.com\/wp-content\/uploads\/2020\/11\/online_lottery-167-300x197.jpg\" alt=\"pelaa euromiljoonia verkossa\" width=\"282\" height=\"185\" \/><\/p>\n<p>Koska EuroMillions lottoa on voinut historiallisesti pelata vain n\u00e4iss\u00e4 valituissa Euroopan maissa, monet meist\u00e4 ovat j\u00e4\u00e4neet paitsi t\u00e4st\u00e4 j\u00e4nnitt\u00e4v\u00e4st\u00e4 pelist\u00e4. Tosiasiassa monet eiv\u00e4t varmasti ole edes kuvitelleet pelaavansa t\u00e4t\u00e4 lottoa ennen kuin nyt.<\/p>\n<p>Ajan kehityksess\u00e4 mukana olevat pelaajat ymm\u00e4rt\u00e4v\u00e4t nyt, ett\u00e4 fyysisi\u00e4 esteit\u00e4 maailman lotoissa ei en\u00e4\u00e4 ole. Tai ne ovat tavallaan olemassa, koska lottoarpa t\u00e4ytyy viel\u00e4 fyysisesti ostaa EuroMillionsiin ja muihin lottoihin ymp\u00e4ri maailman. Sinun ei tietystik\u00e4\u00e4n itse tarvitse matkustaa kahdesti viikossa ostamaan arpaa ja se vaatisikin naurettavan paljon aikaa ja rahaa.<\/p>\n<p>Voisit palkata jonkun, joka asuu siin\u00e4 maassa, josta haluat ostaa lottoarvan, mutta se vaatii enemm\u00e4n tietoa ja vaivaa, mit\u00e4 useimmat koskaan haluaisivat arpojen ostamiseen k\u00e4ytt\u00e4\u00e4. Joten miten voit ostaa arpoja EuroMillions lottoon?<\/p>\n<p>Vastaus on yksinkertaisesti se, ett\u00e4 ostat ne verkosta, suoraan kotoasi ja k\u00e4yt\u00e4t arvostettua ja luotettua palvelua hoitamaan kaikki tarpeesi, mukaan lukien arpojen ostaminen omalla nimell\u00e4si, l\u00e4hett\u00e4\u00e4\u00e4 s\u00e4hk\u00f6postitse skannauksen arvastasi, s\u00e4ilytt\u00e4\u00e4 arvat turvassa, tarkistaa numerot ja ilmoittaa jos voitat jotain sek\u00e4 auttaa lunastamaan voittosi.<\/p>\n<p>T\u00e4m\u00e4 uusi palvelu on nimelt\u00e4\u00e4n RedFoxLotto ja unelma arpojen ostamiseen verkosta sek\u00e4 kaiken muun hoitaminen, on nyt tullut todellisuudeksi. Voit ostaa k\u00e4yt\u00e4nn\u00f6llisell\u00e4 tavalla niin monta arpaa EuroMillionsiin kuin haluat, mutta voit ostaa arpoja my\u00f6s muihin maailman suurimpiin ja suosituimpiin lottoarvontoihin.<\/p>\n<p><a href=\"https:\/\/redfoxlotto.com\/fi\/?ref=A8564250A2&amp;campaign=ol\" target=\"_blank\" rel=\"noopener\"><span style=\"text-decoration: underline;\"><strong>Klikkaa t\u00e4st\u00e4 k\u00e4yd\u00e4ksesi heid\u00e4n verkkosivuillaan ja hanki EuroMillions arpoja!<\/strong><\/span><\/a><\/p>\n<h2>Miten EuroMillions Lotto Toimii<\/h2>\n<p>T\u00e4ss\u00e4 lottoarvonnassa on yhteens\u00e4 13 eri voittoa, alkaen 2 oikein viidest\u00e4 arvatusta p\u00e4\u00e4numerosta p\u00e4\u00e4voittoon, joka vaatii kaikki 5 p\u00e4\u00e4numeroa plus 2 lucky stars -lis\u00e4numeroa oikein. Huolimatta j\u00e4ttim\u00e4isist\u00e4 p\u00e4\u00e4voitoista, EuroMillions tarjoaa my\u00f6s pelaajilleen paremmat mahdollisuudet voittaa jonkinlaisen palkinnon, joita yleens\u00e4 voi voittaa suurimmissa lotoissa.<\/p>\n<p>Arvonnat ovat kahdesti viikossa, tiistaina ja perjantaina klo 21 Iso-Britannian aikaan. RedFoxLotto n\u00e4ytt\u00e4\u00e4 laskurin t\u00e4lle sek\u00e4 kaikille muille lotoille verkkosivuillaan, jotta pelaajat tiet\u00e4v\u00e4t aina kuinka paljon on aikaa seuraavaan arvontaan. Pelaajat valitsevat 5 numeroa 1 ja 50 v\u00e4lilt\u00e4 sek\u00e4 2 lucky star -lis\u00e4numeroa 1 ja 11 v\u00e4lilt\u00e4. Kuten veikkauspisteess\u00e4, RedFoxLotto tarjoaa mahdollisuuden pelaajilleen valita itse omat numeronsa tai antaa tietokoneen valita numerot satunnaisesti.<\/p>\n<p>Voit ostaa niin monta arpaa jokaiseen arvontaan kuin haluat. Sen j\u00e4lkeen voit vierailla RedFoxLotto verkkosivuilla ja tarkistaa arpasi, tai jos haluat, voit vain odottaa s\u00e4hk\u00f6postia, jonka RedFoxLotto l\u00e4hett\u00e4\u00e4 kun voitat jotain. Riippuen kuinka paljon voitat, he neuvovat sinua ja auttavat lunastamaan voittosi.<\/p>\n<h2>Nyt Kun Tied\u00e4t, Sinulla On Voima<\/h2>\n<p>En\u00e4\u00e4 meit\u00e4 ei voi j\u00e4tt\u00e4\u00e4 ulos suurimmista lotoista kuten EuroMillions:sta vain asuinpaikkamme mukaan. Voimme nyt ostaa arpoja mihin tahansa lottoihin ja kukaan ei voi meit\u00e4 pys\u00e4ytt\u00e4\u00e4. Internet on todella avannut maailman meille ja lopulta se on laajentunut my\u00f6s lottoarvontoihin. Odottaminen on ohi.<\/p>\n<p>Joten kun nyt on niin paljon j\u00e4nnityst\u00e4 saatavilla, ei ole mit\u00e4\u00e4n hyv\u00e4\u00e4 syyt\u00e4 kielt\u00e4\u00e4 itselt\u00e4mme sit\u00e4 kivaa, jota meille on saatavilla t\u00e4m\u00e4n palvelun kautta.<\/p>\n","protected":false},"excerpt":{"rendered":"<p>EuroMillions On Yksi Maailman Suurimmista Lotoista EuroMillions alkoi vuonna 2004 yhteisty\u00f6ss\u00e4 kansallisten lotto j\u00e4rjest\u00e4jien kesken Ransan, Espanjan ja Iso-Britannian toimesta. Kesti t\u00e4ydet kymmenen vuotta saada aikaan sopimus n\u00e4iden maiden kesken, joten heti alusta t\u00e4h\u00e4n p\u00e4iv\u00e4\u00e4n asti se on ollut eritt\u00e4in hyvin organisoitu lotto. Suunnitelmana oli tarjota loton pelaajille n\u00e4iss\u00e4 maissa mahdollisuus voittaa paljon suurempia p\u00e4\u00e4voittoja [&hellip;]<\/p>\n","protected":false},"author":1,"featured_media":0,"parent":5016,"menu_order":3,"comment_status":"closed","ping_status":"closed","template":"euromillions.php","meta":{"_et_pb_use_builder":"","_et_pb_old_content":"","_et_gb_content_width":"","exclude_from_search":false,"footnotes":""},"class_list":["post-10245","page","type-page","status-publish","hentry"],"yoast_head":"<!-- This site is optimized with the Yoast SEO plugin v23.4 - https:\/\/yoast.com\/wordpress\/plugins\/seo\/ -->\n<title>Pelaa Euromillions-verkkoa Suomesta | Tietoja Euromillionsista, kuinka saada lippuja verkosta<\/title>\n<meta name=\"description\" content=\"Pelaa EuroMillions Lottoa online-lipulla, jopa Suomesta.\" \/>\n<meta name=\"robots\" content=\"index, follow, max-snippet:-1, max-image-preview:large, max-video-preview:-1\" \/>\n<link rel=\"canonical\" href=\"https:\/\/onlinelotto365.com\/fi\/pelata\/euromillions\/\" \/>\n<meta property=\"og:locale\" content=\"fi_FI\" \/>\n<meta property=\"og:type\" content=\"article\" \/>\n<meta property=\"og:title\" content=\"Pelaa Euromillions-verkkoa Suomesta | Tietoja Euromillionsista, kuinka saada lippuja verkosta\" \/>\n<meta property=\"og:description\" content=\"Pelaa EuroMillions Lottoa online-lipulla, jopa Suomesta.\" \/>\n<meta property=\"og:url\" content=\"https:\/\/onlinelotto365.com\/fi\/pelata\/euromillions\/\" \/>\n<meta property=\"og:site_name\" content=\"OnlineLotto365\" \/>\n<meta property=\"article:modified_time\" content=\"2021-02-24T09:59:43+00:00\" \/>\n<meta property=\"og:image\" content=\"https:\/\/redfoxlotto.com\/image?size=8&amp;lottery=euromillions\" \/>\n<meta name=\"twitter:card\" content=\"summary_large_image\" \/>\n<meta name=\"twitter:label1\" content=\"Arvioitu lukuaika\" \/>\n\t<meta name=\"twitter:data1\" content=\"4 minuuttia\" \/>\n<script type=\"application\/ld+json\" class=\"yoast-schema-graph\">{\"@context\":\"https:\/\/schema.org\",\"@graph\":[{\"@type\":\"WebPage\",\"@id\":\"https:\/\/onlinelotto365.com\/fi\/pelata\/euromillions\/\",\"url\":\"https:\/\/onlinelotto365.com\/fi\/pelata\/euromillions\/\",\"name\":\"Pelaa Euromillions-verkkoa Suomesta | Tietoja Euromillionsista, kuinka saada lippuja verkosta\",\"isPartOf\":{\"@id\":\"https:\/\/onlinelotto365.com\/fi\/#website\"},\"primaryImageOfPage\":{\"@id\":\"https:\/\/onlinelotto365.com\/fi\/pelata\/euromillions\/#primaryimage\"},\"image\":{\"@id\":\"https:\/\/onlinelotto365.com\/fi\/pelata\/euromillions\/#primaryimage\"},\"thumbnailUrl\":\"https:\/\/redfoxlotto.com\/image?size=8&amp;lottery=euromillions\",\"datePublished\":\"2020-12-16T17:12:45+00:00\",\"dateModified\":\"2021-02-24T09:59:43+00:00\",\"description\":\"Pelaa EuroMillions Lottoa online-lipulla, jopa Suomesta.\",\"breadcrumb\":{\"@id\":\"https:\/\/onlinelotto365.com\/fi\/pelata\/euromillions\/#breadcrumb\"},\"inLanguage\":\"fi\",\"potentialAction\":[{\"@type\":\"ReadAction\",\"target\":[\"https:\/\/onlinelotto365.com\/fi\/pelata\/euromillions\/\"]}]},{\"@type\":\"ImageObject\",\"inLanguage\":\"fi\",\"@id\":\"https:\/\/onlinelotto365.com\/fi\/pelata\/euromillions\/#primaryimage\",\"url\":\"https:\/\/redfoxlotto.com\/image?size=8&amp;lottery=euromillions\",\"contentUrl\":\"https:\/\/redfoxlotto.com\/image?size=8&amp;lottery=euromillions\"},{\"@type\":\"BreadcrumbList\",\"@id\":\"https:\/\/onlinelotto365.com\/fi\/pelata\/euromillions\/#breadcrumb\",\"itemListElement\":[{\"@type\":\"ListItem\",\"position\":1,\"name\":\"Home\",\"item\":\"https:\/\/onlinelotto365.com\/fi\/\"},{\"@type\":\"ListItem\",\"position\":2,\"name\":\"Kaikki mit\u00e4 sinun pit\u00e4\u00e4 tiet\u00e4\u00e4 vaihtoehdoistasi pelata parhaita arpapelej\u00e4 netiss\u00e4.\",\"item\":\"https:\/\/onlinelotto365.com\/fi\/pelata\/\"},{\"@type\":\"ListItem\",\"position\":3,\"name\":\"EuroMillions on Euroopan suurin arpajaiset\"}]},{\"@type\":\"WebSite\",\"@id\":\"https:\/\/onlinelotto365.com\/fi\/#website\",\"url\":\"https:\/\/onlinelotto365.com\/fi\/\",\"name\":\"OnlineLotto365\",\"description\":\"\",\"potentialAction\":[{\"@type\":\"SearchAction\",\"target\":{\"@type\":\"EntryPoint\",\"urlTemplate\":\"https:\/\/onlinelotto365.com\/fi\/?s={search_term_string}\"},\"query-input\":{\"@type\":\"PropertyValueSpecification\",\"valueRequired\":true,\"valueName\":\"search_term_string\"}}],\"inLanguage\":\"fi\"}]}<\/script>\n<!-- \/ Yoast SEO plugin. -->","yoast_head_json":{"title":"Pelaa Euromillions-verkkoa Suomesta | Tietoja Euromillionsista, kuinka saada lippuja verkosta","description":"Pelaa EuroMillions Lottoa online-lipulla, jopa Suomesta.","robots":{"index":"index","follow":"follow","max-snippet":"max-snippet:-1","max-image-preview":"max-image-preview:large","max-video-preview":"max-video-preview:-1"},"canonical":"https:\/\/onlinelotto365.com\/fi\/pelata\/euromillions\/","og_locale":"fi_FI","og_type":"article","og_title":"Pelaa Euromillions-verkkoa Suomesta | Tietoja Euromillionsista, kuinka saada lippuja verkosta","og_description":"Pelaa EuroMillions Lottoa online-lipulla, jopa Suomesta.","og_url":"https:\/\/onlinelotto365.com\/fi\/pelata\/euromillions\/","og_site_name":"OnlineLotto365","article_modified_time":"2021-02-24T09:59:43+00:00","og_image":[{"url":"https:\/\/redfoxlotto.com\/image?size=8&amp;lottery=euromillions"}],"twitter_card":"summary_large_image","twitter_misc":{"Arvioitu lukuaika":"4 minuuttia"},"schema":{"@context":"https:\/\/schema.org","@graph":[{"@type":"WebPage","@id":"https:\/\/onlinelotto365.com\/fi\/pelata\/euromillions\/","url":"https:\/\/onlinelotto365.com\/fi\/pelata\/euromillions\/","name":"Pelaa Euromillions-verkkoa Suomesta | Tietoja Euromillionsista, kuinka saada lippuja verkosta","isPartOf":{"@id":"https:\/\/onlinelotto365.com\/fi\/#website"},"primaryImageOfPage":{"@id":"https:\/\/onlinelotto365.com\/fi\/pelata\/euromillions\/#primaryimage"},"image":{"@id":"https:\/\/onlinelotto365.com\/fi\/pelata\/euromillions\/#primaryimage"},"thumbnailUrl":"https:\/\/redfoxlotto.com\/image?size=8&amp;lottery=euromillions","datePublished":"2020-12-16T17:12:45+00:00","dateModified":"2021-02-24T09:59:43+00:00","description":"Pelaa EuroMillions Lottoa online-lipulla, jopa Suomesta.","breadcrumb":{"@id":"https:\/\/onlinelotto365.com\/fi\/pelata\/euromillions\/#breadcrumb"},"inLanguage":"fi","potentialAction":[{"@type":"ReadAction","target":["https:\/\/onlinelotto365.com\/fi\/pelata\/euromillions\/"]}]},{"@type":"ImageObject","inLanguage":"fi","@id":"https:\/\/onlinelotto365.com\/fi\/pelata\/euromillions\/#primaryimage","url":"https:\/\/redfoxlotto.com\/image?size=8&amp;lottery=euromillions","contentUrl":"https:\/\/redfoxlotto.com\/image?size=8&amp;lottery=euromillions"},{"@type":"BreadcrumbList","@id":"https:\/\/onlinelotto365.com\/fi\/pelata\/euromillions\/#breadcrumb","itemListElement":[{"@type":"ListItem","position":1,"name":"Home","item":"https:\/\/onlinelotto365.com\/fi\/"},{"@type":"ListItem","position":2,"name":"Kaikki mit\u00e4 sinun pit\u00e4\u00e4 tiet\u00e4\u00e4 vaihtoehdoistasi pelata parhaita arpapelej\u00e4 netiss\u00e4.","item":"https:\/\/onlinelotto365.com\/fi\/pelata\/"},{"@type":"ListItem","position":3,"name":"EuroMillions on Euroopan suurin arpajaiset"}]},{"@type":"WebSite","@id":"https:\/\/onlinelotto365.com\/fi\/#website","url":"https:\/\/onlinelotto365.com\/fi\/","name":"OnlineLotto365","description":"","potentialAction":[{"@type":"SearchAction","target":{"@type":"EntryPoint","urlTemplate":"https:\/\/onlinelotto365.com\/fi\/?s={search_term_string}"},"query-input":{"@type":"PropertyValueSpecification","valueRequired":true,"valueName":"search_term_string"}}],"inLanguage":"fi"}]}},"_links":{"self":[{"href":"https:\/\/onlinelotto365.com\/fi\/wp-json\/wp\/v2\/pages\/10245","targetHints":{"allow":["GET"]}}],"collection":[{"href":"https:\/\/onlinelotto365.com\/fi\/wp-json\/wp\/v2\/pages"}],"about":[{"href":"https:\/\/onlinelotto365.com\/fi\/wp-json\/wp\/v2\/types\/page"}],"author":[{"embeddable":true,"href":"https:\/\/onlinelotto365.com\/fi\/wp-json\/wp\/v2\/users\/1"}],"replies":[{"embeddable":true,"href":"https:\/\/onlinelotto365.com\/fi\/wp-json\/wp\/v2\/comments?post=10245"}],"version-history":[{"count":0,"href":"https:\/\/onlinelotto365.com\/fi\/wp-json\/wp\/v2\/pages\/10245\/revisions"}],"up":[{"embeddable":true,"href":"https:\/\/onlinelotto365.com\/fi\/wp-json\/wp\/v2\/pages\/5016"}],"wp:attachment":[{"href":"https:\/\/onlinelotto365.com\/fi\/wp-json\/wp\/v2\/media?parent=10245"}],"curies":[{"name":"wp","href":"https:\/\/api.w.org\/{rel}","templated":true}]}}