{"id":10247,"date":"2020-12-16T18:14:59","date_gmt":"2020-12-16T17:14:59","guid":{"rendered":"http:\/\/onlinelotto365.net\/?page_id=10247"},"modified":"2022-11-07T11:43:57","modified_gmt":"2022-11-07T10:43:57","slug":"eurojackpot","status":"publish","type":"page","link":"https:\/\/onlinelotto365.com\/fi\/pelata\/eurojackpot\/","title":{"rendered":"Pelaa Eurojackpotia nettilipulla"},"content":{"rendered":"<h2>Tietoja Eurojackpotista<\/h2>\n<p>T\u00e4m\u00e4 eurooppalainen arpajaiset luotiin useiden eurooppalaisten arpajaisviranomaisten yhteisty\u00f6n\u00e4. T\u00e4ll\u00e4 hetkell\u00e4 voit pelata Eurojackpotia paikallisesta lottoliikkeest\u00e4 saatavilla lipuilla, jos asut jossakin osallistujamaassa. N\u00e4m\u00e4 maat ovat Kroatia, T\u0161ekin tasavalta, Tanska, Viro, Suomi, Saksa, Ukraina, Islanti, Italia, Latvia, Liettua, Norja, Puola, Bulgaria, Slovenia, Espanja, Ruotsi, Saksa, Suomi, Tanska ja Alankomaat.<\/p>\n<p><a href=\"https:\/\/redfoxlotto.com\/play\/eurojackpot\/?ref=a8564250a2&amp;medium=ol365\" target=\"_blank\" rel=\"noopener noreferrer\"><img decoding=\"async\" class=\"aligncenter\" src=\"https:\/\/redfoxlotto.com\/image?size=8&amp;lottery=eurojackpot\" alt=\"Eurojackpot\" \/><\/a><\/p>\n<p>Jos asut maassa, joka ei ole listalla, ainoa vaihtoehtosi on pelata Eurojackpotia verkossa. Kun olet l\u00f6yt\u00e4nyt t\u00e4m\u00e4n vaihtoehdon, huomaat, ett\u00e4 vaihtoehtoja on paljon enemm\u00e4n. Sivustomme ei ainoastaan tee Eurojackpotin pelaamista netiss\u00e4 Suomesta k\u00e4sin helpoksi. Annamme sinulle my\u00f6s p\u00e4\u00e4syn muihin maailmanluokan arpajaisiin, joissa on valtavat j\u00e4ttipotit.<\/p>\n<ul>\n<li>Maa: Sekalaiset Euroopan maat, katso edell\u00e4.<\/li>\n<li>T\u00e4rkein numerovalikoima: 50<\/li>\n<li>Sinun on valittava: 5<\/li>\n<li>Lis\u00e4numerot: 10<\/li>\n<li>Sinun on valittava: 2<\/li>\n<li>Arvontap\u00e4iv\u00e4t, -tunnit: Perjantai, , , 21:00 CET &#8211; 21:00 CET<\/li>\n<li>Jackpot alkaa klo: \u20ac 10 miljoonaa<\/li>\n<li>Jackpotin yl\u00e4raja on: 90 miljoonaa euroa<\/li>\n<li>Mahdollisuus voittaa j\u00e4ttipotti: 1:135600640:st\u00e4.<\/li>\n<li>Mahdollisuus voittaa toinen palkinto: 1:2118760:st\u00e4.<\/li>\n<li>Mahdollisuus voittaa mik\u00e4 tahansa palkinto: 1:26,39:st\u00e4.<\/li>\n<li>Palkintoluokkien m\u00e4\u00e4r\u00e4: 1: 12<\/li>\n<\/ul>\n<h2>Eurojackpotin parhaat ominaisuudet<\/h2>\n<p>Aluksi huomaat, ett\u00e4 j\u00e4ttipotti alkaa aina v\u00e4hint\u00e4\u00e4n 10 miljoonan euron suuruisella summalla. Mutta kannattaa my\u00f6s huomioida, ett\u00e4 toinen palkintoluokka on my\u00f6s varsin houkutteleva, ja sen voittokertoimet ovat paljon paremmat. Voit voittaa toisen palkinnon, jos sinulla on kaikki 5 p\u00e4\u00e4numeroa oikein sek\u00e4 yksi kahdesta lis\u00e4numerosta. Todenn\u00e4k\u00f6isyys on noin 1:2 miljoonaa, ja voittaessasi t\u00e4m\u00e4n palkinnon saat yleens\u00e4 100 000-500 000 euron voiton. Se on varmasti tarpeeksi hyv\u00e4 syy pelata Eurojackpotia netiss\u00e4 Suomesta k\u00e4sin.<\/p>\n<p>T\u00e4rkein syy, miksi Eurojackpotia kannattaa aina pit\u00e4\u00e4 silm\u00e4ll\u00e4, on kuitenkin se, mit\u00e4 tapahtuu, jos j\u00e4ttipotti saavuttaa 90 miljoonaa euroa, mik\u00e4 tapahtuu yleens\u00e4 muutaman kerran vuodessa. Heti kun j\u00e4ttipotti on ylitt\u00e4nyt 40 miljoonan euron rajan, sill\u00e4 on taipumus kasvaa melko nopeasti, koska yh\u00e4 useammat ihmiset pelaavat Eurojackpotia ja lippuja myyd\u00e4\u00e4n enemm\u00e4n. Mit\u00e4 sitten tapahtuu, kun se saavuttaa 90 miljoonan euron yl\u00e4rajan?<\/p>\n<p>Siin\u00e4 vaiheessa kaikki pelaajien k\u00e4ytt\u00e4m\u00e4t lis\u00e4rahat eiv\u00e4t en\u00e4\u00e4 lis\u00e4\u00e4 j\u00e4ttipotin m\u00e4\u00e4r\u00e4\u00e4. Sen sijaan n\u00e4m\u00e4 varat siirtyv\u00e4t toiseen palkintoluokkaan. Seuraavassa arvonnassa voit siis pelata Eurojackpotia netiss\u00e4 90 miljoonan euron j\u00e4ttipotista, mutta voit my\u00f6s odottaa paljon suurempaa voittoa, jos voitat toisessa luokassa. Ja niin kauan kuin 90 miljoonan euron j\u00e4ttipotti ei ole rikki, toisen tason palkinto voi olla voitettu, mutta uutta rahaa lis\u00e4t\u00e4\u00e4n joka arvonnassa.<\/p>\n<h2>N\u00e4in tarkistat Eurojackpot-tulokset<\/h2>\n<p>Tarkista tulokset joko joltakin osallistuvan maan viralliselta lottosivustolta tai k\u00e4tev\u00e4mmin verkkosivuiltamme, josta l\u00f6yd\u00e4t viimeisimm\u00e4t tulokset maailman n\u00e4ytt\u00e4vimmist\u00e4 lotoista. Ja tietenkin sen lis\u00e4ksi, ett\u00e4 voit pelata Eurojackpotia netiss\u00e4 Suomesta k\u00e4sin, sinulla on my\u00f6s mahdollisuus yksinkertaisesti valita lotto, jossa on t\u00e4ll\u00e4 hetkell\u00e4 korkein j\u00e4ttipotti, ja pelata kyseist\u00e4 lottoa netiss\u00e4.<\/p>\n<h2>Pelasit Eurojackpotia netiss\u00e4 ja voitit &#8211; mit\u00e4 tapahtuu seuraavaksi?<\/h2>\n<p>Kun olet saanut tiet\u00e4\u00e4, ett\u00e4 olet voittanut Eurojackpotissa, saat meilt\u00e4 my\u00f6s s\u00e4hk\u00f6posti-ilmoituksen. Ilmoitamme aina voittajillemme, joten ei ole mit\u00e4\u00e4n mahdollisuutta, ett\u00e4 j\u00e4isit voitosta paitsi. Ja kaikkien pienempien voittojen (enint\u00e4\u00e4n 2500 \u20ac) kohdalla l\u00f6yd\u00e4t voittamasi rahat jo pelitililt\u00e4si. Varat ovat k\u00e4ytett\u00e4viss\u00e4nne nostoa varten pian arvonnan j\u00e4lkeen. Voit tietysti my\u00f6s j\u00e4tt\u00e4\u00e4 nostamatta tai pyyt\u00e4\u00e4 saldosi osittaista maksua. Mit\u00e4 tahansa saldosi sen j\u00e4lkeen onkaan, voit k\u00e4ytt\u00e4\u00e4 sen j\u00e4lkeen nettiloton pelaamiseen ja uusien lippujen ostamiseen.<\/p>\n","protected":false},"excerpt":{"rendered":"<p>Tietoja Eurojackpotista T\u00e4m\u00e4 eurooppalainen arpajaiset luotiin useiden eurooppalaisten arpajaisviranomaisten yhteisty\u00f6n\u00e4. T\u00e4ll\u00e4 hetkell\u00e4 voit pelata Eurojackpotia paikallisesta lottoliikkeest\u00e4 saatavilla lipuilla, jos asut jossakin osallistujamaassa. N\u00e4m\u00e4 maat ovat Kroatia, T\u0161ekin tasavalta, Tanska, Viro, Suomi, Saksa, Ukraina, Islanti, Italia, Latvia, Liettua, Norja, Puola, Bulgaria, Slovenia, Espanja, Ruotsi, Saksa, Suomi, Tanska ja Alankomaat. Jos asut maassa, joka ei ole [&hellip;]<\/p>\n","protected":false},"author":1,"featured_media":0,"parent":5016,"menu_order":4,"comment_status":"closed","ping_status":"closed","template":"eurojackpot.php","meta":{"_et_pb_use_builder":"","_et_pb_old_content":"","_et_gb_content_width":"","exclude_from_search":false,"footnotes":""},"class_list":["post-10247","page","type-page","status-publish","hentry"],"yoast_head":"<!-- This site is optimized with the Yoast SEO plugin v23.4 - https:\/\/yoast.com\/wordpress\/plugins\/seo\/ -->\n<title>Eurojackpot Suomen asukkaille | Pelaa Eurojackpotia netiss\u00e4 t\u00e4\u00e4lt\u00e4<\/title>\n<meta name=\"description\" content=\"Laillinen ja helppo tapa pelata Eurojackpotia netiss\u00e4 ja Suomesta k\u00e4sin.\" \/>\n<meta name=\"robots\" content=\"index, follow, max-snippet:-1, max-image-preview:large, max-video-preview:-1\" \/>\n<link rel=\"canonical\" href=\"https:\/\/onlinelotto365.com\/fi\/pelata\/eurojackpot\/\" \/>\n<meta property=\"og:locale\" content=\"fi_FI\" \/>\n<meta property=\"og:type\" content=\"article\" \/>\n<meta property=\"og:title\" content=\"Eurojackpot Suomen asukkaille | Pelaa Eurojackpotia netiss\u00e4 t\u00e4\u00e4lt\u00e4\" \/>\n<meta property=\"og:description\" content=\"Laillinen ja helppo tapa pelata Eurojackpotia netiss\u00e4 ja Suomesta k\u00e4sin.\" \/>\n<meta property=\"og:url\" content=\"https:\/\/onlinelotto365.com\/fi\/pelata\/eurojackpot\/\" \/>\n<meta property=\"og:site_name\" content=\"OnlineLotto365\" \/>\n<meta property=\"article:modified_time\" content=\"2022-11-07T10:43:57+00:00\" \/>\n<meta property=\"og:image\" content=\"https:\/\/redfoxlotto.com\/image?size=8&amp;lottery=eurojackpot\" \/>\n<meta name=\"twitter:card\" content=\"summary_large_image\" \/>\n<meta name=\"twitter:label1\" content=\"Arvioitu lukuaika\" \/>\n\t<meta name=\"twitter:data1\" content=\"3 minuuttia\" \/>\n<script type=\"application\/ld+json\" class=\"yoast-schema-graph\">{\"@context\":\"https:\/\/schema.org\",\"@graph\":[{\"@type\":\"WebPage\",\"@id\":\"https:\/\/onlinelotto365.com\/fi\/pelata\/eurojackpot\/\",\"url\":\"https:\/\/onlinelotto365.com\/fi\/pelata\/eurojackpot\/\",\"name\":\"Eurojackpot Suomen asukkaille | Pelaa Eurojackpotia netiss\u00e4 t\u00e4\u00e4lt\u00e4\",\"isPartOf\":{\"@id\":\"https:\/\/onlinelotto365.com\/fi\/#website\"},\"primaryImageOfPage\":{\"@id\":\"https:\/\/onlinelotto365.com\/fi\/pelata\/eurojackpot\/#primaryimage\"},\"image\":{\"@id\":\"https:\/\/onlinelotto365.com\/fi\/pelata\/eurojackpot\/#primaryimage\"},\"thumbnailUrl\":\"https:\/\/redfoxlotto.com\/image?size=8&amp;lottery=eurojackpot\",\"datePublished\":\"2020-12-16T17:14:59+00:00\",\"dateModified\":\"2022-11-07T10:43:57+00:00\",\"description\":\"Laillinen ja helppo tapa pelata Eurojackpotia netiss\u00e4 ja Suomesta k\u00e4sin.\",\"breadcrumb\":{\"@id\":\"https:\/\/onlinelotto365.com\/fi\/pelata\/eurojackpot\/#breadcrumb\"},\"inLanguage\":\"fi\",\"potentialAction\":[{\"@type\":\"ReadAction\",\"target\":[\"https:\/\/onlinelotto365.com\/fi\/pelata\/eurojackpot\/\"]}]},{\"@type\":\"ImageObject\",\"inLanguage\":\"fi\",\"@id\":\"https:\/\/onlinelotto365.com\/fi\/pelata\/eurojackpot\/#primaryimage\",\"url\":\"https:\/\/redfoxlotto.com\/image?size=8&amp;lottery=eurojackpot\",\"contentUrl\":\"https:\/\/redfoxlotto.com\/image?size=8&amp;lottery=eurojackpot\"},{\"@type\":\"BreadcrumbList\",\"@id\":\"https:\/\/onlinelotto365.com\/fi\/pelata\/eurojackpot\/#breadcrumb\",\"itemListElement\":[{\"@type\":\"ListItem\",\"position\":1,\"name\":\"Home\",\"item\":\"https:\/\/onlinelotto365.com\/fi\/\"},{\"@type\":\"ListItem\",\"position\":2,\"name\":\"Kaikki mit\u00e4 sinun pit\u00e4\u00e4 tiet\u00e4\u00e4 vaihtoehdoistasi pelata parhaita arpapelej\u00e4 netiss\u00e4.\",\"item\":\"https:\/\/onlinelotto365.com\/fi\/pelata\/\"},{\"@type\":\"ListItem\",\"position\":3,\"name\":\"Pelaa Eurojackpotia nettilipulla\"}]},{\"@type\":\"WebSite\",\"@id\":\"https:\/\/onlinelotto365.com\/fi\/#website\",\"url\":\"https:\/\/onlinelotto365.com\/fi\/\",\"name\":\"OnlineLotto365\",\"description\":\"\",\"potentialAction\":[{\"@type\":\"SearchAction\",\"target\":{\"@type\":\"EntryPoint\",\"urlTemplate\":\"https:\/\/onlinelotto365.com\/fi\/?s={search_term_string}\"},\"query-input\":{\"@type\":\"PropertyValueSpecification\",\"valueRequired\":true,\"valueName\":\"search_term_string\"}}],\"inLanguage\":\"fi\"}]}<\/script>\n<!-- \/ Yoast SEO plugin. -->","yoast_head_json":{"title":"Eurojackpot Suomen asukkaille | Pelaa Eurojackpotia netiss\u00e4 t\u00e4\u00e4lt\u00e4","description":"Laillinen ja helppo tapa pelata Eurojackpotia netiss\u00e4 ja Suomesta k\u00e4sin.","robots":{"index":"index","follow":"follow","max-snippet":"max-snippet:-1","max-image-preview":"max-image-preview:large","max-video-preview":"max-video-preview:-1"},"canonical":"https:\/\/onlinelotto365.com\/fi\/pelata\/eurojackpot\/","og_locale":"fi_FI","og_type":"article","og_title":"Eurojackpot Suomen asukkaille | Pelaa Eurojackpotia netiss\u00e4 t\u00e4\u00e4lt\u00e4","og_description":"Laillinen ja helppo tapa pelata Eurojackpotia netiss\u00e4 ja Suomesta k\u00e4sin.","og_url":"https:\/\/onlinelotto365.com\/fi\/pelata\/eurojackpot\/","og_site_name":"OnlineLotto365","article_modified_time":"2022-11-07T10:43:57+00:00","og_image":[{"url":"https:\/\/redfoxlotto.com\/image?size=8&amp;lottery=eurojackpot"}],"twitter_card":"summary_large_image","twitter_misc":{"Arvioitu lukuaika":"3 minuuttia"},"schema":{"@context":"https:\/\/schema.org","@graph":[{"@type":"WebPage","@id":"https:\/\/onlinelotto365.com\/fi\/pelata\/eurojackpot\/","url":"https:\/\/onlinelotto365.com\/fi\/pelata\/eurojackpot\/","name":"Eurojackpot Suomen asukkaille | Pelaa Eurojackpotia netiss\u00e4 t\u00e4\u00e4lt\u00e4","isPartOf":{"@id":"https:\/\/onlinelotto365.com\/fi\/#website"},"primaryImageOfPage":{"@id":"https:\/\/onlinelotto365.com\/fi\/pelata\/eurojackpot\/#primaryimage"},"image":{"@id":"https:\/\/onlinelotto365.com\/fi\/pelata\/eurojackpot\/#primaryimage"},"thumbnailUrl":"https:\/\/redfoxlotto.com\/image?size=8&amp;lottery=eurojackpot","datePublished":"2020-12-16T17:14:59+00:00","dateModified":"2022-11-07T10:43:57+00:00","description":"Laillinen ja helppo tapa pelata Eurojackpotia netiss\u00e4 ja Suomesta k\u00e4sin.","breadcrumb":{"@id":"https:\/\/onlinelotto365.com\/fi\/pelata\/eurojackpot\/#breadcrumb"},"inLanguage":"fi","potentialAction":[{"@type":"ReadAction","target":["https:\/\/onlinelotto365.com\/fi\/pelata\/eurojackpot\/"]}]},{"@type":"ImageObject","inLanguage":"fi","@id":"https:\/\/onlinelotto365.com\/fi\/pelata\/eurojackpot\/#primaryimage","url":"https:\/\/redfoxlotto.com\/image?size=8&amp;lottery=eurojackpot","contentUrl":"https:\/\/redfoxlotto.com\/image?size=8&amp;lottery=eurojackpot"},{"@type":"BreadcrumbList","@id":"https:\/\/onlinelotto365.com\/fi\/pelata\/eurojackpot\/#breadcrumb","itemListElement":[{"@type":"ListItem","position":1,"name":"Home","item":"https:\/\/onlinelotto365.com\/fi\/"},{"@type":"ListItem","position":2,"name":"Kaikki mit\u00e4 sinun pit\u00e4\u00e4 tiet\u00e4\u00e4 vaihtoehdoistasi pelata parhaita arpapelej\u00e4 netiss\u00e4.","item":"https:\/\/onlinelotto365.com\/fi\/pelata\/"},{"@type":"ListItem","position":3,"name":"Pelaa Eurojackpotia nettilipulla"}]},{"@type":"WebSite","@id":"https:\/\/onlinelotto365.com\/fi\/#website","url":"https:\/\/onlinelotto365.com\/fi\/","name":"OnlineLotto365","description":"","potentialAction":[{"@type":"SearchAction","target":{"@type":"EntryPoint","urlTemplate":"https:\/\/onlinelotto365.com\/fi\/?s={search_term_string}"},"query-input":{"@type":"PropertyValueSpecification","valueRequired":true,"valueName":"search_term_string"}}],"inLanguage":"fi"}]}},"_links":{"self":[{"href":"https:\/\/onlinelotto365.com\/fi\/wp-json\/wp\/v2\/pages\/10247","targetHints":{"allow":["GET"]}}],"collection":[{"href":"https:\/\/onlinelotto365.com\/fi\/wp-json\/wp\/v2\/pages"}],"about":[{"href":"https:\/\/onlinelotto365.com\/fi\/wp-json\/wp\/v2\/types\/page"}],"author":[{"embeddable":true,"href":"https:\/\/onlinelotto365.com\/fi\/wp-json\/wp\/v2\/users\/1"}],"replies":[{"embeddable":true,"href":"https:\/\/onlinelotto365.com\/fi\/wp-json\/wp\/v2\/comments?post=10247"}],"version-history":[{"count":0,"href":"https:\/\/onlinelotto365.com\/fi\/wp-json\/wp\/v2\/pages\/10247\/revisions"}],"up":[{"embeddable":true,"href":"https:\/\/onlinelotto365.com\/fi\/wp-json\/wp\/v2\/pages\/5016"}],"wp:attachment":[{"href":"https:\/\/onlinelotto365.com\/fi\/wp-json\/wp\/v2\/media?parent=10247"}],"curies":[{"name":"wp","href":"https:\/\/api.w.org\/{rel}","templated":true}]}}