{"id":10251,"date":"2020-12-16T18:18:03","date_gmt":"2020-12-16T17:18:03","guid":{"rendered":"http:\/\/onlinelotto365.net\/?page_id=10251"},"modified":"2022-11-09T09:02:03","modified_gmt":"2022-11-09T08:02:03","slug":"el-gordo","status":"publish","type":"page","link":"https:\/\/onlinelotto365.com\/fi\/pelata\/el-gordo\/","title":{"rendered":"Miten suomalaiset voivat osallistua El Gordoon?"},"content":{"rendered":"<p>Jos asut Espanjassa, minun ei tarvitse kertoa, miten j\u00e4nnitt\u00e4v\u00e4 El Gordo Lotto on. Useimmat lottopelaajat eiv\u00e4t kuitenkaan asu siell\u00e4, eiv\u00e4tk\u00e4 useimmat ole koskaan kuulleetkaan Espanjan suurimmasta lotosta. Viime aikoihin asti sill\u00e4 ei ollut mit\u00e4\u00e4n v\u00e4li\u00e4, koska sit\u00e4 ei voinut pelata muutenkaan, sill\u00e4 Espanja oli ainoa paikka, josta siihen saattoi ostaa lippuja.<\/p>\n<p>Internetin taikuuden ansiosta nyky\u00e4\u00e4n yli 150 000 pelaajaa yli 140 maasta, Suomi mukaan lukien, voi pelata El Gordoa verkossa. Nyt sinun tarvitsee vain tiet\u00e4\u00e4, mist\u00e4 voit ostaa lippuja netist\u00e4. Siin\u00e4 me olemme t\u00e4\u00e4ll\u00e4 auttamassa sinua.<\/p>\n<p>Upean uuden palvelumme ansiosta voit ostaa lippuja El Gordo Lottoon netist\u00e4, mutta voit my\u00f6s ostaa lippuja netist\u00e4 kaikkiin maailman muihin suurimpiin arpajaisiin. Teemme t\u00e4m\u00e4n kaiken uskomattoman helpoksi sinulle, ja muutamassa lyhyess\u00e4 minuutissa voit noutaa niin monta lippua kuin haluat seuraavaan arvontaan, mink\u00e4 tahansa muun haluamasi suuren lottokupongin lis\u00e4ksi.<\/p>\n<p>Verkkopalvelumme kautta lottopelaamisen j\u00e4nnitys on siis kasvanut eeppisiin mittasuhteisiin. Mieti, kuinka paljon nautit lottoamisesta nyt, ja kerro se kymmenell\u00e4 tai kahdellakymmenell\u00e4 kerralla, ja kuvittele, milt\u00e4 se tuntuisi. Rekister\u00f6i sitten vain tili t\u00e4nne ja valmistaudu toteuttamaan se.<\/p>\n<p><a href=\"https:\/\/redfoxlotto.com\/play\/el-gordo-primitiva\/?ref=a8564250a2&amp;medium=ol365\" target=\"_blank\" rel=\"noopener noreferrer\"> <img decoding=\"async\" class=\"aligncenter\" src=\"https:\/\/redfoxlotto.com\/image?size=8&amp;lottery=el-gordo-primitiva\" alt=\"el gordo la primitiva\" \/> <\/a><\/p>\n<h2>El Gordo tarkoittaa suurta<\/h2>\n<p>El Gordon j\u00e4ttipotit ovat kaikki valtavia, mist\u00e4 kaikki lottopelaajat pit\u00e4v\u00e4t ehdottomasti. Takana ovat ne ajat, jolloin jouduit odottamaan pitk\u00e4\u00e4n ja toivomaan, ett\u00e4 suosikkilottosi j\u00e4ttipotti kasvaisi ja kasvaisi, kunnes se vihdoin olisi niin valtava, ett\u00e4 ihmiset kaatuisivat ostamaan lippuja. Nyt on ymp\u00e4ri maailmaa monia lottoja, jotka alkavat valtavilla j\u00e4ttipoteilla ja jotka vain kasvavat yh\u00e4 valtavammiksi. T\u00e4m\u00e4 lotto on ehdottomasti yksi niist\u00e4. Esimerkiksi t\u00e4t\u00e4 kirjoitettaessa t\u00e4m\u00e4nhetkinen j\u00e4ttipotti on 23 miljoonaa euroa.<\/p>\n<p>Lis\u00e4ksi, jos rakastat t\u00e4llaisia isoja j\u00e4ttipotteja, kuten me kaikki varmasti teemme, sinulle on tarjolla paljon muitakin, joissa on viel\u00e4 paljon suurempia j\u00e4ttipotteja. Kyse ei kuitenkaan ole siit\u00e4, ett\u00e4 pelaisit vain yht\u00e4, vaan haluat pelata ainakin useita n\u00e4ist\u00e4 arpajaisista, ja El Gordo on varmasti yksi niist\u00e4, joka kannattaa pelata.<\/p>\n<h2>Tietoja El Gordosta<\/h2>\n<ul>\n<li>Maa: Espanja<\/li>\n<li><span style=\"font-size: 16px;\"> P\u00e4\u00e4numeroalue: 54 <\/span><\/li>\n<li>Valitset: 5<\/li>\n<li>Ylim\u00e4\u00e4r\u00e4inen numeroalue: ei mit\u00e4\u00e4n<\/li>\n<li>Valitset: ei mit\u00e4\u00e4n<\/li>\n<li>Piirr\u00e4 p\u00e4iv\u00e4t, ajat: sunnuntai, 21.30 CET, 21.30 CET<\/li>\n<li>Minimi j\u00e4ttipotti: 4 miljoonaa euroa<\/li>\n<li>Jackpotin enimm\u00e4ism\u00e4\u00e4r\u00e4: ei enimm\u00e4ism\u00e4\u00e4r\u00e4\u00e4<\/li>\n<li>Todenn\u00e4k\u00f6isyys voittaa j\u00e4ttipotti: 1 vastaan \u200b\u200b31.625.100<\/li>\n<li>Toisen tason voittojen todenn\u00e4k\u00f6isyys: 1 3.513.900: ssa<\/li>\n<li>Todenn\u00e4k\u00f6isyys voittaa miss\u00e4 tahansa tasossa: 1 \/ 6,16<\/li>\n<li>El Gordon erikoistapahtumat: Joulutarjous<\/li>\n<\/ul>\n<p>Kuten monissa suurissa arpajaisissa, arvonnassa on kaksi osaa. Ensimm\u00e4isess\u00e4 osassa valitaan 5 numeroa 54 numeron joukosta. Jos onnistut siin\u00e4, sinua odottaa jo nyt eritt\u00e4in suuri palkinto. Sitten, jos sek\u00e4 5 numeroa ett\u00e4 avainluku 1-9 t\u00e4sm\u00e4\u00e4v\u00e4t, olet onnistunut ja voittanut suuren j\u00e4ttipotin.<\/p>\n<p>El Gordossa on yhteens\u00e4 9 erilaista palkintoluokkaa, alkaen pelk\u00e4st\u00e4 kriittisen numeron t\u00e4sm\u00e4\u00e4misest\u00e4 v\u00e4lille 1-9 aina isoon voittoon asti. Vaikka me kaikki todella haluamme voittaa j\u00e4ttipotteja, on varmasti mukavaa, kun voitat mink\u00e4 tahansa suuruisen palkinnon, ja Espanjan suosituin lotto antaa siihen jopa paremmat mahdollisuudet kuin jotkut muut lotot.<\/p>\n<p>Lis\u00e4ksi toisin kuin joissakin maissa, lottovoitot ovat Espanjassa verovapaita. Sinun voi joutua ilmoittamaan voittosi hallitukselle tai olla ilmoittamatta sit\u00e4, riippuen asuinpaikastasi, mutta joissakin paikoissa lottovoitoista pid\u00e4tet\u00e4\u00e4n veroja, vaikka lottovoitot saattavat olla verovapaita kotimaassasi. Vaikka voit saada n\u00e4m\u00e4 rahat takaisin, se on hankalaa, mutta sinun ei tarvitse huolehtia siit\u00e4 El Gordon kanssa.<\/p>\n<p>Kuitenkin jopa maissa, joissa n\u00e4in tehd\u00e4\u00e4n, aina kun osut j\u00e4ttipottiin, rahat, jotka saat ennakkoon verojen pid\u00e4tt\u00e4misell\u00e4 tai ilman, riitt\u00e4v\u00e4t sinulle varmasti joka tapauksessa pitk\u00e4ksi aikaa, joten t\u00e4m\u00e4n ei pit\u00e4isi oikeastaan huolestuttaa sinua. Sinun ei my\u00f6sk\u00e4\u00e4n pit\u00e4isi joutua matkustamaan Espanjaan noutamaan miljooniasi. Matkustat luultavasti paljon enemm\u00e4nkin, ja voit yht\u00e4 hyvin aloittaa urasi jet setterin\u00e4 t\u00e4ll\u00e4 matkalla.<\/p>\n<h2>Miksi j\u00e4tt\u00e4isit El Gordon v\u00e4liin, koska sinun ei tarvitse tehd\u00e4 sit\u00e4 nyt?<\/h2>\n<p>Sinulla on jo vuosia ollut hyv\u00e4 tekosyy olla pelaamatta El Gordo -lottoa, koska asut Suomessa etk\u00e4 Espanjassa. N\u00e4in ei kuitenkaan onneksi en\u00e4\u00e4 ole. Kuka tiet\u00e4\u00e4, kuinka paljon rahaa olisit voinut voittaa, jos olisit pelannut t\u00e4t\u00e4 ja kaikkia muita maailman suurimpia lottoja koko ajan?<\/p>\n<p>No, sinun ei tarvitse en\u00e4\u00e4 mietti\u00e4 t\u00e4t\u00e4, sill\u00e4 me tuomme El Gordon nyt suoraan kotiisi, sinne miss\u00e4 istut juuri nyt. Tied\u00e4n, ett\u00e4 rakastat lottopelaamista, muuten et lukisi t\u00e4t\u00e4. Miksi et hemmottelisi itse\u00e4si El Gordo -lottokupongilla juuri nyt? Kun kerran olet siin\u00e4, mikset tutustuisi kaikkeen muuhunkin, mit\u00e4 meill\u00e4 on tarjota sinulle?<\/p>\n<h2>Miten tarkistaa El Gordon tulokset<\/h2>\n<p>Voit palata t\u00e4nne tarkistamaan voittonumerot ja vertaamaan niit\u00e4 El Gordo -lottokuponkeihisi. N\u00e4yt\u00e4mme sinulle viimeisimm\u00e4t voittonumerot vierekk\u00e4in oman lippusi numeroiden kanssa. Voit tietysti my\u00f6s n\u00e4hd\u00e4, kuinka paljon voitit, jos voitit.<\/p>\n<p>Voittojen saaminen tilillesi kuuluu my\u00f6s palveluumme. Se, miten saat maksun, riippuu siit\u00e4, kuinka paljon voitit. Emme ota rahaa voitoistasi t\u00e4t\u00e4 palvelua varten.<\/p>\n","protected":false},"excerpt":{"rendered":"<p>Jos asut Espanjassa, minun ei tarvitse kertoa, miten j\u00e4nnitt\u00e4v\u00e4 El Gordo Lotto on. Useimmat lottopelaajat eiv\u00e4t kuitenkaan asu siell\u00e4, eiv\u00e4tk\u00e4 useimmat ole koskaan kuulleetkaan Espanjan suurimmasta lotosta. Viime aikoihin asti sill\u00e4 ei ollut mit\u00e4\u00e4n v\u00e4li\u00e4, koska sit\u00e4 ei voinut pelata muutenkaan, sill\u00e4 Espanja oli ainoa paikka, josta siihen saattoi ostaa lippuja. Internetin taikuuden ansiosta nyky\u00e4\u00e4n [&hellip;]<\/p>\n","protected":false},"author":1,"featured_media":0,"parent":5016,"menu_order":6,"comment_status":"closed","ping_status":"closed","template":"el-gordo.php","meta":{"_et_pb_use_builder":"","_et_pb_old_content":"","_et_gb_content_width":"","exclude_from_search":false,"footnotes":""},"class_list":["post-10251","page","type-page","status-publish","hentry"],"yoast_head":"<!-- This site is optimized with the Yoast SEO plugin v23.4 - https:\/\/yoast.com\/wordpress\/plugins\/seo\/ -->\n<title>Pelaa El Gordoa verkossa Suomesta k\u00e4sin | Voinko osallistua El Gordoon, jos asun Suomessa?<\/title>\n<meta name=\"description\" content=\"Pelaa El Gordo Lotto t\u00e4\u00e4ll\u00e4 - Espanjan suurin lotto, joka on saatavilla verkossa mist\u00e4 tahansa maasta k\u00e4sin tahansa\" \/>\n<meta name=\"robots\" content=\"index, follow, max-snippet:-1, max-image-preview:large, max-video-preview:-1\" \/>\n<link rel=\"canonical\" href=\"https:\/\/onlinelotto365.com\/fi\/pelata\/el-gordo\/\" \/>\n<meta property=\"og:locale\" content=\"fi_FI\" \/>\n<meta property=\"og:type\" content=\"article\" \/>\n<meta property=\"og:title\" content=\"Pelaa El Gordoa verkossa Suomesta k\u00e4sin | Voinko osallistua El Gordoon, jos asun Suomessa?\" \/>\n<meta property=\"og:description\" content=\"Pelaa El Gordo Lotto t\u00e4\u00e4ll\u00e4 - Espanjan suurin lotto, joka on saatavilla verkossa mist\u00e4 tahansa maasta k\u00e4sin tahansa\" \/>\n<meta property=\"og:url\" content=\"https:\/\/onlinelotto365.com\/fi\/pelata\/el-gordo\/\" \/>\n<meta property=\"og:site_name\" content=\"OnlineLotto365\" \/>\n<meta property=\"article:modified_time\" content=\"2022-11-09T08:02:03+00:00\" \/>\n<meta property=\"og:image\" content=\"https:\/\/redfoxlotto.com\/image?size=8&amp;lottery=el-gordo-primitiva\" \/>\n<meta name=\"twitter:card\" content=\"summary_large_image\" \/>\n<meta name=\"twitter:label1\" content=\"Arvioitu lukuaika\" \/>\n\t<meta name=\"twitter:data1\" content=\"4 minuuttia\" \/>\n<script type=\"application\/ld+json\" class=\"yoast-schema-graph\">{\"@context\":\"https:\/\/schema.org\",\"@graph\":[{\"@type\":\"WebPage\",\"@id\":\"https:\/\/onlinelotto365.com\/fi\/pelata\/el-gordo\/\",\"url\":\"https:\/\/onlinelotto365.com\/fi\/pelata\/el-gordo\/\",\"name\":\"Pelaa El Gordoa verkossa Suomesta k\u00e4sin | Voinko osallistua El Gordoon, jos asun Suomessa?\",\"isPartOf\":{\"@id\":\"https:\/\/onlinelotto365.com\/fi\/#website\"},\"primaryImageOfPage\":{\"@id\":\"https:\/\/onlinelotto365.com\/fi\/pelata\/el-gordo\/#primaryimage\"},\"image\":{\"@id\":\"https:\/\/onlinelotto365.com\/fi\/pelata\/el-gordo\/#primaryimage\"},\"thumbnailUrl\":\"https:\/\/redfoxlotto.com\/image?size=8&amp;lottery=el-gordo-primitiva\",\"datePublished\":\"2020-12-16T17:18:03+00:00\",\"dateModified\":\"2022-11-09T08:02:03+00:00\",\"description\":\"Pelaa El Gordo Lotto t\u00e4\u00e4ll\u00e4 - Espanjan suurin lotto, joka on saatavilla verkossa mist\u00e4 tahansa maasta k\u00e4sin tahansa\",\"breadcrumb\":{\"@id\":\"https:\/\/onlinelotto365.com\/fi\/pelata\/el-gordo\/#breadcrumb\"},\"inLanguage\":\"fi\",\"potentialAction\":[{\"@type\":\"ReadAction\",\"target\":[\"https:\/\/onlinelotto365.com\/fi\/pelata\/el-gordo\/\"]}]},{\"@type\":\"ImageObject\",\"inLanguage\":\"fi\",\"@id\":\"https:\/\/onlinelotto365.com\/fi\/pelata\/el-gordo\/#primaryimage\",\"url\":\"https:\/\/redfoxlotto.com\/image?size=8&amp;lottery=el-gordo-primitiva\",\"contentUrl\":\"https:\/\/redfoxlotto.com\/image?size=8&amp;lottery=el-gordo-primitiva\"},{\"@type\":\"BreadcrumbList\",\"@id\":\"https:\/\/onlinelotto365.com\/fi\/pelata\/el-gordo\/#breadcrumb\",\"itemListElement\":[{\"@type\":\"ListItem\",\"position\":1,\"name\":\"Home\",\"item\":\"https:\/\/onlinelotto365.com\/fi\/\"},{\"@type\":\"ListItem\",\"position\":2,\"name\":\"Kaikki mit\u00e4 sinun pit\u00e4\u00e4 tiet\u00e4\u00e4 vaihtoehdoistasi pelata parhaita arpapelej\u00e4 netiss\u00e4.\",\"item\":\"https:\/\/onlinelotto365.com\/fi\/pelata\/\"},{\"@type\":\"ListItem\",\"position\":3,\"name\":\"Miten suomalaiset voivat osallistua El Gordoon?\"}]},{\"@type\":\"WebSite\",\"@id\":\"https:\/\/onlinelotto365.com\/fi\/#website\",\"url\":\"https:\/\/onlinelotto365.com\/fi\/\",\"name\":\"OnlineLotto365\",\"description\":\"\",\"potentialAction\":[{\"@type\":\"SearchAction\",\"target\":{\"@type\":\"EntryPoint\",\"urlTemplate\":\"https:\/\/onlinelotto365.com\/fi\/?s={search_term_string}\"},\"query-input\":{\"@type\":\"PropertyValueSpecification\",\"valueRequired\":true,\"valueName\":\"search_term_string\"}}],\"inLanguage\":\"fi\"}]}<\/script>\n<!-- \/ Yoast SEO plugin. -->","yoast_head_json":{"title":"Pelaa El Gordoa verkossa Suomesta k\u00e4sin | Voinko osallistua El Gordoon, jos asun Suomessa?","description":"Pelaa El Gordo Lotto t\u00e4\u00e4ll\u00e4 - Espanjan suurin lotto, joka on saatavilla verkossa mist\u00e4 tahansa maasta k\u00e4sin tahansa","robots":{"index":"index","follow":"follow","max-snippet":"max-snippet:-1","max-image-preview":"max-image-preview:large","max-video-preview":"max-video-preview:-1"},"canonical":"https:\/\/onlinelotto365.com\/fi\/pelata\/el-gordo\/","og_locale":"fi_FI","og_type":"article","og_title":"Pelaa El Gordoa verkossa Suomesta k\u00e4sin | Voinko osallistua El Gordoon, jos asun Suomessa?","og_description":"Pelaa El Gordo Lotto t\u00e4\u00e4ll\u00e4 - Espanjan suurin lotto, joka on saatavilla verkossa mist\u00e4 tahansa maasta k\u00e4sin tahansa","og_url":"https:\/\/onlinelotto365.com\/fi\/pelata\/el-gordo\/","og_site_name":"OnlineLotto365","article_modified_time":"2022-11-09T08:02:03+00:00","og_image":[{"url":"https:\/\/redfoxlotto.com\/image?size=8&amp;lottery=el-gordo-primitiva"}],"twitter_card":"summary_large_image","twitter_misc":{"Arvioitu lukuaika":"4 minuuttia"},"schema":{"@context":"https:\/\/schema.org","@graph":[{"@type":"WebPage","@id":"https:\/\/onlinelotto365.com\/fi\/pelata\/el-gordo\/","url":"https:\/\/onlinelotto365.com\/fi\/pelata\/el-gordo\/","name":"Pelaa El Gordoa verkossa Suomesta k\u00e4sin | Voinko osallistua El Gordoon, jos asun Suomessa?","isPartOf":{"@id":"https:\/\/onlinelotto365.com\/fi\/#website"},"primaryImageOfPage":{"@id":"https:\/\/onlinelotto365.com\/fi\/pelata\/el-gordo\/#primaryimage"},"image":{"@id":"https:\/\/onlinelotto365.com\/fi\/pelata\/el-gordo\/#primaryimage"},"thumbnailUrl":"https:\/\/redfoxlotto.com\/image?size=8&amp;lottery=el-gordo-primitiva","datePublished":"2020-12-16T17:18:03+00:00","dateModified":"2022-11-09T08:02:03+00:00","description":"Pelaa El Gordo Lotto t\u00e4\u00e4ll\u00e4 - Espanjan suurin lotto, joka on saatavilla verkossa mist\u00e4 tahansa maasta k\u00e4sin tahansa","breadcrumb":{"@id":"https:\/\/onlinelotto365.com\/fi\/pelata\/el-gordo\/#breadcrumb"},"inLanguage":"fi","potentialAction":[{"@type":"ReadAction","target":["https:\/\/onlinelotto365.com\/fi\/pelata\/el-gordo\/"]}]},{"@type":"ImageObject","inLanguage":"fi","@id":"https:\/\/onlinelotto365.com\/fi\/pelata\/el-gordo\/#primaryimage","url":"https:\/\/redfoxlotto.com\/image?size=8&amp;lottery=el-gordo-primitiva","contentUrl":"https:\/\/redfoxlotto.com\/image?size=8&amp;lottery=el-gordo-primitiva"},{"@type":"BreadcrumbList","@id":"https:\/\/onlinelotto365.com\/fi\/pelata\/el-gordo\/#breadcrumb","itemListElement":[{"@type":"ListItem","position":1,"name":"Home","item":"https:\/\/onlinelotto365.com\/fi\/"},{"@type":"ListItem","position":2,"name":"Kaikki mit\u00e4 sinun pit\u00e4\u00e4 tiet\u00e4\u00e4 vaihtoehdoistasi pelata parhaita arpapelej\u00e4 netiss\u00e4.","item":"https:\/\/onlinelotto365.com\/fi\/pelata\/"},{"@type":"ListItem","position":3,"name":"Miten suomalaiset voivat osallistua El Gordoon?"}]},{"@type":"WebSite","@id":"https:\/\/onlinelotto365.com\/fi\/#website","url":"https:\/\/onlinelotto365.com\/fi\/","name":"OnlineLotto365","description":"","potentialAction":[{"@type":"SearchAction","target":{"@type":"EntryPoint","urlTemplate":"https:\/\/onlinelotto365.com\/fi\/?s={search_term_string}"},"query-input":{"@type":"PropertyValueSpecification","valueRequired":true,"valueName":"search_term_string"}}],"inLanguage":"fi"}]}},"_links":{"self":[{"href":"https:\/\/onlinelotto365.com\/fi\/wp-json\/wp\/v2\/pages\/10251","targetHints":{"allow":["GET"]}}],"collection":[{"href":"https:\/\/onlinelotto365.com\/fi\/wp-json\/wp\/v2\/pages"}],"about":[{"href":"https:\/\/onlinelotto365.com\/fi\/wp-json\/wp\/v2\/types\/page"}],"author":[{"embeddable":true,"href":"https:\/\/onlinelotto365.com\/fi\/wp-json\/wp\/v2\/users\/1"}],"replies":[{"embeddable":true,"href":"https:\/\/onlinelotto365.com\/fi\/wp-json\/wp\/v2\/comments?post=10251"}],"version-history":[{"count":0,"href":"https:\/\/onlinelotto365.com\/fi\/wp-json\/wp\/v2\/pages\/10251\/revisions"}],"up":[{"embeddable":true,"href":"https:\/\/onlinelotto365.com\/fi\/wp-json\/wp\/v2\/pages\/5016"}],"wp:attachment":[{"href":"https:\/\/onlinelotto365.com\/fi\/wp-json\/wp\/v2\/media?parent=10251"}],"curies":[{"name":"wp","href":"https:\/\/api.w.org\/{rel}","templated":true}]}}