{"id":10273,"date":"2020-12-16T18:33:04","date_gmt":"2020-12-16T17:33:04","guid":{"rendered":"http:\/\/onlinelotto365.net\/?page_id=10273"},"modified":"2022-11-10T09:53:46","modified_gmt":"2022-11-10T08:53:46","slug":"powerball","status":"publish","type":"page","link":"https:\/\/onlinelotto365.com\/fi\/osta-lippuja\/powerball\/","title":{"rendered":"Miten ostaa Powerball-lippuja netist\u00e4 Suomesta"},"content":{"rendered":"<p>On selv\u00e4\u00e4, ett\u00e4 internetin avulla voit hankkia lipun Yhdysvaltain suuriin arpajaisiin verkossa. Sinun ei tarvitse asua Yhdysvalloissa voidaksesi osallistua ja saadaksesi mahdollisuuden voittaa n\u00e4m\u00e4 uskomattomat j\u00e4ttipotit. Voit ostaa lippusi Suomesta k\u00e4sin verkkopalvelumme avulla.<\/p>\n<p>Voit ensin rekister\u00f6id\u00e4 tilin meille ja sitten valita mink\u00e4 tahansa arpajaistamme ja valita numerosi. Tai voit vain tarkistaa arpajaiset ensin ja luoda liput numeroillasi. Kun olet tyytyv\u00e4inen valintaasi, voit tehd\u00e4 kassan. Siin\u00e4 vaiheessa sinua pyydet\u00e4\u00e4n luomaan tili.<\/p>\n<p>Molemmissa tapauksissa uuden tilin rekister\u00f6innin j\u00e4lkeen sinun on tarkistettava s\u00e4hk\u00f6postilaatikkosi. Saat vahvistuss\u00e4hk\u00f6postin, jossa on linkki. Vahvista s\u00e4hk\u00f6postiosoitteesi klikkaamalla linkki\u00e4. Kun olet tehnyt t\u00e4m\u00e4n, tilisi on aktivoitu. Jos et l\u00f6yd\u00e4 vahvistuss\u00e4hk\u00f6postia, tarkista roskapostikansiosi. Kun olet l\u00f6yt\u00e4nyt s\u00e4hk\u00f6postin, on t\u00e4rke\u00e4\u00e4, ett\u00e4 merkitset sen &#8221;ei roskapostia&#8221; tai &#8221;ei roskapostia&#8221;. N\u00e4in varmistat, ett\u00e4 tulevat s\u00e4hk\u00f6postiviestit meilt\u00e4 eiv\u00e4t p\u00e4\u00e4dy roskapostikansioosi. Kuvittele, ett\u00e4 menet\u00e4t voiton, koska et saanut siit\u00e4 s\u00e4hk\u00f6posti-ilmoitusta!<br \/>\n<a href=\"https:\/\/redfoxlotto.com\/play\/powerball\/?ref=a8564250a2&amp;medium=ol365\" target=\"_blank\" rel=\"noopener noreferrer\"><img loading=\"lazy\" decoding=\"async\" class=\"aligncenter\" src=\"https:\/\/redfoxlotto.com\/image?size=8&amp;lottery=powerball\" alt=\"powerball\" width=\"793\" height=\"98\" \/><\/a><\/p>\n<h2>Miten voit maksaa Powerball-lipun verkossa<\/h2>\n<p>Voit maksaa haluamasi lottokupongit verkossa kahdella tavalla.<\/p>\n<ul>\n<li>Ensinn\u00e4kin voit tehd\u00e4 talletuksen tilillesi. Sen j\u00e4lkeen voit ostaa niin monta arpaa kuin haluat ja k\u00e4ytt\u00e4\u00e4 saldosi niiden maksamiseen.<\/li>\n<li>Toiseksi, valitset ensin lippusi ja maksat sitten tilauksen summan.<\/li>\n<\/ul>\n<p>K\u00e4ytett\u00e4viss\u00e4si on useita maksuvaihtoehtoja, ja ne ovat kaikki turvallisesti salattuja. Suosituimmat maksutavat ovat luottokortti ja Bitcoin.<\/p>\n<h2>Lis\u00e4tietoja Powerballista<\/h2>\n<ul>\n<li>Arpajaiset j\u00e4rjestet\u00e4\u00e4n miss\u00e4: USA<\/li>\n<li>Kuinka monta p\u00e4\u00e4numeroa on valittavana: 69<\/li>\n<li>Sinun on valittava: 5<\/li>\n<li>Kuinka monta lis\u00e4numeroa voit valita: 26<\/li>\n<li>Sinun on valittava: 1<\/li>\n<li>Arvonnan p\u00e4iv\u00e4t, tunnit: Keskiviikko, lauantai, 21:00 EST, +1 p\u00e4iv\u00e4 3:00 CET.<\/li>\n<li>V\u00e4himm\u00e4isj\u00e4ttipotti: 40 miljoonaa dollaria<\/li>\n<li>Jackpotin enimm\u00e4ism\u00e4\u00e4r\u00e4: ei mit\u00e4\u00e4n<\/li>\n<li>Mahdollinen numeroyhdistelm\u00e4 j\u00e4ttipotin voittoa varten: 1: 175.223.510<\/li>\n<li>Mahdollinen numeroyhdistelm\u00e4 tason 2 voittoa varten: 1: 5.006.386<\/li>\n<li>Todenn\u00e4k\u00f6isyys voittaa mill\u00e4 tahansa tasolla: 1:24,87.<\/li>\n<li>Kuinka monta palkintotasoa: 9<\/li>\n<\/ul>\n<p>Vain v\u00e4h\u00e4n aikaa sitten, 13. helmikuuta 2016, kolme onnekasta pelaajaa voitti Yhdysvaltain lottohistorian suurimman lottoj\u00e4ttipotin. Uskomattoman suuren, yhteens\u00e4 1,5 miljardin Yhdysvaltain dollarin suuruisen j\u00e4ttipotin my\u00f6t\u00e4 lottofanit ymp\u00e4ri Yhdysvaltoja viettiv\u00e4t tuntikausia jonottaen lippua. Mutta ent\u00e4 suomalaiset lottopelaajat? Ovatko he j\u00e4\u00e4neet pois Powerball-lipun hankkimisesta, elleiv\u00e4t he itse asiassa olleet tuolloin Yhdysvalloissa? Ei, eiv\u00e4t olleet &#8211; jos he olisivat tienneet, ett\u00e4 Powerball- tai Mega Millions -lottoa voi oikeasti pelata Suomesta k\u00e4sin!<\/p>\n<h2>Powerball-lippujen ostamisen edut verkossa<\/h2>\n<p>T\u00e4m\u00e4n lottokuponkien nettil\u00e4hetyspalvelun kautta voit ostaa lippuja yli 20:een maailman suurimpaan lottoon. Vaikka asuisitkin Suomessa, voit valita muissa maissa arvottavat lotot. Tietenkin, jos et asu Suomessa, mutta haluat hankkia lipun Suomen lottoon, sekin on mahdollista tehd\u00e4 verkossa!<\/p>\n<h2>Onko Powerball-arpojen ostaminen netist\u00e4 laillista?<\/h2>\n<p><img loading=\"lazy\" decoding=\"async\" class=\"size-medium wp-image-1356 alignright\" src=\"https:\/\/onlinelotto365.com\/wp-content\/uploads\/2020\/11\/online_lottery-117-300x217.jpg\" alt=\"pelata Powerball verkossa\" width=\"300\" height=\"217\" \/><br \/>\nOn t\u00e4rke\u00e4\u00e4 tiet\u00e4\u00e4, ett\u00e4 kyseess\u00e4 on laillinen ja luotettava lipunl\u00e4hetyspalvelu. Kun ostat lottokupongin netist\u00e4, saat sopimuksen itse loton kanssa &#8211; mik\u00e4 takaa, ett\u00e4 mahdollisesti voittamasi rahat tulevat heilt\u00e4!<\/p>\n<h2>Miten minulle maksetaan, jos voitan Powerballin verkossa?<\/h2>\n<p>Jos voitat, maksumenettely riippuu voittamastasi summasta. Pienemm\u00e4t, alle 2500 euron summat hyvitet\u00e4\u00e4n nettitilillesi. Voit joko nostaa rahat k\u00e4teiseksi tai k\u00e4ytt\u00e4\u00e4 ne ostaaksesi lis\u00e4\u00e4 nettilottokuponkeja. Jos voitat suuremman summan, l\u00e4het\u00e4mme sinulle lomakkeen, joka sinun on t\u00e4ytett\u00e4v\u00e4 ja l\u00e4hetett\u00e4v\u00e4 s\u00e4hk\u00f6postitse takaisin meille. Sitten l\u00e4het\u00e4mme lomakkeen lottokomissiolle, joka maksaa sinulle. T\u00e4m\u00e4 palvelu on sinulle maksuton.<\/p>\n<p>Jos voitat Powerballin j\u00e4ttipotin nettilipulla, sinun on teht\u00e4v\u00e4 valinta. Voit joko saada kertakorvauksen, joka on pienempi kuin todellinen j\u00e4ttipotti, tai voit saada maksun 30 vuotuisessa er\u00e4ss\u00e4 korkoineen.<\/p>\n","protected":false},"excerpt":{"rendered":"<p>On selv\u00e4\u00e4, ett\u00e4 internetin avulla voit hankkia lipun Yhdysvaltain suuriin arpajaisiin verkossa. Sinun ei tarvitse asua Yhdysvalloissa voidaksesi osallistua ja saadaksesi mahdollisuuden voittaa n\u00e4m\u00e4 uskomattomat j\u00e4ttipotit. Voit ostaa lippusi Suomesta k\u00e4sin verkkopalvelumme avulla. Voit ensin rekister\u00f6id\u00e4 tilin meille ja sitten valita mink\u00e4 tahansa arpajaistamme ja valita numerosi. Tai voit vain tarkistaa arpajaiset ensin ja luoda [&hellip;]<\/p>\n","protected":false},"author":1,"featured_media":0,"parent":5577,"menu_order":0,"comment_status":"closed","ping_status":"closed","template":"powerball-usa-info.php","meta":{"_et_pb_use_builder":"","_et_pb_old_content":"","_et_gb_content_width":"","exclude_from_search":false,"footnotes":""},"class_list":["post-10273","page","type-page","status-publish","hentry"],"yoast_head":"<!-- This site is optimized with the Yoast SEO plugin v23.4 - https:\/\/yoast.com\/wordpress\/plugins\/seo\/ -->\n<title>Osta lippuja Powerballiin netist\u00e4 Suomesta | Tietoa Powerballista, miten ostaa lippuja netist\u00e4<\/title>\n<meta name=\"description\" content=\"Kuuluisan Powerball-arpajaisten lippujen ostaminen on nyt helppoa, hanki liput netist\u00e4 Suomesta ja muualta maailmasta\" \/>\n<meta name=\"robots\" content=\"index, follow, max-snippet:-1, max-image-preview:large, max-video-preview:-1\" \/>\n<link rel=\"canonical\" href=\"https:\/\/onlinelotto365.com\/fi\/osta-lippuja\/powerball\/\" \/>\n<meta property=\"og:locale\" content=\"fi_FI\" \/>\n<meta property=\"og:type\" content=\"article\" \/>\n<meta property=\"og:title\" content=\"Osta lippuja Powerballiin netist\u00e4 Suomesta | Tietoa Powerballista, miten ostaa lippuja netist\u00e4\" \/>\n<meta property=\"og:description\" content=\"Kuuluisan Powerball-arpajaisten lippujen ostaminen on nyt helppoa, hanki liput netist\u00e4 Suomesta ja muualta maailmasta\" \/>\n<meta property=\"og:url\" content=\"https:\/\/onlinelotto365.com\/fi\/osta-lippuja\/powerball\/\" \/>\n<meta property=\"og:site_name\" content=\"OnlineLotto365\" \/>\n<meta property=\"article:modified_time\" content=\"2022-11-10T08:53:46+00:00\" \/>\n<meta property=\"og:image\" content=\"https:\/\/redfoxlotto.com\/image?size=8&amp;lottery=powerball\" \/>\n<meta name=\"twitter:card\" content=\"summary_large_image\" \/>\n<meta name=\"twitter:label1\" content=\"Arvioitu lukuaika\" \/>\n\t<meta name=\"twitter:data1\" content=\"3 minuuttia\" \/>\n<script type=\"application\/ld+json\" class=\"yoast-schema-graph\">{\"@context\":\"https:\/\/schema.org\",\"@graph\":[{\"@type\":\"WebPage\",\"@id\":\"https:\/\/onlinelotto365.com\/fi\/osta-lippuja\/powerball\/\",\"url\":\"https:\/\/onlinelotto365.com\/fi\/osta-lippuja\/powerball\/\",\"name\":\"Osta lippuja Powerballiin netist\u00e4 Suomesta | Tietoa Powerballista, miten ostaa lippuja netist\u00e4\",\"isPartOf\":{\"@id\":\"https:\/\/onlinelotto365.com\/fi\/#website\"},\"primaryImageOfPage\":{\"@id\":\"https:\/\/onlinelotto365.com\/fi\/osta-lippuja\/powerball\/#primaryimage\"},\"image\":{\"@id\":\"https:\/\/onlinelotto365.com\/fi\/osta-lippuja\/powerball\/#primaryimage\"},\"thumbnailUrl\":\"https:\/\/redfoxlotto.com\/image?size=8&amp;lottery=powerball\",\"datePublished\":\"2020-12-16T17:33:04+00:00\",\"dateModified\":\"2022-11-10T08:53:46+00:00\",\"description\":\"Kuuluisan Powerball-arpajaisten lippujen ostaminen on nyt helppoa, hanki liput netist\u00e4 Suomesta ja muualta maailmasta\",\"breadcrumb\":{\"@id\":\"https:\/\/onlinelotto365.com\/fi\/osta-lippuja\/powerball\/#breadcrumb\"},\"inLanguage\":\"fi\",\"potentialAction\":[{\"@type\":\"ReadAction\",\"target\":[\"https:\/\/onlinelotto365.com\/fi\/osta-lippuja\/powerball\/\"]}]},{\"@type\":\"ImageObject\",\"inLanguage\":\"fi\",\"@id\":\"https:\/\/onlinelotto365.com\/fi\/osta-lippuja\/powerball\/#primaryimage\",\"url\":\"https:\/\/redfoxlotto.com\/image?size=8&amp;lottery=powerball\",\"contentUrl\":\"https:\/\/redfoxlotto.com\/image?size=8&amp;lottery=powerball\"},{\"@type\":\"BreadcrumbList\",\"@id\":\"https:\/\/onlinelotto365.com\/fi\/osta-lippuja\/powerball\/#breadcrumb\",\"itemListElement\":[{\"@type\":\"ListItem\",\"position\":1,\"name\":\"Home\",\"item\":\"https:\/\/onlinelotto365.com\/fi\/\"},{\"@type\":\"ListItem\",\"position\":2,\"name\":\"Osta Lottoarpoja Verkosta\",\"item\":\"https:\/\/onlinelotto365.com\/fi\/osta-lippuja\/\"},{\"@type\":\"ListItem\",\"position\":3,\"name\":\"Miten ostaa Powerball-lippuja netist\u00e4 Suomesta\"}]},{\"@type\":\"WebSite\",\"@id\":\"https:\/\/onlinelotto365.com\/fi\/#website\",\"url\":\"https:\/\/onlinelotto365.com\/fi\/\",\"name\":\"OnlineLotto365\",\"description\":\"\",\"potentialAction\":[{\"@type\":\"SearchAction\",\"target\":{\"@type\":\"EntryPoint\",\"urlTemplate\":\"https:\/\/onlinelotto365.com\/fi\/?s={search_term_string}\"},\"query-input\":{\"@type\":\"PropertyValueSpecification\",\"valueRequired\":true,\"valueName\":\"search_term_string\"}}],\"inLanguage\":\"fi\"}]}<\/script>\n<!-- \/ Yoast SEO plugin. -->","yoast_head_json":{"title":"Osta lippuja Powerballiin netist\u00e4 Suomesta | Tietoa Powerballista, miten ostaa lippuja netist\u00e4","description":"Kuuluisan Powerball-arpajaisten lippujen ostaminen on nyt helppoa, hanki liput netist\u00e4 Suomesta ja muualta maailmasta","robots":{"index":"index","follow":"follow","max-snippet":"max-snippet:-1","max-image-preview":"max-image-preview:large","max-video-preview":"max-video-preview:-1"},"canonical":"https:\/\/onlinelotto365.com\/fi\/osta-lippuja\/powerball\/","og_locale":"fi_FI","og_type":"article","og_title":"Osta lippuja Powerballiin netist\u00e4 Suomesta | Tietoa Powerballista, miten ostaa lippuja netist\u00e4","og_description":"Kuuluisan Powerball-arpajaisten lippujen ostaminen on nyt helppoa, hanki liput netist\u00e4 Suomesta ja muualta maailmasta","og_url":"https:\/\/onlinelotto365.com\/fi\/osta-lippuja\/powerball\/","og_site_name":"OnlineLotto365","article_modified_time":"2022-11-10T08:53:46+00:00","og_image":[{"url":"https:\/\/redfoxlotto.com\/image?size=8&amp;lottery=powerball"}],"twitter_card":"summary_large_image","twitter_misc":{"Arvioitu lukuaika":"3 minuuttia"},"schema":{"@context":"https:\/\/schema.org","@graph":[{"@type":"WebPage","@id":"https:\/\/onlinelotto365.com\/fi\/osta-lippuja\/powerball\/","url":"https:\/\/onlinelotto365.com\/fi\/osta-lippuja\/powerball\/","name":"Osta lippuja Powerballiin netist\u00e4 Suomesta | Tietoa Powerballista, miten ostaa lippuja netist\u00e4","isPartOf":{"@id":"https:\/\/onlinelotto365.com\/fi\/#website"},"primaryImageOfPage":{"@id":"https:\/\/onlinelotto365.com\/fi\/osta-lippuja\/powerball\/#primaryimage"},"image":{"@id":"https:\/\/onlinelotto365.com\/fi\/osta-lippuja\/powerball\/#primaryimage"},"thumbnailUrl":"https:\/\/redfoxlotto.com\/image?size=8&amp;lottery=powerball","datePublished":"2020-12-16T17:33:04+00:00","dateModified":"2022-11-10T08:53:46+00:00","description":"Kuuluisan Powerball-arpajaisten lippujen ostaminen on nyt helppoa, hanki liput netist\u00e4 Suomesta ja muualta maailmasta","breadcrumb":{"@id":"https:\/\/onlinelotto365.com\/fi\/osta-lippuja\/powerball\/#breadcrumb"},"inLanguage":"fi","potentialAction":[{"@type":"ReadAction","target":["https:\/\/onlinelotto365.com\/fi\/osta-lippuja\/powerball\/"]}]},{"@type":"ImageObject","inLanguage":"fi","@id":"https:\/\/onlinelotto365.com\/fi\/osta-lippuja\/powerball\/#primaryimage","url":"https:\/\/redfoxlotto.com\/image?size=8&amp;lottery=powerball","contentUrl":"https:\/\/redfoxlotto.com\/image?size=8&amp;lottery=powerball"},{"@type":"BreadcrumbList","@id":"https:\/\/onlinelotto365.com\/fi\/osta-lippuja\/powerball\/#breadcrumb","itemListElement":[{"@type":"ListItem","position":1,"name":"Home","item":"https:\/\/onlinelotto365.com\/fi\/"},{"@type":"ListItem","position":2,"name":"Osta Lottoarpoja Verkosta","item":"https:\/\/onlinelotto365.com\/fi\/osta-lippuja\/"},{"@type":"ListItem","position":3,"name":"Miten ostaa Powerball-lippuja netist\u00e4 Suomesta"}]},{"@type":"WebSite","@id":"https:\/\/onlinelotto365.com\/fi\/#website","url":"https:\/\/onlinelotto365.com\/fi\/","name":"OnlineLotto365","description":"","potentialAction":[{"@type":"SearchAction","target":{"@type":"EntryPoint","urlTemplate":"https:\/\/onlinelotto365.com\/fi\/?s={search_term_string}"},"query-input":{"@type":"PropertyValueSpecification","valueRequired":true,"valueName":"search_term_string"}}],"inLanguage":"fi"}]}},"_links":{"self":[{"href":"https:\/\/onlinelotto365.com\/fi\/wp-json\/wp\/v2\/pages\/10273","targetHints":{"allow":["GET"]}}],"collection":[{"href":"https:\/\/onlinelotto365.com\/fi\/wp-json\/wp\/v2\/pages"}],"about":[{"href":"https:\/\/onlinelotto365.com\/fi\/wp-json\/wp\/v2\/types\/page"}],"author":[{"embeddable":true,"href":"https:\/\/onlinelotto365.com\/fi\/wp-json\/wp\/v2\/users\/1"}],"replies":[{"embeddable":true,"href":"https:\/\/onlinelotto365.com\/fi\/wp-json\/wp\/v2\/comments?post=10273"}],"version-history":[{"count":0,"href":"https:\/\/onlinelotto365.com\/fi\/wp-json\/wp\/v2\/pages\/10273\/revisions"}],"up":[{"embeddable":true,"href":"https:\/\/onlinelotto365.com\/fi\/wp-json\/wp\/v2\/pages\/5577"}],"wp:attachment":[{"href":"https:\/\/onlinelotto365.com\/fi\/wp-json\/wp\/v2\/media?parent=10273"}],"curies":[{"name":"wp","href":"https:\/\/api.w.org\/{rel}","templated":true}]}}