{"id":10275,"date":"2020-12-16T18:34:35","date_gmt":"2020-12-16T17:34:35","guid":{"rendered":"http:\/\/onlinelotto365.net\/?page_id=10275"},"modified":"2021-02-24T10:48:55","modified_gmt":"2021-02-24T09:48:55","slug":"mega-millions","status":"publish","type":"page","link":"https:\/\/onlinelotto365.com\/fi\/osta-lippuja\/mega-millions\/","title":{"rendered":"Mega Millions on yksi planeetan parhaista arpajaisista"},"content":{"rendered":"<h2>Mega Millions Lottoa Ei Kutsuta Sill\u00e4 Nimell\u00e4 Turhaan<\/h2>\n<p>Mega Millions alkaa pienemm\u00e4ll\u00e4 p\u00e4\u00e4potilla kuin sen sisko mega U.S. lottery Powerball, mutta p\u00e4\u00e4voitto t\u00e4ss\u00e4 peliss\u00e4 voi kasvaa uskomattoman suureksi, se pit\u00e4\u00e4 puolensa mihin tahansa maailman suurimpiin mega lottoihin verrattuna.<br \/>\n<a href=\"https:\/\/redfoxlotto.com\/play\/mega-millions\/?ref=a8564250a2&amp;medium=ol365\" target=\"_blank\" rel=\"noopener noreferrer\"><img decoding=\"async\" class=\"aligncenter\" src=\"https:\/\/redfoxlotto.com\/image?size=8&amp;lottery=mega-millions\" alt=\"mega millions\" \/><\/a><\/p>\n<p>Mega Millions pit\u00e4\u00e4 itse asiassa hallussaan enn\u00e4tyst\u00e4 suurimmasta p\u00e4\u00e4potista koskaan USA:ssa, joka tuli maaliskuussa 2012 kolmen eritt\u00e4in onnekkaan voittaessa ja jakaessa 656$ miljoonan p\u00e4\u00e4potin. Mega Millions on my\u00f6s maksanut kolmen suurimman p\u00e4\u00e4potin USA:n historiassa ja sen p\u00e4\u00e4potit yleens\u00e4 on huippuluokkaa maailman lotoissa.<\/p>\n<p><a href=\"https:\/\/redfoxlotto.com\/fi\/?ref=A8564250A2&amp;campaign=ol\" target=\"_blank\" rel=\"noopener\"><span style=\"text-decoration: underline;\"><strong>T\u00e4ss\u00e4 on linkki verkkosivuille, josta voit ostaa arpoja Mega Millions lottoon!<\/strong><\/span><\/a><\/p>\n<h2>Mega Millions -info<\/h2>\n<ul>\n<li>Lis\u00e4tietoja Mega Millionsista<\/li>\n<li>Arpajaiset j\u00e4rjestet\u00e4\u00e4n paikassa: USA<\/li>\n<li>Kuinka monta p\u00e4\u00e4numeroa valita: 70<\/li>\n<li>Sinun on valittava: 5<\/li>\n<li>Kuinka monta ylim\u00e4\u00e4r\u00e4ist\u00e4 numeroa valita: 25<\/li>\n<li>Sinun on valittava: 1<\/li>\n<li>Piirr\u00e4 p\u00e4iv\u00e4t, ajat: tiistai, perjantai, 21:00 EST, +1 p\u00e4iv\u00e4 3:00 CET<\/li>\n<li>Minimi j\u00e4ttipotti: 40 miljoonaa dollaria<\/li>\n<li>Jackpotin enimm\u00e4ism\u00e4\u00e4r\u00e4: ei mit\u00e4\u00e4n<\/li>\n<li>Mahdollinen numeroyhdistelm\u00e4 jackpot-voittoon: 1 175,711,536: ssa<\/li>\n<li>Mahdollinen numeroiden yhdistelm\u00e4 toisen tason voitossa: 1 3.819.816: ssa<\/li>\n<li>Todenn\u00e4k\u00f6isyys voittaa miss\u00e4 tahansa tasossa: 1 24,12<\/li>\n<li>Kuinka monta palkintotasoa: 9<\/li>\n<\/ul>\n<h2>Mega Millions Formaatti<\/h2>\n<p>Mega Millions j\u00e4rjest\u00e4\u00e4 kaksi arvontaa viikossa, tiistaisin ja perjantaisin. Kuten Powerballissa, pelaaja valitsee 5 p\u00e4\u00e4numeroa, mutta Mega Millions lotossa on vain 56 palloa (numeroa), joista valita kun taas Powerball lotossa on 59 ja se antaa hieman paremman mahdollisuuden voittaa.<\/p>\n<p>T\u00e4ss\u00e4 lotossa on my\u00f6s lis\u00e4pallo, jota kutsutaan Mega Ball -nimell\u00e4 ja se valitaan 46 numeron joukosta. Jos saat kaikki 5 tavallista numeroa oikein plus Mega Ball -numeron, olet voittanut massiivisen p\u00e4\u00e4voiton, jonka Mega Millions aina tarjoaa.<br \/>\n<img loading=\"lazy\" decoding=\"async\" class=\" wp-image-1785 alignright\" src=\"https:\/\/onlinelotto365.com\/wp-content\/uploads\/2020\/11\/online_lottery-159-300x300.jpg\" alt=\"osta miljoonia verkossa\" width=\"204\" height=\"204\" \/><\/p>\n<p>Jos yht\u00e4\u00e4n p\u00e4\u00e4voiton voittajaa ei l\u00f6ydy, p\u00e4\u00e4voitto kasvaa kunnes joku sen voittaa, samoin kuin kaikissa muissakin lotoissa. Se lis\u00e4\u00e4 j\u00e4nnityst\u00e4 ja innostusta, sen lis\u00e4ksi, ett\u00e4 loton arvo nousee aina kun p\u00e4\u00e4potti kasvaa. Sen pelaaminen maksaa kuitenkin aina saman verran, mutta mit\u00e4 enemm\u00e4n rahaa on voitettavana, sit\u00e4 parempi diili sen on sinulle.<\/p>\n<p>Se on yksi syy miksi niin moni henkil\u00f6 pelaa enemm\u00e4n silloin kun p\u00e4\u00e4potti nousee t\u00e4htitieteelliseksi. Toinen syy on tietenkin se, ett\u00e4 suurimpia potteja on paljon j\u00e4nnitt\u00e4v\u00e4mpi pelata. Siit\u00e4 syyst\u00e4 lotot kuten Mega Millions ja Powerball varmistavat, ett\u00e4 my\u00f6s pienin p\u00e4\u00e4voitto on suuri, jotta pelaajien ei tarvitse odottaa sit\u00e4 j\u00e4nnityst\u00e4, mit\u00e4 suuret lotot ja p\u00e4\u00e4potit tuovat tullessaan.<\/p>\n<h2>Voit Nyt Ostaa Mega Millions Lotto Arpoja Verkosta<\/h2>\n<p>En\u00e4\u00e4 sinun ei tarvitse l\u00e4hte\u00e4 ulos ostaaksesi lottoarpoja Mega Millions lottoon. Kiitos internetin k\u00e4yt\u00e4nn\u00f6llisyydelle, voit nyt ostaa yksinkertaisesti niin monta arpaa verkosta Mega Millionsiin kuin haluat, milloin tahansa, suoraan tietokoneeltasi.<\/p>\n<p>Sinun ei tarvitse asua Yhdysvalloissa en\u00e4\u00e4, koska mink\u00e4 tahansa maan asukkaat voivat k\u00e4ytt\u00e4\u00e4 hy\u00f6dyksi t\u00e4t\u00e4 mahtavaa palvelua. Vuosikausien ajan loton pelaajien on t\u00e4ytynyt pelata ainoastaan paikallisia lottoja, mutta kun internet on avannut koko maailman meille, on todellakin tullut aika ja tarve my\u00f6s t\u00e4llaiselle palvelulle.<\/p>\n<p>RedFoxLotto tarjoaa mahdollisuuden ostaa arpoja Mega Millions lottoon, mutta my\u00f6s kaikkiin muihin suurimpiin ja j\u00e4nnitt\u00e4vimpiin lottoihin maailmassa. Sinun tarvitsee vain luoda ilmainen k\u00e4ytt\u00e4j\u00e4tili, valita mit\u00e4 lottoja haluat pelata, valita numerot tai antaa tietokoneen valita ne puolestasi, maksaa arpaliput jollakin monista k\u00e4yt\u00e4nn\u00f6llisist\u00e4 maksutavoista ja sen j\u00e4lkeen olet osallistunut peliin.<\/p>\n<h2>RedFoxLotto Huolehtii Jokaisesta Vaiheesta Matkalla<\/h2>\n<p>Kun olet ostanut arpasi valitsemiisi lottoihin, RedFoxLotto ostaa puolestasi arvat, joissa lukee oma nimesi ja sen j\u00e4lkeen s\u00e4ilytt\u00e4\u00e4 arpalippuja puolestasi turvassa, mutta my\u00f6s l\u00e4hett\u00e4\u00e4 s\u00e4hk\u00f6postitse niist\u00e4 skannatut kopiot sinulle.<\/p>\n<p>Sinun ei tarvitse edes pit\u00e4\u00e4 lukua arvonnoista tai voittonumeroista, koska RedFoxLotto tekee kaiken sen puolestasi. Vaikka on ehdottomasti suuri osa j\u00e4nnityst\u00e4 tarkistaa itse omat numeronsa, ei sit\u00e4k\u00e4\u00e4n tarvitse tehd\u00e4, koska palvelu kertoo sinulle jos voitat ja paljonko olet voittanut.<\/p>\n<p>Kun olet voittanut, RedFoxLotto auttaa my\u00f6s lunastamaan voittosi. Jos kyseess\u00e4 on pienempi summa, ei sinun tarvitse tehd\u00e4 mit\u00e4\u00e4n (jos et halua) ja he tallentavat voittosi suoraan k\u00e4ytt\u00e4j\u00e4tilillesi. Suurempien voittojen yhteydess\u00e4 he auttavat t\u00e4ytt\u00e4m\u00e4\u00e4n tarvittavat paperit ja valtavan suurien voittojen kohdalla voit joutua tekem\u00e4\u00e4n matkan lunastaaksesi voiton, mutta se tuskin haittaa siin\u00e4 tilanteessa.<\/p>\n<h2>Tuleeko Sinusta Suuri Mega Millions Voittaja?<\/h2>\n<p>On vain yksi keino selvitt\u00e4\u00e4 asia ja se hoituu pelaamalla Mega Millions lottoa verkossa, kuten mit\u00e4 tahansa muutakin suurta lottoa, jota haluat pelata. Pieni voitonmahdollisuus on riitt\u00e4v\u00e4n suuri syy pelata. Jos et pelaa, et voi voittaa. Jos pelaat, kuka tiet\u00e4\u00e4 mit\u00e4 tapahtuu?<\/p>\n<p>Jos et ole pelannut Mega Millions lottoa ennen, kuka todella tiet\u00e4\u00e4 paljonko rahaa olisit voinut jo voittaa, jos olisit pelannut kaiken aikaa? Ei ole oikea aika mietti\u00e4 sit\u00e4 enemp\u00e4\u00e4. Pallo on nyt itsell\u00e4si ja kun arpojen ostaminen verkosta on nyt niin helppoa, ei ole ihme, ett\u00e4 niin monet ovat innoissaan t\u00e4st\u00e4 mahdollisuudesta.<\/p>\n","protected":false},"excerpt":{"rendered":"<p>Mega Millions Lottoa Ei Kutsuta Sill\u00e4 Nimell\u00e4 Turhaan Mega Millions alkaa pienemm\u00e4ll\u00e4 p\u00e4\u00e4potilla kuin sen sisko mega U.S. lottery Powerball, mutta p\u00e4\u00e4voitto t\u00e4ss\u00e4 peliss\u00e4 voi kasvaa uskomattoman suureksi, se pit\u00e4\u00e4 puolensa mihin tahansa maailman suurimpiin mega lottoihin verrattuna. Mega Millions pit\u00e4\u00e4 itse asiassa hallussaan enn\u00e4tyst\u00e4 suurimmasta p\u00e4\u00e4potista koskaan USA:ssa, joka tuli maaliskuussa 2012 kolmen eritt\u00e4in [&hellip;]<\/p>\n","protected":false},"author":1,"featured_media":0,"parent":5577,"menu_order":2,"comment_status":"closed","ping_status":"closed","template":"megamillion-info.php","meta":{"_et_pb_use_builder":"","_et_pb_old_content":"","_et_gb_content_width":"","exclude_from_search":false,"footnotes":""},"class_list":["post-10275","page","type-page","status-publish","hentry"],"yoast_head":"<!-- This site is optimized with the Yoast SEO plugin v23.4 - https:\/\/yoast.com\/wordpress\/plugins\/seo\/ -->\n<title>Mega Millions Lotto Verkossa | Osta arpa Mega Millions lottoon heti<\/title>\n<meta name=\"description\" content=\"Mega Millions Lotto nyt tarttumassa suomalaisille - osta laillisia Mega Millions -lippuja t\u00e4\u00e4lt\u00e4\" \/>\n<meta name=\"robots\" content=\"index, follow, max-snippet:-1, max-image-preview:large, max-video-preview:-1\" \/>\n<link rel=\"canonical\" href=\"https:\/\/onlinelotto365.com\/fi\/osta-lippuja\/mega-millions\/\" \/>\n<meta property=\"og:locale\" content=\"fi_FI\" \/>\n<meta property=\"og:type\" content=\"article\" \/>\n<meta property=\"og:title\" content=\"Mega Millions Lotto Verkossa | Osta arpa Mega Millions lottoon heti\" \/>\n<meta property=\"og:description\" content=\"Mega Millions Lotto nyt tarttumassa suomalaisille - osta laillisia Mega Millions -lippuja t\u00e4\u00e4lt\u00e4\" \/>\n<meta property=\"og:url\" content=\"https:\/\/onlinelotto365.com\/fi\/osta-lippuja\/mega-millions\/\" \/>\n<meta property=\"og:site_name\" content=\"OnlineLotto365\" \/>\n<meta property=\"article:modified_time\" content=\"2021-02-24T09:48:55+00:00\" \/>\n<meta property=\"og:image\" content=\"https:\/\/redfoxlotto.com\/image?size=8&amp;lottery=mega-millions\" \/>\n<meta name=\"twitter:card\" content=\"summary_large_image\" \/>\n<meta name=\"twitter:label1\" content=\"Arvioitu lukuaika\" \/>\n\t<meta name=\"twitter:data1\" content=\"4 minuuttia\" \/>\n<script type=\"application\/ld+json\" class=\"yoast-schema-graph\">{\"@context\":\"https:\/\/schema.org\",\"@graph\":[{\"@type\":\"WebPage\",\"@id\":\"https:\/\/onlinelotto365.com\/fi\/osta-lippuja\/mega-millions\/\",\"url\":\"https:\/\/onlinelotto365.com\/fi\/osta-lippuja\/mega-millions\/\",\"name\":\"Mega Millions Lotto Verkossa | Osta arpa Mega Millions lottoon heti\",\"isPartOf\":{\"@id\":\"https:\/\/onlinelotto365.com\/fi\/#website\"},\"primaryImageOfPage\":{\"@id\":\"https:\/\/onlinelotto365.com\/fi\/osta-lippuja\/mega-millions\/#primaryimage\"},\"image\":{\"@id\":\"https:\/\/onlinelotto365.com\/fi\/osta-lippuja\/mega-millions\/#primaryimage\"},\"thumbnailUrl\":\"https:\/\/redfoxlotto.com\/image?size=8&amp;lottery=mega-millions\",\"datePublished\":\"2020-12-16T17:34:35+00:00\",\"dateModified\":\"2021-02-24T09:48:55+00:00\",\"description\":\"Mega Millions Lotto nyt tarttumassa suomalaisille - osta laillisia Mega Millions -lippuja t\u00e4\u00e4lt\u00e4\",\"breadcrumb\":{\"@id\":\"https:\/\/onlinelotto365.com\/fi\/osta-lippuja\/mega-millions\/#breadcrumb\"},\"inLanguage\":\"fi\",\"potentialAction\":[{\"@type\":\"ReadAction\",\"target\":[\"https:\/\/onlinelotto365.com\/fi\/osta-lippuja\/mega-millions\/\"]}]},{\"@type\":\"ImageObject\",\"inLanguage\":\"fi\",\"@id\":\"https:\/\/onlinelotto365.com\/fi\/osta-lippuja\/mega-millions\/#primaryimage\",\"url\":\"https:\/\/redfoxlotto.com\/image?size=8&amp;lottery=mega-millions\",\"contentUrl\":\"https:\/\/redfoxlotto.com\/image?size=8&amp;lottery=mega-millions\"},{\"@type\":\"BreadcrumbList\",\"@id\":\"https:\/\/onlinelotto365.com\/fi\/osta-lippuja\/mega-millions\/#breadcrumb\",\"itemListElement\":[{\"@type\":\"ListItem\",\"position\":1,\"name\":\"Home\",\"item\":\"https:\/\/onlinelotto365.com\/fi\/\"},{\"@type\":\"ListItem\",\"position\":2,\"name\":\"Osta Lottoarpoja Verkosta\",\"item\":\"https:\/\/onlinelotto365.com\/fi\/osta-lippuja\/\"},{\"@type\":\"ListItem\",\"position\":3,\"name\":\"Mega Millions on yksi planeetan parhaista arpajaisista\"}]},{\"@type\":\"WebSite\",\"@id\":\"https:\/\/onlinelotto365.com\/fi\/#website\",\"url\":\"https:\/\/onlinelotto365.com\/fi\/\",\"name\":\"OnlineLotto365\",\"description\":\"\",\"potentialAction\":[{\"@type\":\"SearchAction\",\"target\":{\"@type\":\"EntryPoint\",\"urlTemplate\":\"https:\/\/onlinelotto365.com\/fi\/?s={search_term_string}\"},\"query-input\":{\"@type\":\"PropertyValueSpecification\",\"valueRequired\":true,\"valueName\":\"search_term_string\"}}],\"inLanguage\":\"fi\"}]}<\/script>\n<!-- \/ Yoast SEO plugin. -->","yoast_head_json":{"title":"Mega Millions Lotto Verkossa | Osta arpa Mega Millions lottoon heti","description":"Mega Millions Lotto nyt tarttumassa suomalaisille - osta laillisia Mega Millions -lippuja t\u00e4\u00e4lt\u00e4","robots":{"index":"index","follow":"follow","max-snippet":"max-snippet:-1","max-image-preview":"max-image-preview:large","max-video-preview":"max-video-preview:-1"},"canonical":"https:\/\/onlinelotto365.com\/fi\/osta-lippuja\/mega-millions\/","og_locale":"fi_FI","og_type":"article","og_title":"Mega Millions Lotto Verkossa | Osta arpa Mega Millions lottoon heti","og_description":"Mega Millions Lotto nyt tarttumassa suomalaisille - osta laillisia Mega Millions -lippuja t\u00e4\u00e4lt\u00e4","og_url":"https:\/\/onlinelotto365.com\/fi\/osta-lippuja\/mega-millions\/","og_site_name":"OnlineLotto365","article_modified_time":"2021-02-24T09:48:55+00:00","og_image":[{"url":"https:\/\/redfoxlotto.com\/image?size=8&amp;lottery=mega-millions"}],"twitter_card":"summary_large_image","twitter_misc":{"Arvioitu lukuaika":"4 minuuttia"},"schema":{"@context":"https:\/\/schema.org","@graph":[{"@type":"WebPage","@id":"https:\/\/onlinelotto365.com\/fi\/osta-lippuja\/mega-millions\/","url":"https:\/\/onlinelotto365.com\/fi\/osta-lippuja\/mega-millions\/","name":"Mega Millions Lotto Verkossa | Osta arpa Mega Millions lottoon heti","isPartOf":{"@id":"https:\/\/onlinelotto365.com\/fi\/#website"},"primaryImageOfPage":{"@id":"https:\/\/onlinelotto365.com\/fi\/osta-lippuja\/mega-millions\/#primaryimage"},"image":{"@id":"https:\/\/onlinelotto365.com\/fi\/osta-lippuja\/mega-millions\/#primaryimage"},"thumbnailUrl":"https:\/\/redfoxlotto.com\/image?size=8&amp;lottery=mega-millions","datePublished":"2020-12-16T17:34:35+00:00","dateModified":"2021-02-24T09:48:55+00:00","description":"Mega Millions Lotto nyt tarttumassa suomalaisille - osta laillisia Mega Millions -lippuja t\u00e4\u00e4lt\u00e4","breadcrumb":{"@id":"https:\/\/onlinelotto365.com\/fi\/osta-lippuja\/mega-millions\/#breadcrumb"},"inLanguage":"fi","potentialAction":[{"@type":"ReadAction","target":["https:\/\/onlinelotto365.com\/fi\/osta-lippuja\/mega-millions\/"]}]},{"@type":"ImageObject","inLanguage":"fi","@id":"https:\/\/onlinelotto365.com\/fi\/osta-lippuja\/mega-millions\/#primaryimage","url":"https:\/\/redfoxlotto.com\/image?size=8&amp;lottery=mega-millions","contentUrl":"https:\/\/redfoxlotto.com\/image?size=8&amp;lottery=mega-millions"},{"@type":"BreadcrumbList","@id":"https:\/\/onlinelotto365.com\/fi\/osta-lippuja\/mega-millions\/#breadcrumb","itemListElement":[{"@type":"ListItem","position":1,"name":"Home","item":"https:\/\/onlinelotto365.com\/fi\/"},{"@type":"ListItem","position":2,"name":"Osta Lottoarpoja Verkosta","item":"https:\/\/onlinelotto365.com\/fi\/osta-lippuja\/"},{"@type":"ListItem","position":3,"name":"Mega Millions on yksi planeetan parhaista arpajaisista"}]},{"@type":"WebSite","@id":"https:\/\/onlinelotto365.com\/fi\/#website","url":"https:\/\/onlinelotto365.com\/fi\/","name":"OnlineLotto365","description":"","potentialAction":[{"@type":"SearchAction","target":{"@type":"EntryPoint","urlTemplate":"https:\/\/onlinelotto365.com\/fi\/?s={search_term_string}"},"query-input":{"@type":"PropertyValueSpecification","valueRequired":true,"valueName":"search_term_string"}}],"inLanguage":"fi"}]}},"_links":{"self":[{"href":"https:\/\/onlinelotto365.com\/fi\/wp-json\/wp\/v2\/pages\/10275","targetHints":{"allow":["GET"]}}],"collection":[{"href":"https:\/\/onlinelotto365.com\/fi\/wp-json\/wp\/v2\/pages"}],"about":[{"href":"https:\/\/onlinelotto365.com\/fi\/wp-json\/wp\/v2\/types\/page"}],"author":[{"embeddable":true,"href":"https:\/\/onlinelotto365.com\/fi\/wp-json\/wp\/v2\/users\/1"}],"replies":[{"embeddable":true,"href":"https:\/\/onlinelotto365.com\/fi\/wp-json\/wp\/v2\/comments?post=10275"}],"version-history":[{"count":0,"href":"https:\/\/onlinelotto365.com\/fi\/wp-json\/wp\/v2\/pages\/10275\/revisions"}],"up":[{"embeddable":true,"href":"https:\/\/onlinelotto365.com\/fi\/wp-json\/wp\/v2\/pages\/5577"}],"wp:attachment":[{"href":"https:\/\/onlinelotto365.com\/fi\/wp-json\/wp\/v2\/media?parent=10275"}],"curies":[{"name":"wp","href":"https:\/\/api.w.org\/{rel}","templated":true}]}}