{"id":4475,"date":"2020-11-30T12:00:51","date_gmt":"2020-11-30T11:00:51","guid":{"rendered":"http:\/\/onlinelotto365.net\/tervetuloa-onlinelotto365-een"},"modified":"2023-10-04T09:13:04","modified_gmt":"2023-10-04T08:13:04","slug":"home","status":"publish","type":"page","link":"https:\/\/onlinelotto365.com\/fi\/","title":{"rendered":"Tervetuloa OnlineLotto365 -sivustolle!"},"content":{"rendered":"<p>Viime aikoihin asti me lottofanit olemme voineet pelata lottoa vain omalla maalla tai alueella. Kuulimme n\u00e4ist\u00e4 j\u00e4nnitt\u00e4vist\u00e4 j\u00e4ttipoteista muualla, joissa voittona oli kymmeni\u00e4 tai jopa satoja miljoonia dollareita tai euroja, ja toivoimme, ett\u00e4 voisimme asua paikassa, jossa voisi ostaa tikettej\u00e4 n\u00e4ihin suuriin lottopotteihin.<\/p>\n<p>Tied\u00e4n, ett\u00e4 sin\u00e4 olet toivonut p\u00e4\u00e4sev\u00e4si pelaamaan n\u00e4it\u00e4 yht\u00e4 usein kuin min\u00e4kin. Me emme ole onnistuneet pelaamaan, saatikaan voittamaan.<\/p>\n<p>No, se tulee muuttumaan. Nyt meid\u00e4n uuden nettilottotikettipalvelun kautta ei ole merkityst\u00e4 asutko siell\u00e4, miss\u00e4 lottoa pidet\u00e4\u00e4n vai et.<br \/>\n<a href=\"https:\/\/redfoxlotto.com\/?ref=a8564250a2&amp;medium=ol365\" target=\"_blank\" rel=\"noopener noreferrer\"><img loading=\"lazy\" decoding=\"async\" class=\"aligncenter\" src=\"https:\/\/redfoxlotto.com\/image?size=8&amp;lottery=mega-millions\" alt=\"Mega Millions\" width=\"728\" height=\"90\" \/><\/a><\/p>\n<h2>Tilaa lottotikettej\u00e4 netist\u00e4 nyt<\/h2>\n<p>Menneet ajat ovat menneet ja kuten tied\u00e4mme, internet on avannut maailman, jossa kaikki ja mit\u00e4 tahansa on saatavilla verkosta. Joten miksi et voisi osallistua jokaiseen isoon j\u00e4ttipottiin maailmalla? T\u00e4m\u00e4n idean odotusaika on ohi ja sen aika on nyt.<\/p>\n<p>Olemme tehneet p\u00e4\u00e4syn kaikkeen verkossa niin helpoksi kuin olemme osanneet. Sinun t\u00e4ytyy vain klikata yht\u00e4 lotoista saadaksesi v\u00e4litt\u00f6m\u00e4n p\u00e4\u00e4syn moniin j\u00e4ttipotteihin. Sen j\u00e4lkeen sinun t\u00e4ytyy vain seurata yksinkertaisia ohjeita, jotka sinulle annetaan, valitset numerot, ja ostat tikettisi.<\/p>\n<h2>Turvallinen maksu lottoon verkossa<\/h2>\n<p><img loading=\"lazy\" decoding=\"async\" class=\" wp-image-1840 alignright\" src=\"https:\/\/onlinelotto365.com\/wp-content\/uploads\/2023\/10\/online_lottery-164-300x250-1.jpg\" alt=\"lotto nettipalvelu\" width=\"250\" height=\"200\" \/><br \/>\nT\u00e4m\u00e4 uusi mahtava palvelu tarjoaa useita k\u00e4tevi\u00e4 verkkomaksuvaihtoehtoja 100% turvallisen maksuntarjoajan kautta. Kun olet ostanut tikettisi, he l\u00e4hett\u00e4v\u00e4t s\u00e4hk\u00f6postivahvistuksen sinulle ja n\u00e4et tikettisi asiakastilill\u00e4si. Me annamme my\u00f6s ilmaista apua voittojen lunastamiseen, mit\u00e4 tarvitset, sill\u00e4 et asu maassa, jossa lotto pidet\u00e4\u00e4n. Sinun ei tarvitse murehtia mist\u00e4\u00e4n, sill\u00e4 me pid\u00e4mme t\u00e4ysin asiakkaidemme puolia.<\/p>\n<h2>Mit\u00e4 suurempi j\u00e4ttipotti, sit\u00e4 paremmat mahdollisuudet<\/h2>\n<p>Ei ole salaisuus, ett\u00e4 pelattujen lottojen arvo nousee, kun j\u00e4ttipottikin nousee. Joten jos odotat, ett\u00e4 iso lotto maassasi kasvaa viel\u00e4 isommaksi, saatat joutua vain odottamaan. Toki, on todella hauskaa pelata my\u00f6s pienempi\u00e4 voittopotteja, mutta mik\u00e4\u00e4n ei ole niin j\u00e4nnitt\u00e4v\u00e4\u00e4 kuin isojen pottien pelaaminen verkossa. Ei ole vain hauskempaa kuvitella j\u00e4ttipotin voittamista, joita n\u00e4emme muiden tekev\u00e4n, mutta onni on puolellamme my\u00f6s isoissa poteissa.<\/p>\n<p>Nyt sinulla on p\u00e4\u00e4sy isoihin lottoihin kuten Yhdysvaltojen Powerball ja Mega Millions, Espanjan El Gordo, Italian Superenalotto, Euromillions, Eurojackpot, the British Lottery, useita Australian lottoja, ja paljon paljon muuta.<br \/>\nVaikka olisit satunnainen lottofani, miksi rajottaisit itse\u00e4si ostamaan vain niihin, joita voit ostaa l\u00e4hikioskilta, kun voit kasvattaa valikoimaasi koko maailmaan t\u00e4m\u00e4n mahtavan netitpalvelun kautta? Viel\u00e4 kerran, he tekev\u00e4t t\u00e4t\u00e4 meille maksusta, mutteiv\u00e4t v\u00e4henn\u00e4 mit\u00e4\u00e4n voitoista.<\/p>\n<h2>Historian suurimmat voitot<\/h2>\n<p>Alla on lista suurimmista voitetuista j\u00e4ttipoteista viime vuosina. Ei ole yll\u00e4tys, ett\u00e4 kaikki niist\u00e4 voitettiin Yhdysvalloissa. Yhdysvaltojen suuret Powerball ja Mega Millions -lotot tuovat valtavia voittoja s\u00e4\u00e4nn\u00f6llisesti. Ei ole siis yll\u00e4tt\u00e4v\u00e4\u00e4, ett\u00e4 useimmat nettiostot ovat Powerball ja Mega Millions -tikettej\u00e4.<\/p>\n<ul>\n<li>1568 miljoonaa dollaria, Powerball j\u00e4ttipotti voitettu 13.1.2016. T\u00e4m\u00e4 potti jaettiin 3 voittajan kesken.<\/li>\n<li>1537 miljoonaa dollaria, Mega Millions j\u00e4ttipotin voitti yksi pelaaja 23.10.2018.<\/li>\n<li>1000 miljoonaa dollaria, Mega Millions j\u00e4ttipotin voitti yksi pelaaja 22.1.2021.<\/li>\n<li>768 miljoonaa dollaria, Powerball -voitto 27.3.2019.<\/li>\n<li>758 miljoonaa dollaria, Powerball -voitto yhdelle pelaajalle elokuussa 2017.<\/li>\n<li>730 miljoonaa dollaria, Powerball -voitto yhdelle pelaajalle 20.1.2021.<\/li>\n<li>687 miljoonaa dollaria, jaettu kahdelle pelaajalle Powerball-voitosta 27.10.2018.<\/li>\n<li>656 miljoonaa dollaria, Mega Millions j\u00e4ttipotti jaettiin kolmelle pelaajalle maaliskuussa 2016.<\/li>\n<\/ul>\n<p>Nyt sinulla on mahdollisuus voittaa paljon n\u00e4ist\u00e4 lotoista. Valmistaudu maailman parhaimpiin lottotarjouksiin ja viel\u00e4 t\u00e4rke\u00e4mmin nosta mahdollisuuksiasi voittaa j\u00e4ttipotteja verkosta!<\/p>\n<h2>Loton kehitys<\/h2>\n<p><img loading=\"lazy\" decoding=\"async\" class=\" wp-image-1840 alignright\" src=\"https:\/\/onlinelotto365.com\/wp-content\/uploads\/2021\/02\/international-lottery.jpg\" alt=\"kansainv\u00e4liset lotot\" width=\"250\" height=\"200\" \/><br \/>\nHistoriallisesti ensimm\u00e4iset lotot pidettiin Kiinassa, ja jopa silloin lottojen avulla rahoitettiin p\u00e4\u00e4osin julkisia hankkeita. Jopa Kiinan muuri saattoi olla yksi n\u00e4ist\u00e4 projekteista. Vuosisatojen saatossa valtio ja hallitukset ovat m\u00e4\u00e4r\u00e4nneet lottoja ja pit\u00e4neet niit\u00e4 tapana ker\u00e4t\u00e4 rahaa valtiolle.<\/p>\n<h2>Lotto nykyaikana<\/h2>\n<p>Internet on tehnyt asioista helpompaa monille meist\u00e4 ja useimmat kansalliset lotot ovat aloittaneet tarjoamaan mahdollisuutta ostaa tikettej\u00e4 verkosta. Mutta lottotikettien ostaminen verkosta kansallisten lottojen nettisivuilta on rajoitettu vain sen maan asukkaille. T\u00e4m\u00e4 rajoitus on nyt poistettu ja on seuraava askel loton kehittymisess\u00e4.<\/p>\n<h2>Useammat lottovaihtoehdot antavat paremmat mahdollisuudet voittoon<\/h2>\n<p>Idea meid\u00e4nkaltaisesta nettipalvelusta, jonka avulla lottofanit voivat osallistua lottoihin muista maista, oli seuraava looginen vaihe kehityksess\u00e4. Nyt lottopelaajat voivat valita useista lotoista. T\u00e4ht\u00e4\u00e4m\u00e4ll\u00e4 suurimpaan j\u00e4ttipottiin he voivat nostaa voitto-odotuksiaan merkitt\u00e4v\u00e4sti. Lotot kuten Mega Millions, Powerball ja Euromillions ker\u00e4\u00e4v\u00e4t pelaajia ymp\u00e4ri maailmaa enemm\u00e4n ja enemm\u00e4n kuukaudesta toiseen.<\/p>\n","protected":false},"excerpt":{"rendered":"<p>Viime aikoihin asti me lottofanit olemme voineet pelata lottoa vain omalla maalla tai alueella. Kuulimme n\u00e4ist\u00e4 j\u00e4nnitt\u00e4vist\u00e4 j\u00e4ttipoteista muualla, joissa voittona oli kymmeni\u00e4 tai jopa satoja miljoonia dollareita tai euroja, ja toivoimme, ett\u00e4 voisimme asua paikassa, jossa voisi ostaa tikettej\u00e4 n\u00e4ihin suuriin lottopotteihin. Tied\u00e4n, ett\u00e4 sin\u00e4 olet toivonut p\u00e4\u00e4sev\u00e4si pelaamaan n\u00e4it\u00e4 yht\u00e4 usein kuin min\u00e4kin. [&hellip;]<\/p>\n","protected":false},"author":1,"featured_media":0,"parent":0,"menu_order":1,"comment_status":"closed","ping_status":"closed","template":"lotto.php","meta":{"_et_pb_use_builder":"","_et_pb_old_content":"","_et_gb_content_width":"","exclude_from_search":false,"footnotes":""},"class_list":["post-4475","page","type-page","status-publish","hentry"],"yoast_head":"<!-- This site is optimized with the Yoast SEO plugin v23.4 - https:\/\/yoast.com\/wordpress\/plugins\/seo\/ -->\n<title>Lotto Online | Kaikki maailman loton j\u00e4ttipotit saatavilla netiss\u00e4<\/title>\n<meta name=\"description\" content=\"Lottotikettipalvelu kaikkiin kansainv\u00e4lisiin j\u00e4ttipotteihin. Hanki tiketti kaikkiin maailman lottoihin riippumatta siit\u00e4, miss\u00e4 asut\" \/>\n<meta name=\"robots\" content=\"index, follow, max-snippet:-1, max-image-preview:large, max-video-preview:-1\" \/>\n<link rel=\"canonical\" href=\"https:\/\/onlinelotto365.com\/fi\/\" \/>\n<meta property=\"og:locale\" content=\"fi_FI\" \/>\n<meta property=\"og:type\" content=\"article\" \/>\n<meta property=\"og:title\" content=\"Lotto Online | Kaikki maailman loton j\u00e4ttipotit saatavilla netiss\u00e4\" \/>\n<meta property=\"og:description\" content=\"Lottotikettipalvelu kaikkiin kansainv\u00e4lisiin j\u00e4ttipotteihin. Hanki tiketti kaikkiin maailman lottoihin riippumatta siit\u00e4, miss\u00e4 asut\" \/>\n<meta property=\"og:url\" content=\"https:\/\/onlinelotto365.com\/fi\/\" \/>\n<meta property=\"og:site_name\" content=\"OnlineLotto365\" \/>\n<meta property=\"article:modified_time\" content=\"2023-10-04T08:13:04+00:00\" \/>\n<meta property=\"og:image\" content=\"https:\/\/redfoxlotto.com\/image?size=8&amp;lottery=mega-millions\" \/>\n<meta name=\"twitter:card\" content=\"summary_large_image\" \/>\n<meta name=\"twitter:label1\" content=\"Arvioitu lukuaika\" \/>\n\t<meta name=\"twitter:data1\" content=\"4 minuuttia\" \/>\n<script type=\"application\/ld+json\" class=\"yoast-schema-graph\">{\"@context\":\"https:\/\/schema.org\",\"@graph\":[{\"@type\":\"WebPage\",\"@id\":\"https:\/\/onlinelotto365.com\/fi\/\",\"url\":\"https:\/\/onlinelotto365.com\/fi\/\",\"name\":\"Lotto Online | Kaikki maailman loton j\u00e4ttipotit saatavilla netiss\u00e4\",\"isPartOf\":{\"@id\":\"https:\/\/onlinelotto365.com\/fi\/#website\"},\"primaryImageOfPage\":{\"@id\":\"https:\/\/onlinelotto365.com\/fi\/#primaryimage\"},\"image\":{\"@id\":\"https:\/\/onlinelotto365.com\/fi\/#primaryimage\"},\"thumbnailUrl\":\"https:\/\/redfoxlotto.com\/image?size=8&amp;lottery=mega-millions\",\"datePublished\":\"2020-11-30T11:00:51+00:00\",\"dateModified\":\"2023-10-04T08:13:04+00:00\",\"description\":\"Lottotikettipalvelu kaikkiin kansainv\u00e4lisiin j\u00e4ttipotteihin. Hanki tiketti kaikkiin maailman lottoihin riippumatta siit\u00e4, miss\u00e4 asut\",\"breadcrumb\":{\"@id\":\"https:\/\/onlinelotto365.com\/fi\/#breadcrumb\"},\"inLanguage\":\"fi\",\"potentialAction\":[{\"@type\":\"ReadAction\",\"target\":[\"https:\/\/onlinelotto365.com\/fi\/\"]}]},{\"@type\":\"ImageObject\",\"inLanguage\":\"fi\",\"@id\":\"https:\/\/onlinelotto365.com\/fi\/#primaryimage\",\"url\":\"https:\/\/redfoxlotto.com\/image?size=8&amp;lottery=mega-millions\",\"contentUrl\":\"https:\/\/redfoxlotto.com\/image?size=8&amp;lottery=mega-millions\"},{\"@type\":\"BreadcrumbList\",\"@id\":\"https:\/\/onlinelotto365.com\/fi\/#breadcrumb\",\"itemListElement\":[{\"@type\":\"ListItem\",\"position\":1,\"name\":\"Home\",\"item\":\"https:\/\/onlinelotto365.com\/fi\/\"},{\"@type\":\"ListItem\",\"position\":2,\"name\":\"Tervetuloa OnlineLotto365 -sivustolle!\"}]},{\"@type\":\"WebSite\",\"@id\":\"https:\/\/onlinelotto365.com\/fi\/#website\",\"url\":\"https:\/\/onlinelotto365.com\/fi\/\",\"name\":\"OnlineLotto365\",\"description\":\"\",\"potentialAction\":[{\"@type\":\"SearchAction\",\"target\":{\"@type\":\"EntryPoint\",\"urlTemplate\":\"https:\/\/onlinelotto365.com\/fi\/?s={search_term_string}\"},\"query-input\":{\"@type\":\"PropertyValueSpecification\",\"valueRequired\":true,\"valueName\":\"search_term_string\"}}],\"inLanguage\":\"fi\"}]}<\/script>\n<!-- \/ Yoast SEO plugin. -->","yoast_head_json":{"title":"Lotto Online | Kaikki maailman loton j\u00e4ttipotit saatavilla netiss\u00e4","description":"Lottotikettipalvelu kaikkiin kansainv\u00e4lisiin j\u00e4ttipotteihin. Hanki tiketti kaikkiin maailman lottoihin riippumatta siit\u00e4, miss\u00e4 asut","robots":{"index":"index","follow":"follow","max-snippet":"max-snippet:-1","max-image-preview":"max-image-preview:large","max-video-preview":"max-video-preview:-1"},"canonical":"https:\/\/onlinelotto365.com\/fi\/","og_locale":"fi_FI","og_type":"article","og_title":"Lotto Online | Kaikki maailman loton j\u00e4ttipotit saatavilla netiss\u00e4","og_description":"Lottotikettipalvelu kaikkiin kansainv\u00e4lisiin j\u00e4ttipotteihin. Hanki tiketti kaikkiin maailman lottoihin riippumatta siit\u00e4, miss\u00e4 asut","og_url":"https:\/\/onlinelotto365.com\/fi\/","og_site_name":"OnlineLotto365","article_modified_time":"2023-10-04T08:13:04+00:00","og_image":[{"url":"https:\/\/redfoxlotto.com\/image?size=8&amp;lottery=mega-millions"}],"twitter_card":"summary_large_image","twitter_misc":{"Arvioitu lukuaika":"4 minuuttia"},"schema":{"@context":"https:\/\/schema.org","@graph":[{"@type":"WebPage","@id":"https:\/\/onlinelotto365.com\/fi\/","url":"https:\/\/onlinelotto365.com\/fi\/","name":"Lotto Online | Kaikki maailman loton j\u00e4ttipotit saatavilla netiss\u00e4","isPartOf":{"@id":"https:\/\/onlinelotto365.com\/fi\/#website"},"primaryImageOfPage":{"@id":"https:\/\/onlinelotto365.com\/fi\/#primaryimage"},"image":{"@id":"https:\/\/onlinelotto365.com\/fi\/#primaryimage"},"thumbnailUrl":"https:\/\/redfoxlotto.com\/image?size=8&amp;lottery=mega-millions","datePublished":"2020-11-30T11:00:51+00:00","dateModified":"2023-10-04T08:13:04+00:00","description":"Lottotikettipalvelu kaikkiin kansainv\u00e4lisiin j\u00e4ttipotteihin. Hanki tiketti kaikkiin maailman lottoihin riippumatta siit\u00e4, miss\u00e4 asut","breadcrumb":{"@id":"https:\/\/onlinelotto365.com\/fi\/#breadcrumb"},"inLanguage":"fi","potentialAction":[{"@type":"ReadAction","target":["https:\/\/onlinelotto365.com\/fi\/"]}]},{"@type":"ImageObject","inLanguage":"fi","@id":"https:\/\/onlinelotto365.com\/fi\/#primaryimage","url":"https:\/\/redfoxlotto.com\/image?size=8&amp;lottery=mega-millions","contentUrl":"https:\/\/redfoxlotto.com\/image?size=8&amp;lottery=mega-millions"},{"@type":"BreadcrumbList","@id":"https:\/\/onlinelotto365.com\/fi\/#breadcrumb","itemListElement":[{"@type":"ListItem","position":1,"name":"Home","item":"https:\/\/onlinelotto365.com\/fi\/"},{"@type":"ListItem","position":2,"name":"Tervetuloa OnlineLotto365 -sivustolle!"}]},{"@type":"WebSite","@id":"https:\/\/onlinelotto365.com\/fi\/#website","url":"https:\/\/onlinelotto365.com\/fi\/","name":"OnlineLotto365","description":"","potentialAction":[{"@type":"SearchAction","target":{"@type":"EntryPoint","urlTemplate":"https:\/\/onlinelotto365.com\/fi\/?s={search_term_string}"},"query-input":{"@type":"PropertyValueSpecification","valueRequired":true,"valueName":"search_term_string"}}],"inLanguage":"fi"}]}},"_links":{"self":[{"href":"https:\/\/onlinelotto365.com\/fi\/wp-json\/wp\/v2\/pages\/4475","targetHints":{"allow":["GET"]}}],"collection":[{"href":"https:\/\/onlinelotto365.com\/fi\/wp-json\/wp\/v2\/pages"}],"about":[{"href":"https:\/\/onlinelotto365.com\/fi\/wp-json\/wp\/v2\/types\/page"}],"author":[{"embeddable":true,"href":"https:\/\/onlinelotto365.com\/fi\/wp-json\/wp\/v2\/users\/1"}],"replies":[{"embeddable":true,"href":"https:\/\/onlinelotto365.com\/fi\/wp-json\/wp\/v2\/comments?post=4475"}],"version-history":[{"count":0,"href":"https:\/\/onlinelotto365.com\/fi\/wp-json\/wp\/v2\/pages\/4475\/revisions"}],"wp:attachment":[{"href":"https:\/\/onlinelotto365.com\/fi\/wp-json\/wp\/v2\/media?parent=4475"}],"curies":[{"name":"wp","href":"https:\/\/api.w.org\/{rel}","templated":true}]}}