{"id":5016,"date":"2020-12-03T08:36:34","date_gmt":"2020-12-03T07:36:34","guid":{"rendered":"http:\/\/onlinelotto365.net\/?page_id=5016"},"modified":"2022-11-08T11:26:53","modified_gmt":"2022-11-08T10:26:53","slug":"pelata","status":"publish","type":"page","link":"https:\/\/onlinelotto365.com\/fi\/pelata\/","title":{"rendered":"Kaikki mit\u00e4 sinun pit\u00e4\u00e4 tiet\u00e4\u00e4 vaihtoehdoistasi pelata parhaita arpapelej\u00e4 netiss\u00e4."},"content":{"rendered":"<p>Haluatko aloittaa arpapelien pelaamisen? No, jos olet varma, haluat varmasti tarkistaa kaikki online-vaihtoehdot. Kaikki suuret lottopelit, melkein mist\u00e4 vaan maailmaa tahansa, ovat k\u00e4ytett\u00e4viss\u00e4si pelattavaksiesi verkossa. Sinun t\u00e4ytyy vain tiet\u00e4\u00e4 mist\u00e4 ketsi\u00e4 tai mist\u00e4 aloittaa. Sinun onneksesi, se on todella helppoa tehd\u00e4. Sinun tarvitsee vain lis\u00e4t\u00e4 verkkosivustomme kirjanmerkkeihisi, ja tarkistaa p\u00e4ivitetyt tiedot. L\u00f6yd\u00e4t paljon vaihtoehtoja kaikkien n\u00e4kemiesi arpajaisten pelaamiseen liittyen mist\u00e4 tahansa luetellusta maasta.<\/p>\n<p>Online-vaihtoehdoissa se on hienoa, ett\u00e4 niiden avulla voit pelata pelej\u00e4, jotka sijaitsevat kaikkialla ymp\u00e4ri maailmaa. Et ole en\u00e4\u00e4 rajoitettu vain peleihin, joita voit pelata l\u00e4hikaupassasi. Sen sijaan, voit tarkistella, miten pelej\u00e4 pelataan eri maissa, tai voit kokeilla onneasi niiden kanssa.<\/p>\n<p><a href=\"https:\/\/redfoxlotto.com\/play\/mega-millions\/?ref=a8564250a2&amp;medium=ol365\" target=\"_blank\" rel=\"noopener noreferrer\"> <img decoding=\"async\" class=\"aligncenter\" src=\" https:\/\/redfoxlotto.com\/image?size=7&amp;lottery=mega-millions \" alt=\"Pelaa Mega Millionsia\" width=\" 841 \" height=\" 108 \" \/><\/a><\/p>\n<h2>Loton pelaaminen antaa sinulle enemm\u00e4n uusia vaihtoehtoja.<\/h2>\n<p>Parasta online-arpapelien pelaamisessa on se, ett\u00e4 voit voittaa milloin tahansa suuren j\u00e4ttipotin. Jos pelaat pelk\u00e4st\u00e4\u00e4n paikallista lottoasi, saatat joutua odottamaan kauan, kunnes j\u00e4ttipottisi kasvaa siihen pisteeseen, jossa sinun on j\u00e4rkev\u00e4\u00e4 sijoittaa rahaa lippuihinkin.<br \/>\nIt is clear that the size of the lotto jackpot is important for your decision. A larger prize means that your mathematical winning expectancy is higher. That is why most of our customers spend their lotto money on the jackpot that is currently highest.<\/p>\n<h2>Kuinka sitten online-lotto-palvelu toimii?<\/h2>\n<p><img loading=\"lazy\" decoding=\"async\" class=\"alignright wp-image-1862\" src=\"https:\/\/onlinelotto365.com\/wp-content\/uploads\/2020\/11\/online_lottery-166-200x300.jpg\" alt=\"Pelaa Lottoa netiss\u00e4\" width=\"137\" height=\"209\" \/><\/p>\n<p>Nopein tapa aloittaa arpajaisten pelaaminen verkossa, on painaa yht\u00e4 arpajaispainikkeista tai bannereista ja valita numerosi luodaksesi lipun. Voit pelata useampaa kuin yht\u00e4 arpapeli\u00e4, jos haluat. Lis\u00e4\u00e4 vain niin monta lippua kuin haluat ostoskoriisi. Paina sitten &#8221;tarkistaa ja maksaa&#8221;. Sinun on my\u00f6s luotava asiakastili. \u00c4l\u00e4k\u00e4 unohda vahvistaa tili\u00e4si &#8211; etsi vahvistuss\u00e4hk\u00f6posti postilaatikostasi. Jos postilaatikossasi ei ole s\u00e4hk\u00f6postia, l\u00f6yd\u00e4t sen tuntemattomien l\u00e4hett\u00e4jien kansiosta tai ehk\u00e4p\u00e4 roskapostilaatikostasi.<\/p>\n<h2>Voinko sitten pelata kotimaastani?<\/h2>\n<p>Sill\u00e4 ei ole v\u00e4li\u00e4 miss\u00e4p\u00e4in asut. Arpapelien pelaaminen verkossa toimii (melkein) kaikkialla. Ainoat poikkeukset ovat, ett\u00e4 emme voi hyv\u00e4ksy\u00e4 asiakkaita Yhdysvalloista tai Alankomaista.<\/p>\n<h2>Kuinka saan voittoni?<\/h2>\n<p>Lottolippupalvelumme sis\u00e4lt\u00e4\u00e4 meid\u00e4n apumme voittojesi hyvityksess\u00e4. T\u00e4t\u00e4 varten on kaksi erilaista menettelytapaa:<\/p>\n<ul>\n<li>Alle 2500 euron voitot: Voitetut summat hyvitet\u00e4\u00e4n verkkosivustollamme olevalle k\u00e4ytt\u00e4j\u00e4n saldolle. Voit noustaa sen sielt\u00e4 esimerkiksi luottokortillesi tai pankkitilillesi.<\/li>\n<li>Yli 2500 euron voitot: Suuremmat summat maksaa suoraan Lotto. Toimitamme sinulle lomakkeen, jonka sinun on t\u00e4ytett\u00e4v\u00e4, ja l\u00e4hetett\u00e4v\u00e4 takaisin meille. Lomake sis\u00e4lt\u00e4\u00e4 ohjeet maksulle, joka voi olla joko pankkisiirto tai sekki. Kaikki t\u00e4m\u00e4 tapahtuu verkossa. L\u00e4het\u00e4mme lomakkeen arpapeleille, ja he l\u00e4hett\u00e4v\u00e4t rahat pankkitilillesi tai sekkin\u00e4, mieltymystesi mukaisesti.<\/li>\n<\/ul>\n","protected":false},"excerpt":{"rendered":"<p>Haluatko aloittaa arpapelien pelaamisen? No, jos olet varma, haluat varmasti tarkistaa kaikki online-vaihtoehdot. Kaikki suuret lottopelit, melkein mist\u00e4 vaan maailmaa tahansa, ovat k\u00e4ytett\u00e4viss\u00e4si pelattavaksiesi verkossa. Sinun t\u00e4ytyy vain tiet\u00e4\u00e4 mist\u00e4 ketsi\u00e4 tai mist\u00e4 aloittaa. Sinun onneksesi, se on todella helppoa tehd\u00e4. Sinun tarvitsee vain lis\u00e4t\u00e4 verkkosivustomme kirjanmerkkeihisi, ja tarkistaa p\u00e4ivitetyt tiedot. L\u00f6yd\u00e4t paljon vaihtoehtoja kaikkien [&hellip;]<\/p>\n","protected":false},"author":1,"featured_media":0,"parent":0,"menu_order":2,"comment_status":"closed","ping_status":"closed","template":"Play-all.php","meta":{"_et_pb_use_builder":"","_et_pb_old_content":"","_et_gb_content_width":"","exclude_from_search":false,"footnotes":""},"class_list":["post-5016","page","type-page","status-publish","hentry"],"yoast_head":"<!-- This site is optimized with the Yoast SEO plugin v23.4 - https:\/\/yoast.com\/wordpress\/plugins\/seo\/ -->\n<title>Pelaa Lottoa Netiss\u00e4 - lis\u00e4\u00e4 j\u00e4ttipotteja arpapelifaneille ymp\u00e4ri maailmaa.<\/title>\n<meta name=\"description\" content=\"Teemme sinulle asian helpoksi pelata ulkomaalaisia arpapelej\u00e4 netiss\u00e4 - kaikki suuret j\u00e4ttipotit ovat t\u00e4\u00e4ll\u00e4\" \/>\n<meta name=\"robots\" content=\"index, follow, max-snippet:-1, max-image-preview:large, max-video-preview:-1\" \/>\n<link rel=\"canonical\" href=\"https:\/\/onlinelotto365.com\/fi\/pelata\/\" \/>\n<meta property=\"og:locale\" content=\"fi_FI\" \/>\n<meta property=\"og:type\" content=\"article\" \/>\n<meta property=\"og:title\" content=\"Pelaa Lottoa Netiss\u00e4 - lis\u00e4\u00e4 j\u00e4ttipotteja arpapelifaneille ymp\u00e4ri maailmaa.\" \/>\n<meta property=\"og:description\" content=\"Teemme sinulle asian helpoksi pelata ulkomaalaisia arpapelej\u00e4 netiss\u00e4 - kaikki suuret j\u00e4ttipotit ovat t\u00e4\u00e4ll\u00e4\" \/>\n<meta property=\"og:url\" content=\"https:\/\/onlinelotto365.com\/fi\/pelata\/\" \/>\n<meta property=\"og:site_name\" content=\"OnlineLotto365\" \/>\n<meta property=\"article:modified_time\" content=\"2022-11-08T10:26:53+00:00\" \/>\n<meta property=\"og:image\" content=\"https:\/\/onlinelotto365.com\/wp-content\/uploads\/2020\/11\/online_lottery-166-200x300.jpg\" \/>\n<meta name=\"twitter:card\" content=\"summary_large_image\" \/>\n<meta name=\"twitter:label1\" content=\"Arvioitu lukuaika\" \/>\n\t<meta name=\"twitter:data1\" content=\"2 minuuttia\" \/>\n<script type=\"application\/ld+json\" class=\"yoast-schema-graph\">{\"@context\":\"https:\/\/schema.org\",\"@graph\":[{\"@type\":\"WebPage\",\"@id\":\"https:\/\/onlinelotto365.com\/fi\/pelata\/\",\"url\":\"https:\/\/onlinelotto365.com\/fi\/pelata\/\",\"name\":\"Pelaa Lottoa Netiss\u00e4 - lis\u00e4\u00e4 j\u00e4ttipotteja arpapelifaneille ymp\u00e4ri maailmaa.\",\"isPartOf\":{\"@id\":\"https:\/\/onlinelotto365.com\/fi\/#website\"},\"primaryImageOfPage\":{\"@id\":\"https:\/\/onlinelotto365.com\/fi\/pelata\/#primaryimage\"},\"image\":{\"@id\":\"https:\/\/onlinelotto365.com\/fi\/pelata\/#primaryimage\"},\"thumbnailUrl\":\"https:\/\/onlinelotto365.com\/wp-content\/uploads\/2020\/11\/online_lottery-166-200x300.jpg\",\"datePublished\":\"2020-12-03T07:36:34+00:00\",\"dateModified\":\"2022-11-08T10:26:53+00:00\",\"description\":\"Teemme sinulle asian helpoksi pelata ulkomaalaisia arpapelej\u00e4 netiss\u00e4 - kaikki suuret j\u00e4ttipotit ovat t\u00e4\u00e4ll\u00e4\",\"breadcrumb\":{\"@id\":\"https:\/\/onlinelotto365.com\/fi\/pelata\/#breadcrumb\"},\"inLanguage\":\"fi\",\"potentialAction\":[{\"@type\":\"ReadAction\",\"target\":[\"https:\/\/onlinelotto365.com\/fi\/pelata\/\"]}]},{\"@type\":\"ImageObject\",\"inLanguage\":\"fi\",\"@id\":\"https:\/\/onlinelotto365.com\/fi\/pelata\/#primaryimage\",\"url\":\"https:\/\/onlinelotto365.com\/wp-content\/uploads\/2020\/11\/online_lottery-166-200x300.jpg\",\"contentUrl\":\"https:\/\/onlinelotto365.com\/wp-content\/uploads\/2020\/11\/online_lottery-166-200x300.jpg\"},{\"@type\":\"BreadcrumbList\",\"@id\":\"https:\/\/onlinelotto365.com\/fi\/pelata\/#breadcrumb\",\"itemListElement\":[{\"@type\":\"ListItem\",\"position\":1,\"name\":\"Home\",\"item\":\"https:\/\/onlinelotto365.com\/fi\/\"},{\"@type\":\"ListItem\",\"position\":2,\"name\":\"Kaikki mit\u00e4 sinun pit\u00e4\u00e4 tiet\u00e4\u00e4 vaihtoehdoistasi pelata parhaita arpapelej\u00e4 netiss\u00e4.\"}]},{\"@type\":\"WebSite\",\"@id\":\"https:\/\/onlinelotto365.com\/fi\/#website\",\"url\":\"https:\/\/onlinelotto365.com\/fi\/\",\"name\":\"OnlineLotto365\",\"description\":\"\",\"potentialAction\":[{\"@type\":\"SearchAction\",\"target\":{\"@type\":\"EntryPoint\",\"urlTemplate\":\"https:\/\/onlinelotto365.com\/fi\/?s={search_term_string}\"},\"query-input\":{\"@type\":\"PropertyValueSpecification\",\"valueRequired\":true,\"valueName\":\"search_term_string\"}}],\"inLanguage\":\"fi\"}]}<\/script>\n<!-- \/ Yoast SEO plugin. -->","yoast_head_json":{"title":"Pelaa Lottoa Netiss\u00e4 - lis\u00e4\u00e4 j\u00e4ttipotteja arpapelifaneille ymp\u00e4ri maailmaa.","description":"Teemme sinulle asian helpoksi pelata ulkomaalaisia arpapelej\u00e4 netiss\u00e4 - kaikki suuret j\u00e4ttipotit ovat t\u00e4\u00e4ll\u00e4","robots":{"index":"index","follow":"follow","max-snippet":"max-snippet:-1","max-image-preview":"max-image-preview:large","max-video-preview":"max-video-preview:-1"},"canonical":"https:\/\/onlinelotto365.com\/fi\/pelata\/","og_locale":"fi_FI","og_type":"article","og_title":"Pelaa Lottoa Netiss\u00e4 - lis\u00e4\u00e4 j\u00e4ttipotteja arpapelifaneille ymp\u00e4ri maailmaa.","og_description":"Teemme sinulle asian helpoksi pelata ulkomaalaisia arpapelej\u00e4 netiss\u00e4 - kaikki suuret j\u00e4ttipotit ovat t\u00e4\u00e4ll\u00e4","og_url":"https:\/\/onlinelotto365.com\/fi\/pelata\/","og_site_name":"OnlineLotto365","article_modified_time":"2022-11-08T10:26:53+00:00","og_image":[{"url":"https:\/\/onlinelotto365.com\/wp-content\/uploads\/2020\/11\/online_lottery-166-200x300.jpg"}],"twitter_card":"summary_large_image","twitter_misc":{"Arvioitu lukuaika":"2 minuuttia"},"schema":{"@context":"https:\/\/schema.org","@graph":[{"@type":"WebPage","@id":"https:\/\/onlinelotto365.com\/fi\/pelata\/","url":"https:\/\/onlinelotto365.com\/fi\/pelata\/","name":"Pelaa Lottoa Netiss\u00e4 - lis\u00e4\u00e4 j\u00e4ttipotteja arpapelifaneille ymp\u00e4ri maailmaa.","isPartOf":{"@id":"https:\/\/onlinelotto365.com\/fi\/#website"},"primaryImageOfPage":{"@id":"https:\/\/onlinelotto365.com\/fi\/pelata\/#primaryimage"},"image":{"@id":"https:\/\/onlinelotto365.com\/fi\/pelata\/#primaryimage"},"thumbnailUrl":"https:\/\/onlinelotto365.com\/wp-content\/uploads\/2020\/11\/online_lottery-166-200x300.jpg","datePublished":"2020-12-03T07:36:34+00:00","dateModified":"2022-11-08T10:26:53+00:00","description":"Teemme sinulle asian helpoksi pelata ulkomaalaisia arpapelej\u00e4 netiss\u00e4 - kaikki suuret j\u00e4ttipotit ovat t\u00e4\u00e4ll\u00e4","breadcrumb":{"@id":"https:\/\/onlinelotto365.com\/fi\/pelata\/#breadcrumb"},"inLanguage":"fi","potentialAction":[{"@type":"ReadAction","target":["https:\/\/onlinelotto365.com\/fi\/pelata\/"]}]},{"@type":"ImageObject","inLanguage":"fi","@id":"https:\/\/onlinelotto365.com\/fi\/pelata\/#primaryimage","url":"https:\/\/onlinelotto365.com\/wp-content\/uploads\/2020\/11\/online_lottery-166-200x300.jpg","contentUrl":"https:\/\/onlinelotto365.com\/wp-content\/uploads\/2020\/11\/online_lottery-166-200x300.jpg"},{"@type":"BreadcrumbList","@id":"https:\/\/onlinelotto365.com\/fi\/pelata\/#breadcrumb","itemListElement":[{"@type":"ListItem","position":1,"name":"Home","item":"https:\/\/onlinelotto365.com\/fi\/"},{"@type":"ListItem","position":2,"name":"Kaikki mit\u00e4 sinun pit\u00e4\u00e4 tiet\u00e4\u00e4 vaihtoehdoistasi pelata parhaita arpapelej\u00e4 netiss\u00e4."}]},{"@type":"WebSite","@id":"https:\/\/onlinelotto365.com\/fi\/#website","url":"https:\/\/onlinelotto365.com\/fi\/","name":"OnlineLotto365","description":"","potentialAction":[{"@type":"SearchAction","target":{"@type":"EntryPoint","urlTemplate":"https:\/\/onlinelotto365.com\/fi\/?s={search_term_string}"},"query-input":{"@type":"PropertyValueSpecification","valueRequired":true,"valueName":"search_term_string"}}],"inLanguage":"fi"}]}},"_links":{"self":[{"href":"https:\/\/onlinelotto365.com\/fi\/wp-json\/wp\/v2\/pages\/5016","targetHints":{"allow":["GET"]}}],"collection":[{"href":"https:\/\/onlinelotto365.com\/fi\/wp-json\/wp\/v2\/pages"}],"about":[{"href":"https:\/\/onlinelotto365.com\/fi\/wp-json\/wp\/v2\/types\/page"}],"author":[{"embeddable":true,"href":"https:\/\/onlinelotto365.com\/fi\/wp-json\/wp\/v2\/users\/1"}],"replies":[{"embeddable":true,"href":"https:\/\/onlinelotto365.com\/fi\/wp-json\/wp\/v2\/comments?post=5016"}],"version-history":[{"count":0,"href":"https:\/\/onlinelotto365.com\/fi\/wp-json\/wp\/v2\/pages\/5016\/revisions"}],"wp:attachment":[{"href":"https:\/\/onlinelotto365.com\/fi\/wp-json\/wp\/v2\/media?parent=5016"}],"curies":[{"name":"wp","href":"https:\/\/api.w.org\/{rel}","templated":true}]}}