{"id":5577,"date":"2020-12-04T17:02:32","date_gmt":"2020-12-04T16:02:32","guid":{"rendered":"http:\/\/onlinelotto365.net\/?page_id=5577"},"modified":"2021-03-07T12:01:35","modified_gmt":"2021-03-07T11:01:35","slug":"osta-lippuja","status":"publish","type":"page","link":"https:\/\/onlinelotto365.com\/fi\/osta-lippuja\/","title":{"rendered":"Osta Lottoarpoja Verkosta"},"content":{"rendered":"<h2>Kyseess\u00e4 On Aito Palvelu: Maailman Suurimmat Lotot<\/h2>\n<p>Monet henkil\u00f6t pelaavat verkkokasinoissa, joissa osassa on simuloituja lottoja. Valitset lottonumerot samoin kuin oikeassa lotossa ja tietokone arpoo numerot sinulle.<\/p>\n<p>Etk\u00f6 kuitenkin haluaisi pelata oikeaa lottoa? Totta kai haluat. N\u00e4m\u00e4 verkossa toimivat lotot ovat vain pieni\u00e4 \u201dkaloja\u201d oikeasti ja ne eiv\u00e4t toimi niin kuin oikeat lotot. Mit\u00e4 oikeastaan j\u00e4rjestelm\u00e4n toiminnasta voi tiet\u00e4\u00e4 oikeasti? Tied\u00e4mme varmasti vain sen, ett\u00e4 kaikki verkkouhkapelit ovat vain halpoja kopioita aidoista lotoista.<br \/>\n<a href=\"https:\/\/redfoxlotto.com\/?ref=a8564250a2&amp;medium=ol365\" target=\"_blank\" rel=\"noopener noreferrer\"><img loading=\"lazy\" decoding=\"async\" class=\"aligncenter\" src=\"https:\/\/redfoxlotto.com\/image?size=8&amp;lottery=euromillions\" alt=\"Euromillions\" width=\"720\" height=\"90\" \/><\/a><\/p>\n<p>Vaikka verkkouhkapelien suosio on kasvanut r\u00e4j\u00e4hdysm\u00e4isesti, aidot lotot silti hallitsevat uhkapelialaa maailmassa. Rahaa k\u00e4ytet\u00e4\u00e4n palkintoihin paljon enemm\u00e4n yhteens\u00e4 kuin miss\u00e4\u00e4n muussa uhkapelimuodossa. Se ei ole vain sattumaa, koska aidon loton j\u00e4nnityst\u00e4 ja nautintoa ei voi verrata mihink\u00e4\u00e4n muuhun peliin, huolimatta tekniikan kehityksest\u00e4.<\/p>\n<h2>Haluaisitko Voida Valita Mink\u00e4 Tahansa Loton Maailmasta Pelattavaksesi?<\/h2>\n<p>T\u00e4h\u00e4n p\u00e4iv\u00e4\u00e4n menness\u00e4 mahdollisuutemme on ollut rajoitettu siihen asuinalueeseen, jossa el\u00e4mme. Riippuen siit\u00e4 miss\u00e4 asut, toisinaan loton p\u00e4\u00e4potti kasvaa eritt\u00e4in suureksi ja kasvattaa pelaajien j\u00e4nnityst\u00e4 sek\u00e4 pelaajam\u00e4\u00e4r\u00e4\u00e4.<\/p>\n<p>Osallistuakseen toisen valtion tai alueen lottoon, on pelaajan t\u00e4ytynyt k\u00e4yd\u00e4 kyseisell\u00e4 alueella ja ostaa arvat henkil\u00f6kohtaisesti. Sinulla ei tietysti ole t\u00e4t\u00e4 vaihtoehtoa, ellet satu olemaan k\u00e4ym\u00e4ss\u00e4 alueella ja vaikka olisitkin matkustanut sinne, miten aiot lunastaa voiton j\u00e4lkik\u00e4teen?<br \/>\n<img loading=\"lazy\" decoding=\"async\" class=\" wp-image-729 alignright\" src=\"https:\/\/onlinelotto365.com\/wp-content\/uploads\/2020\/11\/online_lottery-52-300x169.jpg\" alt=\"ostaa arpalippuja verkossa\" width=\"210\" height=\"119\" \/><\/p>\n<p>Useimmat henkil\u00f6t eiv\u00e4t edes harkitse pelaavansa toisen maan tai alueen lottoa. Toiset ovat uneksineet siit\u00e4, mutta se unelma ei ole aiemmin toteutunut, ennen kuin nyt.<\/p>\n<p>Olemme innoissamme pystyess\u00e4mme tarjoamaan uutta palvelua, jossa voit ostaa lottokuponkeja maailman suurimpiin lottoarvontoihin suoraan kotoasi. Teemme puolestasi kaiken ty\u00f6n sen j\u00e4lkeen.<\/p>\n<h2>Miten Lottoarpojen Verkosta Ostamisen Prosessi Toimii<\/h2>\n<p>Ensimm\u00e4inen asia, joka sinun pit\u00e4\u00e4 tehd\u00e4, on valita ne lotot kaikista maailman lotoista, joita haluat pelata. Sen j\u00e4lkeen valitse kuinka monta arpaa haluat ostaa ja voit joko valita omat numerot tai antaa numerogeneraattoreiden arpoa voittonumerot puolestasi.<br \/>\nSen j\u00e4lkeen avaat itsellesi tilin. Sy\u00f6t\u00e4t kaikki henkil\u00f6kohtaiset tiedot k\u00e4ytt\u00e4j\u00e4nimen ja salasanan lis\u00e4ksi, jotta voit kirjautua palveluun milloin haluat.<\/p>\n<p>Klikkaa t\u00e4st\u00e4 luodaksesi uuden tilin heti!<\/p>\n<p>Sitten valitset maksutavan arpojen ostamiseen. Useimmat k\u00e4ytt\u00e4j\u00e4t valitsevat luottokortin, mutta vaihtoehtoina on my\u00f6s monia muita maksutapoja tarvittaessa. Kaikki tapahtumat ovat tietysti t\u00e4ysin turvallisia uusimpien tietoturvasovelluksien kautta, joten sinun ei tarvitse murehtia mist\u00e4\u00e4n.<\/p>\n<p>Kaikille tuleville lotoille on olemassa ajastin, joka kertoo kuinka paljon on aikaa ennen arvonnan suorittamista ja auttaa valitsemaan sen loton, jota haluat pelata.<\/p>\n<h2>He Ostavat Sen J\u00e4lkeen Arvan Puolestasi<\/h2>\n<p>Sen j\u00e4lkeen t\u00e4m\u00e4 mahtava palvelu menee paikan p\u00e4\u00e4lle ostamaan arvan sinulle, jossa lukee oma nimesi, jotta kukaan muu ei voi voittoa lunastaa. He l\u00e4hett\u00e4v\u00e4t viel\u00e4 sen j\u00e4lkeen s\u00e4hk\u00f6postitse skannatun arvan sinulle, jotta voit pit\u00e4\u00e4 sit\u00e4 tallessa.<\/p>\n<p>Jokaisen arvonnan tulokset lis\u00e4t\u00e4\u00e4n sivuille ja vaikka numeroiden tarkistaminen itse on paljon hauskempaa, ei sinun tarvitse sit\u00e4k\u00e4\u00e4n tehd\u00e4 jos et halua. Joka kerta kun voitat, saat ilmoituksen siit\u00e4 s\u00e4hk\u00f6postiin, joten yksik\u00e4\u00e4n voitto ei mene ohitsesi.<\/p>\n<p>Kysy paikallisesta veikkauspisteest\u00e4, tekev\u00e4tk\u00f6 he saman sinulle. Varmasti he pit\u00e4isiv\u00e4t sinua hulluna. Se todistaa kuinka ensiluokkainen t\u00e4m\u00e4 palvelu on ja he auttavat my\u00f6s jokaisessa prosessin vaiheessa sinua jos haluat.<\/p>\n<h2>Voittojen Rahastaminen<\/h2>\n<p>Riippuen siit\u00e4 miten paljon voitat, k\u00e4ytet\u00e4\u00e4n eri prosesseja voittojen lunastamiseen. Jos voittosi on alle \u20ac2500, voit pit\u00e4\u00e4 rahasi tilill\u00e4si, jos haluat ostaa voitoilla lis\u00e4\u00e4 arpoja tai voit pyyt\u00e4\u00e4 l\u00e4hett\u00e4m\u00e4\u00e4n voitot itsellesi. Kun voitat suurempia summia, saat lomakkeen t\u00e4ytett\u00e4v\u00e4ksi ja rahat l\u00e4hetet\u00e4\u00e4n sen j\u00e4lkeen shekkin\u00e4, jonka voit tallettaa sen j\u00e4lkeen pankkiisi.<\/p>\n<p>Kun voitat j\u00e4ttim\u00e4isi\u00e4 voittoja, voit joutua k\u00e4ym\u00e4\u00e4n henkil\u00f6kohtaisesti lunastamassa voittosi. Toisaalta, kun voitat niin paljon rahaa, lunastamismatka on varmasti eritt\u00e4in nautinnollinen. Arpasi on juuri voittanut p\u00e4\u00e4potin, joten voit aloittaa juhlimisen lomamatkalla. Kun saavut takaisin, ehk\u00e4 j\u00e4\u00e4t pysyv\u00e4lle lomalle ja nautit el\u00e4m\u00e4st\u00e4 t\u00e4ysin rinnoin. Valinta on sinun!<\/p>\n","protected":false},"excerpt":{"rendered":"<p>Kyseess\u00e4 On Aito Palvelu: Maailman Suurimmat Lotot Monet henkil\u00f6t pelaavat verkkokasinoissa, joissa osassa on simuloituja lottoja. Valitset lottonumerot samoin kuin oikeassa lotossa ja tietokone arpoo numerot sinulle. Etk\u00f6 kuitenkin haluaisi pelata oikeaa lottoa? Totta kai haluat. N\u00e4m\u00e4 verkossa toimivat lotot ovat vain pieni\u00e4 \u201dkaloja\u201d oikeasti ja ne eiv\u00e4t toimi niin kuin oikeat lotot. Mit\u00e4 oikeastaan [&hellip;]<\/p>\n","protected":false},"author":1,"featured_media":0,"parent":0,"menu_order":3,"comment_status":"closed","ping_status":"closed","template":"Information.php","meta":{"_et_pb_use_builder":"","_et_pb_old_content":"","_et_gb_content_width":"","exclude_from_search":false,"footnotes":""},"class_list":["post-5577","page","type-page","status-publish","hentry"],"yoast_head":"<!-- This site is optimized with the Yoast SEO plugin v23.4 - https:\/\/yoast.com\/wordpress\/plugins\/seo\/ -->\n<title>Osta Lottoarpoja Verkosta | Verkossa Toimiva Lippupalvelu Kansainv\u00e4lisille Lottotapahtumille<\/title>\n<meta name=\"description\" content=\"Lottokuponkien ostaminen maailman suosituimpiin lottoihin verkosta, on hauskaa ja helppoa t\u00e4m\u00e4n palvelun kautta. Meill\u00e4 on kaikki tiedot, joita tarvitset alkuun p\u00e4\u00e4st\u00e4ksesi.\" \/>\n<meta name=\"robots\" content=\"index, follow, max-snippet:-1, max-image-preview:large, max-video-preview:-1\" \/>\n<link rel=\"canonical\" href=\"https:\/\/onlinelotto365.com\/fi\/osta-lippuja\/\" \/>\n<meta property=\"og:locale\" content=\"fi_FI\" \/>\n<meta property=\"og:type\" content=\"article\" \/>\n<meta property=\"og:title\" content=\"Osta Lottoarpoja Verkosta | Verkossa Toimiva Lippupalvelu Kansainv\u00e4lisille Lottotapahtumille\" \/>\n<meta property=\"og:description\" content=\"Lottokuponkien ostaminen maailman suosituimpiin lottoihin verkosta, on hauskaa ja helppoa t\u00e4m\u00e4n palvelun kautta. Meill\u00e4 on kaikki tiedot, joita tarvitset alkuun p\u00e4\u00e4st\u00e4ksesi.\" \/>\n<meta property=\"og:url\" content=\"https:\/\/onlinelotto365.com\/fi\/osta-lippuja\/\" \/>\n<meta property=\"og:site_name\" content=\"OnlineLotto365\" \/>\n<meta property=\"article:modified_time\" content=\"2021-03-07T11:01:35+00:00\" \/>\n<meta property=\"og:image\" content=\"https:\/\/redfoxlotto.com\/image?size=8&amp;lottery=euromillions\" \/>\n<meta name=\"twitter:card\" content=\"summary_large_image\" \/>\n<meta name=\"twitter:label1\" content=\"Arvioitu lukuaika\" \/>\n\t<meta name=\"twitter:data1\" content=\"3 minuuttia\" \/>\n<script type=\"application\/ld+json\" class=\"yoast-schema-graph\">{\"@context\":\"https:\/\/schema.org\",\"@graph\":[{\"@type\":\"WebPage\",\"@id\":\"https:\/\/onlinelotto365.com\/fi\/osta-lippuja\/\",\"url\":\"https:\/\/onlinelotto365.com\/fi\/osta-lippuja\/\",\"name\":\"Osta Lottoarpoja Verkosta | Verkossa Toimiva Lippupalvelu Kansainv\u00e4lisille Lottotapahtumille\",\"isPartOf\":{\"@id\":\"https:\/\/onlinelotto365.com\/fi\/#website\"},\"primaryImageOfPage\":{\"@id\":\"https:\/\/onlinelotto365.com\/fi\/osta-lippuja\/#primaryimage\"},\"image\":{\"@id\":\"https:\/\/onlinelotto365.com\/fi\/osta-lippuja\/#primaryimage\"},\"thumbnailUrl\":\"https:\/\/redfoxlotto.com\/image?size=8&amp;lottery=euromillions\",\"datePublished\":\"2020-12-04T16:02:32+00:00\",\"dateModified\":\"2021-03-07T11:01:35+00:00\",\"description\":\"Lottokuponkien ostaminen maailman suosituimpiin lottoihin verkosta, on hauskaa ja helppoa t\u00e4m\u00e4n palvelun kautta. Meill\u00e4 on kaikki tiedot, joita tarvitset alkuun p\u00e4\u00e4st\u00e4ksesi.\",\"breadcrumb\":{\"@id\":\"https:\/\/onlinelotto365.com\/fi\/osta-lippuja\/#breadcrumb\"},\"inLanguage\":\"fi\",\"potentialAction\":[{\"@type\":\"ReadAction\",\"target\":[\"https:\/\/onlinelotto365.com\/fi\/osta-lippuja\/\"]}]},{\"@type\":\"ImageObject\",\"inLanguage\":\"fi\",\"@id\":\"https:\/\/onlinelotto365.com\/fi\/osta-lippuja\/#primaryimage\",\"url\":\"https:\/\/redfoxlotto.com\/image?size=8&amp;lottery=euromillions\",\"contentUrl\":\"https:\/\/redfoxlotto.com\/image?size=8&amp;lottery=euromillions\"},{\"@type\":\"BreadcrumbList\",\"@id\":\"https:\/\/onlinelotto365.com\/fi\/osta-lippuja\/#breadcrumb\",\"itemListElement\":[{\"@type\":\"ListItem\",\"position\":1,\"name\":\"Home\",\"item\":\"https:\/\/onlinelotto365.com\/fi\/\"},{\"@type\":\"ListItem\",\"position\":2,\"name\":\"Osta Lottoarpoja Verkosta\"}]},{\"@type\":\"WebSite\",\"@id\":\"https:\/\/onlinelotto365.com\/fi\/#website\",\"url\":\"https:\/\/onlinelotto365.com\/fi\/\",\"name\":\"OnlineLotto365\",\"description\":\"\",\"potentialAction\":[{\"@type\":\"SearchAction\",\"target\":{\"@type\":\"EntryPoint\",\"urlTemplate\":\"https:\/\/onlinelotto365.com\/fi\/?s={search_term_string}\"},\"query-input\":{\"@type\":\"PropertyValueSpecification\",\"valueRequired\":true,\"valueName\":\"search_term_string\"}}],\"inLanguage\":\"fi\"}]}<\/script>\n<!-- \/ Yoast SEO plugin. -->","yoast_head_json":{"title":"Osta Lottoarpoja Verkosta | Verkossa Toimiva Lippupalvelu Kansainv\u00e4lisille Lottotapahtumille","description":"Lottokuponkien ostaminen maailman suosituimpiin lottoihin verkosta, on hauskaa ja helppoa t\u00e4m\u00e4n palvelun kautta. Meill\u00e4 on kaikki tiedot, joita tarvitset alkuun p\u00e4\u00e4st\u00e4ksesi.","robots":{"index":"index","follow":"follow","max-snippet":"max-snippet:-1","max-image-preview":"max-image-preview:large","max-video-preview":"max-video-preview:-1"},"canonical":"https:\/\/onlinelotto365.com\/fi\/osta-lippuja\/","og_locale":"fi_FI","og_type":"article","og_title":"Osta Lottoarpoja Verkosta | Verkossa Toimiva Lippupalvelu Kansainv\u00e4lisille Lottotapahtumille","og_description":"Lottokuponkien ostaminen maailman suosituimpiin lottoihin verkosta, on hauskaa ja helppoa t\u00e4m\u00e4n palvelun kautta. Meill\u00e4 on kaikki tiedot, joita tarvitset alkuun p\u00e4\u00e4st\u00e4ksesi.","og_url":"https:\/\/onlinelotto365.com\/fi\/osta-lippuja\/","og_site_name":"OnlineLotto365","article_modified_time":"2021-03-07T11:01:35+00:00","og_image":[{"url":"https:\/\/redfoxlotto.com\/image?size=8&amp;lottery=euromillions"}],"twitter_card":"summary_large_image","twitter_misc":{"Arvioitu lukuaika":"3 minuuttia"},"schema":{"@context":"https:\/\/schema.org","@graph":[{"@type":"WebPage","@id":"https:\/\/onlinelotto365.com\/fi\/osta-lippuja\/","url":"https:\/\/onlinelotto365.com\/fi\/osta-lippuja\/","name":"Osta Lottoarpoja Verkosta | Verkossa Toimiva Lippupalvelu Kansainv\u00e4lisille Lottotapahtumille","isPartOf":{"@id":"https:\/\/onlinelotto365.com\/fi\/#website"},"primaryImageOfPage":{"@id":"https:\/\/onlinelotto365.com\/fi\/osta-lippuja\/#primaryimage"},"image":{"@id":"https:\/\/onlinelotto365.com\/fi\/osta-lippuja\/#primaryimage"},"thumbnailUrl":"https:\/\/redfoxlotto.com\/image?size=8&amp;lottery=euromillions","datePublished":"2020-12-04T16:02:32+00:00","dateModified":"2021-03-07T11:01:35+00:00","description":"Lottokuponkien ostaminen maailman suosituimpiin lottoihin verkosta, on hauskaa ja helppoa t\u00e4m\u00e4n palvelun kautta. Meill\u00e4 on kaikki tiedot, joita tarvitset alkuun p\u00e4\u00e4st\u00e4ksesi.","breadcrumb":{"@id":"https:\/\/onlinelotto365.com\/fi\/osta-lippuja\/#breadcrumb"},"inLanguage":"fi","potentialAction":[{"@type":"ReadAction","target":["https:\/\/onlinelotto365.com\/fi\/osta-lippuja\/"]}]},{"@type":"ImageObject","inLanguage":"fi","@id":"https:\/\/onlinelotto365.com\/fi\/osta-lippuja\/#primaryimage","url":"https:\/\/redfoxlotto.com\/image?size=8&amp;lottery=euromillions","contentUrl":"https:\/\/redfoxlotto.com\/image?size=8&amp;lottery=euromillions"},{"@type":"BreadcrumbList","@id":"https:\/\/onlinelotto365.com\/fi\/osta-lippuja\/#breadcrumb","itemListElement":[{"@type":"ListItem","position":1,"name":"Home","item":"https:\/\/onlinelotto365.com\/fi\/"},{"@type":"ListItem","position":2,"name":"Osta Lottoarpoja Verkosta"}]},{"@type":"WebSite","@id":"https:\/\/onlinelotto365.com\/fi\/#website","url":"https:\/\/onlinelotto365.com\/fi\/","name":"OnlineLotto365","description":"","potentialAction":[{"@type":"SearchAction","target":{"@type":"EntryPoint","urlTemplate":"https:\/\/onlinelotto365.com\/fi\/?s={search_term_string}"},"query-input":{"@type":"PropertyValueSpecification","valueRequired":true,"valueName":"search_term_string"}}],"inLanguage":"fi"}]}},"_links":{"self":[{"href":"https:\/\/onlinelotto365.com\/fi\/wp-json\/wp\/v2\/pages\/5577","targetHints":{"allow":["GET"]}}],"collection":[{"href":"https:\/\/onlinelotto365.com\/fi\/wp-json\/wp\/v2\/pages"}],"about":[{"href":"https:\/\/onlinelotto365.com\/fi\/wp-json\/wp\/v2\/types\/page"}],"author":[{"embeddable":true,"href":"https:\/\/onlinelotto365.com\/fi\/wp-json\/wp\/v2\/users\/1"}],"replies":[{"embeddable":true,"href":"https:\/\/onlinelotto365.com\/fi\/wp-json\/wp\/v2\/comments?post=5577"}],"version-history":[{"count":0,"href":"https:\/\/onlinelotto365.com\/fi\/wp-json\/wp\/v2\/pages\/5577\/revisions"}],"wp:attachment":[{"href":"https:\/\/onlinelotto365.com\/fi\/wp-json\/wp\/v2\/media?parent=5577"}],"curies":[{"name":"wp","href":"https:\/\/api.w.org\/{rel}","templated":true}]}}