{"id":58088,"date":"2021-03-06T08:28:35","date_gmt":"2021-03-06T07:28:35","guid":{"rendered":"https:\/\/onlinelotto365.com\/?page_id=58088"},"modified":"2021-03-06T08:28:35","modified_gmt":"2021-03-06T07:28:35","slug":"mega-millions","status":"publish","type":"page","link":"https:\/\/onlinelotto365.com\/fi\/pelata\/mega-millions\/","title":{"rendered":"Mega Miljoonat netiss\u00e4"},"content":{"rendered":"<h2>Tietoja Mega Miljoonista:<\/h2>\n<p>T\u00e4m\u00e4 on luultavasti maailman tunnetuin arpajaispeli. Tarjoamalla suomalaisille lotto-harrastajille mahdollisuuden pelata Mega Mijoonia verkossa, pelaajat voivat toteuttaa omia unelmiaan. Jos asut Suomessa, silti voit pelata Mega Miljoonia online-lipukkeella. Palvelumme on t\u00e4ysin lainvoimaista ja tarjoamme sinulle mahdollisuuden osallistua t\u00e4h\u00e4n megalottoon suoraan Yhdysvalloista.<\/p>\n<ul>\n<li>Maa: USA<\/li>\n<li>P\u00e4\u00e4numeroalue: 70<\/li>\n<li>Sinun on valittava: 5<\/li>\n<li>Lis\u00e4numeroalue: 25<\/li>\n<li>Sinun on valittava: 1<\/li>\n<li>P\u00e4iv\u00e4t, arpajaisajat: tiistai, perjantai, 21:00 EST &#8211; +1 p\u00e4iv\u00e4 3:00 CET<\/li>\n<li>Mega Miljoonien j\u00e4ttipotti alkaa summasta: $ 40 miljoonaa<\/li>\n<li>Mega Miljoonien j\u00e4ttipotti on rajattu: ei mihink\u00e4\u00e4n<\/li>\n<li>Mahdollisuus voittaa j\u00e4ttipotti: 1, 175711536:ssa<\/li>\n<li>Mahdollisuus voittaa toisen sijan palkinto: 1, 3819816:ssa.<\/li>\n<li>Mahdollisuus voittaa mik\u00e4\u00e4n palkinto: 1, 24,12:ssa.<\/li>\n<li>Palkintokategorien m\u00e4\u00e4r\u00e4: 9<\/li>\n<\/ul>\n<p><a href=\"https:\/\/redfoxlotto.com\/play\/mega-millions\/?ref=a8564250a2&amp;medium=ol365\" target=\"_blank\" rel=\"noopener noreferrer\"><img decoding=\"async\" class=\"aligncenter\" src=\"https:\/\/redfoxlotto.com\/image?size=8&amp;lottery=mega-millions\" alt=\"Pelaa Mega Miljoonia netiss\u00e4\" \/><\/a><\/p>\n<h2>Mega Miljoonien parhaat ominaisuudet:<\/h2>\n<p>Mega Miljoonien t\u00e4rkein vetovoima on tietysti j\u00e4ttipottien koko. Mega Millions-j\u00e4ttipotti ei koskaan voi olla pienempi kuin 40 miljoonaa dollaria. Joka kerta kun joku voittaa j\u00e4ttipotin, se alkaa uudestaan \u200b\u200bsamasta 40 miljoonan dollarin v\u00e4himm\u00e4ism\u00e4\u00e4r\u00e4st\u00e4. Kahdella arvonnalla viikossa Mega Miljoonat-j\u00e4ttipotti kasvaa todella nopeasti. Yhdysvalloissa miljoonat ihmiset pelaavat Mega Miljoonia viikosta toiseen, ja monet ihmiset muista maista, esimerkiksi Suomesta pelaavat Mega Miljoonia my\u00f6s verkossa.<\/p>\n<p>Joten on normaalia, ett\u00e4 Mega Miljoonien j\u00e4ttipotti kasvaa 10 miljoonaa dollaria jokaisen arvonnan j\u00e4lkeen (ellei joku voita j\u00e4ttipottia). T\u00e4st\u00e4 tulee noin 20 miljoonaa dollaria viikossa, koska arvontoja on kaksi kertaa viikossa.<\/p>\n<p>Ja kun j\u00e4ttipotti kasvaa yli 100 miljoonan dollarin, viel\u00e4 enemm\u00e4n lipukkeita myyd\u00e4\u00e4n sek\u00e4 lotto-kaupoissa ett\u00e4 nettipelaajille. J\u00e4ttipotti on saavuttanut useita kertoja v\u00e4hint\u00e4\u00e4n 400 miljoonaa dollaria. Sen j\u00e4lkeen viikoittainen 100 miljoonan dollarin kasvu on normaalia johtuen r\u00e4j\u00e4ht\u00e4v\u00e4st\u00e4 lippujen myynnist\u00e4. Nykyinen enn\u00e4tysj\u00e4ttipotti on 1500 miljoonaa dollaria (kyll\u00e4, 1,5 miljardia dollaria!)<\/p>\n<h2>Kuinka voit tarkistaa mega miljoonien tulokset:<\/h2>\n<p><img loading=\"lazy\" decoding=\"async\" class=\"alignright wp-image-1026\" src=\"https:\/\/onlinelotto365.com\/wp-content\/uploads\/2020\/11\/online_lottery-85.jpg\" alt=\"Mega Miljoonat Suomi\" width=\"189\" height=\"162\" \/><\/p>\n<p>Jos asut Suomessa tai jossain muussa maassa Yhdysvaltojen ulkopuolella, et todenn\u00e4k\u00f6isesti pysty saamaan voittonumeroita paikallisilta radio- tai tv-kanavilta. Pystyt vierailemaan Mega Miljoonien virallisilla verkkosivuilla, mutta sinulle on yksi paljon helpompikin ratkaisu. Palaat vain verkkosivustollemme ja vilkaiset tulossivuamme. Julkaisemme arvontojen kaikki tulokset t\u00e4\u00e4ll\u00e4.<\/p>\n<p>L\u00e4het\u00e4mme my\u00f6s sinulle s\u00e4hk\u00f6postissa viestin, jossa ilmoitetaan voitostasi &#8211; jos pelasit netiss\u00e4 ja tilill\u00e4si on lipuke Mega Miljoonien sarjaan.<\/p>\n<p>Voit my\u00f6s tarkistaa henkil\u00f6kohtaiset arpajaistesi tulokset pelitilill\u00e4si. Kun olet pelannut Mega Miljoonia verkossa verkkosivullamme, pelaamasi lipuke tai lipukkeet tallennetaan tilillesi. And after the draw, you can go back there and immediately compare your Mega Millions ticket against the latest winning numbers.<\/p>\n<h2>Pelasit Mega Miljoonia verkossa ja voitit &#8211; mit\u00e4 tapahtuu seuraavaksi?<\/h2>\n<p>Jos voitit suuremman palkinnon, meid\u00e4n tukitiimimme l\u00e4hett\u00e4\u00e4 sinulle viestin sis\u00e4lt\u00e4en ohjeet siihen, miten sinun tulee edet\u00e4. Seuraavaksi sinun on t\u00e4ytett\u00e4v\u00e4 meid\u00e4n antama lomake. Palvelutiimimme l\u00e4hett\u00e4\u00e4 lomakkeen arvontakomissiolle. Lomakkeella on my\u00f6s tietoja pankkitilist\u00e4si, tai fyysisest\u00e4 osoitteestasi Suomessa, (tai miss\u00e4 tahansa maassa asutkin), ja sin\u00e4 olet my\u00f6s m\u00e4\u00e4ritt\u00e4nyt toivemaksutapasi siin\u00e4 muodossa. Muutaman p\u00e4iv\u00e4n kuluessa saat rahasi valitsemallasi tavalla.<\/p>\n<p>Ja jos voitat pienemm\u00e4n rahasumman (tarkalleen 2500 \u20ac asti), voitto talletetaan heti pelitilillesi &#8211; tarkista vain pelaajan saldosi. Sitten voit p\u00e4\u00e4tt\u00e4\u00e4, haluatko j\u00e4tt\u00e4\u00e4 rahat sinne ja k\u00e4ytt\u00e4\u00e4 niit\u00e4 jatkossakin pelataksesi enemm\u00e4n Lottoja (tai Mega Milljoonia) verkossa, tai voit aloittaa varojen nostamisen.<\/p>\n","protected":false},"excerpt":{"rendered":"<p>Tietoja Mega Miljoonista: T\u00e4m\u00e4 on luultavasti maailman tunnetuin arpajaispeli. Tarjoamalla suomalaisille lotto-harrastajille mahdollisuuden pelata Mega Mijoonia verkossa, pelaajat voivat toteuttaa omia unelmiaan. Jos asut Suomessa, silti voit pelata Mega Miljoonia online-lipukkeella. Palvelumme on t\u00e4ysin lainvoimaista ja tarjoamme sinulle mahdollisuuden osallistua t\u00e4h\u00e4n megalottoon suoraan Yhdysvalloista. Maa: USA P\u00e4\u00e4numeroalue: 70 Sinun on valittava: 5 Lis\u00e4numeroalue: 25 Sinun [&hellip;]<\/p>\n","protected":false},"author":1,"featured_media":0,"parent":5016,"menu_order":2,"comment_status":"closed","ping_status":"closed","template":"megamillion.php","meta":{"_et_pb_use_builder":"","_et_pb_old_content":"","_et_gb_content_width":"","exclude_from_search":false,"footnotes":""},"class_list":["post-58088","page","type-page","status-publish","hentry"],"yoast_head":"<!-- This site is optimized with the Yoast SEO plugin v23.4 - https:\/\/yoast.com\/wordpress\/plugins\/seo\/ -->\n<title>Pelaa Mega Miljoonia USA netiss\u00e4 | Kuinka suomen kansalaiset voivat laillisesti osallistua Mega Millionsiin<\/title>\n<meta name=\"description\" content=\"Nyt voit my\u00f6s pelata Mega Miljoonia - verkkopalvelumme antaa sinulle mahdollisuuden hankkia Mega Miljoonat -lipukkeita Suomestakin\" \/>\n<meta name=\"robots\" content=\"index, follow, max-snippet:-1, max-image-preview:large, max-video-preview:-1\" \/>\n<link rel=\"canonical\" href=\"https:\/\/onlinelotto365.com\/fi\/pelata\/mega-millions\/\" \/>\n<meta property=\"og:locale\" content=\"fi_FI\" \/>\n<meta property=\"og:type\" content=\"article\" \/>\n<meta property=\"og:title\" content=\"Pelaa Mega Miljoonia USA netiss\u00e4 | Kuinka suomen kansalaiset voivat laillisesti osallistua Mega Millionsiin\" \/>\n<meta property=\"og:description\" content=\"Nyt voit my\u00f6s pelata Mega Miljoonia - verkkopalvelumme antaa sinulle mahdollisuuden hankkia Mega Miljoonat -lipukkeita Suomestakin\" \/>\n<meta property=\"og:url\" content=\"https:\/\/onlinelotto365.com\/fi\/pelata\/mega-millions\/\" \/>\n<meta property=\"og:site_name\" content=\"OnlineLotto365\" \/>\n<meta property=\"og:image\" content=\"https:\/\/redfoxlotto.com\/image?size=8&amp;lottery=mega-millions\" \/>\n<meta name=\"twitter:card\" content=\"summary_large_image\" \/>\n<meta name=\"twitter:label1\" content=\"Arvioitu lukuaika\" \/>\n\t<meta name=\"twitter:data1\" content=\"3 minuuttia\" \/>\n<script type=\"application\/ld+json\" class=\"yoast-schema-graph\">{\"@context\":\"https:\/\/schema.org\",\"@graph\":[{\"@type\":\"WebPage\",\"@id\":\"https:\/\/onlinelotto365.com\/fi\/pelata\/mega-millions\/\",\"url\":\"https:\/\/onlinelotto365.com\/fi\/pelata\/mega-millions\/\",\"name\":\"Pelaa Mega Miljoonia USA netiss\u00e4 | Kuinka suomen kansalaiset voivat laillisesti osallistua Mega Millionsiin\",\"isPartOf\":{\"@id\":\"https:\/\/onlinelotto365.com\/fi\/#website\"},\"primaryImageOfPage\":{\"@id\":\"https:\/\/onlinelotto365.com\/fi\/pelata\/mega-millions\/#primaryimage\"},\"image\":{\"@id\":\"https:\/\/onlinelotto365.com\/fi\/pelata\/mega-millions\/#primaryimage\"},\"thumbnailUrl\":\"https:\/\/redfoxlotto.com\/image?size=8&amp;lottery=mega-millions\",\"datePublished\":\"2021-03-06T07:28:35+00:00\",\"dateModified\":\"2021-03-06T07:28:35+00:00\",\"description\":\"Nyt voit my\u00f6s pelata Mega Miljoonia - verkkopalvelumme antaa sinulle mahdollisuuden hankkia Mega Miljoonat -lipukkeita Suomestakin\",\"breadcrumb\":{\"@id\":\"https:\/\/onlinelotto365.com\/fi\/pelata\/mega-millions\/#breadcrumb\"},\"inLanguage\":\"fi\",\"potentialAction\":[{\"@type\":\"ReadAction\",\"target\":[\"https:\/\/onlinelotto365.com\/fi\/pelata\/mega-millions\/\"]}]},{\"@type\":\"ImageObject\",\"inLanguage\":\"fi\",\"@id\":\"https:\/\/onlinelotto365.com\/fi\/pelata\/mega-millions\/#primaryimage\",\"url\":\"https:\/\/redfoxlotto.com\/image?size=8&amp;lottery=mega-millions\",\"contentUrl\":\"https:\/\/redfoxlotto.com\/image?size=8&amp;lottery=mega-millions\"},{\"@type\":\"BreadcrumbList\",\"@id\":\"https:\/\/onlinelotto365.com\/fi\/pelata\/mega-millions\/#breadcrumb\",\"itemListElement\":[{\"@type\":\"ListItem\",\"position\":1,\"name\":\"Home\",\"item\":\"https:\/\/onlinelotto365.com\/fi\/\"},{\"@type\":\"ListItem\",\"position\":2,\"name\":\"Kaikki mit\u00e4 sinun pit\u00e4\u00e4 tiet\u00e4\u00e4 vaihtoehdoistasi pelata parhaita arpapelej\u00e4 netiss\u00e4.\",\"item\":\"https:\/\/onlinelotto365.com\/fi\/pelata\/\"},{\"@type\":\"ListItem\",\"position\":3,\"name\":\"Mega Miljoonat netiss\u00e4\"}]},{\"@type\":\"WebSite\",\"@id\":\"https:\/\/onlinelotto365.com\/fi\/#website\",\"url\":\"https:\/\/onlinelotto365.com\/fi\/\",\"name\":\"OnlineLotto365\",\"description\":\"\",\"potentialAction\":[{\"@type\":\"SearchAction\",\"target\":{\"@type\":\"EntryPoint\",\"urlTemplate\":\"https:\/\/onlinelotto365.com\/fi\/?s={search_term_string}\"},\"query-input\":{\"@type\":\"PropertyValueSpecification\",\"valueRequired\":true,\"valueName\":\"search_term_string\"}}],\"inLanguage\":\"fi\"}]}<\/script>\n<!-- \/ Yoast SEO plugin. -->","yoast_head_json":{"title":"Pelaa Mega Miljoonia USA netiss\u00e4 | Kuinka suomen kansalaiset voivat laillisesti osallistua Mega Millionsiin","description":"Nyt voit my\u00f6s pelata Mega Miljoonia - verkkopalvelumme antaa sinulle mahdollisuuden hankkia Mega Miljoonat -lipukkeita Suomestakin","robots":{"index":"index","follow":"follow","max-snippet":"max-snippet:-1","max-image-preview":"max-image-preview:large","max-video-preview":"max-video-preview:-1"},"canonical":"https:\/\/onlinelotto365.com\/fi\/pelata\/mega-millions\/","og_locale":"fi_FI","og_type":"article","og_title":"Pelaa Mega Miljoonia USA netiss\u00e4 | Kuinka suomen kansalaiset voivat laillisesti osallistua Mega Millionsiin","og_description":"Nyt voit my\u00f6s pelata Mega Miljoonia - verkkopalvelumme antaa sinulle mahdollisuuden hankkia Mega Miljoonat -lipukkeita Suomestakin","og_url":"https:\/\/onlinelotto365.com\/fi\/pelata\/mega-millions\/","og_site_name":"OnlineLotto365","og_image":[{"url":"https:\/\/redfoxlotto.com\/image?size=8&amp;lottery=mega-millions"}],"twitter_card":"summary_large_image","twitter_misc":{"Arvioitu lukuaika":"3 minuuttia"},"schema":{"@context":"https:\/\/schema.org","@graph":[{"@type":"WebPage","@id":"https:\/\/onlinelotto365.com\/fi\/pelata\/mega-millions\/","url":"https:\/\/onlinelotto365.com\/fi\/pelata\/mega-millions\/","name":"Pelaa Mega Miljoonia USA netiss\u00e4 | Kuinka suomen kansalaiset voivat laillisesti osallistua Mega Millionsiin","isPartOf":{"@id":"https:\/\/onlinelotto365.com\/fi\/#website"},"primaryImageOfPage":{"@id":"https:\/\/onlinelotto365.com\/fi\/pelata\/mega-millions\/#primaryimage"},"image":{"@id":"https:\/\/onlinelotto365.com\/fi\/pelata\/mega-millions\/#primaryimage"},"thumbnailUrl":"https:\/\/redfoxlotto.com\/image?size=8&amp;lottery=mega-millions","datePublished":"2021-03-06T07:28:35+00:00","dateModified":"2021-03-06T07:28:35+00:00","description":"Nyt voit my\u00f6s pelata Mega Miljoonia - verkkopalvelumme antaa sinulle mahdollisuuden hankkia Mega Miljoonat -lipukkeita Suomestakin","breadcrumb":{"@id":"https:\/\/onlinelotto365.com\/fi\/pelata\/mega-millions\/#breadcrumb"},"inLanguage":"fi","potentialAction":[{"@type":"ReadAction","target":["https:\/\/onlinelotto365.com\/fi\/pelata\/mega-millions\/"]}]},{"@type":"ImageObject","inLanguage":"fi","@id":"https:\/\/onlinelotto365.com\/fi\/pelata\/mega-millions\/#primaryimage","url":"https:\/\/redfoxlotto.com\/image?size=8&amp;lottery=mega-millions","contentUrl":"https:\/\/redfoxlotto.com\/image?size=8&amp;lottery=mega-millions"},{"@type":"BreadcrumbList","@id":"https:\/\/onlinelotto365.com\/fi\/pelata\/mega-millions\/#breadcrumb","itemListElement":[{"@type":"ListItem","position":1,"name":"Home","item":"https:\/\/onlinelotto365.com\/fi\/"},{"@type":"ListItem","position":2,"name":"Kaikki mit\u00e4 sinun pit\u00e4\u00e4 tiet\u00e4\u00e4 vaihtoehdoistasi pelata parhaita arpapelej\u00e4 netiss\u00e4.","item":"https:\/\/onlinelotto365.com\/fi\/pelata\/"},{"@type":"ListItem","position":3,"name":"Mega Miljoonat netiss\u00e4"}]},{"@type":"WebSite","@id":"https:\/\/onlinelotto365.com\/fi\/#website","url":"https:\/\/onlinelotto365.com\/fi\/","name":"OnlineLotto365","description":"","potentialAction":[{"@type":"SearchAction","target":{"@type":"EntryPoint","urlTemplate":"https:\/\/onlinelotto365.com\/fi\/?s={search_term_string}"},"query-input":{"@type":"PropertyValueSpecification","valueRequired":true,"valueName":"search_term_string"}}],"inLanguage":"fi"}]}},"_links":{"self":[{"href":"https:\/\/onlinelotto365.com\/fi\/wp-json\/wp\/v2\/pages\/58088","targetHints":{"allow":["GET"]}}],"collection":[{"href":"https:\/\/onlinelotto365.com\/fi\/wp-json\/wp\/v2\/pages"}],"about":[{"href":"https:\/\/onlinelotto365.com\/fi\/wp-json\/wp\/v2\/types\/page"}],"author":[{"embeddable":true,"href":"https:\/\/onlinelotto365.com\/fi\/wp-json\/wp\/v2\/users\/1"}],"replies":[{"embeddable":true,"href":"https:\/\/onlinelotto365.com\/fi\/wp-json\/wp\/v2\/comments?post=58088"}],"version-history":[{"count":0,"href":"https:\/\/onlinelotto365.com\/fi\/wp-json\/wp\/v2\/pages\/58088\/revisions"}],"up":[{"embeddable":true,"href":"https:\/\/onlinelotto365.com\/fi\/wp-json\/wp\/v2\/pages\/5016"}],"wp:attachment":[{"href":"https:\/\/onlinelotto365.com\/fi\/wp-json\/wp\/v2\/media?parent=58088"}],"curies":[{"name":"wp","href":"https:\/\/api.w.org\/{rel}","templated":true}]}}