{"id":58289,"date":"2021-03-09T12:07:39","date_gmt":"2021-03-09T11:07:39","guid":{"rendered":"https:\/\/onlinelotto365.com\/?page_id=58289"},"modified":"2021-03-09T12:14:26","modified_gmt":"2021-03-09T11:14:26","slug":"voittonumerot","status":"publish","type":"page","link":"https:\/\/onlinelotto365.com\/fi\/voittonumerot\/","title":{"rendered":"L\u00f6yd\u00e4 voittonumerot ja tulokset uusimmista lottoarpajaisista"},"content":{"rendered":"<p>T\u00e4\u00e4lt\u00e4 l\u00f6yd\u00e4t maailman suurimpien kansainv\u00e4listen arvontojen voittonumerot. Jos olet pelannut joissakin n\u00e4ist\u00e4 kansainv\u00e4lisist\u00e4 arvonnoista, toivomme lipukkeesi numeron olevan voittava! Ja muuten, tied\u00e4tk\u00f6 siit\u00e4, ett\u00e4 pelaajat ovat voittaneet useita kertoja suuria voittoja historiassa k\u00e4ytt\u00e4m\u00e4ll\u00e4 ulkomaisten arvontojen voittonumeroita pelatakseen niit\u00e4 omissa paikallisissa arvonnoissa?<\/p>\n<p>Mutta mik\u00e4 t\u00e4rkeint\u00e4, et luultavasti tiennyt, ett\u00e4 sinulla on nyt mahdollisuus osallistua planeetan suurimpaan arvontaan &#8211; jopa suurempiin kuin vain oman maasi mittakaavalla! Halusitpa sitten pelata Powerballin, Mega Miljoonia, Euromiljoonia tai mit\u00e4 tahansa muuta t\u00e4\u00e4ll\u00e4 tarjolla olevista arvonnoista, voit saada lipukkeita verkossa nyt. Voit osallistua painamalla lempipelisi &#8221;Pelaa&#8221; -painiketta alla olevien tulosten vieress\u00e4. Muutamassa minuutissa sin\u00e4 saat lipukeesi. Henkil\u00f6kohtaisesti suosittelemme, ett\u00e4 katsot j\u00e4ttipottien kokoja ja valitset arvonnan, jossa on t\u00e4ll\u00e4 hetkell\u00e4 suurin j\u00e4ttipotti!<br \/>\n<a href=\"https:\/\/redfoxlotto.com\/?ref=a8564250a2&amp;medium=ol365\" target=\"_blank\" rel=\"noopener noreferrer\"><img loading=\"lazy\" decoding=\"async\" class=\"aligncenter\" src=\"https:\/\/redfoxlotto.com\/image?size=8&amp;lottery=eurojackpot\" alt=\"eurojackpot\" width=\"720\" height=\"90\" \/><\/a><\/p>\n<h2>Kuinka voit tarkistaa t\u00e4m\u00e4n p\u00e4iv\u00e4n lottotulokset<\/h2>\n<p>Rakastatko Loton pelaamista? Ehk\u00e4 pelaat sit\u00e4 useita kertoja p\u00e4iv\u00e4ss\u00e4, tai pelaat sit\u00e4 joka p\u00e4iv\u00e4, tai ehk\u00e4p\u00e4 pelaat vain silloin t\u00e4ll\u00f6in. Riippumatta siit\u00e4, kuinka usein sin\u00e4 pelaat pelaat, haluat kuitenkin olla varma, ett\u00e4 tied\u00e4t aina voittonumerot. Et koskaan halua vaarantaa maksuasi, koska et tarkista numeroita. Joten miten saisit selville arvontatuloksen t\u00e4n\u00e4\u00e4n? Se on oikeastaan \u200b\u200bhelpompaa kuin voisi luulla, koska tarjolla on joukko erilaisia \u200b\u200bvaihtoehtoja.<\/p>\n<h2>Mist\u00e4 l\u00f6yd\u00e4t arvontojen tulokset t\u00e4n\u00e4\u00e4n<\/h2>\n<p>Etsitk\u00f6 tuloksia heti? Heti kun niit\u00e4 on saatavilla? Jos aiot sitten palata online-lipukepalveluun. Tulet varmasti olemaan tyytyv\u00e4inen, koska arvontojen tulokset ovat saatavilla paitsi arvontap\u00e4iv\u00e4n\u00e4, my\u00f6s heti arvonnanalkamishetkell\u00e4. Joten jos olet k\u00e4rsim\u00e4t\u00f6n, sinulla ei ole ongelmia saada tulokset heti, kun ne ovat saatavilla. Puhumattakaan siit\u00e4, ett\u00e4 sen pit\u00e4isi olla valmis ja pysty\u00e4 aloittamaan seuraavan numerosarjan pelaus heti, kun tied\u00e4t, oletko saanut voittoa vai et.<\/p>\n<h2>Kirjaudu sis\u00e4\u00e4n ja tarkista Omat liput -kohta<\/h2>\n<p><img loading=\"lazy\" decoding=\"async\" class=\"alignright wp-image-1037\" src=\"https:\/\/onlinelotto365.com\/wp-content\/uploads\/2020\/11\/online_lottery-86-300x228.jpg\" alt=\"Tarkista voittavat arpajaisnumerot\" width=\"218\" height=\"166\" \/><br \/>\nK\u00e4tevin ja turvallisin tapa selvitt\u00e4\u00e4, oletko saanut voittoja, on kirjautua tilillesi ja tarkistaa sinulla olevat lipukkeesi. Kun arvontatulokset ovat saapuneet, voit verrata helposti lippujasi voittonumeroihin. Verkkolipussa ei my\u00f6sk\u00e4\u00e4n ole vaaraa menett\u00e4\u00e4 lipuketta. Ne ovat aina t\u00e4\u00e4ll\u00e4, tilill\u00e4si. Ja me my\u00f6s ilmoitamme sinulle kaikista voitoistasi!<\/p>\n<p>Jos olet ostanut lipukkeita kauttamme verkosta, saat aina s\u00e4hk\u00f6posti-ilmoituksen, kun olet voittanut jotain. Tietysti on my\u00f6s t\u00e4rke\u00e4\u00e4, ett\u00e4 s\u00e4hk\u00f6postipalveluntarjoajasi ei siirr\u00e4 s\u00e4hk\u00f6postejasi roskapostiin- tai roskapostihakemistoon. Muistathan lis\u00e4t\u00e4 meid\u00e4t luotettujen s\u00e4hk\u00f6postiviestien l\u00e4hett\u00e4j\u00e4luetteloosi.<\/p>\n<h2>Tarkista se my\u00f6hemmin<\/h2>\n<p>Jos sinua ei heti kiinnosta, kuinka arvonta menee heti, kun se tapahtuu, voit tarkistaa useita eri vaihtoehtoja l\u00f6yt\u00e4\u00e4ksesi tuloksen my\u00f6hemmin. Jotkut n\u00e4ist\u00e4 ovat heti arvonnan tapahtuessa, ja jotkut eiv\u00e4t v\u00e4ltt\u00e4m\u00e4tt\u00e4 ole kuin vasta seuraavana p\u00e4iv\u00e4n\u00e4, joten sinun tulee p\u00e4\u00e4tt\u00e4\u00e4, mik\u00e4 menetelm\u00e4 on paras ja miten haluat etsi\u00e4 numeroita. Jos olet halukas odottamaan esimerkiksi pidemp\u00e4\u00e4n, voit tarkistaa sanomalehden arvontaa seuraavana p\u00e4iv\u00e4n\u00e4. Jos haluat tiet\u00e4\u00e4 sen heti, on virallisia verkkosivustoja, joista voit tarkistaa lis\u00e4tietoja saadaksesi heti arvonnan olemisen j\u00e4lkeen.<\/p>\n<p>Jos haluat tiet\u00e4\u00e4 tuloksen nopeasti, mutta et halua tai et voi katsella suoraa arvontaa, seuraava paras vaihtoehto on p\u00e4\u00e4st\u00e4 verkkoon. Hienoa, l\u00f6yd\u00e4t kaikki suurimpien arvontojen ja j\u00e4ttipottien arpajaistulokset, joten tied\u00e4t aina t\u00e4m\u00e4n p\u00e4iv\u00e4n arpajaistulokset. T\u00e4m\u00e4n palvelun avulla voit kirjautua sis\u00e4\u00e4n, ja n\u00e4hd\u00e4 kaiken kotisivullesi j\u00e4rjestetyn version viimeisimm\u00e4st\u00e4 arvonnasta vanhimpaan, jotta voit tutkia mit\u00e4 haluat. Puhumattakaan siit\u00e4, kuinka voit n\u00e4hd\u00e4, miss\u00e4 sit\u00e4 pelataan ja mik\u00e4 on kokonaismaksu voitosta. Joten sinulla on kaikki mit\u00e4 sinun tarvitsee tiet\u00e4\u00e4.Jos haluat tiet\u00e4\u00e4 tuloksen nopeasti, mutta et halua tai et voi katsella suoraa arvontaa, seuraava paras vaihtoehto on p\u00e4\u00e4st\u00e4 verkkoon. Hienoa, l\u00f6yd\u00e4t kaikki suurimpien arvontojen ja j\u00e4ttipottien arpajaistulokset, joten tied\u00e4t aina t\u00e4m\u00e4n p\u00e4iv\u00e4n arpajaistulokset. T\u00e4m\u00e4n palvelun avulla voit kirjautua sis\u00e4\u00e4n, ja n\u00e4hd\u00e4 kaiken kotisivullesi j\u00e4rjestetyn version viimeisimm\u00e4st\u00e4 arvonnasta vanhimpaan, jotta voit tutkia mit\u00e4 haluat. Puhumattakaan siit\u00e4, kuinka voit n\u00e4hd\u00e4, miss\u00e4 sit\u00e4 pelataan ja mik\u00e4 on kokonaismaksu voitosta. Joten sinulla on kaikki mit\u00e4 sinun tarvitsee tiet\u00e4\u00e4.<\/p>\n<h2>L\u00f6yd\u00e4 voittojen suuruudet<\/h2>\n<p>Joten, mit\u00e4 jos olet jo tarkastellut numeroita, mutta haluat nyt tiet\u00e4\u00e4 enemm\u00e4n voittomaksuista? Se on oikeastaan \u200b\u200baika yksinkertaista. N\u00e4m\u00e4 kyseiset tiedot ovat my\u00f6s t\u00e4\u00e4ll\u00e4, ja p\u00e4ivit\u00e4mme niit\u00e4 reaaliajassa.<\/p>\n<h2>Online-palkintojen lunastaminen<\/h2>\n<p>Jos voitat netiss\u00e4 palkinnon, menettely poikkeaa siit\u00e4, mit\u00e4 sinun pit\u00e4isi tehd\u00e4, jos voitat myym\u00e4l\u00e4st\u00e4 ostetulla lipukkeella. Jos voitat yli 2500 euron summan, sinun on t\u00e4ytett\u00e4v\u00e4 lomake verkko-alustan kautta lunastaaksesi palkintosi itsellesi. Me hoidamme kaiken muun sinun puolestasi.<\/p>\n<p>Alle 2500 euron voitot siirret\u00e4\u00e4n v\u00e4litt\u00f6m\u00e4sti sivustosi pelaajatilillesi. Sielt\u00e4 voit joko k\u00e4ytt\u00e4\u00e4 lis\u00e4\u00e4 varoja lipukkeita varten tai aloittaa nostaa varoja.<\/p>\n<h2>Yhteenveto<\/h2>\n<p>Jos etsit t\u00e4m\u00e4n p\u00e4iv\u00e4n arpajaistuloksia, on t\u00e4rke\u00e4\u00e4, mist\u00e4 etsi\u00e4. Tarkoittaako t\u00e4m\u00e4 nettihakua, suorana katsoista vai asian tarkistamista seuraavana p\u00e4iv\u00e4n\u00e4, prosessin kanssa ei ole ongelmaa. Pystyt seuraamaan numeroitasi ja voittamia numeroitasi. Ja voit aloittaa suosikkilottopeliesi pelaamisen, ja jopa l\u00f6yt\u00e4\u00e4 muutamia uusia pelej\u00e4 t\u00e4ysin eri puolilta maailmaa. Mik\u00e4 voi olla parempaa?<\/p>\n","protected":false},"excerpt":{"rendered":"<p>T\u00e4\u00e4lt\u00e4 l\u00f6yd\u00e4t maailman suurimpien kansainv\u00e4listen arvontojen voittonumerot. Jos olet pelannut joissakin n\u00e4ist\u00e4 kansainv\u00e4lisist\u00e4 arvonnoista, toivomme lipukkeesi numeron olevan voittava! Ja muuten, tied\u00e4tk\u00f6 siit\u00e4, ett\u00e4 pelaajat ovat voittaneet useita kertoja suuria voittoja historiassa k\u00e4ytt\u00e4m\u00e4ll\u00e4 ulkomaisten arvontojen voittonumeroita pelatakseen niit\u00e4 omissa paikallisissa arvonnoissa? Mutta mik\u00e4 t\u00e4rkeint\u00e4, et luultavasti tiennyt, ett\u00e4 sinulla on nyt mahdollisuus osallistua planeetan suurimpaan [&hellip;]<\/p>\n","protected":false},"author":1,"featured_media":0,"parent":0,"menu_order":4,"comment_status":"closed","ping_status":"closed","template":"Results.php","meta":{"_et_pb_use_builder":"","_et_pb_old_content":"","_et_gb_content_width":"","exclude_from_search":false,"footnotes":""},"class_list":["post-58289","page","type-page","status-publish","hentry"],"yoast_head":"<!-- This site is optimized with the Yoast SEO plugin v23.4 - https:\/\/yoast.com\/wordpress\/plugins\/seo\/ -->\n<title>Voittavat arpajaisnumerot ja tulokset maailman suurimmille j\u00e4ttipoteille.<\/title>\n<meta name=\"description\" content=\"T\u00e4\u00e4lt\u00e4 tulet l\u00f6yt\u00e4m\u00e4\u00e4n t\u00e4m\u00e4n viikon lottotulokset ja suurimpien arpajaisten voittonumerot\" \/>\n<meta name=\"robots\" content=\"index, follow, max-snippet:-1, max-image-preview:large, max-video-preview:-1\" \/>\n<link rel=\"canonical\" href=\"https:\/\/onlinelotto365.com\/fi\/voittonumerot\/\" \/>\n<meta property=\"og:locale\" content=\"fi_FI\" \/>\n<meta property=\"og:type\" content=\"article\" \/>\n<meta property=\"og:title\" content=\"Voittavat arpajaisnumerot ja tulokset maailman suurimmille j\u00e4ttipoteille.\" \/>\n<meta property=\"og:description\" content=\"T\u00e4\u00e4lt\u00e4 tulet l\u00f6yt\u00e4m\u00e4\u00e4n t\u00e4m\u00e4n viikon lottotulokset ja suurimpien arpajaisten voittonumerot\" \/>\n<meta property=\"og:url\" content=\"https:\/\/onlinelotto365.com\/fi\/voittonumerot\/\" \/>\n<meta property=\"og:site_name\" content=\"OnlineLotto365\" \/>\n<meta property=\"article:modified_time\" content=\"2021-03-09T11:14:26+00:00\" \/>\n<meta property=\"og:image\" content=\"https:\/\/redfoxlotto.com\/image?size=8&amp;lottery=eurojackpot\" \/>\n<meta name=\"twitter:card\" content=\"summary_large_image\" \/>\n<meta name=\"twitter:label1\" content=\"Arvioitu lukuaika\" \/>\n\t<meta name=\"twitter:data1\" content=\"4 minuuttia\" \/>\n<script type=\"application\/ld+json\" class=\"yoast-schema-graph\">{\"@context\":\"https:\/\/schema.org\",\"@graph\":[{\"@type\":\"WebPage\",\"@id\":\"https:\/\/onlinelotto365.com\/fi\/voittonumerot\/\",\"url\":\"https:\/\/onlinelotto365.com\/fi\/voittonumerot\/\",\"name\":\"Voittavat arpajaisnumerot ja tulokset maailman suurimmille j\u00e4ttipoteille.\",\"isPartOf\":{\"@id\":\"https:\/\/onlinelotto365.com\/fi\/#website\"},\"primaryImageOfPage\":{\"@id\":\"https:\/\/onlinelotto365.com\/fi\/voittonumerot\/#primaryimage\"},\"image\":{\"@id\":\"https:\/\/onlinelotto365.com\/fi\/voittonumerot\/#primaryimage\"},\"thumbnailUrl\":\"https:\/\/redfoxlotto.com\/image?size=8&amp;lottery=eurojackpot\",\"datePublished\":\"2021-03-09T11:07:39+00:00\",\"dateModified\":\"2021-03-09T11:14:26+00:00\",\"description\":\"T\u00e4\u00e4lt\u00e4 tulet l\u00f6yt\u00e4m\u00e4\u00e4n t\u00e4m\u00e4n viikon lottotulokset ja suurimpien arpajaisten voittonumerot\",\"breadcrumb\":{\"@id\":\"https:\/\/onlinelotto365.com\/fi\/voittonumerot\/#breadcrumb\"},\"inLanguage\":\"fi\",\"potentialAction\":[{\"@type\":\"ReadAction\",\"target\":[\"https:\/\/onlinelotto365.com\/fi\/voittonumerot\/\"]}]},{\"@type\":\"ImageObject\",\"inLanguage\":\"fi\",\"@id\":\"https:\/\/onlinelotto365.com\/fi\/voittonumerot\/#primaryimage\",\"url\":\"https:\/\/redfoxlotto.com\/image?size=8&amp;lottery=eurojackpot\",\"contentUrl\":\"https:\/\/redfoxlotto.com\/image?size=8&amp;lottery=eurojackpot\"},{\"@type\":\"BreadcrumbList\",\"@id\":\"https:\/\/onlinelotto365.com\/fi\/voittonumerot\/#breadcrumb\",\"itemListElement\":[{\"@type\":\"ListItem\",\"position\":1,\"name\":\"Home\",\"item\":\"https:\/\/onlinelotto365.com\/fi\/\"},{\"@type\":\"ListItem\",\"position\":2,\"name\":\"L\u00f6yd\u00e4 voittonumerot ja tulokset uusimmista lottoarpajaisista\"}]},{\"@type\":\"WebSite\",\"@id\":\"https:\/\/onlinelotto365.com\/fi\/#website\",\"url\":\"https:\/\/onlinelotto365.com\/fi\/\",\"name\":\"OnlineLotto365\",\"description\":\"\",\"potentialAction\":[{\"@type\":\"SearchAction\",\"target\":{\"@type\":\"EntryPoint\",\"urlTemplate\":\"https:\/\/onlinelotto365.com\/fi\/?s={search_term_string}\"},\"query-input\":{\"@type\":\"PropertyValueSpecification\",\"valueRequired\":true,\"valueName\":\"search_term_string\"}}],\"inLanguage\":\"fi\"}]}<\/script>\n<!-- \/ Yoast SEO plugin. -->","yoast_head_json":{"title":"Voittavat arpajaisnumerot ja tulokset maailman suurimmille j\u00e4ttipoteille.","description":"T\u00e4\u00e4lt\u00e4 tulet l\u00f6yt\u00e4m\u00e4\u00e4n t\u00e4m\u00e4n viikon lottotulokset ja suurimpien arpajaisten voittonumerot","robots":{"index":"index","follow":"follow","max-snippet":"max-snippet:-1","max-image-preview":"max-image-preview:large","max-video-preview":"max-video-preview:-1"},"canonical":"https:\/\/onlinelotto365.com\/fi\/voittonumerot\/","og_locale":"fi_FI","og_type":"article","og_title":"Voittavat arpajaisnumerot ja tulokset maailman suurimmille j\u00e4ttipoteille.","og_description":"T\u00e4\u00e4lt\u00e4 tulet l\u00f6yt\u00e4m\u00e4\u00e4n t\u00e4m\u00e4n viikon lottotulokset ja suurimpien arpajaisten voittonumerot","og_url":"https:\/\/onlinelotto365.com\/fi\/voittonumerot\/","og_site_name":"OnlineLotto365","article_modified_time":"2021-03-09T11:14:26+00:00","og_image":[{"url":"https:\/\/redfoxlotto.com\/image?size=8&amp;lottery=eurojackpot"}],"twitter_card":"summary_large_image","twitter_misc":{"Arvioitu lukuaika":"4 minuuttia"},"schema":{"@context":"https:\/\/schema.org","@graph":[{"@type":"WebPage","@id":"https:\/\/onlinelotto365.com\/fi\/voittonumerot\/","url":"https:\/\/onlinelotto365.com\/fi\/voittonumerot\/","name":"Voittavat arpajaisnumerot ja tulokset maailman suurimmille j\u00e4ttipoteille.","isPartOf":{"@id":"https:\/\/onlinelotto365.com\/fi\/#website"},"primaryImageOfPage":{"@id":"https:\/\/onlinelotto365.com\/fi\/voittonumerot\/#primaryimage"},"image":{"@id":"https:\/\/onlinelotto365.com\/fi\/voittonumerot\/#primaryimage"},"thumbnailUrl":"https:\/\/redfoxlotto.com\/image?size=8&amp;lottery=eurojackpot","datePublished":"2021-03-09T11:07:39+00:00","dateModified":"2021-03-09T11:14:26+00:00","description":"T\u00e4\u00e4lt\u00e4 tulet l\u00f6yt\u00e4m\u00e4\u00e4n t\u00e4m\u00e4n viikon lottotulokset ja suurimpien arpajaisten voittonumerot","breadcrumb":{"@id":"https:\/\/onlinelotto365.com\/fi\/voittonumerot\/#breadcrumb"},"inLanguage":"fi","potentialAction":[{"@type":"ReadAction","target":["https:\/\/onlinelotto365.com\/fi\/voittonumerot\/"]}]},{"@type":"ImageObject","inLanguage":"fi","@id":"https:\/\/onlinelotto365.com\/fi\/voittonumerot\/#primaryimage","url":"https:\/\/redfoxlotto.com\/image?size=8&amp;lottery=eurojackpot","contentUrl":"https:\/\/redfoxlotto.com\/image?size=8&amp;lottery=eurojackpot"},{"@type":"BreadcrumbList","@id":"https:\/\/onlinelotto365.com\/fi\/voittonumerot\/#breadcrumb","itemListElement":[{"@type":"ListItem","position":1,"name":"Home","item":"https:\/\/onlinelotto365.com\/fi\/"},{"@type":"ListItem","position":2,"name":"L\u00f6yd\u00e4 voittonumerot ja tulokset uusimmista lottoarpajaisista"}]},{"@type":"WebSite","@id":"https:\/\/onlinelotto365.com\/fi\/#website","url":"https:\/\/onlinelotto365.com\/fi\/","name":"OnlineLotto365","description":"","potentialAction":[{"@type":"SearchAction","target":{"@type":"EntryPoint","urlTemplate":"https:\/\/onlinelotto365.com\/fi\/?s={search_term_string}"},"query-input":{"@type":"PropertyValueSpecification","valueRequired":true,"valueName":"search_term_string"}}],"inLanguage":"fi"}]}},"_links":{"self":[{"href":"https:\/\/onlinelotto365.com\/fi\/wp-json\/wp\/v2\/pages\/58289","targetHints":{"allow":["GET"]}}],"collection":[{"href":"https:\/\/onlinelotto365.com\/fi\/wp-json\/wp\/v2\/pages"}],"about":[{"href":"https:\/\/onlinelotto365.com\/fi\/wp-json\/wp\/v2\/types\/page"}],"author":[{"embeddable":true,"href":"https:\/\/onlinelotto365.com\/fi\/wp-json\/wp\/v2\/users\/1"}],"replies":[{"embeddable":true,"href":"https:\/\/onlinelotto365.com\/fi\/wp-json\/wp\/v2\/comments?post=58289"}],"version-history":[{"count":0,"href":"https:\/\/onlinelotto365.com\/fi\/wp-json\/wp\/v2\/pages\/58289\/revisions"}],"wp:attachment":[{"href":"https:\/\/onlinelotto365.com\/fi\/wp-json\/wp\/v2\/media?parent=58289"}],"curies":[{"name":"wp","href":"https:\/\/api.w.org\/{rel}","templated":true}]}}