{"id":79087,"date":"2022-11-01T11:39:31","date_gmt":"2022-11-01T10:39:31","guid":{"rendered":"https:\/\/onlinelotto365.com\/?page_id=79087"},"modified":"2022-11-09T12:50:07","modified_gmt":"2022-11-09T11:50:07","slug":"mon-wed-lotto","status":"publish","type":"page","link":"https:\/\/onlinelotto365.com\/fi\/pelata\/mon-wed-lotto\/","title":{"rendered":"Pelaaminen Mon &#038; Wed Lotto Australia on vain yksi vaihtoehdoista lotto faneille Suomi"},"content":{"rendered":"<h2>Kuinka pelata Mon &amp; Wed Lotto Australiaa verkossa<\/h2>\n<p>Jos olet Suomessa, ei tarvitse olla vaikeaa pelata Mon &amp; Wed Lotto Australiaa netiss\u00e4. Sinun tarvitsee vain keksi\u00e4, mill\u00e4 tavalla teet sen ja miten saat haluamasi liput seuraavaan arvontaan. Me voimme auttaa sinua siin\u00e4.<\/p>\n<p>J\u00e4rjestelm\u00e4mme varmistaa, ett\u00e4 olet koko ajan oikeilla j\u00e4ljill\u00e4. Sinun tarvitsee vain luoda tilisi, valita haluamasi liput ja numerot ja maksaa ne sitten haluamallasi maksutavalla. Juuri noin, ja olet valmiina l\u00e4htem\u00e4\u00e4n ja odottamaan seuraavaa arvontatilaisuutta, jotta voit tarkistaa lippusi.<\/p>\n<p>Jos olet valmis valitsemaan ne ensimm\u00e4iset liput, sinun on vain valittava oikea peli. T\u00e4ss\u00e4 tapauksessa puhumme Mon &amp; Wed Lotto Australiasta. Valitse siis oikea peli ja aloita numeroiden valitseminen.<br \/>\nTai valitse pikavalinta, jossa tietokone valitsee satunnaiset numerot puolestasi. Voit jopa viel\u00e4 muuttaa numeroita, jos muutat mielesi, jotta saat haluamasi numerot jokaiseen arvontaan.<\/p>\n<p>Kun olet valinnut ma ja ke Lotto Australia -numerot, voit valita liput muihin peleihin, joita haluat pelata, ja l\u00e4hte\u00e4 kassalle. Kassaprosessi on turvallinen ja varmistaa, ett\u00e4 sin\u00e4 olet se, joka ostaa liput. Sinun on vahvistettava tilisi (ja luotava sellainen), mink\u00e4 j\u00e4lkeen voit alkaa ostaa haluamiasi lippuja.<\/p>\n<p>Luo vain tili henkil\u00f6kohtaisilla tiedoillasi ja napsauta l\u00e4hett\u00e4m\u00e4ss\u00e4mme vahvistuss\u00e4hk\u00f6postissa olevaa linkki\u00e4. Se saattaa olla roskapostikansiossasi, jos et ole viel\u00e4 lis\u00e4nnyt meit\u00e4 osoitekirjaasi, joten varmista, ett\u00e4 pid\u00e4t sit\u00e4 silm\u00e4ll\u00e4. T\u00e4m\u00e4n j\u00e4lkeen tilisi on valmis, ja voit alkaa ostaa haluamiasi lippuja.<\/p>\n<h2><a href=\"https:\/\/redfoxlotto.com\/play\/monday-wednesday-lotto-au\/?ref=a8564250a2&amp;medium=ol365\" target=\"_blank\" rel=\"noopener noreferrer\"><img decoding=\"async\" class=\"aligncenter\" src=\"https:\/\/redfoxlotto.com\/image?size=8&amp;lottery=monday-wednesday-lotto-au\" alt=\"Mon &amp; Wed Lotto Australia\" \/><\/a><br \/>\nTietoja Mon &amp; Wed Lotto Australia<\/h2>\n<ul>\n<li>Maa: Australia<\/li>\n<li>T\u00e4rkeimm\u00e4t numerot: 45<\/li>\n<li>Sinun on valittava: 6<\/li>\n<li>P\u00e4iv\u00e4t, tunnit arvontaan: Maanantai, keskiviikko, 21:30 GMT+11 &#8211; 10:30 CET.<\/li>\n<li>Jackpot alkaa klo: AU$ 2,5 miljoonaa<\/li>\n<li>Jackpotin yl\u00e4raja on: kiinte\u00e4 jackpot<\/li>\n<li>Mahdollisuus voittaa j\u00e4ttipotti: 1:8145060:st\u00e4.<\/li>\n<li>Mahdollisuus voittaa toinen palkinto: 1:678755:sta<\/li>\n<li>Mahdollisuus voittaa mik\u00e4 tahansa palkinto: 1:85,44.<\/li>\n<li>Palkintoluokkien m\u00e4\u00e4r\u00e4: 1: 6<\/li>\n<\/ul>\n<h2>Parhaat ominaisuudet Mon &amp; Wed Lotto Australia<\/h2>\n<p>Kaksi kertaa viikossa arvottava Mon &amp; Wed Lotto Australia antaa sinulle mahdollisuuden p\u00e4\u00e4st\u00e4 osalliseksi miljoonapalkinnoista. Sinun tarvitsee vain antaa sille mahdollisuus ja p\u00e4\u00e4st\u00e4 osalliseksi Division 1 -palkintopotista. Koskaan ei voi tiet\u00e4\u00e4, mit\u00e4 voit voittaa.<\/p>\n<h2>N\u00e4in tarkistat Mon &amp; Wed Lotto Australia -tulokset<\/h2>\n<p>Tulosten tarkistamisessa saatat yll\u00e4tty\u00e4 siit\u00e4, mihin kaikkiin paikkoihin voit menn\u00e4. Voit tarkistaa loton verkkosivustolta numerot heti arvonnan j\u00e4lkeen. Voit my\u00f6s tarkistaa paikalliset sanomalehdet ja tv-asemat arvonnan j\u00e4lkeen.<br \/>\nMutta jos haluat saada tulokset nopeasti ja helposti, sinun pit\u00e4isi tarkistaa verkkosivustomme, josta ostit lippusi. Sielt\u00e4 l\u00f6yd\u00e4t voittonumeroiden lis\u00e4ksi my\u00f6s vertailun numeroitasi.<\/p>\n<h2>Pelasit Mon &amp; Wed Lotto Australiaa verkossa ja voitit &#8211; mit\u00e4 seuraavaksi?<\/h2>\n<p>Tarkista voittonumerot, numerosi ja kuinka paljon olet voittanut peliss\u00e4. Jos olet voittanut alle 2500 euroa, sinun ei tarvitse tehd\u00e4 mit\u00e4\u00e4n. Rahat ovat jo tilill\u00e4si.<br \/>\nKun rahat ovat tilill\u00e4si, sinun tarvitsee vain nostaa ne (jos ne ovat yli 10 euroa) tai k\u00e4ytt\u00e4\u00e4 ne uusiin lottokuponkeihin. Voit j\u00e4tt\u00e4\u00e4 ne tilillesi k\u00e4ytett\u00e4v\u00e4ksi niin kauan kuin haluat, joten ne ovat aina tallessa.<br \/>\nJos olet onnekas ja voitat yli 2500 euroa, saat kuitenkin viestin tukitiimilt\u00e4mme. He auttavat sinua selvitt\u00e4m\u00e4\u00e4n seuraavat vaiheesi, mukaan lukien vaatimuslomakkeen t\u00e4ytt\u00e4minen voittojesi saamiseksi. Ja sitten rahasi talletetaan suoraan pankkitilillesi tai l\u00e4hetet\u00e4\u00e4n sinulle shekill\u00e4.<\/p>\n<p>&nbsp;<\/p>\n","protected":false},"excerpt":{"rendered":"<p>Kuinka pelata Mon &amp; Wed Lotto Australiaa verkossa Jos olet Suomessa, ei tarvitse olla vaikeaa pelata Mon &amp; Wed Lotto Australiaa netiss\u00e4. Sinun tarvitsee vain keksi\u00e4, mill\u00e4 tavalla teet sen ja miten saat haluamasi liput seuraavaan arvontaan. Me voimme auttaa sinua siin\u00e4. J\u00e4rjestelm\u00e4mme varmistaa, ett\u00e4 olet koko ajan oikeilla j\u00e4ljill\u00e4. Sinun tarvitsee vain luoda tilisi, [&hellip;]<\/p>\n","protected":false},"author":1,"featured_media":0,"parent":5016,"menu_order":16,"comment_status":"closed","ping_status":"closed","template":"template-rightsidebar.php","meta":{"_et_pb_use_builder":"","_et_pb_old_content":"","_et_gb_content_width":"","exclude_from_search":false,"footnotes":""},"class_list":["post-79087","page","type-page","status-publish","hentry"],"yoast_head":"<!-- This site is optimized with the Yoast SEO plugin v23.4 - https:\/\/yoast.com\/wordpress\/plugins\/seo\/ -->\n<title>Osallistu Mon &amp; Wed Lotto Australiaan jopa Suomesta k\u00e4sin<\/title>\n<meta name=\"description\" content=\"Etsitk\u00f6 pelata Australian Won &amp; Wed lotto? Hanki liput t\u00e4\u00e4lt\u00e4!\" \/>\n<meta name=\"robots\" content=\"index, follow, max-snippet:-1, max-image-preview:large, max-video-preview:-1\" \/>\n<link rel=\"canonical\" href=\"https:\/\/onlinelotto365.com\/fi\/pelata\/mon-wed-lotto\/\" \/>\n<meta property=\"og:locale\" content=\"fi_FI\" \/>\n<meta property=\"og:type\" content=\"article\" \/>\n<meta property=\"og:title\" content=\"Osallistu Mon &amp; Wed Lotto Australiaan jopa Suomesta k\u00e4sin\" \/>\n<meta property=\"og:description\" content=\"Etsitk\u00f6 pelata Australian Won &amp; Wed lotto? Hanki liput t\u00e4\u00e4lt\u00e4!\" \/>\n<meta property=\"og:url\" content=\"https:\/\/onlinelotto365.com\/fi\/pelata\/mon-wed-lotto\/\" \/>\n<meta property=\"og:site_name\" content=\"OnlineLotto365\" \/>\n<meta property=\"article:modified_time\" content=\"2022-11-09T11:50:07+00:00\" \/>\n<meta property=\"og:image\" content=\"https:\/\/redfoxlotto.com\/image?size=8&amp;lottery=monday-wednesday-lotto-au\" \/>\n<meta name=\"twitter:card\" content=\"summary_large_image\" \/>\n<meta name=\"twitter:label1\" content=\"Arvioitu lukuaika\" \/>\n\t<meta name=\"twitter:data1\" content=\"3 minuuttia\" \/>\n<script type=\"application\/ld+json\" class=\"yoast-schema-graph\">{\"@context\":\"https:\/\/schema.org\",\"@graph\":[{\"@type\":\"WebPage\",\"@id\":\"https:\/\/onlinelotto365.com\/fi\/pelata\/mon-wed-lotto\/\",\"url\":\"https:\/\/onlinelotto365.com\/fi\/pelata\/mon-wed-lotto\/\",\"name\":\"Osallistu Mon & Wed Lotto Australiaan jopa Suomesta k\u00e4sin\",\"isPartOf\":{\"@id\":\"https:\/\/onlinelotto365.com\/fi\/#website\"},\"primaryImageOfPage\":{\"@id\":\"https:\/\/onlinelotto365.com\/fi\/pelata\/mon-wed-lotto\/#primaryimage\"},\"image\":{\"@id\":\"https:\/\/onlinelotto365.com\/fi\/pelata\/mon-wed-lotto\/#primaryimage\"},\"thumbnailUrl\":\"https:\/\/redfoxlotto.com\/image?size=8&amp;lottery=monday-wednesday-lotto-au\",\"datePublished\":\"2022-11-01T10:39:31+00:00\",\"dateModified\":\"2022-11-09T11:50:07+00:00\",\"description\":\"Etsitk\u00f6 pelata Australian Won & Wed lotto? Hanki liput t\u00e4\u00e4lt\u00e4!\",\"breadcrumb\":{\"@id\":\"https:\/\/onlinelotto365.com\/fi\/pelata\/mon-wed-lotto\/#breadcrumb\"},\"inLanguage\":\"fi\",\"potentialAction\":[{\"@type\":\"ReadAction\",\"target\":[\"https:\/\/onlinelotto365.com\/fi\/pelata\/mon-wed-lotto\/\"]}]},{\"@type\":\"ImageObject\",\"inLanguage\":\"fi\",\"@id\":\"https:\/\/onlinelotto365.com\/fi\/pelata\/mon-wed-lotto\/#primaryimage\",\"url\":\"https:\/\/redfoxlotto.com\/image?size=8&amp;lottery=monday-wednesday-lotto-au\",\"contentUrl\":\"https:\/\/redfoxlotto.com\/image?size=8&amp;lottery=monday-wednesday-lotto-au\"},{\"@type\":\"BreadcrumbList\",\"@id\":\"https:\/\/onlinelotto365.com\/fi\/pelata\/mon-wed-lotto\/#breadcrumb\",\"itemListElement\":[{\"@type\":\"ListItem\",\"position\":1,\"name\":\"Home\",\"item\":\"https:\/\/onlinelotto365.com\/fi\/\"},{\"@type\":\"ListItem\",\"position\":2,\"name\":\"Kaikki mit\u00e4 sinun pit\u00e4\u00e4 tiet\u00e4\u00e4 vaihtoehdoistasi pelata parhaita arpapelej\u00e4 netiss\u00e4.\",\"item\":\"https:\/\/onlinelotto365.com\/fi\/pelata\/\"},{\"@type\":\"ListItem\",\"position\":3,\"name\":\"Pelaaminen Mon &#038; Wed Lotto Australia on vain yksi vaihtoehdoista lotto faneille Suomi\"}]},{\"@type\":\"WebSite\",\"@id\":\"https:\/\/onlinelotto365.com\/fi\/#website\",\"url\":\"https:\/\/onlinelotto365.com\/fi\/\",\"name\":\"OnlineLotto365\",\"description\":\"\",\"potentialAction\":[{\"@type\":\"SearchAction\",\"target\":{\"@type\":\"EntryPoint\",\"urlTemplate\":\"https:\/\/onlinelotto365.com\/fi\/?s={search_term_string}\"},\"query-input\":{\"@type\":\"PropertyValueSpecification\",\"valueRequired\":true,\"valueName\":\"search_term_string\"}}],\"inLanguage\":\"fi\"}]}<\/script>\n<!-- \/ Yoast SEO plugin. -->","yoast_head_json":{"title":"Osallistu Mon & Wed Lotto Australiaan jopa Suomesta k\u00e4sin","description":"Etsitk\u00f6 pelata Australian Won & Wed lotto? Hanki liput t\u00e4\u00e4lt\u00e4!","robots":{"index":"index","follow":"follow","max-snippet":"max-snippet:-1","max-image-preview":"max-image-preview:large","max-video-preview":"max-video-preview:-1"},"canonical":"https:\/\/onlinelotto365.com\/fi\/pelata\/mon-wed-lotto\/","og_locale":"fi_FI","og_type":"article","og_title":"Osallistu Mon & Wed Lotto Australiaan jopa Suomesta k\u00e4sin","og_description":"Etsitk\u00f6 pelata Australian Won & Wed lotto? Hanki liput t\u00e4\u00e4lt\u00e4!","og_url":"https:\/\/onlinelotto365.com\/fi\/pelata\/mon-wed-lotto\/","og_site_name":"OnlineLotto365","article_modified_time":"2022-11-09T11:50:07+00:00","og_image":[{"url":"https:\/\/redfoxlotto.com\/image?size=8&amp;lottery=monday-wednesday-lotto-au"}],"twitter_card":"summary_large_image","twitter_misc":{"Arvioitu lukuaika":"3 minuuttia"},"schema":{"@context":"https:\/\/schema.org","@graph":[{"@type":"WebPage","@id":"https:\/\/onlinelotto365.com\/fi\/pelata\/mon-wed-lotto\/","url":"https:\/\/onlinelotto365.com\/fi\/pelata\/mon-wed-lotto\/","name":"Osallistu Mon & Wed Lotto Australiaan jopa Suomesta k\u00e4sin","isPartOf":{"@id":"https:\/\/onlinelotto365.com\/fi\/#website"},"primaryImageOfPage":{"@id":"https:\/\/onlinelotto365.com\/fi\/pelata\/mon-wed-lotto\/#primaryimage"},"image":{"@id":"https:\/\/onlinelotto365.com\/fi\/pelata\/mon-wed-lotto\/#primaryimage"},"thumbnailUrl":"https:\/\/redfoxlotto.com\/image?size=8&amp;lottery=monday-wednesday-lotto-au","datePublished":"2022-11-01T10:39:31+00:00","dateModified":"2022-11-09T11:50:07+00:00","description":"Etsitk\u00f6 pelata Australian Won & Wed lotto? Hanki liput t\u00e4\u00e4lt\u00e4!","breadcrumb":{"@id":"https:\/\/onlinelotto365.com\/fi\/pelata\/mon-wed-lotto\/#breadcrumb"},"inLanguage":"fi","potentialAction":[{"@type":"ReadAction","target":["https:\/\/onlinelotto365.com\/fi\/pelata\/mon-wed-lotto\/"]}]},{"@type":"ImageObject","inLanguage":"fi","@id":"https:\/\/onlinelotto365.com\/fi\/pelata\/mon-wed-lotto\/#primaryimage","url":"https:\/\/redfoxlotto.com\/image?size=8&amp;lottery=monday-wednesday-lotto-au","contentUrl":"https:\/\/redfoxlotto.com\/image?size=8&amp;lottery=monday-wednesday-lotto-au"},{"@type":"BreadcrumbList","@id":"https:\/\/onlinelotto365.com\/fi\/pelata\/mon-wed-lotto\/#breadcrumb","itemListElement":[{"@type":"ListItem","position":1,"name":"Home","item":"https:\/\/onlinelotto365.com\/fi\/"},{"@type":"ListItem","position":2,"name":"Kaikki mit\u00e4 sinun pit\u00e4\u00e4 tiet\u00e4\u00e4 vaihtoehdoistasi pelata parhaita arpapelej\u00e4 netiss\u00e4.","item":"https:\/\/onlinelotto365.com\/fi\/pelata\/"},{"@type":"ListItem","position":3,"name":"Pelaaminen Mon &#038; Wed Lotto Australia on vain yksi vaihtoehdoista lotto faneille Suomi"}]},{"@type":"WebSite","@id":"https:\/\/onlinelotto365.com\/fi\/#website","url":"https:\/\/onlinelotto365.com\/fi\/","name":"OnlineLotto365","description":"","potentialAction":[{"@type":"SearchAction","target":{"@type":"EntryPoint","urlTemplate":"https:\/\/onlinelotto365.com\/fi\/?s={search_term_string}"},"query-input":{"@type":"PropertyValueSpecification","valueRequired":true,"valueName":"search_term_string"}}],"inLanguage":"fi"}]}},"_links":{"self":[{"href":"https:\/\/onlinelotto365.com\/fi\/wp-json\/wp\/v2\/pages\/79087","targetHints":{"allow":["GET"]}}],"collection":[{"href":"https:\/\/onlinelotto365.com\/fi\/wp-json\/wp\/v2\/pages"}],"about":[{"href":"https:\/\/onlinelotto365.com\/fi\/wp-json\/wp\/v2\/types\/page"}],"author":[{"embeddable":true,"href":"https:\/\/onlinelotto365.com\/fi\/wp-json\/wp\/v2\/users\/1"}],"replies":[{"embeddable":true,"href":"https:\/\/onlinelotto365.com\/fi\/wp-json\/wp\/v2\/comments?post=79087"}],"version-history":[{"count":0,"href":"https:\/\/onlinelotto365.com\/fi\/wp-json\/wp\/v2\/pages\/79087\/revisions"}],"up":[{"embeddable":true,"href":"https:\/\/onlinelotto365.com\/fi\/wp-json\/wp\/v2\/pages\/5016"}],"wp:attachment":[{"href":"https:\/\/onlinelotto365.com\/fi\/wp-json\/wp\/v2\/media?parent=79087"}],"curies":[{"name":"wp","href":"https:\/\/api.w.org\/{rel}","templated":true}]}}