{"id":79167,"date":"2022-11-02T07:40:37","date_gmt":"2022-11-02T06:40:37","guid":{"rendered":"https:\/\/onlinelotto365.com\/?page_id=79167"},"modified":"2022-11-02T08:02:14","modified_gmt":"2022-11-02T07:02:14","slug":"bonoloto","status":"publish","type":"page","link":"https:\/\/onlinelotto365.com\/fi\/pelata\/bonoloto\/","title":{"rendered":"Bonoloto nyt saatavilla kaikkialla"},"content":{"rendered":"<h2>Pelaaminen BonoLoto verkossa<\/h2>\n<p>BonoLoton pelaaminen on helpompaa kuin luuletkaan. Sinun tarvitsee vain tiet\u00e4\u00e4, mist\u00e4 p\u00e4\u00e4set alkuun ja mist\u00e4 voit ostaa lippusi. Ja paras paikka, jossa voit tehd\u00e4 juuri sen, on me ja muutama yksinkertainen askel.<\/p>\n<p>J\u00e4rjestelm\u00e4mme varmistaa, ett\u00e4 sinusta pidet\u00e4\u00e4n huolta alusta loppuun asti. Sinun tarvitsee vain perustaa t\u00e4ysin ilmainen tili, ja olet jo matkalla. Voit valita kaikista eri lottopeleist\u00e4mme ja valita haluamasi liput ja tietyt numerot. Sitten voit maksaa haluamallasi maksutavalla ja olet valmis.<\/p>\n<p>Sinun tarvitsee vain katsoa eri lottopelej\u00e4, joita meill\u00e4 on saatavilla, ja valita oikea (BonoLoto). Sielt\u00e4 voit valita numerot, joita haluat pelata. Jos valitset liian monta tai liian v\u00e4h\u00e4n, sill\u00e4 ei ole v\u00e4li\u00e4, j\u00e4rjestelm\u00e4mme ilmoittaa sinulle, mit\u00e4 sinun on teht\u00e4v\u00e4, jotta voit korjata lippusi. Voit my\u00f6s antaa tietokoneen m\u00e4\u00e4ritt\u00e4\u00e4 numerot satunnaisesti.<\/p>\n<p>Kun olet hankkinut haluamasi liput BonoLoto-peliin, voit halutessasi lis\u00e4t\u00e4 lippuja my\u00f6s muista peleist\u00e4. Siit\u00e4 tulee superhelppoa, ja siihen menee vain muutama minuutti. Odotat, ett\u00e4 vahvistuss\u00e4hk\u00f6postisi tulee meille antamaasi s\u00e4hk\u00f6postiin, ja napsautat linkki\u00e4. Muuta ei tarvita, ja tilisi perustetaan. N\u00e4in voit jatkaa lippujen ostamista.<\/p>\n<p>Varmista varmennuslinkin n\u00e4kyminen tavallisessa s\u00e4hk\u00f6postilaatikossasi sek\u00e4 roskapostikansiossasi varmuuden vuoksi. Jos emme ole osoitekirjassasi, et ehk\u00e4 n\u00e4e s\u00e4hk\u00f6postia tavallisessa tilikansiossasi.<\/p>\n<p><a href=\"https:\/\/redfoxlotto.com\/play\/bonoloto\/?ref=a8564250a2&amp;medium=ol365\" target=\"_blank\" rel=\"noopener noreferrer\"><img decoding=\"async\" class=\"aligncenter\" src=\"https:\/\/redfoxlotto.com\/image?size=8&amp;lottery=bonoloto\" alt=\"Bono Lotto\" \/><\/a><\/p>\n<h2>Tietoja BonoLotosta<\/h2>\n<ul>\n<li>Maa: Espanja<\/li>\n<li>T\u00e4rkeimm\u00e4t numerot alue: 49<\/li>\n<li>Sinun on valittava: 6<\/li>\n<li>P\u00e4iv\u00e4t, arvontatunnit: p\u00e4ivitt\u00e4in paitsi sunnuntaisin, 21:30 CET &#8211; 21:30 CET.<\/li>\n<li>Jackpot alkaa klo: \u20ac400.000<\/li>\n<li>Jackpotin yl\u00e4raja on: ei mit\u00e4\u00e4n<\/li>\n<li>Mahdollisuus voittaa j\u00e4ttipotti: 1:13983816:sta.<\/li>\n<li>Mahdollisuus voittaa toinen palkinto: 1:2330636:sta<\/li>\n<li>Mahdollisuus voittaa mik\u00e4 tahansa palkinto: 1:8,43:sta.<\/li>\n<li>Palkintoluokkien m\u00e4\u00e4r\u00e4: 1: 6<\/li>\n<\/ul>\n<h2>BonoLoton parhaat ominaisuudet<\/h2>\n<p>BonoLoto on ollut toiminnassa jo jonkin aikaa, ja se on t\u00e4n\u00e4 aikana jakanut paljon palkintoja. Mik\u00e4 parasta, sill\u00e4 on joka viikko nelj\u00e4 erilaista arvontakierrosta, ja se luotiin alun perin edulliseksi vaihtoehdoksi. Sit\u00e4 se on edelleen, ja voit voittaa osuuden 55 % tuloista kokonaispalkintoina.<\/p>\n<h2>BonoLoto-tulosten tarkistaminen<\/h2>\n<p>Oletko valmis katsomaan, mitk\u00e4 ovat BonoLoton voittonumerot? No, se on itse asiassa melko yksinkertaista, sill\u00e4 sinun tarvitsee vain menn\u00e4 BonoLoton viralliselle verkkosivustolle. Tai voit halutessasi tarkistaa paikalliset sanomalehdet ja tv-asemat. N\u00e4m\u00e4 paikat ilmoittavat kaikki voittonumerot.<br \/>\nParas paikka on kuitenkin ehdottomasti se, josta ostit lippusi, eli juuri t\u00e4\u00e4lt\u00e4. Voit n\u00e4hd\u00e4 voittonumerot sek\u00e4 omat numerosi ja niiden vertailun. N\u00e4in n\u00e4et my\u00f6s voittosi v\u00e4litt\u00f6m\u00e4sti. <img loading=\"lazy\" decoding=\"async\" class=\"alignright wp-image-3656\" src=\"https:\/\/onlinelotto365.com\/wp-content\/uploads\/2020\/11\/online_lottery-16-300x200.jpg\" alt=\"pelata bonoloto verkossa\" width=\"215\" height=\"143\" srcset=\"https:\/\/onlinelotto365.com\/wp-content\/uploads\/2020\/11\/online_lottery-16-300x200.jpg 300w, https:\/\/onlinelotto365.com\/wp-content\/uploads\/2020\/11\/online_lottery-16.jpg 320w\" sizes=\"auto, (max-width: 215px) 100vw, 215px\" \/><\/p>\n<h2>Pelasit BonoLoto-netti\u00e4 ja voitit &#8211; mit\u00e4 seuraavaksi?<\/h2>\n<p>Jos voitat alle 2500 euroa, sinun ei tarvitse tehd\u00e4 mit\u00e4\u00e4n. Me nimitt\u00e4in lunastamme rahat puolestasi ja talletamme ne suoraan tilillesi. Voit k\u00e4ytt\u00e4\u00e4 ne miten ja milloin haluat. Tai voit nostaa ne tavalliselle pankkitilillesi, jos sinulla on v\u00e4hint\u00e4\u00e4n 10 \u20ac.<br \/>\nJos olet voittanut yli 2500 euroa, sinun on odotettava, ett\u00e4 kuulet tukitiimilt\u00e4mme, koska voittosi saaminen vaatii hieman enemm\u00e4n ty\u00f6t\u00e4. Onneksi autamme sinua prosessissa ja saamme sinut heti alkuun, jotta voit saada rahasi l\u00e4hetetty\u00e4 shekill\u00e4 tai suoraan tilillesi.<\/p>\n","protected":false},"excerpt":{"rendered":"<p>Pelaaminen BonoLoto verkossa BonoLoton pelaaminen on helpompaa kuin luuletkaan. Sinun tarvitsee vain tiet\u00e4\u00e4, mist\u00e4 p\u00e4\u00e4set alkuun ja mist\u00e4 voit ostaa lippusi. Ja paras paikka, jossa voit tehd\u00e4 juuri sen, on me ja muutama yksinkertainen askel. J\u00e4rjestelm\u00e4mme varmistaa, ett\u00e4 sinusta pidet\u00e4\u00e4n huolta alusta loppuun asti. Sinun tarvitsee vain perustaa t\u00e4ysin ilmainen tili, ja olet jo matkalla. [&hellip;]<\/p>\n","protected":false},"author":1,"featured_media":0,"parent":5016,"menu_order":8,"comment_status":"closed","ping_status":"closed","template":"","meta":{"_et_pb_use_builder":"","_et_pb_old_content":"","_et_gb_content_width":"","exclude_from_search":false,"footnotes":""},"class_list":["post-79167","page","type-page","status-publish","hentry"],"yoast_head":"<!-- This site is optimized with the Yoast SEO plugin v23.4 - https:\/\/yoast.com\/wordpress\/plugins\/seo\/ -->\n<title>Miten pelata BonoLoto jos asut Suomessa?<\/title>\n<meta name=\"description\" content=\"Tilaa laillisesti liput pelata Bonoloto t\u00e4\u00e4ll\u00e4 sivustollamme\" \/>\n<meta name=\"robots\" content=\"index, follow, max-snippet:-1, max-image-preview:large, max-video-preview:-1\" \/>\n<link rel=\"canonical\" href=\"https:\/\/onlinelotto365.com\/fi\/pelata\/bonoloto\/\" \/>\n<meta property=\"og:locale\" content=\"fi_FI\" \/>\n<meta property=\"og:type\" content=\"article\" \/>\n<meta property=\"og:title\" content=\"Miten pelata BonoLoto jos asut Suomessa?\" \/>\n<meta property=\"og:description\" content=\"Tilaa laillisesti liput pelata Bonoloto t\u00e4\u00e4ll\u00e4 sivustollamme\" \/>\n<meta property=\"og:url\" content=\"https:\/\/onlinelotto365.com\/fi\/pelata\/bonoloto\/\" \/>\n<meta property=\"og:site_name\" content=\"OnlineLotto365\" \/>\n<meta property=\"article:modified_time\" content=\"2022-11-02T07:02:14+00:00\" \/>\n<meta property=\"og:image\" content=\"https:\/\/redfoxlotto.com\/image?size=8&amp;lottery=bonoloto\" \/>\n<meta name=\"twitter:card\" content=\"summary_large_image\" \/>\n<meta name=\"twitter:label1\" content=\"Arvioitu lukuaika\" \/>\n\t<meta name=\"twitter:data1\" content=\"3 minuuttia\" \/>\n<script type=\"application\/ld+json\" class=\"yoast-schema-graph\">{\"@context\":\"https:\/\/schema.org\",\"@graph\":[{\"@type\":\"WebPage\",\"@id\":\"https:\/\/onlinelotto365.com\/fi\/pelata\/bonoloto\/\",\"url\":\"https:\/\/onlinelotto365.com\/fi\/pelata\/bonoloto\/\",\"name\":\"Miten pelata BonoLoto jos asut Suomessa?\",\"isPartOf\":{\"@id\":\"https:\/\/onlinelotto365.com\/fi\/#website\"},\"primaryImageOfPage\":{\"@id\":\"https:\/\/onlinelotto365.com\/fi\/pelata\/bonoloto\/#primaryimage\"},\"image\":{\"@id\":\"https:\/\/onlinelotto365.com\/fi\/pelata\/bonoloto\/#primaryimage\"},\"thumbnailUrl\":\"https:\/\/redfoxlotto.com\/image?size=8&amp;lottery=bonoloto\",\"datePublished\":\"2022-11-02T06:40:37+00:00\",\"dateModified\":\"2022-11-02T07:02:14+00:00\",\"description\":\"Tilaa laillisesti liput pelata Bonoloto t\u00e4\u00e4ll\u00e4 sivustollamme\",\"breadcrumb\":{\"@id\":\"https:\/\/onlinelotto365.com\/fi\/pelata\/bonoloto\/#breadcrumb\"},\"inLanguage\":\"fi\",\"potentialAction\":[{\"@type\":\"ReadAction\",\"target\":[\"https:\/\/onlinelotto365.com\/fi\/pelata\/bonoloto\/\"]}]},{\"@type\":\"ImageObject\",\"inLanguage\":\"fi\",\"@id\":\"https:\/\/onlinelotto365.com\/fi\/pelata\/bonoloto\/#primaryimage\",\"url\":\"https:\/\/redfoxlotto.com\/image?size=8&amp;lottery=bonoloto\",\"contentUrl\":\"https:\/\/redfoxlotto.com\/image?size=8&amp;lottery=bonoloto\"},{\"@type\":\"BreadcrumbList\",\"@id\":\"https:\/\/onlinelotto365.com\/fi\/pelata\/bonoloto\/#breadcrumb\",\"itemListElement\":[{\"@type\":\"ListItem\",\"position\":1,\"name\":\"Home\",\"item\":\"https:\/\/onlinelotto365.com\/fi\/\"},{\"@type\":\"ListItem\",\"position\":2,\"name\":\"Kaikki mit\u00e4 sinun pit\u00e4\u00e4 tiet\u00e4\u00e4 vaihtoehdoistasi pelata parhaita arpapelej\u00e4 netiss\u00e4.\",\"item\":\"https:\/\/onlinelotto365.com\/fi\/pelata\/\"},{\"@type\":\"ListItem\",\"position\":3,\"name\":\"Bonoloto nyt saatavilla kaikkialla\"}]},{\"@type\":\"WebSite\",\"@id\":\"https:\/\/onlinelotto365.com\/fi\/#website\",\"url\":\"https:\/\/onlinelotto365.com\/fi\/\",\"name\":\"OnlineLotto365\",\"description\":\"\",\"potentialAction\":[{\"@type\":\"SearchAction\",\"target\":{\"@type\":\"EntryPoint\",\"urlTemplate\":\"https:\/\/onlinelotto365.com\/fi\/?s={search_term_string}\"},\"query-input\":{\"@type\":\"PropertyValueSpecification\",\"valueRequired\":true,\"valueName\":\"search_term_string\"}}],\"inLanguage\":\"fi\"}]}<\/script>\n<!-- \/ Yoast SEO plugin. -->","yoast_head_json":{"title":"Miten pelata BonoLoto jos asut Suomessa?","description":"Tilaa laillisesti liput pelata Bonoloto t\u00e4\u00e4ll\u00e4 sivustollamme","robots":{"index":"index","follow":"follow","max-snippet":"max-snippet:-1","max-image-preview":"max-image-preview:large","max-video-preview":"max-video-preview:-1"},"canonical":"https:\/\/onlinelotto365.com\/fi\/pelata\/bonoloto\/","og_locale":"fi_FI","og_type":"article","og_title":"Miten pelata BonoLoto jos asut Suomessa?","og_description":"Tilaa laillisesti liput pelata Bonoloto t\u00e4\u00e4ll\u00e4 sivustollamme","og_url":"https:\/\/onlinelotto365.com\/fi\/pelata\/bonoloto\/","og_site_name":"OnlineLotto365","article_modified_time":"2022-11-02T07:02:14+00:00","og_image":[{"url":"https:\/\/redfoxlotto.com\/image?size=8&amp;lottery=bonoloto"}],"twitter_card":"summary_large_image","twitter_misc":{"Arvioitu lukuaika":"3 minuuttia"},"schema":{"@context":"https:\/\/schema.org","@graph":[{"@type":"WebPage","@id":"https:\/\/onlinelotto365.com\/fi\/pelata\/bonoloto\/","url":"https:\/\/onlinelotto365.com\/fi\/pelata\/bonoloto\/","name":"Miten pelata BonoLoto jos asut Suomessa?","isPartOf":{"@id":"https:\/\/onlinelotto365.com\/fi\/#website"},"primaryImageOfPage":{"@id":"https:\/\/onlinelotto365.com\/fi\/pelata\/bonoloto\/#primaryimage"},"image":{"@id":"https:\/\/onlinelotto365.com\/fi\/pelata\/bonoloto\/#primaryimage"},"thumbnailUrl":"https:\/\/redfoxlotto.com\/image?size=8&amp;lottery=bonoloto","datePublished":"2022-11-02T06:40:37+00:00","dateModified":"2022-11-02T07:02:14+00:00","description":"Tilaa laillisesti liput pelata Bonoloto t\u00e4\u00e4ll\u00e4 sivustollamme","breadcrumb":{"@id":"https:\/\/onlinelotto365.com\/fi\/pelata\/bonoloto\/#breadcrumb"},"inLanguage":"fi","potentialAction":[{"@type":"ReadAction","target":["https:\/\/onlinelotto365.com\/fi\/pelata\/bonoloto\/"]}]},{"@type":"ImageObject","inLanguage":"fi","@id":"https:\/\/onlinelotto365.com\/fi\/pelata\/bonoloto\/#primaryimage","url":"https:\/\/redfoxlotto.com\/image?size=8&amp;lottery=bonoloto","contentUrl":"https:\/\/redfoxlotto.com\/image?size=8&amp;lottery=bonoloto"},{"@type":"BreadcrumbList","@id":"https:\/\/onlinelotto365.com\/fi\/pelata\/bonoloto\/#breadcrumb","itemListElement":[{"@type":"ListItem","position":1,"name":"Home","item":"https:\/\/onlinelotto365.com\/fi\/"},{"@type":"ListItem","position":2,"name":"Kaikki mit\u00e4 sinun pit\u00e4\u00e4 tiet\u00e4\u00e4 vaihtoehdoistasi pelata parhaita arpapelej\u00e4 netiss\u00e4.","item":"https:\/\/onlinelotto365.com\/fi\/pelata\/"},{"@type":"ListItem","position":3,"name":"Bonoloto nyt saatavilla kaikkialla"}]},{"@type":"WebSite","@id":"https:\/\/onlinelotto365.com\/fi\/#website","url":"https:\/\/onlinelotto365.com\/fi\/","name":"OnlineLotto365","description":"","potentialAction":[{"@type":"SearchAction","target":{"@type":"EntryPoint","urlTemplate":"https:\/\/onlinelotto365.com\/fi\/?s={search_term_string}"},"query-input":{"@type":"PropertyValueSpecification","valueRequired":true,"valueName":"search_term_string"}}],"inLanguage":"fi"}]}},"_links":{"self":[{"href":"https:\/\/onlinelotto365.com\/fi\/wp-json\/wp\/v2\/pages\/79167","targetHints":{"allow":["GET"]}}],"collection":[{"href":"https:\/\/onlinelotto365.com\/fi\/wp-json\/wp\/v2\/pages"}],"about":[{"href":"https:\/\/onlinelotto365.com\/fi\/wp-json\/wp\/v2\/types\/page"}],"author":[{"embeddable":true,"href":"https:\/\/onlinelotto365.com\/fi\/wp-json\/wp\/v2\/users\/1"}],"replies":[{"embeddable":true,"href":"https:\/\/onlinelotto365.com\/fi\/wp-json\/wp\/v2\/comments?post=79167"}],"version-history":[{"count":0,"href":"https:\/\/onlinelotto365.com\/fi\/wp-json\/wp\/v2\/pages\/79167\/revisions"}],"up":[{"embeddable":true,"href":"https:\/\/onlinelotto365.com\/fi\/wp-json\/wp\/v2\/pages\/5016"}],"wp:attachment":[{"href":"https:\/\/onlinelotto365.com\/fi\/wp-json\/wp\/v2\/media?parent=79167"}],"curies":[{"name":"wp","href":"https:\/\/api.w.org\/{rel}","templated":true}]}}