{"id":79205,"date":"2022-11-02T10:43:15","date_gmt":"2022-11-02T09:43:15","guid":{"rendered":"https:\/\/onlinelotto365.com\/?page_id=79205"},"modified":"2022-11-02T10:43:15","modified_gmt":"2022-11-02T09:43:15","slug":"german-lotto","status":"publish","type":"page","link":"https:\/\/onlinelotto365.com\/fi\/pelata\/german-lotto\/","title":{"rendered":"Osallistu Saksan Lotto muista maista"},"content":{"rendered":"<p>Saksan lotto on yksi maailman pitk\u00e4ik\u00e4isimmist\u00e4 arpajaisista, sill\u00e4 sit\u00e4 on j\u00e4rjestetty jo yli 50 vuoden ajan. Voit ly\u00f6d\u00e4 vetoa, ett\u00e4 kaikki t\u00e4m\u00e4 kokemus palvelee heit\u00e4 hyvin, ja he ovat yksi suurimmista Euroopan maista, jotka s\u00e4ilytt\u00e4v\u00e4t oman kansallisen lottonsa sen sijaan, ett\u00e4 liittyisiv\u00e4t yhteen EuroMillions-arpajaisten kanssa. Saksalaiset ovat siis ylpeit\u00e4 saksalaisesta lotostaan, kuten pit\u00e4\u00e4kin.<\/p>\n<p>Jos kuitenkin asut Suomessa ja haluat joka tapauksessa pelata Saksan lottoa tai mit\u00e4 tahansa muuta suurta lottoa ymp\u00e4ri maailmaa, mik\u00e4\u00e4n ei en\u00e4\u00e4 est\u00e4 sinua tekem\u00e4st\u00e4 niin. Sinun ei tarvitse nyky\u00e4\u00e4n tehd\u00e4 muuta kuin ostaa lippusi netist\u00e4. Jos olet kotoisin Suomesta, voit edelleen ostaa lippuja Saksan lottoon my\u00f6s netist\u00e4.<\/p>\n<p>Sinun t\u00e4ytyy tietysti tiet\u00e4\u00e4, mist\u00e4 voit ostaa lottokuponkeja t\u00e4ll\u00e4 tavoin, ja t\u00e4ss\u00e4 me tulemme kuvaan mukaan. Olemme py\u00f6ritt\u00e4neet t\u00e4t\u00e4 lottokuponkipalvelua verkossa jo jonkin aikaa. T\u00e4m\u00e4 on suurin asia, mit\u00e4 lottopelaamiselle on koskaan tapahtunut sitten lottojen keksimisen, kuten voitte kuvitella.<\/p>\n<p><a href=\"https:\/\/redfoxlotto.com\/play\/lotto-6aus49\/?ref=a8564250a2&amp;medium=ol365\" target=\"_blank\" rel=\"noopener noreferrer\"><img decoding=\"async\" class=\"aligncenter\" src=\"https:\/\/redfoxlotto.com\/image?size=8&amp;lottery=lotto-6aus49\" alt=\"Saksan 6aus49\" \/><\/a><\/p>\n<h2>En\u00e4\u00e4 et ole rajoittunut vain alueesi lottoon&#8230;<\/h2>\n<p>Jos olet kuten useimmat lottopelaajat, haluat pelata suuria lottoja, ja jos sinulla on mahdollisuus valita, haluat pelata useampaa kuin yht\u00e4. Viime aikoihin asti t\u00e4m\u00e4 ei kuitenkaan ole ollut mahdollista. Ihmiset kuitenkin ihmetteliv\u00e4t, miksi se ei ollut mahdollista, esimerkiksi miksi voit ostaa netist\u00e4 l\u00e4hes mit\u00e4 tahansa muuta paitsi lottokuponkeja?<\/p>\n<p>T\u00e4m\u00e4 vaati ihmisten verkoston, jonka teht\u00e4v\u00e4n\u00e4 oli tehd\u00e4 tarjouksia asiakkaidemme puolesta, mik\u00e4 tarkoitti sit\u00e4, ett\u00e4 piti l\u00e4hte\u00e4 ostamaan lippuja kaikille, monissa eri maissa. Siihen kuului my\u00f6s asiakkaiden kokemusten hallinnointi myyntipisteest\u00e4 l\u00e4htien ja sellaisen hyv\u00e4n palvelun tarjoaminen, jota ihmiset odottavat.<\/p>\n<p><img loading=\"lazy\" decoding=\"async\" class=\" wp-image-1543 alignright\" src=\"https:\/\/onlinelotto365.com\/wp-content\/uploads\/2020\/11\/online_lottery-135.jpg\" alt=\"pelata saksalaista lottoa netiss\u00e4\" width=\"305\" height=\"204\" \/><\/p>\n<h2>Tietoja Saksan Lotosta<\/h2>\n<ul>\n<li>Maa: Saksa<\/li>\n<li>T\u00e4rkein numerovalikoima: 49<\/li>\n<li>Sinun valintasi: 6<\/li>\n<li>Lis\u00e4numerot: ei yht\u00e4\u00e4n<\/li>\n<li>Sin\u00e4 valitset: ei mit\u00e4\u00e4n<\/li>\n<li>Arvontap\u00e4iv\u00e4t, tunnit: CET, 20:25 CET, 20:25 CET<\/li>\n<li>V\u00e4himm\u00e4isj\u00e4ttipotti: 1 miljoona euroa<\/li>\n<li>Jackpotin yl\u00e4raja: ei yl\u00e4rajaa<\/li>\n<li>Todenn\u00e4k\u00f6isyys voittaa j\u00e4ttipotti: 1:125 854 344:st\u00e4<\/li>\n<li>Todenn\u00e4k\u00f6isyys tason 2 voittoon: 1: 13.983.816<\/li>\n<li>Todenn\u00e4k\u00f6isyys voittaa mill\u00e4 tahansa tasolla: 1:31.<\/li>\n<li>Palkintotasojen m\u00e4\u00e4r\u00e4: 9<\/li>\n<\/ul>\n<p>Kaikki tarjoamamme arpajaiset ovat ensiluokkaisia suurlottoja, mukaan lukien Saksan Lotto. Pelataksesi Saksan lottoa valitset 6 numeroa 49:st\u00e4 mahdollisesta numerosta sek\u00e4 lis\u00e4numeron 1:st\u00e4 9:\u00e4\u00e4n.\u00a0Jos onnistut ly\u00f6m\u00e4\u00e4n kaikki 6 numeroa ja bonusnumeron, l\u00e4hdet pian matkalle Saksaan noutamaan useita miljoonia euroja tai enemm\u00e4n.<\/p>\n<p>Koska rummussa on v\u00e4hemm\u00e4n palloja kuin monissa muissa suurissa lotoissa, mahdollisuutesi voittaa j\u00e4ttipotti Saksan lotossa ovat ehdottomasti suuremmat. Saksan lotto tarjoaa tietysti kaikkien lottojen tapaan muitakin palkintoja j\u00e4ttipotin lis\u00e4ksi, ja j\u00e4ttipotin lis\u00e4ksi tarjolla on yhteens\u00e4 7 toissijaista palkintoa. Jos onnistut osumaan jo kolmeen numeroon, sinulle maksetaan.<\/p>\n<h2>Anna meid\u00e4n olla oppaasi Saksan lottoon ja sen ulkopuolelle.<\/h2>\n<p>Kun otetaan huomioon, miten suosittuja lotot ovat ymp\u00e4ri maailmaa, kaikkien hyvien lottojen pelaaminen on lottopelaajan unelma. Miksi pelata vain yht\u00e4, kun sen sijaan voit pelata niin monta kuin haluat? Miksi tyyty\u00e4 yhteen tai kahteen arvontaan viikossa, kun voit halutessasi pelata kymmeni\u00e4? Miksi vaivautua k\u00e4ym\u00e4\u00e4n kaupassa, kun voit ostaa kaikki haluamasi arvat netist\u00e4?<\/p>\n<h2>Pelasit Saksan lottoa verkossa ja voitit &#8211; mit\u00e4 seuraavaksi?<\/h2>\n<p>Autamme sinua kaikissa vaiheissa: l\u00e4het\u00e4mme sinulle s\u00e4hk\u00f6postivahvistuksen ostoksestasi, ilmoitamme sinulle s\u00e4hk\u00f6postitse aina voitosta ja autamme sinua lunastamaan voittamasi rahat. Kaikki on uskomattoman helppoa.<\/p>\n","protected":false},"excerpt":{"rendered":"<p>Saksan lotto on yksi maailman pitk\u00e4ik\u00e4isimmist\u00e4 arpajaisista, sill\u00e4 sit\u00e4 on j\u00e4rjestetty jo yli 50 vuoden ajan. Voit ly\u00f6d\u00e4 vetoa, ett\u00e4 kaikki t\u00e4m\u00e4 kokemus palvelee heit\u00e4 hyvin, ja he ovat yksi suurimmista Euroopan maista, jotka s\u00e4ilytt\u00e4v\u00e4t oman kansallisen lottonsa sen sijaan, ett\u00e4 liittyisiv\u00e4t yhteen EuroMillions-arpajaisten kanssa. Saksalaiset ovat siis ylpeit\u00e4 saksalaisesta lotostaan, kuten pit\u00e4\u00e4kin. Jos kuitenkin [&hellip;]<\/p>\n","protected":false},"author":1,"featured_media":0,"parent":5016,"menu_order":11,"comment_status":"closed","ping_status":"closed","template":"lotto-german.php","meta":{"_et_pb_use_builder":"","_et_pb_old_content":"","_et_gb_content_width":"","exclude_from_search":false,"footnotes":""},"class_list":["post-79205","page","type-page","status-publish","hentry"],"yoast_head":"<!-- This site is optimized with the Yoast SEO plugin v23.4 - https:\/\/yoast.com\/wordpress\/plugins\/seo\/ -->\n<title>Pelaa saksalaista lottoa netiss\u00e4 Suomesta | Voinko osallistua saksalaiseen lottoon, jos asun Suomessa?<\/title>\n<meta name=\"description\" content=\"Pelaa saksalaista lottoa t\u00e4\u00e4ll\u00e4 - nettilippupalvelumme tekee sen mahdolliseksi Suomesta k\u00e4sin.\" \/>\n<meta name=\"robots\" content=\"index, follow, max-snippet:-1, max-image-preview:large, max-video-preview:-1\" \/>\n<link rel=\"canonical\" href=\"https:\/\/onlinelotto365.com\/fi\/pelata\/german-lotto\/\" \/>\n<meta property=\"og:locale\" content=\"fi_FI\" \/>\n<meta property=\"og:type\" content=\"article\" \/>\n<meta property=\"og:title\" content=\"Pelaa saksalaista lottoa netiss\u00e4 Suomesta | Voinko osallistua saksalaiseen lottoon, jos asun Suomessa?\" \/>\n<meta property=\"og:description\" content=\"Pelaa saksalaista lottoa t\u00e4\u00e4ll\u00e4 - nettilippupalvelumme tekee sen mahdolliseksi Suomesta k\u00e4sin.\" \/>\n<meta property=\"og:url\" content=\"https:\/\/onlinelotto365.com\/fi\/pelata\/german-lotto\/\" \/>\n<meta property=\"og:site_name\" content=\"OnlineLotto365\" \/>\n<meta property=\"og:image\" content=\"https:\/\/redfoxlotto.com\/image?size=8&amp;lottery=lotto-6aus49\" \/>\n<meta name=\"twitter:card\" content=\"summary_large_image\" \/>\n<meta name=\"twitter:label1\" content=\"Arvioitu lukuaika\" \/>\n\t<meta name=\"twitter:data1\" content=\"3 minuuttia\" \/>\n<script type=\"application\/ld+json\" class=\"yoast-schema-graph\">{\"@context\":\"https:\/\/schema.org\",\"@graph\":[{\"@type\":\"WebPage\",\"@id\":\"https:\/\/onlinelotto365.com\/fi\/pelata\/german-lotto\/\",\"url\":\"https:\/\/onlinelotto365.com\/fi\/pelata\/german-lotto\/\",\"name\":\"Pelaa saksalaista lottoa netiss\u00e4 Suomesta | Voinko osallistua saksalaiseen lottoon, jos asun Suomessa?\",\"isPartOf\":{\"@id\":\"https:\/\/onlinelotto365.com\/fi\/#website\"},\"primaryImageOfPage\":{\"@id\":\"https:\/\/onlinelotto365.com\/fi\/pelata\/german-lotto\/#primaryimage\"},\"image\":{\"@id\":\"https:\/\/onlinelotto365.com\/fi\/pelata\/german-lotto\/#primaryimage\"},\"thumbnailUrl\":\"https:\/\/redfoxlotto.com\/image?size=8&amp;lottery=lotto-6aus49\",\"datePublished\":\"2022-11-02T09:43:15+00:00\",\"dateModified\":\"2022-11-02T09:43:15+00:00\",\"description\":\"Pelaa saksalaista lottoa t\u00e4\u00e4ll\u00e4 - nettilippupalvelumme tekee sen mahdolliseksi Suomesta k\u00e4sin.\",\"breadcrumb\":{\"@id\":\"https:\/\/onlinelotto365.com\/fi\/pelata\/german-lotto\/#breadcrumb\"},\"inLanguage\":\"fi\",\"potentialAction\":[{\"@type\":\"ReadAction\",\"target\":[\"https:\/\/onlinelotto365.com\/fi\/pelata\/german-lotto\/\"]}]},{\"@type\":\"ImageObject\",\"inLanguage\":\"fi\",\"@id\":\"https:\/\/onlinelotto365.com\/fi\/pelata\/german-lotto\/#primaryimage\",\"url\":\"https:\/\/redfoxlotto.com\/image?size=8&amp;lottery=lotto-6aus49\",\"contentUrl\":\"https:\/\/redfoxlotto.com\/image?size=8&amp;lottery=lotto-6aus49\"},{\"@type\":\"BreadcrumbList\",\"@id\":\"https:\/\/onlinelotto365.com\/fi\/pelata\/german-lotto\/#breadcrumb\",\"itemListElement\":[{\"@type\":\"ListItem\",\"position\":1,\"name\":\"Home\",\"item\":\"https:\/\/onlinelotto365.com\/fi\/\"},{\"@type\":\"ListItem\",\"position\":2,\"name\":\"Kaikki mit\u00e4 sinun pit\u00e4\u00e4 tiet\u00e4\u00e4 vaihtoehdoistasi pelata parhaita arpapelej\u00e4 netiss\u00e4.\",\"item\":\"https:\/\/onlinelotto365.com\/fi\/pelata\/\"},{\"@type\":\"ListItem\",\"position\":3,\"name\":\"Osallistu Saksan Lotto muista maista\"}]},{\"@type\":\"WebSite\",\"@id\":\"https:\/\/onlinelotto365.com\/fi\/#website\",\"url\":\"https:\/\/onlinelotto365.com\/fi\/\",\"name\":\"OnlineLotto365\",\"description\":\"\",\"potentialAction\":[{\"@type\":\"SearchAction\",\"target\":{\"@type\":\"EntryPoint\",\"urlTemplate\":\"https:\/\/onlinelotto365.com\/fi\/?s={search_term_string}\"},\"query-input\":{\"@type\":\"PropertyValueSpecification\",\"valueRequired\":true,\"valueName\":\"search_term_string\"}}],\"inLanguage\":\"fi\"}]}<\/script>\n<!-- \/ Yoast SEO plugin. -->","yoast_head_json":{"title":"Pelaa saksalaista lottoa netiss\u00e4 Suomesta | Voinko osallistua saksalaiseen lottoon, jos asun Suomessa?","description":"Pelaa saksalaista lottoa t\u00e4\u00e4ll\u00e4 - nettilippupalvelumme tekee sen mahdolliseksi Suomesta k\u00e4sin.","robots":{"index":"index","follow":"follow","max-snippet":"max-snippet:-1","max-image-preview":"max-image-preview:large","max-video-preview":"max-video-preview:-1"},"canonical":"https:\/\/onlinelotto365.com\/fi\/pelata\/german-lotto\/","og_locale":"fi_FI","og_type":"article","og_title":"Pelaa saksalaista lottoa netiss\u00e4 Suomesta | Voinko osallistua saksalaiseen lottoon, jos asun Suomessa?","og_description":"Pelaa saksalaista lottoa t\u00e4\u00e4ll\u00e4 - nettilippupalvelumme tekee sen mahdolliseksi Suomesta k\u00e4sin.","og_url":"https:\/\/onlinelotto365.com\/fi\/pelata\/german-lotto\/","og_site_name":"OnlineLotto365","og_image":[{"url":"https:\/\/redfoxlotto.com\/image?size=8&amp;lottery=lotto-6aus49"}],"twitter_card":"summary_large_image","twitter_misc":{"Arvioitu lukuaika":"3 minuuttia"},"schema":{"@context":"https:\/\/schema.org","@graph":[{"@type":"WebPage","@id":"https:\/\/onlinelotto365.com\/fi\/pelata\/german-lotto\/","url":"https:\/\/onlinelotto365.com\/fi\/pelata\/german-lotto\/","name":"Pelaa saksalaista lottoa netiss\u00e4 Suomesta | Voinko osallistua saksalaiseen lottoon, jos asun Suomessa?","isPartOf":{"@id":"https:\/\/onlinelotto365.com\/fi\/#website"},"primaryImageOfPage":{"@id":"https:\/\/onlinelotto365.com\/fi\/pelata\/german-lotto\/#primaryimage"},"image":{"@id":"https:\/\/onlinelotto365.com\/fi\/pelata\/german-lotto\/#primaryimage"},"thumbnailUrl":"https:\/\/redfoxlotto.com\/image?size=8&amp;lottery=lotto-6aus49","datePublished":"2022-11-02T09:43:15+00:00","dateModified":"2022-11-02T09:43:15+00:00","description":"Pelaa saksalaista lottoa t\u00e4\u00e4ll\u00e4 - nettilippupalvelumme tekee sen mahdolliseksi Suomesta k\u00e4sin.","breadcrumb":{"@id":"https:\/\/onlinelotto365.com\/fi\/pelata\/german-lotto\/#breadcrumb"},"inLanguage":"fi","potentialAction":[{"@type":"ReadAction","target":["https:\/\/onlinelotto365.com\/fi\/pelata\/german-lotto\/"]}]},{"@type":"ImageObject","inLanguage":"fi","@id":"https:\/\/onlinelotto365.com\/fi\/pelata\/german-lotto\/#primaryimage","url":"https:\/\/redfoxlotto.com\/image?size=8&amp;lottery=lotto-6aus49","contentUrl":"https:\/\/redfoxlotto.com\/image?size=8&amp;lottery=lotto-6aus49"},{"@type":"BreadcrumbList","@id":"https:\/\/onlinelotto365.com\/fi\/pelata\/german-lotto\/#breadcrumb","itemListElement":[{"@type":"ListItem","position":1,"name":"Home","item":"https:\/\/onlinelotto365.com\/fi\/"},{"@type":"ListItem","position":2,"name":"Kaikki mit\u00e4 sinun pit\u00e4\u00e4 tiet\u00e4\u00e4 vaihtoehdoistasi pelata parhaita arpapelej\u00e4 netiss\u00e4.","item":"https:\/\/onlinelotto365.com\/fi\/pelata\/"},{"@type":"ListItem","position":3,"name":"Osallistu Saksan Lotto muista maista"}]},{"@type":"WebSite","@id":"https:\/\/onlinelotto365.com\/fi\/#website","url":"https:\/\/onlinelotto365.com\/fi\/","name":"OnlineLotto365","description":"","potentialAction":[{"@type":"SearchAction","target":{"@type":"EntryPoint","urlTemplate":"https:\/\/onlinelotto365.com\/fi\/?s={search_term_string}"},"query-input":{"@type":"PropertyValueSpecification","valueRequired":true,"valueName":"search_term_string"}}],"inLanguage":"fi"}]}},"_links":{"self":[{"href":"https:\/\/onlinelotto365.com\/fi\/wp-json\/wp\/v2\/pages\/79205","targetHints":{"allow":["GET"]}}],"collection":[{"href":"https:\/\/onlinelotto365.com\/fi\/wp-json\/wp\/v2\/pages"}],"about":[{"href":"https:\/\/onlinelotto365.com\/fi\/wp-json\/wp\/v2\/types\/page"}],"author":[{"embeddable":true,"href":"https:\/\/onlinelotto365.com\/fi\/wp-json\/wp\/v2\/users\/1"}],"replies":[{"embeddable":true,"href":"https:\/\/onlinelotto365.com\/fi\/wp-json\/wp\/v2\/comments?post=79205"}],"version-history":[{"count":0,"href":"https:\/\/onlinelotto365.com\/fi\/wp-json\/wp\/v2\/pages\/79205\/revisions"}],"up":[{"embeddable":true,"href":"https:\/\/onlinelotto365.com\/fi\/wp-json\/wp\/v2\/pages\/5016"}],"wp:attachment":[{"href":"https:\/\/onlinelotto365.com\/fi\/wp-json\/wp\/v2\/media?parent=79205"}],"curies":[{"name":"wp","href":"https:\/\/api.w.org\/{rel}","templated":true}]}}