{"id":79241,"date":"2022-11-03T07:45:50","date_gmt":"2022-11-03T06:45:50","guid":{"rendered":"https:\/\/onlinelotto365.com\/?page_id=79241"},"modified":"2022-11-03T07:54:50","modified_gmt":"2022-11-03T06:54:50","slug":"la-primitiva","status":"publish","type":"page","link":"https:\/\/onlinelotto365.com\/fi\/pelata\/la-primitiva\/","title":{"rendered":"Miten pelata Espanjan La Primitiva Lottery"},"content":{"rendered":"<h2>Tietoja La Primitiva<\/h2>\n<p>T\u00e4m\u00e4 espanjalainen arpajaiset tunnetaan my\u00f6s nimell\u00e4 El Gordo, vaikka se onkin harhaanjohtava. Itse asiassa El Gordo on La Primitiva -loton joulupainoksen lempinimi. Vaikka La Primitivaa voi pelata ymp\u00e4ri vuoden, El Gordoa tarjotaan vain jouluna. Suomessa asuvat voivat pelata La Primitivaa verkossa verkkosivujemme kautta.<\/p>\n<p>La Primitivassa on kaksi arvontakierrosta viikossa. Mahdollisuudet voittaa j\u00e4ttipotti ovat suhteellisen suuret, koska ylim\u00e4\u00e4r\u00e4isi\u00e4 numeroita ei ole.<\/p>\n<p><a href=\"https:\/\/redfoxlotto.com\/play\/la-primitiva\/?ref=a8564250a2&amp;medium=ol365\" target=\"_blank\" rel=\"noopener noreferrer\"><img decoding=\"async\" class=\"aligncenter\" src=\"https:\/\/redfoxlotto.com\/image?size=8&amp;lottery=la-primitiva\" alt=\"La Primitiva\" \/><\/a><\/p>\n<p>&nbsp;<\/p>\n<ul>\n<li>Maa: Espanja<\/li>\n<li>T\u00e4rkeimm\u00e4t numerot: 49<\/li>\n<li>Sinun on valittava: 6<\/li>\n<li>Lis\u00e4numeroiden valikoima:<\/li>\n<li>Sinun on valittava: 1<\/li>\n<li>Arvontap\u00e4iv\u00e4t, -tunnit: 21:30 CET &#8211; 21:30 CET.<\/li>\n<li>Jackpot alkaa klo: \u20ac 2 miljoonaa<\/li>\n<li>Jackpotin yl\u00e4raja: ei ole<\/li>\n<li>Mahdollisuus voittaa j\u00e4ttipotti: 1:15537573:sta<\/li>\n<li>Mahdollisuus voittaa toinen palkinto: 1:542008:sta.<\/li>\n<li>Mahdollisuus voittaa mik\u00e4 tahansa palkinto: 1:8,43:sta.<\/li>\n<li>Palkintoluokkien m\u00e4\u00e4r\u00e4: 1: 9<\/li>\n<\/ul>\n<p>&nbsp;<\/p>\n<h2>La Primitivan parhaat ominaisuudet<\/h2>\n<p>Kuten jo mainittiin, se, ett\u00e4 sinun on pelattava vain 6 numeroa 49:st\u00e4 eik\u00e4 ylim\u00e4\u00e4r\u00e4isi\u00e4 numeroita, tarkoittaa, ett\u00e4 todenn\u00e4k\u00f6isyytesi voittaa j\u00e4ttipotti ovat itse asiassa melko hyv\u00e4t.<\/p>\n<h2>Miten tarkistat La Primitivan tulokset<\/h2>\n<p>Jos olet ostanut kupongin netist\u00e4 Suomesta tai jostain muusta Espanjan ulkopuolisesta maasta, voittonumeroiden ja voittosummien l\u00f6yt\u00e4minen voi olla vaikeaa. Mutta t\u00e4\u00e4ll\u00e4 verkkosivustollamme julkaisemme tulokset heti sen j\u00e4lkeen, kun La Primitiva -lotonumerot on arvottu. Voit jopa tarkastella arpalippuasi pelitilill\u00e4si, josta n\u00e4et heti, mitk\u00e4 arpalippusi numerot vastaavat arvonnan tuloksia.<\/p>\n<p><img loading=\"lazy\" decoding=\"async\" class=\"alignright size-full wp-image-905\" src=\"https:\/\/onlinelotto365.com\/wp-content\/uploads\/2020\/11\/online_lottery-71.jpg\" alt=\"pelata la primitiva\" width=\"302\" height=\"100\" \/><\/p>\n<h2>Pelasit La Primitivaa netiss\u00e4 ja voitit &#8211; mit\u00e4 tapahtuu seuraavaksi?<\/h2>\n<p>Jos arpasi on voittanut alle 2500 euron palkinnon, kyseinen palkintosumma on pelitilill\u00e4si heti arvonnan j\u00e4lkeen. Jos voitit suuremman palkinnon, ota yhteytt\u00e4 palvelutiimiimme. He auttavat sinua j\u00e4rjest\u00e4m\u00e4\u00e4n maksun joko suoraan pankkitilillesi tai shekill\u00e4.<\/p>\n","protected":false},"excerpt":{"rendered":"<p>Tietoja La Primitiva T\u00e4m\u00e4 espanjalainen arpajaiset tunnetaan my\u00f6s nimell\u00e4 El Gordo, vaikka se onkin harhaanjohtava. Itse asiassa El Gordo on La Primitiva -loton joulupainoksen lempinimi. Vaikka La Primitivaa voi pelata ymp\u00e4ri vuoden, El Gordoa tarjotaan vain jouluna. Suomessa asuvat voivat pelata La Primitivaa verkossa verkkosivujemme kautta. La Primitivassa on kaksi arvontakierrosta viikossa. Mahdollisuudet voittaa j\u00e4ttipotti [&hellip;]<\/p>\n","protected":false},"author":1,"featured_media":0,"parent":5016,"menu_order":7,"comment_status":"closed","ping_status":"closed","template":"la-primitiva.php","meta":{"_et_pb_use_builder":"","_et_pb_old_content":"","_et_gb_content_width":"","exclude_from_search":false,"footnotes":""},"class_list":["post-79241","page","type-page","status-publish","hentry"],"yoast_head":"<!-- This site is optimized with the Yoast SEO plugin v23.4 - https:\/\/yoast.com\/wordpress\/plugins\/seo\/ -->\n<title>Pelaa La Primitiva Espanja verkossa | La Primitiva Suomestala-primitiva<\/title>\n<meta name=\"description\" content=\"Espanjan La Primitiva -lottoa voi nyt pelata netiss\u00e4 Suomesta k\u00e4sin.\" \/>\n<meta name=\"robots\" content=\"index, follow, max-snippet:-1, max-image-preview:large, max-video-preview:-1\" \/>\n<link rel=\"canonical\" href=\"https:\/\/onlinelotto365.com\/fi\/pelata\/la-primitiva\/\" \/>\n<meta property=\"og:locale\" content=\"fi_FI\" \/>\n<meta property=\"og:type\" content=\"article\" \/>\n<meta property=\"og:title\" content=\"Pelaa La Primitiva Espanja verkossa | La Primitiva Suomestala-primitiva\" \/>\n<meta property=\"og:description\" content=\"Espanjan La Primitiva -lottoa voi nyt pelata netiss\u00e4 Suomesta k\u00e4sin.\" \/>\n<meta property=\"og:url\" content=\"https:\/\/onlinelotto365.com\/fi\/pelata\/la-primitiva\/\" \/>\n<meta property=\"og:site_name\" content=\"OnlineLotto365\" \/>\n<meta property=\"article:modified_time\" content=\"2022-11-03T06:54:50+00:00\" \/>\n<meta property=\"og:image\" content=\"https:\/\/redfoxlotto.com\/image?size=8&amp;lottery=la-primitiva\" \/>\n<meta name=\"twitter:card\" content=\"summary_large_image\" \/>\n<meta name=\"twitter:label1\" content=\"Arvioitu lukuaika\" \/>\n\t<meta name=\"twitter:data1\" content=\"2 minuuttia\" \/>\n<script type=\"application\/ld+json\" class=\"yoast-schema-graph\">{\"@context\":\"https:\/\/schema.org\",\"@graph\":[{\"@type\":\"WebPage\",\"@id\":\"https:\/\/onlinelotto365.com\/fi\/pelata\/la-primitiva\/\",\"url\":\"https:\/\/onlinelotto365.com\/fi\/pelata\/la-primitiva\/\",\"name\":\"Pelaa La Primitiva Espanja verkossa | La Primitiva Suomestala-primitiva\",\"isPartOf\":{\"@id\":\"https:\/\/onlinelotto365.com\/fi\/#website\"},\"primaryImageOfPage\":{\"@id\":\"https:\/\/onlinelotto365.com\/fi\/pelata\/la-primitiva\/#primaryimage\"},\"image\":{\"@id\":\"https:\/\/onlinelotto365.com\/fi\/pelata\/la-primitiva\/#primaryimage\"},\"thumbnailUrl\":\"https:\/\/redfoxlotto.com\/image?size=8&amp;lottery=la-primitiva\",\"datePublished\":\"2022-11-03T06:45:50+00:00\",\"dateModified\":\"2022-11-03T06:54:50+00:00\",\"description\":\"Espanjan La Primitiva -lottoa voi nyt pelata netiss\u00e4 Suomesta k\u00e4sin.\",\"breadcrumb\":{\"@id\":\"https:\/\/onlinelotto365.com\/fi\/pelata\/la-primitiva\/#breadcrumb\"},\"inLanguage\":\"fi\",\"potentialAction\":[{\"@type\":\"ReadAction\",\"target\":[\"https:\/\/onlinelotto365.com\/fi\/pelata\/la-primitiva\/\"]}]},{\"@type\":\"ImageObject\",\"inLanguage\":\"fi\",\"@id\":\"https:\/\/onlinelotto365.com\/fi\/pelata\/la-primitiva\/#primaryimage\",\"url\":\"https:\/\/redfoxlotto.com\/image?size=8&amp;lottery=la-primitiva\",\"contentUrl\":\"https:\/\/redfoxlotto.com\/image?size=8&amp;lottery=la-primitiva\"},{\"@type\":\"BreadcrumbList\",\"@id\":\"https:\/\/onlinelotto365.com\/fi\/pelata\/la-primitiva\/#breadcrumb\",\"itemListElement\":[{\"@type\":\"ListItem\",\"position\":1,\"name\":\"Home\",\"item\":\"https:\/\/onlinelotto365.com\/fi\/\"},{\"@type\":\"ListItem\",\"position\":2,\"name\":\"Kaikki mit\u00e4 sinun pit\u00e4\u00e4 tiet\u00e4\u00e4 vaihtoehdoistasi pelata parhaita arpapelej\u00e4 netiss\u00e4.\",\"item\":\"https:\/\/onlinelotto365.com\/fi\/pelata\/\"},{\"@type\":\"ListItem\",\"position\":3,\"name\":\"Miten pelata Espanjan La Primitiva Lottery\"}]},{\"@type\":\"WebSite\",\"@id\":\"https:\/\/onlinelotto365.com\/fi\/#website\",\"url\":\"https:\/\/onlinelotto365.com\/fi\/\",\"name\":\"OnlineLotto365\",\"description\":\"\",\"potentialAction\":[{\"@type\":\"SearchAction\",\"target\":{\"@type\":\"EntryPoint\",\"urlTemplate\":\"https:\/\/onlinelotto365.com\/fi\/?s={search_term_string}\"},\"query-input\":{\"@type\":\"PropertyValueSpecification\",\"valueRequired\":true,\"valueName\":\"search_term_string\"}}],\"inLanguage\":\"fi\"}]}<\/script>\n<!-- \/ Yoast SEO plugin. -->","yoast_head_json":{"title":"Pelaa La Primitiva Espanja verkossa | La Primitiva Suomestala-primitiva","description":"Espanjan La Primitiva -lottoa voi nyt pelata netiss\u00e4 Suomesta k\u00e4sin.","robots":{"index":"index","follow":"follow","max-snippet":"max-snippet:-1","max-image-preview":"max-image-preview:large","max-video-preview":"max-video-preview:-1"},"canonical":"https:\/\/onlinelotto365.com\/fi\/pelata\/la-primitiva\/","og_locale":"fi_FI","og_type":"article","og_title":"Pelaa La Primitiva Espanja verkossa | La Primitiva Suomestala-primitiva","og_description":"Espanjan La Primitiva -lottoa voi nyt pelata netiss\u00e4 Suomesta k\u00e4sin.","og_url":"https:\/\/onlinelotto365.com\/fi\/pelata\/la-primitiva\/","og_site_name":"OnlineLotto365","article_modified_time":"2022-11-03T06:54:50+00:00","og_image":[{"url":"https:\/\/redfoxlotto.com\/image?size=8&amp;lottery=la-primitiva"}],"twitter_card":"summary_large_image","twitter_misc":{"Arvioitu lukuaika":"2 minuuttia"},"schema":{"@context":"https:\/\/schema.org","@graph":[{"@type":"WebPage","@id":"https:\/\/onlinelotto365.com\/fi\/pelata\/la-primitiva\/","url":"https:\/\/onlinelotto365.com\/fi\/pelata\/la-primitiva\/","name":"Pelaa La Primitiva Espanja verkossa | La Primitiva Suomestala-primitiva","isPartOf":{"@id":"https:\/\/onlinelotto365.com\/fi\/#website"},"primaryImageOfPage":{"@id":"https:\/\/onlinelotto365.com\/fi\/pelata\/la-primitiva\/#primaryimage"},"image":{"@id":"https:\/\/onlinelotto365.com\/fi\/pelata\/la-primitiva\/#primaryimage"},"thumbnailUrl":"https:\/\/redfoxlotto.com\/image?size=8&amp;lottery=la-primitiva","datePublished":"2022-11-03T06:45:50+00:00","dateModified":"2022-11-03T06:54:50+00:00","description":"Espanjan La Primitiva -lottoa voi nyt pelata netiss\u00e4 Suomesta k\u00e4sin.","breadcrumb":{"@id":"https:\/\/onlinelotto365.com\/fi\/pelata\/la-primitiva\/#breadcrumb"},"inLanguage":"fi","potentialAction":[{"@type":"ReadAction","target":["https:\/\/onlinelotto365.com\/fi\/pelata\/la-primitiva\/"]}]},{"@type":"ImageObject","inLanguage":"fi","@id":"https:\/\/onlinelotto365.com\/fi\/pelata\/la-primitiva\/#primaryimage","url":"https:\/\/redfoxlotto.com\/image?size=8&amp;lottery=la-primitiva","contentUrl":"https:\/\/redfoxlotto.com\/image?size=8&amp;lottery=la-primitiva"},{"@type":"BreadcrumbList","@id":"https:\/\/onlinelotto365.com\/fi\/pelata\/la-primitiva\/#breadcrumb","itemListElement":[{"@type":"ListItem","position":1,"name":"Home","item":"https:\/\/onlinelotto365.com\/fi\/"},{"@type":"ListItem","position":2,"name":"Kaikki mit\u00e4 sinun pit\u00e4\u00e4 tiet\u00e4\u00e4 vaihtoehdoistasi pelata parhaita arpapelej\u00e4 netiss\u00e4.","item":"https:\/\/onlinelotto365.com\/fi\/pelata\/"},{"@type":"ListItem","position":3,"name":"Miten pelata Espanjan La Primitiva Lottery"}]},{"@type":"WebSite","@id":"https:\/\/onlinelotto365.com\/fi\/#website","url":"https:\/\/onlinelotto365.com\/fi\/","name":"OnlineLotto365","description":"","potentialAction":[{"@type":"SearchAction","target":{"@type":"EntryPoint","urlTemplate":"https:\/\/onlinelotto365.com\/fi\/?s={search_term_string}"},"query-input":{"@type":"PropertyValueSpecification","valueRequired":true,"valueName":"search_term_string"}}],"inLanguage":"fi"}]}},"_links":{"self":[{"href":"https:\/\/onlinelotto365.com\/fi\/wp-json\/wp\/v2\/pages\/79241","targetHints":{"allow":["GET"]}}],"collection":[{"href":"https:\/\/onlinelotto365.com\/fi\/wp-json\/wp\/v2\/pages"}],"about":[{"href":"https:\/\/onlinelotto365.com\/fi\/wp-json\/wp\/v2\/types\/page"}],"author":[{"embeddable":true,"href":"https:\/\/onlinelotto365.com\/fi\/wp-json\/wp\/v2\/users\/1"}],"replies":[{"embeddable":true,"href":"https:\/\/onlinelotto365.com\/fi\/wp-json\/wp\/v2\/comments?post=79241"}],"version-history":[{"count":0,"href":"https:\/\/onlinelotto365.com\/fi\/wp-json\/wp\/v2\/pages\/79241\/revisions"}],"up":[{"embeddable":true,"href":"https:\/\/onlinelotto365.com\/fi\/wp-json\/wp\/v2\/pages\/5016"}],"wp:attachment":[{"href":"https:\/\/onlinelotto365.com\/fi\/wp-json\/wp\/v2\/media?parent=79241"}],"curies":[{"name":"wp","href":"https:\/\/api.w.org\/{rel}","templated":true}]}}