{"id":79287,"date":"2022-11-03T09:58:52","date_gmt":"2022-11-03T08:58:52","guid":{"rendered":"https:\/\/onlinelotto365.com\/?page_id=79287"},"modified":"2022-11-03T09:58:52","modified_gmt":"2022-11-03T08:58:52","slug":"saturday-lotto-australia","status":"publish","type":"page","link":"https:\/\/onlinelotto365.com\/fi\/pelata\/saturday-lotto-australia\/","title":{"rendered":"Pelaaminen lauantaina Lotto Australia on vain yksi vaihtoehdoista lotto faneille Suomesta"},"content":{"rendered":"<h2>Kuinka pelata Saturday Lotto Australiaa verkossa<\/h2>\n<p>Jos asut Suomessa tai muualla, huomaat, ettei Saturday Lotto Australia -pelin pelaaminen ole niin vaikeaa kuin ehk\u00e4 luulet. Lis\u00e4ksi sinulla on vaihtoehtoja saada haluamasi liput ilman, ett\u00e4 sinun tarvitsee k\u00e4ytt\u00e4\u00e4 paljon aikaa siihen, mik\u00e4 voisi olla sen parempaa?<\/p>\n<p>No, se, ett\u00e4 autamme sinua matkan varrella, on varmasti my\u00f6s suuri etu. Voit valita kaikki haluamasi vaihtoehdot, luoda tilisi, ostaa lippusi ja kaiken muun tarvitsemasi haluamallasi maksutavalla hetkess\u00e4. Ja me varmistamme, ett\u00e4 liput ovat valmiina, kun arvonta tulee.<\/p>\n<p>Sinun tarvitsee vain tutustua eri lottovaihtoehtoihin ja valita Saturday Lotto Australia. Kun olet tehnyt t\u00e4m\u00e4n, saat mahdollisuuden valita numerot jokaiseen haluamaasi lippuun.<br \/>\n\u00c4l\u00e4 kuitenkaan ole huolissasi siit\u00e4, ett\u00e4 valitset v\u00e4\u00e4r\u00e4n m\u00e4\u00e4r\u00e4n numeroita, sill\u00e4 j\u00e4rjestelm\u00e4 ohjaa sinua saamaan juuri oikean m\u00e4\u00e4r\u00e4n. Jos et ole varma haluamistasi numeroista, voit valita pikavalinnan ja antaa tietokoneen valita numerot puolestasi.<\/p>\n<p>Kun olet saanut lippusi, voit lis\u00e4t\u00e4 niit\u00e4 lis\u00e4\u00e4, valita liput toiseen peliin tai vain lis\u00e4t\u00e4 ne tilaukseesi ja valmistautua tekem\u00e4\u00e4n ostoksen. Kassaprosessi on suunniteltu mahdollisimman yksinkertaiseksi, jotta voit maksaa lippusi ja jatkaa matkaa hetkess\u00e4. Sinun tarvitsee vain luoda tilisi.<\/p>\n<p>Tilin luominen on helppoa, koska emme tarvitse paljon tietoja. Sitten l\u00e4het\u00e4mme sinulle vahvistuss\u00e4hk\u00f6postin, jonka avulla voit viimeistell\u00e4 tilisi. Pid\u00e4 mieless\u00e4, ett\u00e4 se voi p\u00e4\u00e4ty\u00e4 roskapostikansioosi (mik\u00e4 tarkoittaa, ett\u00e4 sinun on lis\u00e4tt\u00e4v\u00e4 meid\u00e4t osoitekirjaasi), ja sen my\u00f6t\u00e4 sinulla on tili ja mahdollisuus ostaa lis\u00e4\u00e4 lippuja milloin haluat.<\/p>\n<p><a href=\"https:\/\/redfoxlotto.com\/play\/saturday-lotto-au\/?ref=a8564250a2&amp;medium=ol365\" target=\"_blank\" rel=\"noopener noreferrer\"><img decoding=\"async\" class=\"aligncenter\" src=\"https:\/\/redfoxlotto.com\/image?size=8&amp;lottery=saturday-lotto-au\" alt=\"Lauantai Lotto Australia\" \/><\/a><\/p>\n<h2>Tietoja Saturday Lotto Australia<\/h2>\n<ul>\n<li>Maa: Australia<\/li>\n<li>T\u00e4rkeimm\u00e4t numerot: 45<\/li>\n<li>Sinun on valittava: 6<\/li>\n<li>Arvontap\u00e4iv\u00e4t, -tunnit: Lauantai, 21:30 GMT+11 &#8211; 10:30 CET<\/li>\n<li>Jackpot alkaa klo: AU$ 5 miljoonaa<\/li>\n<li>Jackpotin yl\u00e4raja on: AU$ 150 miljoonaa<\/li>\n<li>Mahdollisuus voittaa j\u00e4ttipotti: 1:8145060:st\u00e4.<\/li>\n<li>Mahdollisuus voittaa toinen palkinto: 1:678755:sta<\/li>\n<li>Mahdollisuus voittaa mik\u00e4 tahansa palkinto: 1:85,44.<\/li>\n<li>Palkintoluokkien m\u00e4\u00e4r\u00e4: 1: 6<\/li>\n<\/ul>\n<h2>\nLauantailoton parhaat ominaisuudet Australiassa<\/h2>\n<p>Saturday Lotto Australia tarjoaa runsaasti voittomahdollisuuksia ja useiden miljoonien j\u00e4ttipotteja. Viel\u00e4 parempaa on se, ett\u00e4 jokaisessa arvonnassa on satoja tuhansia voittajia. Voit voittaa pienen, alle 10 dollarin palkinnon tai voit voittaa suuria, satojen tuhansien dollarien palkintoja. Sinun tarvitsee vain valita oikeat numerot.<\/p>\n<h2>Kuinka tarkistaa lauantailoton Australian tulokset<\/h2>\n<p>Kun on aika tarkistaa lauantailoton Australian tulokset, sinulla on useita eri vaihtoehtoja. Ensimm\u00e4inen on katsoa loton viralliselta verkkosivustolta. Ne julkaisevat voittonumerot aina niiden arvonnan j\u00e4lkeen.<br \/>\nMutta voit my\u00f6s tarkistaa paikalliset sanomalehdet ja televisiokanavat, jos asut paikallisesti. Helpoin ja paras tapa tarkistaa on tietysti palata verkkosivustollemme ja kirjautua tilillesi. Sielt\u00e4 n\u00e4et viimeisimm\u00e4t voittonumerot ja voit verrata niit\u00e4 omiin numeroihisi.<\/p>\n<h2>Pelasit Saturday Lotto Australiaa verkossa ja voitit &#8211; mit\u00e4 seuraavaksi?<\/h2>\n<p>Voititko jotain viimeisess\u00e4 arvonnassa? Jos voitit, haluat varmasti tiet\u00e4\u00e4, kuinka paljon, ja se vaikuttaa siihen, miten saat rahasi. Kaikki alle 2500 euron summat voidaan tallettaa suoraan tilillesi, ja ne. T\u00e4m\u00e4 tarkoittaa, ett\u00e4 voit tehd\u00e4 sill\u00e4 mit\u00e4 haluat, nostamisesta (jos se on yli 10 \u20ac), ostamalla muutaman lipun lis\u00e4\u00e4 t\u00e4h\u00e4n tai mihin tahansa muuhun haluamaasi peliin.<br \/>\nToisaalta, jos olet ollut onnekas ja voittanut yli 2500 euroa, autamme sinua voittojen lunastamisessa, mik\u00e4 vaatii hieman enemm\u00e4n vaivaa. T\u00e4t\u00e4 prosessia varten sinun on t\u00e4ytett\u00e4v\u00e4 lottokomissiolle tarkoitettu hakulomake ja p\u00e4\u00e4tett\u00e4v\u00e4, haluatko rahasi l\u00e4hetett\u00e4v\u00e4n sinulle pankkisiirrolla vai shekill\u00e4. Se on t\u00e4ysin sinusta kiinni.<\/p>\n","protected":false},"excerpt":{"rendered":"<p>Kuinka pelata Saturday Lotto Australiaa verkossa Jos asut Suomessa tai muualla, huomaat, ettei Saturday Lotto Australia -pelin pelaaminen ole niin vaikeaa kuin ehk\u00e4 luulet. Lis\u00e4ksi sinulla on vaihtoehtoja saada haluamasi liput ilman, ett\u00e4 sinun tarvitsee k\u00e4ytt\u00e4\u00e4 paljon aikaa siihen, mik\u00e4 voisi olla sen parempaa? No, se, ett\u00e4 autamme sinua matkan varrella, on varmasti my\u00f6s suuri [&hellip;]<\/p>\n","protected":false},"author":1,"featured_media":0,"parent":5016,"menu_order":15,"comment_status":"closed","ping_status":"closed","template":"saturday-lotto.php","meta":{"_et_pb_use_builder":"","_et_pb_old_content":"","_et_gb_content_width":"","exclude_from_search":false,"footnotes":""},"class_list":["post-79287","page","type-page","status-publish","hentry"],"yoast_head":"<!-- This site is optimized with the Yoast SEO plugin v23.4 - https:\/\/yoast.com\/wordpress\/plugins\/seo\/ -->\n<title>Palvelumme avulla voit pelata Saturday Lotto Australiaa netiss\u00e4 Suomesta k\u00e4sin<\/title>\n<meta name=\"description\" content=\"Australiassakin on lauantailotto - pelaa sit\u00e4 nyt netiss\u00e4\" \/>\n<meta name=\"robots\" content=\"index, follow, max-snippet:-1, max-image-preview:large, max-video-preview:-1\" \/>\n<link rel=\"canonical\" href=\"https:\/\/onlinelotto365.com\/fi\/pelata\/saturday-lotto-australia\/\" \/>\n<meta property=\"og:locale\" content=\"fi_FI\" \/>\n<meta property=\"og:type\" content=\"article\" \/>\n<meta property=\"og:title\" content=\"Palvelumme avulla voit pelata Saturday Lotto Australiaa netiss\u00e4 Suomesta k\u00e4sin\" \/>\n<meta property=\"og:description\" content=\"Australiassakin on lauantailotto - pelaa sit\u00e4 nyt netiss\u00e4\" \/>\n<meta property=\"og:url\" content=\"https:\/\/onlinelotto365.com\/fi\/pelata\/saturday-lotto-australia\/\" \/>\n<meta property=\"og:site_name\" content=\"OnlineLotto365\" \/>\n<meta property=\"og:image\" content=\"https:\/\/redfoxlotto.com\/image?size=8&amp;lottery=saturday-lotto-au\" \/>\n<meta name=\"twitter:card\" content=\"summary_large_image\" \/>\n<meta name=\"twitter:label1\" content=\"Arvioitu lukuaika\" \/>\n\t<meta name=\"twitter:data1\" content=\"3 minuuttia\" \/>\n<script type=\"application\/ld+json\" class=\"yoast-schema-graph\">{\"@context\":\"https:\/\/schema.org\",\"@graph\":[{\"@type\":\"WebPage\",\"@id\":\"https:\/\/onlinelotto365.com\/fi\/pelata\/saturday-lotto-australia\/\",\"url\":\"https:\/\/onlinelotto365.com\/fi\/pelata\/saturday-lotto-australia\/\",\"name\":\"Palvelumme avulla voit pelata Saturday Lotto Australiaa netiss\u00e4 Suomesta k\u00e4sin\",\"isPartOf\":{\"@id\":\"https:\/\/onlinelotto365.com\/fi\/#website\"},\"primaryImageOfPage\":{\"@id\":\"https:\/\/onlinelotto365.com\/fi\/pelata\/saturday-lotto-australia\/#primaryimage\"},\"image\":{\"@id\":\"https:\/\/onlinelotto365.com\/fi\/pelata\/saturday-lotto-australia\/#primaryimage\"},\"thumbnailUrl\":\"https:\/\/redfoxlotto.com\/image?size=8&amp;lottery=saturday-lotto-au\",\"datePublished\":\"2022-11-03T08:58:52+00:00\",\"dateModified\":\"2022-11-03T08:58:52+00:00\",\"description\":\"Australiassakin on lauantailotto - pelaa sit\u00e4 nyt netiss\u00e4\",\"breadcrumb\":{\"@id\":\"https:\/\/onlinelotto365.com\/fi\/pelata\/saturday-lotto-australia\/#breadcrumb\"},\"inLanguage\":\"fi\",\"potentialAction\":[{\"@type\":\"ReadAction\",\"target\":[\"https:\/\/onlinelotto365.com\/fi\/pelata\/saturday-lotto-australia\/\"]}]},{\"@type\":\"ImageObject\",\"inLanguage\":\"fi\",\"@id\":\"https:\/\/onlinelotto365.com\/fi\/pelata\/saturday-lotto-australia\/#primaryimage\",\"url\":\"https:\/\/redfoxlotto.com\/image?size=8&amp;lottery=saturday-lotto-au\",\"contentUrl\":\"https:\/\/redfoxlotto.com\/image?size=8&amp;lottery=saturday-lotto-au\"},{\"@type\":\"BreadcrumbList\",\"@id\":\"https:\/\/onlinelotto365.com\/fi\/pelata\/saturday-lotto-australia\/#breadcrumb\",\"itemListElement\":[{\"@type\":\"ListItem\",\"position\":1,\"name\":\"Home\",\"item\":\"https:\/\/onlinelotto365.com\/fi\/\"},{\"@type\":\"ListItem\",\"position\":2,\"name\":\"Kaikki mit\u00e4 sinun pit\u00e4\u00e4 tiet\u00e4\u00e4 vaihtoehdoistasi pelata parhaita arpapelej\u00e4 netiss\u00e4.\",\"item\":\"https:\/\/onlinelotto365.com\/fi\/pelata\/\"},{\"@type\":\"ListItem\",\"position\":3,\"name\":\"Pelaaminen lauantaina Lotto Australia on vain yksi vaihtoehdoista lotto faneille Suomesta\"}]},{\"@type\":\"WebSite\",\"@id\":\"https:\/\/onlinelotto365.com\/fi\/#website\",\"url\":\"https:\/\/onlinelotto365.com\/fi\/\",\"name\":\"OnlineLotto365\",\"description\":\"\",\"potentialAction\":[{\"@type\":\"SearchAction\",\"target\":{\"@type\":\"EntryPoint\",\"urlTemplate\":\"https:\/\/onlinelotto365.com\/fi\/?s={search_term_string}\"},\"query-input\":{\"@type\":\"PropertyValueSpecification\",\"valueRequired\":true,\"valueName\":\"search_term_string\"}}],\"inLanguage\":\"fi\"}]}<\/script>\n<!-- \/ Yoast SEO plugin. -->","yoast_head_json":{"title":"Palvelumme avulla voit pelata Saturday Lotto Australiaa netiss\u00e4 Suomesta k\u00e4sin","description":"Australiassakin on lauantailotto - pelaa sit\u00e4 nyt netiss\u00e4","robots":{"index":"index","follow":"follow","max-snippet":"max-snippet:-1","max-image-preview":"max-image-preview:large","max-video-preview":"max-video-preview:-1"},"canonical":"https:\/\/onlinelotto365.com\/fi\/pelata\/saturday-lotto-australia\/","og_locale":"fi_FI","og_type":"article","og_title":"Palvelumme avulla voit pelata Saturday Lotto Australiaa netiss\u00e4 Suomesta k\u00e4sin","og_description":"Australiassakin on lauantailotto - pelaa sit\u00e4 nyt netiss\u00e4","og_url":"https:\/\/onlinelotto365.com\/fi\/pelata\/saturday-lotto-australia\/","og_site_name":"OnlineLotto365","og_image":[{"url":"https:\/\/redfoxlotto.com\/image?size=8&amp;lottery=saturday-lotto-au"}],"twitter_card":"summary_large_image","twitter_misc":{"Arvioitu lukuaika":"3 minuuttia"},"schema":{"@context":"https:\/\/schema.org","@graph":[{"@type":"WebPage","@id":"https:\/\/onlinelotto365.com\/fi\/pelata\/saturday-lotto-australia\/","url":"https:\/\/onlinelotto365.com\/fi\/pelata\/saturday-lotto-australia\/","name":"Palvelumme avulla voit pelata Saturday Lotto Australiaa netiss\u00e4 Suomesta k\u00e4sin","isPartOf":{"@id":"https:\/\/onlinelotto365.com\/fi\/#website"},"primaryImageOfPage":{"@id":"https:\/\/onlinelotto365.com\/fi\/pelata\/saturday-lotto-australia\/#primaryimage"},"image":{"@id":"https:\/\/onlinelotto365.com\/fi\/pelata\/saturday-lotto-australia\/#primaryimage"},"thumbnailUrl":"https:\/\/redfoxlotto.com\/image?size=8&amp;lottery=saturday-lotto-au","datePublished":"2022-11-03T08:58:52+00:00","dateModified":"2022-11-03T08:58:52+00:00","description":"Australiassakin on lauantailotto - pelaa sit\u00e4 nyt netiss\u00e4","breadcrumb":{"@id":"https:\/\/onlinelotto365.com\/fi\/pelata\/saturday-lotto-australia\/#breadcrumb"},"inLanguage":"fi","potentialAction":[{"@type":"ReadAction","target":["https:\/\/onlinelotto365.com\/fi\/pelata\/saturday-lotto-australia\/"]}]},{"@type":"ImageObject","inLanguage":"fi","@id":"https:\/\/onlinelotto365.com\/fi\/pelata\/saturday-lotto-australia\/#primaryimage","url":"https:\/\/redfoxlotto.com\/image?size=8&amp;lottery=saturday-lotto-au","contentUrl":"https:\/\/redfoxlotto.com\/image?size=8&amp;lottery=saturday-lotto-au"},{"@type":"BreadcrumbList","@id":"https:\/\/onlinelotto365.com\/fi\/pelata\/saturday-lotto-australia\/#breadcrumb","itemListElement":[{"@type":"ListItem","position":1,"name":"Home","item":"https:\/\/onlinelotto365.com\/fi\/"},{"@type":"ListItem","position":2,"name":"Kaikki mit\u00e4 sinun pit\u00e4\u00e4 tiet\u00e4\u00e4 vaihtoehdoistasi pelata parhaita arpapelej\u00e4 netiss\u00e4.","item":"https:\/\/onlinelotto365.com\/fi\/pelata\/"},{"@type":"ListItem","position":3,"name":"Pelaaminen lauantaina Lotto Australia on vain yksi vaihtoehdoista lotto faneille Suomesta"}]},{"@type":"WebSite","@id":"https:\/\/onlinelotto365.com\/fi\/#website","url":"https:\/\/onlinelotto365.com\/fi\/","name":"OnlineLotto365","description":"","potentialAction":[{"@type":"SearchAction","target":{"@type":"EntryPoint","urlTemplate":"https:\/\/onlinelotto365.com\/fi\/?s={search_term_string}"},"query-input":{"@type":"PropertyValueSpecification","valueRequired":true,"valueName":"search_term_string"}}],"inLanguage":"fi"}]}},"_links":{"self":[{"href":"https:\/\/onlinelotto365.com\/fi\/wp-json\/wp\/v2\/pages\/79287","targetHints":{"allow":["GET"]}}],"collection":[{"href":"https:\/\/onlinelotto365.com\/fi\/wp-json\/wp\/v2\/pages"}],"about":[{"href":"https:\/\/onlinelotto365.com\/fi\/wp-json\/wp\/v2\/types\/page"}],"author":[{"embeddable":true,"href":"https:\/\/onlinelotto365.com\/fi\/wp-json\/wp\/v2\/users\/1"}],"replies":[{"embeddable":true,"href":"https:\/\/onlinelotto365.com\/fi\/wp-json\/wp\/v2\/comments?post=79287"}],"version-history":[{"count":0,"href":"https:\/\/onlinelotto365.com\/fi\/wp-json\/wp\/v2\/pages\/79287\/revisions"}],"up":[{"embeddable":true,"href":"https:\/\/onlinelotto365.com\/fi\/wp-json\/wp\/v2\/pages\/5016"}],"wp:attachment":[{"href":"https:\/\/onlinelotto365.com\/fi\/wp-json\/wp\/v2\/media?parent=79287"}],"curies":[{"name":"wp","href":"https:\/\/api.w.org\/{rel}","templated":true}]}}