{"id":79324,"date":"2022-11-03T11:42:14","date_gmt":"2022-11-03T10:42:14","guid":{"rendered":"https:\/\/onlinelotto365.com\/?page_id=79324"},"modified":"2022-11-03T11:42:46","modified_gmt":"2022-11-03T10:42:46","slug":"oz-lotto","status":"publish","type":"page","link":"https:\/\/onlinelotto365.com\/fi\/pelata\/oz-lotto\/","title":{"rendered":"Oz Loton pelaaminen on vain yksi vaihtoehto Suomen lottofaneille."},"content":{"rendered":"<h2>Kuinka pelata Oz Lotto verkossa<\/h2>\n<p>Riippumatta siit\u00e4, asutko Suomessa vai et, voit pelata Oz Lotto -lottoa verkossa helposti. Sinun tarvitsee vain l\u00f6yt\u00e4\u00e4 oikea sivu verkkosivustoltamme, napsauttaa muutamaa painiketta, ja ennen kuin huomaatkaan, sinulla on haluamasi liput.<\/p>\n<p>Viel\u00e4 parempi on, ett\u00e4 perustat vain t\u00e4ysin ilmaisen tilin, valitset haluamasi liput ja numerot, valitset sinulle parhaiten sopivan maksutavan ja olet valmis. Se on oikeastaan n\u00e4in yksinkertaista.<\/p>\n<p>Jos olet valmis aloittamaan, sinun on ensin valittava haluamasi lotto. T\u00e4ss\u00e4 tapauksessa kyseess\u00e4 on Oz Lotto. Kun olet p\u00e4\u00e4ssyt sis\u00e4\u00e4n, voit vain valita numerot, joita haluat pelata. Sinun ei tarvitse edes huolehtia siit\u00e4, ett\u00e4 valitset numerot v\u00e4\u00e4rin, koska j\u00e4rjestelm\u00e4 kertoo sinulle, mit\u00e4 tarvitset.<\/p>\n<p>T\u00e4m\u00e4 tarkoittaa my\u00f6s numeroiden m\u00e4\u00e4r\u00e4\u00e4. Lis\u00e4ksi voit valita pikavalinnan, jolloin tietokone valitsee numerot sattumanvaraisesti, ja voit muokata my\u00f6s n\u00e4it\u00e4 numeroita.<br \/>\nKun olet hankkinut haluamasi Oz Lotto -lottoliput, voit lis\u00e4t\u00e4 viel\u00e4 lis\u00e4\u00e4 lippuja, valita eri pelin ja lis\u00e4t\u00e4 ne liput tai vain lis\u00e4t\u00e4 lippusi ostotilaukseen. Kassalle ja maksa haluamallasi maksutavalla, ja olet valmis. Tosin sinun on tietysti luotava tili, jotta p\u00e4\u00e4set kassaprosessin l\u00e4pi.<\/p>\n<p>Tilin luominen on helppoa, ja saat vahvistuss\u00e4hk\u00f6postin ja linkin heti. N\u00e4in voit hyp\u00e4t\u00e4 suoraan ostamaan liput ilman odottelua. Varmista vain, ett\u00e4 tarkistat postilaatikkosi ja roskapostikansiosi, koska et voi saada lippuja, ellet vahvista. Olet valmis l\u00e4htem\u00e4\u00e4n hetkess\u00e4.<\/p>\n<p><a href=\"https:\/\/redfoxlotto.com\/play\/oz-lotto\/?ref=a8564250a2&amp;medium=ol365\" target=\"_blank\" rel=\"noopener noreferrer\"><img decoding=\"async\" class=\"aligncenter\" src=\"https:\/\/redfoxlotto.com\/image?size=8&amp;lottery=oz-lotto\" alt=\"Oz Lotto\" \/><\/a><\/p>\n<h2>Tietoja Oz Lotto<\/h2>\n<ul>\n<li>Maa: Australia<\/li>\n<li>T\u00e4rkeimm\u00e4t numerot: 45<\/li>\n<li>Sinun on valittava: 7<\/li>\n<li>P\u00e4iv\u00e4t, tunnit arvonnat: Tiistai, 21:30 GMT+11 &#8211; 10:30 CET<\/li>\n<li>Jackpot alkaa klo: AU$ 2 miljoonaa<\/li>\n<li>Jackpotin yl\u00e4raja on: ei mit\u00e4\u00e4n<\/li>\n<li>Mahdollisuus voittaa j\u00e4ttipotti: 1 45379620:sta 45379620:sta<\/li>\n<li>Mahdollisuus voittaa toinen palkinto: 1:3241401:st\u00e4<\/li>\n<li>Mahdollisuus voittaa mik\u00e4 tahansa palkinto: 1:54,59:st\u00e4.<\/li>\n<li>Palkintoluokkien lukum\u00e4\u00e4r\u00e4: 1: 7<\/li>\n<\/ul>\n<h2>Oz Loton parhaat ominaisuudet<\/h2>\n<p>Oz Lotto antaa sinulle mahdollisuuden voittaa seitsem\u00e4ss\u00e4 eri sarjassa, mik\u00e4 lis\u00e4\u00e4 mahdollisuuksiasi voittaa suuri palkinto. Sen lis\u00e4ksi, jos voitat 1. divisioonassa, voit taatusti jakaa 2 miljoonan dollarin palkinnon, ja usein viel\u00e4 paljon suuremman. T\u00e4m\u00e4 tarkoittaa, ett\u00e4 sinulla ei ole mit\u00e4\u00e4n ongelmaa voittaa jotain suurta tai ainakin saada osuus jostakin upeista palkintovaihtoehdoista.<\/p>\n<h2>Kuinka tarkistaa Oz Loton tulokset<\/h2>\n<p>Oz Loton voittonumerot voi tarkistaa monella eri tavalla. Ensimm\u00e4inen on menem\u00e4ll\u00e4 viralliselle verkkosivustolle tai tarkistamalla paikalliset lotot oman sanomalehden tai suosikkiuutiskanavasi kautta. T\u00e4m\u00e4 toimii kuitenkin vain, jos peli on paikallinen. Ja paras tapa, jolla voit saada lottonumerot selville, on palata suoraan sivustollemme.<br \/>\nLoppujen lopuksi olet ostanut lippusi t\u00e4\u00e4lt\u00e4, joten miksip\u00e4 ei? Voit kirjautua suoraan tilillesi ja verrata numeroitasi voittonumeroihin n\u00e4hd\u00e4ksesi, kuinka paljon olet voittanut.<\/p>\n<h2>Olet Oz Lotto -voittaja! &#8211; Mit\u00e4 nyt?<\/h2>\n<p>Ensimm\u00e4iseksi haluat varmasti tiet\u00e4\u00e4, kuinka paljon saat. Loppujen lopuksi kaikki haluavat tiet\u00e4\u00e4 voitoistaan, eik\u00f6 niin? Jos olet voittanut alle 2500 euroa, sinun ei tarvitse tehd\u00e4 mit\u00e4\u00e4n. Me huolehdimme palkinnon lunastamisesta ja laitamme sen suoraan nettitilillesi. Sielt\u00e4 voit valita, otatko sen ulos, ostatko uusia lippuja tai mit\u00e4 tahansa muuta haluat, kunhan voittosi on yli 10 euroa.<br \/>\n<img loading=\"lazy\" decoding=\"async\" class=\"alignright wp-image-3635\" src=\"https:\/\/onlinelotto365.com\/wp-content\/uploads\/2020\/11\/online_lottery-123-300x300.jpg\" alt=\"pelata oz lotto verkossa\" width=\"228\" height=\"228\" srcset=\"https:\/\/onlinelotto365.com\/wp-content\/uploads\/2020\/11\/online_lottery-123-300x300.jpg 300w, https:\/\/onlinelotto365.com\/wp-content\/uploads\/2020\/11\/online_lottery-123-100x100.jpg 100w, https:\/\/onlinelotto365.com\/wp-content\/uploads\/2020\/11\/online_lottery-123-150x150.jpg 150w, https:\/\/onlinelotto365.com\/wp-content\/uploads\/2020\/11\/online_lottery-123.jpg 320w\" sizes=\"auto, (max-width: 228px) 100vw, 228px\" \/><\/p>\n<p>Jos olet voittanut yli 2500 euroa, prosessiin liittyy hieman enemm\u00e4n, mutta \u00e4l\u00e4 huoli, sill\u00e4 me autamme sinua kaikessa. Otamme sinuun yhteytt\u00e4 ja hankimme sinulle kopion hakemuslomakkeesta, joka on l\u00e4hetett\u00e4v\u00e4 lottokomissiolle. Kun olet t\u00e4ytt\u00e4nyt sen, voit saada voittosi sen mukaan, mit\u00e4 olet toimittanut paperilla. Voit saada shekin tai pankkisiirron.<\/p>\n","protected":false},"excerpt":{"rendered":"<p>Kuinka pelata Oz Lotto verkossa Riippumatta siit\u00e4, asutko Suomessa vai et, voit pelata Oz Lotto -lottoa verkossa helposti. Sinun tarvitsee vain l\u00f6yt\u00e4\u00e4 oikea sivu verkkosivustoltamme, napsauttaa muutamaa painiketta, ja ennen kuin huomaatkaan, sinulla on haluamasi liput. Viel\u00e4 parempi on, ett\u00e4 perustat vain t\u00e4ysin ilmaisen tilin, valitset haluamasi liput ja numerot, valitset sinulle parhaiten sopivan maksutavan [&hellip;]<\/p>\n","protected":false},"author":1,"featured_media":0,"parent":5016,"menu_order":14,"comment_status":"closed","ping_status":"closed","template":"template-rightsidebar.php","meta":{"_et_pb_use_builder":"","_et_pb_old_content":"","_et_gb_content_width":"","exclude_from_search":false,"footnotes":""},"class_list":["post-79324","page","type-page","status-publish","hentry"],"yoast_head":"<!-- This site is optimized with the Yoast SEO plugin v23.4 - https:\/\/yoast.com\/wordpress\/plugins\/seo\/ -->\n<title>Pelaa Oz Lottoa t\u00e4\u00e4ll\u00e4 - planeetan suurimmat lotot netiss\u00e4 Suomesta k\u00e4sin!<\/title>\n<meta name=\"description\" content=\"Pelaa monia kansainv\u00e4lisi\u00e4 lottoja netiss\u00e4, mukaan lukien OzLotto\" \/>\n<meta name=\"robots\" content=\"index, follow, max-snippet:-1, max-image-preview:large, max-video-preview:-1\" \/>\n<link rel=\"canonical\" href=\"https:\/\/onlinelotto365.com\/fi\/pelata\/oz-lotto\/\" \/>\n<meta property=\"og:locale\" content=\"fi_FI\" \/>\n<meta property=\"og:type\" content=\"article\" \/>\n<meta property=\"og:title\" content=\"Pelaa Oz Lottoa t\u00e4\u00e4ll\u00e4 - planeetan suurimmat lotot netiss\u00e4 Suomesta k\u00e4sin!\" \/>\n<meta property=\"og:description\" content=\"Pelaa monia kansainv\u00e4lisi\u00e4 lottoja netiss\u00e4, mukaan lukien OzLotto\" \/>\n<meta property=\"og:url\" content=\"https:\/\/onlinelotto365.com\/fi\/pelata\/oz-lotto\/\" \/>\n<meta property=\"og:site_name\" content=\"OnlineLotto365\" \/>\n<meta property=\"article:modified_time\" content=\"2022-11-03T10:42:46+00:00\" \/>\n<meta property=\"og:image\" content=\"https:\/\/redfoxlotto.com\/image?size=8&amp;lottery=oz-lotto\" \/>\n<meta name=\"twitter:card\" content=\"summary_large_image\" \/>\n<meta name=\"twitter:label1\" content=\"Arvioitu lukuaika\" \/>\n\t<meta name=\"twitter:data1\" content=\"3 minuuttia\" \/>\n<script type=\"application\/ld+json\" class=\"yoast-schema-graph\">{\"@context\":\"https:\/\/schema.org\",\"@graph\":[{\"@type\":\"WebPage\",\"@id\":\"https:\/\/onlinelotto365.com\/fi\/pelata\/oz-lotto\/\",\"url\":\"https:\/\/onlinelotto365.com\/fi\/pelata\/oz-lotto\/\",\"name\":\"Pelaa Oz Lottoa t\u00e4\u00e4ll\u00e4 - planeetan suurimmat lotot netiss\u00e4 Suomesta k\u00e4sin!\",\"isPartOf\":{\"@id\":\"https:\/\/onlinelotto365.com\/fi\/#website\"},\"primaryImageOfPage\":{\"@id\":\"https:\/\/onlinelotto365.com\/fi\/pelata\/oz-lotto\/#primaryimage\"},\"image\":{\"@id\":\"https:\/\/onlinelotto365.com\/fi\/pelata\/oz-lotto\/#primaryimage\"},\"thumbnailUrl\":\"https:\/\/redfoxlotto.com\/image?size=8&amp;lottery=oz-lotto\",\"datePublished\":\"2022-11-03T10:42:14+00:00\",\"dateModified\":\"2022-11-03T10:42:46+00:00\",\"description\":\"Pelaa monia kansainv\u00e4lisi\u00e4 lottoja netiss\u00e4, mukaan lukien OzLotto\",\"breadcrumb\":{\"@id\":\"https:\/\/onlinelotto365.com\/fi\/pelata\/oz-lotto\/#breadcrumb\"},\"inLanguage\":\"fi\",\"potentialAction\":[{\"@type\":\"ReadAction\",\"target\":[\"https:\/\/onlinelotto365.com\/fi\/pelata\/oz-lotto\/\"]}]},{\"@type\":\"ImageObject\",\"inLanguage\":\"fi\",\"@id\":\"https:\/\/onlinelotto365.com\/fi\/pelata\/oz-lotto\/#primaryimage\",\"url\":\"https:\/\/redfoxlotto.com\/image?size=8&amp;lottery=oz-lotto\",\"contentUrl\":\"https:\/\/redfoxlotto.com\/image?size=8&amp;lottery=oz-lotto\"},{\"@type\":\"BreadcrumbList\",\"@id\":\"https:\/\/onlinelotto365.com\/fi\/pelata\/oz-lotto\/#breadcrumb\",\"itemListElement\":[{\"@type\":\"ListItem\",\"position\":1,\"name\":\"Home\",\"item\":\"https:\/\/onlinelotto365.com\/fi\/\"},{\"@type\":\"ListItem\",\"position\":2,\"name\":\"Kaikki mit\u00e4 sinun pit\u00e4\u00e4 tiet\u00e4\u00e4 vaihtoehdoistasi pelata parhaita arpapelej\u00e4 netiss\u00e4.\",\"item\":\"https:\/\/onlinelotto365.com\/fi\/pelata\/\"},{\"@type\":\"ListItem\",\"position\":3,\"name\":\"Oz Loton pelaaminen on vain yksi vaihtoehto Suomen lottofaneille.\"}]},{\"@type\":\"WebSite\",\"@id\":\"https:\/\/onlinelotto365.com\/fi\/#website\",\"url\":\"https:\/\/onlinelotto365.com\/fi\/\",\"name\":\"OnlineLotto365\",\"description\":\"\",\"potentialAction\":[{\"@type\":\"SearchAction\",\"target\":{\"@type\":\"EntryPoint\",\"urlTemplate\":\"https:\/\/onlinelotto365.com\/fi\/?s={search_term_string}\"},\"query-input\":{\"@type\":\"PropertyValueSpecification\",\"valueRequired\":true,\"valueName\":\"search_term_string\"}}],\"inLanguage\":\"fi\"}]}<\/script>\n<!-- \/ Yoast SEO plugin. -->","yoast_head_json":{"title":"Pelaa Oz Lottoa t\u00e4\u00e4ll\u00e4 - planeetan suurimmat lotot netiss\u00e4 Suomesta k\u00e4sin!","description":"Pelaa monia kansainv\u00e4lisi\u00e4 lottoja netiss\u00e4, mukaan lukien OzLotto","robots":{"index":"index","follow":"follow","max-snippet":"max-snippet:-1","max-image-preview":"max-image-preview:large","max-video-preview":"max-video-preview:-1"},"canonical":"https:\/\/onlinelotto365.com\/fi\/pelata\/oz-lotto\/","og_locale":"fi_FI","og_type":"article","og_title":"Pelaa Oz Lottoa t\u00e4\u00e4ll\u00e4 - planeetan suurimmat lotot netiss\u00e4 Suomesta k\u00e4sin!","og_description":"Pelaa monia kansainv\u00e4lisi\u00e4 lottoja netiss\u00e4, mukaan lukien OzLotto","og_url":"https:\/\/onlinelotto365.com\/fi\/pelata\/oz-lotto\/","og_site_name":"OnlineLotto365","article_modified_time":"2022-11-03T10:42:46+00:00","og_image":[{"url":"https:\/\/redfoxlotto.com\/image?size=8&amp;lottery=oz-lotto"}],"twitter_card":"summary_large_image","twitter_misc":{"Arvioitu lukuaika":"3 minuuttia"},"schema":{"@context":"https:\/\/schema.org","@graph":[{"@type":"WebPage","@id":"https:\/\/onlinelotto365.com\/fi\/pelata\/oz-lotto\/","url":"https:\/\/onlinelotto365.com\/fi\/pelata\/oz-lotto\/","name":"Pelaa Oz Lottoa t\u00e4\u00e4ll\u00e4 - planeetan suurimmat lotot netiss\u00e4 Suomesta k\u00e4sin!","isPartOf":{"@id":"https:\/\/onlinelotto365.com\/fi\/#website"},"primaryImageOfPage":{"@id":"https:\/\/onlinelotto365.com\/fi\/pelata\/oz-lotto\/#primaryimage"},"image":{"@id":"https:\/\/onlinelotto365.com\/fi\/pelata\/oz-lotto\/#primaryimage"},"thumbnailUrl":"https:\/\/redfoxlotto.com\/image?size=8&amp;lottery=oz-lotto","datePublished":"2022-11-03T10:42:14+00:00","dateModified":"2022-11-03T10:42:46+00:00","description":"Pelaa monia kansainv\u00e4lisi\u00e4 lottoja netiss\u00e4, mukaan lukien OzLotto","breadcrumb":{"@id":"https:\/\/onlinelotto365.com\/fi\/pelata\/oz-lotto\/#breadcrumb"},"inLanguage":"fi","potentialAction":[{"@type":"ReadAction","target":["https:\/\/onlinelotto365.com\/fi\/pelata\/oz-lotto\/"]}]},{"@type":"ImageObject","inLanguage":"fi","@id":"https:\/\/onlinelotto365.com\/fi\/pelata\/oz-lotto\/#primaryimage","url":"https:\/\/redfoxlotto.com\/image?size=8&amp;lottery=oz-lotto","contentUrl":"https:\/\/redfoxlotto.com\/image?size=8&amp;lottery=oz-lotto"},{"@type":"BreadcrumbList","@id":"https:\/\/onlinelotto365.com\/fi\/pelata\/oz-lotto\/#breadcrumb","itemListElement":[{"@type":"ListItem","position":1,"name":"Home","item":"https:\/\/onlinelotto365.com\/fi\/"},{"@type":"ListItem","position":2,"name":"Kaikki mit\u00e4 sinun pit\u00e4\u00e4 tiet\u00e4\u00e4 vaihtoehdoistasi pelata parhaita arpapelej\u00e4 netiss\u00e4.","item":"https:\/\/onlinelotto365.com\/fi\/pelata\/"},{"@type":"ListItem","position":3,"name":"Oz Loton pelaaminen on vain yksi vaihtoehto Suomen lottofaneille."}]},{"@type":"WebSite","@id":"https:\/\/onlinelotto365.com\/fi\/#website","url":"https:\/\/onlinelotto365.com\/fi\/","name":"OnlineLotto365","description":"","potentialAction":[{"@type":"SearchAction","target":{"@type":"EntryPoint","urlTemplate":"https:\/\/onlinelotto365.com\/fi\/?s={search_term_string}"},"query-input":{"@type":"PropertyValueSpecification","valueRequired":true,"valueName":"search_term_string"}}],"inLanguage":"fi"}]}},"_links":{"self":[{"href":"https:\/\/onlinelotto365.com\/fi\/wp-json\/wp\/v2\/pages\/79324","targetHints":{"allow":["GET"]}}],"collection":[{"href":"https:\/\/onlinelotto365.com\/fi\/wp-json\/wp\/v2\/pages"}],"about":[{"href":"https:\/\/onlinelotto365.com\/fi\/wp-json\/wp\/v2\/types\/page"}],"author":[{"embeddable":true,"href":"https:\/\/onlinelotto365.com\/fi\/wp-json\/wp\/v2\/users\/1"}],"replies":[{"embeddable":true,"href":"https:\/\/onlinelotto365.com\/fi\/wp-json\/wp\/v2\/comments?post=79324"}],"version-history":[{"count":0,"href":"https:\/\/onlinelotto365.com\/fi\/wp-json\/wp\/v2\/pages\/79324\/revisions"}],"up":[{"embeddable":true,"href":"https:\/\/onlinelotto365.com\/fi\/wp-json\/wp\/v2\/pages\/5016"}],"wp:attachment":[{"href":"https:\/\/onlinelotto365.com\/fi\/wp-json\/wp\/v2\/media?parent=79324"}],"curies":[{"name":"wp","href":"https:\/\/api.w.org\/{rel}","templated":true}]}}