{"id":79366,"date":"2022-11-03T14:49:31","date_gmt":"2022-11-03T13:49:31","guid":{"rendered":"https:\/\/onlinelotto365.com\/?page_id=79366"},"modified":"2022-11-03T14:49:42","modified_gmt":"2022-11-03T13:49:42","slug":"powerball-australia","status":"publish","type":"page","link":"https:\/\/onlinelotto365.com\/fi\/pelata\/powerball-australia\/","title":{"rendered":"Powerball Australia &#8211; et ole en\u00e4\u00e4 rajoitettu Suomen arpajaisiin."},"content":{"rendered":"<h2>Kuinka pelata Powerball Australiaa verkossa<\/h2>\n<p>Powerball Australiaa on itse asiassa melko helppoa pelata verkossa, vaikka olisitkin Suomessa. Ja se on my\u00f6s melko k\u00e4tev\u00e4\u00e4, koska olet jo t\u00e4\u00e4ll\u00e4, josta voit hankkia lippusi muutamalla hiiren klikkauksella.<\/p>\n<p>Sinusta pidet\u00e4\u00e4n huolta joka vaiheessa, kun sinun tarvitsee vain perustaa ilmainen tili, tehd\u00e4 valintasi, valita yksi lukuisista k\u00e4tevist\u00e4 maksuvaihtoehdoista, ja me hoidamme kaiken muun.<\/p>\n<p>Varmista, ett\u00e4 klikkaat oikeaa lottoa, nimitt\u00e4in Powerball Australiaa. Sitten valitset numerot. Jos yrit\u00e4t valita liian monta numeroa tai et ole valinnut tarpeeksi numeroita, j\u00e4rjestelm\u00e4 kehottaa sinua valitsemaan v\u00e4hemm\u00e4n tai enemm\u00e4n numeroita. Voit my\u00f6s napsauttaa pikavalintapainiketta, jolloin sivusto valitsee numerot sattumanvaraisesti puolestasi. Voit silti muokata n\u00e4it\u00e4 numeroita manuaalisesti, jos et pid\u00e4 niist\u00e4.<\/p>\n<p>On my\u00f6s menetelm\u00e4, jota monet pelaajat haluavat k\u00e4ytt\u00e4\u00e4 &#8211; pikapoimintatoiminto. Tai voit k\u00e4ytt\u00e4\u00e4 joitakin suosikkinumeroitasi manuaalisesti ja antaa satunnaislukugeneraattorin valita loput puolestasi.<\/p>\n<p>Sen j\u00e4lkeen voit valita toisen lottorivin, pelata lis\u00e4\u00e4 lottokuponkeja ja lis\u00e4t\u00e4 ne tilaukseesi. Klikkaa sitten kassalle ja maksa lippusi turvallisesti. T\u00e4ll\u00e4 kertaa sinun on luotava tili meille. Voit tietysti my\u00f6s luoda tilin ensin ja aloittaa sitten lippujen tilaamisen.<\/p>\n<p>Kun olet luonut tilisi, l\u00e4het\u00e4mme sinulle vahvistuss\u00e4hk\u00f6postin, jossa on linkki, jota sinun on klikattava. Muista tarkistaa roskapostikansiosi t\u00e4m\u00e4n s\u00e4hk\u00f6postin varalta. Olisi viisasta merkit\u00e4 s\u00e4hk\u00f6postiosoitteemme luotettavaksi l\u00e4hett\u00e4j\u00e4ksi. N\u00e4in varmistetaan, ett\u00e4 t\u00e4rke\u00e4t viestit, kuten voitoista ilmoittaminen, todella saapuvat sinulle.<\/p>\n<p><a href=\"https:\/\/redfoxlotto.com\/play\/powerball-au\/?ref=a8564250a2&amp;medium=ol365\" target=\"_blank\" rel=\"noopener noreferrer\"><img decoding=\"async\" class=\"aligncenter\" src=\"https:\/\/redfoxlotto.com\/image?size=8&amp;lottery=powerball-au\" alt=\"Powerball Australia\" \/><\/a><\/p>\n<h2>Tietoja Powerball Australia<\/h2>\n<ul>\n<li>Maa: Powerball Australia Australia<\/li>\n<li>T\u00e4rkeimm\u00e4t numerot: 35<\/li>\n<li>Sinun on valittava: 7<\/li>\n<li>Lis\u00e4numeroiden valikoima: 20<\/li>\n<li>Sinun on valittava: 1<\/li>\n<li>Arvontojen p\u00e4iv\u00e4t, tunnit: Torstai, 21:30 GMT+11, 10:30 CET.<\/li>\n<li>Jackpot alkaa klo: AU$ 3 miljoonaa<\/li>\n<li>Jackpotin yl\u00e4raja on: AU$ 150 miljoonaa<\/li>\n<li>Mahdollisuus voittaa j\u00e4ttipotti: 1:134.490.400:sta.<\/li>\n<li>Mahdollisuus voittaa toinen palkinto: 1:7.078.443.<\/li>\n<li>Mahdollisuus voittaa mik\u00e4 tahansa palkinto: 1:24,87.<\/li>\n<li>Palkintoluokkien m\u00e4\u00e4r\u00e4: 1: 7<\/li>\n<\/ul>\n<h2>\nKuinka tarkistaa Powerball Australia -tulokset<\/h2>\n<p>Voit tarkistaa tuloksesi useilla eri menetelmill\u00e4. L\u00f6yd\u00e4t ne loton viralliselta verkkosivustolta. Joidenkin arpajaisten osalta voit l\u00f6yt\u00e4\u00e4 voittonumerot paikallisesta sanomalehdest\u00e4si, tai televisiokanava saattaa l\u00e4hett\u00e4\u00e4 ne. Helpoin tapa on kuitenkin palata sivustollemme ja tarkistaa viimeisimm\u00e4t voittonumerot t\u00e4\u00e4lt\u00e4. Kun olet kirjautunut tilillesi, voit verrata pelaamiasi numeroita arvonnan numeroihin. Ja n\u00e4et heti, kuinka paljon voitit.<\/p>\n<h2>Pelasit Powerball Australiaa verkossa ja voitit &#8211; mit\u00e4 seuraavaksi?<\/h2>\n<p>Tarkista ensin, kuinka paljon olet voittanut. Jos voitto on alle 2500 euroa, summa hyvitet\u00e4\u00e4n pelitilillesi. Voit k\u00e4ytt\u00e4\u00e4 sen valintasi mukaan lis\u00e4lippujen ostamiseen, tai jos haluat niin, voit nostaa sen. Huomaa, ett\u00e4 kotiutusvaihtoehto on n\u00e4kyviss\u00e4 vain, jos tilisi saldo on v\u00e4hint\u00e4\u00e4n 10 \u20ac.<br \/>\n<img loading=\"lazy\" decoding=\"async\" class=\"alignright wp-image-1653\" src=\"https:\/\/onlinelotto365.com\/wp-content\/uploads\/2020\/11\/online_lottery-145-300x143.jpg\" alt=\"pelata powerball australia verkossa\" width=\"413\" height=\"197\" \/><\/p>\n<p>Yli 2500 euron voitoista asiakaspalvelumme ottaa sinuun yhteytt\u00e4. Sinun on t\u00e4ytett\u00e4v\u00e4 korvaushakemuslomake, jonka me sitten l\u00e4het\u00e4mme lottokomissiolle. Sen j\u00e4lkeen saat voittosi joko pankkisiirrolla tai shekill\u00e4, riippuen toiveistasi.<\/p>\n","protected":false},"excerpt":{"rendered":"<p>Kuinka pelata Powerball Australiaa verkossa Powerball Australiaa on itse asiassa melko helppoa pelata verkossa, vaikka olisitkin Suomessa. Ja se on my\u00f6s melko k\u00e4tev\u00e4\u00e4, koska olet jo t\u00e4\u00e4ll\u00e4, josta voit hankkia lippusi muutamalla hiiren klikkauksella. Sinusta pidet\u00e4\u00e4n huolta joka vaiheessa, kun sinun tarvitsee vain perustaa ilmainen tili, tehd\u00e4 valintasi, valita yksi lukuisista k\u00e4tevist\u00e4 maksuvaihtoehdoista, ja me [&hellip;]<\/p>\n","protected":false},"author":1,"featured_media":0,"parent":5016,"menu_order":13,"comment_status":"closed","ping_status":"closed","template":"powerball-au.php","meta":{"_et_pb_use_builder":"","_et_pb_old_content":"","_et_gb_content_width":"","exclude_from_search":false,"footnotes":""},"class_list":["post-79366","page","type-page","status-publish","hentry"],"yoast_head":"<!-- This site is optimized with the Yoast SEO plugin v23.4 - https:\/\/yoast.com\/wordpress\/plugins\/seo\/ -->\n<title>Pelaa Powerball Australiaa netiss\u00e4 Suomesta k\u00e4sin | Voinko osallistua Powerball Australiaan, jos asun Suomessa?<\/title>\n<meta name=\"description\" content=\"Pelaa Powerball Australiaa t\u00e4\u00e4ll\u00e4 - suurimmat arpajaiset, planeetan, netiss\u00e4 Suomesta k\u00e4sin!\" \/>\n<meta name=\"robots\" content=\"index, follow, max-snippet:-1, max-image-preview:large, max-video-preview:-1\" \/>\n<link rel=\"canonical\" href=\"https:\/\/onlinelotto365.com\/fi\/pelata\/powerball-australia\/\" \/>\n<meta property=\"og:locale\" content=\"fi_FI\" \/>\n<meta property=\"og:type\" content=\"article\" \/>\n<meta property=\"og:title\" content=\"Pelaa Powerball Australiaa netiss\u00e4 Suomesta k\u00e4sin | Voinko osallistua Powerball Australiaan, jos asun Suomessa?\" \/>\n<meta property=\"og:description\" content=\"Pelaa Powerball Australiaa t\u00e4\u00e4ll\u00e4 - suurimmat arpajaiset, planeetan, netiss\u00e4 Suomesta k\u00e4sin!\" \/>\n<meta property=\"og:url\" content=\"https:\/\/onlinelotto365.com\/fi\/pelata\/powerball-australia\/\" \/>\n<meta property=\"og:site_name\" content=\"OnlineLotto365\" \/>\n<meta property=\"article:modified_time\" content=\"2022-11-03T13:49:42+00:00\" \/>\n<meta property=\"og:image\" content=\"https:\/\/redfoxlotto.com\/image?size=8&amp;lottery=powerball-au\" \/>\n<meta name=\"twitter:card\" content=\"summary_large_image\" \/>\n<meta name=\"twitter:label1\" content=\"Arvioitu lukuaika\" \/>\n\t<meta name=\"twitter:data1\" content=\"3 minuuttia\" \/>\n<script type=\"application\/ld+json\" class=\"yoast-schema-graph\">{\"@context\":\"https:\/\/schema.org\",\"@graph\":[{\"@type\":\"WebPage\",\"@id\":\"https:\/\/onlinelotto365.com\/fi\/pelata\/powerball-australia\/\",\"url\":\"https:\/\/onlinelotto365.com\/fi\/pelata\/powerball-australia\/\",\"name\":\"Pelaa Powerball Australiaa netiss\u00e4 Suomesta k\u00e4sin | Voinko osallistua Powerball Australiaan, jos asun Suomessa?\",\"isPartOf\":{\"@id\":\"https:\/\/onlinelotto365.com\/fi\/#website\"},\"primaryImageOfPage\":{\"@id\":\"https:\/\/onlinelotto365.com\/fi\/pelata\/powerball-australia\/#primaryimage\"},\"image\":{\"@id\":\"https:\/\/onlinelotto365.com\/fi\/pelata\/powerball-australia\/#primaryimage\"},\"thumbnailUrl\":\"https:\/\/redfoxlotto.com\/image?size=8&amp;lottery=powerball-au\",\"datePublished\":\"2022-11-03T13:49:31+00:00\",\"dateModified\":\"2022-11-03T13:49:42+00:00\",\"description\":\"Pelaa Powerball Australiaa t\u00e4\u00e4ll\u00e4 - suurimmat arpajaiset, planeetan, netiss\u00e4 Suomesta k\u00e4sin!\",\"breadcrumb\":{\"@id\":\"https:\/\/onlinelotto365.com\/fi\/pelata\/powerball-australia\/#breadcrumb\"},\"inLanguage\":\"fi\",\"potentialAction\":[{\"@type\":\"ReadAction\",\"target\":[\"https:\/\/onlinelotto365.com\/fi\/pelata\/powerball-australia\/\"]}]},{\"@type\":\"ImageObject\",\"inLanguage\":\"fi\",\"@id\":\"https:\/\/onlinelotto365.com\/fi\/pelata\/powerball-australia\/#primaryimage\",\"url\":\"https:\/\/redfoxlotto.com\/image?size=8&amp;lottery=powerball-au\",\"contentUrl\":\"https:\/\/redfoxlotto.com\/image?size=8&amp;lottery=powerball-au\"},{\"@type\":\"BreadcrumbList\",\"@id\":\"https:\/\/onlinelotto365.com\/fi\/pelata\/powerball-australia\/#breadcrumb\",\"itemListElement\":[{\"@type\":\"ListItem\",\"position\":1,\"name\":\"Home\",\"item\":\"https:\/\/onlinelotto365.com\/fi\/\"},{\"@type\":\"ListItem\",\"position\":2,\"name\":\"Kaikki mit\u00e4 sinun pit\u00e4\u00e4 tiet\u00e4\u00e4 vaihtoehdoistasi pelata parhaita arpapelej\u00e4 netiss\u00e4.\",\"item\":\"https:\/\/onlinelotto365.com\/fi\/pelata\/\"},{\"@type\":\"ListItem\",\"position\":3,\"name\":\"Powerball Australia &#8211; et ole en\u00e4\u00e4 rajoitettu Suomen arpajaisiin.\"}]},{\"@type\":\"WebSite\",\"@id\":\"https:\/\/onlinelotto365.com\/fi\/#website\",\"url\":\"https:\/\/onlinelotto365.com\/fi\/\",\"name\":\"OnlineLotto365\",\"description\":\"\",\"potentialAction\":[{\"@type\":\"SearchAction\",\"target\":{\"@type\":\"EntryPoint\",\"urlTemplate\":\"https:\/\/onlinelotto365.com\/fi\/?s={search_term_string}\"},\"query-input\":{\"@type\":\"PropertyValueSpecification\",\"valueRequired\":true,\"valueName\":\"search_term_string\"}}],\"inLanguage\":\"fi\"}]}<\/script>\n<!-- \/ Yoast SEO plugin. -->","yoast_head_json":{"title":"Pelaa Powerball Australiaa netiss\u00e4 Suomesta k\u00e4sin | Voinko osallistua Powerball Australiaan, jos asun Suomessa?","description":"Pelaa Powerball Australiaa t\u00e4\u00e4ll\u00e4 - suurimmat arpajaiset, planeetan, netiss\u00e4 Suomesta k\u00e4sin!","robots":{"index":"index","follow":"follow","max-snippet":"max-snippet:-1","max-image-preview":"max-image-preview:large","max-video-preview":"max-video-preview:-1"},"canonical":"https:\/\/onlinelotto365.com\/fi\/pelata\/powerball-australia\/","og_locale":"fi_FI","og_type":"article","og_title":"Pelaa Powerball Australiaa netiss\u00e4 Suomesta k\u00e4sin | Voinko osallistua Powerball Australiaan, jos asun Suomessa?","og_description":"Pelaa Powerball Australiaa t\u00e4\u00e4ll\u00e4 - suurimmat arpajaiset, planeetan, netiss\u00e4 Suomesta k\u00e4sin!","og_url":"https:\/\/onlinelotto365.com\/fi\/pelata\/powerball-australia\/","og_site_name":"OnlineLotto365","article_modified_time":"2022-11-03T13:49:42+00:00","og_image":[{"url":"https:\/\/redfoxlotto.com\/image?size=8&amp;lottery=powerball-au"}],"twitter_card":"summary_large_image","twitter_misc":{"Arvioitu lukuaika":"3 minuuttia"},"schema":{"@context":"https:\/\/schema.org","@graph":[{"@type":"WebPage","@id":"https:\/\/onlinelotto365.com\/fi\/pelata\/powerball-australia\/","url":"https:\/\/onlinelotto365.com\/fi\/pelata\/powerball-australia\/","name":"Pelaa Powerball Australiaa netiss\u00e4 Suomesta k\u00e4sin | Voinko osallistua Powerball Australiaan, jos asun Suomessa?","isPartOf":{"@id":"https:\/\/onlinelotto365.com\/fi\/#website"},"primaryImageOfPage":{"@id":"https:\/\/onlinelotto365.com\/fi\/pelata\/powerball-australia\/#primaryimage"},"image":{"@id":"https:\/\/onlinelotto365.com\/fi\/pelata\/powerball-australia\/#primaryimage"},"thumbnailUrl":"https:\/\/redfoxlotto.com\/image?size=8&amp;lottery=powerball-au","datePublished":"2022-11-03T13:49:31+00:00","dateModified":"2022-11-03T13:49:42+00:00","description":"Pelaa Powerball Australiaa t\u00e4\u00e4ll\u00e4 - suurimmat arpajaiset, planeetan, netiss\u00e4 Suomesta k\u00e4sin!","breadcrumb":{"@id":"https:\/\/onlinelotto365.com\/fi\/pelata\/powerball-australia\/#breadcrumb"},"inLanguage":"fi","potentialAction":[{"@type":"ReadAction","target":["https:\/\/onlinelotto365.com\/fi\/pelata\/powerball-australia\/"]}]},{"@type":"ImageObject","inLanguage":"fi","@id":"https:\/\/onlinelotto365.com\/fi\/pelata\/powerball-australia\/#primaryimage","url":"https:\/\/redfoxlotto.com\/image?size=8&amp;lottery=powerball-au","contentUrl":"https:\/\/redfoxlotto.com\/image?size=8&amp;lottery=powerball-au"},{"@type":"BreadcrumbList","@id":"https:\/\/onlinelotto365.com\/fi\/pelata\/powerball-australia\/#breadcrumb","itemListElement":[{"@type":"ListItem","position":1,"name":"Home","item":"https:\/\/onlinelotto365.com\/fi\/"},{"@type":"ListItem","position":2,"name":"Kaikki mit\u00e4 sinun pit\u00e4\u00e4 tiet\u00e4\u00e4 vaihtoehdoistasi pelata parhaita arpapelej\u00e4 netiss\u00e4.","item":"https:\/\/onlinelotto365.com\/fi\/pelata\/"},{"@type":"ListItem","position":3,"name":"Powerball Australia &#8211; et ole en\u00e4\u00e4 rajoitettu Suomen arpajaisiin."}]},{"@type":"WebSite","@id":"https:\/\/onlinelotto365.com\/fi\/#website","url":"https:\/\/onlinelotto365.com\/fi\/","name":"OnlineLotto365","description":"","potentialAction":[{"@type":"SearchAction","target":{"@type":"EntryPoint","urlTemplate":"https:\/\/onlinelotto365.com\/fi\/?s={search_term_string}"},"query-input":{"@type":"PropertyValueSpecification","valueRequired":true,"valueName":"search_term_string"}}],"inLanguage":"fi"}]}},"_links":{"self":[{"href":"https:\/\/onlinelotto365.com\/fi\/wp-json\/wp\/v2\/pages\/79366","targetHints":{"allow":["GET"]}}],"collection":[{"href":"https:\/\/onlinelotto365.com\/fi\/wp-json\/wp\/v2\/pages"}],"about":[{"href":"https:\/\/onlinelotto365.com\/fi\/wp-json\/wp\/v2\/types\/page"}],"author":[{"embeddable":true,"href":"https:\/\/onlinelotto365.com\/fi\/wp-json\/wp\/v2\/users\/1"}],"replies":[{"embeddable":true,"href":"https:\/\/onlinelotto365.com\/fi\/wp-json\/wp\/v2\/comments?post=79366"}],"version-history":[{"count":0,"href":"https:\/\/onlinelotto365.com\/fi\/wp-json\/wp\/v2\/pages\/79366\/revisions"}],"up":[{"embeddable":true,"href":"https:\/\/onlinelotto365.com\/fi\/wp-json\/wp\/v2\/pages\/5016"}],"wp:attachment":[{"href":"https:\/\/onlinelotto365.com\/fi\/wp-json\/wp\/v2\/media?parent=79366"}],"curies":[{"name":"wp","href":"https:\/\/api.w.org\/{rel}","templated":true}]}}