{"id":79409,"date":"2022-11-04T08:46:35","date_gmt":"2022-11-04T07:46:35","guid":{"rendered":"https:\/\/onlinelotto365.com\/?page_id=79409"},"modified":"2022-11-04T08:46:35","modified_gmt":"2022-11-04T07:46:35","slug":"mega-sena","status":"publish","type":"page","link":"https:\/\/onlinelotto365.com\/fi\/pelata\/mega-sena\/","title":{"rendered":"Miten Suomessa asuvat voivat pelata Mega-Senaa verkossa?"},"content":{"rendered":"<p>Palvelumme avulla voit t\u00e4ll\u00e4 hetkell\u00e4 ostaa arpoja 15 eri suuriin arpajaisiin ymp\u00e4ri maailmaa. Olemme ylpeit\u00e4 voidessamme tarjota pelaajillemme mahdollisuuden pelata brasilialaista Mega Sena -lottoa verkossa. Kuten kaikissa suurissa arpajaisissa, sinun t\u00e4ytyi aiemmin asua maassa tai alueella, jossa kyseinen arpajaiset j\u00e4rjestettiin, ja matkustaa sinne lottokauppaan ostamaan lippusi.<\/p>\n<p>N\u00e4in ei kuitenkaan en\u00e4\u00e4 ole, sill\u00e4 nyt voit pelata niit\u00e4 my\u00f6s Suomesta k\u00e4sin ja ostaa haluamasi lottokupongit suoraan verkosta, ja niin monta kuin haluat, ja niin moneen eri lottoon kuin haluat, suoraan omalta tietokoneeltasi.<\/p>\n<p>Nyt kun t\u00e4m\u00e4 uusi p\u00e4iv\u00e4 on koittanut lottopelaamisen maailmassa, pelaajat ovat puhuneet, ja he ovat pyyt\u00e4neet suurta valikoimaa erilaisia lottoja. Joten me tuomme sinulle parhaat niist\u00e4 kotiisi. N\u00e4iden joukossa on Mega-Sena Lotto, Brasilian suurin lotto.<br \/>\n<a href=\"https:\/\/redfoxlotto.com\/play\/mega-sena\/?ref=a8564250a2&amp;medium=ol365\" target=\"_blank\" rel=\"noopener noreferrer\"><img decoding=\"async\" class=\"aligncenter\" src=\"https:\/\/redfoxlotto.com\/image?size=8&amp;lottery=mega-sena\" alt=\"mega-sena\" \/><\/a><\/p>\n<h2>Tietoa Mega-Senasta<\/h2>\n<ul>\n<li>Maa: Brasilia<\/li>\n<li>T\u00e4rkeimm\u00e4t numerot: 60<\/li>\n<li>Sin\u00e4 valitset: 6<\/li>\n<li>Lis\u00e4numerot: ei yht\u00e4\u00e4n<\/li>\n<li>Sin\u00e4 valitset: ei mit\u00e4\u00e4n<\/li>\n<li>Arvontap\u00e4iv\u00e4t, tunnit: Keskiviikko, lauantai, 20:00 GMT -3, 24:00 CET<\/li>\n<li>Pienin j\u00e4ttipotti: R$ 2 miljoonaa<\/li>\n<li>Jackpotin yl\u00e4raja: ei yl\u00e4rajaa<\/li>\n<li>Todenn\u00e4k\u00f6isyys voittaa j\u00e4ttipotti: 1:50.063.860.<\/li>\n<li>Todenn\u00e4k\u00f6isyys tason 2 voittoon: 1:15.451.809<\/li>\n<li>Todenn\u00e4k\u00f6isyys voittaa mill\u00e4 tahansa tasolla: 1:2297,56.<\/li>\n<li>Palkintotasojen lukum\u00e4\u00e4r\u00e4: 1: 3<\/li>\n<\/ul>\n<p>Mega-Senan arvonnat suoritetaan keskiviikkoisin ja lauantaisin, mik\u00e4 lis\u00e4\u00e4 voittomahdollisuuksia kaikkiin muihin nyt pelaamiisi arpajaisiin. Tarjoamme sinulle suuren valikoiman valittavaksi, ja kaikki ovat pelaamisen arvoisia, my\u00f6s Mega Sena.<\/p>\n<p>Mega-Sena-lottoa pelatessaan pelaajat valitsevat 6 numeroa 1-60. Kaikkien kuuden numeron osumalla voitat j\u00e4ttipotin, joka on aina v\u00e4hint\u00e4\u00e4n useita miljoonia dollareita ja usein paljon suurempi.<br \/>\nMega-Sena eroaa kuitenkin kaikista muista maailman lotoista, sill\u00e4 siin\u00e4 ei ole vain 60 palloa, joissa on eri numeroita. On kaksi erilaista rumpua, joista toisessa on 0-5 ja toisessa 0-9. Sitten numerot arvotaan yksi kerrallaan.<\/p>\n<p>Jos esimerkiksi ensimm\u00e4isest\u00e4 rummusta vedet\u00e4\u00e4n 2 ja toisesta rummusta 9, arvottu luku on 29. Kun yksinumeroinen luku on kerran arvottu, sit\u00e4 ei laiteta takaisin rumpuun. Tied\u00e4mme siis nyt, ett\u00e4 rummussa on tasan yksi yksinumeroinen luku, ellei arvota 00, jota pidet\u00e4\u00e4n 60:n\u00e4, yksi alkaa ykk\u00f6sell\u00e4, yksi alkaa kakkosella ja niin edelleen. T\u00e4m\u00e4 on siis mielenkiintoinen k\u00e4\u00e4nne, ja se tekee voittamisesta itse asiassa helpompaa, jos noudatat t\u00e4t\u00e4 strategiaa.<\/p>\n<p>Jos l\u00f6yd\u00e4t kaikki 6 numeroa, voitat j\u00e4ttipotin, kun taas jos l\u00f6yd\u00e4t 4 tai 5 numeroa, voitat toissijaisen palkinnon. Kuten usein kansallisissa arpajaisissa, Mega-Sena-loton voitot menev\u00e4t sosiaalisten ohjelmien tukemiseen, ja itse asiassa Brasilian kansa luottaa suuresti n\u00e4ihin lahjoituksiin. Vaikka emme siis olekaan kotoisin Brasiliasta emmek\u00e4 n\u00e4in ollen suoraan hy\u00f6dy t\u00e4st\u00e4, on hienoa tiet\u00e4\u00e4, ett\u00e4 pelaamalla Mega Sena -lottoa teemme varmasti jotain hyv\u00e4\u00e4 kaiken hauskanpidon lis\u00e4ksi.<\/p>\n<h2>Arpajaiset ovat maailman suosituin uhkapelimuoto.<\/h2>\n<p>Ei ole kovin vaikea keksi\u00e4, miksi arpajaiset ovat olleet maailman suosituin uhkapelimuoto. Se ei johdu edes siit\u00e4, ett\u00e4 ne ovat niin helposti saatavilla, vaikka siit\u00e4 on varmasti apua. Todellinen syy on se j\u00e4nnitys, jota mahdollisuus voittaa hirvitt\u00e4vi\u00e4 rahasummia tarjoaa.<\/p>\n<p>N\u00e4ytt\u00e4\u00e4 my\u00f6s silt\u00e4, ett\u00e4 ruokahalumme n\u00e4it\u00e4 valtavia j\u00e4ttipotteja kohtaan on melkoinen. Jos olet joskus n\u00e4hnyt, millainen kuhina syntyy, kun j\u00e4ttipotit kasvavat valtaviin summiin, ja kuinka paljon enemm\u00e4n lippuja myyd\u00e4\u00e4n n\u00e4it\u00e4 varten ja kuinka paljon pidemm\u00e4t jonot ovat niiden mukana, tied\u00e4t, ett\u00e4 t\u00e4m\u00e4 kaikki on totta.<\/p>\n<p>Miksi ihmiset eiv\u00e4t kuitenkin innostuisi siit\u00e4, ett\u00e4 heill\u00e4 on mahdollisuus voittaa niin paljon rahaa, ett\u00e4 voit el\u00e4\u00e4 koko el\u00e4m\u00e4si ajan ylellisyytt\u00e4 ja ylellisyytt\u00e4? Suurimmalle osalle meist\u00e4 t\u00e4m\u00e4 on ainoa tilaisuus p\u00e4\u00e4st\u00e4 t\u00e4h\u00e4n el\u00e4m\u00e4ntyyliin. Meid\u00e4n kaltaisemme tavalliset ihmiset kuitenkin voittavat n\u00e4it\u00e4 j\u00e4ttim\u00e4isi\u00e4 summia, eik\u00e4 koskaan voi tiet\u00e4\u00e4, tuleeko sinun vuorosi ja milloin.<br \/>\n<img loading=\"lazy\" decoding=\"async\" class=\"size-medium wp-image-1136 alignright\" src=\"https:\/\/onlinelotto365.com\/wp-content\/uploads\/2020\/11\/online_lottery-96-300x212.jpg\" alt=\"pelata mega-sena verkossa\" width=\"300\" height=\"212\" \/><\/p>\n<p>Pelkk\u00e4 pelaaminen tuottaa kuitenkin ihmisille paljon iloa, ja vaikka mahdollisuudet voittaa paljon rahaa t\u00e4ll\u00e4 tavoin ovat hyvin pienet, mahdollisuus on silti olemassa. Jos et pelaa, et p\u00e4\u00e4se unelmoimaan etk\u00e4 nauti ajatuksesta, ett\u00e4 t\u00e4m\u00e4 kaikki voisi tapahtua sinulle.<\/p>\n<p>Tietenk\u00e4\u00e4n sinun ei tarvitse voittaa j\u00e4ttipottia voittaaksesi rahaa lotossa, ja pelaajat voittavat jatkuvasti pienempi\u00e4 palkintoja. Jotkut n\u00e4ist\u00e4 pienemmist\u00e4 palkinnoista eiv\u00e4t itse asiassa olekaan niin pieni\u00e4. On monia erilaisia tapoja voittaa rahaa lotossa, ja joka kerta, kun voitat rahaa, se on aina eritt\u00e4in mukavaa.<\/p>\n","protected":false},"excerpt":{"rendered":"<p>Palvelumme avulla voit t\u00e4ll\u00e4 hetkell\u00e4 ostaa arpoja 15 eri suuriin arpajaisiin ymp\u00e4ri maailmaa. Olemme ylpeit\u00e4 voidessamme tarjota pelaajillemme mahdollisuuden pelata brasilialaista Mega Sena -lottoa verkossa. Kuten kaikissa suurissa arpajaisissa, sinun t\u00e4ytyi aiemmin asua maassa tai alueella, jossa kyseinen arpajaiset j\u00e4rjestettiin, ja matkustaa sinne lottokauppaan ostamaan lippusi. N\u00e4in ei kuitenkaan en\u00e4\u00e4 ole, sill\u00e4 nyt voit pelata [&hellip;]<\/p>\n","protected":false},"author":1,"featured_media":0,"parent":5016,"menu_order":12,"comment_status":"closed","ping_status":"closed","template":"megasena.php","meta":{"_et_pb_use_builder":"","_et_pb_old_content":"","_et_gb_content_width":"","exclude_from_search":false,"footnotes":""},"class_list":["post-79409","page","type-page","status-publish","hentry"],"yoast_head":"<!-- This site is optimized with the Yoast SEO plugin v23.4 - https:\/\/yoast.com\/wordpress\/plugins\/seo\/ -->\n<title>Pelaa Mega-Senaa verkossa Suomesta k\u00e4sin | Voinko osallistua Mega-Senaan, jos asun Suomessa?<\/title>\n<meta name=\"description\" content=\"Nettilippupalvelumme tekee Mega-Senan pelaamisen verkossa helpoksi.\" \/>\n<meta name=\"robots\" content=\"index, follow, max-snippet:-1, max-image-preview:large, max-video-preview:-1\" \/>\n<link rel=\"canonical\" href=\"https:\/\/onlinelotto365.com\/fi\/pelata\/mega-sena\/\" \/>\n<meta property=\"og:locale\" content=\"fi_FI\" \/>\n<meta property=\"og:type\" content=\"article\" \/>\n<meta property=\"og:title\" content=\"Pelaa Mega-Senaa verkossa Suomesta k\u00e4sin | Voinko osallistua Mega-Senaan, jos asun Suomessa?\" \/>\n<meta property=\"og:description\" content=\"Nettilippupalvelumme tekee Mega-Senan pelaamisen verkossa helpoksi.\" \/>\n<meta property=\"og:url\" content=\"https:\/\/onlinelotto365.com\/fi\/pelata\/mega-sena\/\" \/>\n<meta property=\"og:site_name\" content=\"OnlineLotto365\" \/>\n<meta property=\"og:image\" content=\"https:\/\/redfoxlotto.com\/image?size=8&amp;lottery=mega-sena\" \/>\n<meta name=\"twitter:card\" content=\"summary_large_image\" \/>\n<meta name=\"twitter:label1\" content=\"Arvioitu lukuaika\" \/>\n\t<meta name=\"twitter:data1\" content=\"4 minuuttia\" \/>\n<script type=\"application\/ld+json\" class=\"yoast-schema-graph\">{\"@context\":\"https:\/\/schema.org\",\"@graph\":[{\"@type\":\"WebPage\",\"@id\":\"https:\/\/onlinelotto365.com\/fi\/pelata\/mega-sena\/\",\"url\":\"https:\/\/onlinelotto365.com\/fi\/pelata\/mega-sena\/\",\"name\":\"Pelaa Mega-Senaa verkossa Suomesta k\u00e4sin | Voinko osallistua Mega-Senaan, jos asun Suomessa?\",\"isPartOf\":{\"@id\":\"https:\/\/onlinelotto365.com\/fi\/#website\"},\"primaryImageOfPage\":{\"@id\":\"https:\/\/onlinelotto365.com\/fi\/pelata\/mega-sena\/#primaryimage\"},\"image\":{\"@id\":\"https:\/\/onlinelotto365.com\/fi\/pelata\/mega-sena\/#primaryimage\"},\"thumbnailUrl\":\"https:\/\/redfoxlotto.com\/image?size=8&amp;lottery=mega-sena\",\"datePublished\":\"2022-11-04T07:46:35+00:00\",\"dateModified\":\"2022-11-04T07:46:35+00:00\",\"description\":\"Nettilippupalvelumme tekee Mega-Senan pelaamisen verkossa helpoksi.\",\"breadcrumb\":{\"@id\":\"https:\/\/onlinelotto365.com\/fi\/pelata\/mega-sena\/#breadcrumb\"},\"inLanguage\":\"fi\",\"potentialAction\":[{\"@type\":\"ReadAction\",\"target\":[\"https:\/\/onlinelotto365.com\/fi\/pelata\/mega-sena\/\"]}]},{\"@type\":\"ImageObject\",\"inLanguage\":\"fi\",\"@id\":\"https:\/\/onlinelotto365.com\/fi\/pelata\/mega-sena\/#primaryimage\",\"url\":\"https:\/\/redfoxlotto.com\/image?size=8&amp;lottery=mega-sena\",\"contentUrl\":\"https:\/\/redfoxlotto.com\/image?size=8&amp;lottery=mega-sena\"},{\"@type\":\"BreadcrumbList\",\"@id\":\"https:\/\/onlinelotto365.com\/fi\/pelata\/mega-sena\/#breadcrumb\",\"itemListElement\":[{\"@type\":\"ListItem\",\"position\":1,\"name\":\"Home\",\"item\":\"https:\/\/onlinelotto365.com\/fi\/\"},{\"@type\":\"ListItem\",\"position\":2,\"name\":\"Kaikki mit\u00e4 sinun pit\u00e4\u00e4 tiet\u00e4\u00e4 vaihtoehdoistasi pelata parhaita arpapelej\u00e4 netiss\u00e4.\",\"item\":\"https:\/\/onlinelotto365.com\/fi\/pelata\/\"},{\"@type\":\"ListItem\",\"position\":3,\"name\":\"Miten Suomessa asuvat voivat pelata Mega-Senaa verkossa?\"}]},{\"@type\":\"WebSite\",\"@id\":\"https:\/\/onlinelotto365.com\/fi\/#website\",\"url\":\"https:\/\/onlinelotto365.com\/fi\/\",\"name\":\"OnlineLotto365\",\"description\":\"\",\"potentialAction\":[{\"@type\":\"SearchAction\",\"target\":{\"@type\":\"EntryPoint\",\"urlTemplate\":\"https:\/\/onlinelotto365.com\/fi\/?s={search_term_string}\"},\"query-input\":{\"@type\":\"PropertyValueSpecification\",\"valueRequired\":true,\"valueName\":\"search_term_string\"}}],\"inLanguage\":\"fi\"}]}<\/script>\n<!-- \/ Yoast SEO plugin. -->","yoast_head_json":{"title":"Pelaa Mega-Senaa verkossa Suomesta k\u00e4sin | Voinko osallistua Mega-Senaan, jos asun Suomessa?","description":"Nettilippupalvelumme tekee Mega-Senan pelaamisen verkossa helpoksi.","robots":{"index":"index","follow":"follow","max-snippet":"max-snippet:-1","max-image-preview":"max-image-preview:large","max-video-preview":"max-video-preview:-1"},"canonical":"https:\/\/onlinelotto365.com\/fi\/pelata\/mega-sena\/","og_locale":"fi_FI","og_type":"article","og_title":"Pelaa Mega-Senaa verkossa Suomesta k\u00e4sin | Voinko osallistua Mega-Senaan, jos asun Suomessa?","og_description":"Nettilippupalvelumme tekee Mega-Senan pelaamisen verkossa helpoksi.","og_url":"https:\/\/onlinelotto365.com\/fi\/pelata\/mega-sena\/","og_site_name":"OnlineLotto365","og_image":[{"url":"https:\/\/redfoxlotto.com\/image?size=8&amp;lottery=mega-sena"}],"twitter_card":"summary_large_image","twitter_misc":{"Arvioitu lukuaika":"4 minuuttia"},"schema":{"@context":"https:\/\/schema.org","@graph":[{"@type":"WebPage","@id":"https:\/\/onlinelotto365.com\/fi\/pelata\/mega-sena\/","url":"https:\/\/onlinelotto365.com\/fi\/pelata\/mega-sena\/","name":"Pelaa Mega-Senaa verkossa Suomesta k\u00e4sin | Voinko osallistua Mega-Senaan, jos asun Suomessa?","isPartOf":{"@id":"https:\/\/onlinelotto365.com\/fi\/#website"},"primaryImageOfPage":{"@id":"https:\/\/onlinelotto365.com\/fi\/pelata\/mega-sena\/#primaryimage"},"image":{"@id":"https:\/\/onlinelotto365.com\/fi\/pelata\/mega-sena\/#primaryimage"},"thumbnailUrl":"https:\/\/redfoxlotto.com\/image?size=8&amp;lottery=mega-sena","datePublished":"2022-11-04T07:46:35+00:00","dateModified":"2022-11-04T07:46:35+00:00","description":"Nettilippupalvelumme tekee Mega-Senan pelaamisen verkossa helpoksi.","breadcrumb":{"@id":"https:\/\/onlinelotto365.com\/fi\/pelata\/mega-sena\/#breadcrumb"},"inLanguage":"fi","potentialAction":[{"@type":"ReadAction","target":["https:\/\/onlinelotto365.com\/fi\/pelata\/mega-sena\/"]}]},{"@type":"ImageObject","inLanguage":"fi","@id":"https:\/\/onlinelotto365.com\/fi\/pelata\/mega-sena\/#primaryimage","url":"https:\/\/redfoxlotto.com\/image?size=8&amp;lottery=mega-sena","contentUrl":"https:\/\/redfoxlotto.com\/image?size=8&amp;lottery=mega-sena"},{"@type":"BreadcrumbList","@id":"https:\/\/onlinelotto365.com\/fi\/pelata\/mega-sena\/#breadcrumb","itemListElement":[{"@type":"ListItem","position":1,"name":"Home","item":"https:\/\/onlinelotto365.com\/fi\/"},{"@type":"ListItem","position":2,"name":"Kaikki mit\u00e4 sinun pit\u00e4\u00e4 tiet\u00e4\u00e4 vaihtoehdoistasi pelata parhaita arpapelej\u00e4 netiss\u00e4.","item":"https:\/\/onlinelotto365.com\/fi\/pelata\/"},{"@type":"ListItem","position":3,"name":"Miten Suomessa asuvat voivat pelata Mega-Senaa verkossa?"}]},{"@type":"WebSite","@id":"https:\/\/onlinelotto365.com\/fi\/#website","url":"https:\/\/onlinelotto365.com\/fi\/","name":"OnlineLotto365","description":"","potentialAction":[{"@type":"SearchAction","target":{"@type":"EntryPoint","urlTemplate":"https:\/\/onlinelotto365.com\/fi\/?s={search_term_string}"},"query-input":{"@type":"PropertyValueSpecification","valueRequired":true,"valueName":"search_term_string"}}],"inLanguage":"fi"}]}},"_links":{"self":[{"href":"https:\/\/onlinelotto365.com\/fi\/wp-json\/wp\/v2\/pages\/79409","targetHints":{"allow":["GET"]}}],"collection":[{"href":"https:\/\/onlinelotto365.com\/fi\/wp-json\/wp\/v2\/pages"}],"about":[{"href":"https:\/\/onlinelotto365.com\/fi\/wp-json\/wp\/v2\/types\/page"}],"author":[{"embeddable":true,"href":"https:\/\/onlinelotto365.com\/fi\/wp-json\/wp\/v2\/users\/1"}],"replies":[{"embeddable":true,"href":"https:\/\/onlinelotto365.com\/fi\/wp-json\/wp\/v2\/comments?post=79409"}],"version-history":[{"count":0,"href":"https:\/\/onlinelotto365.com\/fi\/wp-json\/wp\/v2\/pages\/79409\/revisions"}],"up":[{"embeddable":true,"href":"https:\/\/onlinelotto365.com\/fi\/wp-json\/wp\/v2\/pages\/5016"}],"wp:attachment":[{"href":"https:\/\/onlinelotto365.com\/fi\/wp-json\/wp\/v2\/media?parent=79409"}],"curies":[{"name":"wp","href":"https:\/\/api.w.org\/{rel}","templated":true}]}}