{"id":79442,"date":"2022-11-04T10:31:27","date_gmt":"2022-11-04T09:31:27","guid":{"rendered":"https:\/\/onlinelotto365.com\/?page_id=79442"},"modified":"2022-11-04T10:31:57","modified_gmt":"2022-11-04T09:31:57","slug":"set-for-life","status":"publish","type":"page","link":"https:\/\/onlinelotto365.com\/fi\/pelata\/set-for-life\/","title":{"rendered":"Onko mahdollista pelata Set for life -lottoa verkossa?"},"content":{"rendered":"<p>Tiesitk\u00f6, ett\u00e4 Set for Life -arpajaisissa voit voittaa 10 000 puntaa joka kuukausi? Jos olet kiinnostunut kokeilemaan onneasi lotossa, Set for Life on loistava tapa aloittaa. Set for Life -lotto tunnetaan parhaiten siit\u00e4, ett\u00e4 se on ainoa peli, jossa voit pelata numeroita seitsem\u00e4ss\u00e4 per\u00e4kk\u00e4isess\u00e4 p\u00e4ivitt\u00e4isess\u00e4 arvonnassa. T\u00e4m\u00e4 tarkoittaa yksinkertaisesti sit\u00e4, ett\u00e4 sinulla on runsaasti mahdollisuuksia voittaa j\u00e4ttipotti viikon jokaisena p\u00e4iv\u00e4n\u00e4.<\/p>\n<p>T\u00e4\u00e4ll\u00e4 saamme sinut tutustumaan lis\u00e4\u00e4 Set for Life -lottoon ja ymm\u00e4rt\u00e4m\u00e4\u00e4n, miksi monet ihmiset jatkavat t\u00e4m\u00e4n lottopelin pelaamista.<\/p>\n<p>Set for Life -loton j\u00e4rjesti National Lottery, ja se ansaitsi tittelin Ison-Britannian ensimm\u00e4isen\u00e4 annuiteettilottopelin\u00e4. Arpajaiset antavat pelaajille mahdollisuuden voittaa 10 000 punnan kuukausittaisen maksun 30 vuoden ajan.<\/p>\n<p>Ja vaikka kyseess\u00e4 on brittil\u00e4inen lotto, voit pelata Set for lifea netiss\u00e4 Suomesta k\u00e4sin. Maailmanlaajuisten arpajaisten nettilippupalvelumme ansiosta pelaajat ymp\u00e4ri maailmaa voivat osallistua parhaisiin arpajaisiin, joissa on suurimmat j\u00e4ttipotit.<\/p>\n<p><a href=\"https:\/\/redfoxlotto.com\/play\/set-for-life-uk\/?ref=a8564250a2&amp;medium=ol365\" target=\"_blank\" rel=\"noopener noreferrer\"><img decoding=\"async\" class=\"aligncenter\" src=\"https:\/\/redfoxlotto.com\/image?size=8&amp;lottery=set-for-life-uk\" alt=\"&quot;Set\" \/><\/a><\/p>\n<h2>Tietoja Set for life -lotosta<\/h2>\n<ul>\n<li>Maa: Yhdistynyt kuningaskunta<\/li>\n<li>T\u00e4rkein numerovalikoima: 45<\/li>\n<li>Sin\u00e4 valitset: 5<\/li>\n<li>Lis\u00e4numerot: 10<\/li>\n<li>Sin\u00e4 valitset: 1<\/li>\n<li>Arvontap\u00e4iv\u00e4t, tunnit: Maanantai, torstai, 20:00 GMT, 21:00 CET<\/li>\n<li>Pienin j\u00e4ttipotti: ei mit\u00e4\u00e4n<\/li>\n<li>Suurin j\u00e4ttipotti: ei mit\u00e4\u00e4n<\/li>\n<li>Todenn\u00e4k\u00f6isyys voittaa j\u00e4ttipotti: 1:15.339.390.<\/li>\n<li>Todenn\u00e4k\u00f6isyys voittaa taso 2: 1:1.704.377<\/li>\n<li>Todenn\u00e4k\u00f6isyys voittaa mill\u00e4 tahansa tasolla: 1:12,4<\/li>\n<li>Palkintotasojen m\u00e4\u00e4r\u00e4: 8<\/li>\n<\/ul>\n<p>Kuten muutkin Yhdistyneen kuningaskunnan arpajaiset, Set for Life on arvontapeli. Jos pelaat lottoa, sinun on valittava viisi numeroa arvausalueelta 1-47, mukaan lukien &#8221;life ball&#8221; -numero v\u00e4lilt\u00e4 1-10. Kun viisi numeroa ja life ball -numero on valittu, sinulla on mahdollisuus voittaa 10 000 punnan kokonaisj\u00e4ttipotti joka kuukausi.<\/p>\n<h2>Set for Life Draw<\/h2>\n<p>Set for Life -arpajaiset j\u00e4rjestet\u00e4\u00e4n joka maanantai ja torstai, ja Yhdistyneess\u00e4 kuningaskunnassa pelaajat voivat ostaa lottokuponkeja paikallisesta lottokaupasta. Arvonta p\u00e4\u00e4ttyy joka ilta klo 21.00 EAST. Set for Life -loton viimeisimm\u00e4t tulokset ovat yleens\u00e4 saatavilla arvontap\u00e4iv\u00e4n\u00e4 eli klo 21:45 GMT. Huomaa, ett\u00e4 jokaisen pelin osingot p\u00e4ivitet\u00e4\u00e4n pian arvonnan j\u00e4lkeen. My\u00f6s osinkop\u00e4ivitykset ovat yleens\u00e4 yleis\u00f6n saatavilla aamulla lottoarvonnan j\u00e4lkeen.<\/p>\n<h2>Miten voittaa Set for Life -lotto<\/h2>\n<p>Set for Life -loton ensimm\u00e4inen palkinto tarjoaa 10 000 punnan kuukausimaksun, ja nelj\u00e4ll\u00e4 pelaajalla on mahdollisuus voittaa palkinto jokaisessa arvonnassa. Jotta voit voittaa j\u00e4ttipalkinnon, numeroiden on vastattava kahdeksaa voittonumeroa yhden setin aikana. Set for Life -arvonnassa on siis yhteens\u00e4 kahdeksan palkintoluokkaa. Sinulla on mahdollisuus voittaa palkinto nelj\u00e4ll\u00e4 voittonumerolla, mukaan lukien yksi bonusnumero jokaisessa sarjassa.<\/p>\n<p><img loading=\"lazy\" decoding=\"async\" class=\"size-full wp-image-1477 alignright\" src=\"https:\/\/onlinelotto365.com\/wp-content\/uploads\/2020\/11\/online_lottery-128.jpg\" alt=\"pelata set for life lotto\" width=\"212\" height=\"142\" \/><\/p>\n<p>Set for Life tarjoaa suotuisat mahdollisuudet voittaa j\u00e4ttipotti. Esimerkiksi muut palkinnot, jotka edellytt\u00e4v\u00e4t yhden tai useamman numeron vastaavuutta, antavat sinulle 1:12-mahdollisuuden voittaa, vaikka se olisi vain 5 puntaa.<\/p>\n<p>Jos siis tunnet onneasi, kannattaa hankkia Set for Life -lippu! Meilt\u00e4 saat laajan valikoiman kansainv\u00e4lisi\u00e4 arpajaisia, joita voit pelata Suomesta k\u00e4sin ja joissa on satojen miljoonien j\u00e4ttipotteja.<\/p>\n","protected":false},"excerpt":{"rendered":"<p>Tiesitk\u00f6, ett\u00e4 Set for Life -arpajaisissa voit voittaa 10 000 puntaa joka kuukausi? Jos olet kiinnostunut kokeilemaan onneasi lotossa, Set for Life on loistava tapa aloittaa. Set for Life -lotto tunnetaan parhaiten siit\u00e4, ett\u00e4 se on ainoa peli, jossa voit pelata numeroita seitsem\u00e4ss\u00e4 per\u00e4kk\u00e4isess\u00e4 p\u00e4ivitt\u00e4isess\u00e4 arvonnassa. T\u00e4m\u00e4 tarkoittaa yksinkertaisesti sit\u00e4, ett\u00e4 sinulla on runsaasti mahdollisuuksia [&hellip;]<\/p>\n","protected":false},"author":1,"featured_media":0,"parent":5016,"menu_order":10,"comment_status":"closed","ping_status":"closed","template":"set-for-life.php","meta":{"_et_pb_use_builder":"","_et_pb_old_content":"","_et_gb_content_width":"","exclude_from_search":false,"footnotes":""},"class_list":["post-79442","page","type-page","status-publish","hentry"],"yoast_head":"<!-- This site is optimized with the Yoast SEO plugin v23.4 - https:\/\/yoast.com\/wordpress\/plugins\/seo\/ -->\n<title>Kuinka pelata Set for life lottoa netiss\u00e4 Suomesta k\u00e4sin<\/title>\n<meta name=\"description\" content=\"Osta Set for life -loton nettilippuja, jos asut Suomessa.\" \/>\n<meta name=\"robots\" content=\"index, follow, max-snippet:-1, max-image-preview:large, max-video-preview:-1\" \/>\n<link rel=\"canonical\" href=\"https:\/\/onlinelotto365.com\/fi\/pelata\/set-for-life\/\" \/>\n<meta property=\"og:locale\" content=\"fi_FI\" \/>\n<meta property=\"og:type\" content=\"article\" \/>\n<meta property=\"og:title\" content=\"Kuinka pelata Set for life lottoa netiss\u00e4 Suomesta k\u00e4sin\" \/>\n<meta property=\"og:description\" content=\"Osta Set for life -loton nettilippuja, jos asut Suomessa.\" \/>\n<meta property=\"og:url\" content=\"https:\/\/onlinelotto365.com\/fi\/pelata\/set-for-life\/\" \/>\n<meta property=\"og:site_name\" content=\"OnlineLotto365\" \/>\n<meta property=\"article:modified_time\" content=\"2022-11-04T09:31:57+00:00\" \/>\n<meta property=\"og:image\" content=\"https:\/\/redfoxlotto.com\/image?size=8&amp;lottery=set-for-life-uk\" \/>\n<meta name=\"twitter:card\" content=\"summary_large_image\" \/>\n<meta name=\"twitter:label1\" content=\"Arvioitu lukuaika\" \/>\n\t<meta name=\"twitter:data1\" content=\"3 minuuttia\" \/>\n<script type=\"application\/ld+json\" class=\"yoast-schema-graph\">{\"@context\":\"https:\/\/schema.org\",\"@graph\":[{\"@type\":\"WebPage\",\"@id\":\"https:\/\/onlinelotto365.com\/fi\/pelata\/set-for-life\/\",\"url\":\"https:\/\/onlinelotto365.com\/fi\/pelata\/set-for-life\/\",\"name\":\"Kuinka pelata Set for life lottoa netiss\u00e4 Suomesta k\u00e4sin\",\"isPartOf\":{\"@id\":\"https:\/\/onlinelotto365.com\/fi\/#website\"},\"primaryImageOfPage\":{\"@id\":\"https:\/\/onlinelotto365.com\/fi\/pelata\/set-for-life\/#primaryimage\"},\"image\":{\"@id\":\"https:\/\/onlinelotto365.com\/fi\/pelata\/set-for-life\/#primaryimage\"},\"thumbnailUrl\":\"https:\/\/redfoxlotto.com\/image?size=8&amp;lottery=set-for-life-uk\",\"datePublished\":\"2022-11-04T09:31:27+00:00\",\"dateModified\":\"2022-11-04T09:31:57+00:00\",\"description\":\"Osta Set for life -loton nettilippuja, jos asut Suomessa.\",\"breadcrumb\":{\"@id\":\"https:\/\/onlinelotto365.com\/fi\/pelata\/set-for-life\/#breadcrumb\"},\"inLanguage\":\"fi\",\"potentialAction\":[{\"@type\":\"ReadAction\",\"target\":[\"https:\/\/onlinelotto365.com\/fi\/pelata\/set-for-life\/\"]}]},{\"@type\":\"ImageObject\",\"inLanguage\":\"fi\",\"@id\":\"https:\/\/onlinelotto365.com\/fi\/pelata\/set-for-life\/#primaryimage\",\"url\":\"https:\/\/redfoxlotto.com\/image?size=8&amp;lottery=set-for-life-uk\",\"contentUrl\":\"https:\/\/redfoxlotto.com\/image?size=8&amp;lottery=set-for-life-uk\"},{\"@type\":\"BreadcrumbList\",\"@id\":\"https:\/\/onlinelotto365.com\/fi\/pelata\/set-for-life\/#breadcrumb\",\"itemListElement\":[{\"@type\":\"ListItem\",\"position\":1,\"name\":\"Home\",\"item\":\"https:\/\/onlinelotto365.com\/fi\/\"},{\"@type\":\"ListItem\",\"position\":2,\"name\":\"Kaikki mit\u00e4 sinun pit\u00e4\u00e4 tiet\u00e4\u00e4 vaihtoehdoistasi pelata parhaita arpapelej\u00e4 netiss\u00e4.\",\"item\":\"https:\/\/onlinelotto365.com\/fi\/pelata\/\"},{\"@type\":\"ListItem\",\"position\":3,\"name\":\"Onko mahdollista pelata Set for life -lottoa verkossa?\"}]},{\"@type\":\"WebSite\",\"@id\":\"https:\/\/onlinelotto365.com\/fi\/#website\",\"url\":\"https:\/\/onlinelotto365.com\/fi\/\",\"name\":\"OnlineLotto365\",\"description\":\"\",\"potentialAction\":[{\"@type\":\"SearchAction\",\"target\":{\"@type\":\"EntryPoint\",\"urlTemplate\":\"https:\/\/onlinelotto365.com\/fi\/?s={search_term_string}\"},\"query-input\":{\"@type\":\"PropertyValueSpecification\",\"valueRequired\":true,\"valueName\":\"search_term_string\"}}],\"inLanguage\":\"fi\"}]}<\/script>\n<!-- \/ Yoast SEO plugin. -->","yoast_head_json":{"title":"Kuinka pelata Set for life lottoa netiss\u00e4 Suomesta k\u00e4sin","description":"Osta Set for life -loton nettilippuja, jos asut Suomessa.","robots":{"index":"index","follow":"follow","max-snippet":"max-snippet:-1","max-image-preview":"max-image-preview:large","max-video-preview":"max-video-preview:-1"},"canonical":"https:\/\/onlinelotto365.com\/fi\/pelata\/set-for-life\/","og_locale":"fi_FI","og_type":"article","og_title":"Kuinka pelata Set for life lottoa netiss\u00e4 Suomesta k\u00e4sin","og_description":"Osta Set for life -loton nettilippuja, jos asut Suomessa.","og_url":"https:\/\/onlinelotto365.com\/fi\/pelata\/set-for-life\/","og_site_name":"OnlineLotto365","article_modified_time":"2022-11-04T09:31:57+00:00","og_image":[{"url":"https:\/\/redfoxlotto.com\/image?size=8&amp;lottery=set-for-life-uk"}],"twitter_card":"summary_large_image","twitter_misc":{"Arvioitu lukuaika":"3 minuuttia"},"schema":{"@context":"https:\/\/schema.org","@graph":[{"@type":"WebPage","@id":"https:\/\/onlinelotto365.com\/fi\/pelata\/set-for-life\/","url":"https:\/\/onlinelotto365.com\/fi\/pelata\/set-for-life\/","name":"Kuinka pelata Set for life lottoa netiss\u00e4 Suomesta k\u00e4sin","isPartOf":{"@id":"https:\/\/onlinelotto365.com\/fi\/#website"},"primaryImageOfPage":{"@id":"https:\/\/onlinelotto365.com\/fi\/pelata\/set-for-life\/#primaryimage"},"image":{"@id":"https:\/\/onlinelotto365.com\/fi\/pelata\/set-for-life\/#primaryimage"},"thumbnailUrl":"https:\/\/redfoxlotto.com\/image?size=8&amp;lottery=set-for-life-uk","datePublished":"2022-11-04T09:31:27+00:00","dateModified":"2022-11-04T09:31:57+00:00","description":"Osta Set for life -loton nettilippuja, jos asut Suomessa.","breadcrumb":{"@id":"https:\/\/onlinelotto365.com\/fi\/pelata\/set-for-life\/#breadcrumb"},"inLanguage":"fi","potentialAction":[{"@type":"ReadAction","target":["https:\/\/onlinelotto365.com\/fi\/pelata\/set-for-life\/"]}]},{"@type":"ImageObject","inLanguage":"fi","@id":"https:\/\/onlinelotto365.com\/fi\/pelata\/set-for-life\/#primaryimage","url":"https:\/\/redfoxlotto.com\/image?size=8&amp;lottery=set-for-life-uk","contentUrl":"https:\/\/redfoxlotto.com\/image?size=8&amp;lottery=set-for-life-uk"},{"@type":"BreadcrumbList","@id":"https:\/\/onlinelotto365.com\/fi\/pelata\/set-for-life\/#breadcrumb","itemListElement":[{"@type":"ListItem","position":1,"name":"Home","item":"https:\/\/onlinelotto365.com\/fi\/"},{"@type":"ListItem","position":2,"name":"Kaikki mit\u00e4 sinun pit\u00e4\u00e4 tiet\u00e4\u00e4 vaihtoehdoistasi pelata parhaita arpapelej\u00e4 netiss\u00e4.","item":"https:\/\/onlinelotto365.com\/fi\/pelata\/"},{"@type":"ListItem","position":3,"name":"Onko mahdollista pelata Set for life -lottoa verkossa?"}]},{"@type":"WebSite","@id":"https:\/\/onlinelotto365.com\/fi\/#website","url":"https:\/\/onlinelotto365.com\/fi\/","name":"OnlineLotto365","description":"","potentialAction":[{"@type":"SearchAction","target":{"@type":"EntryPoint","urlTemplate":"https:\/\/onlinelotto365.com\/fi\/?s={search_term_string}"},"query-input":{"@type":"PropertyValueSpecification","valueRequired":true,"valueName":"search_term_string"}}],"inLanguage":"fi"}]}},"_links":{"self":[{"href":"https:\/\/onlinelotto365.com\/fi\/wp-json\/wp\/v2\/pages\/79442","targetHints":{"allow":["GET"]}}],"collection":[{"href":"https:\/\/onlinelotto365.com\/fi\/wp-json\/wp\/v2\/pages"}],"about":[{"href":"https:\/\/onlinelotto365.com\/fi\/wp-json\/wp\/v2\/types\/page"}],"author":[{"embeddable":true,"href":"https:\/\/onlinelotto365.com\/fi\/wp-json\/wp\/v2\/users\/1"}],"replies":[{"embeddable":true,"href":"https:\/\/onlinelotto365.com\/fi\/wp-json\/wp\/v2\/comments?post=79442"}],"version-history":[{"count":0,"href":"https:\/\/onlinelotto365.com\/fi\/wp-json\/wp\/v2\/pages\/79442\/revisions"}],"up":[{"embeddable":true,"href":"https:\/\/onlinelotto365.com\/fi\/wp-json\/wp\/v2\/pages\/5016"}],"wp:attachment":[{"href":"https:\/\/onlinelotto365.com\/fi\/wp-json\/wp\/v2\/media?parent=79442"}],"curies":[{"name":"wp","href":"https:\/\/api.w.org\/{rel}","templated":true}]}}