{"id":79475,"date":"2022-11-04T12:08:32","date_gmt":"2022-11-04T11:08:32","guid":{"rendered":"https:\/\/onlinelotto365.com\/?page_id=79475"},"modified":"2022-11-04T12:08:32","modified_gmt":"2022-11-04T11:08:32","slug":"uk-lotto","status":"publish","type":"page","link":"https:\/\/onlinelotto365.com\/fi\/pelata\/uk-lotto\/","title":{"rendered":"Miten Suomen tasavallan asukkaat voivat pelata UK Lottery verkossa?"},"content":{"rendered":"<h2>Tietoja UK Lottery<\/h2>\n<p>Kun 59 numerosta valitaan kuusi numeroa ilman lis\u00e4numeroita, voittomahdollisuudet ovat kunnossa verrattuna Powerballin tai Mega Millionsin kaltaisiin lottoihin. Jos saat 5 numeroa 6:sta oikein, saat taatusti 2,5 miljoonaa Englannin puntaa, ja jos saat kaikki kuusi numeroa oikein, voitat j\u00e4ttipotin. Ellet asu Yhdistyneess\u00e4 kuningaskunnassa, ainoa vaihtoehto osallistua on pelata verkossa palvelumme kautta.<\/p>\n<ul>\n<li>Maa: UK<\/li>\n<li>T\u00e4rkeimm\u00e4t numerot: 59<\/li>\n<li>Sin\u00e4 valitset: 6<\/li>\n<li>Lis\u00e4numerot: ei yht\u00e4\u00e4n<\/li>\n<li>Sin\u00e4 valitset: ei mit\u00e4\u00e4n<\/li>\n<li>Arvontap\u00e4iv\u00e4t, tunnit: Keskiviikko, lauantai 19:30 UTC, 19:30 CET<\/li>\n<li>Pienin j\u00e4ttipotti: GBP 2,5 miljoonaa<\/li>\n<li>Suurin j\u00e4ttipotti: 22 miljoonaa Englannin puntaa<\/li>\n<li>Todenn\u00e4k\u00f6isyys voittaa j\u00e4ttipotti: 1:45.057.474:st\u00e4<\/li>\n<li>Todenn\u00e4k\u00f6isyys tason 2 voittoon: 1:7.509.579<\/li>\n<li>Todenn\u00e4k\u00f6isyys voittaa mill\u00e4 tahansa tasolla: 1:9,27.<\/li>\n<li>Palkintotasojen m\u00e4\u00e4r\u00e4: 6<\/li>\n<\/ul>\n<p>&nbsp;<\/p>\n<h2>Miksi Yhdistyneen kuningaskunnan lottojen j\u00e4ttipotit ovat yleens\u00e4 melko alhaisia?<\/h2>\n<p><a href=\"https:\/\/redfoxlotto.com\/play\/lotto-uk\/?ref=a8564250a2&amp;medium=ol365\" target=\"_blank\" rel=\"noopener noreferrer\"><img loading=\"lazy\" decoding=\"async\" class=\"aligncenter\" src=\"https:\/\/redfoxlotto.com\/image?size=8&amp;lottery=lotto-uk\" alt=\"Iso-Britannia-lotto\" width=\"720\" height=\"90\" \/><\/a><\/p>\n<p>No, koska Yhdistyneen kuningaskunnan lotossa j\u00e4ttipotti voidaan kierr\u00e4tt\u00e4\u00e4 vain 5 kertaa. Sen j\u00e4lkeen j\u00e4ttipotin voi voittaa vain 5:ll\u00e4 seuraavista vaihtoehdoista<br \/>\nkuudesta numerosta lottokupongissa. Kun otetaan huomioon t\u00e4m\u00e4 s\u00e4\u00e4nt\u00f6, olisi j\u00e4rkev\u00e4\u00e4 pelata t\u00e4t\u00e4 lottoa aina, kun j\u00e4ttipottia ei ole voitettu viisi kertaa per\u00e4kk\u00e4in. T\u00e4ll\u00f6in saat paljon paremmat mahdollisuudet voittaa p\u00e4\u00e4palkinto. T\u00e4m\u00e4n p\u00e4\u00e4voiton pit\u00e4isi olla riitt\u00e4v\u00e4n suuri, jotta sinun ei tarvitsisi huolehtia rahasta loppuel\u00e4m\u00e4si ajan.<\/p>\n<p>On kuitenkin hyvin mahdollista, ett\u00e4 viiden kierroksen j\u00e4lkeen j\u00e4ttipotti joudutaan jakamaan useamman voittajan kesken. Kun kertoimet ovat pienemm\u00e4t ja pelaajia on enemm\u00e4n, toisen palkintoluokan voittajia voi olla useampi kuin yksi.<\/p>\n<h2>Etk\u00f6 halua jakaa j\u00e4ttipottia?<\/h2>\n<p>On olemassa yksi lottostrategia, jolla voit v\u00e4ltt\u00e4\u00e4 p\u00e4\u00e4palkinnon jakamisen: valitse numeroyhdistelm\u00e4, joka n\u00e4ytt\u00e4\u00e4 v\u00e4hemm\u00e4n todenn\u00e4k\u00f6iselt\u00e4, ett\u00e4 muutkin pelaajat valitsevat sen. K\u00e4yt\u00e4 esimerkiksi v\u00e4hemm\u00e4n numeroita v\u00e4lilt\u00e4 1-31 (liian monet pelaajat k\u00e4ytt\u00e4v\u00e4t syntym\u00e4aikoja onnennumeroina) tai k\u00e4yt\u00e4 kolmea numeroa v\u00e4lilt\u00e4 30-40 ja kolmea numeroa v\u00e4lilt\u00e4 50-56. K\u00e4yt\u00e4 mielikuvitustasi keksi\u00e4ksesi lis\u00e4\u00e4 &#8221;parittomia&#8221; numeroita.<\/p>\n","protected":false},"excerpt":{"rendered":"<p>Tietoja UK Lottery Kun 59 numerosta valitaan kuusi numeroa ilman lis\u00e4numeroita, voittomahdollisuudet ovat kunnossa verrattuna Powerballin tai Mega Millionsin kaltaisiin lottoihin. Jos saat 5 numeroa 6:sta oikein, saat taatusti 2,5 miljoonaa Englannin puntaa, ja jos saat kaikki kuusi numeroa oikein, voitat j\u00e4ttipotin. Ellet asu Yhdistyneess\u00e4 kuningaskunnassa, ainoa vaihtoehto osallistua on pelata verkossa palvelumme kautta. Maa: [&hellip;]<\/p>\n","protected":false},"author":1,"featured_media":0,"parent":5016,"menu_order":9,"comment_status":"closed","ping_status":"closed","template":"lotto-uk.php","meta":{"_et_pb_use_builder":"","_et_pb_old_content":"","_et_gb_content_width":"","exclude_from_search":false,"footnotes":""},"class_list":["post-79475","page","type-page","status-publish","hentry"],"yoast_head":"<!-- This site is optimized with the Yoast SEO plugin v23.4 - https:\/\/yoast.com\/wordpress\/plugins\/seo\/ -->\n<title>Pelaa Ison-Britannian lottoa verkossa Suomesta | Voinko osallistua Ison-Britannian lottoon, jos asun Suomessa?<\/title>\n<meta name=\"description\" content=\"Osallistuminen UK Lotteryyn muista maista, kuten Suomesta, on nyt helppoa verkkopalvelumme avulla.\" \/>\n<meta name=\"robots\" content=\"index, follow, max-snippet:-1, max-image-preview:large, max-video-preview:-1\" \/>\n<link rel=\"canonical\" href=\"https:\/\/onlinelotto365.com\/fi\/pelata\/uk-lotto\/\" \/>\n<meta property=\"og:locale\" content=\"fi_FI\" \/>\n<meta property=\"og:type\" content=\"article\" \/>\n<meta property=\"og:title\" content=\"Pelaa Ison-Britannian lottoa verkossa Suomesta | Voinko osallistua Ison-Britannian lottoon, jos asun Suomessa?\" \/>\n<meta property=\"og:description\" content=\"Osallistuminen UK Lotteryyn muista maista, kuten Suomesta, on nyt helppoa verkkopalvelumme avulla.\" \/>\n<meta property=\"og:url\" content=\"https:\/\/onlinelotto365.com\/fi\/pelata\/uk-lotto\/\" \/>\n<meta property=\"og:site_name\" content=\"OnlineLotto365\" \/>\n<meta property=\"og:image\" content=\"https:\/\/redfoxlotto.com\/image?size=8&amp;lottery=lotto-uk\" \/>\n<meta name=\"twitter:card\" content=\"summary_large_image\" \/>\n<meta name=\"twitter:label1\" content=\"Arvioitu lukuaika\" \/>\n\t<meta name=\"twitter:data1\" content=\"2 minuuttia\" \/>\n<script type=\"application\/ld+json\" class=\"yoast-schema-graph\">{\"@context\":\"https:\/\/schema.org\",\"@graph\":[{\"@type\":\"WebPage\",\"@id\":\"https:\/\/onlinelotto365.com\/fi\/pelata\/uk-lotto\/\",\"url\":\"https:\/\/onlinelotto365.com\/fi\/pelata\/uk-lotto\/\",\"name\":\"Pelaa Ison-Britannian lottoa verkossa Suomesta | Voinko osallistua Ison-Britannian lottoon, jos asun Suomessa?\",\"isPartOf\":{\"@id\":\"https:\/\/onlinelotto365.com\/fi\/#website\"},\"primaryImageOfPage\":{\"@id\":\"https:\/\/onlinelotto365.com\/fi\/pelata\/uk-lotto\/#primaryimage\"},\"image\":{\"@id\":\"https:\/\/onlinelotto365.com\/fi\/pelata\/uk-lotto\/#primaryimage\"},\"thumbnailUrl\":\"https:\/\/redfoxlotto.com\/image?size=8&amp;lottery=lotto-uk\",\"datePublished\":\"2022-11-04T11:08:32+00:00\",\"dateModified\":\"2022-11-04T11:08:32+00:00\",\"description\":\"Osallistuminen UK Lotteryyn muista maista, kuten Suomesta, on nyt helppoa verkkopalvelumme avulla.\",\"breadcrumb\":{\"@id\":\"https:\/\/onlinelotto365.com\/fi\/pelata\/uk-lotto\/#breadcrumb\"},\"inLanguage\":\"fi\",\"potentialAction\":[{\"@type\":\"ReadAction\",\"target\":[\"https:\/\/onlinelotto365.com\/fi\/pelata\/uk-lotto\/\"]}]},{\"@type\":\"ImageObject\",\"inLanguage\":\"fi\",\"@id\":\"https:\/\/onlinelotto365.com\/fi\/pelata\/uk-lotto\/#primaryimage\",\"url\":\"https:\/\/redfoxlotto.com\/image?size=8&amp;lottery=lotto-uk\",\"contentUrl\":\"https:\/\/redfoxlotto.com\/image?size=8&amp;lottery=lotto-uk\"},{\"@type\":\"BreadcrumbList\",\"@id\":\"https:\/\/onlinelotto365.com\/fi\/pelata\/uk-lotto\/#breadcrumb\",\"itemListElement\":[{\"@type\":\"ListItem\",\"position\":1,\"name\":\"Home\",\"item\":\"https:\/\/onlinelotto365.com\/fi\/\"},{\"@type\":\"ListItem\",\"position\":2,\"name\":\"Kaikki mit\u00e4 sinun pit\u00e4\u00e4 tiet\u00e4\u00e4 vaihtoehdoistasi pelata parhaita arpapelej\u00e4 netiss\u00e4.\",\"item\":\"https:\/\/onlinelotto365.com\/fi\/pelata\/\"},{\"@type\":\"ListItem\",\"position\":3,\"name\":\"Miten Suomen tasavallan asukkaat voivat pelata UK Lottery verkossa?\"}]},{\"@type\":\"WebSite\",\"@id\":\"https:\/\/onlinelotto365.com\/fi\/#website\",\"url\":\"https:\/\/onlinelotto365.com\/fi\/\",\"name\":\"OnlineLotto365\",\"description\":\"\",\"potentialAction\":[{\"@type\":\"SearchAction\",\"target\":{\"@type\":\"EntryPoint\",\"urlTemplate\":\"https:\/\/onlinelotto365.com\/fi\/?s={search_term_string}\"},\"query-input\":{\"@type\":\"PropertyValueSpecification\",\"valueRequired\":true,\"valueName\":\"search_term_string\"}}],\"inLanguage\":\"fi\"}]}<\/script>\n<!-- \/ Yoast SEO plugin. -->","yoast_head_json":{"title":"Pelaa Ison-Britannian lottoa verkossa Suomesta | Voinko osallistua Ison-Britannian lottoon, jos asun Suomessa?","description":"Osallistuminen UK Lotteryyn muista maista, kuten Suomesta, on nyt helppoa verkkopalvelumme avulla.","robots":{"index":"index","follow":"follow","max-snippet":"max-snippet:-1","max-image-preview":"max-image-preview:large","max-video-preview":"max-video-preview:-1"},"canonical":"https:\/\/onlinelotto365.com\/fi\/pelata\/uk-lotto\/","og_locale":"fi_FI","og_type":"article","og_title":"Pelaa Ison-Britannian lottoa verkossa Suomesta | Voinko osallistua Ison-Britannian lottoon, jos asun Suomessa?","og_description":"Osallistuminen UK Lotteryyn muista maista, kuten Suomesta, on nyt helppoa verkkopalvelumme avulla.","og_url":"https:\/\/onlinelotto365.com\/fi\/pelata\/uk-lotto\/","og_site_name":"OnlineLotto365","og_image":[{"url":"https:\/\/redfoxlotto.com\/image?size=8&amp;lottery=lotto-uk"}],"twitter_card":"summary_large_image","twitter_misc":{"Arvioitu lukuaika":"2 minuuttia"},"schema":{"@context":"https:\/\/schema.org","@graph":[{"@type":"WebPage","@id":"https:\/\/onlinelotto365.com\/fi\/pelata\/uk-lotto\/","url":"https:\/\/onlinelotto365.com\/fi\/pelata\/uk-lotto\/","name":"Pelaa Ison-Britannian lottoa verkossa Suomesta | Voinko osallistua Ison-Britannian lottoon, jos asun Suomessa?","isPartOf":{"@id":"https:\/\/onlinelotto365.com\/fi\/#website"},"primaryImageOfPage":{"@id":"https:\/\/onlinelotto365.com\/fi\/pelata\/uk-lotto\/#primaryimage"},"image":{"@id":"https:\/\/onlinelotto365.com\/fi\/pelata\/uk-lotto\/#primaryimage"},"thumbnailUrl":"https:\/\/redfoxlotto.com\/image?size=8&amp;lottery=lotto-uk","datePublished":"2022-11-04T11:08:32+00:00","dateModified":"2022-11-04T11:08:32+00:00","description":"Osallistuminen UK Lotteryyn muista maista, kuten Suomesta, on nyt helppoa verkkopalvelumme avulla.","breadcrumb":{"@id":"https:\/\/onlinelotto365.com\/fi\/pelata\/uk-lotto\/#breadcrumb"},"inLanguage":"fi","potentialAction":[{"@type":"ReadAction","target":["https:\/\/onlinelotto365.com\/fi\/pelata\/uk-lotto\/"]}]},{"@type":"ImageObject","inLanguage":"fi","@id":"https:\/\/onlinelotto365.com\/fi\/pelata\/uk-lotto\/#primaryimage","url":"https:\/\/redfoxlotto.com\/image?size=8&amp;lottery=lotto-uk","contentUrl":"https:\/\/redfoxlotto.com\/image?size=8&amp;lottery=lotto-uk"},{"@type":"BreadcrumbList","@id":"https:\/\/onlinelotto365.com\/fi\/pelata\/uk-lotto\/#breadcrumb","itemListElement":[{"@type":"ListItem","position":1,"name":"Home","item":"https:\/\/onlinelotto365.com\/fi\/"},{"@type":"ListItem","position":2,"name":"Kaikki mit\u00e4 sinun pit\u00e4\u00e4 tiet\u00e4\u00e4 vaihtoehdoistasi pelata parhaita arpapelej\u00e4 netiss\u00e4.","item":"https:\/\/onlinelotto365.com\/fi\/pelata\/"},{"@type":"ListItem","position":3,"name":"Miten Suomen tasavallan asukkaat voivat pelata UK Lottery verkossa?"}]},{"@type":"WebSite","@id":"https:\/\/onlinelotto365.com\/fi\/#website","url":"https:\/\/onlinelotto365.com\/fi\/","name":"OnlineLotto365","description":"","potentialAction":[{"@type":"SearchAction","target":{"@type":"EntryPoint","urlTemplate":"https:\/\/onlinelotto365.com\/fi\/?s={search_term_string}"},"query-input":{"@type":"PropertyValueSpecification","valueRequired":true,"valueName":"search_term_string"}}],"inLanguage":"fi"}]}},"_links":{"self":[{"href":"https:\/\/onlinelotto365.com\/fi\/wp-json\/wp\/v2\/pages\/79475","targetHints":{"allow":["GET"]}}],"collection":[{"href":"https:\/\/onlinelotto365.com\/fi\/wp-json\/wp\/v2\/pages"}],"about":[{"href":"https:\/\/onlinelotto365.com\/fi\/wp-json\/wp\/v2\/types\/page"}],"author":[{"embeddable":true,"href":"https:\/\/onlinelotto365.com\/fi\/wp-json\/wp\/v2\/users\/1"}],"replies":[{"embeddable":true,"href":"https:\/\/onlinelotto365.com\/fi\/wp-json\/wp\/v2\/comments?post=79475"}],"version-history":[{"count":0,"href":"https:\/\/onlinelotto365.com\/fi\/wp-json\/wp\/v2\/pages\/79475\/revisions"}],"up":[{"embeddable":true,"href":"https:\/\/onlinelotto365.com\/fi\/wp-json\/wp\/v2\/pages\/5016"}],"wp:attachment":[{"href":"https:\/\/onlinelotto365.com\/fi\/wp-json\/wp\/v2\/media?parent=79475"}],"curies":[{"name":"wp","href":"https:\/\/api.w.org\/{rel}","templated":true}]}}