{"id":79510,"date":"2022-11-07T08:08:07","date_gmt":"2022-11-07T07:08:07","guid":{"rendered":"https:\/\/onlinelotto365.com\/?page_id=79510"},"modified":"2022-11-07T08:08:20","modified_gmt":"2022-11-07T07:08:20","slug":"superenalotto","status":"publish","type":"page","link":"https:\/\/onlinelotto365.com\/fi\/pelata\/superenalotto\/","title":{"rendered":"Hanki Superenalotto liput mist\u00e4 tahansa"},"content":{"rendered":"<p>Ihmiset ovat jo vuosia halunneet pelata lottoja muualla maailmassa. Haasteena ei kuitenkaan ole ollut eri lottopelien haluttomuus hyv\u00e4ksy\u00e4 kansainv\u00e4lisi\u00e4 lottopelaajia. Se on ollut se, ett\u00e4 sinun on fyysisesti oltava siin\u00e4 maassa tai sill\u00e4 alueella, jossa lotto j\u00e4rjestet\u00e4\u00e4n, jotta voit pelata kunnolla.<\/p>\n<p>Sinun on ensinn\u00e4kin k\u00e4yt\u00e4v\u00e4 lottokauppiaalla, joka myy lottoa, johon haluat ostaa lippuja. T\u00e4m\u00e4 tarkoittaa siis sit\u00e4, ett\u00e4 sinun on oltava maassa, ei vain kerran, vaan joka kerta, kun haluat ostaa lippuja. T\u00e4m\u00e4 tarkoittaa siis matkaa Suomesta Italiaan ostamaan lottokuponkeja niihin kolmeen arvontaan, jotka Superenalotto suorittaa viikoittain.<\/p>\n<p>Sinun on siis joko muutettava sinne tai palkattava joku Italiassa tekem\u00e4\u00e4n se puolestasi. Siihen me emme vain pysty. Samalla teid\u00e4n pit\u00e4isi palkata ihmisi\u00e4 kaikista muista maista, joissa on suuria lottoja, tekem\u00e4\u00e4n tarjouksenne puolestanne. Se maksaisi omaisuuden.<\/p>\n<p>Mutta nyt on loistava vaihtoehto &#8211; pelaa vain verkossa t\u00e4\u00e4ll\u00e4 sivustollamme!<br \/>\n<a href=\"https:\/\/redfoxlotto.com\/play\/superenalotto\/?ref=a8564250a2&amp;medium=ol365\" target=\"_blank\" rel=\"noopener noreferrer\"><img decoding=\"async\" class=\"aligncenter\" src=\"https:\/\/redfoxlotto.com\/image?size=8&amp;lottery=superenalotto\" alt=\"superenalotto\" \/><\/a><\/p>\n<h2>Meill\u00e4 on kaikki lottotarpeesi katettuna<\/h2>\n<p>Meill\u00e4 on kaikki selvill\u00e4 siit\u00e4, miten p\u00e4\u00e4set mukaan peliin Superenalottoon kaikkien muiden maailman suurten lottojen lis\u00e4ksi. Sin\u00e4 yksinkertaisesti ostat meilt\u00e4 haluamasi lottokupongit netist\u00e4 ja Suomesta, ja me hoidamme kaiken muun puolestasi.<\/p>\n<p>Me ostamme liput puolestasi, ja toisin kuin tavalliset lottokupongit, jotka voi lunastaa se, jolla ne ovat hallussaan, me s\u00e4ilyt\u00e4mme niit\u00e4 puolestasi. Sitten me seuraamme arvontoja puolestasi, jotta sinun ei tarvitse, jos et halua, ja ilmoitamme sinulle joka kerta, kun voitat.<\/p>\n<h2>Lis\u00e4tietoja Superenalotosta<\/h2>\n<ul>\n<li>Arpajaiset j\u00e4rjestet\u00e4\u00e4n miss\u00e4: Italia<\/li>\n<li>Kuinka monta p\u00e4\u00e4numeroa on valittavana: 90<\/li>\n<li>Sinun on valittava: 6<\/li>\n<li>Kuinka monta lis\u00e4numeroa voit valita: ei yht\u00e4\u00e4n<\/li>\n<li>Sinun on valittava: ei yht\u00e4\u00e4n<\/li>\n<li>Arvontap\u00e4iv\u00e4t, tunnit: Tiistai, torstai, lauantai, 19:00 GMT, 21:00 CET.<\/li>\n<li>Pienin j\u00e4ttipotti: 2 miljoonaa euroa<\/li>\n<li>Jackpotin enimm\u00e4ism\u00e4\u00e4r\u00e4: ei ole<\/li>\n<li>Mahdollinen numeroyhdistelm\u00e4 j\u00e4ttipotin voittoa varten: 1: 622.614.630<\/li>\n<li>Mahdollinen numeroyhdistelm\u00e4 tason 2 voittoon: 1: 103.769.105<\/li>\n<li>Todenn\u00e4k\u00f6isyys voittaa mill\u00e4 tahansa tasolla: 1:20,58.<\/li>\n<li>Kuinka monta palkintotasoa: v<\/li>\n<\/ul>\n<p>Pelataksesi Superenalottoa valitset 6 numeroa yhteens\u00e4 90 mahdollisesta numerosta. Sinun on my\u00f6s valittava niin sanottu Jolly-numero 90 numeron joukosta.<\/p>\n<p>Voittaaksesi j\u00e4ttipotin sinun on saatava kaikki 6 tavallista numeroa. Jos sinulla on 5 numeroa ja Jolly-numero, voitat toisen palkinnon. Viidell\u00e4 numerolla ilman Jolly-numeroa voit voittaa kolmannen sijan, nelj\u00e4ll\u00e4 oikealla numerolla voit voittaa nelj\u00e4nnen sijan, ja kolmella numerolla voit voittaa my\u00f6s voiton.<\/p>\n<p>Arvonta suoritetaan kolme kertaa viikossa, tiistaisin, torstaisin ja lauantaisin klo 20.00 Italian aikaa. Tarjoamme sinulle k\u00e4ynniss\u00e4 olevan l\u00e4ht\u00f6laskennan seuraavaan Superenaloton arvontaan kaikkien muiden suurten arpajaisten lis\u00e4ksi, joissa tarjotaan lippuja verkossa, joten tied\u00e4t aina, kuinka paljon aikaa sinulla on j\u00e4ljell\u00e4.<br \/>\n<img loading=\"lazy\" decoding=\"async\" class=\" wp-image-1334 alignright\" src=\"https:\/\/onlinelotto365.com\/wp-content\/uploads\/2020\/11\/online_lottery-115.jpg\" alt=\"ostaa superenalotto lippuja verkossa\" width=\"452\" height=\"172\" \/><\/p>\n<h2>Superenaloton pelaamisen edut verkossa<\/h2>\n<p>Monet maailmanlaajuiset lottopelaajat haluavat valita useita lottoja pelattavaksi, varsinkin kun jokainen niist\u00e4 tarjoaa s\u00e4\u00e4nn\u00f6llisesti suuria j\u00e4ttipotteja. Itse asiassa mit\u00e4 useammassa arvonnassa olet mukana, sit\u00e4 parempi.<\/p>\n<p>Vaikka Superenaloton j\u00e4ttipotit eiv\u00e4t ehk\u00e4 olekaan verrattavissa joihinkin isompiin arpajaisiin, esimerkiksi EuroMillionsiin, Powerballiin tai Mega Millionsiin, haluat joka tapauksessa pelata my\u00f6s niit\u00e4. Superenalotto ei kuitenkaan ole mik\u00e4\u00e4n pieni peruna, sill\u00e4 tyypilliset j\u00e4ttipotit ovat usein kymmeni\u00e4 miljoonia euroja. Kun Superenalotto tarjoaa kolme ylim\u00e4\u00e4r\u00e4ist\u00e4 arvontakertaa viikossa, sinulla on siis kolme ylim\u00e4\u00e4r\u00e4ist\u00e4 arvontakertaa viikossa enemm\u00e4n hauskanpitoa kuin jos et pelaa.<\/p>\n<p>Kun sinulla on kolme lis\u00e4mahdollisuutta voittaa valtava palkinto, ei ole vaikea ymm\u00e4rt\u00e4\u00e4, miksi niin monet suomalaiset pit\u00e4v\u00e4t t\u00e4st\u00e4 lotosta. Kun otetaan huomioon, ett\u00e4 voit nyt ostaa lippusi k\u00e4tev\u00e4sti netist\u00e4, ei ole mit\u00e4\u00e4n hyv\u00e4\u00e4 syyt\u00e4 olla pelaamatta. Rahojen levitt\u00e4minen useampaan arpajaiseen on sit\u00e4, mist\u00e4 on kyse, mik\u00e4 lis\u00e4\u00e4 huomattavasti sit\u00e4 j\u00e4nnityst\u00e4, jota arpajaisten pelaaminen nyt tuo.<\/p>\n<p>Jos siis haluat lis\u00e4\u00e4 hauskuutta lottopelaamiseen, ja tied\u00e4n, ett\u00e4 haluat, voit aloittaa heti.<\/p>\n<h2>Miten minulle maksetaan, jos voitan Superenaloton verkossa?<\/h2>\n<p>Tarjoamme sinulle kaiken tarvitsemasi avun, jotta voit lunastaa lippusi, alkaen pienempien voittojen noutamisesta ja niiden v\u00e4litt\u00f6m\u00e4st\u00e4 siirt\u00e4misest\u00e4 tilillesi meill\u00e4, aina siihen, ett\u00e4 noudamme ja l\u00e4het\u00e4mme sinulle kaikki lomakkeet, joita tarvitaan suurempia voittoja tai jopa j\u00e4ttipotteja varten. T\u00e4\u00e4ll\u00e4 ei siis ole syyt\u00e4 huoleen, sill\u00e4 kyseess\u00e4 on t\u00e4yden palvelun sopimus, jossa asiakkaamme Suomesta ja muualta saavat ensiluokkaista palvelua ja kohtelua.<\/p>\n","protected":false},"excerpt":{"rendered":"<p>Ihmiset ovat jo vuosia halunneet pelata lottoja muualla maailmassa. Haasteena ei kuitenkaan ole ollut eri lottopelien haluttomuus hyv\u00e4ksy\u00e4 kansainv\u00e4lisi\u00e4 lottopelaajia. Se on ollut se, ett\u00e4 sinun on fyysisesti oltava siin\u00e4 maassa tai sill\u00e4 alueella, jossa lotto j\u00e4rjestet\u00e4\u00e4n, jotta voit pelata kunnolla. Sinun on ensinn\u00e4kin k\u00e4yt\u00e4v\u00e4 lottokauppiaalla, joka myy lottoa, johon haluat ostaa lippuja. T\u00e4m\u00e4 tarkoittaa [&hellip;]<\/p>\n","protected":false},"author":1,"featured_media":0,"parent":5016,"menu_order":5,"comment_status":"closed","ping_status":"closed","template":"superenalotto.php","meta":{"_et_pb_use_builder":"","_et_pb_old_content":"","_et_gb_content_width":"","exclude_from_search":false,"footnotes":""},"class_list":["post-79510","page","type-page","status-publish","hentry"],"yoast_head":"<!-- This site is optimized with the Yoast SEO plugin v23.4 - https:\/\/yoast.com\/wordpress\/plugins\/seo\/ -->\n<title>Pelaa Superenalotto Italiaa netiss\u00e4 Suomesta k\u00e4sin | N\u00e4in ostat Superenalotto liput netist\u00e4<\/title>\n<meta name=\"description\" content=\"T\u00e4m\u00e4n italialaisen lottoj\u00e4ttipotin voi nyt voittaa kuka tahansa, mist\u00e4 tahansa - pelaa Superenalotto nettilippua heti\" \/>\n<meta name=\"robots\" content=\"index, follow, max-snippet:-1, max-image-preview:large, max-video-preview:-1\" \/>\n<link rel=\"canonical\" href=\"https:\/\/onlinelotto365.com\/fi\/pelata\/superenalotto\/\" \/>\n<meta property=\"og:locale\" content=\"fi_FI\" \/>\n<meta property=\"og:type\" content=\"article\" \/>\n<meta property=\"og:title\" content=\"Pelaa Superenalotto Italiaa netiss\u00e4 Suomesta k\u00e4sin | N\u00e4in ostat Superenalotto liput netist\u00e4\" \/>\n<meta property=\"og:description\" content=\"T\u00e4m\u00e4n italialaisen lottoj\u00e4ttipotin voi nyt voittaa kuka tahansa, mist\u00e4 tahansa - pelaa Superenalotto nettilippua heti\" \/>\n<meta property=\"og:url\" content=\"https:\/\/onlinelotto365.com\/fi\/pelata\/superenalotto\/\" \/>\n<meta property=\"og:site_name\" content=\"OnlineLotto365\" \/>\n<meta property=\"article:modified_time\" content=\"2022-11-07T07:08:20+00:00\" \/>\n<meta property=\"og:image\" content=\"https:\/\/redfoxlotto.com\/image?size=8&amp;lottery=superenalotto\" \/>\n<meta name=\"twitter:card\" content=\"summary_large_image\" \/>\n<meta name=\"twitter:label1\" content=\"Arvioitu lukuaika\" \/>\n\t<meta name=\"twitter:data1\" content=\"4 minuuttia\" \/>\n<script type=\"application\/ld+json\" class=\"yoast-schema-graph\">{\"@context\":\"https:\/\/schema.org\",\"@graph\":[{\"@type\":\"WebPage\",\"@id\":\"https:\/\/onlinelotto365.com\/fi\/pelata\/superenalotto\/\",\"url\":\"https:\/\/onlinelotto365.com\/fi\/pelata\/superenalotto\/\",\"name\":\"Pelaa Superenalotto Italiaa netiss\u00e4 Suomesta k\u00e4sin | N\u00e4in ostat Superenalotto liput netist\u00e4\",\"isPartOf\":{\"@id\":\"https:\/\/onlinelotto365.com\/fi\/#website\"},\"primaryImageOfPage\":{\"@id\":\"https:\/\/onlinelotto365.com\/fi\/pelata\/superenalotto\/#primaryimage\"},\"image\":{\"@id\":\"https:\/\/onlinelotto365.com\/fi\/pelata\/superenalotto\/#primaryimage\"},\"thumbnailUrl\":\"https:\/\/redfoxlotto.com\/image?size=8&amp;lottery=superenalotto\",\"datePublished\":\"2022-11-07T07:08:07+00:00\",\"dateModified\":\"2022-11-07T07:08:20+00:00\",\"description\":\"T\u00e4m\u00e4n italialaisen lottoj\u00e4ttipotin voi nyt voittaa kuka tahansa, mist\u00e4 tahansa - pelaa Superenalotto nettilippua heti\",\"breadcrumb\":{\"@id\":\"https:\/\/onlinelotto365.com\/fi\/pelata\/superenalotto\/#breadcrumb\"},\"inLanguage\":\"fi\",\"potentialAction\":[{\"@type\":\"ReadAction\",\"target\":[\"https:\/\/onlinelotto365.com\/fi\/pelata\/superenalotto\/\"]}]},{\"@type\":\"ImageObject\",\"inLanguage\":\"fi\",\"@id\":\"https:\/\/onlinelotto365.com\/fi\/pelata\/superenalotto\/#primaryimage\",\"url\":\"https:\/\/redfoxlotto.com\/image?size=8&amp;lottery=superenalotto\",\"contentUrl\":\"https:\/\/redfoxlotto.com\/image?size=8&amp;lottery=superenalotto\"},{\"@type\":\"BreadcrumbList\",\"@id\":\"https:\/\/onlinelotto365.com\/fi\/pelata\/superenalotto\/#breadcrumb\",\"itemListElement\":[{\"@type\":\"ListItem\",\"position\":1,\"name\":\"Home\",\"item\":\"https:\/\/onlinelotto365.com\/fi\/\"},{\"@type\":\"ListItem\",\"position\":2,\"name\":\"Kaikki mit\u00e4 sinun pit\u00e4\u00e4 tiet\u00e4\u00e4 vaihtoehdoistasi pelata parhaita arpapelej\u00e4 netiss\u00e4.\",\"item\":\"https:\/\/onlinelotto365.com\/fi\/pelata\/\"},{\"@type\":\"ListItem\",\"position\":3,\"name\":\"Hanki Superenalotto liput mist\u00e4 tahansa\"}]},{\"@type\":\"WebSite\",\"@id\":\"https:\/\/onlinelotto365.com\/fi\/#website\",\"url\":\"https:\/\/onlinelotto365.com\/fi\/\",\"name\":\"OnlineLotto365\",\"description\":\"\",\"potentialAction\":[{\"@type\":\"SearchAction\",\"target\":{\"@type\":\"EntryPoint\",\"urlTemplate\":\"https:\/\/onlinelotto365.com\/fi\/?s={search_term_string}\"},\"query-input\":{\"@type\":\"PropertyValueSpecification\",\"valueRequired\":true,\"valueName\":\"search_term_string\"}}],\"inLanguage\":\"fi\"}]}<\/script>\n<!-- \/ Yoast SEO plugin. -->","yoast_head_json":{"title":"Pelaa Superenalotto Italiaa netiss\u00e4 Suomesta k\u00e4sin | N\u00e4in ostat Superenalotto liput netist\u00e4","description":"T\u00e4m\u00e4n italialaisen lottoj\u00e4ttipotin voi nyt voittaa kuka tahansa, mist\u00e4 tahansa - pelaa Superenalotto nettilippua heti","robots":{"index":"index","follow":"follow","max-snippet":"max-snippet:-1","max-image-preview":"max-image-preview:large","max-video-preview":"max-video-preview:-1"},"canonical":"https:\/\/onlinelotto365.com\/fi\/pelata\/superenalotto\/","og_locale":"fi_FI","og_type":"article","og_title":"Pelaa Superenalotto Italiaa netiss\u00e4 Suomesta k\u00e4sin | N\u00e4in ostat Superenalotto liput netist\u00e4","og_description":"T\u00e4m\u00e4n italialaisen lottoj\u00e4ttipotin voi nyt voittaa kuka tahansa, mist\u00e4 tahansa - pelaa Superenalotto nettilippua heti","og_url":"https:\/\/onlinelotto365.com\/fi\/pelata\/superenalotto\/","og_site_name":"OnlineLotto365","article_modified_time":"2022-11-07T07:08:20+00:00","og_image":[{"url":"https:\/\/redfoxlotto.com\/image?size=8&amp;lottery=superenalotto"}],"twitter_card":"summary_large_image","twitter_misc":{"Arvioitu lukuaika":"4 minuuttia"},"schema":{"@context":"https:\/\/schema.org","@graph":[{"@type":"WebPage","@id":"https:\/\/onlinelotto365.com\/fi\/pelata\/superenalotto\/","url":"https:\/\/onlinelotto365.com\/fi\/pelata\/superenalotto\/","name":"Pelaa Superenalotto Italiaa netiss\u00e4 Suomesta k\u00e4sin | N\u00e4in ostat Superenalotto liput netist\u00e4","isPartOf":{"@id":"https:\/\/onlinelotto365.com\/fi\/#website"},"primaryImageOfPage":{"@id":"https:\/\/onlinelotto365.com\/fi\/pelata\/superenalotto\/#primaryimage"},"image":{"@id":"https:\/\/onlinelotto365.com\/fi\/pelata\/superenalotto\/#primaryimage"},"thumbnailUrl":"https:\/\/redfoxlotto.com\/image?size=8&amp;lottery=superenalotto","datePublished":"2022-11-07T07:08:07+00:00","dateModified":"2022-11-07T07:08:20+00:00","description":"T\u00e4m\u00e4n italialaisen lottoj\u00e4ttipotin voi nyt voittaa kuka tahansa, mist\u00e4 tahansa - pelaa Superenalotto nettilippua heti","breadcrumb":{"@id":"https:\/\/onlinelotto365.com\/fi\/pelata\/superenalotto\/#breadcrumb"},"inLanguage":"fi","potentialAction":[{"@type":"ReadAction","target":["https:\/\/onlinelotto365.com\/fi\/pelata\/superenalotto\/"]}]},{"@type":"ImageObject","inLanguage":"fi","@id":"https:\/\/onlinelotto365.com\/fi\/pelata\/superenalotto\/#primaryimage","url":"https:\/\/redfoxlotto.com\/image?size=8&amp;lottery=superenalotto","contentUrl":"https:\/\/redfoxlotto.com\/image?size=8&amp;lottery=superenalotto"},{"@type":"BreadcrumbList","@id":"https:\/\/onlinelotto365.com\/fi\/pelata\/superenalotto\/#breadcrumb","itemListElement":[{"@type":"ListItem","position":1,"name":"Home","item":"https:\/\/onlinelotto365.com\/fi\/"},{"@type":"ListItem","position":2,"name":"Kaikki mit\u00e4 sinun pit\u00e4\u00e4 tiet\u00e4\u00e4 vaihtoehdoistasi pelata parhaita arpapelej\u00e4 netiss\u00e4.","item":"https:\/\/onlinelotto365.com\/fi\/pelata\/"},{"@type":"ListItem","position":3,"name":"Hanki Superenalotto liput mist\u00e4 tahansa"}]},{"@type":"WebSite","@id":"https:\/\/onlinelotto365.com\/fi\/#website","url":"https:\/\/onlinelotto365.com\/fi\/","name":"OnlineLotto365","description":"","potentialAction":[{"@type":"SearchAction","target":{"@type":"EntryPoint","urlTemplate":"https:\/\/onlinelotto365.com\/fi\/?s={search_term_string}"},"query-input":{"@type":"PropertyValueSpecification","valueRequired":true,"valueName":"search_term_string"}}],"inLanguage":"fi"}]}},"_links":{"self":[{"href":"https:\/\/onlinelotto365.com\/fi\/wp-json\/wp\/v2\/pages\/79510","targetHints":{"allow":["GET"]}}],"collection":[{"href":"https:\/\/onlinelotto365.com\/fi\/wp-json\/wp\/v2\/pages"}],"about":[{"href":"https:\/\/onlinelotto365.com\/fi\/wp-json\/wp\/v2\/types\/page"}],"author":[{"embeddable":true,"href":"https:\/\/onlinelotto365.com\/fi\/wp-json\/wp\/v2\/users\/1"}],"replies":[{"embeddable":true,"href":"https:\/\/onlinelotto365.com\/fi\/wp-json\/wp\/v2\/comments?post=79510"}],"version-history":[{"count":0,"href":"https:\/\/onlinelotto365.com\/fi\/wp-json\/wp\/v2\/pages\/79510\/revisions"}],"up":[{"embeddable":true,"href":"https:\/\/onlinelotto365.com\/fi\/wp-json\/wp\/v2\/pages\/5016"}],"wp:attachment":[{"href":"https:\/\/onlinelotto365.com\/fi\/wp-json\/wp\/v2\/media?parent=79510"}],"curies":[{"name":"wp","href":"https:\/\/api.w.org\/{rel}","templated":true}]}}