{"id":80067,"date":"2022-11-14T13:47:25","date_gmt":"2022-11-14T12:47:25","guid":{"rendered":"https:\/\/onlinelotto365.com\/?page_id=80067"},"modified":"2022-11-14T13:47:25","modified_gmt":"2022-11-14T12:47:25","slug":"superenalotto","status":"publish","type":"page","link":"https:\/\/onlinelotto365.com\/fi\/voittonumerot\/superenalotto\/","title":{"rendered":"Tarkista Superenalotto voittonumerot t\u00e4\u00e4lt\u00e4"},"content":{"rendered":"<p>Tarjoamme sivustollamme paljon erilaisia kansainv\u00e4lisi\u00e4 lottopelej\u00e4, mutta haluamme varmistaa, ett\u00e4 tulosten l\u00f6yt\u00e4minen ei ole ongelma. Toki voit katsoa tulokset televisiosta, jos olet niin onnekas, ett\u00e4 l\u00f6yd\u00e4t arvonnan tulokset uutisista. Tai voit l\u00f6yt\u00e4\u00e4 ne sanomalehdest\u00e4, jos asut alueella, jossa pelit ovat paikallisia. Mutta sekin voi olla vaikeaa.<br \/>\n<a href=\"https:\/\/redfoxlotto.com\/play\/superenalotto\/?ref=a8564250a2&amp;medium=ol365\" target=\"_blank\" rel=\"noopener noreferrer\"><img decoding=\"async\" class=\"aligncenter\" src=\"https:\/\/redfoxlotto.com\/image?size=8&amp;lottery=superenalotto\" alt=\"superenalotto\" \/><\/a><br \/>\nVoit my\u00f6s tarkistaa Superenaloton verkkosivuilta suoran l\u00e4hetyksen arvontaprosessista, jos sit\u00e4 tarjotaan. T\u00e4m\u00e4 voi olla hauskaa niiss\u00e4 peleiss\u00e4, joissa sit\u00e4 tarjotaan, ja se voi antaa sinulle j\u00e4nnitt\u00e4v\u00e4n hetken seurata, ovatko numerosi ne, jotka ovat voittaneet, mutta kaikki lottopelit eiv\u00e4t itse asiassa tarjoa t\u00e4t\u00e4 mahdollisuutta.<\/p>\n<p>Arvonnan j\u00e4lkeen voit joskus l\u00f6yt\u00e4\u00e4 Superenaloton voittonumeroita ja arvontoja YouTubesta, jos osaat tehd\u00e4 tutkimusta ja tied\u00e4t, mist\u00e4 etsi\u00e4. Mutta se voi vied\u00e4 aikaa.<\/p>\n<p>Paras tapa on yksinkertaisesti menn\u00e4 lottotulossivullemme ja katsoa kaikki numerot kustakin eri lottopelist\u00e4. T\u00e4m\u00e4 sis\u00e4lt\u00e4\u00e4 Superenaloton ja paljon muuta.<\/p>\n<h2>Miten saat selville, onko nettilottosi voittanut?<\/h2>\n<p>Ne, jotka ovat ostaneet Superenalotto-lottolapun sivustoltamme, voivat helposti tarkistaa tililt\u00e4\u00e4n voittonumerot. Se tulee olemaan paljon helpompaa kuin luuletkaan, ja mik\u00e4 parasta, sinun ei tarvitse edes vertailla numeroita.<\/p>\n<p>Me huolehdimme siit\u00e4 puolestasi. Itse asiassa n\u00e4yt\u00e4mme sinulle korostamalla, mitk\u00e4 numerosi vastaavat voittonumeroita. Sitten laitamme kaikki voittamasi rahat 2500 euroon asti suoraan tilillesi. Sinun ei tarvitse huolehtia siit\u00e4, ett\u00e4 lunastat ne tai varmistat, ett\u00e4 tarkistat mit\u00e4\u00e4n. Me teemme kaiken, jotta voit nauttia voitoistasi.<\/p>\n<h2>Superenalotto tulosten arkisto<\/h2>\n<p>Kaikilla sivuillamme, joilla n\u00e4ytet\u00e4\u00e4n Superenaloton voittonumerot, n\u00e4ytet\u00e4\u00e4n my\u00f6s, miten voit palata aiempiin tuloksiin ja tarkistaa aiemmat arvonnat. T\u00e4m\u00e4 voi auttaa sinua valitsemaan oikeat numerot, joita haluat pelata, kun on seuraavan arvonnan aika. Se on yksi suosituimmista tavoista valita numeroita.<\/p>\n<h2>Lottoni on voittanut, mit\u00e4 tapahtuu seuraavaksi?<\/h2>\n<p><img loading=\"lazy\" decoding=\"async\" class=\"alignright size-full wp-image-3634\" src=\"https:\/\/onlinelotto365.com\/wp-content\/uploads\/2020\/11\/online_lottery-136.jpg\" alt=\"superenalotto voittonumerot\" width=\"297\" height=\"101\" \/><br \/>\nKaikki alle 2500 euron palkinnot siirret\u00e4\u00e4n v\u00e4litt\u00f6m\u00e4sti pelitilillesi. N\u00e4in voit nostaa sen (mink\u00e4 tahansa yli 10 \u20ac:n summan) tai voit k\u00e4ytt\u00e4\u00e4 sen uusien lippujen ostamiseen. Muista vain, ett\u00e4 voit nostaa varat luotto- tai pankkikortille tai pankkitilille. Riippumatta siit\u00e4, mill\u00e4 tilill\u00e4 haluat nostaa rahaa, sinun on jo oltava k\u00e4ytt\u00e4nyt sit\u00e4 my\u00f6s rahan tallettamiseen. N\u00e4in autamme suojaamaan sinua ja noudatamme muun muassa rahanpesun vastaisia s\u00e4\u00e4nn\u00f6ksi\u00e4.<\/p>\n","protected":false},"excerpt":{"rendered":"<p>Tarjoamme sivustollamme paljon erilaisia kansainv\u00e4lisi\u00e4 lottopelej\u00e4, mutta haluamme varmistaa, ett\u00e4 tulosten l\u00f6yt\u00e4minen ei ole ongelma. Toki voit katsoa tulokset televisiosta, jos olet niin onnekas, ett\u00e4 l\u00f6yd\u00e4t arvonnan tulokset uutisista. Tai voit l\u00f6yt\u00e4\u00e4 ne sanomalehdest\u00e4, jos asut alueella, jossa pelit ovat paikallisia. Mutta sekin voi olla vaikeaa. Voit my\u00f6s tarkistaa Superenaloton verkkosivuilta suoran l\u00e4hetyksen arvontaprosessista, jos [&hellip;]<\/p>\n","protected":false},"author":1,"featured_media":0,"parent":58289,"menu_order":5,"comment_status":"closed","ping_status":"closed","template":"superenalotto-results.php","meta":{"_et_pb_use_builder":"","_et_pb_old_content":"","_et_gb_content_width":"","exclude_from_search":false,"footnotes":""},"class_list":["post-80067","page","type-page","status-publish","hentry"],"yoast_head":"<!-- This site is optimized with the Yoast SEO plugin v23.4 - https:\/\/yoast.com\/wordpress\/plugins\/seo\/ -->\n<title>Viimeisimm\u00e4t voittonumerot Superenalotto<\/title>\n<meta name=\"description\" content=\"Haluatko tiet\u00e4\u00e4 voittonumerot Superenalotto? L\u00f6yd\u00e4 tulokset ja muuta t\u00e4\u00e4lt\u00e4!\" \/>\n<meta name=\"robots\" content=\"index, follow, max-snippet:-1, max-image-preview:large, max-video-preview:-1\" \/>\n<link rel=\"canonical\" href=\"https:\/\/onlinelotto365.com\/fi\/voittonumerot\/superenalotto\/\" \/>\n<meta property=\"og:locale\" content=\"fi_FI\" \/>\n<meta property=\"og:type\" content=\"article\" \/>\n<meta property=\"og:title\" content=\"Viimeisimm\u00e4t voittonumerot Superenalotto\" \/>\n<meta property=\"og:description\" content=\"Haluatko tiet\u00e4\u00e4 voittonumerot Superenalotto? L\u00f6yd\u00e4 tulokset ja muuta t\u00e4\u00e4lt\u00e4!\" \/>\n<meta property=\"og:url\" content=\"https:\/\/onlinelotto365.com\/fi\/voittonumerot\/superenalotto\/\" \/>\n<meta property=\"og:site_name\" content=\"OnlineLotto365\" \/>\n<meta property=\"og:image\" content=\"https:\/\/redfoxlotto.com\/image?size=8&amp;lottery=superenalotto\" \/>\n<meta name=\"twitter:card\" content=\"summary_large_image\" \/>\n<meta name=\"twitter:label1\" content=\"Arvioitu lukuaika\" \/>\n\t<meta name=\"twitter:data1\" content=\"2 minuuttia\" \/>\n<script type=\"application\/ld+json\" class=\"yoast-schema-graph\">{\"@context\":\"https:\/\/schema.org\",\"@graph\":[{\"@type\":\"WebPage\",\"@id\":\"https:\/\/onlinelotto365.com\/fi\/voittonumerot\/superenalotto\/\",\"url\":\"https:\/\/onlinelotto365.com\/fi\/voittonumerot\/superenalotto\/\",\"name\":\"Viimeisimm\u00e4t voittonumerot Superenalotto\",\"isPartOf\":{\"@id\":\"https:\/\/onlinelotto365.com\/fi\/#website\"},\"primaryImageOfPage\":{\"@id\":\"https:\/\/onlinelotto365.com\/fi\/voittonumerot\/superenalotto\/#primaryimage\"},\"image\":{\"@id\":\"https:\/\/onlinelotto365.com\/fi\/voittonumerot\/superenalotto\/#primaryimage\"},\"thumbnailUrl\":\"https:\/\/redfoxlotto.com\/image?size=8&amp;lottery=superenalotto\",\"datePublished\":\"2022-11-14T12:47:25+00:00\",\"dateModified\":\"2022-11-14T12:47:25+00:00\",\"description\":\"Haluatko tiet\u00e4\u00e4 voittonumerot Superenalotto? L\u00f6yd\u00e4 tulokset ja muuta t\u00e4\u00e4lt\u00e4!\",\"breadcrumb\":{\"@id\":\"https:\/\/onlinelotto365.com\/fi\/voittonumerot\/superenalotto\/#breadcrumb\"},\"inLanguage\":\"fi\",\"potentialAction\":[{\"@type\":\"ReadAction\",\"target\":[\"https:\/\/onlinelotto365.com\/fi\/voittonumerot\/superenalotto\/\"]}]},{\"@type\":\"ImageObject\",\"inLanguage\":\"fi\",\"@id\":\"https:\/\/onlinelotto365.com\/fi\/voittonumerot\/superenalotto\/#primaryimage\",\"url\":\"https:\/\/redfoxlotto.com\/image?size=8&amp;lottery=superenalotto\",\"contentUrl\":\"https:\/\/redfoxlotto.com\/image?size=8&amp;lottery=superenalotto\"},{\"@type\":\"BreadcrumbList\",\"@id\":\"https:\/\/onlinelotto365.com\/fi\/voittonumerot\/superenalotto\/#breadcrumb\",\"itemListElement\":[{\"@type\":\"ListItem\",\"position\":1,\"name\":\"Home\",\"item\":\"https:\/\/onlinelotto365.com\/fi\/\"},{\"@type\":\"ListItem\",\"position\":2,\"name\":\"L\u00f6yd\u00e4 voittonumerot ja tulokset uusimmista lottoarpajaisista\",\"item\":\"https:\/\/onlinelotto365.com\/fi\/voittonumerot\/\"},{\"@type\":\"ListItem\",\"position\":3,\"name\":\"Tarkista Superenalotto voittonumerot t\u00e4\u00e4lt\u00e4\"}]},{\"@type\":\"WebSite\",\"@id\":\"https:\/\/onlinelotto365.com\/fi\/#website\",\"url\":\"https:\/\/onlinelotto365.com\/fi\/\",\"name\":\"OnlineLotto365\",\"description\":\"\",\"potentialAction\":[{\"@type\":\"SearchAction\",\"target\":{\"@type\":\"EntryPoint\",\"urlTemplate\":\"https:\/\/onlinelotto365.com\/fi\/?s={search_term_string}\"},\"query-input\":{\"@type\":\"PropertyValueSpecification\",\"valueRequired\":true,\"valueName\":\"search_term_string\"}}],\"inLanguage\":\"fi\"}]}<\/script>\n<!-- \/ Yoast SEO plugin. -->","yoast_head_json":{"title":"Viimeisimm\u00e4t voittonumerot Superenalotto","description":"Haluatko tiet\u00e4\u00e4 voittonumerot Superenalotto? L\u00f6yd\u00e4 tulokset ja muuta t\u00e4\u00e4lt\u00e4!","robots":{"index":"index","follow":"follow","max-snippet":"max-snippet:-1","max-image-preview":"max-image-preview:large","max-video-preview":"max-video-preview:-1"},"canonical":"https:\/\/onlinelotto365.com\/fi\/voittonumerot\/superenalotto\/","og_locale":"fi_FI","og_type":"article","og_title":"Viimeisimm\u00e4t voittonumerot Superenalotto","og_description":"Haluatko tiet\u00e4\u00e4 voittonumerot Superenalotto? L\u00f6yd\u00e4 tulokset ja muuta t\u00e4\u00e4lt\u00e4!","og_url":"https:\/\/onlinelotto365.com\/fi\/voittonumerot\/superenalotto\/","og_site_name":"OnlineLotto365","og_image":[{"url":"https:\/\/redfoxlotto.com\/image?size=8&amp;lottery=superenalotto"}],"twitter_card":"summary_large_image","twitter_misc":{"Arvioitu lukuaika":"2 minuuttia"},"schema":{"@context":"https:\/\/schema.org","@graph":[{"@type":"WebPage","@id":"https:\/\/onlinelotto365.com\/fi\/voittonumerot\/superenalotto\/","url":"https:\/\/onlinelotto365.com\/fi\/voittonumerot\/superenalotto\/","name":"Viimeisimm\u00e4t voittonumerot Superenalotto","isPartOf":{"@id":"https:\/\/onlinelotto365.com\/fi\/#website"},"primaryImageOfPage":{"@id":"https:\/\/onlinelotto365.com\/fi\/voittonumerot\/superenalotto\/#primaryimage"},"image":{"@id":"https:\/\/onlinelotto365.com\/fi\/voittonumerot\/superenalotto\/#primaryimage"},"thumbnailUrl":"https:\/\/redfoxlotto.com\/image?size=8&amp;lottery=superenalotto","datePublished":"2022-11-14T12:47:25+00:00","dateModified":"2022-11-14T12:47:25+00:00","description":"Haluatko tiet\u00e4\u00e4 voittonumerot Superenalotto? L\u00f6yd\u00e4 tulokset ja muuta t\u00e4\u00e4lt\u00e4!","breadcrumb":{"@id":"https:\/\/onlinelotto365.com\/fi\/voittonumerot\/superenalotto\/#breadcrumb"},"inLanguage":"fi","potentialAction":[{"@type":"ReadAction","target":["https:\/\/onlinelotto365.com\/fi\/voittonumerot\/superenalotto\/"]}]},{"@type":"ImageObject","inLanguage":"fi","@id":"https:\/\/onlinelotto365.com\/fi\/voittonumerot\/superenalotto\/#primaryimage","url":"https:\/\/redfoxlotto.com\/image?size=8&amp;lottery=superenalotto","contentUrl":"https:\/\/redfoxlotto.com\/image?size=8&amp;lottery=superenalotto"},{"@type":"BreadcrumbList","@id":"https:\/\/onlinelotto365.com\/fi\/voittonumerot\/superenalotto\/#breadcrumb","itemListElement":[{"@type":"ListItem","position":1,"name":"Home","item":"https:\/\/onlinelotto365.com\/fi\/"},{"@type":"ListItem","position":2,"name":"L\u00f6yd\u00e4 voittonumerot ja tulokset uusimmista lottoarpajaisista","item":"https:\/\/onlinelotto365.com\/fi\/voittonumerot\/"},{"@type":"ListItem","position":3,"name":"Tarkista Superenalotto voittonumerot t\u00e4\u00e4lt\u00e4"}]},{"@type":"WebSite","@id":"https:\/\/onlinelotto365.com\/fi\/#website","url":"https:\/\/onlinelotto365.com\/fi\/","name":"OnlineLotto365","description":"","potentialAction":[{"@type":"SearchAction","target":{"@type":"EntryPoint","urlTemplate":"https:\/\/onlinelotto365.com\/fi\/?s={search_term_string}"},"query-input":{"@type":"PropertyValueSpecification","valueRequired":true,"valueName":"search_term_string"}}],"inLanguage":"fi"}]}},"_links":{"self":[{"href":"https:\/\/onlinelotto365.com\/fi\/wp-json\/wp\/v2\/pages\/80067","targetHints":{"allow":["GET"]}}],"collection":[{"href":"https:\/\/onlinelotto365.com\/fi\/wp-json\/wp\/v2\/pages"}],"about":[{"href":"https:\/\/onlinelotto365.com\/fi\/wp-json\/wp\/v2\/types\/page"}],"author":[{"embeddable":true,"href":"https:\/\/onlinelotto365.com\/fi\/wp-json\/wp\/v2\/users\/1"}],"replies":[{"embeddable":true,"href":"https:\/\/onlinelotto365.com\/fi\/wp-json\/wp\/v2\/comments?post=80067"}],"version-history":[{"count":0,"href":"https:\/\/onlinelotto365.com\/fi\/wp-json\/wp\/v2\/pages\/80067\/revisions"}],"up":[{"embeddable":true,"href":"https:\/\/onlinelotto365.com\/fi\/wp-json\/wp\/v2\/pages\/58289"}],"wp:attachment":[{"href":"https:\/\/onlinelotto365.com\/fi\/wp-json\/wp\/v2\/media?parent=80067"}],"curies":[{"name":"wp","href":"https:\/\/api.w.org\/{rel}","templated":true}]}}