{"id":80099,"date":"2022-11-14T14:37:41","date_gmt":"2022-11-14T13:37:41","guid":{"rendered":"https:\/\/onlinelotto365.com\/?page_id=80099"},"modified":"2022-11-14T14:37:41","modified_gmt":"2022-11-14T13:37:41","slug":"euromillions","status":"publish","type":"page","link":"https:\/\/onlinelotto365.com\/fi\/voittonumerot\/euromillions\/","title":{"rendered":"Katso Euromillionsin voittonumerot"},"content":{"rendered":"<p>Tied\u00e4mme, ett\u00e4 verkkosivustollamme on saatavilla paljon kansainv\u00e4lisi\u00e4 arpajaispelej\u00e4, ja se voi olla sinulle hieman h\u00e4mment\u00e4v\u00e4\u00e4. Mutta sen ei tarvitse olla niin h\u00e4mment\u00e4v\u00e4\u00e4 kuin luulet. Eik\u00e4 sen tarvitse my\u00f6sk\u00e4\u00e4n olla sinulle niin vaikeaa l\u00f6yt\u00e4\u00e4 haluamasi pelin voittonumeroita. Mutta ehk\u00e4 olet ajatellut tarkistaa muualta. Sanomalehti ja televisio ovat pari vaihtoehtoa, mutta jos et ole paikallinen, voi olla vaikeaa l\u00f6yt\u00e4\u00e4 tuloksia kummastakaan n\u00e4ist\u00e4 paikoista.<br \/>\n<a href=\"https:\/\/redfoxlotto.com\/play\/euromillions\/?ref=a8564250a2&amp;medium=ol365\" target=\"_blank\" rel=\"noopener noreferrer\"><img decoding=\"async\" class=\"aligncenter\" src=\"https:\/\/redfoxlotto.com\/image?size=8&amp;lottery=euromillions\" alt=\"euromillions\" \/><\/a><\/p>\n<p>Voit my\u00f6s halutessasi menn\u00e4 EuroMillions-arpajaisten viralliselle verkkosivustolle. T\u00e4m\u00e4 on yksi parhaista paikoista saada tulokset, koska ne ovat saatavilla faktoina ja voit ehk\u00e4 jopa katsoa suoraa l\u00e4hetyst\u00e4 arvonnasta. Voi olla hauskaa ja j\u00e4nnitt\u00e4v\u00e4\u00e4 katsoa arvonta suorana, varsinkin jos sin\u00e4 olet se, joka voittaa ja p\u00e4\u00e4set seuraamaan numeroiden tuloa. Se voi kuitenkin vied\u00e4 paljon aikaa, eik\u00e4 kaikkia lottopelej\u00e4 oikeasti suoratoisteta.<\/p>\n<p>Kun arvonta on suoritettu, toinen vaihtoehto on katsoa YouTubesta, josko saisit videon arvonnasta tai jonkun toisen henkil\u00f6n paljastamasta numeroista j\u00e4lkik\u00e4teen.<\/p>\n<p>Paras tapa saada voittonumerot on kuitenkin tarkistaa tulokset verkkosivuiltamme. Kaikki on saatavilla lottotulossivullamme, joka n\u00e4ytt\u00e4\u00e4 sinulle voittonumerot kaikista lottopeleist\u00e4, joita voit ostaa verkkosivustoltamme.<\/p>\n<h2>N\u00e4in saat selville, onko nettilottosi voittanut<\/h2>\n<p>Viel\u00e4 parempaa on se, ett\u00e4 jos olet todella ostanut arvan t\u00e4h\u00e4n peliin, sinun ei tarvitse edes huolehtia tulossivulle menemisest\u00e4. Voit vain siirty\u00e4 suoraan tilillesi ja sivulle, jossa lippusi ovat.<\/p>\n<p>Sielt\u00e4 n\u00e4et voittonumerot ja numeroiden vertailun. Ja me korostamme numerot, jotka t\u00e4sm\u00e4\u00e4v\u00e4t, jotta et missaa niit\u00e4. Lis\u00e4ksi huolehdimme siit\u00e4, ett\u00e4 saat numeroiden voittosi, jos sinulla on alle 2500 euron voittoja. Jos se on yli, sinun tarvitsee vain t\u00e4ytt\u00e4\u00e4 lomake, ja me autamme sinua silti saamaan kaiken hoidettua.<\/p>\n<h2>EuroMillions-tulosten arkisto<\/h2>\n<p>Meill\u00e4 on useita alueita, joissa voit n\u00e4hd\u00e4 EuroMillionsin viimeisimm\u00e4t voittonumerot ja muiden pelien tulokset, mutta meill\u00e4 on my\u00f6s vaihtoehtoja vanhojen voittonumeroiden tarkistamiseen. Jos haluat varmistaa, ett\u00e4 valitset oikeat numerot nettipeliin, vanhojen pelien tarkastelu voi olla hyv\u00e4 tapa tehd\u00e4 valinta.<\/p>\n<h2>Lippuni on voittanut, mit\u00e4 tapahtuu seuraavaksi?<\/h2>\n<p><img loading=\"lazy\" decoding=\"async\" class=\"alignright wp-image-3645\" src=\"https:\/\/onlinelotto365.com\/wp-content\/uploads\/2020\/11\/online_lottery-129-300x300.jpg\" alt=\"Euromillions voittonumerot\" width=\"210\" height=\"210\" srcset=\"https:\/\/onlinelotto365.com\/wp-content\/uploads\/2020\/11\/online_lottery-129-300x300.jpg 300w, https:\/\/onlinelotto365.com\/wp-content\/uploads\/2020\/11\/online_lottery-129-100x100.jpg 100w, https:\/\/onlinelotto365.com\/wp-content\/uploads\/2020\/11\/online_lottery-129-150x150.jpg 150w, https:\/\/onlinelotto365.com\/wp-content\/uploads\/2020\/11\/online_lottery-129.jpg 320w\" sizes=\"auto, (max-width: 210px) 100vw, 210px\" \/><br \/>\nOlemme jo maininneet, ett\u00e4 asiakaspalvelutiimimme siirt\u00e4\u00e4 kaikki voittamasi alle 2500 euron suuruiset palkinnot tilillesi puolestasi. Kun rahat ovat tilill\u00e4si, voit nostaa ne, k\u00e4ytt\u00e4\u00e4 ne tai tehd\u00e4 mit\u00e4 tahansa muuta haluat. N\u00e4in sinun on helppo jatkaa pelaamista tai k\u00e4ytt\u00e4\u00e4 rahojasi mihin vain haluat.<br \/>\nSen lis\u00e4ksi voit nostaa rahat milt\u00e4 tahansa tililt\u00e4, jota olet jo k\u00e4ytt\u00e4nyt ostamiseen tai tallettaa lis\u00e4\u00e4 rahaa tilillesi. T\u00e4m\u00e4 sis\u00e4lt\u00e4\u00e4 pankkitilit, luottokortit ja paljon muuta.<\/p>\n","protected":false},"excerpt":{"rendered":"<p>Tied\u00e4mme, ett\u00e4 verkkosivustollamme on saatavilla paljon kansainv\u00e4lisi\u00e4 arpajaispelej\u00e4, ja se voi olla sinulle hieman h\u00e4mment\u00e4v\u00e4\u00e4. Mutta sen ei tarvitse olla niin h\u00e4mment\u00e4v\u00e4\u00e4 kuin luulet. Eik\u00e4 sen tarvitse my\u00f6sk\u00e4\u00e4n olla sinulle niin vaikeaa l\u00f6yt\u00e4\u00e4 haluamasi pelin voittonumeroita. Mutta ehk\u00e4 olet ajatellut tarkistaa muualta. Sanomalehti ja televisio ovat pari vaihtoehtoa, mutta jos et ole paikallinen, voi olla [&hellip;]<\/p>\n","protected":false},"author":1,"featured_media":0,"parent":58289,"menu_order":3,"comment_status":"closed","ping_status":"closed","template":"euromillions-results.php","meta":{"_et_pb_use_builder":"","_et_pb_old_content":"","_et_gb_content_width":"","exclude_from_search":false,"footnotes":""},"class_list":["post-80099","page","type-page","status-publish","hentry"],"yoast_head":"<!-- This site is optimized with the Yoast SEO plugin v23.4 - https:\/\/yoast.com\/wordpress\/plugins\/seo\/ -->\n<title>Voittonumerot Euromillions | Katso Euromillionsin viimeisimm\u00e4t palkinnot ja tulokset.<\/title>\n<meta name=\"description\" content=\"Vertaa Euromillions-arpaasi voittonumeroihin - katso kaikki lottotulokset t\u00e4\u00e4lt\u00e4 osoitteesta\" \/>\n<meta name=\"robots\" content=\"index, follow, max-snippet:-1, max-image-preview:large, max-video-preview:-1\" \/>\n<link rel=\"canonical\" href=\"https:\/\/onlinelotto365.com\/fi\/voittonumerot\/euromillions\/\" \/>\n<meta property=\"og:locale\" content=\"fi_FI\" \/>\n<meta property=\"og:type\" content=\"article\" \/>\n<meta property=\"og:title\" content=\"Voittonumerot Euromillions | Katso Euromillionsin viimeisimm\u00e4t palkinnot ja tulokset.\" \/>\n<meta property=\"og:description\" content=\"Vertaa Euromillions-arpaasi voittonumeroihin - katso kaikki lottotulokset t\u00e4\u00e4lt\u00e4 osoitteesta\" \/>\n<meta property=\"og:url\" content=\"https:\/\/onlinelotto365.com\/fi\/voittonumerot\/euromillions\/\" \/>\n<meta property=\"og:site_name\" content=\"OnlineLotto365\" \/>\n<meta property=\"og:image\" content=\"https:\/\/redfoxlotto.com\/image?size=8&amp;lottery=euromillions\" \/>\n<meta name=\"twitter:card\" content=\"summary_large_image\" \/>\n<meta name=\"twitter:label1\" content=\"Arvioitu lukuaika\" \/>\n\t<meta name=\"twitter:data1\" content=\"2 minuuttia\" \/>\n<script type=\"application\/ld+json\" class=\"yoast-schema-graph\">{\"@context\":\"https:\/\/schema.org\",\"@graph\":[{\"@type\":\"WebPage\",\"@id\":\"https:\/\/onlinelotto365.com\/fi\/voittonumerot\/euromillions\/\",\"url\":\"https:\/\/onlinelotto365.com\/fi\/voittonumerot\/euromillions\/\",\"name\":\"Voittonumerot Euromillions | Katso Euromillionsin viimeisimm\u00e4t palkinnot ja tulokset.\",\"isPartOf\":{\"@id\":\"https:\/\/onlinelotto365.com\/fi\/#website\"},\"primaryImageOfPage\":{\"@id\":\"https:\/\/onlinelotto365.com\/fi\/voittonumerot\/euromillions\/#primaryimage\"},\"image\":{\"@id\":\"https:\/\/onlinelotto365.com\/fi\/voittonumerot\/euromillions\/#primaryimage\"},\"thumbnailUrl\":\"https:\/\/redfoxlotto.com\/image?size=8&amp;lottery=euromillions\",\"datePublished\":\"2022-11-14T13:37:41+00:00\",\"dateModified\":\"2022-11-14T13:37:41+00:00\",\"description\":\"Vertaa Euromillions-arpaasi voittonumeroihin - katso kaikki lottotulokset t\u00e4\u00e4lt\u00e4 osoitteesta\",\"breadcrumb\":{\"@id\":\"https:\/\/onlinelotto365.com\/fi\/voittonumerot\/euromillions\/#breadcrumb\"},\"inLanguage\":\"fi\",\"potentialAction\":[{\"@type\":\"ReadAction\",\"target\":[\"https:\/\/onlinelotto365.com\/fi\/voittonumerot\/euromillions\/\"]}]},{\"@type\":\"ImageObject\",\"inLanguage\":\"fi\",\"@id\":\"https:\/\/onlinelotto365.com\/fi\/voittonumerot\/euromillions\/#primaryimage\",\"url\":\"https:\/\/redfoxlotto.com\/image?size=8&amp;lottery=euromillions\",\"contentUrl\":\"https:\/\/redfoxlotto.com\/image?size=8&amp;lottery=euromillions\"},{\"@type\":\"BreadcrumbList\",\"@id\":\"https:\/\/onlinelotto365.com\/fi\/voittonumerot\/euromillions\/#breadcrumb\",\"itemListElement\":[{\"@type\":\"ListItem\",\"position\":1,\"name\":\"Home\",\"item\":\"https:\/\/onlinelotto365.com\/fi\/\"},{\"@type\":\"ListItem\",\"position\":2,\"name\":\"L\u00f6yd\u00e4 voittonumerot ja tulokset uusimmista lottoarpajaisista\",\"item\":\"https:\/\/onlinelotto365.com\/fi\/voittonumerot\/\"},{\"@type\":\"ListItem\",\"position\":3,\"name\":\"Katso Euromillionsin voittonumerot\"}]},{\"@type\":\"WebSite\",\"@id\":\"https:\/\/onlinelotto365.com\/fi\/#website\",\"url\":\"https:\/\/onlinelotto365.com\/fi\/\",\"name\":\"OnlineLotto365\",\"description\":\"\",\"potentialAction\":[{\"@type\":\"SearchAction\",\"target\":{\"@type\":\"EntryPoint\",\"urlTemplate\":\"https:\/\/onlinelotto365.com\/fi\/?s={search_term_string}\"},\"query-input\":{\"@type\":\"PropertyValueSpecification\",\"valueRequired\":true,\"valueName\":\"search_term_string\"}}],\"inLanguage\":\"fi\"}]}<\/script>\n<!-- \/ Yoast SEO plugin. -->","yoast_head_json":{"title":"Voittonumerot Euromillions | Katso Euromillionsin viimeisimm\u00e4t palkinnot ja tulokset.","description":"Vertaa Euromillions-arpaasi voittonumeroihin - katso kaikki lottotulokset t\u00e4\u00e4lt\u00e4 osoitteesta","robots":{"index":"index","follow":"follow","max-snippet":"max-snippet:-1","max-image-preview":"max-image-preview:large","max-video-preview":"max-video-preview:-1"},"canonical":"https:\/\/onlinelotto365.com\/fi\/voittonumerot\/euromillions\/","og_locale":"fi_FI","og_type":"article","og_title":"Voittonumerot Euromillions | Katso Euromillionsin viimeisimm\u00e4t palkinnot ja tulokset.","og_description":"Vertaa Euromillions-arpaasi voittonumeroihin - katso kaikki lottotulokset t\u00e4\u00e4lt\u00e4 osoitteesta","og_url":"https:\/\/onlinelotto365.com\/fi\/voittonumerot\/euromillions\/","og_site_name":"OnlineLotto365","og_image":[{"url":"https:\/\/redfoxlotto.com\/image?size=8&amp;lottery=euromillions"}],"twitter_card":"summary_large_image","twitter_misc":{"Arvioitu lukuaika":"2 minuuttia"},"schema":{"@context":"https:\/\/schema.org","@graph":[{"@type":"WebPage","@id":"https:\/\/onlinelotto365.com\/fi\/voittonumerot\/euromillions\/","url":"https:\/\/onlinelotto365.com\/fi\/voittonumerot\/euromillions\/","name":"Voittonumerot Euromillions | Katso Euromillionsin viimeisimm\u00e4t palkinnot ja tulokset.","isPartOf":{"@id":"https:\/\/onlinelotto365.com\/fi\/#website"},"primaryImageOfPage":{"@id":"https:\/\/onlinelotto365.com\/fi\/voittonumerot\/euromillions\/#primaryimage"},"image":{"@id":"https:\/\/onlinelotto365.com\/fi\/voittonumerot\/euromillions\/#primaryimage"},"thumbnailUrl":"https:\/\/redfoxlotto.com\/image?size=8&amp;lottery=euromillions","datePublished":"2022-11-14T13:37:41+00:00","dateModified":"2022-11-14T13:37:41+00:00","description":"Vertaa Euromillions-arpaasi voittonumeroihin - katso kaikki lottotulokset t\u00e4\u00e4lt\u00e4 osoitteesta","breadcrumb":{"@id":"https:\/\/onlinelotto365.com\/fi\/voittonumerot\/euromillions\/#breadcrumb"},"inLanguage":"fi","potentialAction":[{"@type":"ReadAction","target":["https:\/\/onlinelotto365.com\/fi\/voittonumerot\/euromillions\/"]}]},{"@type":"ImageObject","inLanguage":"fi","@id":"https:\/\/onlinelotto365.com\/fi\/voittonumerot\/euromillions\/#primaryimage","url":"https:\/\/redfoxlotto.com\/image?size=8&amp;lottery=euromillions","contentUrl":"https:\/\/redfoxlotto.com\/image?size=8&amp;lottery=euromillions"},{"@type":"BreadcrumbList","@id":"https:\/\/onlinelotto365.com\/fi\/voittonumerot\/euromillions\/#breadcrumb","itemListElement":[{"@type":"ListItem","position":1,"name":"Home","item":"https:\/\/onlinelotto365.com\/fi\/"},{"@type":"ListItem","position":2,"name":"L\u00f6yd\u00e4 voittonumerot ja tulokset uusimmista lottoarpajaisista","item":"https:\/\/onlinelotto365.com\/fi\/voittonumerot\/"},{"@type":"ListItem","position":3,"name":"Katso Euromillionsin voittonumerot"}]},{"@type":"WebSite","@id":"https:\/\/onlinelotto365.com\/fi\/#website","url":"https:\/\/onlinelotto365.com\/fi\/","name":"OnlineLotto365","description":"","potentialAction":[{"@type":"SearchAction","target":{"@type":"EntryPoint","urlTemplate":"https:\/\/onlinelotto365.com\/fi\/?s={search_term_string}"},"query-input":{"@type":"PropertyValueSpecification","valueRequired":true,"valueName":"search_term_string"}}],"inLanguage":"fi"}]}},"_links":{"self":[{"href":"https:\/\/onlinelotto365.com\/fi\/wp-json\/wp\/v2\/pages\/80099","targetHints":{"allow":["GET"]}}],"collection":[{"href":"https:\/\/onlinelotto365.com\/fi\/wp-json\/wp\/v2\/pages"}],"about":[{"href":"https:\/\/onlinelotto365.com\/fi\/wp-json\/wp\/v2\/types\/page"}],"author":[{"embeddable":true,"href":"https:\/\/onlinelotto365.com\/fi\/wp-json\/wp\/v2\/users\/1"}],"replies":[{"embeddable":true,"href":"https:\/\/onlinelotto365.com\/fi\/wp-json\/wp\/v2\/comments?post=80099"}],"version-history":[{"count":0,"href":"https:\/\/onlinelotto365.com\/fi\/wp-json\/wp\/v2\/pages\/80099\/revisions"}],"up":[{"embeddable":true,"href":"https:\/\/onlinelotto365.com\/fi\/wp-json\/wp\/v2\/pages\/58289"}],"wp:attachment":[{"href":"https:\/\/onlinelotto365.com\/fi\/wp-json\/wp\/v2\/media?parent=80099"}],"curies":[{"name":"wp","href":"https:\/\/api.w.org\/{rel}","templated":true}]}}