{"id":80131,"date":"2022-11-15T07:25:04","date_gmt":"2022-11-15T06:25:04","guid":{"rendered":"https:\/\/onlinelotto365.com\/?page_id=80131"},"modified":"2022-11-15T07:25:04","modified_gmt":"2022-11-15T06:25:04","slug":"mega-millions","status":"publish","type":"page","link":"https:\/\/onlinelotto365.com\/fi\/voittonumerot\/mega-millions\/","title":{"rendered":"Tarkista Mega Millionsin voittonumerot t\u00e4\u00e4lt\u00e4"},"content":{"rendered":"<p>K\u00f5ikide rahvusvaheliste loteriide puhul, mida saate meie veebisaidil m\u00e4ngida, v\u00f5ib v\u00f5idunumbrite ja tulemuste saamine olla probleemiks. T\u00f5en\u00e4oliselt ei leia sa Mega Millions&#8217;i v\u00f5idunumbreid oma ajalehest. Sa v\u00f5id otsida teile k\u00e4ttesaadavat telekanalit, mis lisab loosimise tulemused oma uudistesse, kuid see n\u00f5uab m\u00f5ningast uurimist\u00f6\u00f6d.<br \/>\n<a href=\"https:\/\/redfoxlotto.com\/play\/mega-millions\/?ref=a8564250a2&amp;medium=ol365\" target=\"_blank\" rel=\"noopener noreferrer\"><img decoding=\"async\" class=\"aligncenter\" src=\"https:\/\/redfoxlotto.com\/image?size=8&amp;lottery=mega-millions\" alt=\"Mega Millions\" \/><\/a><br \/>\n\u00dcks v\u00f5imalus oleks kontrollida, kas ametlik Mega Millions loterii veebisait edastab loosimisprotseduuri otse\u00fclekannet. Numbrite loosimise n\u00e4gemine otse\u00fclekandes on muidugi v\u00e4ga p\u00f5nev. See oleks ka kiireim viis teada saada, kas teie numbrid on v\u00f5itnud. Kuid enamik loteriid ei paku loosimise reaalajas otse\u00fclekannet.<\/p>\n<p>Kui loosimine on juba toimunud sel ajal, kui soovite kontrollida v\u00f5idunumbreid, v\u00f5ite minna Youtube&#8217;i ja otsida videot, mis n\u00e4itab viimast Mega Millions&#8217;i loosimist.<\/p>\n<p>Kuid v\u00e4ga mugav meetod v\u00f5itnud numbrite, samuti Mega Millions&#8217;i tulemuste ja auhindade kontrollimiseks on meie enda loterii tulemuste lehek\u00fclg. \u00dchelt lehek\u00fcljelt leiad k\u00f5igi meie pakutavate loteriide v\u00f5idunumbrid.<\/p>\n<h2>Kuidas teada saada, kas teie veebipilet on v\u00f5itnud<\/h2>\n<p>Ja see muutub veelgi paremaks! Kui olete ostnud Mega Millions&#8217;i pileti meie veebisaidilt, saate vaadata oma kontot (muidugi peate k\u00f5igepealt sisse logima) ja sektsiooni, kus teie piletid on salvestatud. Iga m\u00e4ngitud loterii puhul kuvatakse v\u00f5idunumbrid otse sinu valitud numbrite k\u00f5rval. K\u00f5ik teie pileti numbrid, mis vastavad loosimise tulemustele, on samuti v\u00e4rviliselt t\u00e4histatud. Kui teate, mitu numbrit olete \u00f5igesti valinud, saate kontrollida, kui palju olete v\u00f5itnud. Samuti pea meeles, et k\u00f5ik alla 2500 euro suurused v\u00f5idud kantakse sinu m\u00e4ngijakontole kohe, kui loterii on kinnitanud ametlikud tulemused.<\/p>\n<h2>Mega Millions tulemuste arhiiv<\/h2>\n<p>Meie veebisaidi lehek\u00fclgedel, mis n\u00e4itavad viimaseid Mega Millions&#8217;i tulemusi, on v\u00f5imalik kontrollida ka eelmiste loosimiste tulemusi. Seda kasutavad paljud m\u00e4ngijad, et kontrollida, millised numbrid on viimasel ajal v\u00e4lja loositud v\u00f5i milliseid numbreid ei ole varem v\u00e4lja loositud. See on v\u00e4ga populaarne loteriistrateegia, et kasutada seda teavet oma j\u00e4rgmise pileti numbrite valimisel.<\/p>\n<h2>Minu pilet on v\u00f5itnud, mis saab edasi?<\/h2>\n<p>Nagu me juba mainisime, kantakse alla 2500 euro suurused v\u00f5idud otse teie kliendikontole meie veebisaidil. Sealt saad kogu summa v\u00f5i osa sellest v\u00e4lja v\u00f5tta, kui su saldo on v\u00e4hemalt 10 eurot. V\u00f5i saate osa sellest kasutada uute piletite ostmiseks. Kui otsustate raha v\u00e4lja v\u00f5tta oma krediitkaardile v\u00f5i pangakontole, peate meile esitama m\u00f5ned dokumendid, mille abil saate end identifitseerida. See on meie makseprotsessorite n\u00f5ue, mis tuleneb rahapesuvastastest seadustest. Samuti ei saa te kasutada v\u00e4ljav\u00f5tmismeetodit, mida ei ole varem ostmiseks v\u00f5i sissemakse tegemiseks kasutatud.<\/p>\n","protected":false},"excerpt":{"rendered":"<p>K\u00f5ikide rahvusvaheliste loteriide puhul, mida saate meie veebisaidil m\u00e4ngida, v\u00f5ib v\u00f5idunumbrite ja tulemuste saamine olla probleemiks. T\u00f5en\u00e4oliselt ei leia sa Mega Millions&#8217;i v\u00f5idunumbreid oma ajalehest. Sa v\u00f5id otsida teile k\u00e4ttesaadavat telekanalit, mis lisab loosimise tulemused oma uudistesse, kuid see n\u00f5uab m\u00f5ningast uurimist\u00f6\u00f6d. \u00dcks v\u00f5imalus oleks kontrollida, kas ametlik Mega Millions loterii veebisait edastab loosimisprotseduuri otse\u00fclekannet. [&hellip;]<\/p>\n","protected":false},"author":1,"featured_media":0,"parent":58289,"menu_order":2,"comment_status":"closed","ping_status":"closed","template":"megamillion-results.php","meta":{"_et_pb_use_builder":"","_et_pb_old_content":"","_et_gb_content_width":"","exclude_from_search":false,"footnotes":""},"class_list":["post-80131","page","type-page","status-publish","hentry"],"yoast_head":"<!-- This site is optimized with the Yoast SEO plugin v23.4 - https:\/\/yoast.com\/wordpress\/plugins\/seo\/ -->\n<title>Voittonumerot Mega Millions | Viimeisimm\u00e4t arvontatulokset ja palkinnot Mega Millionsissa<\/title>\n<meta name=\"description\" content=\"Miten voit k\u00e4ytt\u00e4\u00e4 verkkosivustoamme l\u00f6yt\u00e4\u00e4ksesi helposti Mega Millionsin voittonumerot ja tulokset?\" \/>\n<meta name=\"robots\" content=\"index, follow, max-snippet:-1, max-image-preview:large, max-video-preview:-1\" \/>\n<link rel=\"canonical\" href=\"https:\/\/onlinelotto365.com\/fi\/voittonumerot\/mega-millions\/\" \/>\n<meta property=\"og:locale\" content=\"fi_FI\" \/>\n<meta property=\"og:type\" content=\"article\" \/>\n<meta property=\"og:title\" content=\"Voittonumerot Mega Millions | Viimeisimm\u00e4t arvontatulokset ja palkinnot Mega Millionsissa\" \/>\n<meta property=\"og:description\" content=\"Miten voit k\u00e4ytt\u00e4\u00e4 verkkosivustoamme l\u00f6yt\u00e4\u00e4ksesi helposti Mega Millionsin voittonumerot ja tulokset?\" \/>\n<meta property=\"og:url\" content=\"https:\/\/onlinelotto365.com\/fi\/voittonumerot\/mega-millions\/\" \/>\n<meta property=\"og:site_name\" content=\"OnlineLotto365\" \/>\n<meta property=\"og:image\" content=\"https:\/\/redfoxlotto.com\/image?size=8&amp;lottery=mega-millions\" \/>\n<meta name=\"twitter:card\" content=\"summary_large_image\" \/>\n<meta name=\"twitter:label1\" content=\"Arvioitu lukuaika\" \/>\n\t<meta name=\"twitter:data1\" content=\"2 minuuttia\" \/>\n<script type=\"application\/ld+json\" class=\"yoast-schema-graph\">{\"@context\":\"https:\/\/schema.org\",\"@graph\":[{\"@type\":\"WebPage\",\"@id\":\"https:\/\/onlinelotto365.com\/fi\/voittonumerot\/mega-millions\/\",\"url\":\"https:\/\/onlinelotto365.com\/fi\/voittonumerot\/mega-millions\/\",\"name\":\"Voittonumerot Mega Millions | Viimeisimm\u00e4t arvontatulokset ja palkinnot Mega Millionsissa\",\"isPartOf\":{\"@id\":\"https:\/\/onlinelotto365.com\/fi\/#website\"},\"primaryImageOfPage\":{\"@id\":\"https:\/\/onlinelotto365.com\/fi\/voittonumerot\/mega-millions\/#primaryimage\"},\"image\":{\"@id\":\"https:\/\/onlinelotto365.com\/fi\/voittonumerot\/mega-millions\/#primaryimage\"},\"thumbnailUrl\":\"https:\/\/redfoxlotto.com\/image?size=8&amp;lottery=mega-millions\",\"datePublished\":\"2022-11-15T06:25:04+00:00\",\"dateModified\":\"2022-11-15T06:25:04+00:00\",\"description\":\"Miten voit k\u00e4ytt\u00e4\u00e4 verkkosivustoamme l\u00f6yt\u00e4\u00e4ksesi helposti Mega Millionsin voittonumerot ja tulokset?\",\"breadcrumb\":{\"@id\":\"https:\/\/onlinelotto365.com\/fi\/voittonumerot\/mega-millions\/#breadcrumb\"},\"inLanguage\":\"fi\",\"potentialAction\":[{\"@type\":\"ReadAction\",\"target\":[\"https:\/\/onlinelotto365.com\/fi\/voittonumerot\/mega-millions\/\"]}]},{\"@type\":\"ImageObject\",\"inLanguage\":\"fi\",\"@id\":\"https:\/\/onlinelotto365.com\/fi\/voittonumerot\/mega-millions\/#primaryimage\",\"url\":\"https:\/\/redfoxlotto.com\/image?size=8&amp;lottery=mega-millions\",\"contentUrl\":\"https:\/\/redfoxlotto.com\/image?size=8&amp;lottery=mega-millions\"},{\"@type\":\"BreadcrumbList\",\"@id\":\"https:\/\/onlinelotto365.com\/fi\/voittonumerot\/mega-millions\/#breadcrumb\",\"itemListElement\":[{\"@type\":\"ListItem\",\"position\":1,\"name\":\"Home\",\"item\":\"https:\/\/onlinelotto365.com\/fi\/\"},{\"@type\":\"ListItem\",\"position\":2,\"name\":\"L\u00f6yd\u00e4 voittonumerot ja tulokset uusimmista lottoarpajaisista\",\"item\":\"https:\/\/onlinelotto365.com\/fi\/voittonumerot\/\"},{\"@type\":\"ListItem\",\"position\":3,\"name\":\"Tarkista Mega Millionsin voittonumerot t\u00e4\u00e4lt\u00e4\"}]},{\"@type\":\"WebSite\",\"@id\":\"https:\/\/onlinelotto365.com\/fi\/#website\",\"url\":\"https:\/\/onlinelotto365.com\/fi\/\",\"name\":\"OnlineLotto365\",\"description\":\"\",\"potentialAction\":[{\"@type\":\"SearchAction\",\"target\":{\"@type\":\"EntryPoint\",\"urlTemplate\":\"https:\/\/onlinelotto365.com\/fi\/?s={search_term_string}\"},\"query-input\":{\"@type\":\"PropertyValueSpecification\",\"valueRequired\":true,\"valueName\":\"search_term_string\"}}],\"inLanguage\":\"fi\"}]}<\/script>\n<!-- \/ Yoast SEO plugin. -->","yoast_head_json":{"title":"Voittonumerot Mega Millions | Viimeisimm\u00e4t arvontatulokset ja palkinnot Mega Millionsissa","description":"Miten voit k\u00e4ytt\u00e4\u00e4 verkkosivustoamme l\u00f6yt\u00e4\u00e4ksesi helposti Mega Millionsin voittonumerot ja tulokset?","robots":{"index":"index","follow":"follow","max-snippet":"max-snippet:-1","max-image-preview":"max-image-preview:large","max-video-preview":"max-video-preview:-1"},"canonical":"https:\/\/onlinelotto365.com\/fi\/voittonumerot\/mega-millions\/","og_locale":"fi_FI","og_type":"article","og_title":"Voittonumerot Mega Millions | Viimeisimm\u00e4t arvontatulokset ja palkinnot Mega Millionsissa","og_description":"Miten voit k\u00e4ytt\u00e4\u00e4 verkkosivustoamme l\u00f6yt\u00e4\u00e4ksesi helposti Mega Millionsin voittonumerot ja tulokset?","og_url":"https:\/\/onlinelotto365.com\/fi\/voittonumerot\/mega-millions\/","og_site_name":"OnlineLotto365","og_image":[{"url":"https:\/\/redfoxlotto.com\/image?size=8&amp;lottery=mega-millions"}],"twitter_card":"summary_large_image","twitter_misc":{"Arvioitu lukuaika":"2 minuuttia"},"schema":{"@context":"https:\/\/schema.org","@graph":[{"@type":"WebPage","@id":"https:\/\/onlinelotto365.com\/fi\/voittonumerot\/mega-millions\/","url":"https:\/\/onlinelotto365.com\/fi\/voittonumerot\/mega-millions\/","name":"Voittonumerot Mega Millions | Viimeisimm\u00e4t arvontatulokset ja palkinnot Mega Millionsissa","isPartOf":{"@id":"https:\/\/onlinelotto365.com\/fi\/#website"},"primaryImageOfPage":{"@id":"https:\/\/onlinelotto365.com\/fi\/voittonumerot\/mega-millions\/#primaryimage"},"image":{"@id":"https:\/\/onlinelotto365.com\/fi\/voittonumerot\/mega-millions\/#primaryimage"},"thumbnailUrl":"https:\/\/redfoxlotto.com\/image?size=8&amp;lottery=mega-millions","datePublished":"2022-11-15T06:25:04+00:00","dateModified":"2022-11-15T06:25:04+00:00","description":"Miten voit k\u00e4ytt\u00e4\u00e4 verkkosivustoamme l\u00f6yt\u00e4\u00e4ksesi helposti Mega Millionsin voittonumerot ja tulokset?","breadcrumb":{"@id":"https:\/\/onlinelotto365.com\/fi\/voittonumerot\/mega-millions\/#breadcrumb"},"inLanguage":"fi","potentialAction":[{"@type":"ReadAction","target":["https:\/\/onlinelotto365.com\/fi\/voittonumerot\/mega-millions\/"]}]},{"@type":"ImageObject","inLanguage":"fi","@id":"https:\/\/onlinelotto365.com\/fi\/voittonumerot\/mega-millions\/#primaryimage","url":"https:\/\/redfoxlotto.com\/image?size=8&amp;lottery=mega-millions","contentUrl":"https:\/\/redfoxlotto.com\/image?size=8&amp;lottery=mega-millions"},{"@type":"BreadcrumbList","@id":"https:\/\/onlinelotto365.com\/fi\/voittonumerot\/mega-millions\/#breadcrumb","itemListElement":[{"@type":"ListItem","position":1,"name":"Home","item":"https:\/\/onlinelotto365.com\/fi\/"},{"@type":"ListItem","position":2,"name":"L\u00f6yd\u00e4 voittonumerot ja tulokset uusimmista lottoarpajaisista","item":"https:\/\/onlinelotto365.com\/fi\/voittonumerot\/"},{"@type":"ListItem","position":3,"name":"Tarkista Mega Millionsin voittonumerot t\u00e4\u00e4lt\u00e4"}]},{"@type":"WebSite","@id":"https:\/\/onlinelotto365.com\/fi\/#website","url":"https:\/\/onlinelotto365.com\/fi\/","name":"OnlineLotto365","description":"","potentialAction":[{"@type":"SearchAction","target":{"@type":"EntryPoint","urlTemplate":"https:\/\/onlinelotto365.com\/fi\/?s={search_term_string}"},"query-input":{"@type":"PropertyValueSpecification","valueRequired":true,"valueName":"search_term_string"}}],"inLanguage":"fi"}]}},"_links":{"self":[{"href":"https:\/\/onlinelotto365.com\/fi\/wp-json\/wp\/v2\/pages\/80131","targetHints":{"allow":["GET"]}}],"collection":[{"href":"https:\/\/onlinelotto365.com\/fi\/wp-json\/wp\/v2\/pages"}],"about":[{"href":"https:\/\/onlinelotto365.com\/fi\/wp-json\/wp\/v2\/types\/page"}],"author":[{"embeddable":true,"href":"https:\/\/onlinelotto365.com\/fi\/wp-json\/wp\/v2\/users\/1"}],"replies":[{"embeddable":true,"href":"https:\/\/onlinelotto365.com\/fi\/wp-json\/wp\/v2\/comments?post=80131"}],"version-history":[{"count":0,"href":"https:\/\/onlinelotto365.com\/fi\/wp-json\/wp\/v2\/pages\/80131\/revisions"}],"up":[{"embeddable":true,"href":"https:\/\/onlinelotto365.com\/fi\/wp-json\/wp\/v2\/pages\/58289"}],"wp:attachment":[{"href":"https:\/\/onlinelotto365.com\/fi\/wp-json\/wp\/v2\/media?parent=80131"}],"curies":[{"name":"wp","href":"https:\/\/api.w.org\/{rel}","templated":true}]}}