{"id":80163,"date":"2022-11-15T08:19:39","date_gmt":"2022-11-15T07:19:39","guid":{"rendered":"https:\/\/onlinelotto365.com\/?page_id=80163"},"modified":"2022-11-15T08:19:39","modified_gmt":"2022-11-15T07:19:39","slug":"powerball","status":"publish","type":"page","link":"https:\/\/onlinelotto365.com\/fi\/voittonumerot\/powerball\/","title":{"rendered":"Powerball arvonnan tulokset"},"content":{"rendered":"<h2>Tarkista Powerballin voittonumerot t\u00e4\u00e4lt\u00e4<\/h2>\n<p>Powerballin voittonumeroiden l\u00f6yt\u00e4minen on helppoa, jos asut Yhdysvalloissa. Varsinkin silloin, kun j\u00e4ttipotti on eritt\u00e4in suuri, tulokset l\u00e4hetet\u00e4\u00e4n uutisissa ja julkaistaan kaikissa sanomalehdiss\u00e4.<br \/>\n<a href=\"https:\/\/redfoxlotto.com\/play\/powerball\/?ref=a8564250a2&amp;medium=ol365\" target=\"_blank\" rel=\"noopener noreferrer\"><img decoding=\"async\" class=\"aligncenter\" src=\"https:\/\/redfoxlotto.com\/image?size=8&amp;lottery=powerball\" alt=\"Powerball\" \/><\/a><br \/>\nMutta ent\u00e4 jos et asu Yhdysvalloissa, mist\u00e4 saat Powerballin voittonumerot k\u00e4siisi? Miten l\u00f6yd\u00e4t tulokset ja n\u00e4et, kuinka paljon olet voittanut?<\/p>\n<h2>Miten saat selville, onko nettilippusi voittanut?<\/h2>\n<p>No, jos olet ostanut nettilipun, se on itse asiassa melko helppoa. Palaa sivustollemme, kirjaudu sis\u00e4\u00e4n k\u00e4ytt\u00e4j\u00e4tunnuksellasi ja salasanallasi ja siirry sitten osioon, jossa ostamasi lippu on tallennettu digitaalisesti. Pelaamasi numerot korostetaan eri v\u00e4rill\u00e4, jos ne vastaavat sen arvontap\u00e4iv\u00e4n arvottuja numeroita, jolle ostit lippusi.<\/p>\n<p>Voit tietysti my\u00f6s avata tulosten yleissivumme ja verrata arvontatuloksia lippuusi sill\u00e4 tavoin. Jotkut asiakkaistamme haluavat tulostaa verkkolippunsa ja merkit\u00e4 sitten voittonumerot tulosteeseen n\u00e4hd\u00e4kseen, voittivatko he.<\/p>\n<h2>Powerball-tulosten arkisto<\/h2>\n<p>Lottotulosten yleiskatsaussivullamme voit my\u00f6s tarkastella menneiden viikkojen voittonumeroita. T\u00e4m\u00e4 voi auttaa sinua strategiassasi onnenlukujen valinnassa. Voit esimerkiksi yritt\u00e4\u00e4 etsi\u00e4 numeroita, jotka ovat jo pitk\u00e4\u00e4n olleet ylivoimaisia, ja luoda sitten lottokupongin, jossa k\u00e4ytet\u00e4\u00e4n vain n\u00e4it\u00e4 numeroita.<\/p>\n<p>Tai voit valita Powerballin voittonumerot selvitt\u00e4m\u00e4ll\u00e4, mitk\u00e4 numerot ovat esiintyneet muita numeroita useammin. Monet pelaajat k\u00e4ytt\u00e4v\u00e4t n\u00e4iden kahden menetelm\u00e4n yhdistelm\u00e4\u00e4 valitessaan henkil\u00f6kohtaisia lottonumeroitaan.<\/p>\n<p>Jos et osaa p\u00e4\u00e4tt\u00e4\u00e4, mitk\u00e4 numerot valitsisit voittokuponkia varten, miten olisi t\u00e4m\u00e4 menetelm\u00e4: Tarkista, mitk\u00e4 ovat voittonumerot jossakin muussa lottopeliss\u00e4, jonka numerovalikoima on samanlainen kuin siin\u00e4, jota aiot pelata. Etsi n\u00e4ist\u00e4 aiemmista tuloksista voittoyhdistelm\u00e4, josta pid\u00e4t, ja k\u00e4yt\u00e4 sitten n\u00e4it\u00e4 vanhempia voittonumeroita uuden Powerball-lipun pelaamiseen.<\/p>\n<h2>Lottoni on voittanut, mit\u00e4 tapahtuu seuraavaksi?<\/h2>\n<p><img loading=\"lazy\" decoding=\"async\" class=\"size-full wp-image-50704 alignright\" src=\"https:\/\/onlinelotto365.com\/wp-content\/uploads\/2021\/01\/online_lottery-136.jpg\" alt=\"lottotulokset\" width=\"297\" height=\"101\" \/><br \/>\nNo, onnittelut, hyv\u00e4 sinulle! Olemme tietysti aina iloisia, jos jollakin asiakkaallamme on lippu, jossa on Powerball-voittolappu. Olipa kyseess\u00e4 sitten pienempi tai suurempi voitto, me hoidamme voitonmaksun puolestasi, tietenkin maksutta!<\/p>\n<p>Enint\u00e4\u00e4n 2500 euron voitto &#8211; voitettu summa hyvitet\u00e4\u00e4n saldollesi sivustollamme. Voit lunastaa sen sielt\u00e4 tai k\u00e4ytt\u00e4\u00e4 saldon ostaaksesi lis\u00e4\u00e4 lippuja.<\/p>\n<p>Yli 2500 euron voitot &#8211; tukitiimimme auttaa sinua maksun saamisessa. Kun olet antanut joitakin tietoja henkil\u00f6llisyydest\u00e4si ja haluamastasi maksutavasta (pankkisiirto tai shekki), saat maksun suoraan valitsemallasi tavalla.<\/p>\n","protected":false},"excerpt":{"rendered":"<p>Tarkista Powerballin voittonumerot t\u00e4\u00e4lt\u00e4 Powerballin voittonumeroiden l\u00f6yt\u00e4minen on helppoa, jos asut Yhdysvalloissa. Varsinkin silloin, kun j\u00e4ttipotti on eritt\u00e4in suuri, tulokset l\u00e4hetet\u00e4\u00e4n uutisissa ja julkaistaan kaikissa sanomalehdiss\u00e4. Mutta ent\u00e4 jos et asu Yhdysvalloissa, mist\u00e4 saat Powerballin voittonumerot k\u00e4siisi? Miten l\u00f6yd\u00e4t tulokset ja n\u00e4et, kuinka paljon olet voittanut? Miten saat selville, onko nettilippusi voittanut? No, jos olet [&hellip;]<\/p>\n","protected":false},"author":1,"featured_media":0,"parent":58289,"menu_order":1,"comment_status":"closed","ping_status":"closed","template":"powerball-usa-info.php","meta":{"_et_pb_use_builder":"","_et_pb_old_content":"","_et_gb_content_width":"","exclude_from_search":false,"footnotes":""},"class_list":["post-80163","page","type-page","status-publish","hentry"],"yoast_head":"<!-- This site is optimized with the Yoast SEO plugin v23.4 - https:\/\/yoast.com\/wordpress\/plugins\/seo\/ -->\n<title>Powerballin voittonumerot | Tarkista Powerball USA:n tulokset ja voitot.<\/title>\n<meta name=\"description\" content=\"Haluatko n\u00e4hd\u00e4, onko Powerball-lottosi voittaja? Tarkista voittonumerot verkkosivuiltamme!\" \/>\n<meta name=\"robots\" content=\"index, follow, max-snippet:-1, max-image-preview:large, max-video-preview:-1\" \/>\n<link rel=\"canonical\" href=\"https:\/\/onlinelotto365.com\/fi\/voittonumerot\/powerball\/\" \/>\n<meta property=\"og:locale\" content=\"fi_FI\" \/>\n<meta property=\"og:type\" content=\"article\" \/>\n<meta property=\"og:title\" content=\"Powerballin voittonumerot | Tarkista Powerball USA:n tulokset ja voitot.\" \/>\n<meta property=\"og:description\" content=\"Haluatko n\u00e4hd\u00e4, onko Powerball-lottosi voittaja? Tarkista voittonumerot verkkosivuiltamme!\" \/>\n<meta property=\"og:url\" content=\"https:\/\/onlinelotto365.com\/fi\/voittonumerot\/powerball\/\" \/>\n<meta property=\"og:site_name\" content=\"OnlineLotto365\" \/>\n<meta property=\"og:image\" content=\"https:\/\/redfoxlotto.com\/image?size=8&amp;lottery=powerball\" \/>\n<meta name=\"twitter:card\" content=\"summary_large_image\" \/>\n<meta name=\"twitter:label1\" content=\"Arvioitu lukuaika\" \/>\n\t<meta name=\"twitter:data1\" content=\"2 minuuttia\" \/>\n<script type=\"application\/ld+json\" class=\"yoast-schema-graph\">{\"@context\":\"https:\/\/schema.org\",\"@graph\":[{\"@type\":\"WebPage\",\"@id\":\"https:\/\/onlinelotto365.com\/fi\/voittonumerot\/powerball\/\",\"url\":\"https:\/\/onlinelotto365.com\/fi\/voittonumerot\/powerball\/\",\"name\":\"Powerballin voittonumerot | Tarkista Powerball USA:n tulokset ja voitot.\",\"isPartOf\":{\"@id\":\"https:\/\/onlinelotto365.com\/fi\/#website\"},\"primaryImageOfPage\":{\"@id\":\"https:\/\/onlinelotto365.com\/fi\/voittonumerot\/powerball\/#primaryimage\"},\"image\":{\"@id\":\"https:\/\/onlinelotto365.com\/fi\/voittonumerot\/powerball\/#primaryimage\"},\"thumbnailUrl\":\"https:\/\/redfoxlotto.com\/image?size=8&amp;lottery=powerball\",\"datePublished\":\"2022-11-15T07:19:39+00:00\",\"dateModified\":\"2022-11-15T07:19:39+00:00\",\"description\":\"Haluatko n\u00e4hd\u00e4, onko Powerball-lottosi voittaja? Tarkista voittonumerot verkkosivuiltamme!\",\"breadcrumb\":{\"@id\":\"https:\/\/onlinelotto365.com\/fi\/voittonumerot\/powerball\/#breadcrumb\"},\"inLanguage\":\"fi\",\"potentialAction\":[{\"@type\":\"ReadAction\",\"target\":[\"https:\/\/onlinelotto365.com\/fi\/voittonumerot\/powerball\/\"]}]},{\"@type\":\"ImageObject\",\"inLanguage\":\"fi\",\"@id\":\"https:\/\/onlinelotto365.com\/fi\/voittonumerot\/powerball\/#primaryimage\",\"url\":\"https:\/\/redfoxlotto.com\/image?size=8&amp;lottery=powerball\",\"contentUrl\":\"https:\/\/redfoxlotto.com\/image?size=8&amp;lottery=powerball\"},{\"@type\":\"BreadcrumbList\",\"@id\":\"https:\/\/onlinelotto365.com\/fi\/voittonumerot\/powerball\/#breadcrumb\",\"itemListElement\":[{\"@type\":\"ListItem\",\"position\":1,\"name\":\"Home\",\"item\":\"https:\/\/onlinelotto365.com\/fi\/\"},{\"@type\":\"ListItem\",\"position\":2,\"name\":\"L\u00f6yd\u00e4 voittonumerot ja tulokset uusimmista lottoarpajaisista\",\"item\":\"https:\/\/onlinelotto365.com\/fi\/voittonumerot\/\"},{\"@type\":\"ListItem\",\"position\":3,\"name\":\"Powerball arvonnan tulokset\"}]},{\"@type\":\"WebSite\",\"@id\":\"https:\/\/onlinelotto365.com\/fi\/#website\",\"url\":\"https:\/\/onlinelotto365.com\/fi\/\",\"name\":\"OnlineLotto365\",\"description\":\"\",\"potentialAction\":[{\"@type\":\"SearchAction\",\"target\":{\"@type\":\"EntryPoint\",\"urlTemplate\":\"https:\/\/onlinelotto365.com\/fi\/?s={search_term_string}\"},\"query-input\":{\"@type\":\"PropertyValueSpecification\",\"valueRequired\":true,\"valueName\":\"search_term_string\"}}],\"inLanguage\":\"fi\"}]}<\/script>\n<!-- \/ Yoast SEO plugin. -->","yoast_head_json":{"title":"Powerballin voittonumerot | Tarkista Powerball USA:n tulokset ja voitot.","description":"Haluatko n\u00e4hd\u00e4, onko Powerball-lottosi voittaja? Tarkista voittonumerot verkkosivuiltamme!","robots":{"index":"index","follow":"follow","max-snippet":"max-snippet:-1","max-image-preview":"max-image-preview:large","max-video-preview":"max-video-preview:-1"},"canonical":"https:\/\/onlinelotto365.com\/fi\/voittonumerot\/powerball\/","og_locale":"fi_FI","og_type":"article","og_title":"Powerballin voittonumerot | Tarkista Powerball USA:n tulokset ja voitot.","og_description":"Haluatko n\u00e4hd\u00e4, onko Powerball-lottosi voittaja? Tarkista voittonumerot verkkosivuiltamme!","og_url":"https:\/\/onlinelotto365.com\/fi\/voittonumerot\/powerball\/","og_site_name":"OnlineLotto365","og_image":[{"url":"https:\/\/redfoxlotto.com\/image?size=8&amp;lottery=powerball"}],"twitter_card":"summary_large_image","twitter_misc":{"Arvioitu lukuaika":"2 minuuttia"},"schema":{"@context":"https:\/\/schema.org","@graph":[{"@type":"WebPage","@id":"https:\/\/onlinelotto365.com\/fi\/voittonumerot\/powerball\/","url":"https:\/\/onlinelotto365.com\/fi\/voittonumerot\/powerball\/","name":"Powerballin voittonumerot | Tarkista Powerball USA:n tulokset ja voitot.","isPartOf":{"@id":"https:\/\/onlinelotto365.com\/fi\/#website"},"primaryImageOfPage":{"@id":"https:\/\/onlinelotto365.com\/fi\/voittonumerot\/powerball\/#primaryimage"},"image":{"@id":"https:\/\/onlinelotto365.com\/fi\/voittonumerot\/powerball\/#primaryimage"},"thumbnailUrl":"https:\/\/redfoxlotto.com\/image?size=8&amp;lottery=powerball","datePublished":"2022-11-15T07:19:39+00:00","dateModified":"2022-11-15T07:19:39+00:00","description":"Haluatko n\u00e4hd\u00e4, onko Powerball-lottosi voittaja? Tarkista voittonumerot verkkosivuiltamme!","breadcrumb":{"@id":"https:\/\/onlinelotto365.com\/fi\/voittonumerot\/powerball\/#breadcrumb"},"inLanguage":"fi","potentialAction":[{"@type":"ReadAction","target":["https:\/\/onlinelotto365.com\/fi\/voittonumerot\/powerball\/"]}]},{"@type":"ImageObject","inLanguage":"fi","@id":"https:\/\/onlinelotto365.com\/fi\/voittonumerot\/powerball\/#primaryimage","url":"https:\/\/redfoxlotto.com\/image?size=8&amp;lottery=powerball","contentUrl":"https:\/\/redfoxlotto.com\/image?size=8&amp;lottery=powerball"},{"@type":"BreadcrumbList","@id":"https:\/\/onlinelotto365.com\/fi\/voittonumerot\/powerball\/#breadcrumb","itemListElement":[{"@type":"ListItem","position":1,"name":"Home","item":"https:\/\/onlinelotto365.com\/fi\/"},{"@type":"ListItem","position":2,"name":"L\u00f6yd\u00e4 voittonumerot ja tulokset uusimmista lottoarpajaisista","item":"https:\/\/onlinelotto365.com\/fi\/voittonumerot\/"},{"@type":"ListItem","position":3,"name":"Powerball arvonnan tulokset"}]},{"@type":"WebSite","@id":"https:\/\/onlinelotto365.com\/fi\/#website","url":"https:\/\/onlinelotto365.com\/fi\/","name":"OnlineLotto365","description":"","potentialAction":[{"@type":"SearchAction","target":{"@type":"EntryPoint","urlTemplate":"https:\/\/onlinelotto365.com\/fi\/?s={search_term_string}"},"query-input":{"@type":"PropertyValueSpecification","valueRequired":true,"valueName":"search_term_string"}}],"inLanguage":"fi"}]}},"_links":{"self":[{"href":"https:\/\/onlinelotto365.com\/fi\/wp-json\/wp\/v2\/pages\/80163","targetHints":{"allow":["GET"]}}],"collection":[{"href":"https:\/\/onlinelotto365.com\/fi\/wp-json\/wp\/v2\/pages"}],"about":[{"href":"https:\/\/onlinelotto365.com\/fi\/wp-json\/wp\/v2\/types\/page"}],"author":[{"embeddable":true,"href":"https:\/\/onlinelotto365.com\/fi\/wp-json\/wp\/v2\/users\/1"}],"replies":[{"embeddable":true,"href":"https:\/\/onlinelotto365.com\/fi\/wp-json\/wp\/v2\/comments?post=80163"}],"version-history":[{"count":0,"href":"https:\/\/onlinelotto365.com\/fi\/wp-json\/wp\/v2\/pages\/80163\/revisions"}],"up":[{"embeddable":true,"href":"https:\/\/onlinelotto365.com\/fi\/wp-json\/wp\/v2\/pages\/58289"}],"wp:attachment":[{"href":"https:\/\/onlinelotto365.com\/fi\/wp-json\/wp\/v2\/media?parent=80163"}],"curies":[{"name":"wp","href":"https:\/\/api.w.org\/{rel}","templated":true}]}}