{"id":80192,"date":"2022-11-15T09:40:00","date_gmt":"2022-11-15T08:40:00","guid":{"rendered":"https:\/\/onlinelotto365.com\/?page_id=80192"},"modified":"2022-11-15T09:40:00","modified_gmt":"2022-11-15T08:40:00","slug":"eurojackpot","status":"publish","type":"page","link":"https:\/\/onlinelotto365.com\/fi\/osta-lippuja\/eurojackpot\/","title":{"rendered":"Miten ostaa Eurojackpot-lippuja verkossa"},"content":{"rendered":"<p>Jos mietit, miten voit ostaa Eurojackpot-lippusi netist\u00e4, olemme kuvanneet prosessin helpoissa vaiheissa. Mutta itse asiassa sivustomme opastaa sinut koko prosessin l\u00e4pi. Olemme yritt\u00e4neet pit\u00e4\u00e4 sen mahdollisimman yksinkertaisena.<br \/>\n<a href=\"https:\/\/redfoxlotto.com\/play\/eurojackpot\/?ref=a8564250a2&amp;medium=ol365\" target=\"_blank\" rel=\"noopener noreferrer\"><img decoding=\"async\" class=\"aligncenter\" src=\"https:\/\/redfoxlotto.com\/image?size=8&amp;lottery=eurojackpot\" alt=\"eurojackpot\" \/><\/a><\/p>\n<ul>\n<li>Kun olet Eurojackpot-sivulla, valitse numerot tai anna tietokoneen valita numerot puolestasi.<\/li>\n<li>Voit halutessasi lis\u00e4t\u00e4 tilaukseesi lis\u00e4\u00e4 arpoja ja lippuja, jos haluat<\/li>\n<li>Klikkaa maksa nyt<\/li>\n<li>Rekister\u00f6i tilisi verkkosivustollamme (jos olet jo tehnyt sen, voit ohittaa t\u00e4m\u00e4n vaiheen ja kirjautua sis\u00e4\u00e4n olemassa olevalle tilillesi).<\/li>\n<li>Jos rekister\u00f6it uuden tilin, tarkista s\u00e4hk\u00f6postilaatikkoosi saapunut viesti, jossa on vahvistuslinkki.<\/li>\n<li>Jos et l\u00f6yd\u00e4 s\u00e4hk\u00f6postia, katso roskapostilaatikkoosi, se on saattanut p\u00e4\u00e4ty\u00e4 sinne.<\/li>\n<li>Napsauta ostoskori-symbolia<\/li>\n<li>Valitse maksutapa, klikkaa maksaaksesi ja noudata maksuohjeita.<\/li>\n<\/ul>\n<h2>Miten maksat Eurojackpot-lipun verkossa?<\/h2>\n<p>Asiakkaidemme k\u00e4ytett\u00e4viss\u00e4 on useita turvallisia maksutapoja. Valitse menetelm\u00e4, joka on sinulle sopiva.<\/p>\n<p>Voit ostaa lippusi verkossa ja maksaa ne kahdella tavalla:<\/p>\n<ul>\n<li>Maksa tilauksesi suoraan<\/li>\n<li>Talleta rahaa pelitilillesi ja k\u00e4yt\u00e4 sitten saldoa lottokuponkien ostamiseen.<\/li>\n<\/ul>\n<p>Jos k\u00e4yt\u00e4t toista tapaa, varmista, ett\u00e4 saldosi m\u00e4\u00e4r\u00e4 on suurempi kuin lipputilauksen summa.<\/p>\n<h2>Lis\u00e4tietoja Eurojackpotista<\/h2>\n<ul>\n<li>Maa: sekalaiset Euroopan maat<\/li>\n<li>T\u00e4rkein numerovalikoima: 50<\/li>\n<li>Sin\u00e4 valitset: 5<\/li>\n<li>Lis\u00e4numeroiden valikoima: 10<\/li>\n<li>Sin\u00e4 valitset: 2<\/li>\n<li>Arvontap\u00e4iv\u00e4t, tunnit: CET, 21:00 CET, 21:00 CET<\/li>\n<li>V\u00e4himm\u00e4isj\u00e4ttipotti: 10 miljoonaa euroa<\/li>\n<li>Suurin j\u00e4ttipotti: 90 miljoonaa euroa<\/li>\n<li>Todenn\u00e4k\u00f6isyys voittaa j\u00e4ttipotti: 1:135 600 640:st\u00e4.<\/li>\n<li>Todenn\u00e4k\u00f6isyys tason 2 voittoon: 1:2.118.760:sta<\/li>\n<li>Todenn\u00e4k\u00f6isyys voittaa mill\u00e4 tahansa tasolla: 1:26,39.<\/li>\n<li>Palkintotasojen m\u00e4\u00e4r\u00e4: 12<\/li>\n<\/ul>\n<h2>Eurojackpot-lippujen ostamisen edut verkossa<\/h2>\n<ul>\n<li>Osta lippusi mukavasti kotoa k\u00e4sin<\/li>\n<li>suurempi valikoima arpajaisia<\/li>\n<li>paranna voittomahdollisuuksiasi valitsemalla lotto, jossa on suurimmat j\u00e4ttipotit<\/li>\n<li>mahdollisuus tallettaa rahaa ensin ja maksaa sitten saldollasi<\/li>\n<li>\u00e4l\u00e4 en\u00e4\u00e4 koskaan menet\u00e4 lippua<\/li>\n<li>saat ilmoituksen, kun voitat<\/li>\n<li>pikavalintavaihtoehto satunnaislukugeneraattorilla<\/li>\n<\/ul>\n<h2>Onko laillista ostaa Eurojackpot-arpoja netist\u00e4?<\/h2>\n<p>Sinun ei tarvitse olla huolissasi siit\u00e4, onko lottokuponkien ostaminen verkossa vai perinteisell\u00e4 tavalla laillista asuinmaassasi. Samalla sinun ei tarvitse huolehtia siit\u00e4, onko palvelumme k\u00e4ytt\u00e4minen laillista sen maan s\u00e4\u00e4nn\u00f6sten mukaan, jossa lotto j\u00e4rjestet\u00e4\u00e4n. Palvelumme toimintatapa on suunniteltu niin, ett\u00e4 saat taatusti maksun, vaikka voittaisitkin j\u00e4ttipotin.<\/p>\n<p>Sinun on oltava v\u00e4hint\u00e4\u00e4n 18-vuotias voidaksesi k\u00e4ytt\u00e4\u00e4 palveluamme.<\/p>\n<h2>Miten minulle maksetaan, jos voitan Eurojackpotin verkossa?<\/h2>\n<p><img loading=\"lazy\" decoding=\"async\" class=\"alignright wp-image-1246\" src=\"https:\/\/onlinelotto365.com\/wp-content\/uploads\/2020\/11\/online_lottery-106.jpg\" alt=\"ostaa eurojackpot verkossa\" width=\"302\" height=\"181\" \/><br \/>\nVoittojen maksaminen on t\u00e4rke\u00e4 osa palvelua asiakkaillemme. On t\u00e4rke\u00e4\u00e4, ett\u00e4 tied\u00e4t, ett\u00e4 emme v\u00e4henn\u00e4 mink\u00e4\u00e4nlaista provisiota lottovoitoistasi. Ainoastaan yhdess\u00e4 tilanteessa voi tulla hyvin pieni maksu, ja se on, jos p\u00e4\u00e4t\u00e4t saada maksun pankkisiirrolla. Kyse on siit\u00e4, mit\u00e4 pankki veloittaa meilt\u00e4, ja puhumme t\u00e4ss\u00e4 tapauksessa ehk\u00e4 5 dollarista per siirto, jos kyseess\u00e4 on kansainv\u00e4linen siirto.<\/p>\n<p>Maksun suorittamisessa on kaksi eri tilannetta:<\/p>\n<ul>\n<li>Voitat enint\u00e4\u00e4n 2500 euron suuruisen summan. T\u00e4ss\u00e4 tapauksessa voitettu summa hyvitet\u00e4\u00e4n pelitilillesi meill\u00e4.<\/li>\n<li>Voitat yli 2500 euron summan. T\u00e4ss\u00e4 tapauksessa l\u00e4het\u00e4mme sinulle s\u00e4hk\u00f6postitse lomakkeen, joka sinun on t\u00e4ytett\u00e4v\u00e4. Sin\u00e4 p\u00e4\u00e4t\u00e4t, miten haluat saada maksun. T\u00e4ss\u00e4 tapauksessa pankkisiirto ja shekki ovat ainoat vaihtoehdot. K\u00e4sittelemme pyynn\u00f6n puolestasi, ja muutaman p\u00e4iv\u00e4n kuluttua saat rahat pankkitilillesi tai saat shekin.<\/li>\n<\/ul>\n","protected":false},"excerpt":{"rendered":"<p>Jos mietit, miten voit ostaa Eurojackpot-lippusi netist\u00e4, olemme kuvanneet prosessin helpoissa vaiheissa. Mutta itse asiassa sivustomme opastaa sinut koko prosessin l\u00e4pi. Olemme yritt\u00e4neet pit\u00e4\u00e4 sen mahdollisimman yksinkertaisena. Kun olet Eurojackpot-sivulla, valitse numerot tai anna tietokoneen valita numerot puolestasi. Voit halutessasi lis\u00e4t\u00e4 tilaukseesi lis\u00e4\u00e4 arpoja ja lippuja, jos haluat Klikkaa maksa nyt Rekister\u00f6i tilisi verkkosivustollamme (jos [&hellip;]<\/p>\n","protected":false},"author":1,"featured_media":0,"parent":5577,"menu_order":4,"comment_status":"closed","ping_status":"closed","template":"eurojackpot-info.php","meta":{"_et_pb_use_builder":"","_et_pb_old_content":"","_et_gb_content_width":"","exclude_from_search":false,"footnotes":""},"class_list":["post-80192","page","type-page","status-publish","hentry"],"yoast_head":"<!-- This site is optimized with the Yoast SEO plugin v23.4 - https:\/\/yoast.com\/wordpress\/plugins\/seo\/ -->\n<title>Osta lippuja Eurojackpotiin netist\u00e4 Suomesta| Eurojackpot info, miten ostat lippuja?<\/title>\n<meta name=\"description\" content=\"Asutko Suomessa, mutta haluat ostaa lippuja Eurojackpotiin? Osta ne netist\u00e4 t\u00e4\u00e4lt\u00e4!\" \/>\n<meta name=\"robots\" content=\"index, follow, max-snippet:-1, max-image-preview:large, max-video-preview:-1\" \/>\n<link rel=\"canonical\" href=\"https:\/\/onlinelotto365.com\/fi\/osta-lippuja\/eurojackpot\/\" \/>\n<meta property=\"og:locale\" content=\"fi_FI\" \/>\n<meta property=\"og:type\" content=\"article\" \/>\n<meta property=\"og:title\" content=\"Osta lippuja Eurojackpotiin netist\u00e4 Suomesta| Eurojackpot info, miten ostat lippuja?\" \/>\n<meta property=\"og:description\" content=\"Asutko Suomessa, mutta haluat ostaa lippuja Eurojackpotiin? Osta ne netist\u00e4 t\u00e4\u00e4lt\u00e4!\" \/>\n<meta property=\"og:url\" content=\"https:\/\/onlinelotto365.com\/fi\/osta-lippuja\/eurojackpot\/\" \/>\n<meta property=\"og:site_name\" content=\"OnlineLotto365\" \/>\n<meta property=\"og:image\" content=\"https:\/\/redfoxlotto.com\/image?size=8&amp;lottery=eurojackpot\" \/>\n<meta name=\"twitter:card\" content=\"summary_large_image\" \/>\n<meta name=\"twitter:label1\" content=\"Arvioitu lukuaika\" \/>\n\t<meta name=\"twitter:data1\" content=\"3 minuuttia\" \/>\n<script type=\"application\/ld+json\" class=\"yoast-schema-graph\">{\"@context\":\"https:\/\/schema.org\",\"@graph\":[{\"@type\":\"WebPage\",\"@id\":\"https:\/\/onlinelotto365.com\/fi\/osta-lippuja\/eurojackpot\/\",\"url\":\"https:\/\/onlinelotto365.com\/fi\/osta-lippuja\/eurojackpot\/\",\"name\":\"Osta lippuja Eurojackpotiin netist\u00e4 Suomesta| Eurojackpot info, miten ostat lippuja?\",\"isPartOf\":{\"@id\":\"https:\/\/onlinelotto365.com\/fi\/#website\"},\"primaryImageOfPage\":{\"@id\":\"https:\/\/onlinelotto365.com\/fi\/osta-lippuja\/eurojackpot\/#primaryimage\"},\"image\":{\"@id\":\"https:\/\/onlinelotto365.com\/fi\/osta-lippuja\/eurojackpot\/#primaryimage\"},\"thumbnailUrl\":\"https:\/\/redfoxlotto.com\/image?size=8&amp;lottery=eurojackpot\",\"datePublished\":\"2022-11-15T08:40:00+00:00\",\"dateModified\":\"2022-11-15T08:40:00+00:00\",\"description\":\"Asutko Suomessa, mutta haluat ostaa lippuja Eurojackpotiin? Osta ne netist\u00e4 t\u00e4\u00e4lt\u00e4!\",\"breadcrumb\":{\"@id\":\"https:\/\/onlinelotto365.com\/fi\/osta-lippuja\/eurojackpot\/#breadcrumb\"},\"inLanguage\":\"fi\",\"potentialAction\":[{\"@type\":\"ReadAction\",\"target\":[\"https:\/\/onlinelotto365.com\/fi\/osta-lippuja\/eurojackpot\/\"]}]},{\"@type\":\"ImageObject\",\"inLanguage\":\"fi\",\"@id\":\"https:\/\/onlinelotto365.com\/fi\/osta-lippuja\/eurojackpot\/#primaryimage\",\"url\":\"https:\/\/redfoxlotto.com\/image?size=8&amp;lottery=eurojackpot\",\"contentUrl\":\"https:\/\/redfoxlotto.com\/image?size=8&amp;lottery=eurojackpot\"},{\"@type\":\"BreadcrumbList\",\"@id\":\"https:\/\/onlinelotto365.com\/fi\/osta-lippuja\/eurojackpot\/#breadcrumb\",\"itemListElement\":[{\"@type\":\"ListItem\",\"position\":1,\"name\":\"Home\",\"item\":\"https:\/\/onlinelotto365.com\/fi\/\"},{\"@type\":\"ListItem\",\"position\":2,\"name\":\"Osta Lottoarpoja Verkosta\",\"item\":\"https:\/\/onlinelotto365.com\/fi\/osta-lippuja\/\"},{\"@type\":\"ListItem\",\"position\":3,\"name\":\"Miten ostaa Eurojackpot-lippuja verkossa\"}]},{\"@type\":\"WebSite\",\"@id\":\"https:\/\/onlinelotto365.com\/fi\/#website\",\"url\":\"https:\/\/onlinelotto365.com\/fi\/\",\"name\":\"OnlineLotto365\",\"description\":\"\",\"potentialAction\":[{\"@type\":\"SearchAction\",\"target\":{\"@type\":\"EntryPoint\",\"urlTemplate\":\"https:\/\/onlinelotto365.com\/fi\/?s={search_term_string}\"},\"query-input\":{\"@type\":\"PropertyValueSpecification\",\"valueRequired\":true,\"valueName\":\"search_term_string\"}}],\"inLanguage\":\"fi\"}]}<\/script>\n<!-- \/ Yoast SEO plugin. -->","yoast_head_json":{"title":"Osta lippuja Eurojackpotiin netist\u00e4 Suomesta| Eurojackpot info, miten ostat lippuja?","description":"Asutko Suomessa, mutta haluat ostaa lippuja Eurojackpotiin? Osta ne netist\u00e4 t\u00e4\u00e4lt\u00e4!","robots":{"index":"index","follow":"follow","max-snippet":"max-snippet:-1","max-image-preview":"max-image-preview:large","max-video-preview":"max-video-preview:-1"},"canonical":"https:\/\/onlinelotto365.com\/fi\/osta-lippuja\/eurojackpot\/","og_locale":"fi_FI","og_type":"article","og_title":"Osta lippuja Eurojackpotiin netist\u00e4 Suomesta| Eurojackpot info, miten ostat lippuja?","og_description":"Asutko Suomessa, mutta haluat ostaa lippuja Eurojackpotiin? Osta ne netist\u00e4 t\u00e4\u00e4lt\u00e4!","og_url":"https:\/\/onlinelotto365.com\/fi\/osta-lippuja\/eurojackpot\/","og_site_name":"OnlineLotto365","og_image":[{"url":"https:\/\/redfoxlotto.com\/image?size=8&amp;lottery=eurojackpot"}],"twitter_card":"summary_large_image","twitter_misc":{"Arvioitu lukuaika":"3 minuuttia"},"schema":{"@context":"https:\/\/schema.org","@graph":[{"@type":"WebPage","@id":"https:\/\/onlinelotto365.com\/fi\/osta-lippuja\/eurojackpot\/","url":"https:\/\/onlinelotto365.com\/fi\/osta-lippuja\/eurojackpot\/","name":"Osta lippuja Eurojackpotiin netist\u00e4 Suomesta| Eurojackpot info, miten ostat lippuja?","isPartOf":{"@id":"https:\/\/onlinelotto365.com\/fi\/#website"},"primaryImageOfPage":{"@id":"https:\/\/onlinelotto365.com\/fi\/osta-lippuja\/eurojackpot\/#primaryimage"},"image":{"@id":"https:\/\/onlinelotto365.com\/fi\/osta-lippuja\/eurojackpot\/#primaryimage"},"thumbnailUrl":"https:\/\/redfoxlotto.com\/image?size=8&amp;lottery=eurojackpot","datePublished":"2022-11-15T08:40:00+00:00","dateModified":"2022-11-15T08:40:00+00:00","description":"Asutko Suomessa, mutta haluat ostaa lippuja Eurojackpotiin? Osta ne netist\u00e4 t\u00e4\u00e4lt\u00e4!","breadcrumb":{"@id":"https:\/\/onlinelotto365.com\/fi\/osta-lippuja\/eurojackpot\/#breadcrumb"},"inLanguage":"fi","potentialAction":[{"@type":"ReadAction","target":["https:\/\/onlinelotto365.com\/fi\/osta-lippuja\/eurojackpot\/"]}]},{"@type":"ImageObject","inLanguage":"fi","@id":"https:\/\/onlinelotto365.com\/fi\/osta-lippuja\/eurojackpot\/#primaryimage","url":"https:\/\/redfoxlotto.com\/image?size=8&amp;lottery=eurojackpot","contentUrl":"https:\/\/redfoxlotto.com\/image?size=8&amp;lottery=eurojackpot"},{"@type":"BreadcrumbList","@id":"https:\/\/onlinelotto365.com\/fi\/osta-lippuja\/eurojackpot\/#breadcrumb","itemListElement":[{"@type":"ListItem","position":1,"name":"Home","item":"https:\/\/onlinelotto365.com\/fi\/"},{"@type":"ListItem","position":2,"name":"Osta Lottoarpoja Verkosta","item":"https:\/\/onlinelotto365.com\/fi\/osta-lippuja\/"},{"@type":"ListItem","position":3,"name":"Miten ostaa Eurojackpot-lippuja verkossa"}]},{"@type":"WebSite","@id":"https:\/\/onlinelotto365.com\/fi\/#website","url":"https:\/\/onlinelotto365.com\/fi\/","name":"OnlineLotto365","description":"","potentialAction":[{"@type":"SearchAction","target":{"@type":"EntryPoint","urlTemplate":"https:\/\/onlinelotto365.com\/fi\/?s={search_term_string}"},"query-input":{"@type":"PropertyValueSpecification","valueRequired":true,"valueName":"search_term_string"}}],"inLanguage":"fi"}]}},"_links":{"self":[{"href":"https:\/\/onlinelotto365.com\/fi\/wp-json\/wp\/v2\/pages\/80192","targetHints":{"allow":["GET"]}}],"collection":[{"href":"https:\/\/onlinelotto365.com\/fi\/wp-json\/wp\/v2\/pages"}],"about":[{"href":"https:\/\/onlinelotto365.com\/fi\/wp-json\/wp\/v2\/types\/page"}],"author":[{"embeddable":true,"href":"https:\/\/onlinelotto365.com\/fi\/wp-json\/wp\/v2\/users\/1"}],"replies":[{"embeddable":true,"href":"https:\/\/onlinelotto365.com\/fi\/wp-json\/wp\/v2\/comments?post=80192"}],"version-history":[{"count":0,"href":"https:\/\/onlinelotto365.com\/fi\/wp-json\/wp\/v2\/pages\/80192\/revisions"}],"up":[{"embeddable":true,"href":"https:\/\/onlinelotto365.com\/fi\/wp-json\/wp\/v2\/pages\/5577"}],"wp:attachment":[{"href":"https:\/\/onlinelotto365.com\/fi\/wp-json\/wp\/v2\/media?parent=80192"}],"curies":[{"name":"wp","href":"https:\/\/api.w.org\/{rel}","templated":true}]}}