{"id":80212,"date":"2022-11-15T11:13:14","date_gmt":"2022-11-15T10:13:14","guid":{"rendered":"https:\/\/onlinelotto365.com\/?page_id=80212"},"modified":"2022-11-15T11:13:14","modified_gmt":"2022-11-15T10:13:14","slug":"superenalotto","status":"publish","type":"page","link":"https:\/\/onlinelotto365.com\/fi\/osta-lippuja\/superenalotto\/","title":{"rendered":"Miten ostaa Superenalotto lippuja verkossa"},"content":{"rendered":"<p>Oletko kiinnostunut ostamaan Superenalotto-lippuja netist\u00e4 Suomesta, mutta et ole varma, miten se tehd\u00e4\u00e4n? Sitten olet oikeassa paikassa, sill\u00e4 me hoidamme sen puolestasi. Sinun tarvitsee vain noudattaa yksinkertaisia vaiheita, jotka k\u00e4sittelemme alla, ja saat lippusi nopeasti.<br \/>\n<a href=\"https:\/\/redfoxlotto.com\/play\/superenalotto\/?ref=a8564250a2&amp;medium=ol365\" target=\"_blank\" rel=\"noopener noreferrer\"><img decoding=\"async\" class=\"aligncenter\" src=\"https:\/\/redfoxlotto.com\/image?size=8&amp;lottery=superenalotto\" alt=\"superenalotto\" \/><\/a><\/p>\n<ul>\n<li>Valitse lottopeli, johon haluat ostaa lippuja, ja valitse numerot, joita haluat pelata, tai valitse pikavalintavaihtoehto, jotta tietokone voi valita puolestasi.<\/li>\n<li>Lis\u00e4\u00e4 lis\u00e4\u00e4 lippuja tai muita arpajaisia tilauksesi luomiseksi.<\/li>\n<li>Valitse vaihtoehto maksaa nyt<\/li>\n<li>Luo meille tili tai kirjaudu tilillesi ostaaksesi lippusi.<\/li>\n<li>Niiden, joiden on rekister\u00f6idytt\u00e4v\u00e4 tili, on etsitt\u00e4v\u00e4 s\u00e4hk\u00f6postistaan vahvistuslinkki varmistaakseen, ett\u00e4 heid\u00e4n tilins\u00e4 on t\u00e4ysin perustettu.<\/li>\n<li>Muista, ett\u00e4 linkki voi menn\u00e4 roskapostikansioon, jos s\u00e4hk\u00f6postiosoitettamme ei ole lis\u00e4tty osoitekirjaasi, joten tarkista se kahdesti.<\/li>\n<li>Valitse n\u00e4yt\u00f6n yl\u00e4reunassa oleva maksukuvake.<\/li>\n<li>Valitse maksutapa ja noudata ohjeita maksuprosessin loppuun saattamiseksi.<\/li>\n<\/ul>\n<h2>Miten maksat Superenalotto-lipun verkossa?<\/h2>\n<p>Teemme Superenalotto-lipun maksamisen Suomesta k\u00e4sin helpoksi<br \/>\nmahdollisimman yksinkertaiseksi tarjoamalla laajan valikoiman erilaisia maksutapoja. Valitse vain haluamasi ja olet matkalla hetkess\u00e4.<\/p>\n<p>Kun olet valmis ostamaan lippusi verkossa, sinun tarvitsee vain valita seuraavista vaihtoehdoista:<\/p>\n<ul>\n<li>K\u00e4yt\u00e4 haluamaasi maksutapaa maksaaksesi liput suoraan<\/li>\n<li>Laita rahaa tilillesi ja osta liput sill\u00e4 rahalla<\/li>\n<\/ul>\n<p>Varmista vain, ett\u00e4 talletat tilillesi enemm\u00e4n kuin lippuihin tarvitsemasi rahasumma, jos valitset t\u00e4m\u00e4n maksutavan.<\/p>\n<h2>Lis\u00e4\u00e4 tietoa Superenalotosta<\/h2>\n<ul>\n<li>Maa: Italia<\/li>\n<li>T\u00e4rkeimm\u00e4t numerot: 90<\/li>\n<li>Sin\u00e4 valitset: 6<\/li>\n<li>Arvontap\u00e4iv\u00e4t, tunnit: Tiistai, torstai, lauantai, 19:00 GMT, 21:00 CET.<\/li>\n<li>V\u00e4himm\u00e4isj\u00e4ttipotti: 2 miljoonaa euroa<\/li>\n<li>Suurin j\u00e4ttipotti: ei mit\u00e4\u00e4n<\/li>\n<li>Todenn\u00e4k\u00f6isyys voittaa j\u00e4ttipotti: 1:622614630<\/li>\n<li>Todenn\u00e4k\u00f6isyys tason 2 voittoon: 1:103769105<\/li>\n<li>Todenn\u00e4k\u00f6isyys voittaa mill\u00e4 tahansa tasolla: 1:20,58:sta<\/li>\n<li>Palkintotasojen m\u00e4\u00e4r\u00e4: 6<\/li>\n<\/ul>\n<h2>Superenalotto-lippujen ostamisen edut verkossa<\/h2>\n<ul>\n<li>Lippujen osto tapahtuu sielt\u00e4, miss\u00e4 sinulle on mukavinta, my\u00f6s Suomesta.<\/li>\n<li>Voit valita useista eri arpajaisista<\/li>\n<li>Saat parhaat mahdollisuudet voittaa arpajaiset, joissa on parhaat j\u00e4ttipotit<\/li>\n<li>Lis\u00e4\u00e4 rahaa tilillesi maksaaksesi suoraan lipuista<\/li>\n<li>Ei huolta lipun menett\u00e4misest\u00e4<\/li>\n<li>V\u00e4litt\u00f6m\u00e4t ilmoitukset, kun voitat<\/li>\n<li>Satunnaislukugeneraattori nopeaa lipunvalintaa varten<\/li>\n<\/ul>\n<h2>Onko Superenalotto lippujen ostaminen netist\u00e4 laillista?<\/h2>\n<p>Ent\u00e4 jos olet huolissasi lottokuponkien ostamisen laillisuudesta netist\u00e4? Tai edes perinteisell\u00e4 tavalla? Jos asuinmaassasi on tiukat lait, saatat olla huolissasi, mutta sinun ei tarvitse olla. Palvelumme nimitt\u00e4in noudattaa s\u00e4\u00e4nn\u00f6ksi\u00e4 ja varmistaa, ett\u00e4 saat voittosi, riippumatta siit\u00e4, kuinka paljon voitat tai miss\u00e4 asut. Sinun on vain oltava 18-vuotias voidaksesi k\u00e4ytt\u00e4\u00e4 palvelua.<\/p>\n<h2>Miten minulle maksetaan, jos voitan Superenaloton verkossa?<\/h2>\n<p><img loading=\"lazy\" decoding=\"async\" class=\"alignright size-medium wp-image-3615\" src=\"https:\/\/onlinelotto365.com\/wp-content\/uploads\/2020\/11\/online_lottery-52-300x169.jpg\" alt=\"pelata Superenalotto verkossa UK\" width=\"300\" height=\"169\" srcset=\"https:\/\/onlinelotto365.com\/wp-content\/uploads\/2020\/11\/online_lottery-52-300x169.jpg 300w, https:\/\/onlinelotto365.com\/wp-content\/uploads\/2020\/11\/online_lottery-52.jpg 462w\" sizes=\"auto, (max-width: 300px) 100vw, 300px\" \/><br \/>\nJos voitat, maksuprosessi on helppo, koska sinun ei tarvitse tehd\u00e4 juuri mit\u00e4\u00e4n. Sinun ei my\u00f6sk\u00e4\u00e4n tarvitse huolehtia siit\u00e4, ett\u00e4 menet\u00e4t voittosi. Emme ota palkkiota, kun voitat, emmek\u00e4 veloita sinulta mit\u00e4\u00e4n maksuja, ellet valitse pankkisiirtoa. Siin\u00e4 tapauksessa, jos pankki veloittaa meilt\u00e4 maksuja siirrosta, siirr\u00e4mme n\u00e4m\u00e4 maksut eteenp\u00e4in, ja voit n\u00e4hd\u00e4 pienen summan, joka otetaan pois voitoistasi.<\/p>\n<p><strong>Muuten sinun tulisi tiet\u00e4\u00e4 kaksi asiaa:<\/strong><\/p>\n<ul>\n<li>Alle 2500 euron voittosummat talletetaan v\u00e4litt\u00f6m\u00e4sti suoraan pelitilillesi, joten voit k\u00e4ytt\u00e4\u00e4 ne haluamallasi tavalla.<\/li>\n<li>Yli 2500 euron suuruiset summat vaativat ylim\u00e4\u00e4r\u00e4isen vaiheen. Tukitiimimme ottaa sinuun yhteytt\u00e4 ja antaa sinulle lomakkeen, joka sinun on t\u00e4ytett\u00e4v\u00e4 lottopalkkiota varten. Lomakkeessa kerrotaan yksityiskohtaisesti, miten haluat, ett\u00e4 maksut suoritetaan, ja voit saada pankkisiirron tai shekin voittamastasi summasta.<\/li>\n<\/ul>\n","protected":false},"excerpt":{"rendered":"<p>Oletko kiinnostunut ostamaan Superenalotto-lippuja netist\u00e4 Suomesta, mutta et ole varma, miten se tehd\u00e4\u00e4n? Sitten olet oikeassa paikassa, sill\u00e4 me hoidamme sen puolestasi. Sinun tarvitsee vain noudattaa yksinkertaisia vaiheita, jotka k\u00e4sittelemme alla, ja saat lippusi nopeasti. Valitse lottopeli, johon haluat ostaa lippuja, ja valitse numerot, joita haluat pelata, tai valitse pikavalintavaihtoehto, jotta tietokone voi valita puolestasi. [&hellip;]<\/p>\n","protected":false},"author":1,"featured_media":0,"parent":5577,"menu_order":5,"comment_status":"closed","ping_status":"closed","template":"superenalotto-info.php","meta":{"_et_pb_use_builder":"","_et_pb_old_content":"","_et_gb_content_width":"","exclude_from_search":false,"footnotes":""},"class_list":["post-80212","page","type-page","status-publish","hentry"],"yoast_head":"<!-- This site is optimized with the Yoast SEO plugin v23.4 - https:\/\/yoast.com\/wordpress\/plugins\/seo\/ -->\n<title>Tietoja lippujen ostamisesta Superenalotto verkossa Suomesta<\/title>\n<meta name=\"description\" content=\"Katso miten voit ostaa Superenalotto lippuja mist\u00e4 tahansa, my\u00f6s Suomesta.\" \/>\n<meta name=\"robots\" content=\"index, follow, max-snippet:-1, max-image-preview:large, max-video-preview:-1\" \/>\n<link rel=\"canonical\" href=\"https:\/\/onlinelotto365.com\/fi\/osta-lippuja\/superenalotto\/\" \/>\n<meta property=\"og:locale\" content=\"fi_FI\" \/>\n<meta property=\"og:type\" content=\"article\" \/>\n<meta property=\"og:title\" content=\"Tietoja lippujen ostamisesta Superenalotto verkossa Suomesta\" \/>\n<meta property=\"og:description\" content=\"Katso miten voit ostaa Superenalotto lippuja mist\u00e4 tahansa, my\u00f6s Suomesta.\" \/>\n<meta property=\"og:url\" content=\"https:\/\/onlinelotto365.com\/fi\/osta-lippuja\/superenalotto\/\" \/>\n<meta property=\"og:site_name\" content=\"OnlineLotto365\" \/>\n<meta property=\"og:image\" content=\"https:\/\/redfoxlotto.com\/image?size=8&amp;lottery=superenalotto\" \/>\n<meta name=\"twitter:card\" content=\"summary_large_image\" \/>\n<meta name=\"twitter:label1\" content=\"Arvioitu lukuaika\" \/>\n\t<meta name=\"twitter:data1\" content=\"3 minuuttia\" \/>\n<script type=\"application\/ld+json\" class=\"yoast-schema-graph\">{\"@context\":\"https:\/\/schema.org\",\"@graph\":[{\"@type\":\"WebPage\",\"@id\":\"https:\/\/onlinelotto365.com\/fi\/osta-lippuja\/superenalotto\/\",\"url\":\"https:\/\/onlinelotto365.com\/fi\/osta-lippuja\/superenalotto\/\",\"name\":\"Tietoja lippujen ostamisesta Superenalotto verkossa Suomesta\",\"isPartOf\":{\"@id\":\"https:\/\/onlinelotto365.com\/fi\/#website\"},\"primaryImageOfPage\":{\"@id\":\"https:\/\/onlinelotto365.com\/fi\/osta-lippuja\/superenalotto\/#primaryimage\"},\"image\":{\"@id\":\"https:\/\/onlinelotto365.com\/fi\/osta-lippuja\/superenalotto\/#primaryimage\"},\"thumbnailUrl\":\"https:\/\/redfoxlotto.com\/image?size=8&amp;lottery=superenalotto\",\"datePublished\":\"2022-11-15T10:13:14+00:00\",\"dateModified\":\"2022-11-15T10:13:14+00:00\",\"description\":\"Katso miten voit ostaa Superenalotto lippuja mist\u00e4 tahansa, my\u00f6s Suomesta.\",\"breadcrumb\":{\"@id\":\"https:\/\/onlinelotto365.com\/fi\/osta-lippuja\/superenalotto\/#breadcrumb\"},\"inLanguage\":\"fi\",\"potentialAction\":[{\"@type\":\"ReadAction\",\"target\":[\"https:\/\/onlinelotto365.com\/fi\/osta-lippuja\/superenalotto\/\"]}]},{\"@type\":\"ImageObject\",\"inLanguage\":\"fi\",\"@id\":\"https:\/\/onlinelotto365.com\/fi\/osta-lippuja\/superenalotto\/#primaryimage\",\"url\":\"https:\/\/redfoxlotto.com\/image?size=8&amp;lottery=superenalotto\",\"contentUrl\":\"https:\/\/redfoxlotto.com\/image?size=8&amp;lottery=superenalotto\"},{\"@type\":\"BreadcrumbList\",\"@id\":\"https:\/\/onlinelotto365.com\/fi\/osta-lippuja\/superenalotto\/#breadcrumb\",\"itemListElement\":[{\"@type\":\"ListItem\",\"position\":1,\"name\":\"Home\",\"item\":\"https:\/\/onlinelotto365.com\/fi\/\"},{\"@type\":\"ListItem\",\"position\":2,\"name\":\"Osta Lottoarpoja Verkosta\",\"item\":\"https:\/\/onlinelotto365.com\/fi\/osta-lippuja\/\"},{\"@type\":\"ListItem\",\"position\":3,\"name\":\"Miten ostaa Superenalotto lippuja verkossa\"}]},{\"@type\":\"WebSite\",\"@id\":\"https:\/\/onlinelotto365.com\/fi\/#website\",\"url\":\"https:\/\/onlinelotto365.com\/fi\/\",\"name\":\"OnlineLotto365\",\"description\":\"\",\"potentialAction\":[{\"@type\":\"SearchAction\",\"target\":{\"@type\":\"EntryPoint\",\"urlTemplate\":\"https:\/\/onlinelotto365.com\/fi\/?s={search_term_string}\"},\"query-input\":{\"@type\":\"PropertyValueSpecification\",\"valueRequired\":true,\"valueName\":\"search_term_string\"}}],\"inLanguage\":\"fi\"}]}<\/script>\n<!-- \/ Yoast SEO plugin. -->","yoast_head_json":{"title":"Tietoja lippujen ostamisesta Superenalotto verkossa Suomesta","description":"Katso miten voit ostaa Superenalotto lippuja mist\u00e4 tahansa, my\u00f6s Suomesta.","robots":{"index":"index","follow":"follow","max-snippet":"max-snippet:-1","max-image-preview":"max-image-preview:large","max-video-preview":"max-video-preview:-1"},"canonical":"https:\/\/onlinelotto365.com\/fi\/osta-lippuja\/superenalotto\/","og_locale":"fi_FI","og_type":"article","og_title":"Tietoja lippujen ostamisesta Superenalotto verkossa Suomesta","og_description":"Katso miten voit ostaa Superenalotto lippuja mist\u00e4 tahansa, my\u00f6s Suomesta.","og_url":"https:\/\/onlinelotto365.com\/fi\/osta-lippuja\/superenalotto\/","og_site_name":"OnlineLotto365","og_image":[{"url":"https:\/\/redfoxlotto.com\/image?size=8&amp;lottery=superenalotto"}],"twitter_card":"summary_large_image","twitter_misc":{"Arvioitu lukuaika":"3 minuuttia"},"schema":{"@context":"https:\/\/schema.org","@graph":[{"@type":"WebPage","@id":"https:\/\/onlinelotto365.com\/fi\/osta-lippuja\/superenalotto\/","url":"https:\/\/onlinelotto365.com\/fi\/osta-lippuja\/superenalotto\/","name":"Tietoja lippujen ostamisesta Superenalotto verkossa Suomesta","isPartOf":{"@id":"https:\/\/onlinelotto365.com\/fi\/#website"},"primaryImageOfPage":{"@id":"https:\/\/onlinelotto365.com\/fi\/osta-lippuja\/superenalotto\/#primaryimage"},"image":{"@id":"https:\/\/onlinelotto365.com\/fi\/osta-lippuja\/superenalotto\/#primaryimage"},"thumbnailUrl":"https:\/\/redfoxlotto.com\/image?size=8&amp;lottery=superenalotto","datePublished":"2022-11-15T10:13:14+00:00","dateModified":"2022-11-15T10:13:14+00:00","description":"Katso miten voit ostaa Superenalotto lippuja mist\u00e4 tahansa, my\u00f6s Suomesta.","breadcrumb":{"@id":"https:\/\/onlinelotto365.com\/fi\/osta-lippuja\/superenalotto\/#breadcrumb"},"inLanguage":"fi","potentialAction":[{"@type":"ReadAction","target":["https:\/\/onlinelotto365.com\/fi\/osta-lippuja\/superenalotto\/"]}]},{"@type":"ImageObject","inLanguage":"fi","@id":"https:\/\/onlinelotto365.com\/fi\/osta-lippuja\/superenalotto\/#primaryimage","url":"https:\/\/redfoxlotto.com\/image?size=8&amp;lottery=superenalotto","contentUrl":"https:\/\/redfoxlotto.com\/image?size=8&amp;lottery=superenalotto"},{"@type":"BreadcrumbList","@id":"https:\/\/onlinelotto365.com\/fi\/osta-lippuja\/superenalotto\/#breadcrumb","itemListElement":[{"@type":"ListItem","position":1,"name":"Home","item":"https:\/\/onlinelotto365.com\/fi\/"},{"@type":"ListItem","position":2,"name":"Osta Lottoarpoja Verkosta","item":"https:\/\/onlinelotto365.com\/fi\/osta-lippuja\/"},{"@type":"ListItem","position":3,"name":"Miten ostaa Superenalotto lippuja verkossa"}]},{"@type":"WebSite","@id":"https:\/\/onlinelotto365.com\/fi\/#website","url":"https:\/\/onlinelotto365.com\/fi\/","name":"OnlineLotto365","description":"","potentialAction":[{"@type":"SearchAction","target":{"@type":"EntryPoint","urlTemplate":"https:\/\/onlinelotto365.com\/fi\/?s={search_term_string}"},"query-input":{"@type":"PropertyValueSpecification","valueRequired":true,"valueName":"search_term_string"}}],"inLanguage":"fi"}]}},"_links":{"self":[{"href":"https:\/\/onlinelotto365.com\/fi\/wp-json\/wp\/v2\/pages\/80212","targetHints":{"allow":["GET"]}}],"collection":[{"href":"https:\/\/onlinelotto365.com\/fi\/wp-json\/wp\/v2\/pages"}],"about":[{"href":"https:\/\/onlinelotto365.com\/fi\/wp-json\/wp\/v2\/types\/page"}],"author":[{"embeddable":true,"href":"https:\/\/onlinelotto365.com\/fi\/wp-json\/wp\/v2\/users\/1"}],"replies":[{"embeddable":true,"href":"https:\/\/onlinelotto365.com\/fi\/wp-json\/wp\/v2\/comments?post=80212"}],"version-history":[{"count":0,"href":"https:\/\/onlinelotto365.com\/fi\/wp-json\/wp\/v2\/pages\/80212\/revisions"}],"up":[{"embeddable":true,"href":"https:\/\/onlinelotto365.com\/fi\/wp-json\/wp\/v2\/pages\/5577"}],"wp:attachment":[{"href":"https:\/\/onlinelotto365.com\/fi\/wp-json\/wp\/v2\/media?parent=80212"}],"curies":[{"name":"wp","href":"https:\/\/api.w.org\/{rel}","templated":true}]}}