{"id":80245,"date":"2022-11-15T13:49:49","date_gmt":"2022-11-15T12:49:49","guid":{"rendered":"https:\/\/onlinelotto365.com\/?page_id=80245"},"modified":"2022-11-15T13:49:49","modified_gmt":"2022-11-15T12:49:49","slug":"el-gordo","status":"publish","type":"page","link":"https:\/\/onlinelotto365.com\/fi\/osta-lippuja\/el-gordo\/","title":{"rendered":"Miten ostaa El Gordo lippuja verkossa"},"content":{"rendered":"<p>Oletko utelias ostamaan El Gordo -lippuja netist\u00e4, kun asut Suomessa? No, silloin et halua j\u00e4tt\u00e4\u00e4 t\u00e4t\u00e4 artikkelia v\u00e4liin, sill\u00e4 me opastamme sinut prosessin l\u00e4pi, jotta voit hankkia haluamasi liput ilman vaivaa ja ilman, ett\u00e4 sinun tarvitsee my\u00f6sk\u00e4\u00e4n matkustaa maahan, jossa t\u00e4t\u00e4 peli\u00e4 yleens\u00e4 pelataan.<br \/>\n<a href=\"https:\/\/redfoxlotto.com\/play\/el-gordo-primitiva\/?ref=a8564250a2&amp;medium=ol365\" target=\"_blank\" rel=\"noopener noreferrer\"><img decoding=\"async\" class=\"aligncenter\" src=\"https:\/\/redfoxlotto.com\/image?size=8&amp;lottery=el-gordo-primitiva\" alt=\"el gordo\" \/><\/a><\/p>\n<ul>\n<li>Tutustu haluamasi lottopelin p\u00e4\u00e4sivulle ja valitse numerot, jotka haluat lippuihisi.<\/li>\n<li>Lis\u00e4\u00e4 viel\u00e4 lis\u00e4\u00e4 lippuja samaan peliin tai muihin peleihin, joita haluat pelata, jotta sinulla on t\u00e4ysi tilaus.<\/li>\n<li>Valitse vaihtoehto maksaa nyt<\/li>\n<li>K\u00e4y l\u00e4pi tilisi rekister\u00f6intiprosessi, jos et ole koskaan aiemmin ostanut meilt\u00e4, tai kirjaudu olemassa olevalle tilillesi, jos sinulla on jo tili.<\/li>\n<li>Tarkista s\u00e4hk\u00f6postistasi vahvistuslinkki tileille, jotka tarvitsevat vahvistuksen ja rekister\u00f6innin.<\/li>\n<li>Jos s\u00e4hk\u00f6postiviesti ei n\u00e4y postilaatikossasi, katso roskapostikansiosta, ettei se ole p\u00e4\u00e4tynyt sinne.<\/li>\n<li>Klikkaa ostoskoria maksaaksesi tilauksesi.<\/li>\n<li>Valitse haluamasi maksutapa ja noudata maksuohjeita.<\/li>\n<\/ul>\n<h2>Miten maksat El Gordo -lippusi verkossa?<\/h2>\n<p>Lippujen maksaminen on helppoa ja nopeaa, sill\u00e4 haluamme varmistaa, ett\u00e4 asiakkaamme Suomesta voivat valita haluamansa liput juuri silloin, kun haluavat.<br \/>\nVoit maksaa lippusi tekem\u00e4ll\u00e4 jommankumman seuraavista tavoista:<\/p>\n<ul>\n<li>Aseta maksutapa tehd\u00e4ksesi ostoksen suoraan<\/li>\n<li>Lis\u00e4\u00e4 rahaa tilillesi tehd\u00e4ksesi maksun suoraan sielt\u00e4 k\u00e4sin<\/li>\n<\/ul>\n<p>Varmista, ett\u00e4 lis\u00e4\u00e4t pelitilillesi enemm\u00e4n kuin tarpeeksi rahaa, jos aiot tehd\u00e4 ostoksen suoraan t\u00e4\u00e4lt\u00e4.<\/p>\n<h2>Lis\u00e4tietoja El Gordosta<\/h2>\n<ul>\n<li>Maa: Espanja<\/li>\n<li>P\u00e4\u00e4asialliset numerot: 54<\/li>\n<li>Sin\u00e4 valitset: 5<\/li>\n<li>Lis\u00e4numerot: ei yht\u00e4\u00e4n<\/li>\n<li>Sin\u00e4 valitset: ei mit\u00e4\u00e4n<\/li>\n<li>Arvontap\u00e4iv\u00e4t, tunnit: CET, 21:30 CET, 21:30 CET.<\/li>\n<li>Pienin j\u00e4ttipotti: 4 miljoonaa euroa<\/li>\n<li>Suurin j\u00e4ttipotti: ei ole<\/li>\n<li>Todenn\u00e4k\u00f6isyys voittaa j\u00e4ttipotti: 1:31625100:sta.<\/li>\n<li>Todenn\u00e4k\u00f6isyys tason 2 voittoon: 1 3513900:sta<\/li>\n<li>Todenn\u00e4k\u00f6isyys voittaa mill\u00e4 tahansa tasolla: 1:6,16<\/li>\n<li>Palkintotasojen m\u00e4\u00e4r\u00e4: 9<\/li>\n<\/ul>\n<h2>El Gordo -lippujen ostamisen edut verkossa<\/h2>\n<ul>\n<li>Saat haluamasi liput poistumatta kotoa<\/li>\n<li>Voit valita entist\u00e4 useammasta lottopelist\u00e4<\/li>\n<li>Saat viel\u00e4 paremmat voittomahdollisuudet valitsemalla lottopelit, joissa on parhaat j\u00e4ttipotit<\/li>\n<li>Lis\u00e4\u00e4 rahaa tilillesi ja maksa liput lottosaldosi avulla<\/li>\n<li>Pid\u00e4 lippujesi seuranta helposti<\/li>\n<li>Saat v\u00e4litt\u00f6m\u00e4n ilmoituksen voitetuista lipuista<\/li>\n<li>Anna tietokoneen valita k\u00e4ytt\u00e4m\u00e4si lippujen numerot<\/li>\n<\/ul>\n<h2>Onko laillista ostaa El Gordo -arpoja netist\u00e4?<\/h2>\n<p>Ei ole mit\u00e4\u00e4n huolta siit\u00e4, ovatko lippusi ja niiden ostaminen netist\u00e4 vai perinteisell\u00e4 tavalla laillista sinulle Suomessa. J\u00e4rjestelm\u00e4mme tekee kaiken laillisesti ja s\u00e4\u00e4nn\u00f6sten mukaisesti. Puhumattakaan siit\u00e4, ett\u00e4 saat maksusi ja voittosi, tapahtui mit\u00e4 tahansa. Pid\u00e4mme huolen siit\u00e4, ett\u00e4 ne siirtyv\u00e4t tilillesi mahdollisimman nopeasti.<br \/>\nSinun tarvitsee vain olla 18-vuotias, jotta voit k\u00e4ytt\u00e4\u00e4 sivustoamme.<\/p>\n<h2>Miten saan maksun, jos voitan El Gordon verkossa?<\/h2>\n<p><img loading=\"lazy\" decoding=\"async\" class=\"alignright wp-image-3585\" src=\"https:\/\/onlinelotto365.com\/wp-content\/uploads\/2020\/11\/online_lottery-106.jpg\" alt=\"pelata el gordo verkossa Suomi\" width=\"282\" height=\"169\" \/><br \/>\nTied\u00e4mme, ett\u00e4 maksun saaminen on sinulle \u00e4\u00e4rimm\u00e4isen t\u00e4rke\u00e4\u00e4, ja siksi panostamme t\u00e4h\u00e4n prosessiin paljon aikaa ja vaivaa. Pid\u00e4mme huolen siit\u00e4, ett\u00e4 saat kaikki voittosi ilman mit\u00e4\u00e4n maksuja tai provisioita itsellemme. Maksat meille mit\u00e4\u00e4n vain, jos valitset maksutavaksi pankkisiirron. Joillakin alueilla t\u00e4m\u00e4 saattaa vaatia pankilta maksun Suomeen suoritettavasta siirrosta, ja me siirr\u00e4mme t\u00e4m\u00e4n pienen maksun my\u00f6s sinulle.<\/p>\n<h2>Muussa tapauksessa maksu tapahtuu kahdella tavalla:<\/h2>\n<p>Jos voitat alle 2500 euroa, talletamme sen automaattisesti suoraan tilillesi, joten sinun ei tarvitse tehd\u00e4 mit\u00e4\u00e4n muuta.<br \/>\nJos voitat yli 2500 euroa, sinun on odotettava s\u00e4hk\u00f6postia tukitiimilt\u00e4mme, jotta voit t\u00e4ytt\u00e4\u00e4 korvausvaatimuslomakkeen. N\u00e4in voit saada voittosi talletettua suoraan pankkisiirrolla tai sinulle l\u00e4hetett\u00e4v\u00e4ll\u00e4 sekill\u00e4.<\/p>\n","protected":false},"excerpt":{"rendered":"<p>Oletko utelias ostamaan El Gordo -lippuja netist\u00e4, kun asut Suomessa? No, silloin et halua j\u00e4tt\u00e4\u00e4 t\u00e4t\u00e4 artikkelia v\u00e4liin, sill\u00e4 me opastamme sinut prosessin l\u00e4pi, jotta voit hankkia haluamasi liput ilman vaivaa ja ilman, ett\u00e4 sinun tarvitsee my\u00f6sk\u00e4\u00e4n matkustaa maahan, jossa t\u00e4t\u00e4 peli\u00e4 yleens\u00e4 pelataan. Tutustu haluamasi lottopelin p\u00e4\u00e4sivulle ja valitse numerot, jotka haluat lippuihisi. Lis\u00e4\u00e4 [&hellip;]<\/p>\n","protected":false},"author":1,"featured_media":0,"parent":5577,"menu_order":6,"comment_status":"closed","ping_status":"closed","template":"el-gordo-info.php","meta":{"_et_pb_use_builder":"","_et_pb_old_content":"","_et_gb_content_width":"","exclude_from_search":false,"footnotes":""},"class_list":["post-80245","page","type-page","status-publish","hentry"],"yoast_head":"<!-- This site is optimized with the Yoast SEO plugin v23.4 - https:\/\/yoast.com\/wordpress\/plugins\/seo\/ -->\n<title>El Gordo Suomesta - miten ostaa lippuja verkossa<\/title>\n<meta name=\"description\" content=\"T\u00e4m\u00e4 espanjalainen arpajaiset on nyt saatavilla Suomesta - osta liput netist\u00e4\" \/>\n<meta name=\"robots\" content=\"index, follow, max-snippet:-1, max-image-preview:large, max-video-preview:-1\" \/>\n<link rel=\"canonical\" href=\"https:\/\/onlinelotto365.com\/fi\/osta-lippuja\/el-gordo\/\" \/>\n<meta property=\"og:locale\" content=\"fi_FI\" \/>\n<meta property=\"og:type\" content=\"article\" \/>\n<meta property=\"og:title\" content=\"El Gordo Suomesta - miten ostaa lippuja verkossa\" \/>\n<meta property=\"og:description\" content=\"T\u00e4m\u00e4 espanjalainen arpajaiset on nyt saatavilla Suomesta - osta liput netist\u00e4\" \/>\n<meta property=\"og:url\" content=\"https:\/\/onlinelotto365.com\/fi\/osta-lippuja\/el-gordo\/\" \/>\n<meta property=\"og:site_name\" content=\"OnlineLotto365\" \/>\n<meta property=\"og:image\" content=\"https:\/\/redfoxlotto.com\/image?size=8&amp;lottery=el-gordo-primitiva\" \/>\n<meta name=\"twitter:card\" content=\"summary_large_image\" \/>\n<meta name=\"twitter:label1\" content=\"Arvioitu lukuaika\" \/>\n\t<meta name=\"twitter:data1\" content=\"3 minuuttia\" \/>\n<script type=\"application\/ld+json\" class=\"yoast-schema-graph\">{\"@context\":\"https:\/\/schema.org\",\"@graph\":[{\"@type\":\"WebPage\",\"@id\":\"https:\/\/onlinelotto365.com\/fi\/osta-lippuja\/el-gordo\/\",\"url\":\"https:\/\/onlinelotto365.com\/fi\/osta-lippuja\/el-gordo\/\",\"name\":\"El Gordo Suomesta - miten ostaa lippuja verkossa\",\"isPartOf\":{\"@id\":\"https:\/\/onlinelotto365.com\/fi\/#website\"},\"primaryImageOfPage\":{\"@id\":\"https:\/\/onlinelotto365.com\/fi\/osta-lippuja\/el-gordo\/#primaryimage\"},\"image\":{\"@id\":\"https:\/\/onlinelotto365.com\/fi\/osta-lippuja\/el-gordo\/#primaryimage\"},\"thumbnailUrl\":\"https:\/\/redfoxlotto.com\/image?size=8&amp;lottery=el-gordo-primitiva\",\"datePublished\":\"2022-11-15T12:49:49+00:00\",\"dateModified\":\"2022-11-15T12:49:49+00:00\",\"description\":\"T\u00e4m\u00e4 espanjalainen arpajaiset on nyt saatavilla Suomesta - osta liput netist\u00e4\",\"breadcrumb\":{\"@id\":\"https:\/\/onlinelotto365.com\/fi\/osta-lippuja\/el-gordo\/#breadcrumb\"},\"inLanguage\":\"fi\",\"potentialAction\":[{\"@type\":\"ReadAction\",\"target\":[\"https:\/\/onlinelotto365.com\/fi\/osta-lippuja\/el-gordo\/\"]}]},{\"@type\":\"ImageObject\",\"inLanguage\":\"fi\",\"@id\":\"https:\/\/onlinelotto365.com\/fi\/osta-lippuja\/el-gordo\/#primaryimage\",\"url\":\"https:\/\/redfoxlotto.com\/image?size=8&amp;lottery=el-gordo-primitiva\",\"contentUrl\":\"https:\/\/redfoxlotto.com\/image?size=8&amp;lottery=el-gordo-primitiva\"},{\"@type\":\"BreadcrumbList\",\"@id\":\"https:\/\/onlinelotto365.com\/fi\/osta-lippuja\/el-gordo\/#breadcrumb\",\"itemListElement\":[{\"@type\":\"ListItem\",\"position\":1,\"name\":\"Home\",\"item\":\"https:\/\/onlinelotto365.com\/fi\/\"},{\"@type\":\"ListItem\",\"position\":2,\"name\":\"Osta Lottoarpoja Verkosta\",\"item\":\"https:\/\/onlinelotto365.com\/fi\/osta-lippuja\/\"},{\"@type\":\"ListItem\",\"position\":3,\"name\":\"Miten ostaa El Gordo lippuja verkossa\"}]},{\"@type\":\"WebSite\",\"@id\":\"https:\/\/onlinelotto365.com\/fi\/#website\",\"url\":\"https:\/\/onlinelotto365.com\/fi\/\",\"name\":\"OnlineLotto365\",\"description\":\"\",\"potentialAction\":[{\"@type\":\"SearchAction\",\"target\":{\"@type\":\"EntryPoint\",\"urlTemplate\":\"https:\/\/onlinelotto365.com\/fi\/?s={search_term_string}\"},\"query-input\":{\"@type\":\"PropertyValueSpecification\",\"valueRequired\":true,\"valueName\":\"search_term_string\"}}],\"inLanguage\":\"fi\"}]}<\/script>\n<!-- \/ Yoast SEO plugin. -->","yoast_head_json":{"title":"El Gordo Suomesta - miten ostaa lippuja verkossa","description":"T\u00e4m\u00e4 espanjalainen arpajaiset on nyt saatavilla Suomesta - osta liput netist\u00e4","robots":{"index":"index","follow":"follow","max-snippet":"max-snippet:-1","max-image-preview":"max-image-preview:large","max-video-preview":"max-video-preview:-1"},"canonical":"https:\/\/onlinelotto365.com\/fi\/osta-lippuja\/el-gordo\/","og_locale":"fi_FI","og_type":"article","og_title":"El Gordo Suomesta - miten ostaa lippuja verkossa","og_description":"T\u00e4m\u00e4 espanjalainen arpajaiset on nyt saatavilla Suomesta - osta liput netist\u00e4","og_url":"https:\/\/onlinelotto365.com\/fi\/osta-lippuja\/el-gordo\/","og_site_name":"OnlineLotto365","og_image":[{"url":"https:\/\/redfoxlotto.com\/image?size=8&amp;lottery=el-gordo-primitiva"}],"twitter_card":"summary_large_image","twitter_misc":{"Arvioitu lukuaika":"3 minuuttia"},"schema":{"@context":"https:\/\/schema.org","@graph":[{"@type":"WebPage","@id":"https:\/\/onlinelotto365.com\/fi\/osta-lippuja\/el-gordo\/","url":"https:\/\/onlinelotto365.com\/fi\/osta-lippuja\/el-gordo\/","name":"El Gordo Suomesta - miten ostaa lippuja verkossa","isPartOf":{"@id":"https:\/\/onlinelotto365.com\/fi\/#website"},"primaryImageOfPage":{"@id":"https:\/\/onlinelotto365.com\/fi\/osta-lippuja\/el-gordo\/#primaryimage"},"image":{"@id":"https:\/\/onlinelotto365.com\/fi\/osta-lippuja\/el-gordo\/#primaryimage"},"thumbnailUrl":"https:\/\/redfoxlotto.com\/image?size=8&amp;lottery=el-gordo-primitiva","datePublished":"2022-11-15T12:49:49+00:00","dateModified":"2022-11-15T12:49:49+00:00","description":"T\u00e4m\u00e4 espanjalainen arpajaiset on nyt saatavilla Suomesta - osta liput netist\u00e4","breadcrumb":{"@id":"https:\/\/onlinelotto365.com\/fi\/osta-lippuja\/el-gordo\/#breadcrumb"},"inLanguage":"fi","potentialAction":[{"@type":"ReadAction","target":["https:\/\/onlinelotto365.com\/fi\/osta-lippuja\/el-gordo\/"]}]},{"@type":"ImageObject","inLanguage":"fi","@id":"https:\/\/onlinelotto365.com\/fi\/osta-lippuja\/el-gordo\/#primaryimage","url":"https:\/\/redfoxlotto.com\/image?size=8&amp;lottery=el-gordo-primitiva","contentUrl":"https:\/\/redfoxlotto.com\/image?size=8&amp;lottery=el-gordo-primitiva"},{"@type":"BreadcrumbList","@id":"https:\/\/onlinelotto365.com\/fi\/osta-lippuja\/el-gordo\/#breadcrumb","itemListElement":[{"@type":"ListItem","position":1,"name":"Home","item":"https:\/\/onlinelotto365.com\/fi\/"},{"@type":"ListItem","position":2,"name":"Osta Lottoarpoja Verkosta","item":"https:\/\/onlinelotto365.com\/fi\/osta-lippuja\/"},{"@type":"ListItem","position":3,"name":"Miten ostaa El Gordo lippuja verkossa"}]},{"@type":"WebSite","@id":"https:\/\/onlinelotto365.com\/fi\/#website","url":"https:\/\/onlinelotto365.com\/fi\/","name":"OnlineLotto365","description":"","potentialAction":[{"@type":"SearchAction","target":{"@type":"EntryPoint","urlTemplate":"https:\/\/onlinelotto365.com\/fi\/?s={search_term_string}"},"query-input":{"@type":"PropertyValueSpecification","valueRequired":true,"valueName":"search_term_string"}}],"inLanguage":"fi"}]}},"_links":{"self":[{"href":"https:\/\/onlinelotto365.com\/fi\/wp-json\/wp\/v2\/pages\/80245","targetHints":{"allow":["GET"]}}],"collection":[{"href":"https:\/\/onlinelotto365.com\/fi\/wp-json\/wp\/v2\/pages"}],"about":[{"href":"https:\/\/onlinelotto365.com\/fi\/wp-json\/wp\/v2\/types\/page"}],"author":[{"embeddable":true,"href":"https:\/\/onlinelotto365.com\/fi\/wp-json\/wp\/v2\/users\/1"}],"replies":[{"embeddable":true,"href":"https:\/\/onlinelotto365.com\/fi\/wp-json\/wp\/v2\/comments?post=80245"}],"version-history":[{"count":0,"href":"https:\/\/onlinelotto365.com\/fi\/wp-json\/wp\/v2\/pages\/80245\/revisions"}],"up":[{"embeddable":true,"href":"https:\/\/onlinelotto365.com\/fi\/wp-json\/wp\/v2\/pages\/5577"}],"wp:attachment":[{"href":"https:\/\/onlinelotto365.com\/fi\/wp-json\/wp\/v2\/media?parent=80245"}],"curies":[{"name":"wp","href":"https:\/\/api.w.org\/{rel}","templated":true}]}}