{"id":80277,"date":"2022-11-16T09:20:40","date_gmt":"2022-11-16T08:20:40","guid":{"rendered":"https:\/\/onlinelotto365.com\/?page_id=80277"},"modified":"2022-11-16T09:21:23","modified_gmt":"2022-11-16T08:21:23","slug":"la-primitiva","status":"publish","type":"page","link":"https:\/\/onlinelotto365.com\/fi\/osta-lippuja\/la-primitiva\/","title":{"rendered":"Miten ostaa La Primitiva lippuja verkossa"},"content":{"rendered":"<p>Jos haluat ostaa La Primitiva -lippuja verkossa, mutta et ole viel\u00e4 varma, miten se tehd\u00e4\u00e4n, tutustu t\u00e4h\u00e4n prosessiin. Se on paljon helpompaa kuin luuletkaan, sill\u00e4 Suomi&#8230;<br \/>\nlottofanit, ja voit odottaa arvontoja nopeammin kuin uskotkaan.<br \/>\n<a href=\"https:\/\/redfoxlotto.com\/play\/la-primitiva\/?ref=a8564250a2&amp;medium=ol365\" target=\"_blank\" rel=\"noopener noreferrer\"><img decoding=\"async\" class=\"aligncenter\" src=\"https:\/\/redfoxlotto.com\/image?size=8&amp;lottery=la-primitiva\" alt=\" la primitiva\" \/><\/a><\/p>\n<ul>\n<li>Valitse lottopeli, jota haluat pelata, ja valitse numerot jokaiseen lippuun. Tai anna tietokoneen valita lippusi numerot puolestasi.<\/li>\n<li>Lis\u00e4\u00e4 tilaukseesi niin monta eri arpaa ja lottopeli\u00e4 kuin haluat ennen kuin olet valmis kassalle.<\/li>\n<li>Valitse vaihtoehto maksaa nyt<\/li>\n<li>Rekister\u00f6i uusi tili, jos et ole koskaan aiemmin ostanut meilt\u00e4, tai kirjaudu sis\u00e4\u00e4n, jos olet jo asiakas.<\/li>\n<li>Suorita rekister\u00f6itymisprosessi loppuun klikkaamalla s\u00e4hk\u00f6postiisi l\u00e4hetetty\u00e4 vahvistuslinkki\u00e4.<\/li>\n<li>Tarkista sek\u00e4 postilaatikkosi ett\u00e4 roskapostikansiosi vahvistuss\u00e4hk\u00f6postisi.<\/li>\n<li>Siirry ostoskoriin verkkosivustolla<\/li>\n<li>Seuraa ohjeita valitaksesi maksuvaihtoehdon ja maksa lippusi.<\/li>\n<\/ul>\n<h2>Miten maksat La Primitiva -lippusi verkossa?<\/h2>\n<p>Voit valita useiden eri maksutapojen v\u00e4lill\u00e4, jotka ovat eritt\u00e4in turvallisia k\u00e4ytt\u00e4jillemme. Annamme sinun valita sinulle sopivimman vaihtoehdon.<br \/>\nValitse yksi kahdesta vaihtoehdosta p\u00e4\u00e4st\u00e4ksesi alkuun:<\/p>\n<ul>\n<li>Suorita maksu suoraan luottokortilla, pankkitilill\u00e4 tai muulla maksutavalla.<\/li>\n<li>Lis\u00e4\u00e4 rahaa tilillesi ja k\u00e4yt\u00e4 sit\u00e4 lippujen ostamiseen pelitililt\u00e4si.<\/li>\n<\/ul>\n<p>Niiden, jotka lis\u00e4\u00e4v\u00e4t pelitililleen rahaa tehd\u00e4kseen ostoksen, on talletettava enemm\u00e4n kuin tarpeeksi rahaa valitsemaansa ostokseen.<\/p>\n<h2>Lis\u00e4tietoja La Primitivasta<\/h2>\n<ul>\n<li>Maa: Espanja<\/li>\n<li>T\u00e4rkeimm\u00e4t numerot: 49<\/li>\n<li>Sin\u00e4 valitset: 6<\/li>\n<li>Ylim\u00e4\u00e4r\u00e4iset numerot:<\/li>\n<li>Valitse: 1<\/li>\n<li>Arvontap\u00e4iv\u00e4t, tunnit: Keski-Euroopan aikaa: torstai, lauantai, 21:30 CET, 21:30 CET.<\/li>\n<li>V\u00e4himm\u00e4isj\u00e4ttipotti: 2 miljoonaa euroa<\/li>\n<li>Suurin j\u00e4ttipotti: ei mit\u00e4\u00e4n<\/li>\n<li>Todenn\u00e4k\u00f6isyys voittaa j\u00e4ttipotti: 1:15537573:sta<\/li>\n<li>Todenn\u00e4k\u00f6isyys tason 2 voittoon: 1 542008:sta<\/li>\n<li>Todenn\u00e4k\u00f6isyys voittaa mill\u00e4 tahansa tasolla: 1:8,43:sta<\/li>\n<li>Palkintotasojen m\u00e4\u00e4r\u00e4: 9<\/li>\n<\/ul>\n<h2>La Primitiva -lippujen ostamisen edut verkossa<\/h2>\n<ul>\n<li>Valitse lippusi poistumatta kotoa<\/li>\n<li>Valitse entist\u00e4 useammista arpajaisvaihtoehdoista<\/li>\n<li>Tutustu eri j\u00e4ttipotteihin n\u00e4hd\u00e4ksesi, miss\u00e4 voit voittaa eniten.<\/li>\n<li>Laita rahaa tilillesi lippujen maksua varten.<\/li>\n<li>Ei huolta lippujen h\u00e4vi\u00e4misest\u00e4<\/li>\n<li>Saat ilmoituksen, jos voitat<\/li>\n<li>Voit valita satunnaisesti luodun lipun<\/li>\n<\/ul>\n<h2>Onko La Primitiva -lippujen ostaminen netist\u00e4 laillista?<\/h2>\n<p>Jotkut ihmiset ovat huolissaan siit\u00e4, onko arpalippujen ostaminen netist\u00e4 sallittua heid\u00e4n asuinmaassaan. Tai edes sit\u00e4, voivatko he ostaa lippuja perinteisell\u00e4 tavalla. Sinun ei kuitenkaan tarvitse huolehtia siit\u00e4, onko j\u00e4rjestelm\u00e4mme k\u00e4ytt\u00f6 laillista, sill\u00e4 huolehdimme sen alueen m\u00e4\u00e4r\u00e4yksist\u00e4, jossa arpajaiset j\u00e4rjestet\u00e4\u00e4n. N\u00e4in saat voittosi riippumatta siit\u00e4, mit\u00e4 tapahtuu ja kuinka paljon voitat.<br \/>\nSinun on vain oltava v\u00e4hint\u00e4\u00e4n 18-vuotias voidaksesi k\u00e4ytt\u00e4\u00e4 palveluamme.<\/p>\n<h2>Miten minulle maksetaan, jos voitan La Primitivan verkossa?<\/h2>\n<p><img loading=\"lazy\" decoding=\"async\" class=\"alignright wp-image-3535\" src=\"https:\/\/onlinelotto365.com\/wp-content\/uploads\/2020\/11\/online_lottery-141-296x300.jpg\" alt=\"la primitiva verkossa\" width=\"164\" height=\"166\" srcset=\"https:\/\/onlinelotto365.com\/wp-content\/uploads\/2020\/11\/online_lottery-141-296x300.jpg 296w, https:\/\/onlinelotto365.com\/wp-content\/uploads\/2020\/11\/online_lottery-141-100x100.jpg 100w, https:\/\/onlinelotto365.com\/wp-content\/uploads\/2020\/11\/online_lottery-141.jpg 491w\" sizes=\"auto, (max-width: 164px) 100vw, 164px\" \/><br \/>\nKun on kyse maksun saamisesta, tied\u00e4mme, kuinka t\u00e4rke\u00e4\u00e4 se on sinulle. Siksi teemme maksuprosessista mahdollisimman helpon. Ja teemme sen kaiken veloittamatta sinulta mit\u00e4\u00e4n maksuja tai provisioita. Ainakaan, ellet halua, ett\u00e4 maksusi l\u00e4hetet\u00e4\u00e4n pankkisiirrolla. Siin\u00e4 tapauksessa pankkisi saattaa peri\u00e4 meilt\u00e4 maksun. Kun n\u00e4in tapahtuu, v\u00e4lit\u00e4mme t\u00e4m\u00e4n maksun sinulle.<br \/>\nSinun tarvitsee vain tiet\u00e4\u00e4, mit\u00e4 tapahtuu, kun voitat:<\/p>\n<ul>\n<li>Jos voitat alle 2500 euroa, sinun ei tarvitse tehd\u00e4 mit\u00e4\u00e4n, koska me hoidamme kaiken puolestasi. Varmistamme, ett\u00e4 saat kaikki rahasi suoraan pelitilillesi.<\/li>\n<li>Jos voitat yli 2500 euroa, voit saada rahasi sekill\u00e4 tai pankkisiirrolla. T\u00e4ss\u00e4 tapauksessa sinun on t\u00e4ytett\u00e4v\u00e4 vaatimuslomake, jonka tukitiimimme l\u00e4hett\u00e4\u00e4 sinulle, ja sitten autamme sinua lopuissa asioissa.<\/li>\n<\/ul>\n","protected":false},"excerpt":{"rendered":"<p>Jos haluat ostaa La Primitiva -lippuja verkossa, mutta et ole viel\u00e4 varma, miten se tehd\u00e4\u00e4n, tutustu t\u00e4h\u00e4n prosessiin. Se on paljon helpompaa kuin luuletkaan, sill\u00e4 Suomi&#8230; lottofanit, ja voit odottaa arvontoja nopeammin kuin uskotkaan. Valitse lottopeli, jota haluat pelata, ja valitse numerot jokaiseen lippuun. Tai anna tietokoneen valita lippusi numerot puolestasi. Lis\u00e4\u00e4 tilaukseesi niin monta [&hellip;]<\/p>\n","protected":false},"author":1,"featured_media":0,"parent":5577,"menu_order":7,"comment_status":"closed","ping_status":"closed","template":"la-primitiva-info.php","meta":{"_et_pb_use_builder":"","_et_pb_old_content":"","_et_gb_content_width":"","exclude_from_search":false,"footnotes":""},"class_list":["post-80277","page","type-page","status-publish","hentry"],"yoast_head":"<!-- This site is optimized with the Yoast SEO plugin v23.4 - https:\/\/yoast.com\/wordpress\/plugins\/seo\/ -->\n<title>La Primitiva lippujen verkkopalvelu | La Primitiva Suomesta<\/title>\n<meta name=\"description\" content=\"Katso, miten voit ostaa lippuja Espanjan La Primitiva-arvontaan Suomesta k\u00e4sin.\" \/>\n<meta name=\"robots\" content=\"index, follow, max-snippet:-1, max-image-preview:large, max-video-preview:-1\" \/>\n<link rel=\"canonical\" href=\"https:\/\/onlinelotto365.com\/fi\/osta-lippuja\/la-primitiva\/\" \/>\n<meta property=\"og:locale\" content=\"fi_FI\" \/>\n<meta property=\"og:type\" content=\"article\" \/>\n<meta property=\"og:title\" content=\"La Primitiva lippujen verkkopalvelu | La Primitiva Suomesta\" \/>\n<meta property=\"og:description\" content=\"Katso, miten voit ostaa lippuja Espanjan La Primitiva-arvontaan Suomesta k\u00e4sin.\" \/>\n<meta property=\"og:url\" content=\"https:\/\/onlinelotto365.com\/fi\/osta-lippuja\/la-primitiva\/\" \/>\n<meta property=\"og:site_name\" content=\"OnlineLotto365\" \/>\n<meta property=\"article:modified_time\" content=\"2022-11-16T08:21:23+00:00\" \/>\n<meta property=\"og:image\" content=\"https:\/\/redfoxlotto.com\/image?size=8&amp;lottery=la-primitiva\" \/>\n<meta name=\"twitter:card\" content=\"summary_large_image\" \/>\n<meta name=\"twitter:label1\" content=\"Arvioitu lukuaika\" \/>\n\t<meta name=\"twitter:data1\" content=\"3 minuuttia\" \/>\n<script type=\"application\/ld+json\" class=\"yoast-schema-graph\">{\"@context\":\"https:\/\/schema.org\",\"@graph\":[{\"@type\":\"WebPage\",\"@id\":\"https:\/\/onlinelotto365.com\/fi\/osta-lippuja\/la-primitiva\/\",\"url\":\"https:\/\/onlinelotto365.com\/fi\/osta-lippuja\/la-primitiva\/\",\"name\":\"La Primitiva lippujen verkkopalvelu | La Primitiva Suomesta\",\"isPartOf\":{\"@id\":\"https:\/\/onlinelotto365.com\/fi\/#website\"},\"primaryImageOfPage\":{\"@id\":\"https:\/\/onlinelotto365.com\/fi\/osta-lippuja\/la-primitiva\/#primaryimage\"},\"image\":{\"@id\":\"https:\/\/onlinelotto365.com\/fi\/osta-lippuja\/la-primitiva\/#primaryimage\"},\"thumbnailUrl\":\"https:\/\/redfoxlotto.com\/image?size=8&amp;lottery=la-primitiva\",\"datePublished\":\"2022-11-16T08:20:40+00:00\",\"dateModified\":\"2022-11-16T08:21:23+00:00\",\"description\":\"Katso, miten voit ostaa lippuja Espanjan La Primitiva-arvontaan Suomesta k\u00e4sin.\",\"breadcrumb\":{\"@id\":\"https:\/\/onlinelotto365.com\/fi\/osta-lippuja\/la-primitiva\/#breadcrumb\"},\"inLanguage\":\"fi\",\"potentialAction\":[{\"@type\":\"ReadAction\",\"target\":[\"https:\/\/onlinelotto365.com\/fi\/osta-lippuja\/la-primitiva\/\"]}]},{\"@type\":\"ImageObject\",\"inLanguage\":\"fi\",\"@id\":\"https:\/\/onlinelotto365.com\/fi\/osta-lippuja\/la-primitiva\/#primaryimage\",\"url\":\"https:\/\/redfoxlotto.com\/image?size=8&amp;lottery=la-primitiva\",\"contentUrl\":\"https:\/\/redfoxlotto.com\/image?size=8&amp;lottery=la-primitiva\"},{\"@type\":\"BreadcrumbList\",\"@id\":\"https:\/\/onlinelotto365.com\/fi\/osta-lippuja\/la-primitiva\/#breadcrumb\",\"itemListElement\":[{\"@type\":\"ListItem\",\"position\":1,\"name\":\"Home\",\"item\":\"https:\/\/onlinelotto365.com\/fi\/\"},{\"@type\":\"ListItem\",\"position\":2,\"name\":\"Osta Lottoarpoja Verkosta\",\"item\":\"https:\/\/onlinelotto365.com\/fi\/osta-lippuja\/\"},{\"@type\":\"ListItem\",\"position\":3,\"name\":\"Miten ostaa La Primitiva lippuja verkossa\"}]},{\"@type\":\"WebSite\",\"@id\":\"https:\/\/onlinelotto365.com\/fi\/#website\",\"url\":\"https:\/\/onlinelotto365.com\/fi\/\",\"name\":\"OnlineLotto365\",\"description\":\"\",\"potentialAction\":[{\"@type\":\"SearchAction\",\"target\":{\"@type\":\"EntryPoint\",\"urlTemplate\":\"https:\/\/onlinelotto365.com\/fi\/?s={search_term_string}\"},\"query-input\":{\"@type\":\"PropertyValueSpecification\",\"valueRequired\":true,\"valueName\":\"search_term_string\"}}],\"inLanguage\":\"fi\"}]}<\/script>\n<!-- \/ Yoast SEO plugin. -->","yoast_head_json":{"title":"La Primitiva lippujen verkkopalvelu | La Primitiva Suomesta","description":"Katso, miten voit ostaa lippuja Espanjan La Primitiva-arvontaan Suomesta k\u00e4sin.","robots":{"index":"index","follow":"follow","max-snippet":"max-snippet:-1","max-image-preview":"max-image-preview:large","max-video-preview":"max-video-preview:-1"},"canonical":"https:\/\/onlinelotto365.com\/fi\/osta-lippuja\/la-primitiva\/","og_locale":"fi_FI","og_type":"article","og_title":"La Primitiva lippujen verkkopalvelu | La Primitiva Suomesta","og_description":"Katso, miten voit ostaa lippuja Espanjan La Primitiva-arvontaan Suomesta k\u00e4sin.","og_url":"https:\/\/onlinelotto365.com\/fi\/osta-lippuja\/la-primitiva\/","og_site_name":"OnlineLotto365","article_modified_time":"2022-11-16T08:21:23+00:00","og_image":[{"url":"https:\/\/redfoxlotto.com\/image?size=8&amp;lottery=la-primitiva"}],"twitter_card":"summary_large_image","twitter_misc":{"Arvioitu lukuaika":"3 minuuttia"},"schema":{"@context":"https:\/\/schema.org","@graph":[{"@type":"WebPage","@id":"https:\/\/onlinelotto365.com\/fi\/osta-lippuja\/la-primitiva\/","url":"https:\/\/onlinelotto365.com\/fi\/osta-lippuja\/la-primitiva\/","name":"La Primitiva lippujen verkkopalvelu | La Primitiva Suomesta","isPartOf":{"@id":"https:\/\/onlinelotto365.com\/fi\/#website"},"primaryImageOfPage":{"@id":"https:\/\/onlinelotto365.com\/fi\/osta-lippuja\/la-primitiva\/#primaryimage"},"image":{"@id":"https:\/\/onlinelotto365.com\/fi\/osta-lippuja\/la-primitiva\/#primaryimage"},"thumbnailUrl":"https:\/\/redfoxlotto.com\/image?size=8&amp;lottery=la-primitiva","datePublished":"2022-11-16T08:20:40+00:00","dateModified":"2022-11-16T08:21:23+00:00","description":"Katso, miten voit ostaa lippuja Espanjan La Primitiva-arvontaan Suomesta k\u00e4sin.","breadcrumb":{"@id":"https:\/\/onlinelotto365.com\/fi\/osta-lippuja\/la-primitiva\/#breadcrumb"},"inLanguage":"fi","potentialAction":[{"@type":"ReadAction","target":["https:\/\/onlinelotto365.com\/fi\/osta-lippuja\/la-primitiva\/"]}]},{"@type":"ImageObject","inLanguage":"fi","@id":"https:\/\/onlinelotto365.com\/fi\/osta-lippuja\/la-primitiva\/#primaryimage","url":"https:\/\/redfoxlotto.com\/image?size=8&amp;lottery=la-primitiva","contentUrl":"https:\/\/redfoxlotto.com\/image?size=8&amp;lottery=la-primitiva"},{"@type":"BreadcrumbList","@id":"https:\/\/onlinelotto365.com\/fi\/osta-lippuja\/la-primitiva\/#breadcrumb","itemListElement":[{"@type":"ListItem","position":1,"name":"Home","item":"https:\/\/onlinelotto365.com\/fi\/"},{"@type":"ListItem","position":2,"name":"Osta Lottoarpoja Verkosta","item":"https:\/\/onlinelotto365.com\/fi\/osta-lippuja\/"},{"@type":"ListItem","position":3,"name":"Miten ostaa La Primitiva lippuja verkossa"}]},{"@type":"WebSite","@id":"https:\/\/onlinelotto365.com\/fi\/#website","url":"https:\/\/onlinelotto365.com\/fi\/","name":"OnlineLotto365","description":"","potentialAction":[{"@type":"SearchAction","target":{"@type":"EntryPoint","urlTemplate":"https:\/\/onlinelotto365.com\/fi\/?s={search_term_string}"},"query-input":{"@type":"PropertyValueSpecification","valueRequired":true,"valueName":"search_term_string"}}],"inLanguage":"fi"}]}},"_links":{"self":[{"href":"https:\/\/onlinelotto365.com\/fi\/wp-json\/wp\/v2\/pages\/80277","targetHints":{"allow":["GET"]}}],"collection":[{"href":"https:\/\/onlinelotto365.com\/fi\/wp-json\/wp\/v2\/pages"}],"about":[{"href":"https:\/\/onlinelotto365.com\/fi\/wp-json\/wp\/v2\/types\/page"}],"author":[{"embeddable":true,"href":"https:\/\/onlinelotto365.com\/fi\/wp-json\/wp\/v2\/users\/1"}],"replies":[{"embeddable":true,"href":"https:\/\/onlinelotto365.com\/fi\/wp-json\/wp\/v2\/comments?post=80277"}],"version-history":[{"count":0,"href":"https:\/\/onlinelotto365.com\/fi\/wp-json\/wp\/v2\/pages\/80277\/revisions"}],"up":[{"embeddable":true,"href":"https:\/\/onlinelotto365.com\/fi\/wp-json\/wp\/v2\/pages\/5577"}],"wp:attachment":[{"href":"https:\/\/onlinelotto365.com\/fi\/wp-json\/wp\/v2\/media?parent=80277"}],"curies":[{"name":"wp","href":"https:\/\/api.w.org\/{rel}","templated":true}]}}