{"id":80309,"date":"2022-11-16T11:54:54","date_gmt":"2022-11-16T10:54:54","guid":{"rendered":"https:\/\/onlinelotto365.com\/?page_id=80309"},"modified":"2022-11-16T11:54:54","modified_gmt":"2022-11-16T10:54:54","slug":"bonoloto","status":"publish","type":"page","link":"https:\/\/onlinelotto365.com\/fi\/osta-lippuja\/bonoloto\/","title":{"rendered":"Miten ostaa BonoLoto lippuja verkossa"},"content":{"rendered":"<p>Jos asut Suomessa ja haluat tiet\u00e4\u00e4, miten voit pelata BonoLotoa verkossa ja miten saat liput, olet oikeassa paikassa. Me voimme auttaa sinua koko prosessissa, ja se tulee olemaan paljon helpompaa kuin uskotkaan. Sinun tarvitsee vain seurata alla esitettyj\u00e4 vaiheita.<br \/>\n<a href=\"https:\/\/redfoxlotto.com\/play\/bonoloto\/?ref=a8564250a2&amp;medium=ol365\" target=\"_blank\" rel=\"noopener noreferrer\"><img decoding=\"async\" class=\"aligncenter\" src=\"https:\/\/redfoxlotto.com\/image?size=8&amp;lottery=bonoloto\" alt=\"BonoLoto\" \/><\/a><\/p>\n<ul>\n<li>Siirry haluamasi lottopelin, kuten BonoLoton, sivulle. Valitse sitten kaikki haluamasi liput, mukaan lukien numerot, joita haluat pelata.<\/li>\n<li>Lis\u00e4\u00e4 BonoLoton tai muiden pelien lippuja tilaukseesi, kunnes olet valmis kassalle.<\/li>\n<li>Valitse painike maksaaksesi nyt<\/li>\n<li>Kirjaudu tilillesi tai valitse vaihtoehto luoda upouusi tili ja k\u00e4y l\u00e4pi rekister\u00f6itymisprosessi.<\/li>\n<li>Jos luot uuden tilin, sinun on ment\u00e4v\u00e4 s\u00e4hk\u00f6postiisi saadaksesi vahvistuslinkin, jonka avulla voit viimeistell\u00e4 prosessin.<\/li>\n<li>Jos et saa linkki\u00e4, tarkista roskapostikansiostasi, jos se ilmestyy sinne eik\u00e4 tavalliseen postilaatikkoosi.<\/li>\n<li>Siirry verkkosivuston kassasivulle ja aloita maksuprosessi.<\/li>\n<li>Valitse maksutapasi ja suorita kassamaksu loppuun.<\/li>\n<\/ul>\n<h2>Miten maksat BonoLoto-lippusi verkossa?<\/h2>\n<p>Sinulla on runsaasti erilaisia maksutapoja, joita voit k\u00e4ytt\u00e4\u00e4 muun muassa BonoLoto-lippujen ostamiseen.<br \/>\nHanki lippusi valitsemalla n\u00e4ist\u00e4 kahdesta yleisest\u00e4 vaihtoehdosta aluksi:<\/p>\n<ul>\n<li>Maksa tilauksesi suoraan luottokortilla tai rahoitustilill\u00e4si<\/li>\n<li>Talleta rahaa pelitilillesi verkkosivuillamme ja k\u00e4yt\u00e4 pelitili\u00e4si ostosten tekemiseen.<\/li>\n<\/ul>\n<p>Jos p\u00e4\u00e4t\u00e4t tallettaa rahaa pelitilillesi, varmista, ett\u00e4 lis\u00e4\u00e4t enemm\u00e4n rahaa kuin tarvitset nykyist\u00e4 tilaustasi varten, jotta tilaus voidaan k\u00e4sitell\u00e4.<\/p>\n<h2>Lis\u00e4tietoja BonoLoto<\/h2>\n<ul>\n<li>Maa: Espanja<\/li>\n<li>P\u00e4\u00e4asialliset numerot: 49<\/li>\n<li>Sin\u00e4 valitset: 6<\/li>\n<li>Arvontap\u00e4iv\u00e4t, kellonajat: p\u00e4ivitt\u00e4in paitsi sunnuntaisin, klo 21:30 CET, 21:30 CET.<\/li>\n<li>Pienin j\u00e4ttipotti: 400000<\/li>\n<li>Suurin j\u00e4ttipotti: ei mit\u00e4\u00e4n<\/li>\n<li>Todenn\u00e4k\u00f6isyys voittaa j\u00e4ttipotti: 1:13983816.<\/li>\n<li>Todenn\u00e4k\u00f6isyys tason 2 voittoon: 1 2330636:sta<\/li>\n<li>Todenn\u00e4k\u00f6isyys voittaa mill\u00e4 tahansa tasolla: 1:8,43:sta<\/li>\n<li>Palkintotasojen m\u00e4\u00e4r\u00e4: 6<\/li>\n<\/ul>\n<h2>BonoLoto-lippujen ostamisen edut verkossa<\/h2>\n<ul>\n<li>Pysyt kotona ja saat silti haluamasi liput Suomesta tai mist\u00e4 tahansa maasta tahansa<\/li>\n<li>Valitse laajasta valikoimasta erilaisia lottopelej\u00e4 ymp\u00e4ri maailmaa<\/li>\n<li>Saat paremmat mahdollisuudet voittaa suuria palkintoja valitsemalla parhaat j\u00e4ttipotit<\/li>\n<li>Laita rahaa tilillesi lippujen maksua varten<\/li>\n<li>\u00c4l\u00e4 huolehdi siit\u00e4, ettet en\u00e4\u00e4 koskaan menet\u00e4 lippua<\/li>\n<li>\u00c4l\u00e4 koskaan menet\u00e4 voittoa v\u00e4litt\u00f6mien ilmoitusten avulla<\/li>\n<li>K\u00e4yt\u00e4 satunnaislukugeneraattoria valitsemaan numerot puolestasi.<\/li>\n<\/ul>\n<h2>Onko BonoLoto-lippujen ostaminen netist\u00e4 laillista?<\/h2>\n<p>Saatat tuntea hieman huolta t\u00e4m\u00e4ntyyppisen pelin pelaamisesta, jos et tied\u00e4, miten laillista nettilotto on asuinmaassasi. Voit kuitenkin t\u00e4ysin luottaa siihen, ett\u00e4 palvelumme auttaa sinua. Varmistamme, ett\u00e4 kaikkia lottomaata koskevia s\u00e4\u00e4nn\u00f6ksi\u00e4 noudatetaan.<\/p>\n<p>N\u00e4in jos voitat mink\u00e4 tahansa palkinnon, my\u00f6s j\u00e4ttipotin, sinun ei tarvitse huolehtia siit\u00e4, ett\u00e4 voit lunastaa sen. Saat taatusti ansaitsemasi palkinnon.<br \/>\nAinoa s\u00e4\u00e4nt\u00f6 on, ett\u00e4 sinun on oltava v\u00e4hint\u00e4\u00e4n 18-vuotias voidaksesi pelata.<\/p>\n<h2>Miten minulle maksetaan, jos voitan BonoLoton verkossa?<\/h2>\n<p><img loading=\"lazy\" decoding=\"async\" class=\"alignright wp-image-3675\" src=\"https:\/\/onlinelotto365.com\/wp-content\/uploads\/2020\/11\/online_lottery-117-300x217.jpg\" alt=\"ostaa Bonoloto lippuja verkossa\" width=\"195\" height=\"141\" srcset=\"https:\/\/onlinelotto365.com\/wp-content\/uploads\/2020\/11\/online_lottery-117-300x217.jpg 300w, https:\/\/onlinelotto365.com\/wp-content\/uploads\/2020\/11\/online_lottery-117.jpg 320w\" sizes=\"auto, (max-width: 195px) 100vw, 195px\" \/><\/p>\n<p>Maksut ovat t\u00e4rkeit\u00e4, ja haluat varmistaa, ett\u00e4 saat kaikki rahat, joihin olet oikeutettu. Se ei ole ongelma meid\u00e4n kanssamme, koska emme peri sinulta palkkiota voitoistasi. Saat kaiken suoraan tilillesi.<\/p>\n<p>Ainoa kerta, kun veloitamme edes maksuja, on jos p\u00e4\u00e4t\u00e4t siirt\u00e4\u00e4 rahasi pankkiisi. Jos pankkisi perii maksun t\u00e4st\u00e4 siirrosta, me siirr\u00e4mme t\u00e4m\u00e4n maksun tilillesi.<br \/>\nKun sinulla on oikeus maksuun, tapahtuu kuitenkin jompikumpi kahdesta asiasta:<\/p>\n<ul>\n<li>Jos voitat alle 2500 euroa, saat rahat tilillesi k\u00e4yt\u00e4nn\u00f6ss\u00e4 v\u00e4litt\u00f6m\u00e4sti, joten voit tehd\u00e4 niill\u00e4 mit\u00e4 haluat.<\/li>\n<li>Jos voitat yli 2500 euroa, voittamasi summa l\u00e4hetet\u00e4\u00e4n sinulle joko pankkisiirtona tai shekkin\u00e4. Voit valita, kumman haluat, kun t\u00e4yt\u00e4t vaatimuslomakkeen, jonka henkil\u00f6kuntamme l\u00e4hett\u00e4\u00e4 sinulle. N\u00e4in saat rahasi muutamassa p\u00e4iv\u00e4ss\u00e4.<\/li>\n<\/ul>\n","protected":false},"excerpt":{"rendered":"<p>Jos asut Suomessa ja haluat tiet\u00e4\u00e4, miten voit pelata BonoLotoa verkossa ja miten saat liput, olet oikeassa paikassa. Me voimme auttaa sinua koko prosessissa, ja se tulee olemaan paljon helpompaa kuin uskotkaan. Sinun tarvitsee vain seurata alla esitettyj\u00e4 vaiheita. Siirry haluamasi lottopelin, kuten BonoLoton, sivulle. Valitse sitten kaikki haluamasi liput, mukaan lukien numerot, joita haluat [&hellip;]<\/p>\n","protected":false},"author":1,"featured_media":0,"parent":5577,"menu_order":8,"comment_status":"closed","ping_status":"closed","template":"template-rightsidebar.php","meta":{"_et_pb_use_builder":"","_et_pb_old_content":"","_et_gb_content_width":"","exclude_from_search":false,"footnotes":""},"class_list":["post-80309","page","type-page","status-publish","hentry"],"yoast_head":"<!-- This site is optimized with the Yoast SEO plugin v23.4 - https:\/\/yoast.com\/wordpress\/plugins\/seo\/ -->\n<title>BonoLoto liput netiss\u00e4 | Miten ostaa lippuja Suomesta?<\/title>\n<meta name=\"description\" content=\"Sivustomme avulla voit ostaa Bonoloto lippuja verkossa ja laillisesti\" \/>\n<meta name=\"robots\" content=\"index, follow, max-snippet:-1, max-image-preview:large, max-video-preview:-1\" \/>\n<link rel=\"canonical\" href=\"https:\/\/onlinelotto365.com\/fi\/osta-lippuja\/bonoloto\/\" \/>\n<meta property=\"og:locale\" content=\"fi_FI\" \/>\n<meta property=\"og:type\" content=\"article\" \/>\n<meta property=\"og:title\" content=\"BonoLoto liput netiss\u00e4 | Miten ostaa lippuja Suomesta?\" \/>\n<meta property=\"og:description\" content=\"Sivustomme avulla voit ostaa Bonoloto lippuja verkossa ja laillisesti\" \/>\n<meta property=\"og:url\" content=\"https:\/\/onlinelotto365.com\/fi\/osta-lippuja\/bonoloto\/\" \/>\n<meta property=\"og:site_name\" content=\"OnlineLotto365\" \/>\n<meta property=\"og:image\" content=\"https:\/\/redfoxlotto.com\/image?size=8&amp;lottery=bonoloto\" \/>\n<meta name=\"twitter:card\" content=\"summary_large_image\" \/>\n<meta name=\"twitter:label1\" content=\"Arvioitu lukuaika\" \/>\n\t<meta name=\"twitter:data1\" content=\"3 minuuttia\" \/>\n<script type=\"application\/ld+json\" class=\"yoast-schema-graph\">{\"@context\":\"https:\/\/schema.org\",\"@graph\":[{\"@type\":\"WebPage\",\"@id\":\"https:\/\/onlinelotto365.com\/fi\/osta-lippuja\/bonoloto\/\",\"url\":\"https:\/\/onlinelotto365.com\/fi\/osta-lippuja\/bonoloto\/\",\"name\":\"BonoLoto liput netiss\u00e4 | Miten ostaa lippuja Suomesta?\",\"isPartOf\":{\"@id\":\"https:\/\/onlinelotto365.com\/fi\/#website\"},\"primaryImageOfPage\":{\"@id\":\"https:\/\/onlinelotto365.com\/fi\/osta-lippuja\/bonoloto\/#primaryimage\"},\"image\":{\"@id\":\"https:\/\/onlinelotto365.com\/fi\/osta-lippuja\/bonoloto\/#primaryimage\"},\"thumbnailUrl\":\"https:\/\/redfoxlotto.com\/image?size=8&amp;lottery=bonoloto\",\"datePublished\":\"2022-11-16T10:54:54+00:00\",\"dateModified\":\"2022-11-16T10:54:54+00:00\",\"description\":\"Sivustomme avulla voit ostaa Bonoloto lippuja verkossa ja laillisesti\",\"breadcrumb\":{\"@id\":\"https:\/\/onlinelotto365.com\/fi\/osta-lippuja\/bonoloto\/#breadcrumb\"},\"inLanguage\":\"fi\",\"potentialAction\":[{\"@type\":\"ReadAction\",\"target\":[\"https:\/\/onlinelotto365.com\/fi\/osta-lippuja\/bonoloto\/\"]}]},{\"@type\":\"ImageObject\",\"inLanguage\":\"fi\",\"@id\":\"https:\/\/onlinelotto365.com\/fi\/osta-lippuja\/bonoloto\/#primaryimage\",\"url\":\"https:\/\/redfoxlotto.com\/image?size=8&amp;lottery=bonoloto\",\"contentUrl\":\"https:\/\/redfoxlotto.com\/image?size=8&amp;lottery=bonoloto\"},{\"@type\":\"BreadcrumbList\",\"@id\":\"https:\/\/onlinelotto365.com\/fi\/osta-lippuja\/bonoloto\/#breadcrumb\",\"itemListElement\":[{\"@type\":\"ListItem\",\"position\":1,\"name\":\"Home\",\"item\":\"https:\/\/onlinelotto365.com\/fi\/\"},{\"@type\":\"ListItem\",\"position\":2,\"name\":\"Osta Lottoarpoja Verkosta\",\"item\":\"https:\/\/onlinelotto365.com\/fi\/osta-lippuja\/\"},{\"@type\":\"ListItem\",\"position\":3,\"name\":\"Miten ostaa BonoLoto lippuja verkossa\"}]},{\"@type\":\"WebSite\",\"@id\":\"https:\/\/onlinelotto365.com\/fi\/#website\",\"url\":\"https:\/\/onlinelotto365.com\/fi\/\",\"name\":\"OnlineLotto365\",\"description\":\"\",\"potentialAction\":[{\"@type\":\"SearchAction\",\"target\":{\"@type\":\"EntryPoint\",\"urlTemplate\":\"https:\/\/onlinelotto365.com\/fi\/?s={search_term_string}\"},\"query-input\":{\"@type\":\"PropertyValueSpecification\",\"valueRequired\":true,\"valueName\":\"search_term_string\"}}],\"inLanguage\":\"fi\"}]}<\/script>\n<!-- \/ Yoast SEO plugin. -->","yoast_head_json":{"title":"BonoLoto liput netiss\u00e4 | Miten ostaa lippuja Suomesta?","description":"Sivustomme avulla voit ostaa Bonoloto lippuja verkossa ja laillisesti","robots":{"index":"index","follow":"follow","max-snippet":"max-snippet:-1","max-image-preview":"max-image-preview:large","max-video-preview":"max-video-preview:-1"},"canonical":"https:\/\/onlinelotto365.com\/fi\/osta-lippuja\/bonoloto\/","og_locale":"fi_FI","og_type":"article","og_title":"BonoLoto liput netiss\u00e4 | Miten ostaa lippuja Suomesta?","og_description":"Sivustomme avulla voit ostaa Bonoloto lippuja verkossa ja laillisesti","og_url":"https:\/\/onlinelotto365.com\/fi\/osta-lippuja\/bonoloto\/","og_site_name":"OnlineLotto365","og_image":[{"url":"https:\/\/redfoxlotto.com\/image?size=8&amp;lottery=bonoloto"}],"twitter_card":"summary_large_image","twitter_misc":{"Arvioitu lukuaika":"3 minuuttia"},"schema":{"@context":"https:\/\/schema.org","@graph":[{"@type":"WebPage","@id":"https:\/\/onlinelotto365.com\/fi\/osta-lippuja\/bonoloto\/","url":"https:\/\/onlinelotto365.com\/fi\/osta-lippuja\/bonoloto\/","name":"BonoLoto liput netiss\u00e4 | Miten ostaa lippuja Suomesta?","isPartOf":{"@id":"https:\/\/onlinelotto365.com\/fi\/#website"},"primaryImageOfPage":{"@id":"https:\/\/onlinelotto365.com\/fi\/osta-lippuja\/bonoloto\/#primaryimage"},"image":{"@id":"https:\/\/onlinelotto365.com\/fi\/osta-lippuja\/bonoloto\/#primaryimage"},"thumbnailUrl":"https:\/\/redfoxlotto.com\/image?size=8&amp;lottery=bonoloto","datePublished":"2022-11-16T10:54:54+00:00","dateModified":"2022-11-16T10:54:54+00:00","description":"Sivustomme avulla voit ostaa Bonoloto lippuja verkossa ja laillisesti","breadcrumb":{"@id":"https:\/\/onlinelotto365.com\/fi\/osta-lippuja\/bonoloto\/#breadcrumb"},"inLanguage":"fi","potentialAction":[{"@type":"ReadAction","target":["https:\/\/onlinelotto365.com\/fi\/osta-lippuja\/bonoloto\/"]}]},{"@type":"ImageObject","inLanguage":"fi","@id":"https:\/\/onlinelotto365.com\/fi\/osta-lippuja\/bonoloto\/#primaryimage","url":"https:\/\/redfoxlotto.com\/image?size=8&amp;lottery=bonoloto","contentUrl":"https:\/\/redfoxlotto.com\/image?size=8&amp;lottery=bonoloto"},{"@type":"BreadcrumbList","@id":"https:\/\/onlinelotto365.com\/fi\/osta-lippuja\/bonoloto\/#breadcrumb","itemListElement":[{"@type":"ListItem","position":1,"name":"Home","item":"https:\/\/onlinelotto365.com\/fi\/"},{"@type":"ListItem","position":2,"name":"Osta Lottoarpoja Verkosta","item":"https:\/\/onlinelotto365.com\/fi\/osta-lippuja\/"},{"@type":"ListItem","position":3,"name":"Miten ostaa BonoLoto lippuja verkossa"}]},{"@type":"WebSite","@id":"https:\/\/onlinelotto365.com\/fi\/#website","url":"https:\/\/onlinelotto365.com\/fi\/","name":"OnlineLotto365","description":"","potentialAction":[{"@type":"SearchAction","target":{"@type":"EntryPoint","urlTemplate":"https:\/\/onlinelotto365.com\/fi\/?s={search_term_string}"},"query-input":{"@type":"PropertyValueSpecification","valueRequired":true,"valueName":"search_term_string"}}],"inLanguage":"fi"}]}},"_links":{"self":[{"href":"https:\/\/onlinelotto365.com\/fi\/wp-json\/wp\/v2\/pages\/80309","targetHints":{"allow":["GET"]}}],"collection":[{"href":"https:\/\/onlinelotto365.com\/fi\/wp-json\/wp\/v2\/pages"}],"about":[{"href":"https:\/\/onlinelotto365.com\/fi\/wp-json\/wp\/v2\/types\/page"}],"author":[{"embeddable":true,"href":"https:\/\/onlinelotto365.com\/fi\/wp-json\/wp\/v2\/users\/1"}],"replies":[{"embeddable":true,"href":"https:\/\/onlinelotto365.com\/fi\/wp-json\/wp\/v2\/comments?post=80309"}],"version-history":[{"count":0,"href":"https:\/\/onlinelotto365.com\/fi\/wp-json\/wp\/v2\/pages\/80309\/revisions"}],"up":[{"embeddable":true,"href":"https:\/\/onlinelotto365.com\/fi\/wp-json\/wp\/v2\/pages\/5577"}],"wp:attachment":[{"href":"https:\/\/onlinelotto365.com\/fi\/wp-json\/wp\/v2\/media?parent=80309"}],"curies":[{"name":"wp","href":"https:\/\/api.w.org\/{rel}","templated":true}]}}