{"id":80347,"date":"2022-11-17T07:37:58","date_gmt":"2022-11-17T06:37:58","guid":{"rendered":"https:\/\/onlinelotto365.com\/?page_id=80347"},"modified":"2022-11-17T07:39:02","modified_gmt":"2022-11-17T06:39:02","slug":"uk-lottery","status":"publish","type":"page","link":"https:\/\/onlinelotto365.com\/fi\/osta-lippuja\/uk-lottery\/","title":{"rendered":"Miten ostaa UK Lottery lippuja verkossa"},"content":{"rendered":"<p>Jos haluat ostaa lottokuponkeja Ison-Britannian lottoon Suomessa, sinun ei tarvitse olla huolissasi, koska meill\u00e4 on koko prosessi j\u00e4rjestetty sinulle nopeasti ja helposti. Sinun tarvitsee vain vilkaista alla olevia yksinkertaisia vaiheita, ja olet valmis hetkess\u00e4.<br \/>\n<a href=\"https:\/\/redfoxlotto.com\/play\/lotto-uk\/?ref=a8564250a2&amp;medium=ol365\" target=\"_blank\" rel=\"noopener noreferrer\"><img decoding=\"async\" class=\"aligncenter\" src=\"https:\/\/redfoxlotto.com\/image?size=8&amp;lottery=lotto-uk\" alt=\"uk lottery\" \/><\/a><\/p>\n<ul>\n<li>Siirry oikealle sivulle sen lottopelin kohdalle, jota haluat pelata, kuten UK Lottery. Ja valitse sitten numerot, jotka haluat lippuusi.<\/li>\n<li>Valitse kaikki ylim\u00e4\u00e4r\u00e4iset lottokupongit, jotka haluat t\u00e4h\u00e4n tai muihin lottopeleihin, joita aiot pelata.<\/li>\n<li>Valitse vaihtoehto lippujen maksamiseksi<\/li>\n<li>K\u00e4y l\u00e4pi tilin rekister\u00f6intiprosessi, jos olet uusi k\u00e4ytt\u00e4j\u00e4, tai kirjaudu sis\u00e4\u00e4n tilillesi, jos olet jo olemassa oleva k\u00e4ytt\u00e4j\u00e4.<\/li>\n<li>Jos sinun on viel\u00e4 rekister\u00f6idytt\u00e4v\u00e4, saat vahvistuss\u00e4hk\u00f6postin postilaatikkoosi tai roskapostikansioosi muutaman minuutin kuluessa.<\/li>\n<li>Jos et ole saanut s\u00e4hk\u00f6postia muutamaan minuuttiin, tarkista roskapostikansiosta, oletko varmasti saanut sen.<\/li>\n<li>Palaa verkkosivustolle ja valitse ostoskori maksaaksesi lippusi.<\/li>\n<li>Valitse maksutapa ja k\u00e4y l\u00e4pi maksuohjeet.<\/li>\n<\/ul>\n<h2>Kuinka maksaa Yhdistyneen kuningaskunnan lottokuponki verkossa<\/h2>\n<p>Tarjoamme useita erilaisia t\u00e4ysin turvallisia maksutapoja asiakkaillemme Suomesta ja muualta. N\u00e4in voit valita sinulle parhaiten sopivan menetelm\u00e4n.<br \/>\nValitse kahdesta eri yleisest\u00e4 maksuvaihtoehdosta:<\/p>\n<p>Maksa jokainen tilaus valitsemallasi maksutavalla.<br \/>\nLaita rahaa tilillesi ja k\u00e4yt\u00e4 sit\u00e4 haluamiesi lippujen ostamiseen<\/p>\n<p>Varmista, ett\u00e4 talletat enemm\u00e4n kuin lippuihin tarvitsemasi summa, jos p\u00e4\u00e4t\u00e4t lis\u00e4t\u00e4 rahaa suoraan tilillesi.<\/p>\n<h2>Lis\u00e4tietoja UK Lottery<\/h2>\n<ul>\n<li>Maa: UK Lottery<\/li>\n<li>T\u00e4rkeimm\u00e4t numerot: 59<\/li>\n<li>Sin\u00e4 valitset: 6<\/li>\n<li>Lis\u00e4numerot:<\/li>\n<li>Valitse sin\u00e4:<\/li>\n<li>Arvonnan p\u00e4iv\u00e4t, tunnit: Keskiviikko, lauantai, , 19:30 UTC, 19:30 CET<\/li>\n<li>Pienin j\u00e4ttipotti: GBP 2,5 miljoonaa<\/li>\n<li>Suurin j\u00e4ttipotti: 22 miljoonaa Englannin puntaa<\/li>\n<li>Todenn\u00e4k\u00f6isyys voittaa j\u00e4ttipotti: 1 45057474:st\u00e4 45057474:st\u00e4<\/li>\n<li>Todenn\u00e4k\u00f6isyys tason 2 voittoon: 1:7509579<\/li>\n<li>Todenn\u00e4k\u00f6isyys voittaa mill\u00e4 tahansa tasolla: 1:9,27<\/li>\n<li>Palkintotasojen m\u00e4\u00e4r\u00e4: 6<\/li>\n<\/ul>\n<h2>Yhdistyneen kuningaskunnan lottokuponkien ostamisen edut verkossa<\/h2>\n<ul>\n<li>Hanki haluamasi liput poistumatta kotoa<\/li>\n<li>Valitse monista eri lottopeleist\u00e4<\/li>\n<li>Saat parhaat mahdollisuudet suureen j\u00e4ttipottiin valitsemalla eri pelien v\u00e4lill\u00e4.<\/li>\n<li>Lis\u00e4\u00e4 rahaa suoraan maksutilillesi lippujen maksamiseksi<\/li>\n<li>Ei huolta lippujen menett\u00e4misest\u00e4 joka kerta<\/li>\n<li>Ilmoitukset voitoista l\u00e4hetet\u00e4\u00e4n suoraan sinulle<\/li>\n<li>Helppo valintavaihtoehto, jos et halua valita omia numeroita itse<\/li>\n<\/ul>\n<h2>Onko laillista ostaa UK Lottery lippuja netist\u00e4?<\/h2>\n<p>UK Lottery -lottokuponkien ostamisen laillisuudesta netist\u00e4 Suomesta tai perinteisemm\u00e4ll\u00e4 tavalla ei ole huolta. Voit olla varma, ett\u00e4 saat lippusi joka tapauksessa, eik\u00e4 sinun tarvitse huolehtia edes j\u00e4ttipotin saamisesta.<\/p>\n<p>Me huolehdimme siit\u00e4, ett\u00e4 saat rahat ilman, ett\u00e4 sinun tarvitsee huolehtia siit\u00e4, onko palvelu laillista asuinmaasi mukaan. Varmista vain, ett\u00e4 olet v\u00e4hint\u00e4\u00e4n 18-vuotias ostaaksesi lippuja meilt\u00e4<\/p>\n<h2>Miten minulle maksetaan, jos voitan Britannian lottovoiton verkossa?<\/h2>\n<p><img loading=\"lazy\" decoding=\"async\" class=\"alignright size-medium wp-image-3655\" src=\"https:\/\/onlinelotto365.com\/wp-content\/uploads\/2020\/11\/online_lottery-59-300x182.jpg\" alt=\"pelata uk lotossa verkossa \" width=\"300\" height=\"182\" srcset=\"https:\/\/onlinelotto365.com\/wp-content\/uploads\/2020\/11\/online_lottery-59-300x182.jpg 300w, https:\/\/onlinelotto365.com\/wp-content\/uploads\/2020\/11\/online_lottery-59.jpg 320w\" sizes=\"auto, (max-width: 300px) 100vw, 300px\" \/><br \/>\nTied\u00e4mme, ett\u00e4 maksun saaminen on yksi t\u00e4rkeimmist\u00e4 asioista sinulle, ja siksi haluamme varmistaa, ett\u00e4 maksuprosessi on mahdollisimman yksinkertainen. Emme my\u00f6sk\u00e4\u00e4n ota mit\u00e4\u00e4n provisioita voitoistasi, joten saat kaiken voittamasi. Veloitamme maksuja vain, jos pyyd\u00e4t pankkisiirtoa ja pankki veloittaa meilt\u00e4 maksun. T\u00e4m\u00e4 summa voidaan siirt\u00e4\u00e4 sinulle.<br \/>\nMuussa tapauksessa voit katsoa, mit\u00e4 maksujesi osalta tapahtuu t\u00e4\u00e4ll\u00e4:<\/p>\n<p>Alle 2500 euron maksut maksetaan automaattisesti tilillesi. Sinun ei tarvitse tehd\u00e4 mit\u00e4\u00e4n<br \/>\nYli 2500 \u20ac:n maksut vaativat korvausvaatimuslomakkeen, joka voidaan toimittaa arpajaiskomissiolle. Tukitiimimme l\u00e4hett\u00e4\u00e4 sinulle lomakkeen, jonka avulla voit valita, l\u00e4hetet\u00e4\u00e4nk\u00f6 rahasi shekill\u00e4 vai pankkisiirrolla.<\/p>\n","protected":false},"excerpt":{"rendered":"<p>Jos haluat ostaa lottokuponkeja Ison-Britannian lottoon Suomessa, sinun ei tarvitse olla huolissasi, koska meill\u00e4 on koko prosessi j\u00e4rjestetty sinulle nopeasti ja helposti. Sinun tarvitsee vain vilkaista alla olevia yksinkertaisia vaiheita, ja olet valmis hetkess\u00e4. Siirry oikealle sivulle sen lottopelin kohdalle, jota haluat pelata, kuten UK Lottery. Ja valitse sitten numerot, jotka haluat lippuusi. Valitse kaikki [&hellip;]<\/p>\n","protected":false},"author":1,"featured_media":0,"parent":5577,"menu_order":9,"comment_status":"closed","ping_status":"closed","template":"lotto-uk-info.php","meta":{"_et_pb_use_builder":"","_et_pb_old_content":"","_et_gb_content_width":"","exclude_from_search":false,"footnotes":""},"class_list":["post-80347","page","type-page","status-publish","hentry"],"yoast_head":"<!-- This site is optimized with the Yoast SEO plugin v23.4 - https:\/\/yoast.com\/wordpress\/plugins\/seo\/ -->\n<title>Osta lippuja UK Lottery verkossa Suomesta | UK Lottery info, miten ostaa lippuja<\/title>\n<meta name=\"description\" content=\"Mahdollistamme lottopelaajille Suomesta ostaa lippuja UK Lotteryyn\" \/>\n<meta name=\"robots\" content=\"index, follow, max-snippet:-1, max-image-preview:large, max-video-preview:-1\" \/>\n<link rel=\"canonical\" href=\"https:\/\/onlinelotto365.com\/fi\/osta-lippuja\/uk-lottery\/\" \/>\n<meta property=\"og:locale\" content=\"fi_FI\" \/>\n<meta property=\"og:type\" content=\"article\" \/>\n<meta property=\"og:title\" content=\"Osta lippuja UK Lottery verkossa Suomesta | UK Lottery info, miten ostaa lippuja\" \/>\n<meta property=\"og:description\" content=\"Mahdollistamme lottopelaajille Suomesta ostaa lippuja UK Lotteryyn\" \/>\n<meta property=\"og:url\" content=\"https:\/\/onlinelotto365.com\/fi\/osta-lippuja\/uk-lottery\/\" \/>\n<meta property=\"og:site_name\" content=\"OnlineLotto365\" \/>\n<meta property=\"article:modified_time\" content=\"2022-11-17T06:39:02+00:00\" \/>\n<meta property=\"og:image\" content=\"https:\/\/redfoxlotto.com\/image?size=8&amp;lottery=lotto-uk\" \/>\n<meta name=\"twitter:card\" content=\"summary_large_image\" \/>\n<meta name=\"twitter:label1\" content=\"Arvioitu lukuaika\" \/>\n\t<meta name=\"twitter:data1\" content=\"3 minuuttia\" \/>\n<script type=\"application\/ld+json\" class=\"yoast-schema-graph\">{\"@context\":\"https:\/\/schema.org\",\"@graph\":[{\"@type\":\"WebPage\",\"@id\":\"https:\/\/onlinelotto365.com\/fi\/osta-lippuja\/uk-lottery\/\",\"url\":\"https:\/\/onlinelotto365.com\/fi\/osta-lippuja\/uk-lottery\/\",\"name\":\"Osta lippuja UK Lottery verkossa Suomesta | UK Lottery info, miten ostaa lippuja\",\"isPartOf\":{\"@id\":\"https:\/\/onlinelotto365.com\/fi\/#website\"},\"primaryImageOfPage\":{\"@id\":\"https:\/\/onlinelotto365.com\/fi\/osta-lippuja\/uk-lottery\/#primaryimage\"},\"image\":{\"@id\":\"https:\/\/onlinelotto365.com\/fi\/osta-lippuja\/uk-lottery\/#primaryimage\"},\"thumbnailUrl\":\"https:\/\/redfoxlotto.com\/image?size=8&amp;lottery=lotto-uk\",\"datePublished\":\"2022-11-17T06:37:58+00:00\",\"dateModified\":\"2022-11-17T06:39:02+00:00\",\"description\":\"Mahdollistamme lottopelaajille Suomesta ostaa lippuja UK Lotteryyn\",\"breadcrumb\":{\"@id\":\"https:\/\/onlinelotto365.com\/fi\/osta-lippuja\/uk-lottery\/#breadcrumb\"},\"inLanguage\":\"fi\",\"potentialAction\":[{\"@type\":\"ReadAction\",\"target\":[\"https:\/\/onlinelotto365.com\/fi\/osta-lippuja\/uk-lottery\/\"]}]},{\"@type\":\"ImageObject\",\"inLanguage\":\"fi\",\"@id\":\"https:\/\/onlinelotto365.com\/fi\/osta-lippuja\/uk-lottery\/#primaryimage\",\"url\":\"https:\/\/redfoxlotto.com\/image?size=8&amp;lottery=lotto-uk\",\"contentUrl\":\"https:\/\/redfoxlotto.com\/image?size=8&amp;lottery=lotto-uk\"},{\"@type\":\"BreadcrumbList\",\"@id\":\"https:\/\/onlinelotto365.com\/fi\/osta-lippuja\/uk-lottery\/#breadcrumb\",\"itemListElement\":[{\"@type\":\"ListItem\",\"position\":1,\"name\":\"Home\",\"item\":\"https:\/\/onlinelotto365.com\/fi\/\"},{\"@type\":\"ListItem\",\"position\":2,\"name\":\"Osta Lottoarpoja Verkosta\",\"item\":\"https:\/\/onlinelotto365.com\/fi\/osta-lippuja\/\"},{\"@type\":\"ListItem\",\"position\":3,\"name\":\"Miten ostaa UK Lottery lippuja verkossa\"}]},{\"@type\":\"WebSite\",\"@id\":\"https:\/\/onlinelotto365.com\/fi\/#website\",\"url\":\"https:\/\/onlinelotto365.com\/fi\/\",\"name\":\"OnlineLotto365\",\"description\":\"\",\"potentialAction\":[{\"@type\":\"SearchAction\",\"target\":{\"@type\":\"EntryPoint\",\"urlTemplate\":\"https:\/\/onlinelotto365.com\/fi\/?s={search_term_string}\"},\"query-input\":{\"@type\":\"PropertyValueSpecification\",\"valueRequired\":true,\"valueName\":\"search_term_string\"}}],\"inLanguage\":\"fi\"}]}<\/script>\n<!-- \/ Yoast SEO plugin. -->","yoast_head_json":{"title":"Osta lippuja UK Lottery verkossa Suomesta | UK Lottery info, miten ostaa lippuja","description":"Mahdollistamme lottopelaajille Suomesta ostaa lippuja UK Lotteryyn","robots":{"index":"index","follow":"follow","max-snippet":"max-snippet:-1","max-image-preview":"max-image-preview:large","max-video-preview":"max-video-preview:-1"},"canonical":"https:\/\/onlinelotto365.com\/fi\/osta-lippuja\/uk-lottery\/","og_locale":"fi_FI","og_type":"article","og_title":"Osta lippuja UK Lottery verkossa Suomesta | UK Lottery info, miten ostaa lippuja","og_description":"Mahdollistamme lottopelaajille Suomesta ostaa lippuja UK Lotteryyn","og_url":"https:\/\/onlinelotto365.com\/fi\/osta-lippuja\/uk-lottery\/","og_site_name":"OnlineLotto365","article_modified_time":"2022-11-17T06:39:02+00:00","og_image":[{"url":"https:\/\/redfoxlotto.com\/image?size=8&amp;lottery=lotto-uk"}],"twitter_card":"summary_large_image","twitter_misc":{"Arvioitu lukuaika":"3 minuuttia"},"schema":{"@context":"https:\/\/schema.org","@graph":[{"@type":"WebPage","@id":"https:\/\/onlinelotto365.com\/fi\/osta-lippuja\/uk-lottery\/","url":"https:\/\/onlinelotto365.com\/fi\/osta-lippuja\/uk-lottery\/","name":"Osta lippuja UK Lottery verkossa Suomesta | UK Lottery info, miten ostaa lippuja","isPartOf":{"@id":"https:\/\/onlinelotto365.com\/fi\/#website"},"primaryImageOfPage":{"@id":"https:\/\/onlinelotto365.com\/fi\/osta-lippuja\/uk-lottery\/#primaryimage"},"image":{"@id":"https:\/\/onlinelotto365.com\/fi\/osta-lippuja\/uk-lottery\/#primaryimage"},"thumbnailUrl":"https:\/\/redfoxlotto.com\/image?size=8&amp;lottery=lotto-uk","datePublished":"2022-11-17T06:37:58+00:00","dateModified":"2022-11-17T06:39:02+00:00","description":"Mahdollistamme lottopelaajille Suomesta ostaa lippuja UK Lotteryyn","breadcrumb":{"@id":"https:\/\/onlinelotto365.com\/fi\/osta-lippuja\/uk-lottery\/#breadcrumb"},"inLanguage":"fi","potentialAction":[{"@type":"ReadAction","target":["https:\/\/onlinelotto365.com\/fi\/osta-lippuja\/uk-lottery\/"]}]},{"@type":"ImageObject","inLanguage":"fi","@id":"https:\/\/onlinelotto365.com\/fi\/osta-lippuja\/uk-lottery\/#primaryimage","url":"https:\/\/redfoxlotto.com\/image?size=8&amp;lottery=lotto-uk","contentUrl":"https:\/\/redfoxlotto.com\/image?size=8&amp;lottery=lotto-uk"},{"@type":"BreadcrumbList","@id":"https:\/\/onlinelotto365.com\/fi\/osta-lippuja\/uk-lottery\/#breadcrumb","itemListElement":[{"@type":"ListItem","position":1,"name":"Home","item":"https:\/\/onlinelotto365.com\/fi\/"},{"@type":"ListItem","position":2,"name":"Osta Lottoarpoja Verkosta","item":"https:\/\/onlinelotto365.com\/fi\/osta-lippuja\/"},{"@type":"ListItem","position":3,"name":"Miten ostaa UK Lottery lippuja verkossa"}]},{"@type":"WebSite","@id":"https:\/\/onlinelotto365.com\/fi\/#website","url":"https:\/\/onlinelotto365.com\/fi\/","name":"OnlineLotto365","description":"","potentialAction":[{"@type":"SearchAction","target":{"@type":"EntryPoint","urlTemplate":"https:\/\/onlinelotto365.com\/fi\/?s={search_term_string}"},"query-input":{"@type":"PropertyValueSpecification","valueRequired":true,"valueName":"search_term_string"}}],"inLanguage":"fi"}]}},"_links":{"self":[{"href":"https:\/\/onlinelotto365.com\/fi\/wp-json\/wp\/v2\/pages\/80347","targetHints":{"allow":["GET"]}}],"collection":[{"href":"https:\/\/onlinelotto365.com\/fi\/wp-json\/wp\/v2\/pages"}],"about":[{"href":"https:\/\/onlinelotto365.com\/fi\/wp-json\/wp\/v2\/types\/page"}],"author":[{"embeddable":true,"href":"https:\/\/onlinelotto365.com\/fi\/wp-json\/wp\/v2\/users\/1"}],"replies":[{"embeddable":true,"href":"https:\/\/onlinelotto365.com\/fi\/wp-json\/wp\/v2\/comments?post=80347"}],"version-history":[{"count":0,"href":"https:\/\/onlinelotto365.com\/fi\/wp-json\/wp\/v2\/pages\/80347\/revisions"}],"up":[{"embeddable":true,"href":"https:\/\/onlinelotto365.com\/fi\/wp-json\/wp\/v2\/pages\/5577"}],"wp:attachment":[{"href":"https:\/\/onlinelotto365.com\/fi\/wp-json\/wp\/v2\/media?parent=80347"}],"curies":[{"name":"wp","href":"https:\/\/api.w.org\/{rel}","templated":true}]}}