{"id":80383,"date":"2022-11-17T10:10:09","date_gmt":"2022-11-17T09:10:09","guid":{"rendered":"https:\/\/onlinelotto365.com\/?page_id=80383"},"modified":"2022-11-17T10:10:09","modified_gmt":"2022-11-17T09:10:09","slug":"set-for-life","status":"publish","type":"page","link":"https:\/\/onlinelotto365.com\/fi\/osta-lippuja\/set-for-life\/","title":{"rendered":"Miten ostaa Set for life -lippuja verkossa"},"content":{"rendered":"<p>Jos haluat ostaa Set for Life -liput nyt, sinun on tiedett\u00e4v\u00e4, miten se tehd\u00e4\u00e4n. Jos asut Suomessa, se on sinulle helppoa ja tied\u00e4t todenn\u00e4k\u00f6isesti jo, miten lippuja saa. Mutta ent\u00e4 lottopelaajat muista maista, kuten Australiasta? No, se on hyvin yksinkertainen prosessi, ja me voimme saada sinut alkuun hetkess\u00e4. Sinun tarvitsee vain noudattaa alla olevia ohjeita. Sielt\u00e4 voit hankkia haluamasi liput seuraavaan arvontaan.<br \/>\n<a href=\"https:\/\/redfoxlotto.com\/play\/set-for-life-uk\/?ref=a8564250a2&amp;medium=ol365\" target=\"_blank\" rel=\"noopener noreferrer\"><img decoding=\"async\" class=\"aligncenter\" src=\"https:\/\/redfoxlotto.com\/image?size=8&amp;lottery=set-for-life-uk\" alt=\"&quot;Set\" \/><\/a><\/p>\n<ul>\n<li>Siirry Set for Life -arvonnan sivulle ja valitse haluamasi lippujen m\u00e4\u00e4r\u00e4 sek\u00e4 haluamasi numerot kullekin lipulle.<\/li>\n<li>Valitse lis\u00e4\u00e4 Set for Life -arpoja tai muita lottopelej\u00e4 t\u00e4ytt\u00e4m\u00e4\u00e4n ostoskorisi<\/li>\n<li>Valitse vaihtoehto maksaa nyt<\/li>\n<li>Seuraa kehotteita kirjautuaksesi tilillesi tai k\u00e4ydess\u00e4si l\u00e4pi uuden tilin luomisprosessin.<\/li>\n<li>Suorita vahvistusprosessi loppuun menem\u00e4ll\u00e4 tilillesi ja napsauttamalla s\u00e4hk\u00f6postiviestiss\u00e4si olevaa linkki\u00e4.<\/li>\n<li>Tarkista roskapostikansiostasi, jos s\u00e4hk\u00f6posti ei n\u00e4y postilaatikossasi, varmistaaksesi, ett\u00e4 olet saanut sen.<\/li>\n<li>Kun olet vahvistanut tilisi, siirry verkkosivuston ostoskoriin.<\/li>\n<li>Valitse haluamasi maksutapa ja k\u00e4y l\u00e4pi maksuprosessi.<\/li>\n<\/ul>\n<h2>Miten Set for life -lippu maksetaan verkossa?<\/h2>\n<p>Kun haluat maksaa lippusi, huomaat, ett\u00e4 se ei ole vain helppoa, vaan my\u00f6s t\u00e4ysin turvallista ja tarjoaa sinulle runsaasti vaihtoehtoja.<br \/>\nVoit maksaa lippusi valitsemalla:<\/p>\n<p>Suoraan ostamalla valitsemallasi maksutavalla<br \/>\ntallettamalla rahaa tilillesi ja k\u00e4ytt\u00e4m\u00e4ll\u00e4 sit\u00e4 ostosten tekemiseen.<\/p>\n<p>Varmista, ett\u00e4 jos p\u00e4\u00e4t\u00e4t laittaa rahaa tilillesi, laitat my\u00f6s hieman ylim\u00e4\u00e4r\u00e4ist\u00e4 rahaa, jotta maksuvalintasi onnistuu.<\/p>\n<h2>Lis\u00e4tietoja Set for life -palvelusta<\/h2>\n<ul>\n<li>Maa: Suomi<\/li>\n<li>P\u00e4\u00e4asiallinen numerovalikoima: 45<\/li>\n<li>Sin\u00e4 valitset: 5<\/li>\n<li>Ylim\u00e4\u00e4r\u00e4iset numerot: 10<\/li>\n<li>Sin\u00e4 valitset: 1<\/li>\n<li>Arvontap\u00e4iv\u00e4t, tunnit: Maanantai, torstai, 20:00 GMT, 21:00 CET<\/li>\n<li>Pienin j\u00e4ttipotti:<\/li>\n<li>Suurin j\u00e4ttipotti:<\/li>\n<li>Todenn\u00e4k\u00f6isyys voittaa j\u00e4ttipotti: 1:15339390:st\u00e4.<\/li>\n<li>Todenn\u00e4k\u00f6isyys voittaa taso 2: 1:1704377<\/li>\n<li>Todenn\u00e4k\u00f6isyys voittaa mill\u00e4 tahansa tasolla: 1:12,4<\/li>\n<li>Palkintotasojen m\u00e4\u00e4r\u00e4: 8<\/li>\n<\/ul>\n<h2>Set for life -lippujen ostamisen edut verkossa<\/h2>\n<ul>\n<li>Et koskaan poistu kotoa ostaaksesi lippuja.<\/li>\n<li>Et ole rajoitettu pelaamaan Australian arpajaisia.<\/li>\n<li>Voit valita useista eri arpajaisista eri puolilta maailmaa.<\/li>\n<li>Valitse pelej\u00e4, joissa on suurimmat j\u00e4ttipotit, jotta voit lis\u00e4t\u00e4 mahdollisuuksiasi.<\/li>\n<li>K\u00e4yt\u00e4 tilisi saldoa haluamiesi lippujen ostamiseen.<\/li>\n<li>Pid\u00e4 lippusi aina silm\u00e4ll\u00e4<\/li>\n<li>Saat ilmoituksen, jos lippusi on voittaja<\/li>\n<li>\u00c4l\u00e4 huolehdi lippuvaihtoehtojen valinnasta pikavalintojen avulla<\/li>\n<\/ul>\n<h2>Onko Set for life -lippujen ostaminen netist\u00e4 laillista?<\/h2>\n<p>Sinun ei tarvitse olla huolissasi lippujen ostamisen laillisuudesta verkossa tai perinteisell\u00e4 tavalla. Voit rentoutua ja luottaa siihen, ett\u00e4 me huolehdimme siit\u00e4, ett\u00e4 noudatamme kaikkia sen maan m\u00e4\u00e4r\u00e4yksi\u00e4, josta n\u00e4m\u00e4 pelit tulevat. Sinun tarvitsee vain ostaa lippu, ja me takaamme, ett\u00e4 jos olet oikeutettu palkintoon, my\u00f6s j\u00e4ttipottiin, saat sen.<br \/>\nSinun on oltava v\u00e4hint\u00e4\u00e4n 18-vuotias voidaksesi k\u00e4ytt\u00e4\u00e4 verkkosivustoamme.<\/p>\n<h2>Miten minulle maksetaan, jos voitan Set for life -nettivoiton?<\/h2>\n<p>Haluat, ett\u00e4 sinulle maksetaan jokainen sentti, joka sinulle kuuluu, kun voitat jotain, ja juuri niin me teemme. Varmistamme, ett\u00e4 saat aina kaikki rahat ilman v\u00e4lityspalkkiota ja ilman voittoistasi peritt\u00e4vi\u00e4 maksuja.<br \/>\nAinoa kerta, kun sinun on maksettava mit\u00e4\u00e4n, on jos p\u00e4\u00e4t\u00e4t tehd\u00e4 pankkisiirron. Jos pankki veloittaa meilt\u00e4 rahaa, mit\u00e4 voi tapahtua kansainv\u00e4listen tilisiirtojen yhteydess\u00e4, veloitamme maksun tililt\u00e4si. T\u00e4m\u00e4 on ainoa syy, miksi otamme mit\u00e4\u00e4n pois voitoistasi.<br \/>\nJa jos voitat, saat rahasi vain parilla eri tavalla:<\/p>\n<ul>\n<li>Kaikki alle 2500 euron summat ovat helppoja, koska tukitiimimme siirt\u00e4\u00e4 rahat suoraan tilillesi puolestasi.<\/li>\n<li>Kaikki yli 2500 euron summat ovat sinulle edelleen helppoja, koska tukitiimimme auttaa sinua prosessin l\u00e4pi. L\u00e4het\u00e4mme sinulle korvaushakemuslomakkeen, jonka voit t\u00e4ytt\u00e4\u00e4 ja kertoa meille, haluatko rahasi tilisiirtona pankkiisi vai sekkin\u00e4.<\/li>\n<\/ul>\n","protected":false},"excerpt":{"rendered":"<p>Jos haluat ostaa Set for Life -liput nyt, sinun on tiedett\u00e4v\u00e4, miten se tehd\u00e4\u00e4n. Jos asut Suomessa, se on sinulle helppoa ja tied\u00e4t todenn\u00e4k\u00f6isesti jo, miten lippuja saa. Mutta ent\u00e4 lottopelaajat muista maista, kuten Australiasta? No, se on hyvin yksinkertainen prosessi, ja me voimme saada sinut alkuun hetkess\u00e4. Sinun tarvitsee vain noudattaa alla olevia ohjeita. [&hellip;]<\/p>\n","protected":false},"author":1,"featured_media":0,"parent":5577,"menu_order":10,"comment_status":"closed","ping_status":"closed","template":"set-for-life-info.php","meta":{"_et_pb_use_builder":"","_et_pb_old_content":"","_et_gb_content_width":"","exclude_from_search":false,"footnotes":""},"class_list":["post-80383","page","type-page","status-publish","hentry"],"yoast_head":"<!-- This site is optimized with the Yoast SEO plugin v23.4 - https:\/\/yoast.com\/wordpress\/plugins\/seo\/ -->\n<title>Osta lippuja Set for life verkossa Australiasta | Set for life arpajaiset info, miten ostaa lippuja<\/title>\n<meta name=\"description\" content=\"Set for Life-arpajaiset voi voittaa Australiasta - osta lippuja netist\u00e4 t\u00e4\u00e4lt\u00e4\" \/>\n<meta name=\"robots\" content=\"index, follow, max-snippet:-1, max-image-preview:large, max-video-preview:-1\" \/>\n<link rel=\"canonical\" href=\"https:\/\/onlinelotto365.com\/fi\/osta-lippuja\/set-for-life\/\" \/>\n<meta property=\"og:locale\" content=\"fi_FI\" \/>\n<meta property=\"og:type\" content=\"article\" \/>\n<meta property=\"og:title\" content=\"Osta lippuja Set for life verkossa Australiasta | Set for life arpajaiset info, miten ostaa lippuja\" \/>\n<meta property=\"og:description\" content=\"Set for Life-arpajaiset voi voittaa Australiasta - osta lippuja netist\u00e4 t\u00e4\u00e4lt\u00e4\" \/>\n<meta property=\"og:url\" content=\"https:\/\/onlinelotto365.com\/fi\/osta-lippuja\/set-for-life\/\" \/>\n<meta property=\"og:site_name\" content=\"OnlineLotto365\" \/>\n<meta property=\"og:image\" content=\"https:\/\/redfoxlotto.com\/image?size=8&amp;lottery=set-for-life-uk\" \/>\n<meta name=\"twitter:card\" content=\"summary_large_image\" \/>\n<meta name=\"twitter:label1\" content=\"Arvioitu lukuaika\" \/>\n\t<meta name=\"twitter:data1\" content=\"3 minuuttia\" \/>\n<script type=\"application\/ld+json\" class=\"yoast-schema-graph\">{\"@context\":\"https:\/\/schema.org\",\"@graph\":[{\"@type\":\"WebPage\",\"@id\":\"https:\/\/onlinelotto365.com\/fi\/osta-lippuja\/set-for-life\/\",\"url\":\"https:\/\/onlinelotto365.com\/fi\/osta-lippuja\/set-for-life\/\",\"name\":\"Osta lippuja Set for life verkossa Australiasta | Set for life arpajaiset info, miten ostaa lippuja\",\"isPartOf\":{\"@id\":\"https:\/\/onlinelotto365.com\/fi\/#website\"},\"primaryImageOfPage\":{\"@id\":\"https:\/\/onlinelotto365.com\/fi\/osta-lippuja\/set-for-life\/#primaryimage\"},\"image\":{\"@id\":\"https:\/\/onlinelotto365.com\/fi\/osta-lippuja\/set-for-life\/#primaryimage\"},\"thumbnailUrl\":\"https:\/\/redfoxlotto.com\/image?size=8&amp;lottery=set-for-life-uk\",\"datePublished\":\"2022-11-17T09:10:09+00:00\",\"dateModified\":\"2022-11-17T09:10:09+00:00\",\"description\":\"Set for Life-arpajaiset voi voittaa Australiasta - osta lippuja netist\u00e4 t\u00e4\u00e4lt\u00e4\",\"breadcrumb\":{\"@id\":\"https:\/\/onlinelotto365.com\/fi\/osta-lippuja\/set-for-life\/#breadcrumb\"},\"inLanguage\":\"fi\",\"potentialAction\":[{\"@type\":\"ReadAction\",\"target\":[\"https:\/\/onlinelotto365.com\/fi\/osta-lippuja\/set-for-life\/\"]}]},{\"@type\":\"ImageObject\",\"inLanguage\":\"fi\",\"@id\":\"https:\/\/onlinelotto365.com\/fi\/osta-lippuja\/set-for-life\/#primaryimage\",\"url\":\"https:\/\/redfoxlotto.com\/image?size=8&amp;lottery=set-for-life-uk\",\"contentUrl\":\"https:\/\/redfoxlotto.com\/image?size=8&amp;lottery=set-for-life-uk\"},{\"@type\":\"BreadcrumbList\",\"@id\":\"https:\/\/onlinelotto365.com\/fi\/osta-lippuja\/set-for-life\/#breadcrumb\",\"itemListElement\":[{\"@type\":\"ListItem\",\"position\":1,\"name\":\"Home\",\"item\":\"https:\/\/onlinelotto365.com\/fi\/\"},{\"@type\":\"ListItem\",\"position\":2,\"name\":\"Osta Lottoarpoja Verkosta\",\"item\":\"https:\/\/onlinelotto365.com\/fi\/osta-lippuja\/\"},{\"@type\":\"ListItem\",\"position\":3,\"name\":\"Miten ostaa Set for life -lippuja verkossa\"}]},{\"@type\":\"WebSite\",\"@id\":\"https:\/\/onlinelotto365.com\/fi\/#website\",\"url\":\"https:\/\/onlinelotto365.com\/fi\/\",\"name\":\"OnlineLotto365\",\"description\":\"\",\"potentialAction\":[{\"@type\":\"SearchAction\",\"target\":{\"@type\":\"EntryPoint\",\"urlTemplate\":\"https:\/\/onlinelotto365.com\/fi\/?s={search_term_string}\"},\"query-input\":{\"@type\":\"PropertyValueSpecification\",\"valueRequired\":true,\"valueName\":\"search_term_string\"}}],\"inLanguage\":\"fi\"}]}<\/script>\n<!-- \/ Yoast SEO plugin. -->","yoast_head_json":{"title":"Osta lippuja Set for life verkossa Australiasta | Set for life arpajaiset info, miten ostaa lippuja","description":"Set for Life-arpajaiset voi voittaa Australiasta - osta lippuja netist\u00e4 t\u00e4\u00e4lt\u00e4","robots":{"index":"index","follow":"follow","max-snippet":"max-snippet:-1","max-image-preview":"max-image-preview:large","max-video-preview":"max-video-preview:-1"},"canonical":"https:\/\/onlinelotto365.com\/fi\/osta-lippuja\/set-for-life\/","og_locale":"fi_FI","og_type":"article","og_title":"Osta lippuja Set for life verkossa Australiasta | Set for life arpajaiset info, miten ostaa lippuja","og_description":"Set for Life-arpajaiset voi voittaa Australiasta - osta lippuja netist\u00e4 t\u00e4\u00e4lt\u00e4","og_url":"https:\/\/onlinelotto365.com\/fi\/osta-lippuja\/set-for-life\/","og_site_name":"OnlineLotto365","og_image":[{"url":"https:\/\/redfoxlotto.com\/image?size=8&amp;lottery=set-for-life-uk"}],"twitter_card":"summary_large_image","twitter_misc":{"Arvioitu lukuaika":"3 minuuttia"},"schema":{"@context":"https:\/\/schema.org","@graph":[{"@type":"WebPage","@id":"https:\/\/onlinelotto365.com\/fi\/osta-lippuja\/set-for-life\/","url":"https:\/\/onlinelotto365.com\/fi\/osta-lippuja\/set-for-life\/","name":"Osta lippuja Set for life verkossa Australiasta | Set for life arpajaiset info, miten ostaa lippuja","isPartOf":{"@id":"https:\/\/onlinelotto365.com\/fi\/#website"},"primaryImageOfPage":{"@id":"https:\/\/onlinelotto365.com\/fi\/osta-lippuja\/set-for-life\/#primaryimage"},"image":{"@id":"https:\/\/onlinelotto365.com\/fi\/osta-lippuja\/set-for-life\/#primaryimage"},"thumbnailUrl":"https:\/\/redfoxlotto.com\/image?size=8&amp;lottery=set-for-life-uk","datePublished":"2022-11-17T09:10:09+00:00","dateModified":"2022-11-17T09:10:09+00:00","description":"Set for Life-arpajaiset voi voittaa Australiasta - osta lippuja netist\u00e4 t\u00e4\u00e4lt\u00e4","breadcrumb":{"@id":"https:\/\/onlinelotto365.com\/fi\/osta-lippuja\/set-for-life\/#breadcrumb"},"inLanguage":"fi","potentialAction":[{"@type":"ReadAction","target":["https:\/\/onlinelotto365.com\/fi\/osta-lippuja\/set-for-life\/"]}]},{"@type":"ImageObject","inLanguage":"fi","@id":"https:\/\/onlinelotto365.com\/fi\/osta-lippuja\/set-for-life\/#primaryimage","url":"https:\/\/redfoxlotto.com\/image?size=8&amp;lottery=set-for-life-uk","contentUrl":"https:\/\/redfoxlotto.com\/image?size=8&amp;lottery=set-for-life-uk"},{"@type":"BreadcrumbList","@id":"https:\/\/onlinelotto365.com\/fi\/osta-lippuja\/set-for-life\/#breadcrumb","itemListElement":[{"@type":"ListItem","position":1,"name":"Home","item":"https:\/\/onlinelotto365.com\/fi\/"},{"@type":"ListItem","position":2,"name":"Osta Lottoarpoja Verkosta","item":"https:\/\/onlinelotto365.com\/fi\/osta-lippuja\/"},{"@type":"ListItem","position":3,"name":"Miten ostaa Set for life -lippuja verkossa"}]},{"@type":"WebSite","@id":"https:\/\/onlinelotto365.com\/fi\/#website","url":"https:\/\/onlinelotto365.com\/fi\/","name":"OnlineLotto365","description":"","potentialAction":[{"@type":"SearchAction","target":{"@type":"EntryPoint","urlTemplate":"https:\/\/onlinelotto365.com\/fi\/?s={search_term_string}"},"query-input":{"@type":"PropertyValueSpecification","valueRequired":true,"valueName":"search_term_string"}}],"inLanguage":"fi"}]}},"_links":{"self":[{"href":"https:\/\/onlinelotto365.com\/fi\/wp-json\/wp\/v2\/pages\/80383","targetHints":{"allow":["GET"]}}],"collection":[{"href":"https:\/\/onlinelotto365.com\/fi\/wp-json\/wp\/v2\/pages"}],"about":[{"href":"https:\/\/onlinelotto365.com\/fi\/wp-json\/wp\/v2\/types\/page"}],"author":[{"embeddable":true,"href":"https:\/\/onlinelotto365.com\/fi\/wp-json\/wp\/v2\/users\/1"}],"replies":[{"embeddable":true,"href":"https:\/\/onlinelotto365.com\/fi\/wp-json\/wp\/v2\/comments?post=80383"}],"version-history":[{"count":0,"href":"https:\/\/onlinelotto365.com\/fi\/wp-json\/wp\/v2\/pages\/80383\/revisions"}],"up":[{"embeddable":true,"href":"https:\/\/onlinelotto365.com\/fi\/wp-json\/wp\/v2\/pages\/5577"}],"wp:attachment":[{"href":"https:\/\/onlinelotto365.com\/fi\/wp-json\/wp\/v2\/media?parent=80383"}],"curies":[{"name":"wp","href":"https:\/\/api.w.org\/{rel}","templated":true}]}}