{"id":80433,"date":"2022-11-18T07:20:23","date_gmt":"2022-11-18T06:20:23","guid":{"rendered":"https:\/\/onlinelotto365.com\/?page_id=80433"},"modified":"2022-11-18T07:20:23","modified_gmt":"2022-11-18T06:20:23","slug":"german-lotto","status":"publish","type":"page","link":"https:\/\/onlinelotto365.com\/fi\/osta-lippuja\/german-lotto\/","title":{"rendered":"Miten ostaa lippuja Saksan lottoon netist\u00e4"},"content":{"rendered":"<p>Etk\u00f6 ole aivan varma, miten ostaa saksalaisia lottokuponkeja netist\u00e4? Sitten olet tullut oikeaan paikkaan, sill\u00e4 me opastamme sinut superhelppoon prosessiin, jonka avulla p\u00e4\u00e4set siit\u00e4, kun haluat liput Suomessa ollessasi, odottamaan arvontaan, jossa n\u00e4et, oletko voittanut jotain suurta.<br \/>\n<a href=\"https:\/\/redfoxlotto.com\/play\/lotto-6aus49\/?ref=a8564250a2&amp;medium=ol365\" target=\"_blank\" rel=\"noopener noreferrer\"><img decoding=\"async\" class=\"aligncenter\" src=\"https:\/\/redfoxlotto.com\/image?size=8&amp;lottery=lotto-6aus49\" alt=\"Saksan Lotto 6aus49\" \/><\/a><\/p>\n<ul>\n<li>Mene sen lottopelin verkkosivulle, jota haluat pelata, ja valitse haluamasi lippujen m\u00e4\u00e4r\u00e4 ja numerot, joita haluat pelata.<\/li>\n<li>Hanki niin monta lippua kuin haluat t\u00e4h\u00e4n peliin ja mihin tahansa muuhun peliin.<\/li>\n<li>Klikkaa painiketta maksaaksesi nyt<\/li>\n<li>Kirjaudu nykyiselle tilillesi maksun suorittamiseksi tai luo uusi tili ja suorita rekister\u00f6inti loppuun.<\/li>\n<li>Niiden, joiden on luotava tili, on my\u00f6s vahvistettava se s\u00e4hk\u00f6postitililt\u00e4\u00e4n.<\/li>\n<li>Varmista, ett\u00e4 katsot saapuneet s\u00e4hk\u00f6postiviestit sek\u00e4 roskapostikansiosi, jotta n\u00e4et, onko s\u00e4hk\u00f6posti l\u00e4hetetty sinne, ja napsauta linkki\u00e4<\/li>\n<li>Kun olet vahvistanut tilisi, mene ostoskoriin ostamaan tuotteesi<\/li>\n<li>K\u00e4y l\u00e4pi maksuprosessi annettujen ohjeiden mukaisesti.<\/li>\n<\/ul>\n<h2>Miten maksat saksalaisen lottokupongin verkossa<\/h2>\n<p>Voit valita useista eri t\u00e4ysin turvallisista maksuvaihtoehdoista, kun on aika maksaa lippusi.<br \/>\nJokainen n\u00e4ist\u00e4 vaihtoehdoista kuuluu johonkin kahdesta eri kategoriasta:<\/p>\n<p>Maksa lippusi antamalla maksutapa ostohetkell\u00e4.<br \/>\nMaksa liput lis\u00e4\u00e4m\u00e4ll\u00e4 rahaa pelitilillesi ja k\u00e4ytt\u00e4m\u00e4ll\u00e4 sit\u00e4 ostoksen tekemiseen.<\/p>\n<p>Varmista, ett\u00e4 jos lis\u00e4\u00e4t rahaa pelitilillesi, lis\u00e4\u00e4t sen verran, ett\u00e4 se kattaa enemm\u00e4n kuin nykyisen maksutapahtuman kustannukset, jotta se hyv\u00e4ksyt\u00e4\u00e4n.<\/p>\n<h2>Lis\u00e4tietoa saksalaisesta lotosta<\/h2>\n<ul>\n<li>Maa: Saksa<\/li>\n<li>T\u00e4rkeimm\u00e4t numerot: 49<\/li>\n<li>Sinun valintasi: 6<\/li>\n<li>Ylim\u00e4\u00e4r\u00e4inen numero valitaan automaattisesti puolestasi<\/li>\n<li>Arvontap\u00e4iv\u00e4t, tunnit: Lauantai, 20:25 CET, 20:25 CET.<\/li>\n<li>V\u00e4himm\u00e4isj\u00e4ttipotti: 1 miljoona euroa<\/li>\n<li>Suurin j\u00e4ttipotti: 12 arvonnan j\u00e4lkeen<\/li>\n<li>Todenn\u00e4k\u00f6isyys voittaa j\u00e4ttipotti: 1 125854344:st\u00e4 125854344:st\u00e4.<\/li>\n<li>Todenn\u00e4k\u00f6isyys voittaa taso 2: 1: 13983816<\/li>\n<li>Todenn\u00e4k\u00f6isyys voittaa mill\u00e4 tahansa tasolla: 1:31<\/li>\n<li>Palkintotasojen m\u00e4\u00e4r\u00e4: 9<\/li>\n<\/ul>\n<h2>Saksan lottokuponkien ostamisen edut verkossa<\/h2>\n<ul>\n<li>Hanki liput mukavasti kotoa k\u00e4sin<\/li>\n<li>Hanki kaikki haluamasi lottopelityypit<\/li>\n<li>Saat paremmat mahdollisuudet parhaisiin j\u00e4ttipotteihin valitsemalla pelit oikein.<\/li>\n<li>Saat helppoja maksuvaihtoehtoja lis\u00e4\u00e4m\u00e4ll\u00e4 rahaa suoraan pelitilillesi ostamista varten<\/li>\n<li>S\u00e4ilyt\u00e4 kaikki lottokupongit helposti.<\/li>\n<li>Saat v\u00e4litt\u00f6m\u00e4n ilmoituksen voitoista<\/li>\n<li>Saat helppoja valintavaihtoehtoja, jotta sinun ei tarvitse valita numeroita itse<\/li>\n<\/ul>\n<h2>Onko Saksan lottokuponkien ostaminen netist\u00e4 laillista?<\/h2>\n<p>Jos olet ollut huolissasi lottokuponkien ostamisesta netist\u00e4, koska olet Suomessa<br \/>\netk\u00e4 tunne s\u00e4\u00e4nt\u00f6j\u00e4, sinun ei tarvitse olla huolissasi. Voimme auttaa sinua ottamaan osan huolista pois, koska varmistamme, ett\u00e4 kaikkia lottomaan s\u00e4\u00e4nt\u00f6j\u00e4 noudatetaan.<br \/>\nT\u00e4m\u00e4 auttaa sinua tuntemaan olosi varmemmaksi ja varmistaa, ett\u00e4 kaikki voittamasi rahat menev\u00e4t takuulla suoraan sinulle.<br \/>\nAinoa s\u00e4\u00e4nt\u00f6 on, ett\u00e4 sinun on oltava v\u00e4hint\u00e4\u00e4n 18-vuotias voidaksesi pelata.<\/p>\n<h2>Miten minulle maksetaan, jos voitan Saksan lottovoiton verkossa?<\/h2>\n<p><img loading=\"lazy\" decoding=\"async\" class=\"alignright wp-image-3633\" src=\"https:\/\/onlinelotto365.com\/wp-content\/uploads\/2020\/11\/online_lottery-41-300x102.jpg\" alt=\"saksalainen lotto verkossa uk\" width=\"376\" height=\"128\" srcset=\"https:\/\/onlinelotto365.com\/wp-content\/uploads\/2020\/11\/online_lottery-41-300x102.jpg 300w, https:\/\/onlinelotto365.com\/wp-content\/uploads\/2020\/11\/online_lottery-41.jpg 593w\" sizes=\"auto, (max-width: 376px) 100vw, 376px\" \/><br \/>\nKun on kyse voittojen saamisesta, tied\u00e4mme jo, ett\u00e4 et halua uhrautua. Haluat saada kaikki rahat, joihin olet oikeutettu, ja me voimme auttaa sinua siin\u00e4. Itse asiassa voimme saada sinut heti alkuun, koska emme ota palkkiota voitoistasi.<\/p>\n<p>Emme my\u00f6sk\u00e4\u00e4n veloita sinulta mit\u00e4\u00e4n maksuja. Aivan oikein, ellet halua, ett\u00e4 rahasi siirret\u00e4\u00e4n pankkiisi, emme veloita sinulta mit\u00e4\u00e4n maksua mist\u00e4\u00e4n, mit\u00e4 teemme. Jos valitset tilisiirron, veloitamme maksun, koska pankkisi veloittaa maksun.<\/p>\n<p><strong>Mit\u00e4 tapahtuu, kun voitat:<\/strong><\/p>\n<ul>\n<li>Jos voitat alle 2500 euroa, sinun ei tarvitse tehd\u00e4 mit\u00e4\u00e4n. Me huolehdimme kaikesta laittamalla rahat tilillesi.<\/li>\n<li>Jos voitat yli 2500 euroa, saat tukitiimilt\u00e4mme korvausvaatimuslomakkeen. Lomakkeessa voit p\u00e4\u00e4tt\u00e4\u00e4, haluatko saada maksun shekill\u00e4 vai pankkisiirrolla. Sen j\u00e4lkeen voit vain istua alas ja odottaa, ett\u00e4 rahat tulevat sinulle muutaman p\u00e4iv\u00e4n kuluessa.<\/li>\n<\/ul>\n","protected":false},"excerpt":{"rendered":"<p>Etk\u00f6 ole aivan varma, miten ostaa saksalaisia lottokuponkeja netist\u00e4? Sitten olet tullut oikeaan paikkaan, sill\u00e4 me opastamme sinut superhelppoon prosessiin, jonka avulla p\u00e4\u00e4set siit\u00e4, kun haluat liput Suomessa ollessasi, odottamaan arvontaan, jossa n\u00e4et, oletko voittanut jotain suurta. Mene sen lottopelin verkkosivulle, jota haluat pelata, ja valitse haluamasi lippujen m\u00e4\u00e4r\u00e4 ja numerot, joita haluat pelata. Hanki [&hellip;]<\/p>\n","protected":false},"author":1,"featured_media":0,"parent":5577,"menu_order":11,"comment_status":"closed","ping_status":"closed","template":"lotto-german-info.php","meta":{"_et_pb_use_builder":"","_et_pb_old_content":"","_et_gb_content_width":"","exclude_from_search":false,"footnotes":""},"class_list":["post-80433","page","type-page","status-publish","hentry"],"yoast_head":"<!-- This site is optimized with the Yoast SEO plugin v23.4 - https:\/\/yoast.com\/wordpress\/plugins\/seo\/ -->\n<title>Osta nyt Saksan Lotto lippuja netist\u00e4 Suomesta<\/title>\n<meta name=\"description\" content=\"Jos asut Suomessa, voit edelleen ostaa Saksan lottokuponkeja netist\u00e4.\" \/>\n<meta name=\"robots\" content=\"index, follow, max-snippet:-1, max-image-preview:large, max-video-preview:-1\" \/>\n<link rel=\"canonical\" href=\"https:\/\/onlinelotto365.com\/fi\/osta-lippuja\/german-lotto\/\" \/>\n<meta property=\"og:locale\" content=\"fi_FI\" \/>\n<meta property=\"og:type\" content=\"article\" \/>\n<meta property=\"og:title\" content=\"Osta nyt Saksan Lotto lippuja netist\u00e4 Suomesta\" \/>\n<meta property=\"og:description\" content=\"Jos asut Suomessa, voit edelleen ostaa Saksan lottokuponkeja netist\u00e4.\" \/>\n<meta property=\"og:url\" content=\"https:\/\/onlinelotto365.com\/fi\/osta-lippuja\/german-lotto\/\" \/>\n<meta property=\"og:site_name\" content=\"OnlineLotto365\" \/>\n<meta property=\"og:image\" content=\"https:\/\/redfoxlotto.com\/image?size=8&amp;lottery=lotto-6aus49\" \/>\n<meta name=\"twitter:card\" content=\"summary_large_image\" \/>\n<meta name=\"twitter:label1\" content=\"Arvioitu lukuaika\" \/>\n\t<meta name=\"twitter:data1\" content=\"3 minuuttia\" \/>\n<script type=\"application\/ld+json\" class=\"yoast-schema-graph\">{\"@context\":\"https:\/\/schema.org\",\"@graph\":[{\"@type\":\"WebPage\",\"@id\":\"https:\/\/onlinelotto365.com\/fi\/osta-lippuja\/german-lotto\/\",\"url\":\"https:\/\/onlinelotto365.com\/fi\/osta-lippuja\/german-lotto\/\",\"name\":\"Osta nyt Saksan Lotto lippuja netist\u00e4 Suomesta\",\"isPartOf\":{\"@id\":\"https:\/\/onlinelotto365.com\/fi\/#website\"},\"primaryImageOfPage\":{\"@id\":\"https:\/\/onlinelotto365.com\/fi\/osta-lippuja\/german-lotto\/#primaryimage\"},\"image\":{\"@id\":\"https:\/\/onlinelotto365.com\/fi\/osta-lippuja\/german-lotto\/#primaryimage\"},\"thumbnailUrl\":\"https:\/\/redfoxlotto.com\/image?size=8&amp;lottery=lotto-6aus49\",\"datePublished\":\"2022-11-18T06:20:23+00:00\",\"dateModified\":\"2022-11-18T06:20:23+00:00\",\"description\":\"Jos asut Suomessa, voit edelleen ostaa Saksan lottokuponkeja netist\u00e4.\",\"breadcrumb\":{\"@id\":\"https:\/\/onlinelotto365.com\/fi\/osta-lippuja\/german-lotto\/#breadcrumb\"},\"inLanguage\":\"fi\",\"potentialAction\":[{\"@type\":\"ReadAction\",\"target\":[\"https:\/\/onlinelotto365.com\/fi\/osta-lippuja\/german-lotto\/\"]}]},{\"@type\":\"ImageObject\",\"inLanguage\":\"fi\",\"@id\":\"https:\/\/onlinelotto365.com\/fi\/osta-lippuja\/german-lotto\/#primaryimage\",\"url\":\"https:\/\/redfoxlotto.com\/image?size=8&amp;lottery=lotto-6aus49\",\"contentUrl\":\"https:\/\/redfoxlotto.com\/image?size=8&amp;lottery=lotto-6aus49\"},{\"@type\":\"BreadcrumbList\",\"@id\":\"https:\/\/onlinelotto365.com\/fi\/osta-lippuja\/german-lotto\/#breadcrumb\",\"itemListElement\":[{\"@type\":\"ListItem\",\"position\":1,\"name\":\"Home\",\"item\":\"https:\/\/onlinelotto365.com\/fi\/\"},{\"@type\":\"ListItem\",\"position\":2,\"name\":\"Osta Lottoarpoja Verkosta\",\"item\":\"https:\/\/onlinelotto365.com\/fi\/osta-lippuja\/\"},{\"@type\":\"ListItem\",\"position\":3,\"name\":\"Miten ostaa lippuja Saksan lottoon netist\u00e4\"}]},{\"@type\":\"WebSite\",\"@id\":\"https:\/\/onlinelotto365.com\/fi\/#website\",\"url\":\"https:\/\/onlinelotto365.com\/fi\/\",\"name\":\"OnlineLotto365\",\"description\":\"\",\"potentialAction\":[{\"@type\":\"SearchAction\",\"target\":{\"@type\":\"EntryPoint\",\"urlTemplate\":\"https:\/\/onlinelotto365.com\/fi\/?s={search_term_string}\"},\"query-input\":{\"@type\":\"PropertyValueSpecification\",\"valueRequired\":true,\"valueName\":\"search_term_string\"}}],\"inLanguage\":\"fi\"}]}<\/script>\n<!-- \/ Yoast SEO plugin. -->","yoast_head_json":{"title":"Osta nyt Saksan Lotto lippuja netist\u00e4 Suomesta","description":"Jos asut Suomessa, voit edelleen ostaa Saksan lottokuponkeja netist\u00e4.","robots":{"index":"index","follow":"follow","max-snippet":"max-snippet:-1","max-image-preview":"max-image-preview:large","max-video-preview":"max-video-preview:-1"},"canonical":"https:\/\/onlinelotto365.com\/fi\/osta-lippuja\/german-lotto\/","og_locale":"fi_FI","og_type":"article","og_title":"Osta nyt Saksan Lotto lippuja netist\u00e4 Suomesta","og_description":"Jos asut Suomessa, voit edelleen ostaa Saksan lottokuponkeja netist\u00e4.","og_url":"https:\/\/onlinelotto365.com\/fi\/osta-lippuja\/german-lotto\/","og_site_name":"OnlineLotto365","og_image":[{"url":"https:\/\/redfoxlotto.com\/image?size=8&amp;lottery=lotto-6aus49"}],"twitter_card":"summary_large_image","twitter_misc":{"Arvioitu lukuaika":"3 minuuttia"},"schema":{"@context":"https:\/\/schema.org","@graph":[{"@type":"WebPage","@id":"https:\/\/onlinelotto365.com\/fi\/osta-lippuja\/german-lotto\/","url":"https:\/\/onlinelotto365.com\/fi\/osta-lippuja\/german-lotto\/","name":"Osta nyt Saksan Lotto lippuja netist\u00e4 Suomesta","isPartOf":{"@id":"https:\/\/onlinelotto365.com\/fi\/#website"},"primaryImageOfPage":{"@id":"https:\/\/onlinelotto365.com\/fi\/osta-lippuja\/german-lotto\/#primaryimage"},"image":{"@id":"https:\/\/onlinelotto365.com\/fi\/osta-lippuja\/german-lotto\/#primaryimage"},"thumbnailUrl":"https:\/\/redfoxlotto.com\/image?size=8&amp;lottery=lotto-6aus49","datePublished":"2022-11-18T06:20:23+00:00","dateModified":"2022-11-18T06:20:23+00:00","description":"Jos asut Suomessa, voit edelleen ostaa Saksan lottokuponkeja netist\u00e4.","breadcrumb":{"@id":"https:\/\/onlinelotto365.com\/fi\/osta-lippuja\/german-lotto\/#breadcrumb"},"inLanguage":"fi","potentialAction":[{"@type":"ReadAction","target":["https:\/\/onlinelotto365.com\/fi\/osta-lippuja\/german-lotto\/"]}]},{"@type":"ImageObject","inLanguage":"fi","@id":"https:\/\/onlinelotto365.com\/fi\/osta-lippuja\/german-lotto\/#primaryimage","url":"https:\/\/redfoxlotto.com\/image?size=8&amp;lottery=lotto-6aus49","contentUrl":"https:\/\/redfoxlotto.com\/image?size=8&amp;lottery=lotto-6aus49"},{"@type":"BreadcrumbList","@id":"https:\/\/onlinelotto365.com\/fi\/osta-lippuja\/german-lotto\/#breadcrumb","itemListElement":[{"@type":"ListItem","position":1,"name":"Home","item":"https:\/\/onlinelotto365.com\/fi\/"},{"@type":"ListItem","position":2,"name":"Osta Lottoarpoja Verkosta","item":"https:\/\/onlinelotto365.com\/fi\/osta-lippuja\/"},{"@type":"ListItem","position":3,"name":"Miten ostaa lippuja Saksan lottoon netist\u00e4"}]},{"@type":"WebSite","@id":"https:\/\/onlinelotto365.com\/fi\/#website","url":"https:\/\/onlinelotto365.com\/fi\/","name":"OnlineLotto365","description":"","potentialAction":[{"@type":"SearchAction","target":{"@type":"EntryPoint","urlTemplate":"https:\/\/onlinelotto365.com\/fi\/?s={search_term_string}"},"query-input":{"@type":"PropertyValueSpecification","valueRequired":true,"valueName":"search_term_string"}}],"inLanguage":"fi"}]}},"_links":{"self":[{"href":"https:\/\/onlinelotto365.com\/fi\/wp-json\/wp\/v2\/pages\/80433","targetHints":{"allow":["GET"]}}],"collection":[{"href":"https:\/\/onlinelotto365.com\/fi\/wp-json\/wp\/v2\/pages"}],"about":[{"href":"https:\/\/onlinelotto365.com\/fi\/wp-json\/wp\/v2\/types\/page"}],"author":[{"embeddable":true,"href":"https:\/\/onlinelotto365.com\/fi\/wp-json\/wp\/v2\/users\/1"}],"replies":[{"embeddable":true,"href":"https:\/\/onlinelotto365.com\/fi\/wp-json\/wp\/v2\/comments?post=80433"}],"version-history":[{"count":0,"href":"https:\/\/onlinelotto365.com\/fi\/wp-json\/wp\/v2\/pages\/80433\/revisions"}],"up":[{"embeddable":true,"href":"https:\/\/onlinelotto365.com\/fi\/wp-json\/wp\/v2\/pages\/5577"}],"wp:attachment":[{"href":"https:\/\/onlinelotto365.com\/fi\/wp-json\/wp\/v2\/media?parent=80433"}],"curies":[{"name":"wp","href":"https:\/\/api.w.org\/{rel}","templated":true}]}}