{"id":80467,"date":"2022-11-18T10:40:26","date_gmt":"2022-11-18T09:40:26","guid":{"rendered":"https:\/\/onlinelotto365.com\/?page_id=80467"},"modified":"2022-11-18T10:40:26","modified_gmt":"2022-11-18T09:40:26","slug":"mega-sena","status":"publish","type":"page","link":"https:\/\/onlinelotto365.com\/fi\/osta-lippuja\/mega-sena\/","title":{"rendered":"Miten ostaa Mega-Sena Brazil lippuja verkossa"},"content":{"rendered":"<p>Haluatko tiet\u00e4\u00e4, miten voit hankkia tarvitsemasi liput Mega-Senaan, vaikka asut Suomessa tai jossakin muussa maassa Brasilian ulkopuolella? Sitten sinun kannattaa lukea hieman pidemm\u00e4lle, sill\u00e4 me voimme auttaa sinua koko prosessissa ja varmistaa, ett\u00e4 olet hyv\u00e4ss\u00e4 vauhdissa saadaksesi haluamasi liput kaikkiin peleihin, joita haluat pelata.<br \/>\n<a href=\"https:\/\/redfoxlotto.com\/play\/mega-sena\/?ref=a8564250a2&amp;medium=ol365\" target=\"_blank\" rel=\"noopener noreferrer\"><img decoding=\"async\" class=\"aligncenter\" src=\"https:\/\/redfoxlotto.com\/image?size=8&amp;lottery=mega-sena\" alt=\"mega-sena\" \/><\/a><\/p>\n<ul>\n<li>Aloittaaksesi sinun tarvitsee vain valita peli, jota haluat pelata, ja valita haluamasi lippunumerot kyseiseen peliin.<\/li>\n<li>Lis\u00e4\u00e4 niin monta lippua kuin haluat t\u00e4h\u00e4n peliin tai mihin tahansa muuhun peliin, jota haluat pelata.<\/li>\n<li>Aloita kassaprosessi napsauttamalla painiketta.<\/li>\n<li>Kirjaudu nykyiselle tilillesi tai luo uusi tili ostaaksesi liput.<\/li>\n<li>Jos sinun on luotava uusi tili, sinun on k\u00e4yt\u00e4v\u00e4 l\u00e4pi rekister\u00f6intiprosessi. Vahvistuslinkki l\u00e4hetet\u00e4\u00e4n s\u00e4hk\u00f6postiisi.<\/li>\n<li>Jos s\u00e4hk\u00f6postiviesti ei n\u00e4y postilaatikossasi, tarkista roskapostikansio varmistaaksesi, ett\u00e4 se on vastaanotettu.<\/li>\n<li>Kun olet vahvistanut tilisi, siirry verkkosivuston ostoskoriin.<\/li>\n<li>Seuraa ohjeita maksaaksesi lippusi valitsemallasi maksutavalla.<\/li>\n<\/ul>\n<h2>Miten maksat Mega-Sena-lippusi verkossa?<\/h2>\n<p>Lippujen turvallinen maksaminen on sinulle t\u00e4rke\u00e4\u00e4, ja me teemme siit\u00e4 mahdollisimman helppoa tarjoamalla sinulle runsaasti erilaisia suoria maksuvaihtoehtoja sek\u00e4 toissijaisen vaihtoehdon lippujen ostamiseen. Sinun on vain aloitettava jommastakummasta alla olevasta vaihtoehdosta.<\/p>\n<p>Maksa suoraan suosikkimaksutavallasi<br \/>\nLis\u00e4\u00e4 rahaa pelitilillesi, jotta voit ostaa liput suoraan tililt\u00e4si.<\/p>\n<p>Varmista, ett\u00e4 lis\u00e4\u00e4t hieman ylim\u00e4\u00e4r\u00e4ist\u00e4 pelitilillesi, jos aiot valita t\u00e4m\u00e4n menetelm\u00e4n. N\u00e4in tilisi saldo riitt\u00e4\u00e4 ostoksen maksamiseen.<\/p>\n<h2>Lis\u00e4tietoja Mega-Sena-pelist\u00e4<\/h2>\n<ul>\n<li>Maa: Brasilia<\/li>\n<li>T\u00e4rkeimm\u00e4t numerot alue: 60<\/li>\n<li>Sin\u00e4 valitset: 6<\/li>\n<li>Arvontap\u00e4iv\u00e4t, tunnit: Keskiviikko, lauantai, 20:00 GMT -3, 24:00 CET<\/li>\n<li>Pienin j\u00e4ttipotti: R$ 2 miljoonaa<\/li>\n<li>Suurin j\u00e4ttipotti: ei mit\u00e4\u00e4n<\/li>\n<li>Todenn\u00e4k\u00f6isyys voittaa j\u00e4ttipotti: 1 50063860:st\u00e4 50063860:een<\/li>\n<li>Todenn\u00e4k\u00f6isyys tason 2 voittoon: 1: 15451809<\/li>\n<li>Todenn\u00e4k\u00f6isyys voittaa mill\u00e4 tahansa tasolla: 1:2297,56.<\/li>\n<li>Palkintotasojen lukum\u00e4\u00e4r\u00e4: 1: 3<\/li>\n<\/ul>\n<h2>Mega-Sena-lippujen ostamisen edut verkossa<\/h2>\n<ul>\n<li>Ei tarvitse matkustaa &#8211; osta liput vain kotoa k\u00e4sin.<\/li>\n<li>Voit valita eri lottopeleist\u00e4<\/li>\n<li>Saat parhaat mahdollisuudet voittaa pelej\u00e4, joissa on suuret j\u00e4ttipotit.<\/li>\n<li>Laita rahaa suoraan tilillesi ostoksiin k\u00e4ytett\u00e4v\u00e4ksi<\/li>\n<li>Pid\u00e4 lippusi helposti hallinnassa<\/li>\n<li>Vastaanota ilmoituksia aina kun voitat lipuillasi<\/li>\n<li>K\u00e4yt\u00e4 pikavalintavaihtoehtoa saadaksesi lippuja ilman numeroiden valitsemista<\/li>\n<\/ul>\n<h2>Onko Mega-Sena-lippujen ostaminen netist\u00e4 laillista?<\/h2>\n<p>Monet ihmiset ovat huolissaan siit\u00e4, voivatko he ostaa Mega-Sena-lottokuponkeja netist\u00e4, koska Suomi on heid\u00e4n asuinmaansa. Tai ehk\u00e4 he asuvat jossakin muussa maassa, mutta eiv\u00e4t Brasiliassa. Me autamme sinua hoitamaan osan huolenaiheista varmistamalla, ett\u00e4 kaikki tekem\u00e4mme perustuu lottoa j\u00e4rjest\u00e4v\u00e4n maan m\u00e4\u00e4r\u00e4yksiin. N\u00e4in sinun on helpompi ostaa lippusi ja tuntea olosi mukavaksi prosessin aikana. Lis\u00e4ksi saat taatusti kaikki voittamasi rahat, my\u00f6s j\u00e4ttipotin.<\/p>\n<h2>Miten minulle maksetaan, jos voitan Mega-Sena-arvonnan verkossa?<\/h2>\n<p><img loading=\"lazy\" decoding=\"async\" class=\"alignright wp-image-3660\" src=\"https:\/\/onlinelotto365.com\/wp-content\/uploads\/2020\/11\/online_lottery-133-300x212.jpg\" alt=\"mega-sena verkossa Suomi\" width=\"177\" height=\"125\" srcset=\"https:\/\/onlinelotto365.com\/wp-content\/uploads\/2020\/11\/online_lottery-133-300x212.jpg 300w, https:\/\/onlinelotto365.com\/wp-content\/uploads\/2020\/11\/online_lottery-133.jpg 320w\" sizes=\"auto, (max-width: 177px) 100vw, 177px\" \/><br \/>\nKun on kyse maksujen suorittamisesta voittajille, teemme sen parhaalla mahdollisella tavalla, antamalla sinulle jokaisen sentin. Sinun ei tarvitse maksaa meille palkkiota mist\u00e4\u00e4n voittamastasi summasta, olipa se sitten pieni palkinto tai jopa j\u00e4ttipotti. Sinun ei my\u00f6sk\u00e4\u00e4n tarvitse maksaa meille mit\u00e4\u00e4n maksuja, ellet valitse pankkisiirtoa.<br \/>\nKaikilla muilla maksutavoilla saat kaikki voittamasi rahat. Pankkisiirroissa saamme joskus pankilta maksun, ja t\u00e4m\u00e4 maksu otetaan pois voitoistasi siirtoprosessin aikana.<\/p>\n<p><strong>Kun voitat, sinun on kuitenkin hyv\u00e4 tiet\u00e4\u00e4, mik\u00e4 prosessi tapahtuu, jotta saat rahasi:<\/strong><\/p>\n<ul>\n<li>Kaikki alle 2500 euron voittajat saavat rahat suoraan tililleen ilman, ett\u00e4 heid\u00e4n tarvitsee tehd\u00e4 mit\u00e4\u00e4n.<\/li>\n<li>Ket\u00e4 tahansa, joka voittaa yli 2500 euroa, tukitiimimme pyyt\u00e4\u00e4 kuitenkin t\u00e4ytt\u00e4m\u00e4\u00e4n lunastuslomakkeen. N\u00e4in voit saada rahasi kahdella eri tavalla. Voit valita joko shekin koko summasta tai tehd\u00e4 pankkisiirron. Kummallakin tavalla saat rahasi siirretty\u00e4 mihin tahansa maahan, my\u00f6s Suomeen, muutaman p\u00e4iv\u00e4n kuluessa.<\/li>\n<\/ul>\n","protected":false},"excerpt":{"rendered":"<p>Haluatko tiet\u00e4\u00e4, miten voit hankkia tarvitsemasi liput Mega-Senaan, vaikka asut Suomessa tai jossakin muussa maassa Brasilian ulkopuolella? Sitten sinun kannattaa lukea hieman pidemm\u00e4lle, sill\u00e4 me voimme auttaa sinua koko prosessissa ja varmistaa, ett\u00e4 olet hyv\u00e4ss\u00e4 vauhdissa saadaksesi haluamasi liput kaikkiin peleihin, joita haluat pelata. Aloittaaksesi sinun tarvitsee vain valita peli, jota haluat pelata, ja valita [&hellip;]<\/p>\n","protected":false},"author":1,"featured_media":0,"parent":5577,"menu_order":12,"comment_status":"closed","ping_status":"closed","template":"megasena-info.php","meta":{"_et_pb_use_builder":"","_et_pb_old_content":"","_et_gb_content_width":"","exclude_from_search":false,"footnotes":""},"class_list":["post-80467","page","type-page","status-publish","hentry"],"yoast_head":"<!-- This site is optimized with the Yoast SEO plugin v23.4 - https:\/\/yoast.com\/wordpress\/plugins\/seo\/ -->\n<title>Osta Mega-Sena lippuja netist\u00e4 Suomesta | Tietoa Mega-Sena ja miten saada lippuja?<\/title>\n<meta name=\"description\" content=\"T\u00e4m\u00e4 on mahtava arvonta Brasiliasta - ja nyt voit ostaa lippuja netist\u00e4\" \/>\n<meta name=\"robots\" content=\"index, follow, max-snippet:-1, max-image-preview:large, max-video-preview:-1\" \/>\n<link rel=\"canonical\" href=\"https:\/\/onlinelotto365.com\/fi\/osta-lippuja\/mega-sena\/\" \/>\n<meta property=\"og:locale\" content=\"fi_FI\" \/>\n<meta property=\"og:type\" content=\"article\" \/>\n<meta property=\"og:title\" content=\"Osta Mega-Sena lippuja netist\u00e4 Suomesta | Tietoa Mega-Sena ja miten saada lippuja?\" \/>\n<meta property=\"og:description\" content=\"T\u00e4m\u00e4 on mahtava arvonta Brasiliasta - ja nyt voit ostaa lippuja netist\u00e4\" \/>\n<meta property=\"og:url\" content=\"https:\/\/onlinelotto365.com\/fi\/osta-lippuja\/mega-sena\/\" \/>\n<meta property=\"og:site_name\" content=\"OnlineLotto365\" \/>\n<meta property=\"og:image\" content=\"https:\/\/redfoxlotto.com\/image?size=8&amp;lottery=mega-sena\" \/>\n<meta name=\"twitter:card\" content=\"summary_large_image\" \/>\n<meta name=\"twitter:label1\" content=\"Arvioitu lukuaika\" \/>\n\t<meta name=\"twitter:data1\" content=\"3 minuuttia\" \/>\n<script type=\"application\/ld+json\" class=\"yoast-schema-graph\">{\"@context\":\"https:\/\/schema.org\",\"@graph\":[{\"@type\":\"WebPage\",\"@id\":\"https:\/\/onlinelotto365.com\/fi\/osta-lippuja\/mega-sena\/\",\"url\":\"https:\/\/onlinelotto365.com\/fi\/osta-lippuja\/mega-sena\/\",\"name\":\"Osta Mega-Sena lippuja netist\u00e4 Suomesta | Tietoa Mega-Sena ja miten saada lippuja?\",\"isPartOf\":{\"@id\":\"https:\/\/onlinelotto365.com\/fi\/#website\"},\"primaryImageOfPage\":{\"@id\":\"https:\/\/onlinelotto365.com\/fi\/osta-lippuja\/mega-sena\/#primaryimage\"},\"image\":{\"@id\":\"https:\/\/onlinelotto365.com\/fi\/osta-lippuja\/mega-sena\/#primaryimage\"},\"thumbnailUrl\":\"https:\/\/redfoxlotto.com\/image?size=8&amp;lottery=mega-sena\",\"datePublished\":\"2022-11-18T09:40:26+00:00\",\"dateModified\":\"2022-11-18T09:40:26+00:00\",\"description\":\"T\u00e4m\u00e4 on mahtava arvonta Brasiliasta - ja nyt voit ostaa lippuja netist\u00e4\",\"breadcrumb\":{\"@id\":\"https:\/\/onlinelotto365.com\/fi\/osta-lippuja\/mega-sena\/#breadcrumb\"},\"inLanguage\":\"fi\",\"potentialAction\":[{\"@type\":\"ReadAction\",\"target\":[\"https:\/\/onlinelotto365.com\/fi\/osta-lippuja\/mega-sena\/\"]}]},{\"@type\":\"ImageObject\",\"inLanguage\":\"fi\",\"@id\":\"https:\/\/onlinelotto365.com\/fi\/osta-lippuja\/mega-sena\/#primaryimage\",\"url\":\"https:\/\/redfoxlotto.com\/image?size=8&amp;lottery=mega-sena\",\"contentUrl\":\"https:\/\/redfoxlotto.com\/image?size=8&amp;lottery=mega-sena\"},{\"@type\":\"BreadcrumbList\",\"@id\":\"https:\/\/onlinelotto365.com\/fi\/osta-lippuja\/mega-sena\/#breadcrumb\",\"itemListElement\":[{\"@type\":\"ListItem\",\"position\":1,\"name\":\"Home\",\"item\":\"https:\/\/onlinelotto365.com\/fi\/\"},{\"@type\":\"ListItem\",\"position\":2,\"name\":\"Osta Lottoarpoja Verkosta\",\"item\":\"https:\/\/onlinelotto365.com\/fi\/osta-lippuja\/\"},{\"@type\":\"ListItem\",\"position\":3,\"name\":\"Miten ostaa Mega-Sena Brazil lippuja verkossa\"}]},{\"@type\":\"WebSite\",\"@id\":\"https:\/\/onlinelotto365.com\/fi\/#website\",\"url\":\"https:\/\/onlinelotto365.com\/fi\/\",\"name\":\"OnlineLotto365\",\"description\":\"\",\"potentialAction\":[{\"@type\":\"SearchAction\",\"target\":{\"@type\":\"EntryPoint\",\"urlTemplate\":\"https:\/\/onlinelotto365.com\/fi\/?s={search_term_string}\"},\"query-input\":{\"@type\":\"PropertyValueSpecification\",\"valueRequired\":true,\"valueName\":\"search_term_string\"}}],\"inLanguage\":\"fi\"}]}<\/script>\n<!-- \/ Yoast SEO plugin. -->","yoast_head_json":{"title":"Osta Mega-Sena lippuja netist\u00e4 Suomesta | Tietoa Mega-Sena ja miten saada lippuja?","description":"T\u00e4m\u00e4 on mahtava arvonta Brasiliasta - ja nyt voit ostaa lippuja netist\u00e4","robots":{"index":"index","follow":"follow","max-snippet":"max-snippet:-1","max-image-preview":"max-image-preview:large","max-video-preview":"max-video-preview:-1"},"canonical":"https:\/\/onlinelotto365.com\/fi\/osta-lippuja\/mega-sena\/","og_locale":"fi_FI","og_type":"article","og_title":"Osta Mega-Sena lippuja netist\u00e4 Suomesta | Tietoa Mega-Sena ja miten saada lippuja?","og_description":"T\u00e4m\u00e4 on mahtava arvonta Brasiliasta - ja nyt voit ostaa lippuja netist\u00e4","og_url":"https:\/\/onlinelotto365.com\/fi\/osta-lippuja\/mega-sena\/","og_site_name":"OnlineLotto365","og_image":[{"url":"https:\/\/redfoxlotto.com\/image?size=8&amp;lottery=mega-sena"}],"twitter_card":"summary_large_image","twitter_misc":{"Arvioitu lukuaika":"3 minuuttia"},"schema":{"@context":"https:\/\/schema.org","@graph":[{"@type":"WebPage","@id":"https:\/\/onlinelotto365.com\/fi\/osta-lippuja\/mega-sena\/","url":"https:\/\/onlinelotto365.com\/fi\/osta-lippuja\/mega-sena\/","name":"Osta Mega-Sena lippuja netist\u00e4 Suomesta | Tietoa Mega-Sena ja miten saada lippuja?","isPartOf":{"@id":"https:\/\/onlinelotto365.com\/fi\/#website"},"primaryImageOfPage":{"@id":"https:\/\/onlinelotto365.com\/fi\/osta-lippuja\/mega-sena\/#primaryimage"},"image":{"@id":"https:\/\/onlinelotto365.com\/fi\/osta-lippuja\/mega-sena\/#primaryimage"},"thumbnailUrl":"https:\/\/redfoxlotto.com\/image?size=8&amp;lottery=mega-sena","datePublished":"2022-11-18T09:40:26+00:00","dateModified":"2022-11-18T09:40:26+00:00","description":"T\u00e4m\u00e4 on mahtava arvonta Brasiliasta - ja nyt voit ostaa lippuja netist\u00e4","breadcrumb":{"@id":"https:\/\/onlinelotto365.com\/fi\/osta-lippuja\/mega-sena\/#breadcrumb"},"inLanguage":"fi","potentialAction":[{"@type":"ReadAction","target":["https:\/\/onlinelotto365.com\/fi\/osta-lippuja\/mega-sena\/"]}]},{"@type":"ImageObject","inLanguage":"fi","@id":"https:\/\/onlinelotto365.com\/fi\/osta-lippuja\/mega-sena\/#primaryimage","url":"https:\/\/redfoxlotto.com\/image?size=8&amp;lottery=mega-sena","contentUrl":"https:\/\/redfoxlotto.com\/image?size=8&amp;lottery=mega-sena"},{"@type":"BreadcrumbList","@id":"https:\/\/onlinelotto365.com\/fi\/osta-lippuja\/mega-sena\/#breadcrumb","itemListElement":[{"@type":"ListItem","position":1,"name":"Home","item":"https:\/\/onlinelotto365.com\/fi\/"},{"@type":"ListItem","position":2,"name":"Osta Lottoarpoja Verkosta","item":"https:\/\/onlinelotto365.com\/fi\/osta-lippuja\/"},{"@type":"ListItem","position":3,"name":"Miten ostaa Mega-Sena Brazil lippuja verkossa"}]},{"@type":"WebSite","@id":"https:\/\/onlinelotto365.com\/fi\/#website","url":"https:\/\/onlinelotto365.com\/fi\/","name":"OnlineLotto365","description":"","potentialAction":[{"@type":"SearchAction","target":{"@type":"EntryPoint","urlTemplate":"https:\/\/onlinelotto365.com\/fi\/?s={search_term_string}"},"query-input":{"@type":"PropertyValueSpecification","valueRequired":true,"valueName":"search_term_string"}}],"inLanguage":"fi"}]}},"_links":{"self":[{"href":"https:\/\/onlinelotto365.com\/fi\/wp-json\/wp\/v2\/pages\/80467","targetHints":{"allow":["GET"]}}],"collection":[{"href":"https:\/\/onlinelotto365.com\/fi\/wp-json\/wp\/v2\/pages"}],"about":[{"href":"https:\/\/onlinelotto365.com\/fi\/wp-json\/wp\/v2\/types\/page"}],"author":[{"embeddable":true,"href":"https:\/\/onlinelotto365.com\/fi\/wp-json\/wp\/v2\/users\/1"}],"replies":[{"embeddable":true,"href":"https:\/\/onlinelotto365.com\/fi\/wp-json\/wp\/v2\/comments?post=80467"}],"version-history":[{"count":0,"href":"https:\/\/onlinelotto365.com\/fi\/wp-json\/wp\/v2\/pages\/80467\/revisions"}],"up":[{"embeddable":true,"href":"https:\/\/onlinelotto365.com\/fi\/wp-json\/wp\/v2\/pages\/5577"}],"wp:attachment":[{"href":"https:\/\/onlinelotto365.com\/fi\/wp-json\/wp\/v2\/media?parent=80467"}],"curies":[{"name":"wp","href":"https:\/\/api.w.org\/{rel}","templated":true}]}}